{"id":2640,"date":"2019-12-04T13:43:15","date_gmt":"2019-12-04T13:43:15","guid":{"rendered":"https:\/\/www.ekoenergy.org\/why-buy\/"},"modified":"2021-09-29T12:01:32","modified_gmt":"2021-09-29T09:01:32","slug":"why-buy","status":"publish","type":"page","link":"https:\/\/www.ekoenergy.org\/ca\/why-buy\/","title":{"rendered":"Per qu\u00e8 comprar EKOenergia?"},"content":{"rendered":"\n<h1 class=\"wp-block-heading\">Per qu\u00e8 comprar EKOenergia?<\/h1>\n\n\n\n<figure class=\"wp-block-embed aligncenter is-type-video is-provider-youtube wp-block-embed-youtube wp-embed-aspect-16-9 wp-has-aspect-ratio\"><div class=\"wp-block-embed__wrapper\">\n<iframe title=\"EKOenergy: the renewable energy ecolabel\" width=\"500\" height=\"281\" src=\"https:\/\/www.youtube.com\/embed\/h0_1__2Qg1M?feature=oembed\" frameborder=\"0\" allow=\"accelerometer; autoplay; clipboard-write; encrypted-media; gyroscope; picture-in-picture; web-share\" referrerpolicy=\"strict-origin-when-cross-origin\" allowfullscreen><\/iframe>\n<\/div><\/figure>\n\n\n\n<h2 class=\"wp-block-heading\">Per qu\u00e8 comprar energia etiquetada amb EKOenergia?<\/h2>\n\n\n\n<p>Hi ha moltes raons per les quals comprar EKOenergia. A continuaci\u00f3 en mencionem algunes.<\/p>\n\n\n\n<div class=\"wp-block-media-text alignwide is-stacked-on-mobile\" style=\"grid-template-columns:24% auto\"><figure class=\"wp-block-media-text__media\"><a href=\"https:\/\/www.ekoenergy.org\/wp-content\/uploads\/One-tool-to-cover-five-dimensions-of-leadership-EKOenergy-publication-2021-English.pdf\"><img fetchpriority=\"high\" decoding=\"async\" width=\"730\" height=\"1024\" src=\"https:\/\/www.ekoenergy.org\/wp-content\/uploads\/\/One-tool-to-cover-five-dimensions-thumbnail-730x1024.png\" alt=\"Cover page of EKOenergy's publication\" class=\"wp-image-103525 size-full\" srcset=\"https:\/\/www.ekoenergy.org\/wp-content\/uploads\/One-tool-to-cover-five-dimensions-thumbnail-730x1024.png 730w, https:\/\/www.ekoenergy.org\/wp-content\/uploads\/One-tool-to-cover-five-dimensions-thumbnail-320x449.png 320w, https:\/\/www.ekoenergy.org\/wp-content\/uploads\/One-tool-to-cover-five-dimensions-thumbnail-768x1078.png 768w, https:\/\/www.ekoenergy.org\/wp-content\/uploads\/One-tool-to-cover-five-dimensions-thumbnail.png 798w\" sizes=\"(max-width: 730px) 100vw, 730px\" \/><\/a><\/figure><div class=\"wp-block-media-text__content\">\n<p>Com a consumidor d\u2019energia, vost\u00e8 tamb\u00e9 pot contribuir a accelerar la transici\u00f3 energ\u00e8tica. Quan compra energia renovable, evita la crema de combustibles f\u00f2ssils i reclama al mercat la seva demanda d\u2019energia verda. L\u2019\u00fas d\u2019energ\u00eda etiquetada amb EKOenergia \u00e9s una forma d\u2019anar m\u00e9s enll\u00e0, tant per a les empreses com per a particulars.<\/p>\n\n\n\n<p>L\u2019ecoetiqueta permet trobar de forma f\u00e0cil productes o serveis que utilitzen energia renovable amb el m\u00ednim impacte ambiental possible. Aporta criteris de sostenibilitat addicionals al sector i ajuda a finan\u00e7ar nous <a href=\"https:\/\/www.ekoenergy.org\/ca\/our-results\/climate-fund\/\">projectes d\u2019energia neta<\/a>.<\/p>\n\n\n\n<p>L\u2019ecoetiqueta es pot combinar amb tot tipus d&#8217;obtenci\u00f3 d\u2019energia renovable: contractes tradicionals d\u2019energia incloent contractes el\u00e8ctrics dom\u00e8stics,  acords de compra-venda d\u2019energia (PPA) i instal\u00b7lacions in-situ d\u2019energia renovable. Totes aquestes poden portar l\u2019etiqueta EKOenergia.<\/p>\n<\/div><\/div>\n\n\n\n<h3 class=\"wp-block-heading\">EKOenergia pel clima i la natura<\/h3>\n\n\n\n<p>EKOenergia ajuda a combatre el canvi clim\u00e0tic i protegir la biodiversitat. L\u2019electricitat i gas etiquetats per EKOenergia provenen d\u2019instal\u00b7lacions que compleixen amb els nostres els <a href=\"https:\/\/www.ekoenergy.org\/ca\/ecolabel\/criteria\/\">criteris de sostenibilitat<\/a>.  Aquests criteris garanteixen un impacte m\u00ednim en l\u2019entorn local. En  altres paraules, EKOenergia nom\u00e9s aprova les centrals de producci\u00f3 d&#8217;energia que generen el m\u00ednim dany possible en els ecosistemes locals.<\/p>\n\n\n\n<p>Amb la seva compra de EKOenergia, ajuda a finan\u00e7ar projectes d\u2019energia renovabe en pa\u00efsos en vies de desenvolupament. Per cada MWh d\u2019EKOenerg\u00eda consumida, es contribueix amb un m\u00ednim de 0,10 \u20ac (10 c\u00e8ntims d\u2019Euro) al <a href=\"https:\/\/www.ekoenergy.org\/es\/our-results\/climate-fund\/\">Fons clim\u00e0tic<\/a>, amb l\u2019objectiu de finan\u00e7ar projectes centrats en eradicar la pobresa energ\u00e8tica i oferir energies sostenibles als llocs on m\u00e9s es necessiten.<\/p>\n\n\n\n<p>A m\u00e9s, per cada MWh d\u2019EKOenergia generada amb energia hidroel\u00e8ctrica, 0,10 \u20ac (10 c\u00e8ntims d\u2019Euro) adicionals s\u00f3n invertits en el <a href=\"https:\/\/www.ekoenergy.org\/es\/our-results\/environmental-fund\/\">Fons ambiental<\/a>, per a finan\u00e7ar projectes de restauraci\u00f3 de rius.<\/p>\n\n\n\n<h3 class=\"wp-block-heading\">EKOenergia per a la comptabilitat del carboni<\/h3>\n\n\n\n<p>El Protocol de Gasos d\u2019Efecte Hivernacle, CDP i LEED animen a les empreses a fer m\u00e9s que \u201csimplement comprar energia verda\u201d. EKOenergia permet prendre mesures addicionals per accelerar la transici\u00f3 mundial al 100% d\u2019energia renovable. A m\u00e9s dels projectes addicionals d\u2019energia renovable recolzats a trav\u00e9s del <a href=\"https:\/\/www.ekoenergy.org\/ca\/our-results\/climate-fund\/\">Fons Clim\u00e0tic<\/a>, tamb\u00e9 ajuda a la xarxa EKOenergia a promoure una legislaci\u00f3 respectuosa amb el clima i energia renovable a tot el m\u00f3n.<\/p>\n\n\n\n<p>Per a m\u00e9s informaci\u00f3 sobre la legislaci\u00f3 i procediments de comptabilitat del carboni a nivell internacional i com EKOenergia  encaixa en la reducci\u00f3 d\u2019emissions, recomanem la secci\u00f3 <a href=\"https:\/\/www.ekoenergy.org\/ca\/why-buy\/carbon-footprinting\/\">EKOenergia i comptabilitat del carboni<\/a>.<\/p>\n\n\n\n<h3 class=\"wp-block-heading\">EKOenergia com a eina de comunicaci\u00f3<\/h3>\n\n\n\n<p>L\u2019ecoetiqueta \u00e9s una eina perqu\u00e8 les empreses i els individus demostrin el seu comprom\u00eds amb les energies renovables. L\u2019\u00fas del logotip informa i anima a d\u2019altres a fer el mateix. El logotip de EKOenergia \u00e9s f\u00e0cilment reconeixible i est\u00e0 protegit en diferents continents.<\/p>\n\n\n\n<p>La compra d\u2019energia amb l\u2019etiqueta EKOenergia li d\u00f3na dret a usar el  logotip en les seves comunicacions, materials de m\u00e0rqueting, productes i  instal\u00b7lacions. L\u2019etiqueta EKOenergia est\u00e0 <a href=\"https:\/\/www.ekoenergy.org\/ca\/why-buy\/other-standards\/\">reconeguda internacionalment <\/a>i \u00e9s utilitzada per un nombre creixent d\u2019empreses de diversos sectors.<\/p>\n\n\n\n<h3 class=\"wp-block-heading\">EKOenergia ofereix addicionalitat i lideratge<\/h3>\n\n\n\n<div class=\"wp-block-image\"><figure class=\"alignright size-medium\"><img decoding=\"async\" width=\"320\" height=\"427\" src=\"https:\/\/www.ekoenergy.org\/wp-content\/uploads\/\/Coal-chimney-with-painted-windturbine-320x427.png\" alt=\"Coal chimney with painted windturbine\" class=\"wp-image-11158\" srcset=\"https:\/\/www.ekoenergy.org\/wp-content\/uploads\/Coal-chimney-with-painted-windturbine-320x427.png 320w, https:\/\/www.ekoenergy.org\/wp-content\/uploads\/Coal-chimney-with-painted-windturbine-768x1024.png 768w, https:\/\/www.ekoenergy.org\/wp-content\/uploads\/Coal-chimney-with-painted-windturbine-1152x1536.png 1152w, https:\/\/www.ekoenergy.org\/wp-content\/uploads\/Coal-chimney-with-painted-windturbine-1536x2048.png 1536w, https:\/\/www.ekoenergy.org\/wp-content\/uploads\/Coal-chimney-with-painted-windturbine-scaled.png 1920w\" sizes=\"(max-width: 320px) 100vw, 320px\" \/><\/figure><\/div>\n\n\n\n<p>Les empreses l\u00edders en sostenibilitat escullen EKOenergia per anar m\u00e9s enll\u00e0. En utilitzar EKOenergia els consumidors agilitzen la  transici\u00f3 energ\u00e8tica i inspiren a d\u2019altres amb el seu comprom\u00eds amb la sostenibilitat. Al 2018, sis companyies RE100 van comen\u00e7ar a utilitzar EKOenergia com a part del seu lideratge en la promoci\u00f3 de l\u2019energia renovable.<\/p>\n\n\n\n<p>El <a href=\"https:\/\/www.ekoenergy.org\/ca\/our-results\/climate-fund\/\">Fons Clim\u00e0tic <\/a>d\u2019EKOenergia proporciona addicionalitat al finan\u00e7ar  projectes d\u2019energia neta que aborden diversos Objectius de Desenvolupament Sostenible que no serien possibles sense aquest finan\u00e7ament.<\/p>\n\n\n\n<p>Amb el consum d\u2019energia etiquetada amb EKOenergia, tamb\u00e9 ajuda a que la nostra organitzaci\u00f3 ambiental pugui seguir promovent una legislaci\u00f3 respectuosa amb el clima i crear consci\u00e8ncia ecol\u00f2gica a tot el m\u00f3n. Llegiu m\u00e9s a <a href=\"https:\/\/www.ekoenergy.org\/ca\/buying-ekoenergy\/large-consumers\/ask-offer-large-consumers\/\">EKOenergia per a la teva empresa<\/a>.<\/p>\n\n\n\n<h2 class=\"wp-block-heading\">Coneixi m\u00e9s sobre la nostra feina<\/h2>\n\n\n\n<ul class=\"wp-block-list\"><li>See our leaflet <a href=\"https:\/\/www.ekoenergy.org\/wp-content\/uploads\/10-reasons-to-choose-EKOenergy-leaflet-English.pdf\" target=\"_blank\" rel=\"noreferrer noopener\">10 reasons to choose EKOenergy ecolabel<\/a><a href=\"https:\/\/www.ekoenergy.org\/wp-content\/uploads\/10-reasons-to-choose-EKOenergy-leaflet-English.pdf\">\u00a0<\/a><\/li><li>M\u00e9s informaci\u00f3 sobre la nostra hist\u00f2ria a la mem\u00f2ria <a aria-label=\" (opens in a new tab)\" rel=\"noreferrer noopener\" href=\"https:\/\/www.ekoenergy.org\/wp-content\/uploads\/5-YEAR-REPORT-Catalan.pdf\" target=\"_blank\">Primers cinc anys<\/a>. <\/li><li>See our 1-page leaflet <a aria-label=\"EKOenergy - the international ecolabel (opens in a new tab)\" href=\"https:\/\/www.ekoenergy.org\/wp-content\/uploads\/General-Leaflet-EKOenergy-1-page-English.pdf\" target=\"_blank\" rel=\"noreferrer noopener\">EKOenergy &#8211; the international ecolabel<\/a><\/li><li>Per estar a l\u2019\u00faltima de la nostra activitat i not\u00edcies, segueix-nos a les xarxes socials: <a rel=\"noreferrer noopener\" href=\"https:\/\/www.facebook.com\/EKOenergy.ecolabel\" target=\"_blank\">Facebook<\/a>, <a rel=\"noreferrer noopener\" href=\"https:\/\/twitter.com\/EKOenergy_\" target=\"_blank\">Twitter<\/a>, <a rel=\"noreferrer noopener\" href=\"https:\/\/www.instagram.com\/ekoenergy\/\" target=\"_blank\">Instagram<\/a>, <a rel=\"noreferrer noopener\" href=\"https:\/\/www.linkedin.com\/company\/ekoenergy-ecolabel\/\" target=\"_blank\">LinkedIn<\/a> i <a rel=\"noreferrer noopener\" href=\"https:\/\/www.youtube.com\/channel\/UCJtqduD7ghXHFM0uU06J7TA\" target=\"_blank\">YouTube<\/a>.<\/li><\/ul>\n\n\n\n<p><\/p>\n","protected":false},"excerpt":{"rendered":"<p>Per qu\u00e8 comprar EKOenergia? Per qu\u00e8 comprar energia etiquetada amb EKOenergia? Hi ha moltes raons per les quals comprar EKOenergia. A continuaci\u00f3 en mencionem algunes. Com a consumidor d\u2019energia, vost\u00e8 tamb\u00e9 pot contribuir a accelerar la transici\u00f3 energ\u00e8tica. Quan compra energia renovable, evita la crema de combustibles f\u00f2ssils i reclama al mercat la seva demanda [&hellip;]<\/p>\n","protected":false},"author":2,"featured_media":29414,"parent":0,"menu_order":0,"comment_status":"closed","ping_status":"closed","template":"","meta":{"inline_featured_image":false,"_uag_custom_page_level_css":"","site-sidebar-layout":"default","site-content-layout":"default","ast-site-content-layout":"default","site-content-style":"default","site-sidebar-style":"default","ast-global-header-display":"","ast-banner-title-visibility":"","ast-main-header-display":"","ast-hfb-above-header-display":"","ast-hfb-below-header-display":"","ast-hfb-mobile-header-display":"","site-post-title":"disabled","ast-breadcrumbs-content":"","ast-featured-img":"","footer-sml-layout":"","ast-disable-related-posts":"","theme-transparent-header-meta":"default","adv-header-id-meta":"","stick-header-meta":"default","header-above-stick-meta":"","header-main-stick-meta":"","header-below-stick-meta":"","astra-migrate-meta-layouts":"default","ast-page-background-enabled":"default","ast-page-background-meta":{"desktop":{"background-color":"","background-image":"","background-repeat":"repeat","background-position":"center center","background-size":"auto","background-attachment":"scroll","background-type":"","background-media":"","overlay-type":"","overlay-color":"","overlay-opacity":"","overlay-gradient":""},"tablet":{"background-color":"","background-image":"","background-repeat":"repeat","background-position":"center center","background-size":"auto","background-attachment":"scroll","background-type":"","background-media":"","overlay-type":"","overlay-color":"","overlay-opacity":"","overlay-gradient":""},"mobile":{"background-color":"","background-image":"","background-repeat":"repeat","background-position":"center center","background-size":"auto","background-attachment":"scroll","background-type":"","background-media":"","overlay-type":"","overlay-color":"","overlay-opacity":"","overlay-gradient":""}},"ast-content-background-meta":{"desktop":{"background-color":"var(--ast-global-color-5)","background-image":"","background-repeat":"repeat","background-position":"center center","background-size":"auto","background-attachment":"scroll","background-type":"","background-media":"","overlay-type":"","overlay-color":"","overlay-opacity":"","overlay-gradient":""},"tablet":{"background-color":"var(--ast-global-color-5)","background-image":"","background-repeat":"repeat","background-position":"center center","background-size":"auto","background-attachment":"scroll","background-type":"","background-media":"","overlay-type":"","overlay-color":"","overlay-opacity":"","overlay-gradient":""},"mobile":{"background-color":"var(--ast-global-color-5)","background-image":"","background-repeat":"repeat","background-position":"center center","background-size":"auto","background-attachment":"scroll","background-type":"","background-media":"","overlay-type":"","overlay-color":"","overlay-opacity":"","overlay-gradient":""}},"footnotes":""},"class_list":["post-2640","page","type-page","status-publish","has-post-thumbnail","hentry"],"yoast_head":"<!-- This site is optimized with the Yoast SEO plugin v27.3 - https:\/\/yoast.com\/product\/yoast-seo-wordpress\/ -->\n<title>Per qu\u00e8 comprar EKOenergia? - EKOenergy ecolabel<\/title>\n<meta name=\"description\" content=\"L\u2019\u00fas d\u2019energ\u00eda etiquetada amb EKOenergia \u00e9s una forma d\u2019anar m\u00e9s enll\u00e0, tant per a les empreses com per a particulars.\" \/>\n<meta name=\"robots\" content=\"index, follow, max-snippet:-1, max-image-preview:large, max-video-preview:-1\" \/>\n<link rel=\"canonical\" href=\"https:\/\/www.ekoenergy.org\/ca\/why-buy\/\" \/>\n<meta property=\"og:locale\" content=\"ca_ES\" \/>\n<meta property=\"og:type\" content=\"article\" \/>\n<meta property=\"og:title\" content=\"Per qu\u00e8 comprar EKOenergia? - EKOenergy ecolabel\" \/>\n<meta property=\"og:description\" content=\"L\u2019\u00fas d\u2019energ\u00eda etiquetada amb EKOenergia \u00e9s una forma d\u2019anar m\u00e9s enll\u00e0, tant per a les empreses com per a particulars.\" \/>\n<meta property=\"og:url\" content=\"https:\/\/www.ekoenergy.org\/ca\/why-buy\/\" \/>\n<meta property=\"og:site_name\" content=\"EKOenergy ecolabel\" \/>\n<meta property=\"article:publisher\" content=\"https:\/\/www.facebook.com\/EKOenergy.ecolabel\/\" \/>\n<meta property=\"article:modified_time\" content=\"2021-09-29T09:01:32+00:00\" \/>\n<meta property=\"og:image\" content=\"https:\/\/www.ekoenergy.org\/wp-content\/uploads\/Featured-We-Use-EKOenergy.jpg\" \/>\n\t<meta property=\"og:image:width\" content=\"1200\" \/>\n\t<meta property=\"og:image:height\" content=\"600\" \/>\n\t<meta property=\"og:image:type\" content=\"image\/jpeg\" \/>\n<meta name=\"twitter:card\" content=\"summary_large_image\" \/>\n<meta name=\"twitter:site\" content=\"@EKOenergy_\" \/>\n<meta name=\"twitter:label1\" content=\"Temps estimat de lectura\" \/>\n\t<meta name=\"twitter:data1\" content=\"4 minuts\" \/>\n<script type=\"application\/ld+json\" class=\"yoast-schema-graph\">{\"@context\":\"https:\\\/\\\/schema.org\",\"@graph\":[{\"@type\":\"WebPage\",\"@id\":\"https:\\\/\\\/www.ekoenergy.org\\\/ca\\\/why-buy\\\/\",\"url\":\"https:\\\/\\\/www.ekoenergy.org\\\/ca\\\/why-buy\\\/\",\"name\":\"Per qu\u00e8 comprar EKOenergia? - EKOenergy ecolabel\",\"isPartOf\":{\"@id\":\"https:\\\/\\\/www.ekoenergy.org\\\/ca\\\/#website\"},\"primaryImageOfPage\":{\"@id\":\"https:\\\/\\\/www.ekoenergy.org\\\/ca\\\/why-buy\\\/#primaryimage\"},\"image\":{\"@id\":\"https:\\\/\\\/www.ekoenergy.org\\\/ca\\\/why-buy\\\/#primaryimage\"},\"thumbnailUrl\":\"https:\\\/\\\/www.ekoenergy.org\\\/wp-content\\\/uploads\\\/Featured-We-Use-EKOenergy.jpg\",\"datePublished\":\"2019-12-04T13:43:15+00:00\",\"dateModified\":\"2021-09-29T09:01:32+00:00\",\"description\":\"L\u2019\u00fas d\u2019energ\u00eda etiquetada amb EKOenergia \u00e9s una forma d\u2019anar m\u00e9s enll\u00e0, tant per a les empreses com per a particulars.\",\"breadcrumb\":{\"@id\":\"https:\\\/\\\/www.ekoenergy.org\\\/ca\\\/why-buy\\\/#breadcrumb\"},\"inLanguage\":\"ca\",\"potentialAction\":[{\"@type\":\"ReadAction\",\"target\":[\"https:\\\/\\\/www.ekoenergy.org\\\/ca\\\/why-buy\\\/\"]}]},{\"@type\":\"ImageObject\",\"inLanguage\":\"ca\",\"@id\":\"https:\\\/\\\/www.ekoenergy.org\\\/ca\\\/why-buy\\\/#primaryimage\",\"url\":\"https:\\\/\\\/www.ekoenergy.org\\\/wp-content\\\/uploads\\\/Featured-We-Use-EKOenergy.jpg\",\"contentUrl\":\"https:\\\/\\\/www.ekoenergy.org\\\/wp-content\\\/uploads\\\/Featured-We-Use-EKOenergy.jpg\",\"width\":1200,\"height\":600},{\"@type\":\"BreadcrumbList\",\"@id\":\"https:\\\/\\\/www.ekoenergy.org\\\/ca\\\/why-buy\\\/#breadcrumb\",\"itemListElement\":[{\"@type\":\"ListItem\",\"position\":1,\"name\":\"Home\",\"item\":\"https:\\\/\\\/www.ekoenergy.org\\\/ca\\\/\"},{\"@type\":\"ListItem\",\"position\":2,\"name\":\"Per qu\u00e8 comprar EKOenergia?\"}]},{\"@type\":\"WebSite\",\"@id\":\"https:\\\/\\\/www.ekoenergy.org\\\/ca\\\/#website\",\"url\":\"https:\\\/\\\/www.ekoenergy.org\\\/ca\\\/\",\"name\":\"EKOenergy ecolabel\",\"description\":\"The global nonprofit ecolabel for renewable energy\",\"publisher\":{\"@id\":\"https:\\\/\\\/www.ekoenergy.org\\\/ca\\\/#organization\"},\"potentialAction\":[{\"@type\":\"SearchAction\",\"target\":{\"@type\":\"EntryPoint\",\"urlTemplate\":\"https:\\\/\\\/www.ekoenergy.org\\\/ca\\\/?s={search_term_string}\"},\"query-input\":{\"@type\":\"PropertyValueSpecification\",\"valueRequired\":true,\"valueName\":\"search_term_string\"}}],\"inLanguage\":\"ca\"},{\"@type\":\"Organization\",\"@id\":\"https:\\\/\\\/www.ekoenergy.org\\\/ca\\\/#organization\",\"name\":\"Not-for-profit Organisation EKOenergy\",\"url\":\"https:\\\/\\\/www.ekoenergy.org\\\/ca\\\/\",\"logo\":{\"@type\":\"ImageObject\",\"inLanguage\":\"ca\",\"@id\":\"https:\\\/\\\/www.ekoenergy.org\\\/ca\\\/#\\\/schema\\\/logo\\\/image\\\/\",\"url\":\"https:\\\/\\\/www.ekoenergy.org\\\/wp-content\\\/uploads\\\/logo-EKOenergy-no-text.jpg\",\"contentUrl\":\"https:\\\/\\\/www.ekoenergy.org\\\/wp-content\\\/uploads\\\/logo-EKOenergy-no-text.jpg\",\"width\":1600,\"height\":1600,\"caption\":\"Not-for-profit Organisation EKOenergy\"},\"image\":{\"@id\":\"https:\\\/\\\/www.ekoenergy.org\\\/ca\\\/#\\\/schema\\\/logo\\\/image\\\/\"},\"sameAs\":[\"https:\\\/\\\/www.facebook.com\\\/EKOenergy.ecolabel\\\/\",\"https:\\\/\\\/x.com\\\/EKOenergy_\",\"https:\\\/\\\/www.instagram.com\\\/ekoenergy\\\/\",\"https:\\\/\\\/www.linkedin.com\\\/company\\\/ekoenergy-ecolabel\\\/\",\"https:\\\/\\\/www.youtube.com\\\/EKOenergy-ecolabel\",\"https:\\\/\\\/en.wikipedia.org\\\/wiki\\\/EKOenergy\"]}]}<\/script>\n<!-- \/ Yoast SEO plugin. -->","yoast_head_json":{"title":"Per qu\u00e8 comprar EKOenergia? - EKOenergy ecolabel","description":"L\u2019\u00fas d\u2019energ\u00eda etiquetada amb EKOenergia \u00e9s una forma d\u2019anar m\u00e9s enll\u00e0, tant per a les empreses com per a particulars.","robots":{"index":"index","follow":"follow","max-snippet":"max-snippet:-1","max-image-preview":"max-image-preview:large","max-video-preview":"max-video-preview:-1"},"canonical":"https:\/\/www.ekoenergy.org\/ca\/why-buy\/","og_locale":"ca_ES","og_type":"article","og_title":"Per qu\u00e8 comprar EKOenergia? - EKOenergy ecolabel","og_description":"L\u2019\u00fas d\u2019energ\u00eda etiquetada amb EKOenergia \u00e9s una forma d\u2019anar m\u00e9s enll\u00e0, tant per a les empreses com per a particulars.","og_url":"https:\/\/www.ekoenergy.org\/ca\/why-buy\/","og_site_name":"EKOenergy ecolabel","article_publisher":"https:\/\/www.facebook.com\/EKOenergy.ecolabel\/","article_modified_time":"2021-09-29T09:01:32+00:00","og_image":[{"width":1200,"height":600,"url":"https:\/\/www.ekoenergy.org\/wp-content\/uploads\/Featured-We-Use-EKOenergy.jpg","type":"image\/jpeg"}],"twitter_card":"summary_large_image","twitter_site":"@EKOenergy_","twitter_misc":{"Temps estimat de lectura":"4 minuts"},"schema":{"@context":"https:\/\/schema.org","@graph":[{"@type":"WebPage","@id":"https:\/\/www.ekoenergy.org\/ca\/why-buy\/","url":"https:\/\/www.ekoenergy.org\/ca\/why-buy\/","name":"Per qu\u00e8 comprar EKOenergia? - EKOenergy ecolabel","isPartOf":{"@id":"https:\/\/www.ekoenergy.org\/ca\/#website"},"primaryImageOfPage":{"@id":"https:\/\/www.ekoenergy.org\/ca\/why-buy\/#primaryimage"},"image":{"@id":"https:\/\/www.ekoenergy.org\/ca\/why-buy\/#primaryimage"},"thumbnailUrl":"https:\/\/www.ekoenergy.org\/wp-content\/uploads\/Featured-We-Use-EKOenergy.jpg","datePublished":"2019-12-04T13:43:15+00:00","dateModified":"2021-09-29T09:01:32+00:00","description":"L\u2019\u00fas d\u2019energ\u00eda etiquetada amb EKOenergia \u00e9s una forma d\u2019anar m\u00e9s enll\u00e0, tant per a les empreses com per a particulars.","breadcrumb":{"@id":"https:\/\/www.ekoenergy.org\/ca\/why-buy\/#breadcrumb"},"inLanguage":"ca","potentialAction":[{"@type":"ReadAction","target":["https:\/\/www.ekoenergy.org\/ca\/why-buy\/"]}]},{"@type":"ImageObject","inLanguage":"ca","@id":"https:\/\/www.ekoenergy.org\/ca\/why-buy\/#primaryimage","url":"https:\/\/www.ekoenergy.org\/wp-content\/uploads\/Featured-We-Use-EKOenergy.jpg","contentUrl":"https:\/\/www.ekoenergy.org\/wp-content\/uploads\/Featured-We-Use-EKOenergy.jpg","width":1200,"height":600},{"@type":"BreadcrumbList","@id":"https:\/\/www.ekoenergy.org\/ca\/why-buy\/#breadcrumb","itemListElement":[{"@type":"ListItem","position":1,"name":"Home","item":"https:\/\/www.ekoenergy.org\/ca\/"},{"@type":"ListItem","position":2,"name":"Per qu\u00e8 comprar EKOenergia?"}]},{"@type":"WebSite","@id":"https:\/\/www.ekoenergy.org\/ca\/#website","url":"https:\/\/www.ekoenergy.org\/ca\/","name":"EKOenergy ecolabel","description":"The global nonprofit ecolabel for renewable energy","publisher":{"@id":"https:\/\/www.ekoenergy.org\/ca\/#organization"},"potentialAction":[{"@type":"SearchAction","target":{"@type":"EntryPoint","urlTemplate":"https:\/\/www.ekoenergy.org\/ca\/?s={search_term_string}"},"query-input":{"@type":"PropertyValueSpecification","valueRequired":true,"valueName":"search_term_string"}}],"inLanguage":"ca"},{"@type":"Organization","@id":"https:\/\/www.ekoenergy.org\/ca\/#organization","name":"Not-for-profit Organisation EKOenergy","url":"https:\/\/www.ekoenergy.org\/ca\/","logo":{"@type":"ImageObject","inLanguage":"ca","@id":"https:\/\/www.ekoenergy.org\/ca\/#\/schema\/logo\/image\/","url":"https:\/\/www.ekoenergy.org\/wp-content\/uploads\/logo-EKOenergy-no-text.jpg","contentUrl":"https:\/\/www.ekoenergy.org\/wp-content\/uploads\/logo-EKOenergy-no-text.jpg","width":1600,"height":1600,"caption":"Not-for-profit Organisation EKOenergy"},"image":{"@id":"https:\/\/www.ekoenergy.org\/ca\/#\/schema\/logo\/image\/"},"sameAs":["https:\/\/www.facebook.com\/EKOenergy.ecolabel\/","https:\/\/x.com\/EKOenergy_","https:\/\/www.instagram.com\/ekoenergy\/","https:\/\/www.linkedin.com\/company\/ekoenergy-ecolabel\/","https:\/\/www.youtube.com\/EKOenergy-ecolabel","https:\/\/en.wikipedia.org\/wiki\/EKOenergy"]}]}},"uagb_featured_image_src":{"full":["https:\/\/www.ekoenergy.org\/wp-content\/uploads\/Featured-We-Use-EKOenergy.jpg",1200,600,false],"thumbnail":["https:\/\/www.ekoenergy.org\/wp-content\/uploads\/Featured-We-Use-EKOenergy-150x150.jpg",150,150,true],"medium":["https:\/\/www.ekoenergy.org\/wp-content\/uploads\/Featured-We-Use-EKOenergy-320x160.jpg",320,160,true],"medium_large":["https:\/\/www.ekoenergy.org\/wp-content\/uploads\/Featured-We-Use-EKOenergy-768x384.jpg",768,384,true],"large":["https:\/\/www.ekoenergy.org\/wp-content\/uploads\/Featured-We-Use-EKOenergy-1024x512.jpg",1024,512,true],"1536x1536":["https:\/\/www.ekoenergy.org\/wp-content\/uploads\/Featured-We-Use-EKOenergy.jpg",1200,600,false],"2048x2048":["https:\/\/www.ekoenergy.org\/wp-content\/uploads\/Featured-We-Use-EKOenergy.jpg",1200,600,false]},"uagb_author_info":{"display_name":"Steven Vanholme","author_link":"https:\/\/www.ekoenergy.org\/ca\/author\/svanholme\/"},"uagb_comment_info":0,"uagb_excerpt":"Per qu\u00e8 comprar EKOenergia? Per qu\u00e8 comprar energia etiquetada amb EKOenergia? Hi ha moltes raons per les quals comprar EKOenergia. A continuaci\u00f3 en mencionem algunes. Com a consumidor d\u2019energia, vost\u00e8 tamb\u00e9 pot contribuir a accelerar la transici\u00f3 energ\u00e8tica. Quan compra energia renovable, evita la crema de combustibles f\u00f2ssils i reclama al mercat la seva demanda&hellip;","_links":{"self":[{"href":"https:\/\/www.ekoenergy.org\/ca\/wp-json\/wp\/v2\/pages\/2640","targetHints":{"allow":["GET"]}}],"collection":[{"href":"https:\/\/www.ekoenergy.org\/ca\/wp-json\/wp\/v2\/pages"}],"about":[{"href":"https:\/\/www.ekoenergy.org\/ca\/wp-json\/wp\/v2\/types\/page"}],"author":[{"embeddable":true,"href":"https:\/\/www.ekoenergy.org\/ca\/wp-json\/wp\/v2\/users\/2"}],"replies":[{"embeddable":true,"href":"https:\/\/www.ekoenergy.org\/ca\/wp-json\/wp\/v2\/comments?post=2640"}],"version-history":[{"count":3,"href":"https:\/\/www.ekoenergy.org\/ca\/wp-json\/wp\/v2\/pages\/2640\/revisions"}],"predecessor-version":[{"id":104877,"href":"https:\/\/www.ekoenergy.org\/ca\/wp-json\/wp\/v2\/pages\/2640\/revisions\/104877"}],"wp:featuredmedia":[{"embeddable":true,"href":"https:\/\/www.ekoenergy.org\/ca\/wp-json\/wp\/v2\/media\/29414"}],"wp:attachment":[{"href":"https:\/\/www.ekoenergy.org\/ca\/wp-json\/wp\/v2\/media?parent=2640"}],"curies":[{"name":"wp","href":"https:\/\/api.w.org\/{rel}","templated":true}]}}