{"id":2803,"date":"2019-12-04T13:51:33","date_gmt":"2019-12-04T13:51:33","guid":{"rendered":"https:\/\/www.ekoenergy.org\/our-results\/"},"modified":"2021-02-05T17:15:27","modified_gmt":"2021-02-05T15:15:27","slug":"our-results","status":"publish","type":"page","link":"https:\/\/www.ekoenergy.org\/ca\/our-results\/","title":{"rendered":"Els nostres resultats"},"content":{"rendered":"\n<h1 class=\"wp-block-heading\">Els nostres resultats<\/h1>\n\n\n\n<div class=\"wp-block-image\"><figure class=\"alignright size-medium\"><img fetchpriority=\"high\" decoding=\"async\" width=\"320\" height=\"227\" src=\"https:\/\/www.ekoenergy.org\/wp-content\/uploads\/\/5_year_report_Catalan_image-720x510-1-320x227.png\" alt=\"\" class=\"wp-image-47356\" srcset=\"https:\/\/www.ekoenergy.org\/wp-content\/uploads\/5_year_report_Catalan_image-720x510-1-320x227.png 320w, https:\/\/www.ekoenergy.org\/wp-content\/uploads\/5_year_report_Catalan_image-720x510-1.png 720w\" sizes=\"(max-width: 320px) 100vw, 320px\" \/><\/figure><\/div>\n\n\n\n<p>EKOenergia treballa per protegir la natura i combatre el canvi clim\u00e0tic ajudant els consumidors d\u2019energia a canviar al 100% d\u2019energia  renovable i sostenible. Des dels nostres inicis al 2013, hem recorregut un llarg cam\u00ed. El nostre progr\u00e9s es detalla a la mem\u00f2ria: \u201c<a href=\"https:\/\/www.ekoenergy.org\/wp-content\/uploads\/5-YEAR-REPORT-Catalan.pdf\" target=\"_blank\" rel=\"noreferrer noopener\" aria-label=\" (opens in a new tab)\">EKOenergia, Primers cinc anys: 2013-2018<\/a>\u201d<\/p>\n\n\n\n<p>Promovem l\u2019\u00fas d\u2019energia renovable a tot el m\u00f3n, tant amb grans consumidors d\u2019energia com a trav\u00e9s de la cooperaci\u00f3 amb la nostra xarxa d\u2019organitzacions ambientals i departaments de RSC. El <a href=\"https:\/\/www.ekoenergy.org\/ca\/our-results\/climate-fund\/\">Fons Clim\u00e0tic<\/a> d\u2019EKOenergia d\u00f3na suport a projectes d\u2019energia renovable en pa\u00efsos amb dificultats a l\u2019acc\u00e9s a l\u2019electricitat, destinats a minimitzar la pobresa energ\u00e8tica. El nostre <a href=\"https:\/\/www.ekoenergy.org\/ca\/our-results\/environmental-fund\/\">Fons Ambiental<\/a> finan\u00e7a projectes de restauraci\u00f3 en ecosistemes fluvials danyats.<\/p>\n\n\n\n<h2 class=\"wp-block-heading\">Eines per a l\u2019empoderament energ\u00e8tic dels consumidors<\/h2>\n\n\n\n<p>En moltes parts del m\u00f3n, el paper dels consumidors en el mercat de \nl\u2019energia \u00e9s molt limitat. \u00c9s impossible o dif\u00edcil triar l\u2019energia verda\n o contribuir activament a la transici\u00f3 energ\u00e8tica. EKOenergia participa\n en el desenvolupament d\u2019instruments que ofereixen m\u00e9s opcions a \nconsumidors. Alguns dels nostres \u00e8xits m\u00e9s importants inclouen:<\/p>\n\n\n\n<ul class=\"wp-block-list\"><li>Contribucions significatives al desenvolupament de la Guia de l\u2019Abast 2 del <a rel=\"noreferrer noopener\" href=\"https:\/\/ghgprotocol.org\/\" target=\"_blank\">Protocol de Gasos d\u2019Efecte Hivernacle<\/a>. Hem fet un resum amb informaci\u00f3 espec\u00edfica disponible en <a href=\"https:\/\/www.ekoenergy.org\/ca\/why-buy\/carbon-footprinting\/\">19 idiomes<\/a>.<\/li><li>Vam ser una de les primeres organitzacions a recolzar&nbsp;<a rel=\"noreferrer noopener\" href=\"https:\/\/www.irecstandard.org\/\" target=\"_blank\">I-REC<\/a>,  l\u2019est\u00e0ndard internacional per a certificats d\u2019energia renovable. I-REC  permet el seguiment de l\u2019energia fora d\u2019Europa i EE. UU. Tamb\u00e9 vam ser  dels primers a treballar amb l\u2019est\u00e0ndard en pa\u00efsos com la Xina i el  Brasil.<\/li><li>Hem desenvolupat material informatiu sobre energia verda en general i  sobre la compra d\u2019electricitat renovable en particular. Moltes de les  nostres publicacions estan disponibles en diversos idiomes. Per exemple,  el nostre curs en l\u00ednia \u201c<a rel=\"noreferrer noopener\" href=\"https:\/\/www.usgbc.org\/education\/sessions\/green-power-how-buy-renewable-electricity-leed-and-carbon-accounting-9270893\" target=\"_blank\">Green Power: compra d\u2019electricitat renovable per LEED i comptabilitat de carboni<\/a>\u201c, que realitzem en col\u00b7laboraci\u00f3 amb LEED i US Green Building Council (disponible en 4 idiomes). Gr\u00e0cies als nostres traductors voluntaris seguim produint fulletons i articles en molts altres idiomes per arribar a m\u00e9s gent.<\/li><\/ul>\n\n\n\n<h2 class=\"wp-block-heading\">Advocar per un m\u00f3n 100% sostenible<\/h2>\n\n\n\n<p>L\u2019energia etiquetada com EKOenergia est\u00e0 disponible <strong>en m\u00e9s de 40 pa\u00efsos<\/strong>. Un nombre creixent d\u2019empreses utilitzen el nostre logotip en els seus  productes per demostrar el seu comprom\u00eds amb una energia ambientalment sostenible.<\/p>\n\n\n\n<p>Som membres de la <a rel=\"noreferrer noopener\" href=\"https:\/\/www.caneurope.org\/\" target=\"_blank\">Climate Action Network (Europe)<\/a>, la campanya&nbsp;<a rel=\"noreferrer noopener\" href=\"https:\/\/www.go100re.net\/\" target=\"_blank\">Global 100% RE<\/a>&nbsp;i la&nbsp; <a rel=\"noreferrer noopener\" href=\"https:\/\/coalition.irena.org\/\" target=\"_blank\">Coalici\u00f3 per a l\u2019Acci\u00f3 d\u2019IRENA<\/a>. Hem contribu\u00eft a diversos articles i publicacions sobre la viabilitat d\u2019un m\u00f3n 100% renovable i donem suport a accions i campanyes contra els subsidis als combustibles f\u00f2ssils.<\/p>\n\n\n\n<h2 class=\"wp-block-heading\">Protecci\u00f3 de la biodiversitat<\/h2>\n\n\n\n<div class=\"wp-block-image\"><figure class=\"alignleft size-medium\"><img decoding=\"async\" width=\"320\" height=\"240\" src=\"https:\/\/www.ekoenergy.org\/wp-content\/uploads\/\/River_restoration_vihti-people-on-bridge--320x240.jpg\" alt=\"River_restoration_vihti people on bridge\" class=\"wp-image-13335\" srcset=\"https:\/\/www.ekoenergy.org\/wp-content\/uploads\/River_restoration_vihti-people-on-bridge--320x240.jpg 320w, https:\/\/www.ekoenergy.org\/wp-content\/uploads\/River_restoration_vihti-people-on-bridge-.jpg 640w\" sizes=\"(max-width: 320px) 100vw, 320px\" \/><\/figure><\/div>\n\n\n\n<p>Involucrem a les empreses energ\u00e8tiques i als consumidors d\u2019energia en  un discurs sobre l\u2019impacte de la producci\u00f3 d\u2019energia a partir de la  natura. Com integrants d\u2019un dels projectes <a href=\"https:\/\/www.ekoenergy.org\/ca\/our-results\/freshabit\/\">LIFE Freshabit<\/a>, vam crear el lloc web \u201cLa naturalesa de l\u2019energia hidroel\u00e8ctrica\u201d (<a rel=\"noreferrer noopener\" href=\"https:\/\/www.vesivoimanluonto.fi\/vesivoiman-luonto\/\" target=\"_blank\">\u201cHydropower\u2019s nature\u201d<\/a> disponible nom\u00e9s en angl\u00e8s) amb molta informaci\u00f3 sobre com l\u2019energia hidroel\u00e8ctrica afecta els ecosistemes dels rius.<\/p>\n\n\n\n<p>En utilitzar energia etiquetada amb EKOenergia, els grans consumidors  corporatius estableixen una relaci\u00f3 entre els seus objectius de reducci\u00f3 de carboni i el seu comprom\u00eds amb la natura i biodiversitat  (\u201cBusiness and biodiversity\u201d).<\/p>\n\n\n\n<p>Financem projectes que tenen com a objectiu promoure la biodiversitat  dels rius. Per cada MWh venut com a energia hidroel\u00e8ctrica com  EKOenergia, es paga una contribuci\u00f3 d\u2019almenys 0,10 \u20ac (deu c\u00e8ntims d\u2019euro) al nostre Fons Ambiental. Aquestes contribucions es fan servir  per finan\u00e7ar l\u2019eliminaci\u00f3 de barreres per a la migraci\u00f3 de peixos, restaurar la llera dels rius i el seu ecosistema modificat per l\u2019acci\u00f3  de l\u2019home. Vegi la nostra secci\u00f3 <a href=\"https:\/\/www.ekoenergy.org\/ca\/our-results\/environmental-fund\/\">Fons Ambiental<\/a> per con\u00e8ixer m\u00e9s sobre aquest fons.<\/p>\n\n\n\n<h2 class=\"wp-block-heading\">Projectes d\u2019energies renovables per minimitzar la pobresa energ\u00e8tica<\/h2>\n\n\n\n<div class=\"wp-block-image\"><figure class=\"alignright size-large\"><img decoding=\"async\" width=\"150\" height=\"150\" src=\"https:\/\/www.ekoenergy.org\/wp-content\/uploads\/Solar_panels_installing_on_roof_Myanmar.jpg\" alt=\"Solar_panels_installing_on_roof_Myanmar\" class=\"wp-image-13379\"\/><\/figure><\/div>\n\n\n\n<p>Per cada MWh d\u2019energia venuda com EKOenergia, un m\u00ednim de 0,10 \u20ac (deu  c\u00e8ntims d\u2019euro) es destinen al nostre Fons Clim\u00e0tic. Amb aquestes contribucions financem nous projectes d\u2019energia renovable  (majorit\u00e0riament projectes d\u2019energia solar) que intenten alleujar la pobresa energ\u00e8tica en determinades comunitats del planeta. <\/p>\n\n\n\n<p>Aquests projectes tamb\u00e9 contribueixen a la consecuci\u00f3 dels Objectius de Desenvolupament Sostenible (ODS) proposats per l&#8217;ONU. Podeu obtenir m\u00e9s informaci\u00f3 sobre com EKOenerg\u00eda contribueix als objectius globals en la publicaci\u00f3 <a href=\"https:\/\/www.ekoenergy.org\/ca\/ekoenergy-is-featured-in-un-desa-sdg-publication\/\">SDG Good Practices d&#8217;UN DESA<\/a>.<\/p>\n\n\n\n<p>Vegi la  nostra p\u00e0gina del <a href=\"https:\/\/www.ekoenergy.org\/ca\/our-results\/climate-fund\/\">Fons Clim\u00e0tic<\/a> per a m\u00e9s informaci\u00f3 sobre els projectes.<\/p>\n\n\n\n<h2 class=\"wp-block-heading\">Ajudi\u2019ns a fer m\u00e9s<\/h2>\n\n\n\n<p>Cap d\u2019aquests  resultats seria possible sense el suport de milers de consumidors d\u2019electricitat etiquetada amb EKOenergia. Amb el seu consum i la difusi\u00f3 amb els seus familiars, amics i coneguts a que tamb\u00e9 consumeixin EKOenergia pot ajudar-nos a fer m\u00e9s per a un m\u00f3n 100% renovable.<\/p>\n\n\n\n<p>Per a m\u00e9s informaci\u00f3 Seguiu-nos a xarxes socials: <a href=\"https:\/\/www.facebook.com\/EKOenergy.ecolabel\" target=\"_blank\" rel=\"noreferrer noopener\">Facebook<\/a>, <a href=\"https:\/\/twitter.com\/EKOenergy_\" target=\"_blank\" rel=\"noreferrer noopener\">Twitter<\/a>, <a href=\"https:\/\/www.instagram.com\/ekoenergy\/\" target=\"_blank\" rel=\"noreferrer noopener\"> Instagram<\/a>, <a href=\"https:\/\/www.youtube.com\/channel\/UCJtqduD7ghXHFM0uU06J7TA\" target=\"_blank\" rel=\"noreferrer noopener\">YouTube<\/a> o&nbsp;<a href=\"https:\/\/www.linkedin.com\/company\/ekoenergy-ecolabel\/\" target=\"_blank\" rel=\"noreferrer noopener\">LinkedIn<\/a>.<\/p>\n","protected":false},"excerpt":{"rendered":"<p>Els nostres resultats EKOenergia treballa per protegir la natura i combatre el canvi clim\u00e0tic ajudant els consumidors d\u2019energia a canviar al 100% d\u2019energia renovable i sostenible. Des dels nostres inicis al 2013, hem recorregut un llarg cam\u00ed. El nostre progr\u00e9s es detalla a la mem\u00f2ria: \u201cEKOenergia, Primers cinc anys: 2013-2018\u201d Promovem l\u2019\u00fas d\u2019energia renovable a [&hellip;]<\/p>\n","protected":false},"author":17,"featured_media":94071,"parent":0,"menu_order":0,"comment_status":"closed","ping_status":"closed","template":"","meta":{"inline_featured_image":false,"_uag_custom_page_level_css":"","site-sidebar-layout":"default","site-content-layout":"default","ast-site-content-layout":"default","site-content-style":"default","site-sidebar-style":"default","ast-global-header-display":"","ast-banner-title-visibility":"","ast-main-header-display":"","ast-hfb-above-header-display":"","ast-hfb-below-header-display":"","ast-hfb-mobile-header-display":"","site-post-title":"disabled","ast-breadcrumbs-content":"","ast-featured-img":"","footer-sml-layout":"","ast-disable-related-posts":"","theme-transparent-header-meta":"default","adv-header-id-meta":"","stick-header-meta":"default","header-above-stick-meta":"","header-main-stick-meta":"","header-below-stick-meta":"","astra-migrate-meta-layouts":"default","ast-page-background-enabled":"default","ast-page-background-meta":{"desktop":{"background-color":"","background-image":"","background-repeat":"repeat","background-position":"center center","background-size":"auto","background-attachment":"scroll","background-type":"","background-media":"","overlay-type":"","overlay-color":"","overlay-opacity":"","overlay-gradient":""},"tablet":{"background-color":"","background-image":"","background-repeat":"repeat","background-position":"center center","background-size":"auto","background-attachment":"scroll","background-type":"","background-media":"","overlay-type":"","overlay-color":"","overlay-opacity":"","overlay-gradient":""},"mobile":{"background-color":"","background-image":"","background-repeat":"repeat","background-position":"center center","background-size":"auto","background-attachment":"scroll","background-type":"","background-media":"","overlay-type":"","overlay-color":"","overlay-opacity":"","overlay-gradient":""}},"ast-content-background-meta":{"desktop":{"background-color":"var(--ast-global-color-5)","background-image":"","background-repeat":"repeat","background-position":"center center","background-size":"auto","background-attachment":"scroll","background-type":"","background-media":"","overlay-type":"","overlay-color":"","overlay-opacity":"","overlay-gradient":""},"tablet":{"background-color":"var(--ast-global-color-5)","background-image":"","background-repeat":"repeat","background-position":"center center","background-size":"auto","background-attachment":"scroll","background-type":"","background-media":"","overlay-type":"","overlay-color":"","overlay-opacity":"","overlay-gradient":""},"mobile":{"background-color":"var(--ast-global-color-5)","background-image":"","background-repeat":"repeat","background-position":"center center","background-size":"auto","background-attachment":"scroll","background-type":"","background-media":"","overlay-type":"","overlay-color":"","overlay-opacity":"","overlay-gradient":""}},"footnotes":""},"class_list":["post-2803","page","type-page","status-publish","has-post-thumbnail","hentry"],"yoast_head":"<!-- This site is optimized with the Yoast SEO plugin v27.3 - https:\/\/yoast.com\/product\/yoast-seo-wordpress\/ -->\n<title>Els nostres resultats - EKOenergy ecolabel<\/title>\n<meta name=\"description\" content=\"EKOenergia treballa per a protegir la natura i combatre el canvi clim\u00e0tic. Llegeixi aqu\u00ed sobre els nostres resultats des de l&#039;inici de la nostra activitat al 2013.\" \/>\n<meta name=\"robots\" content=\"index, follow, max-snippet:-1, max-image-preview:large, max-video-preview:-1\" \/>\n<link rel=\"canonical\" href=\"https:\/\/www.ekoenergy.org\/ca\/our-results\/\" \/>\n<meta property=\"og:locale\" content=\"ca_ES\" \/>\n<meta property=\"og:type\" content=\"article\" \/>\n<meta property=\"og:title\" content=\"Els nostres resultats - EKOenergy ecolabel\" \/>\n<meta property=\"og:description\" content=\"EKOenergia treballa per a protegir la natura i combatre el canvi clim\u00e0tic. Llegeixi aqu\u00ed sobre els nostres resultats des de l&#039;inici de la nostra activitat al 2013.\" \/>\n<meta property=\"og:url\" content=\"https:\/\/www.ekoenergy.org\/ca\/our-results\/\" \/>\n<meta property=\"og:site_name\" content=\"EKOenergy ecolabel\" \/>\n<meta property=\"article:publisher\" content=\"https:\/\/www.facebook.com\/EKOenergy.ecolabel\/\" \/>\n<meta property=\"article:modified_time\" content=\"2021-02-05T15:15:27+00:00\" \/>\n<meta property=\"og:image\" content=\"https:\/\/www.ekoenergy.org\/wp-content\/uploads\/One-label-six-goals.jpg\" \/>\n\t<meta property=\"og:image:width\" content=\"1272\" \/>\n\t<meta property=\"og:image:height\" content=\"831\" \/>\n\t<meta property=\"og:image:type\" content=\"image\/jpeg\" \/>\n<meta name=\"twitter:card\" content=\"summary_large_image\" \/>\n<meta name=\"twitter:site\" content=\"@EKOenergy_\" \/>\n<meta name=\"twitter:label1\" content=\"Temps estimat de lectura\" \/>\n\t<meta name=\"twitter:data1\" content=\"4 minuts\" \/>\n<script type=\"application\/ld+json\" class=\"yoast-schema-graph\">{\"@context\":\"https:\\\/\\\/schema.org\",\"@graph\":[{\"@type\":\"WebPage\",\"@id\":\"https:\\\/\\\/www.ekoenergy.org\\\/ca\\\/our-results\\\/\",\"url\":\"https:\\\/\\\/www.ekoenergy.org\\\/ca\\\/our-results\\\/\",\"name\":\"Els nostres resultats - EKOenergy ecolabel\",\"isPartOf\":{\"@id\":\"https:\\\/\\\/www.ekoenergy.org\\\/ca\\\/#website\"},\"primaryImageOfPage\":{\"@id\":\"https:\\\/\\\/www.ekoenergy.org\\\/ca\\\/our-results\\\/#primaryimage\"},\"image\":{\"@id\":\"https:\\\/\\\/www.ekoenergy.org\\\/ca\\\/our-results\\\/#primaryimage\"},\"thumbnailUrl\":\"https:\\\/\\\/www.ekoenergy.org\\\/wp-content\\\/uploads\\\/One-label-six-goals.jpg\",\"datePublished\":\"2019-12-04T13:51:33+00:00\",\"dateModified\":\"2021-02-05T15:15:27+00:00\",\"description\":\"EKOenergia treballa per a protegir la natura i combatre el canvi clim\u00e0tic. Llegeixi aqu\u00ed sobre els nostres resultats des de l'inici de la nostra activitat al 2013.\",\"breadcrumb\":{\"@id\":\"https:\\\/\\\/www.ekoenergy.org\\\/ca\\\/our-results\\\/#breadcrumb\"},\"inLanguage\":\"ca\",\"potentialAction\":[{\"@type\":\"ReadAction\",\"target\":[\"https:\\\/\\\/www.ekoenergy.org\\\/ca\\\/our-results\\\/\"]}]},{\"@type\":\"ImageObject\",\"inLanguage\":\"ca\",\"@id\":\"https:\\\/\\\/www.ekoenergy.org\\\/ca\\\/our-results\\\/#primaryimage\",\"url\":\"https:\\\/\\\/www.ekoenergy.org\\\/wp-content\\\/uploads\\\/One-label-six-goals.jpg\",\"contentUrl\":\"https:\\\/\\\/www.ekoenergy.org\\\/wp-content\\\/uploads\\\/One-label-six-goals.jpg\",\"width\":1272,\"height\":831,\"caption\":\"EKOenergy: One label, six goals SDGs\"},{\"@type\":\"BreadcrumbList\",\"@id\":\"https:\\\/\\\/www.ekoenergy.org\\\/ca\\\/our-results\\\/#breadcrumb\",\"itemListElement\":[{\"@type\":\"ListItem\",\"position\":1,\"name\":\"Home\",\"item\":\"https:\\\/\\\/www.ekoenergy.org\\\/ca\\\/\"},{\"@type\":\"ListItem\",\"position\":2,\"name\":\"Els nostres resultats\"}]},{\"@type\":\"WebSite\",\"@id\":\"https:\\\/\\\/www.ekoenergy.org\\\/ca\\\/#website\",\"url\":\"https:\\\/\\\/www.ekoenergy.org\\\/ca\\\/\",\"name\":\"EKOenergy ecolabel\",\"description\":\"The global nonprofit ecolabel for renewable energy\",\"publisher\":{\"@id\":\"https:\\\/\\\/www.ekoenergy.org\\\/ca\\\/#organization\"},\"potentialAction\":[{\"@type\":\"SearchAction\",\"target\":{\"@type\":\"EntryPoint\",\"urlTemplate\":\"https:\\\/\\\/www.ekoenergy.org\\\/ca\\\/?s={search_term_string}\"},\"query-input\":{\"@type\":\"PropertyValueSpecification\",\"valueRequired\":true,\"valueName\":\"search_term_string\"}}],\"inLanguage\":\"ca\"},{\"@type\":\"Organization\",\"@id\":\"https:\\\/\\\/www.ekoenergy.org\\\/ca\\\/#organization\",\"name\":\"Not-for-profit Organisation EKOenergy\",\"url\":\"https:\\\/\\\/www.ekoenergy.org\\\/ca\\\/\",\"logo\":{\"@type\":\"ImageObject\",\"inLanguage\":\"ca\",\"@id\":\"https:\\\/\\\/www.ekoenergy.org\\\/ca\\\/#\\\/schema\\\/logo\\\/image\\\/\",\"url\":\"https:\\\/\\\/www.ekoenergy.org\\\/wp-content\\\/uploads\\\/logo-EKOenergy-no-text.jpg\",\"contentUrl\":\"https:\\\/\\\/www.ekoenergy.org\\\/wp-content\\\/uploads\\\/logo-EKOenergy-no-text.jpg\",\"width\":1600,\"height\":1600,\"caption\":\"Not-for-profit Organisation EKOenergy\"},\"image\":{\"@id\":\"https:\\\/\\\/www.ekoenergy.org\\\/ca\\\/#\\\/schema\\\/logo\\\/image\\\/\"},\"sameAs\":[\"https:\\\/\\\/www.facebook.com\\\/EKOenergy.ecolabel\\\/\",\"https:\\\/\\\/x.com\\\/EKOenergy_\",\"https:\\\/\\\/www.instagram.com\\\/ekoenergy\\\/\",\"https:\\\/\\\/www.linkedin.com\\\/company\\\/ekoenergy-ecolabel\\\/\",\"https:\\\/\\\/www.youtube.com\\\/EKOenergy-ecolabel\",\"https:\\\/\\\/en.wikipedia.org\\\/wiki\\\/EKOenergy\"]}]}<\/script>\n<!-- \/ Yoast SEO plugin. -->","yoast_head_json":{"title":"Els nostres resultats - EKOenergy ecolabel","description":"EKOenergia treballa per a protegir la natura i combatre el canvi clim\u00e0tic. Llegeixi aqu\u00ed sobre els nostres resultats des de l'inici de la nostra activitat al 2013.","robots":{"index":"index","follow":"follow","max-snippet":"max-snippet:-1","max-image-preview":"max-image-preview:large","max-video-preview":"max-video-preview:-1"},"canonical":"https:\/\/www.ekoenergy.org\/ca\/our-results\/","og_locale":"ca_ES","og_type":"article","og_title":"Els nostres resultats - EKOenergy ecolabel","og_description":"EKOenergia treballa per a protegir la natura i combatre el canvi clim\u00e0tic. Llegeixi aqu\u00ed sobre els nostres resultats des de l'inici de la nostra activitat al 2013.","og_url":"https:\/\/www.ekoenergy.org\/ca\/our-results\/","og_site_name":"EKOenergy ecolabel","article_publisher":"https:\/\/www.facebook.com\/EKOenergy.ecolabel\/","article_modified_time":"2021-02-05T15:15:27+00:00","og_image":[{"width":1272,"height":831,"url":"https:\/\/www.ekoenergy.org\/wp-content\/uploads\/One-label-six-goals.jpg","type":"image\/jpeg"}],"twitter_card":"summary_large_image","twitter_site":"@EKOenergy_","twitter_misc":{"Temps estimat de lectura":"4 minuts"},"schema":{"@context":"https:\/\/schema.org","@graph":[{"@type":"WebPage","@id":"https:\/\/www.ekoenergy.org\/ca\/our-results\/","url":"https:\/\/www.ekoenergy.org\/ca\/our-results\/","name":"Els nostres resultats - EKOenergy ecolabel","isPartOf":{"@id":"https:\/\/www.ekoenergy.org\/ca\/#website"},"primaryImageOfPage":{"@id":"https:\/\/www.ekoenergy.org\/ca\/our-results\/#primaryimage"},"image":{"@id":"https:\/\/www.ekoenergy.org\/ca\/our-results\/#primaryimage"},"thumbnailUrl":"https:\/\/www.ekoenergy.org\/wp-content\/uploads\/One-label-six-goals.jpg","datePublished":"2019-12-04T13:51:33+00:00","dateModified":"2021-02-05T15:15:27+00:00","description":"EKOenergia treballa per a protegir la natura i combatre el canvi clim\u00e0tic. Llegeixi aqu\u00ed sobre els nostres resultats des de l'inici de la nostra activitat al 2013.","breadcrumb":{"@id":"https:\/\/www.ekoenergy.org\/ca\/our-results\/#breadcrumb"},"inLanguage":"ca","potentialAction":[{"@type":"ReadAction","target":["https:\/\/www.ekoenergy.org\/ca\/our-results\/"]}]},{"@type":"ImageObject","inLanguage":"ca","@id":"https:\/\/www.ekoenergy.org\/ca\/our-results\/#primaryimage","url":"https:\/\/www.ekoenergy.org\/wp-content\/uploads\/One-label-six-goals.jpg","contentUrl":"https:\/\/www.ekoenergy.org\/wp-content\/uploads\/One-label-six-goals.jpg","width":1272,"height":831,"caption":"EKOenergy: One label, six goals SDGs"},{"@type":"BreadcrumbList","@id":"https:\/\/www.ekoenergy.org\/ca\/our-results\/#breadcrumb","itemListElement":[{"@type":"ListItem","position":1,"name":"Home","item":"https:\/\/www.ekoenergy.org\/ca\/"},{"@type":"ListItem","position":2,"name":"Els nostres resultats"}]},{"@type":"WebSite","@id":"https:\/\/www.ekoenergy.org\/ca\/#website","url":"https:\/\/www.ekoenergy.org\/ca\/","name":"EKOenergy ecolabel","description":"The global nonprofit ecolabel for renewable energy","publisher":{"@id":"https:\/\/www.ekoenergy.org\/ca\/#organization"},"potentialAction":[{"@type":"SearchAction","target":{"@type":"EntryPoint","urlTemplate":"https:\/\/www.ekoenergy.org\/ca\/?s={search_term_string}"},"query-input":{"@type":"PropertyValueSpecification","valueRequired":true,"valueName":"search_term_string"}}],"inLanguage":"ca"},{"@type":"Organization","@id":"https:\/\/www.ekoenergy.org\/ca\/#organization","name":"Not-for-profit Organisation EKOenergy","url":"https:\/\/www.ekoenergy.org\/ca\/","logo":{"@type":"ImageObject","inLanguage":"ca","@id":"https:\/\/www.ekoenergy.org\/ca\/#\/schema\/logo\/image\/","url":"https:\/\/www.ekoenergy.org\/wp-content\/uploads\/logo-EKOenergy-no-text.jpg","contentUrl":"https:\/\/www.ekoenergy.org\/wp-content\/uploads\/logo-EKOenergy-no-text.jpg","width":1600,"height":1600,"caption":"Not-for-profit Organisation EKOenergy"},"image":{"@id":"https:\/\/www.ekoenergy.org\/ca\/#\/schema\/logo\/image\/"},"sameAs":["https:\/\/www.facebook.com\/EKOenergy.ecolabel\/","https:\/\/x.com\/EKOenergy_","https:\/\/www.instagram.com\/ekoenergy\/","https:\/\/www.linkedin.com\/company\/ekoenergy-ecolabel\/","https:\/\/www.youtube.com\/EKOenergy-ecolabel","https:\/\/en.wikipedia.org\/wiki\/EKOenergy"]}]}},"uagb_featured_image_src":{"full":["https:\/\/www.ekoenergy.org\/wp-content\/uploads\/One-label-six-goals.jpg",1272,831,false],"thumbnail":["https:\/\/www.ekoenergy.org\/wp-content\/uploads\/One-label-six-goals-150x150.jpg",150,150,true],"medium":["https:\/\/www.ekoenergy.org\/wp-content\/uploads\/One-label-six-goals-320x209.jpg",320,209,true],"medium_large":["https:\/\/www.ekoenergy.org\/wp-content\/uploads\/One-label-six-goals-768x502.jpg",768,502,true],"large":["https:\/\/www.ekoenergy.org\/wp-content\/uploads\/One-label-six-goals-1024x669.jpg",1024,669,true],"1536x1536":["https:\/\/www.ekoenergy.org\/wp-content\/uploads\/One-label-six-goals.jpg",1272,831,false],"2048x2048":["https:\/\/www.ekoenergy.org\/wp-content\/uploads\/One-label-six-goals.jpg",1272,831,false]},"uagb_author_info":{"display_name":"EKOenergy ecolabel","author_link":"https:\/\/www.ekoenergy.org\/ca\/author\/ekoenergy\/"},"uagb_comment_info":0,"uagb_excerpt":"Els nostres resultats EKOenergia treballa per protegir la natura i combatre el canvi clim\u00e0tic ajudant els consumidors d\u2019energia a canviar al 100% d\u2019energia renovable i sostenible. Des dels nostres inicis al 2013, hem recorregut un llarg cam\u00ed. El nostre progr\u00e9s es detalla a la mem\u00f2ria: \u201cEKOenergia, Primers cinc anys: 2013-2018\u201d Promovem l\u2019\u00fas d\u2019energia renovable a&hellip;","_links":{"self":[{"href":"https:\/\/www.ekoenergy.org\/ca\/wp-json\/wp\/v2\/pages\/2803","targetHints":{"allow":["GET"]}}],"collection":[{"href":"https:\/\/www.ekoenergy.org\/ca\/wp-json\/wp\/v2\/pages"}],"about":[{"href":"https:\/\/www.ekoenergy.org\/ca\/wp-json\/wp\/v2\/types\/page"}],"author":[{"embeddable":true,"href":"https:\/\/www.ekoenergy.org\/ca\/wp-json\/wp\/v2\/users\/17"}],"replies":[{"embeddable":true,"href":"https:\/\/www.ekoenergy.org\/ca\/wp-json\/wp\/v2\/comments?post=2803"}],"version-history":[{"count":3,"href":"https:\/\/www.ekoenergy.org\/ca\/wp-json\/wp\/v2\/pages\/2803\/revisions"}],"predecessor-version":[{"id":94068,"href":"https:\/\/www.ekoenergy.org\/ca\/wp-json\/wp\/v2\/pages\/2803\/revisions\/94068"}],"wp:featuredmedia":[{"embeddable":true,"href":"https:\/\/www.ekoenergy.org\/ca\/wp-json\/wp\/v2\/media\/94071"}],"wp:attachment":[{"href":"https:\/\/www.ekoenergy.org\/ca\/wp-json\/wp\/v2\/media?parent=2803"}],"curies":[{"name":"wp","href":"https:\/\/api.w.org\/{rel}","templated":true}]}}