{"id":3618,"date":"2019-12-04T13:53:51","date_gmt":"2019-12-04T13:53:51","guid":{"rendered":"https:\/\/www.ekoenergy.org\/our-results\/freshabit\/"},"modified":"2020-02-05T14:01:11","modified_gmt":"2020-02-05T14:01:11","slug":"freshabit","status":"publish","type":"page","link":"https:\/\/www.ekoenergy.org\/ca\/our-results\/freshabit\/","title":{"rendered":"FRESHABIT LIFE per energia hidr\u00e0ulica m\u00e9s sostenible"},"content":{"rendered":"\n<h1 class=\"wp-block-heading\">Freshabit LIFE restaura els h\u00e0bitats d&#8217;aigua dol\u00e7a a Finl\u00e0ndia<\/h1>\n\n\n\n<div class=\"wp-block-image\"><figure class=\"alignright size-large is-resized\"><img decoding=\"async\" src=\"https:\/\/www.ekoenergy.org\/wp-content\/uploads\/FRESHABIT-logo.png\" alt=\"FRESHABIT logo\" class=\"wp-image-13455\" width=\"202\" height=\"178\"\/><\/figure><\/div>\n\n\n\n<p>EKOenergia i l&#8217;Associaci\u00f3 Finlandesa per a la Conservaci\u00f3 de la Naturalesa (FANC, per les seves sigles en angl\u00e8s) participen en el projecte LIFE de la UE per als h\u00e0bitats d&#8217;aigua dol\u00e7a en 2016-2022. Mets\u00e4hallitus (el Servei de Boscos i Parcs de Finl\u00e0ndia) coordina aquest projecte a gran escala. Altres socis inclouen autoritats estatals i locals, aix\u00ed com organitzacions no governamentals. L&#8217;objectiu del projecte FRESHABIT \u00e9s millorar l&#8217;estat ecol\u00f2gic dels llacs, rius i rierols de Finl\u00e0ndia. Els m\u00e8todes utilitzats van des de la restauraci\u00f3 dels rius fins a l&#8217;educaci\u00f3 i recerca mediambiental.<\/p>\n\n\n\n<h2 class=\"wp-block-heading\">Quin \u00e9s el paper de EKOenergia en el projecte?<\/h2>\n\n\n\n<h3 class=\"wp-block-heading\">Comuniquem sobre l&#8217;impacte de l&#8217;energia hidroel\u00e8ctrica<\/h3>\n\n\n\n<p>Durant el projecte, difonem informaci\u00f3 sobre els impactes de l&#8217;energia hidroel\u00e8ctrica en la natura i sobre les possibilitats de mitigar-los.<\/p>\n\n\n\n<ul class=\"wp-block-list\"><li>Organitzem un seminari sobre passatges de peixos. Els materials estan disponibles en<a href=\"https:\/\/www.sll.fi\/mita-me-teemme\/vedet\/freshabit-life-vesistohanke\/tapahtumat-kalatieseminaari\" target=\"_blank\" rel=\"noreferrer noopener\" aria-label=\" sll.fi\/kalatieseminaari. (opens in a new tab)\"> sll.fi\/kalatieseminaari.<\/a><\/li><li>Vam crear un lloc web de f\u00e0cil comprensi\u00f3 sobre els impactes de  l&#8217;energia hidroel\u00e8ctrica en la naturalesa, i sobre com mitigar-los. La  major part del lloc est\u00e0 en finland\u00e8s, per\u00f2 algunes p\u00e0gines tamb\u00e9 estan  disponibles en angl\u00e8s. Vegeu <a href=\"https:\/\/www.vesivoimanluonto.org\/\" target=\"_blank\" rel=\"noreferrer noopener\" aria-label=\"www.vesivoimanluonto.org (opens in a new tab)\">www.vesivoimanluonto.org<\/a><\/li><li>Ens reunim anualment amb desenes de grans consumidors d&#8217;energia i els animem que tinguin en compte l&#8217;impacte que el seu consum d&#8217;energia t\u00e9 en la natura.<\/li><li>Vam crear una campanya d&#8217;energia hidroel\u00e8ctrica en 2018.                                                                                                                                                                                                                                                <\/li><\/ul>\n\n\n\n<h3 class=\"wp-block-heading\">Hem actualitzat els criteris d&#8217;EKOenergia per a l&#8217;energia hidroel\u00e8ctrica<\/h3>\n\n\n\n<p>Com a part del projecte Freshabit, hem actualitzat els criteris d&#8217;energia hidroel\u00e8ctrica de EKOenerg\u00eda. Vegi la secci\u00f3 de <a href=\"https:\/\/www.ekoenergy.org\/ca\/ecolabel\/criteria\/\">criteris de la nostra p\u00e0gina web.<\/a><\/p>\n\n\n\n<h2 class=\"wp-block-heading\">LIFE?<\/h2>\n\n\n\n<div class=\"wp-block-image\"><figure class=\"alignleft size-large is-resized\"><img decoding=\"async\" src=\"https:\/\/www.ekoenergy.org\/wp-content\/uploads\/Logo_Life_Natura2000.jpg\" alt=\"Logo_Life_Natura2000\" class=\"wp-image-13303\" width=\"127\" height=\"203\"\/><\/figure><\/div>\n\n\n\n<p><em>El programa LIFE \u00e9s l&#8217;instrument de finan\u00e7ament de la UE per a donar suport a projectes mediambientals i de canvi clim\u00e0tic. El component de naturalesa i biodiversitat de LIFE cofinan\u00e7a projectes de millors pr\u00e0ctiques en mat\u00e8ria de naturalesa. Se centra en l&#8217;aplicaci\u00f3 de les directives europees sobre ocells i h\u00e0bitats i en la gesti\u00f3 de la xarxa Natura 2000. Natura 2000 \u00e9s la xarxa europea de zones naturals importants.<\/em><\/p>\n\n\n\n<p><em>Freshabit LIFE \u00e9s el major projecte LIFE realitzat a Finl\u00e0ndia.<\/em><\/p>\n","protected":false},"excerpt":{"rendered":"<p>Freshabit LIFE restaura els h\u00e0bitats d&#8217;aigua dol\u00e7a a Finl\u00e0ndia EKOenergia i l&#8217;Associaci\u00f3 Finlandesa per a la Conservaci\u00f3 de la Naturalesa (FANC, per les seves sigles en angl\u00e8s) participen en el projecte LIFE de la UE per als h\u00e0bitats d&#8217;aigua dol\u00e7a en 2016-2022. Mets\u00e4hallitus (el Servei de Boscos i Parcs de Finl\u00e0ndia) coordina aquest projecte a [&hellip;]<\/p>\n","protected":false},"author":17,"featured_media":38301,"parent":2803,"menu_order":4,"comment_status":"closed","ping_status":"closed","template":"","meta":{"inline_featured_image":false,"_uag_custom_page_level_css":"","site-sidebar-layout":"default","site-content-layout":"default","ast-site-content-layout":"default","site-content-style":"default","site-sidebar-style":"default","ast-global-header-display":"","ast-banner-title-visibility":"","ast-main-header-display":"","ast-hfb-above-header-display":"","ast-hfb-below-header-display":"","ast-hfb-mobile-header-display":"","site-post-title":"disabled","ast-breadcrumbs-content":"","ast-featured-img":"","footer-sml-layout":"","ast-disable-related-posts":"","theme-transparent-header-meta":"default","adv-header-id-meta":"","stick-header-meta":"default","header-above-stick-meta":"","header-main-stick-meta":"","header-below-stick-meta":"","astra-migrate-meta-layouts":"default","ast-page-background-enabled":"default","ast-page-background-meta":{"desktop":{"background-color":"","background-image":"","background-repeat":"repeat","background-position":"center center","background-size":"auto","background-attachment":"scroll","background-type":"","background-media":"","overlay-type":"","overlay-color":"","overlay-opacity":"","overlay-gradient":""},"tablet":{"background-color":"","background-image":"","background-repeat":"repeat","background-position":"center center","background-size":"auto","background-attachment":"scroll","background-type":"","background-media":"","overlay-type":"","overlay-color":"","overlay-opacity":"","overlay-gradient":""},"mobile":{"background-color":"","background-image":"","background-repeat":"repeat","background-position":"center center","background-size":"auto","background-attachment":"scroll","background-type":"","background-media":"","overlay-type":"","overlay-color":"","overlay-opacity":"","overlay-gradient":""}},"ast-content-background-meta":{"desktop":{"background-color":"var(--ast-global-color-5)","background-image":"","background-repeat":"repeat","background-position":"center center","background-size":"auto","background-attachment":"scroll","background-type":"","background-media":"","overlay-type":"","overlay-color":"","overlay-opacity":"","overlay-gradient":""},"tablet":{"background-color":"var(--ast-global-color-5)","background-image":"","background-repeat":"repeat","background-position":"center center","background-size":"auto","background-attachment":"scroll","background-type":"","background-media":"","overlay-type":"","overlay-color":"","overlay-opacity":"","overlay-gradient":""},"mobile":{"background-color":"var(--ast-global-color-5)","background-image":"","background-repeat":"repeat","background-position":"center center","background-size":"auto","background-attachment":"scroll","background-type":"","background-media":"","overlay-type":"","overlay-color":"","overlay-opacity":"","overlay-gradient":""}},"footnotes":""},"class_list":["post-3618","page","type-page","status-publish","has-post-thumbnail","hentry"],"yoast_head":"<!-- This site is optimized with the Yoast SEO plugin v27.5 - https:\/\/yoast.com\/product\/yoast-seo-wordpress\/ -->\n<title>FRESHABIT LIFE per energia hidr\u00e0ulica m\u00e9s sostenible - EKOenergy ecolabel<\/title>\n<meta name=\"description\" content=\"EKOenergia i l&#039;Associaci\u00f3 Finlandesa per a la Conservaci\u00f3 de la Naturalesa (FANC, per les seves sigles en angl\u00e8s) participen en el projecte LIFE de la UE per als h\u00e0bitats d&#039;aigua dol\u00e7a en 2016-2022.\" \/>\n<meta name=\"robots\" content=\"index, follow, max-snippet:-1, max-image-preview:large, max-video-preview:-1\" \/>\n<link rel=\"canonical\" href=\"https:\/\/www.ekoenergy.org\/ca\/our-results\/freshabit\/\" \/>\n<meta property=\"og:locale\" content=\"ca_ES\" \/>\n<meta property=\"og:type\" content=\"article\" \/>\n<meta property=\"og:title\" content=\"FRESHABIT LIFE per energia hidr\u00e0ulica m\u00e9s sostenible - EKOenergy ecolabel\" \/>\n<meta property=\"og:description\" content=\"EKOenergia i l&#039;Associaci\u00f3 Finlandesa per a la Conservaci\u00f3 de la Naturalesa (FANC, per les seves sigles en angl\u00e8s) participen en el projecte LIFE de la UE per als h\u00e0bitats d&#039;aigua dol\u00e7a en 2016-2022.\" \/>\n<meta property=\"og:url\" content=\"https:\/\/www.ekoenergy.org\/ca\/our-results\/freshabit\/\" \/>\n<meta property=\"og:site_name\" content=\"EKOenergy ecolabel\" \/>\n<meta property=\"article:publisher\" content=\"https:\/\/www.facebook.com\/EKOenergy.ecolabel\/\" \/>\n<meta property=\"article:modified_time\" content=\"2020-02-05T14:01:11+00:00\" \/>\n<meta property=\"og:image\" content=\"https:\/\/www.ekoenergy.org\/wp-content\/uploads\/Featured-Hydropower-Freshabit.jpg\" \/>\n\t<meta property=\"og:image:width\" content=\"700\" \/>\n\t<meta property=\"og:image:height\" content=\"507\" \/>\n\t<meta property=\"og:image:type\" content=\"image\/jpeg\" \/>\n<meta name=\"twitter:card\" content=\"summary_large_image\" \/>\n<meta name=\"twitter:site\" content=\"@EKOenergy_\" \/>\n<meta name=\"twitter:label1\" content=\"Temps estimat de lectura\" \/>\n\t<meta name=\"twitter:data1\" content=\"2 minuts\" \/>\n<script type=\"application\/ld+json\" class=\"yoast-schema-graph\">{\"@context\":\"https:\\\/\\\/schema.org\",\"@graph\":[{\"@type\":\"WebPage\",\"@id\":\"https:\\\/\\\/www.ekoenergy.org\\\/ca\\\/our-results\\\/freshabit\\\/\",\"url\":\"https:\\\/\\\/www.ekoenergy.org\\\/ca\\\/our-results\\\/freshabit\\\/\",\"name\":\"FRESHABIT LIFE per energia hidr\u00e0ulica m\u00e9s sostenible - EKOenergy ecolabel\",\"isPartOf\":{\"@id\":\"https:\\\/\\\/www.ekoenergy.org\\\/ca\\\/#website\"},\"primaryImageOfPage\":{\"@id\":\"https:\\\/\\\/www.ekoenergy.org\\\/ca\\\/our-results\\\/freshabit\\\/#primaryimage\"},\"image\":{\"@id\":\"https:\\\/\\\/www.ekoenergy.org\\\/ca\\\/our-results\\\/freshabit\\\/#primaryimage\"},\"thumbnailUrl\":\"https:\\\/\\\/www.ekoenergy.org\\\/wp-content\\\/uploads\\\/post-River-restoration-ekoenergy-team-2019.jpg\",\"datePublished\":\"2019-12-04T13:53:51+00:00\",\"dateModified\":\"2020-02-05T14:01:11+00:00\",\"description\":\"EKOenergia i l'Associaci\u00f3 Finlandesa per a la Conservaci\u00f3 de la Naturalesa (FANC, per les seves sigles en angl\u00e8s) participen en el projecte LIFE de la UE per als h\u00e0bitats d'aigua dol\u00e7a en 2016-2022.\",\"breadcrumb\":{\"@id\":\"https:\\\/\\\/www.ekoenergy.org\\\/ca\\\/our-results\\\/freshabit\\\/#breadcrumb\"},\"inLanguage\":\"ca\",\"potentialAction\":[{\"@type\":\"ReadAction\",\"target\":[\"https:\\\/\\\/www.ekoenergy.org\\\/ca\\\/our-results\\\/freshabit\\\/\"]}]},{\"@type\":\"ImageObject\",\"inLanguage\":\"ca\",\"@id\":\"https:\\\/\\\/www.ekoenergy.org\\\/ca\\\/our-results\\\/freshabit\\\/#primaryimage\",\"url\":\"https:\\\/\\\/www.ekoenergy.org\\\/wp-content\\\/uploads\\\/post-River-restoration-ekoenergy-team-2019.jpg\",\"contentUrl\":\"https:\\\/\\\/www.ekoenergy.org\\\/wp-content\\\/uploads\\\/post-River-restoration-ekoenergy-team-2019.jpg\",\"width\":720,\"height\":540},{\"@type\":\"BreadcrumbList\",\"@id\":\"https:\\\/\\\/www.ekoenergy.org\\\/ca\\\/our-results\\\/freshabit\\\/#breadcrumb\",\"itemListElement\":[{\"@type\":\"ListItem\",\"position\":1,\"name\":\"Home\",\"item\":\"https:\\\/\\\/www.ekoenergy.org\\\/ca\\\/\"},{\"@type\":\"ListItem\",\"position\":2,\"name\":\"Els nostres resultats\",\"item\":\"https:\\\/\\\/www.ekoenergy.org\\\/ca\\\/our-results\\\/\"},{\"@type\":\"ListItem\",\"position\":3,\"name\":\"FRESHABIT LIFE per energia hidr\u00e0ulica m\u00e9s sostenible\"}]},{\"@type\":\"WebSite\",\"@id\":\"https:\\\/\\\/www.ekoenergy.org\\\/ca\\\/#website\",\"url\":\"https:\\\/\\\/www.ekoenergy.org\\\/ca\\\/\",\"name\":\"EKOenergy ecolabel\",\"description\":\"The global nonprofit ecolabel for renewable energy\",\"publisher\":{\"@id\":\"https:\\\/\\\/www.ekoenergy.org\\\/ca\\\/#organization\"},\"potentialAction\":[{\"@type\":\"SearchAction\",\"target\":{\"@type\":\"EntryPoint\",\"urlTemplate\":\"https:\\\/\\\/www.ekoenergy.org\\\/ca\\\/?s={search_term_string}\"},\"query-input\":{\"@type\":\"PropertyValueSpecification\",\"valueRequired\":true,\"valueName\":\"search_term_string\"}}],\"inLanguage\":\"ca\"},{\"@type\":\"Organization\",\"@id\":\"https:\\\/\\\/www.ekoenergy.org\\\/ca\\\/#organization\",\"name\":\"Not-for-profit Organisation EKOenergy\",\"url\":\"https:\\\/\\\/www.ekoenergy.org\\\/ca\\\/\",\"logo\":{\"@type\":\"ImageObject\",\"inLanguage\":\"ca\",\"@id\":\"https:\\\/\\\/www.ekoenergy.org\\\/ca\\\/#\\\/schema\\\/logo\\\/image\\\/\",\"url\":\"https:\\\/\\\/www.ekoenergy.org\\\/wp-content\\\/uploads\\\/logo-EKOenergy-no-text.jpg\",\"contentUrl\":\"https:\\\/\\\/www.ekoenergy.org\\\/wp-content\\\/uploads\\\/logo-EKOenergy-no-text.jpg\",\"width\":1600,\"height\":1600,\"caption\":\"Not-for-profit Organisation EKOenergy\"},\"image\":{\"@id\":\"https:\\\/\\\/www.ekoenergy.org\\\/ca\\\/#\\\/schema\\\/logo\\\/image\\\/\"},\"sameAs\":[\"https:\\\/\\\/www.facebook.com\\\/EKOenergy.ecolabel\\\/\",\"https:\\\/\\\/x.com\\\/EKOenergy_\",\"https:\\\/\\\/www.instagram.com\\\/ekoenergy\\\/\",\"https:\\\/\\\/www.linkedin.com\\\/company\\\/ekoenergy-ecolabel\\\/\",\"https:\\\/\\\/www.youtube.com\\\/EKOenergy-ecolabel\",\"https:\\\/\\\/en.wikipedia.org\\\/wiki\\\/EKOenergy\"]}]}<\/script>\n<!-- \/ Yoast SEO plugin. -->","yoast_head_json":{"title":"FRESHABIT LIFE per energia hidr\u00e0ulica m\u00e9s sostenible - EKOenergy ecolabel","description":"EKOenergia i l'Associaci\u00f3 Finlandesa per a la Conservaci\u00f3 de la Naturalesa (FANC, per les seves sigles en angl\u00e8s) participen en el projecte LIFE de la UE per als h\u00e0bitats d'aigua dol\u00e7a en 2016-2022.","robots":{"index":"index","follow":"follow","max-snippet":"max-snippet:-1","max-image-preview":"max-image-preview:large","max-video-preview":"max-video-preview:-1"},"canonical":"https:\/\/www.ekoenergy.org\/ca\/our-results\/freshabit\/","og_locale":"ca_ES","og_type":"article","og_title":"FRESHABIT LIFE per energia hidr\u00e0ulica m\u00e9s sostenible - EKOenergy ecolabel","og_description":"EKOenergia i l'Associaci\u00f3 Finlandesa per a la Conservaci\u00f3 de la Naturalesa (FANC, per les seves sigles en angl\u00e8s) participen en el projecte LIFE de la UE per als h\u00e0bitats d'aigua dol\u00e7a en 2016-2022.","og_url":"https:\/\/www.ekoenergy.org\/ca\/our-results\/freshabit\/","og_site_name":"EKOenergy ecolabel","article_publisher":"https:\/\/www.facebook.com\/EKOenergy.ecolabel\/","article_modified_time":"2020-02-05T14:01:11+00:00","og_image":[{"width":700,"height":507,"url":"https:\/\/www.ekoenergy.org\/wp-content\/uploads\/Featured-Hydropower-Freshabit.jpg","type":"image\/jpeg"}],"twitter_card":"summary_large_image","twitter_site":"@EKOenergy_","twitter_misc":{"Temps estimat de lectura":"2 minuts"},"schema":{"@context":"https:\/\/schema.org","@graph":[{"@type":"WebPage","@id":"https:\/\/www.ekoenergy.org\/ca\/our-results\/freshabit\/","url":"https:\/\/www.ekoenergy.org\/ca\/our-results\/freshabit\/","name":"FRESHABIT LIFE per energia hidr\u00e0ulica m\u00e9s sostenible - EKOenergy ecolabel","isPartOf":{"@id":"https:\/\/www.ekoenergy.org\/ca\/#website"},"primaryImageOfPage":{"@id":"https:\/\/www.ekoenergy.org\/ca\/our-results\/freshabit\/#primaryimage"},"image":{"@id":"https:\/\/www.ekoenergy.org\/ca\/our-results\/freshabit\/#primaryimage"},"thumbnailUrl":"https:\/\/www.ekoenergy.org\/wp-content\/uploads\/post-River-restoration-ekoenergy-team-2019.jpg","datePublished":"2019-12-04T13:53:51+00:00","dateModified":"2020-02-05T14:01:11+00:00","description":"EKOenergia i l'Associaci\u00f3 Finlandesa per a la Conservaci\u00f3 de la Naturalesa (FANC, per les seves sigles en angl\u00e8s) participen en el projecte LIFE de la UE per als h\u00e0bitats d'aigua dol\u00e7a en 2016-2022.","breadcrumb":{"@id":"https:\/\/www.ekoenergy.org\/ca\/our-results\/freshabit\/#breadcrumb"},"inLanguage":"ca","potentialAction":[{"@type":"ReadAction","target":["https:\/\/www.ekoenergy.org\/ca\/our-results\/freshabit\/"]}]},{"@type":"ImageObject","inLanguage":"ca","@id":"https:\/\/www.ekoenergy.org\/ca\/our-results\/freshabit\/#primaryimage","url":"https:\/\/www.ekoenergy.org\/wp-content\/uploads\/post-River-restoration-ekoenergy-team-2019.jpg","contentUrl":"https:\/\/www.ekoenergy.org\/wp-content\/uploads\/post-River-restoration-ekoenergy-team-2019.jpg","width":720,"height":540},{"@type":"BreadcrumbList","@id":"https:\/\/www.ekoenergy.org\/ca\/our-results\/freshabit\/#breadcrumb","itemListElement":[{"@type":"ListItem","position":1,"name":"Home","item":"https:\/\/www.ekoenergy.org\/ca\/"},{"@type":"ListItem","position":2,"name":"Els nostres resultats","item":"https:\/\/www.ekoenergy.org\/ca\/our-results\/"},{"@type":"ListItem","position":3,"name":"FRESHABIT LIFE per energia hidr\u00e0ulica m\u00e9s sostenible"}]},{"@type":"WebSite","@id":"https:\/\/www.ekoenergy.org\/ca\/#website","url":"https:\/\/www.ekoenergy.org\/ca\/","name":"EKOenergy ecolabel","description":"The global nonprofit ecolabel for renewable energy","publisher":{"@id":"https:\/\/www.ekoenergy.org\/ca\/#organization"},"potentialAction":[{"@type":"SearchAction","target":{"@type":"EntryPoint","urlTemplate":"https:\/\/www.ekoenergy.org\/ca\/?s={search_term_string}"},"query-input":{"@type":"PropertyValueSpecification","valueRequired":true,"valueName":"search_term_string"}}],"inLanguage":"ca"},{"@type":"Organization","@id":"https:\/\/www.ekoenergy.org\/ca\/#organization","name":"Not-for-profit Organisation EKOenergy","url":"https:\/\/www.ekoenergy.org\/ca\/","logo":{"@type":"ImageObject","inLanguage":"ca","@id":"https:\/\/www.ekoenergy.org\/ca\/#\/schema\/logo\/image\/","url":"https:\/\/www.ekoenergy.org\/wp-content\/uploads\/logo-EKOenergy-no-text.jpg","contentUrl":"https:\/\/www.ekoenergy.org\/wp-content\/uploads\/logo-EKOenergy-no-text.jpg","width":1600,"height":1600,"caption":"Not-for-profit Organisation EKOenergy"},"image":{"@id":"https:\/\/www.ekoenergy.org\/ca\/#\/schema\/logo\/image\/"},"sameAs":["https:\/\/www.facebook.com\/EKOenergy.ecolabel\/","https:\/\/x.com\/EKOenergy_","https:\/\/www.instagram.com\/ekoenergy\/","https:\/\/www.linkedin.com\/company\/ekoenergy-ecolabel\/","https:\/\/www.youtube.com\/EKOenergy-ecolabel","https:\/\/en.wikipedia.org\/wiki\/EKOenergy"]}]}},"uagb_featured_image_src":{"full":["https:\/\/www.ekoenergy.org\/wp-content\/uploads\/post-River-restoration-ekoenergy-team-2019.jpg",720,540,false],"thumbnail":["https:\/\/www.ekoenergy.org\/wp-content\/uploads\/post-River-restoration-ekoenergy-team-2019-150x150.jpg",150,150,true],"medium":["https:\/\/www.ekoenergy.org\/wp-content\/uploads\/post-River-restoration-ekoenergy-team-2019-320x240.jpg",320,240,true],"medium_large":["https:\/\/www.ekoenergy.org\/wp-content\/uploads\/post-River-restoration-ekoenergy-team-2019.jpg",720,540,false],"large":["https:\/\/www.ekoenergy.org\/wp-content\/uploads\/post-River-restoration-ekoenergy-team-2019.jpg",720,540,false],"1536x1536":["https:\/\/www.ekoenergy.org\/wp-content\/uploads\/post-River-restoration-ekoenergy-team-2019.jpg",720,540,false],"2048x2048":["https:\/\/www.ekoenergy.org\/wp-content\/uploads\/post-River-restoration-ekoenergy-team-2019.jpg",720,540,false]},"uagb_author_info":{"display_name":"EKOenergy ecolabel","author_link":"https:\/\/www.ekoenergy.org\/ca\/author\/ekoenergy\/"},"uagb_comment_info":0,"uagb_excerpt":"Freshabit LIFE restaura els h\u00e0bitats d&#8217;aigua dol\u00e7a a Finl\u00e0ndia EKOenergia i l&#8217;Associaci\u00f3 Finlandesa per a la Conservaci\u00f3 de la Naturalesa (FANC, per les seves sigles en angl\u00e8s) participen en el projecte LIFE de la UE per als h\u00e0bitats d&#8217;aigua dol\u00e7a en 2016-2022. Mets\u00e4hallitus (el Servei de Boscos i Parcs de Finl\u00e0ndia) coordina aquest projecte a&hellip;","_links":{"self":[{"href":"https:\/\/www.ekoenergy.org\/ca\/wp-json\/wp\/v2\/pages\/3618","targetHints":{"allow":["GET"]}}],"collection":[{"href":"https:\/\/www.ekoenergy.org\/ca\/wp-json\/wp\/v2\/pages"}],"about":[{"href":"https:\/\/www.ekoenergy.org\/ca\/wp-json\/wp\/v2\/types\/page"}],"author":[{"embeddable":true,"href":"https:\/\/www.ekoenergy.org\/ca\/wp-json\/wp\/v2\/users\/17"}],"replies":[{"embeddable":true,"href":"https:\/\/www.ekoenergy.org\/ca\/wp-json\/wp\/v2\/comments?post=3618"}],"version-history":[{"count":6,"href":"https:\/\/www.ekoenergy.org\/ca\/wp-json\/wp\/v2\/pages\/3618\/revisions"}],"predecessor-version":[{"id":43677,"href":"https:\/\/www.ekoenergy.org\/ca\/wp-json\/wp\/v2\/pages\/3618\/revisions\/43677"}],"up":[{"embeddable":true,"href":"https:\/\/www.ekoenergy.org\/ca\/wp-json\/wp\/v2\/pages\/2803"}],"wp:featuredmedia":[{"embeddable":true,"href":"https:\/\/www.ekoenergy.org\/ca\/wp-json\/wp\/v2\/media\/38301"}],"wp:attachment":[{"href":"https:\/\/www.ekoenergy.org\/ca\/wp-json\/wp\/v2\/media?parent=3618"}],"curies":[{"name":"wp","href":"https:\/\/api.w.org\/{rel}","templated":true}]}}