{"id":4025,"date":"2019-12-04T13:39:18","date_gmt":"2019-12-04T13:39:18","guid":{"rendered":"https:\/\/www.ekoenergy.org\/ecolabel\/official-text\/new-ekoenergy-from-own-installations\/"},"modified":"2020-06-09T12:43:41","modified_gmt":"2020-06-09T12:43:41","slug":"on-site-installations","status":"publish","type":"page","link":"https:\/\/www.ekoenergy.org\/ca\/ecolabel\/criteria\/on-site-installations\/","title":{"rendered":"Instal\u00b7lacions in-situ"},"content":{"rendered":"\n<h1 class=\"wp-block-heading\">EKOenergia per a instal\u00b7lacions in-situ i PPAs<\/h1>\n\n\n\n<p>L&#8217;ecoetiqueta d&#8217;EKOenergia\u00a0pot combinar-se amb tot tipus de fonts d&#8217;electricitat renovable. Per exemple, l&#8217;etiqueta ecol\u00f2gica tamb\u00e9 pot utilitzar-se per al consum d&#8217;energia renovable dels acords de compra d&#8217;energia (PPAs)\u00a0i les instal\u00b7lacions\u00a0in-situ.<\/p>\n\n\n\n<p>Hi ha m\u00e9s informaci\u00f3 disponible per als consumidors que estiguin considerant utilitzar el nom i el logotip d&#8217;EKOenergia\u00a0en les seves comunicacions en <a href=\"https:\/\/www.ekoenergy.org\/ca\/extras\/logo\/\">aquesta p\u00e0gina<\/a> i en el <a rel=\"noreferrer noopener\" href=\"https:\/\/www.ekoenergy.org\/wp-content\/uploads\/EKOenergy_Brand_book_english.pdf\" target=\"_blank\">Llibre de Marca d&#8217;EKOenergia<\/a>.<\/p>\n\n\n\n<h2 class=\"wp-block-heading\">L&#8217;ecoetiqueta\u00a0EKOenergia\u00a0per a acords de compra d&#8217;energia (PPAs)<\/h2>\n\n\n\n<p>L&#8217;energia renovable comprada a trav\u00e9s d&#8217;un contracte\u00a0PPA\u00a0pot ser etiquetada com\u00a0EKOenergia\u00a0si es compleixen totes les nostres condicions. Vegi els cap\u00edtols sobre <a href=\"https:\/\/www.ekoenergy.org\/ca\/ecolabel\/criteria\/electricity\/\">electricitat<\/a>, <a href=\"https:\/\/www.ekoenergy.org\/ca\/ecolabel\/criteria\/ekoenergy-gas\/\">gas <\/a>i <a href=\"https:\/\/www.ekoenergy.org\/ca\/ecolabel\/criteria\/renewable-heat\/\">calor <\/a>per a m\u00e9s informaci\u00f3.<\/p>\n\n\n\n<p>Almenys una de les parts contractuals directament involucrades (prove\u00efdor d&#8217;energia, prove\u00efdor de serveis, empresa d&#8217;instal\u00b7laci\u00f3, el consumidor, etc.) ha de ser un\u00a0llicenciatari\u00a0d&#8217;EKOenergia.<\/p>\n\n\n\n<p>Independentment del volum d&#8217;energia adquirit a trav\u00e9s d&#8217;un\u00a0PPA, el\u00a0llicenciatari\u00a0d&#8217;EKOenergia\u00a0ha de complir amb les condicions descrites en el nostre Contracte de Llic\u00e8ncia, com per exemple, designar una persona de contacte, fer contribucions de 0,08\u20ac per a la llic\u00e8ncia d&#8217;EKOenergia\u00a0i 0,10\u20ac al nostre Fons Clim\u00e0tic (i per a l&#8217;energia hidroel\u00e8ctrica, 0,10\u20ac addicionals al Fons Ambiental d&#8217;EKOenergia)\u00a0per cada\u00a0MWh\u00a0consumit. Per a obtenir m\u00e9s informaci\u00f3 sobre la venda d&#8217;EKOenergia, consulti l&#8217;apartat <a href=\"https:\/\/www.ekoenergy.org\/ca\/ecolabel\/how-to-sell-ekoenergy\/\">&#8220;Com vendre\u00a0EKOenergia?&#8221;<\/a>.<\/p>\n\n\n\n<h2 class=\"wp-block-heading\">L&#8217;ecoetiqueta EKOenergia per a instal\u00b7lacions in-situ<\/h2>\n\n\n\n<div class=\"wp-block-image\"><figure class=\"alignright size-medium\"><img fetchpriority=\"high\" decoding=\"async\" width=\"300\" height=\"200\" src=\"https:\/\/www.ekoenergy.org\/wp-content\/uploads\/\/Off-grid-EKOenergy-ecohotel-Mas-La-Llum-300x200.jpg\" alt=\"Off-grid EKOenergy ecohotel Mas La Llum\" class=\"wp-image-8251\" srcset=\"https:\/\/www.ekoenergy.org\/wp-content\/uploads\/Off-grid-EKOenergy-ecohotel-Mas-La-Llum-300x200.jpg 300w, https:\/\/www.ekoenergy.org\/wp-content\/uploads\/Off-grid-EKOenergy-ecohotel-Mas-La-Llum-1024x684.jpg 1024w, https:\/\/www.ekoenergy.org\/wp-content\/uploads\/Off-grid-EKOenergy-ecohotel-Mas-La-Llum-768x513.jpg 768w, https:\/\/www.ekoenergy.org\/wp-content\/uploads\/Off-grid-EKOenergy-ecohotel-Mas-La-Llum-1536x1025.jpg 1536w, https:\/\/www.ekoenergy.org\/wp-content\/uploads\/Off-grid-EKOenergy-ecohotel-Mas-La-Llum.jpg 2000w\" sizes=\"(max-width: 300px) 100vw, 300px\" \/><\/figure><\/div>\n\n\n\n<p>L&#8217;energia provinent d&#8217;instal\u00b7lacions\u00a0in-situ\u00a0pot portar l&#8217;ecoetiqueta\u00a0EKOenergia, donant al consumidor el dret de comunicar sobre el seu \u00fas d&#8217;EKOenergia. D&#8217;aquesta manera, els\u00a0prosumidors\u00a0(consumidors que tamb\u00e9 s\u00f3n productors) que vulguin anar m\u00e9s enll\u00e0 de tenir simplement panells solars en la seva pr\u00f2pia teulada, per exemple, poden donar suport a les activitats d&#8217;EKOenergia\u00a0en la promoci\u00f3 de l&#8217;energia renovable a tot el m\u00f3n.<\/p>\n\n\n\n<p>Per a obtenir m\u00e9s informaci\u00f3 sobre l&#8217;\u00fas del logotip en les seves comunicacions, consulti el <a rel=\"noreferrer noopener\" href=\"https:\/\/www.ekoenergy.org\/wp-content\/uploads\/EKOenergy_Brand_book_english.pdf\" target=\"_blank\">Llibre de Marca d&#8217;EKOenergia<\/a>.<\/p>\n\n\n\n<p>Els consumidors que tenen instal\u00b7lacions d&#8217;energia renovable\u00a0in-situ\u00a0poden comunicar sobre l&#8217;\u00fas de l&#8217;energia etiquetada per\u00a0EKOenergia\u00a0si es compleixen tots els requisits que s&#8217;enumeren a continuaci\u00f3:<\/p>\n\n\n\n<ul class=\"wp-block-list\"><li>Les instal\u00b7lacions han de complir amb els nostres <a href=\"https:\/\/www.ekoenergy.org\/ca\/ecolabel\/\">criteris de sostenibilitat<\/a>.<\/li><li>Els consumidors amb instal\u00b7lacions in situ, amb un consum inferior a 200\u00a0MWh\u00a0anuals, han d&#8217;informar la Secretaria d&#8217;EKOenergia\u00a0per a utilitzar l&#8217;energia etiquetada per\u00a0EKOenergia\u00a0i el nostre logotip. No hi ha cap cost addicional per a les instal\u00b7lacions el consum de les quals sigui inferior a 200\u00a0MWh\u00a0anuals, per\u00f2 \u00e9s necessari posar-se en contacte pr\u00e8viament amb la Secretaria d&#8217;EKOenergia\u00a0i es recomana encaridament el pagament voluntari al nostre <a href=\"https:\/\/www.ekoenergy.org\/ca\/our-results\/climate-fund\/\">Fons Clim\u00e0tic<\/a>, ja que ajuda a finan\u00e7ar projectes d&#8217;energia renovable en el m\u00f3n en desenvolupament.<\/li><li>Si la producci\u00f3 anual \u00e9s superior a 200\u00a0MWh, l&#8217;usuari ha de fer una contribuci\u00f3 m\u00ednima de 0,10 \u20ac\/MWh\u00a0al <a href=\"https:\/\/www.ekoenergy.org\/ca\/our-results\/climate-fund\/\">Fons Clim\u00e0tic<\/a> d&#8217;EKOenergia. En el cas de l&#8217;energia hidroel\u00e8ctrica, una altra contribuci\u00f3 de 0,10 \u20ac\/MWh\u00a0ha de fer-se al nostre <a href=\"https:\/\/www.ekoenergy.org\/ca\/our-results\/environmental-fund\/\">Fons Ambiental<\/a>.<\/li><li>Si la producci\u00f3 anual \u00e9s superior a 1000\u00a0MWh, l&#8217;usuari ha de signar el nostre <a href=\"https:\/\/www.ekoenergy.org\/ca\/ecolabel\/how-to-sell-ekoenergy\/agreement\/\">Contracte de Llic\u00e8ncia<\/a> o involucrar a un\u00a0llicenciatari\u00a0d&#8217;EKOenergia. En aquest cas, la taxa global d&#8217;EKOenergia\u00a0per al consum cobert per les instal\u00b7lacions in situ amb una producci\u00f3 anual superior a 1000\u00a0MWh\u00a0ascendeix a 0,18 \u20ac\/MWh: 0,08 euros de taxa de llic\u00e8ncia i 0,10 \u20ac de contribuci\u00f3 al nostre <a href=\"https:\/\/www.ekoenergy.org\/ca\/our-results\/climate-fund\/\">Fons Clim\u00e0tic<\/a> (0,28 \u20ac\/MWh\u00a0per a l&#8217;energia hidroel\u00e8ctrica, amb una contribuci\u00f3 addicional de 0,10 \u20ac al nostre <a href=\"https:\/\/www.ekoenergy.org\/ca\/our-results\/environmental-fund\/\">Fons Ambiental<\/a>).<\/li><\/ul>\n\n\n\n<h3 class=\"wp-block-heading\">Si la instal\u00b7laci\u00f3 in situ est\u00e0 connectada a la xarxa, s&#8217;apliquen els seg\u00fcents requisits addicionals:<\/h3>\n\n\n\n<ul class=\"wp-block-list\"><li>Si el consumidor no treballa amb un\u00a0agregador\u00a0o prove\u00efdor de serveis amb llic\u00e8ncia d&#8217;EKOenergia, ha de tenir un contracte d&#8217;electricitat amb l&#8217;etiqueta d&#8217;EKOenergia per al lloc on es troba la instal\u00b7laci\u00f3 d&#8217;energia renovable, sempre que sigui possible.<\/li><li>No es poden emetre certificats d&#8217;atribuci\u00f3 d&#8217;energia (per exemple, Garanties d\u2019Origen) per als volums que s&#8217;utilitzen\u00a0in-situ. Si de totes maneres s&#8217;han em\u00e8s aquests certificats, \u00e9s necessari redimir-los en nom del consumidor per a cobrir el consum\u00a0in-situ. Aix\u00f2 \u00e9s necessari per a evitar la doble comptabilitat.<\/li><li>El sistema de connexi\u00f3 a la xarxa funciona amb un comptador bi-direccional (medici\u00f3 neta), l&#8217;etiqueta EKOenergia no pot ser utilitzada en la producci\u00f3 que s\u2019afegeix a la xarxa, a no ser que el propietari pugui demostrar que ning\u00fa ha expedit certificats de  tra\u00e7abilitat (p.e. Garanties d\u2019Origen) per aquella producci\u00f3, o a no ser que aquests certificats de tra\u00e7abilitat hagin estat redimits en nom del propietari. <\/li><\/ul>\n","protected":false},"excerpt":{"rendered":"<p>EKOenergia per a instal\u00b7lacions in-situ i PPAs L&#8217;ecoetiqueta d&#8217;EKOenergia\u00a0pot combinar-se amb tot tipus de fonts d&#8217;electricitat renovable. Per exemple, l&#8217;etiqueta ecol\u00f2gica tamb\u00e9 pot utilitzar-se per al consum d&#8217;energia renovable dels acords de compra d&#8217;energia (PPAs)\u00a0i les instal\u00b7lacions\u00a0in-situ. Hi ha m\u00e9s informaci\u00f3 disponible per als consumidors que estiguin considerant utilitzar el nom i el logotip d&#8217;EKOenergia\u00a0en [&hellip;]<\/p>\n","protected":false},"author":17,"featured_media":98164,"parent":25294,"menu_order":5,"comment_status":"closed","ping_status":"closed","template":"","meta":{"inline_featured_image":false,"_uag_custom_page_level_css":"","site-sidebar-layout":"default","site-content-layout":"default","ast-site-content-layout":"default","site-content-style":"default","site-sidebar-style":"default","ast-global-header-display":"","ast-banner-title-visibility":"","ast-main-header-display":"","ast-hfb-above-header-display":"","ast-hfb-below-header-display":"","ast-hfb-mobile-header-display":"","site-post-title":"disabled","ast-breadcrumbs-content":"","ast-featured-img":"","footer-sml-layout":"","ast-disable-related-posts":"","theme-transparent-header-meta":"default","adv-header-id-meta":"","stick-header-meta":"default","header-above-stick-meta":"","header-main-stick-meta":"","header-below-stick-meta":"","astra-migrate-meta-layouts":"default","ast-page-background-enabled":"default","ast-page-background-meta":{"desktop":{"background-color":"","background-image":"","background-repeat":"repeat","background-position":"center center","background-size":"auto","background-attachment":"scroll","background-type":"","background-media":"","overlay-type":"","overlay-color":"","overlay-opacity":"","overlay-gradient":""},"tablet":{"background-color":"","background-image":"","background-repeat":"repeat","background-position":"center center","background-size":"auto","background-attachment":"scroll","background-type":"","background-media":"","overlay-type":"","overlay-color":"","overlay-opacity":"","overlay-gradient":""},"mobile":{"background-color":"","background-image":"","background-repeat":"repeat","background-position":"center center","background-size":"auto","background-attachment":"scroll","background-type":"","background-media":"","overlay-type":"","overlay-color":"","overlay-opacity":"","overlay-gradient":""}},"ast-content-background-meta":{"desktop":{"background-color":"var(--ast-global-color-5)","background-image":"","background-repeat":"repeat","background-position":"center center","background-size":"auto","background-attachment":"scroll","background-type":"","background-media":"","overlay-type":"","overlay-color":"","overlay-opacity":"","overlay-gradient":""},"tablet":{"background-color":"var(--ast-global-color-5)","background-image":"","background-repeat":"repeat","background-position":"center center","background-size":"auto","background-attachment":"scroll","background-type":"","background-media":"","overlay-type":"","overlay-color":"","overlay-opacity":"","overlay-gradient":""},"mobile":{"background-color":"var(--ast-global-color-5)","background-image":"","background-repeat":"repeat","background-position":"center center","background-size":"auto","background-attachment":"scroll","background-type":"","background-media":"","overlay-type":"","overlay-color":"","overlay-opacity":"","overlay-gradient":""}},"footnotes":""},"class_list":["post-4025","page","type-page","status-publish","has-post-thumbnail","hentry"],"yoast_head":"<!-- This site is optimized with the Yoast SEO plugin v27.3 - https:\/\/yoast.com\/product\/yoast-seo-wordpress\/ -->\n<title>Instal\u00b7lacions in-situ - EKOenergy ecolabel<\/title>\n<meta name=\"description\" content=\"L&#039;ecoetiqueta EKOenergia tamb\u00e9 pot utilitzar-se per a l&#039;energia renovable dels acords de compra d&#039;energia (PPA) i instal\u00b7lacions in-situ.\" \/>\n<meta name=\"robots\" content=\"index, follow, max-snippet:-1, max-image-preview:large, max-video-preview:-1\" \/>\n<link rel=\"canonical\" href=\"https:\/\/www.ekoenergy.org\/ca\/ecolabel\/criteria\/on-site-installations\/\" \/>\n<meta property=\"og:locale\" content=\"ca_ES\" \/>\n<meta property=\"og:type\" content=\"article\" \/>\n<meta property=\"og:title\" content=\"Instal\u00b7lacions in-situ - EKOenergy ecolabel\" \/>\n<meta property=\"og:description\" content=\"L&#039;ecoetiqueta EKOenergia tamb\u00e9 pot utilitzar-se per a l&#039;energia renovable dels acords de compra d&#039;energia (PPA) i instal\u00b7lacions in-situ.\" \/>\n<meta property=\"og:url\" content=\"https:\/\/www.ekoenergy.org\/ca\/ecolabel\/criteria\/on-site-installations\/\" \/>\n<meta property=\"og:site_name\" content=\"EKOenergy ecolabel\" \/>\n<meta property=\"article:publisher\" content=\"https:\/\/www.facebook.com\/EKOenergy.ecolabel\/\" \/>\n<meta property=\"article:modified_time\" content=\"2020-06-09T12:43:41+00:00\" \/>\n<meta property=\"og:image\" content=\"https:\/\/www.ekoenergy.org\/wp-content\/uploads\/\/Off-grid-EKOenergy-ecohotel-Mas-La-Llum-300x200.jpg\" \/>\n<meta name=\"twitter:card\" content=\"summary_large_image\" \/>\n<meta name=\"twitter:site\" content=\"@EKOenergy_\" \/>\n<meta name=\"twitter:label1\" content=\"Temps estimat de lectura\" \/>\n\t<meta name=\"twitter:data1\" content=\"4 minuts\" \/>\n<script type=\"application\/ld+json\" class=\"yoast-schema-graph\">{\"@context\":\"https:\\\/\\\/schema.org\",\"@graph\":[{\"@type\":\"WebPage\",\"@id\":\"https:\\\/\\\/www.ekoenergy.org\\\/ca\\\/ecolabel\\\/criteria\\\/on-site-installations\\\/\",\"url\":\"https:\\\/\\\/www.ekoenergy.org\\\/ca\\\/ecolabel\\\/criteria\\\/on-site-installations\\\/\",\"name\":\"Instal\u00b7lacions in-situ - EKOenergy ecolabel\",\"isPartOf\":{\"@id\":\"https:\\\/\\\/www.ekoenergy.org\\\/ca\\\/#website\"},\"primaryImageOfPage\":{\"@id\":\"https:\\\/\\\/www.ekoenergy.org\\\/ca\\\/ecolabel\\\/criteria\\\/on-site-installations\\\/#primaryimage\"},\"image\":{\"@id\":\"https:\\\/\\\/www.ekoenergy.org\\\/ca\\\/ecolabel\\\/criteria\\\/on-site-installations\\\/#primaryimage\"},\"thumbnailUrl\":\"https:\\\/\\\/www.ekoenergy.org\\\/wp-content\\\/uploads\\\/espartinas-panels.jpg\",\"datePublished\":\"2019-12-04T13:39:18+00:00\",\"dateModified\":\"2020-06-09T12:43:41+00:00\",\"description\":\"L'ecoetiqueta EKOenergia tamb\u00e9 pot utilitzar-se per a l'energia renovable dels acords de compra d'energia (PPA) i instal\u00b7lacions in-situ.\",\"breadcrumb\":{\"@id\":\"https:\\\/\\\/www.ekoenergy.org\\\/ca\\\/ecolabel\\\/criteria\\\/on-site-installations\\\/#breadcrumb\"},\"inLanguage\":\"ca\",\"potentialAction\":[{\"@type\":\"ReadAction\",\"target\":[\"https:\\\/\\\/www.ekoenergy.org\\\/ca\\\/ecolabel\\\/criteria\\\/on-site-installations\\\/\"]}]},{\"@type\":\"ImageObject\",\"inLanguage\":\"ca\",\"@id\":\"https:\\\/\\\/www.ekoenergy.org\\\/ca\\\/ecolabel\\\/criteria\\\/on-site-installations\\\/#primaryimage\",\"url\":\"https:\\\/\\\/www.ekoenergy.org\\\/wp-content\\\/uploads\\\/espartinas-panels.jpg\",\"contentUrl\":\"https:\\\/\\\/www.ekoenergy.org\\\/wp-content\\\/uploads\\\/espartinas-panels.jpg\",\"width\":1600,\"height\":1200,\"caption\":\"The solar panels installed for the municipality of Espartinas\"},{\"@type\":\"BreadcrumbList\",\"@id\":\"https:\\\/\\\/www.ekoenergy.org\\\/ca\\\/ecolabel\\\/criteria\\\/on-site-installations\\\/#breadcrumb\",\"itemListElement\":[{\"@type\":\"ListItem\",\"position\":1,\"name\":\"Home\",\"item\":\"https:\\\/\\\/www.ekoenergy.org\\\/ca\\\/\"},{\"@type\":\"ListItem\",\"position\":2,\"name\":\"La nostra ecoetiqueta\",\"item\":\"https:\\\/\\\/www.ekoenergy.org\\\/ca\\\/ecolabel\\\/\"},{\"@type\":\"ListItem\",\"position\":3,\"name\":\"Criteris d&#8217;EKOenergia\",\"item\":\"https:\\\/\\\/www.ekoenergy.org\\\/ca\\\/ecolabel\\\/criteria\\\/\"},{\"@type\":\"ListItem\",\"position\":4,\"name\":\"Instal\u00b7lacions in-situ\"}]},{\"@type\":\"WebSite\",\"@id\":\"https:\\\/\\\/www.ekoenergy.org\\\/ca\\\/#website\",\"url\":\"https:\\\/\\\/www.ekoenergy.org\\\/ca\\\/\",\"name\":\"EKOenergy ecolabel\",\"description\":\"The global nonprofit ecolabel for renewable energy\",\"publisher\":{\"@id\":\"https:\\\/\\\/www.ekoenergy.org\\\/ca\\\/#organization\"},\"potentialAction\":[{\"@type\":\"SearchAction\",\"target\":{\"@type\":\"EntryPoint\",\"urlTemplate\":\"https:\\\/\\\/www.ekoenergy.org\\\/ca\\\/?s={search_term_string}\"},\"query-input\":{\"@type\":\"PropertyValueSpecification\",\"valueRequired\":true,\"valueName\":\"search_term_string\"}}],\"inLanguage\":\"ca\"},{\"@type\":\"Organization\",\"@id\":\"https:\\\/\\\/www.ekoenergy.org\\\/ca\\\/#organization\",\"name\":\"Not-for-profit Organisation EKOenergy\",\"url\":\"https:\\\/\\\/www.ekoenergy.org\\\/ca\\\/\",\"logo\":{\"@type\":\"ImageObject\",\"inLanguage\":\"ca\",\"@id\":\"https:\\\/\\\/www.ekoenergy.org\\\/ca\\\/#\\\/schema\\\/logo\\\/image\\\/\",\"url\":\"https:\\\/\\\/www.ekoenergy.org\\\/wp-content\\\/uploads\\\/logo-EKOenergy-no-text.jpg\",\"contentUrl\":\"https:\\\/\\\/www.ekoenergy.org\\\/wp-content\\\/uploads\\\/logo-EKOenergy-no-text.jpg\",\"width\":1600,\"height\":1600,\"caption\":\"Not-for-profit Organisation EKOenergy\"},\"image\":{\"@id\":\"https:\\\/\\\/www.ekoenergy.org\\\/ca\\\/#\\\/schema\\\/logo\\\/image\\\/\"},\"sameAs\":[\"https:\\\/\\\/www.facebook.com\\\/EKOenergy.ecolabel\\\/\",\"https:\\\/\\\/x.com\\\/EKOenergy_\",\"https:\\\/\\\/www.instagram.com\\\/ekoenergy\\\/\",\"https:\\\/\\\/www.linkedin.com\\\/company\\\/ekoenergy-ecolabel\\\/\",\"https:\\\/\\\/www.youtube.com\\\/EKOenergy-ecolabel\",\"https:\\\/\\\/en.wikipedia.org\\\/wiki\\\/EKOenergy\"]}]}<\/script>\n<!-- \/ Yoast SEO plugin. -->","yoast_head_json":{"title":"Instal\u00b7lacions in-situ - EKOenergy ecolabel","description":"L'ecoetiqueta EKOenergia tamb\u00e9 pot utilitzar-se per a l'energia renovable dels acords de compra d'energia (PPA) i instal\u00b7lacions in-situ.","robots":{"index":"index","follow":"follow","max-snippet":"max-snippet:-1","max-image-preview":"max-image-preview:large","max-video-preview":"max-video-preview:-1"},"canonical":"https:\/\/www.ekoenergy.org\/ca\/ecolabel\/criteria\/on-site-installations\/","og_locale":"ca_ES","og_type":"article","og_title":"Instal\u00b7lacions in-situ - EKOenergy ecolabel","og_description":"L'ecoetiqueta EKOenergia tamb\u00e9 pot utilitzar-se per a l'energia renovable dels acords de compra d'energia (PPA) i instal\u00b7lacions in-situ.","og_url":"https:\/\/www.ekoenergy.org\/ca\/ecolabel\/criteria\/on-site-installations\/","og_site_name":"EKOenergy ecolabel","article_publisher":"https:\/\/www.facebook.com\/EKOenergy.ecolabel\/","article_modified_time":"2020-06-09T12:43:41+00:00","og_image":[{"url":"https:\/\/www.ekoenergy.org\/wp-content\/uploads\/\/Off-grid-EKOenergy-ecohotel-Mas-La-Llum-300x200.jpg","type":"","width":"","height":""}],"twitter_card":"summary_large_image","twitter_site":"@EKOenergy_","twitter_misc":{"Temps estimat de lectura":"4 minuts"},"schema":{"@context":"https:\/\/schema.org","@graph":[{"@type":"WebPage","@id":"https:\/\/www.ekoenergy.org\/ca\/ecolabel\/criteria\/on-site-installations\/","url":"https:\/\/www.ekoenergy.org\/ca\/ecolabel\/criteria\/on-site-installations\/","name":"Instal\u00b7lacions in-situ - EKOenergy ecolabel","isPartOf":{"@id":"https:\/\/www.ekoenergy.org\/ca\/#website"},"primaryImageOfPage":{"@id":"https:\/\/www.ekoenergy.org\/ca\/ecolabel\/criteria\/on-site-installations\/#primaryimage"},"image":{"@id":"https:\/\/www.ekoenergy.org\/ca\/ecolabel\/criteria\/on-site-installations\/#primaryimage"},"thumbnailUrl":"https:\/\/www.ekoenergy.org\/wp-content\/uploads\/espartinas-panels.jpg","datePublished":"2019-12-04T13:39:18+00:00","dateModified":"2020-06-09T12:43:41+00:00","description":"L'ecoetiqueta EKOenergia tamb\u00e9 pot utilitzar-se per a l'energia renovable dels acords de compra d'energia (PPA) i instal\u00b7lacions in-situ.","breadcrumb":{"@id":"https:\/\/www.ekoenergy.org\/ca\/ecolabel\/criteria\/on-site-installations\/#breadcrumb"},"inLanguage":"ca","potentialAction":[{"@type":"ReadAction","target":["https:\/\/www.ekoenergy.org\/ca\/ecolabel\/criteria\/on-site-installations\/"]}]},{"@type":"ImageObject","inLanguage":"ca","@id":"https:\/\/www.ekoenergy.org\/ca\/ecolabel\/criteria\/on-site-installations\/#primaryimage","url":"https:\/\/www.ekoenergy.org\/wp-content\/uploads\/espartinas-panels.jpg","contentUrl":"https:\/\/www.ekoenergy.org\/wp-content\/uploads\/espartinas-panels.jpg","width":1600,"height":1200,"caption":"The solar panels installed for the municipality of Espartinas"},{"@type":"BreadcrumbList","@id":"https:\/\/www.ekoenergy.org\/ca\/ecolabel\/criteria\/on-site-installations\/#breadcrumb","itemListElement":[{"@type":"ListItem","position":1,"name":"Home","item":"https:\/\/www.ekoenergy.org\/ca\/"},{"@type":"ListItem","position":2,"name":"La nostra ecoetiqueta","item":"https:\/\/www.ekoenergy.org\/ca\/ecolabel\/"},{"@type":"ListItem","position":3,"name":"Criteris d&#8217;EKOenergia","item":"https:\/\/www.ekoenergy.org\/ca\/ecolabel\/criteria\/"},{"@type":"ListItem","position":4,"name":"Instal\u00b7lacions in-situ"}]},{"@type":"WebSite","@id":"https:\/\/www.ekoenergy.org\/ca\/#website","url":"https:\/\/www.ekoenergy.org\/ca\/","name":"EKOenergy ecolabel","description":"The global nonprofit ecolabel for renewable energy","publisher":{"@id":"https:\/\/www.ekoenergy.org\/ca\/#organization"},"potentialAction":[{"@type":"SearchAction","target":{"@type":"EntryPoint","urlTemplate":"https:\/\/www.ekoenergy.org\/ca\/?s={search_term_string}"},"query-input":{"@type":"PropertyValueSpecification","valueRequired":true,"valueName":"search_term_string"}}],"inLanguage":"ca"},{"@type":"Organization","@id":"https:\/\/www.ekoenergy.org\/ca\/#organization","name":"Not-for-profit Organisation EKOenergy","url":"https:\/\/www.ekoenergy.org\/ca\/","logo":{"@type":"ImageObject","inLanguage":"ca","@id":"https:\/\/www.ekoenergy.org\/ca\/#\/schema\/logo\/image\/","url":"https:\/\/www.ekoenergy.org\/wp-content\/uploads\/logo-EKOenergy-no-text.jpg","contentUrl":"https:\/\/www.ekoenergy.org\/wp-content\/uploads\/logo-EKOenergy-no-text.jpg","width":1600,"height":1600,"caption":"Not-for-profit Organisation EKOenergy"},"image":{"@id":"https:\/\/www.ekoenergy.org\/ca\/#\/schema\/logo\/image\/"},"sameAs":["https:\/\/www.facebook.com\/EKOenergy.ecolabel\/","https:\/\/x.com\/EKOenergy_","https:\/\/www.instagram.com\/ekoenergy\/","https:\/\/www.linkedin.com\/company\/ekoenergy-ecolabel\/","https:\/\/www.youtube.com\/EKOenergy-ecolabel","https:\/\/en.wikipedia.org\/wiki\/EKOenergy"]}]}},"uagb_featured_image_src":{"full":["https:\/\/www.ekoenergy.org\/wp-content\/uploads\/espartinas-panels.jpg",1600,1200,false],"thumbnail":["https:\/\/www.ekoenergy.org\/wp-content\/uploads\/espartinas-panels-150x150.jpg",150,150,true],"medium":["https:\/\/www.ekoenergy.org\/wp-content\/uploads\/espartinas-panels-320x240.jpg",320,240,true],"medium_large":["https:\/\/www.ekoenergy.org\/wp-content\/uploads\/espartinas-panels-768x576.jpg",768,576,true],"large":["https:\/\/www.ekoenergy.org\/wp-content\/uploads\/espartinas-panels-1024x768.jpg",1024,768,true],"1536x1536":["https:\/\/www.ekoenergy.org\/wp-content\/uploads\/espartinas-panels-1536x1152.jpg",1536,1152,true],"2048x2048":["https:\/\/www.ekoenergy.org\/wp-content\/uploads\/espartinas-panels.jpg",1600,1200,false]},"uagb_author_info":{"display_name":"EKOenergy ecolabel","author_link":"https:\/\/www.ekoenergy.org\/ca\/author\/ekoenergy\/"},"uagb_comment_info":0,"uagb_excerpt":"EKOenergia per a instal\u00b7lacions in-situ i PPAs L&#8217;ecoetiqueta d&#8217;EKOenergia\u00a0pot combinar-se amb tot tipus de fonts d&#8217;electricitat renovable. Per exemple, l&#8217;etiqueta ecol\u00f2gica tamb\u00e9 pot utilitzar-se per al consum d&#8217;energia renovable dels acords de compra d&#8217;energia (PPAs)\u00a0i les instal\u00b7lacions\u00a0in-situ. Hi ha m\u00e9s informaci\u00f3 disponible per als consumidors que estiguin considerant utilitzar el nom i el logotip d&#8217;EKOenergia\u00a0en&hellip;","_links":{"self":[{"href":"https:\/\/www.ekoenergy.org\/ca\/wp-json\/wp\/v2\/pages\/4025","targetHints":{"allow":["GET"]}}],"collection":[{"href":"https:\/\/www.ekoenergy.org\/ca\/wp-json\/wp\/v2\/pages"}],"about":[{"href":"https:\/\/www.ekoenergy.org\/ca\/wp-json\/wp\/v2\/types\/page"}],"author":[{"embeddable":true,"href":"https:\/\/www.ekoenergy.org\/ca\/wp-json\/wp\/v2\/users\/17"}],"replies":[{"embeddable":true,"href":"https:\/\/www.ekoenergy.org\/ca\/wp-json\/wp\/v2\/comments?post=4025"}],"version-history":[{"count":2,"href":"https:\/\/www.ekoenergy.org\/ca\/wp-json\/wp\/v2\/pages\/4025\/revisions"}],"predecessor-version":[{"id":80013,"href":"https:\/\/www.ekoenergy.org\/ca\/wp-json\/wp\/v2\/pages\/4025\/revisions\/80013"}],"up":[{"embeddable":true,"href":"https:\/\/www.ekoenergy.org\/ca\/wp-json\/wp\/v2\/pages\/25294"}],"wp:featuredmedia":[{"embeddable":true,"href":"https:\/\/www.ekoenergy.org\/ca\/wp-json\/wp\/v2\/media\/98164"}],"wp:attachment":[{"href":"https:\/\/www.ekoenergy.org\/ca\/wp-json\/wp\/v2\/media?parent=4025"}],"curies":[{"name":"wp","href":"https:\/\/api.w.org\/{rel}","templated":true}]}}