{"id":182550,"date":"2026-04-01T10:27:08","date_gmt":"2026-04-01T07:27:08","guid":{"rendered":"https:\/\/www.ekoenergy.org\/ekoenergy-for-ukraine\/"},"modified":"2026-04-02T22:45:49","modified_gmt":"2026-04-02T19:45:49","slug":"ekoenergy-for-ukraine","status":"publish","type":"page","link":"https:\/\/www.ekoenergy.org\/cs\/our-results\/ekoenergy-for-ukraine\/","title":{"rendered":"EKOenergy for Ukraine"},"content":{"rendered":"\n<div class=\"wp-block-uagb-image alignleft uagb-block-4a76b95f wp-block-uagb-image--layout-default wp-block-uagb-image--effect-static wp-block-uagb-image--align-left\"><figure class=\"wp-block-uagb-image__figure\"><img loading=\"lazy\" decoding=\"async\" srcset=\"https:\/\/www.ekoenergy.org\/wp-content\/uploads\/\/IMG_7870-320x240.jpg ,https:\/\/www.ekoenergy.org\/wp-content\/uploads\/IMG_7870-scaled-e1775025726991.jpg 780w, https:\/\/www.ekoenergy.org\/wp-content\/uploads\/IMG_7870-scaled-e1775025726991.jpg 360w\" sizes=\"auto, (max-width: 480px) 150px\" src=\"https:\/\/www.ekoenergy.org\/wp-content\/uploads\/\/IMG_7870-320x240.jpg\" alt=\"EKOenergy team holding a Ukrainian flag\" class=\"uag-image-182462\" width=\"320\" height=\"216\" title=\"support for ukraine\" loading=\"lazy\" role=\"img\"\/><\/figure><\/div>\n\n\n\n<p>Since February 2022, the beginning of the Russian full-scale war in Ukraine, we have been making efforts to support Ukraine. This war has caused enormous destruction across all areas of life, resulting in hundreds of thousands of casualties and human tragedies. It has also created long-term risks for ecosystems, public health, and sustainable development. Russia\u2019s aggression is targeting values that we consider cornerstones for environmental protection: international solidarity, the rule of law, and respect for human rights. Moreover, it\u2019s a war intricately linked to the world\u2019s energy policy and the West\u2019s reliance on fossil fuels \u2013 Russia wouldn\u2019t be able to wage this war if it didn\u2019t receive billions from fossil fuel exports. This highlights the crucial role of renewable energy in promoting peace and resilience.<\/p>\n\n\n\n<div style=\"height:20px\" aria-hidden=\"true\" class=\"wp-block-spacer\"><\/div>\n\n\n\n<h2 class=\"wp-block-heading has-medium-font-size\"><strong>Renewables for Ukraine<\/strong><\/h2>\n\n\n\n<div class=\"wp-block-uagb-image alignright uagb-block-819c5c5e wp-block-uagb-image--layout-default wp-block-uagb-image--effect-static wp-block-uagb-image--align-right\"><figure class=\"wp-block-uagb-image__figure\"><img loading=\"lazy\" decoding=\"async\" srcset=\"https:\/\/www.ekoenergy.org\/wp-content\/uploads\/\/Kazka_Borodyanka2-scaled-1-320x213.jpg ,https:\/\/www.ekoenergy.org\/wp-content\/uploads\/Kazka_Borodyanka2-scaled-1.jpg 780w, https:\/\/www.ekoenergy.org\/wp-content\/uploads\/Kazka_Borodyanka2-scaled-1.jpg 360w\" sizes=\"auto, (max-width: 480px) 150px\" src=\"https:\/\/www.ekoenergy.org\/wp-content\/uploads\/\/Kazka_Borodyanka2-scaled-1-320x213.jpg\" alt=\"A sign saying \u201cPowered by solar\u201d at a kindergarten in Borodianka \" class=\"uag-image-182525\" width=\"320\" height=\"213\" title=\"Kazka_Borodyanka2-scaled\" loading=\"lazy\" role=\"img\"\/><\/figure><\/div>\n\n\n\n<p>Since 2022, we have allocated \u20ac270,000 from our general budget to renewable energy projects in communities severely affected by the war. Our financial support has helped equip kindergartens, schools, and hospitals with solar power systems, thereby providing a reliable, independent energy supply. This is vital in the face of Russia\u2019s constant attacks on Ukraine\u2019s energy sector.<\/p>\n\n\n\n<p>Here is a list of the projects financially supported by us and successfully implemented by <a href=\"https:\/\/www.renewables4ukraine.org\/\" target=\"_blank\" rel=\"noreferrer noopener\">#Renewables4Ukraine<\/a> and the <a href=\"https:\/\/repowerua.org\/\" target=\"_blank\" rel=\"noreferrer noopener\">RePower Ukraine Charitable Organisation<\/a>:<\/p>\n\n\n\n<div class=\"wp-block-uagb-image alignleft uagb-block-18cbe88c wp-block-uagb-image--layout-default wp-block-uagb-image--effect-static wp-block-uagb-image--align-left\"><figure class=\"wp-block-uagb-image__figure\"><img loading=\"lazy\" decoding=\"async\" srcset=\"https:\/\/www.ekoenergy.org\/wp-content\/uploads\/\/Renewables-for-Ukraine-1-320x427.jpeg ,https:\/\/www.ekoenergy.org\/wp-content\/uploads\/Renewables-for-Ukraine-1.jpeg 780w, https:\/\/www.ekoenergy.org\/wp-content\/uploads\/Renewables-for-Ukraine-1.jpeg 360w\" sizes=\"auto, (max-width: 480px) 150px\" src=\"https:\/\/www.ekoenergy.org\/wp-content\/uploads\/\/Renewables-for-Ukraine-1-320x427.jpeg\" alt=\"Solar panel in front of a damaged residential building\" class=\"uag-image-182504\" width=\"320\" height=\"427\" title=\"Renewables-for-Ukraine (1)\" loading=\"lazy\" role=\"img\"\/><\/figure><\/div>\n\n\n\n<ul class=\"wp-block-list\">\n<li><a href=\"https:\/\/www.renewables4ukraine.org\/solar-energy-to-help-irpin-community\/\" target=\"_blank\" rel=\"noreferrer noopener\">Two mobile solar stations for a clinic and a lyceum in the Irpin community<\/a> (2023);<\/li>\n\n\n\n<li><a href=\"https:\/\/www.renewables4ukraine.org\/solar-system-installed-on-the-roof-of-the-renovated-kindergarten-in-borodyanka\/\" target=\"_blank\" rel=\"noreferrer noopener\">Solar panels for kindergarten \u201cPinokkio\u201d in Borodianka<\/a> (2024);<\/li>\n\n\n\n<li><a href=\"https:\/\/www.renewables4ukraine.org\/kindergarten-in-irpin-benefits-from-solar-energy\/\" target=\"_blank\" rel=\"noreferrer noopener\">Solar panels for \u201cDzhereltse\u201d kindergarten in Irpin<\/a> (2024);<\/li>\n\n\n\n<li><a href=\"https:\/\/www.renewables4ukraine.org\/autonomous-solar-power-plant-for-kindergarten-kazka-in-borodianka\/\" target=\"_blank\" rel=\"noreferrer noopener\">Autonomous solar power plant for kindergarten \u201cKazka\u201d in Borodianka<\/a> (2025);<\/li>\n\n\n\n<li><a href=\"https:\/\/www.renewables4ukraine.org\/uwea-and-wwea-continue-to-strengthen-energy-resilience-30-kw-solar-power-system-launched-at-chervona-kalyna-kindergarten-in-irpin\/\" target=\"_blank\" rel=\"noreferrer noopener\">Solar power system for \u201cChervona Kalyna\u201d kindergarten in Irpin<\/a> (2025);<\/li>\n\n\n\n<li><a href=\"https:\/\/www.renewables4ukraine.org\/bringing-light-to-svitlyachok-renewables4ukraine-supports-the-opening-of-a-solar-power-plant-in-myrhorod\/\" target=\"_blank\" rel=\"noreferrer noopener\">Solar power plant for \u201cSvitlyachok\u201d kindergarten in Myrhorod<\/a> (2025);<\/li>\n\n\n\n<li><a href=\"https:\/\/repowerua.org\/projects\/solar-power-plant-for-kharkiv-trauma-hospital\/\" target=\"_blank\" rel=\"noreferrer noopener\">Solar power plant for Kharkiv Trauma Hospital<\/a> (2025);<\/li>\n\n\n\n<li>Solar power system for Medical Rehabilitation and Sanatorium Treatment Centre in Truskavets (2026).&nbsp;<\/li>\n<\/ul>\n\n\n\n<div style=\"height:20px\" aria-hidden=\"true\" class=\"wp-block-spacer\"><\/div>\n\n\n\n<h2 class=\"wp-block-heading has-medium-font-size\"><strong>Stop fueling the war<\/strong><\/h2>\n\n\n\n<div class=\"wp-block-uagb-image alignright uagb-block-8ee54413 wp-block-uagb-image--layout-default wp-block-uagb-image--effect-static wp-block-uagb-image--align-right\"><figure class=\"wp-block-uagb-image__figure\"><img loading=\"lazy\" decoding=\"async\" srcset=\"https:\/\/www.ekoenergy.org\/wp-content\/uploads\/\/WhatsApp-Image-2025-08-24-at-16.53.44-320x240.jpeg ,https:\/\/www.ekoenergy.org\/wp-content\/uploads\/WhatsApp-Image-2025-08-24-at-16.53.44-e1775027190993.jpeg 780w, https:\/\/www.ekoenergy.org\/wp-content\/uploads\/WhatsApp-Image-2025-08-24-at-16.53.44-e1775027190993.jpeg 360w\" sizes=\"auto, (max-width: 480px) 150px\" src=\"https:\/\/www.ekoenergy.org\/wp-content\/uploads\/\/WhatsApp-Image-2025-08-24-at-16.53.44-320x240.jpeg\" alt=\"EKOteam at the Ukrainian independence day demonstration\" class=\"uag-image-182483\" width=\"320\" height=\"341\" title=\"WhatsApp Image 2025-08-24 at 16.53.44\" loading=\"lazy\" role=\"img\"\/><\/figure><\/div>\n\n\n\n<p>Apart from funding renewable energy projects in Ukraine, we regularly support actions and co-sign letters and petitions calling for a ban on Russian fossil fuels. For example, we co-signed an open letter urging leaders of European cities to help end Russia\u2019s aggression against Ukraine by taking measures to reduce the use of oil on their territories, we signed a letter to the EU leaders, urging them to put sanctions on Russian LNG in the 19th sanctions package, and we supported a call on the EU and the UK to impose coordinated sanctions on all fifteen Arc7 ice-class LNG carriers servicing Russia\u2019s Yamal LNG project. Additionally, our team members attend demonstrations in support of Ukraine.<\/p>\n\n\n\n<p><\/p>\n\n\n\n<div style=\"height:20px\" aria-hidden=\"true\" class=\"wp-block-spacer\"><\/div>\n\n\n\n<h2 class=\"wp-block-heading has-medium-font-size\"><strong>How you can help<\/strong><\/h2>\n\n\n\n<p>Each of us can contribute to a better and more peaceful future. Choose EKOenergy-labelled renewable energy or make a direct donation towards a specific cause. You can do this by emailing us at <a href=\"mailto:info@ekoenergy.org\" target=\"_blank\" rel=\"noreferrer noopener\">info@ekoenergy.org<\/a> or visiting the fundraising pages of <a href=\"https:\/\/www.renewables4ukraine.org\/\" target=\"_blank\" rel=\"noreferrer noopener\">#Renewables4Ukraine<\/a> and the <a href=\"https:\/\/repowerua.org\/financial-donation\/\" target=\"_blank\" rel=\"noreferrer noopener\">RePower Ukraine Charitable Foundation<\/a>. Deeds, not words!<\/p>\n\n\n\n<div style=\"height:20px\" aria-hidden=\"true\" class=\"wp-block-spacer\"><\/div>\n\n\n\n<h2 class=\"wp-block-heading has-medium-font-size\"><strong>Read more<\/strong><\/h2>\n\n\n\n<ul class=\"wp-block-list\">\n<li><a href=\"https:\/\/www.ekoenergy.org\/cs\/renewables-for-ukraine-all-support-is-welcome\/\" target=\"_blank\" rel=\"noreferrer noopener\">Renewables for Ukraine \u2013 All support is welcome<\/a>&nbsp;<\/li>\n\n\n\n<li><a href=\"https:\/\/www.ekoenergy.org\/cs\/our-support-for-ukraine\/\">Our support for Ukraine<\/a>&nbsp;<\/li>\n\n\n\n<li><a href=\"https:\/\/www.ekoenergy.org\/cs\/more-sun-more-wind-more-peace\/\" target=\"_blank\" rel=\"noreferrer noopener\">More sun, more wind, more peace!<\/a>&nbsp;<\/li>\n\n\n\n<li><a href=\"https:\/\/www.ekoenergy.org\/wp-content\/uploads\/Renewables-in-Ukraine-Article-2023-Tamara-Soltys.pdf\" target=\"_blank\" rel=\"noreferrer noopener\">Renewables in Ukraine &#8211; written by Tamara Soltys<\/a>&nbsp;<\/li>\n\n\n\n<li><a href=\"https:\/\/www.ekoenergy.org\/cs\/renewables-for-ukraine\/\" target=\"_blank\" rel=\"noreferrer noopener\">Renewables for Ukraine<\/a>&nbsp;<\/li>\n\n\n\n<li><a href=\"https:\/\/www.ekoenergy.org\/cs\/renewables-in-ukraine-whats-next\/\" target=\"_blank\" rel=\"noreferrer noopener\">Renewables in Ukraine: What\u2019s next?<\/a>&nbsp;<\/li>\n<\/ul>\n\n\n\n<p><\/p>\n","protected":false},"excerpt":{"rendered":"<p>Since February 2022, the beginning of the Russian full-scale war in Ukraine, we have been making efforts to support Ukraine. This war has caused enormous destruction across all areas of life, resulting in hundreds of thousands of casualties and human tragedies. It has also created long-term risks for ecosystems, public health, and sustainable development. Russia\u2019s [&hellip;]<\/p>\n","protected":false},"author":63,"featured_media":182465,"parent":2805,"menu_order":6,"comment_status":"closed","ping_status":"closed","template":"","meta":{"inline_featured_image":false,"_uag_custom_page_level_css":"","site-sidebar-layout":"default","site-content-layout":"","ast-site-content-layout":"default","site-content-style":"default","site-sidebar-style":"default","ast-global-header-display":"","ast-banner-title-visibility":"","ast-main-header-display":"","ast-hfb-above-header-display":"","ast-hfb-below-header-display":"","ast-hfb-mobile-header-display":"","site-post-title":"","ast-breadcrumbs-content":"","ast-featured-img":"","footer-sml-layout":"","ast-disable-related-posts":"","theme-transparent-header-meta":"","adv-header-id-meta":"","stick-header-meta":"","header-above-stick-meta":"","header-main-stick-meta":"","header-below-stick-meta":"","astra-migrate-meta-layouts":"default","ast-page-background-enabled":"default","ast-page-background-meta":{"desktop":{"background-color":"","background-image":"","background-repeat":"repeat","background-position":"center center","background-size":"auto","background-attachment":"scroll","background-type":"","background-media":"","overlay-type":"","overlay-color":"","overlay-opacity":"","overlay-gradient":""},"tablet":{"background-color":"","background-image":"","background-repeat":"repeat","background-position":"center center","background-size":"auto","background-attachment":"scroll","background-type":"","background-media":"","overlay-type":"","overlay-color":"","overlay-opacity":"","overlay-gradient":""},"mobile":{"background-color":"","background-image":"","background-repeat":"repeat","background-position":"center center","background-size":"auto","background-attachment":"scroll","background-type":"","background-media":"","overlay-type":"","overlay-color":"","overlay-opacity":"","overlay-gradient":""}},"ast-content-background-meta":{"desktop":{"background-color":"var(--ast-global-color-5)","background-image":"","background-repeat":"repeat","background-position":"center center","background-size":"auto","background-attachment":"scroll","background-type":"","background-media":"","overlay-type":"","overlay-color":"","overlay-opacity":"","overlay-gradient":""},"tablet":{"background-color":"var(--ast-global-color-5)","background-image":"","background-repeat":"repeat","background-position":"center center","background-size":"auto","background-attachment":"scroll","background-type":"","background-media":"","overlay-type":"","overlay-color":"","overlay-opacity":"","overlay-gradient":""},"mobile":{"background-color":"var(--ast-global-color-5)","background-image":"","background-repeat":"repeat","background-position":"center center","background-size":"auto","background-attachment":"scroll","background-type":"","background-media":"","overlay-type":"","overlay-color":"","overlay-opacity":"","overlay-gradient":""}},"footnotes":""},"class_list":["post-182550","page","type-page","status-publish","has-post-thumbnail","hentry"],"yoast_head":"<!-- This site is optimized with the Yoast SEO plugin v27.3 - https:\/\/yoast.com\/product\/yoast-seo-wordpress\/ -->\n<title>EKOenergy for Ukraine - EKOenergy ecolabel<\/title>\n<meta name=\"description\" content=\"Since 2022, we have allocated \u20ac270,000 to renewable energy projects in communities severely affected by the war.\" \/>\n<meta name=\"robots\" content=\"index, follow, max-snippet:-1, max-image-preview:large, max-video-preview:-1\" \/>\n<link rel=\"canonical\" href=\"https:\/\/www.ekoenergy.org\/cs\/our-results\/ekoenergy-for-ukraine\/\" \/>\n<meta property=\"og:locale\" content=\"cs_CZ\" \/>\n<meta property=\"og:type\" content=\"article\" \/>\n<meta property=\"og:title\" content=\"EKOenergy for Ukraine - EKOenergy ecolabel\" \/>\n<meta property=\"og:description\" content=\"Since 2022, we have allocated \u20ac270,000 to renewable energy projects in communities severely affected by the war.\" \/>\n<meta property=\"og:url\" content=\"https:\/\/www.ekoenergy.org\/cs\/our-results\/ekoenergy-for-ukraine\/\" \/>\n<meta property=\"og:site_name\" content=\"EKOenergy ecolabel\" \/>\n<meta property=\"article:publisher\" content=\"https:\/\/www.facebook.com\/EKOenergy.ecolabel\/\" \/>\n<meta property=\"article:modified_time\" content=\"2026-04-02T19:45:49+00:00\" \/>\n<meta property=\"og:image\" content=\"https:\/\/www.ekoenergy.org\/wp-content\/uploads\/IMG_7870-scaled-e1775025726991.jpg\" \/>\n\t<meta property=\"og:image:width\" content=\"2560\" \/>\n\t<meta property=\"og:image:height\" content=\"1920\" \/>\n\t<meta property=\"og:image:type\" content=\"image\/jpeg\" \/>\n<meta name=\"twitter:card\" content=\"summary_large_image\" \/>\n<meta name=\"twitter:site\" content=\"@EKOenergy_\" \/>\n<meta name=\"twitter:label1\" content=\"Odhadovan\u00e1 doba \u010dten\u00ed\" \/>\n\t<meta name=\"twitter:data1\" content=\"3 minuty\" \/>\n<script type=\"application\/ld+json\" class=\"yoast-schema-graph\">{\"@context\":\"https:\\\/\\\/schema.org\",\"@graph\":[{\"@type\":\"WebPage\",\"@id\":\"https:\\\/\\\/www.ekoenergy.org\\\/cs\\\/our-results\\\/ekoenergy-for-ukraine\\\/\",\"url\":\"https:\\\/\\\/www.ekoenergy.org\\\/cs\\\/our-results\\\/ekoenergy-for-ukraine\\\/\",\"name\":\"EKOenergy for Ukraine - EKOenergy ecolabel\",\"isPartOf\":{\"@id\":\"https:\\\/\\\/www.ekoenergy.org\\\/cs\\\/#website\"},\"primaryImageOfPage\":{\"@id\":\"https:\\\/\\\/www.ekoenergy.org\\\/cs\\\/our-results\\\/ekoenergy-for-ukraine\\\/#primaryimage\"},\"image\":{\"@id\":\"https:\\\/\\\/www.ekoenergy.org\\\/cs\\\/our-results\\\/ekoenergy-for-ukraine\\\/#primaryimage\"},\"thumbnailUrl\":\"https:\\\/\\\/www.ekoenergy.org\\\/wp-content\\\/uploads\\\/IMG_7870-scaled-e1775025726991.jpg\",\"datePublished\":\"2026-04-01T07:27:08+00:00\",\"dateModified\":\"2026-04-02T19:45:49+00:00\",\"description\":\"Since 2022, we have allocated \u20ac270,000 to renewable energy projects in communities severely affected by the war.\",\"breadcrumb\":{\"@id\":\"https:\\\/\\\/www.ekoenergy.org\\\/cs\\\/our-results\\\/ekoenergy-for-ukraine\\\/#breadcrumb\"},\"inLanguage\":\"cs\",\"potentialAction\":[{\"@type\":\"ReadAction\",\"target\":[\"https:\\\/\\\/www.ekoenergy.org\\\/cs\\\/our-results\\\/ekoenergy-for-ukraine\\\/\"]}]},{\"@type\":\"ImageObject\",\"inLanguage\":\"cs\",\"@id\":\"https:\\\/\\\/www.ekoenergy.org\\\/cs\\\/our-results\\\/ekoenergy-for-ukraine\\\/#primaryimage\",\"url\":\"https:\\\/\\\/www.ekoenergy.org\\\/wp-content\\\/uploads\\\/IMG_7870-scaled-e1775025726991.jpg\",\"contentUrl\":\"https:\\\/\\\/www.ekoenergy.org\\\/wp-content\\\/uploads\\\/IMG_7870-scaled-e1775025726991.jpg\",\"width\":2560,\"height\":1920,\"caption\":\"EKOenergy team holding a Ukrainian flag\"},{\"@type\":\"BreadcrumbList\",\"@id\":\"https:\\\/\\\/www.ekoenergy.org\\\/cs\\\/our-results\\\/ekoenergy-for-ukraine\\\/#breadcrumb\",\"itemListElement\":[{\"@type\":\"ListItem\",\"position\":1,\"name\":\"Home\",\"item\":\"https:\\\/\\\/www.ekoenergy.org\\\/cs\\\/\"},{\"@type\":\"ListItem\",\"position\":2,\"name\":\"Na\u0161e v\u00fdsledky\",\"item\":\"https:\\\/\\\/www.ekoenergy.org\\\/cs\\\/our-results\\\/\"},{\"@type\":\"ListItem\",\"position\":3,\"name\":\"EKOenergy for Ukraine\"}]},{\"@type\":\"WebSite\",\"@id\":\"https:\\\/\\\/www.ekoenergy.org\\\/cs\\\/#website\",\"url\":\"https:\\\/\\\/www.ekoenergy.org\\\/cs\\\/\",\"name\":\"EKOenergy ecolabel\",\"description\":\"The global nonprofit ecolabel for renewable energy\",\"publisher\":{\"@id\":\"https:\\\/\\\/www.ekoenergy.org\\\/cs\\\/#organization\"},\"potentialAction\":[{\"@type\":\"SearchAction\",\"target\":{\"@type\":\"EntryPoint\",\"urlTemplate\":\"https:\\\/\\\/www.ekoenergy.org\\\/cs\\\/?s={search_term_string}\"},\"query-input\":{\"@type\":\"PropertyValueSpecification\",\"valueRequired\":true,\"valueName\":\"search_term_string\"}}],\"inLanguage\":\"cs\"},{\"@type\":\"Organization\",\"@id\":\"https:\\\/\\\/www.ekoenergy.org\\\/cs\\\/#organization\",\"name\":\"Not-for-profit Organisation EKOenergy\",\"url\":\"https:\\\/\\\/www.ekoenergy.org\\\/cs\\\/\",\"logo\":{\"@type\":\"ImageObject\",\"inLanguage\":\"cs\",\"@id\":\"https:\\\/\\\/www.ekoenergy.org\\\/cs\\\/#\\\/schema\\\/logo\\\/image\\\/\",\"url\":\"https:\\\/\\\/www.ekoenergy.org\\\/wp-content\\\/uploads\\\/logo-EKOenergy-no-text.jpg\",\"contentUrl\":\"https:\\\/\\\/www.ekoenergy.org\\\/wp-content\\\/uploads\\\/logo-EKOenergy-no-text.jpg\",\"width\":1600,\"height\":1600,\"caption\":\"Not-for-profit Organisation EKOenergy\"},\"image\":{\"@id\":\"https:\\\/\\\/www.ekoenergy.org\\\/cs\\\/#\\\/schema\\\/logo\\\/image\\\/\"},\"sameAs\":[\"https:\\\/\\\/www.facebook.com\\\/EKOenergy.ecolabel\\\/\",\"https:\\\/\\\/x.com\\\/EKOenergy_\",\"https:\\\/\\\/www.instagram.com\\\/ekoenergy\\\/\",\"https:\\\/\\\/www.linkedin.com\\\/company\\\/ekoenergy-ecolabel\\\/\",\"https:\\\/\\\/www.youtube.com\\\/EKOenergy-ecolabel\",\"https:\\\/\\\/en.wikipedia.org\\\/wiki\\\/EKOenergy\"]}]}<\/script>\n<!-- \/ Yoast SEO plugin. -->","yoast_head_json":{"title":"EKOenergy for Ukraine - EKOenergy ecolabel","description":"Since 2022, we have allocated \u20ac270,000 to renewable energy projects in communities severely affected by the war.","robots":{"index":"index","follow":"follow","max-snippet":"max-snippet:-1","max-image-preview":"max-image-preview:large","max-video-preview":"max-video-preview:-1"},"canonical":"https:\/\/www.ekoenergy.org\/cs\/our-results\/ekoenergy-for-ukraine\/","og_locale":"cs_CZ","og_type":"article","og_title":"EKOenergy for Ukraine - EKOenergy ecolabel","og_description":"Since 2022, we have allocated \u20ac270,000 to renewable energy projects in communities severely affected by the war.","og_url":"https:\/\/www.ekoenergy.org\/cs\/our-results\/ekoenergy-for-ukraine\/","og_site_name":"EKOenergy ecolabel","article_publisher":"https:\/\/www.facebook.com\/EKOenergy.ecolabel\/","article_modified_time":"2026-04-02T19:45:49+00:00","og_image":[{"width":2560,"height":1920,"url":"https:\/\/www.ekoenergy.org\/wp-content\/uploads\/IMG_7870-scaled-e1775025726991.jpg","type":"image\/jpeg"}],"twitter_card":"summary_large_image","twitter_site":"@EKOenergy_","twitter_misc":{"Odhadovan\u00e1 doba \u010dten\u00ed":"3 minuty"},"schema":{"@context":"https:\/\/schema.org","@graph":[{"@type":"WebPage","@id":"https:\/\/www.ekoenergy.org\/cs\/our-results\/ekoenergy-for-ukraine\/","url":"https:\/\/www.ekoenergy.org\/cs\/our-results\/ekoenergy-for-ukraine\/","name":"EKOenergy for Ukraine - EKOenergy ecolabel","isPartOf":{"@id":"https:\/\/www.ekoenergy.org\/cs\/#website"},"primaryImageOfPage":{"@id":"https:\/\/www.ekoenergy.org\/cs\/our-results\/ekoenergy-for-ukraine\/#primaryimage"},"image":{"@id":"https:\/\/www.ekoenergy.org\/cs\/our-results\/ekoenergy-for-ukraine\/#primaryimage"},"thumbnailUrl":"https:\/\/www.ekoenergy.org\/wp-content\/uploads\/IMG_7870-scaled-e1775025726991.jpg","datePublished":"2026-04-01T07:27:08+00:00","dateModified":"2026-04-02T19:45:49+00:00","description":"Since 2022, we have allocated \u20ac270,000 to renewable energy projects in communities severely affected by the war.","breadcrumb":{"@id":"https:\/\/www.ekoenergy.org\/cs\/our-results\/ekoenergy-for-ukraine\/#breadcrumb"},"inLanguage":"cs","potentialAction":[{"@type":"ReadAction","target":["https:\/\/www.ekoenergy.org\/cs\/our-results\/ekoenergy-for-ukraine\/"]}]},{"@type":"ImageObject","inLanguage":"cs","@id":"https:\/\/www.ekoenergy.org\/cs\/our-results\/ekoenergy-for-ukraine\/#primaryimage","url":"https:\/\/www.ekoenergy.org\/wp-content\/uploads\/IMG_7870-scaled-e1775025726991.jpg","contentUrl":"https:\/\/www.ekoenergy.org\/wp-content\/uploads\/IMG_7870-scaled-e1775025726991.jpg","width":2560,"height":1920,"caption":"EKOenergy team holding a Ukrainian flag"},{"@type":"BreadcrumbList","@id":"https:\/\/www.ekoenergy.org\/cs\/our-results\/ekoenergy-for-ukraine\/#breadcrumb","itemListElement":[{"@type":"ListItem","position":1,"name":"Home","item":"https:\/\/www.ekoenergy.org\/cs\/"},{"@type":"ListItem","position":2,"name":"Na\u0161e v\u00fdsledky","item":"https:\/\/www.ekoenergy.org\/cs\/our-results\/"},{"@type":"ListItem","position":3,"name":"EKOenergy for Ukraine"}]},{"@type":"WebSite","@id":"https:\/\/www.ekoenergy.org\/cs\/#website","url":"https:\/\/www.ekoenergy.org\/cs\/","name":"EKOenergy ecolabel","description":"The global nonprofit ecolabel for renewable energy","publisher":{"@id":"https:\/\/www.ekoenergy.org\/cs\/#organization"},"potentialAction":[{"@type":"SearchAction","target":{"@type":"EntryPoint","urlTemplate":"https:\/\/www.ekoenergy.org\/cs\/?s={search_term_string}"},"query-input":{"@type":"PropertyValueSpecification","valueRequired":true,"valueName":"search_term_string"}}],"inLanguage":"cs"},{"@type":"Organization","@id":"https:\/\/www.ekoenergy.org\/cs\/#organization","name":"Not-for-profit Organisation EKOenergy","url":"https:\/\/www.ekoenergy.org\/cs\/","logo":{"@type":"ImageObject","inLanguage":"cs","@id":"https:\/\/www.ekoenergy.org\/cs\/#\/schema\/logo\/image\/","url":"https:\/\/www.ekoenergy.org\/wp-content\/uploads\/logo-EKOenergy-no-text.jpg","contentUrl":"https:\/\/www.ekoenergy.org\/wp-content\/uploads\/logo-EKOenergy-no-text.jpg","width":1600,"height":1600,"caption":"Not-for-profit Organisation EKOenergy"},"image":{"@id":"https:\/\/www.ekoenergy.org\/cs\/#\/schema\/logo\/image\/"},"sameAs":["https:\/\/www.facebook.com\/EKOenergy.ecolabel\/","https:\/\/x.com\/EKOenergy_","https:\/\/www.instagram.com\/ekoenergy\/","https:\/\/www.linkedin.com\/company\/ekoenergy-ecolabel\/","https:\/\/www.youtube.com\/EKOenergy-ecolabel","https:\/\/en.wikipedia.org\/wiki\/EKOenergy"]}]}},"uagb_featured_image_src":{"full":["https:\/\/www.ekoenergy.org\/wp-content\/uploads\/IMG_7870-scaled-e1775025726991.jpg",2560,1920,false],"thumbnail":["https:\/\/www.ekoenergy.org\/wp-content\/uploads\/IMG_7870-150x150.jpg",150,150,true],"medium":["https:\/\/www.ekoenergy.org\/wp-content\/uploads\/IMG_7870-320x240.jpg",320,240,true],"medium_large":["https:\/\/www.ekoenergy.org\/wp-content\/uploads\/IMG_7870-768x576.jpg",768,576,true],"large":["https:\/\/www.ekoenergy.org\/wp-content\/uploads\/IMG_7870-1024x768.jpg",1024,768,true],"1536x1536":["https:\/\/www.ekoenergy.org\/wp-content\/uploads\/IMG_7870-1536x1152.jpg",1536,1152,true],"2048x2048":["https:\/\/www.ekoenergy.org\/wp-content\/uploads\/IMG_7870-2048x1536.jpg",2048,1536,true]},"uagb_author_info":{"display_name":"Anastasiia Stetsenko","author_link":"https:\/\/www.ekoenergy.org\/cs\/author\/astetsenko\/"},"uagb_comment_info":0,"uagb_excerpt":"Since February 2022, the beginning of the Russian full-scale war in Ukraine, we have been making efforts to support Ukraine. This war has caused enormous destruction across all areas of life, resulting in hundreds of thousands of casualties and human tragedies. It has also created long-term risks for ecosystems, public health, and sustainable development. Russia\u2019s&hellip;","_links":{"self":[{"href":"https:\/\/www.ekoenergy.org\/cs\/wp-json\/wp\/v2\/pages\/182550","targetHints":{"allow":["GET"]}}],"collection":[{"href":"https:\/\/www.ekoenergy.org\/cs\/wp-json\/wp\/v2\/pages"}],"about":[{"href":"https:\/\/www.ekoenergy.org\/cs\/wp-json\/wp\/v2\/types\/page"}],"author":[{"embeddable":true,"href":"https:\/\/www.ekoenergy.org\/cs\/wp-json\/wp\/v2\/users\/63"}],"replies":[{"embeddable":true,"href":"https:\/\/www.ekoenergy.org\/cs\/wp-json\/wp\/v2\/comments?post=182550"}],"version-history":[{"count":3,"href":"https:\/\/www.ekoenergy.org\/cs\/wp-json\/wp\/v2\/pages\/182550\/revisions"}],"predecessor-version":[{"id":182672,"href":"https:\/\/www.ekoenergy.org\/cs\/wp-json\/wp\/v2\/pages\/182550\/revisions\/182672"}],"up":[{"embeddable":true,"href":"https:\/\/www.ekoenergy.org\/cs\/wp-json\/wp\/v2\/pages\/2805"}],"wp:featuredmedia":[{"embeddable":true,"href":"https:\/\/www.ekoenergy.org\/cs\/wp-json\/wp\/v2\/media\/182465"}],"wp:attachment":[{"href":"https:\/\/www.ekoenergy.org\/cs\/wp-json\/wp\/v2\/media?parent=182550"}],"curies":[{"name":"wp","href":"https:\/\/api.w.org\/{rel}","templated":true}]}}