{"id":25296,"date":"2020-01-09T13:03:40","date_gmt":"2020-01-09T13:03:40","guid":{"rendered":"https:\/\/www.ekoenergy.org\/ecolabel\/criteria\/"},"modified":"2023-04-12T22:59:11","modified_gmt":"2023-04-12T19:59:11","slug":"criteria","status":"publish","type":"page","link":"https:\/\/www.ekoenergy.org\/cs\/ecolabel\/criteria\/","title":{"rendered":"Krit\u00e9ria EKOenergie"},"content":{"rendered":"\n<h1 class=\"wp-block-heading\">Krit\u00e9ria EKOenergie<\/h1>\n\n\n\n<p>Na\u0161e mezin\u00e1rodn\u011b uzn\u00e1van\u00e1 zna\u010dka pom\u00e1h\u00e1 spot\u0159ebitel\u016fm naj\u00edt <a href=\"https:\/\/www.ekoenergy.org\/cs\/ecolabel\/\">nejudr\u017eiteln\u011bj\u0161\u00ed energii a p\u0159isp\u00edvat v\u00edce k obnovitelnosti<\/a>.   Our internationally recognised ecolabel helps consumers find the <a href=\"https:\/\/www.ekoenergy.org\/ecolabel\/\">most sustainable renewable energy and helps them make an extra positive impact<\/a>.<\/p>\n\n\n\n<p>EKOenergie je zna\u010dka pro obnovitelnou energii, ne pro spole\u010dnosti nebo elektr\u00e1rny.<\/p>\n\n\n\n<p>Krit\u00e9ria EKOenergie se t\u00fdkaj\u00ed <a href=\"https:\/\/www.ekoenergy.org\/cs\/ecolabel\/criteria\/electricity\/\">elekt\u0159iny<\/a>, <a href=\"https:\/\/www.ekoenergy.org\/cs\/ecolabel\/criteria\/ekoenergy-gas\/\">plynu<\/a>, <a href=\"https:\/\/www.ekoenergy.org\/cs\/ecolabel\/criteria\/renewable-heat\/\">vyt\u00e1p\u011bn\u00ed a chlazen\u00ed<\/a>. <\/p>\n\n\n\n<div class=\"wp-block-columns is-layout-flex wp-container-core-columns-is-layout-28f84493 wp-block-columns-is-layout-flex\">\n<div class=\"wp-block-column is-layout-flow wp-block-column-is-layout-flow\">\n<figure class=\"wp-block-image aligncenter size-medium is-resized hover-image\"><a href=\"https:\/\/www.ekoenergy.org\/cs\/ecolabel\/criteria\/electricity\/\"><img decoding=\"async\" src=\"https:\/\/www.ekoenergy.org\/wp-content\/uploads\/\/criteria-icon-electricity-light-bulb-320x320.png\" alt=\"\" class=\"wp-image-37894\" width=\"160\" height=\"160\" srcset=\"https:\/\/www.ekoenergy.org\/wp-content\/uploads\/criteria-icon-electricity-light-bulb-320x320.png 320w, https:\/\/www.ekoenergy.org\/wp-content\/uploads\/criteria-icon-electricity-light-bulb-150x150.png 150w, https:\/\/www.ekoenergy.org\/wp-content\/uploads\/criteria-icon-electricity-light-bulb.png 512w\" sizes=\"(max-width: 160px) 100vw, 160px\" \/><\/a><figcaption class=\"wp-element-caption\"><a href=\"https:\/\/www.ekoenergy.org\/cs\/ecolabel\/criteria\/electricity\/\">Elekt\u0159ina<\/a><\/figcaption><\/figure>\n<\/div>\n\n\n\n<div class=\"wp-block-column is-layout-flow wp-block-column-is-layout-flow\">\n<figure class=\"wp-block-image aligncenter size-medium is-resized hover-image\"><a href=\"https:\/\/www.ekoenergy.org\/cs\/ecolabel\/criteria\/ekoenergy-gas\/\"><img decoding=\"async\" src=\"https:\/\/www.ekoenergy.org\/wp-content\/uploads\/\/criteria-icon-gasoline-320x320.png\" alt=\"\" class=\"wp-image-37879\" width=\"160\" height=\"160\" srcset=\"https:\/\/www.ekoenergy.org\/wp-content\/uploads\/criteria-icon-gasoline-320x320.png 320w, https:\/\/www.ekoenergy.org\/wp-content\/uploads\/criteria-icon-gasoline-150x150.png 150w, https:\/\/www.ekoenergy.org\/wp-content\/uploads\/criteria-icon-gasoline.png 512w\" sizes=\"(max-width: 160px) 100vw, 160px\" \/><\/a><figcaption class=\"wp-element-caption\"><a href=\"https:\/\/www.ekoenergy.org\/cs\/ecolabel\/criteria\/ekoenergy-gas\/\">Plyn<\/a><\/figcaption><\/figure>\n<\/div>\n\n\n\n<div class=\"wp-block-column is-layout-flow wp-block-column-is-layout-flow\">\n<figure class=\"wp-block-image aligncenter size-medium is-resized hover-image\"><a href=\"https:\/\/www.ekoenergy.org\/cs\/ecolabel\/criteria\/renewable-heat\/\"><img decoding=\"async\" src=\"https:\/\/www.ekoenergy.org\/wp-content\/uploads\/\/criteria-icon-heat-bonfire-320x320.png\" alt=\"\" class=\"wp-image-37924\" width=\"160\" height=\"160\" srcset=\"https:\/\/www.ekoenergy.org\/wp-content\/uploads\/criteria-icon-heat-bonfire-320x320.png 320w, https:\/\/www.ekoenergy.org\/wp-content\/uploads\/criteria-icon-heat-bonfire-150x150.png 150w, https:\/\/www.ekoenergy.org\/wp-content\/uploads\/criteria-icon-heat-bonfire.png 512w\" sizes=\"(max-width: 160px) 100vw, 160px\" \/><\/a><figcaption class=\"wp-element-caption\"><a href=\"https:\/\/www.ekoenergy.org\/cs\/ecolabel\/criteria\/renewable-heat\/\">Vyt\u00e1p\u011bn\u00ed a chlazen\u00ed<\/a><\/figcaption><\/figure>\n<\/div>\n<\/div>\n\n\n\n<p>Na\u0161e krit\u00e9ria jsou ur\u010dena s ohledem na vliv tvorby energie na p\u0159\u00edrodu, berou v potaz sledov\u00e1n\u00ed a vyh\u00fdb\u00e1n\u00ed se dvoj\u00edho zapo\u010dten\u00ed, a p\u0159in\u00e1\u0161\u00ed dodate\u010dn\u00fd pozitivn\u00ed vliv na \u017eivotn\u00ed prost\u0159ed\u00ed a energetickou chudobu.<\/p>\n\n\n\n<p>V\u00edce informac\u00ed o <a href=\"https:\/\/www.ekoenergy.org\/cs\/ecolabel\/criteria\/ppas-and-onsite-installations\/\">energii z instalac\u00ed na m\u00edst\u011b a PPA<\/a> a o <a href=\"https:\/\/www.ekoenergy.org\/cs\/ecolabel\/criteria\/tracking\/\">sledov\u00e1n\u00ed energie<\/a> lze naj\u00edt na jejich jednotliv\u00fdch str\u00e1nk\u00e1ch<\/p>\n\n\n\n<p>Krit\u00e9ria EKOenergie za\u010dala platit v roce 2013. V\u00fdvoj a schv\u00e1len\u00ed t\u011bchto krit\u00e9ri\u00ed se \u0159\u00edd\u00ed pravidly <a href=\"https:\/\/www.isealalliance.org\/defining-credible-practice\/iseal-codes-good-practice\" target=\"_blank\" rel=\"noreferrer noopener\">ISEAL Standard-setting code<\/a> a zakl\u00e1d\u00e1 se na t\u011bch nejlep\u0161\u00edch praktik\u00e1ch a na aktivn\u00ed konzultaci se v\u0161emi v\u00fdznamn\u00fdmi z\u00fa\u010dastn\u011bn\u00fdmi stranami. Zm\u011bny vy\u017eaduj\u00ed schv\u00e1len\u00ed od v\u0161ech NNO kter\u00e9 zalo\u017eily EKOenergii a od rady Finnish Association for Nature Conservation.<\/p>\n\n\n\n<p>EKOenergie ka\u017edoro\u010dn\u011b po\u0159\u00e1d\u00e1 kontrolu, aby zajistila, \u017ee v\u0161echna energie ozna\u010den\u00e1 na\u0161\u00edm logem spl\u0148uje na\u0161e krit\u00e9ria.<\/p>\n\n\n\n<div style=\"height:20px\" aria-hidden=\"true\" class=\"wp-block-spacer\"><\/div>\n\n\n\n<p><em>Ikony vytvo\u0159il <a aria-label=\" (opens in a new tab)\" rel=\"noreferrer noopener\" href=\"https:\/\/www.flaticon.com\/authors\/icongeek26\" target=\"_blank\">Icongeek26<\/a> z <a aria-label=\" (opens in a new tab)\" rel=\"noreferrer noopener\" href=\"https:\/\/www.flaticon.com\/\" target=\"_blank\">www.flaticon.com<\/a><\/em><\/p>\n","protected":false},"excerpt":{"rendered":"<p>Krit\u00e9ria EKOenergie Na\u0161e mezin\u00e1rodn\u011b uzn\u00e1van\u00e1 zna\u010dka pom\u00e1h\u00e1 spot\u0159ebitel\u016fm naj\u00edt nejudr\u017eiteln\u011bj\u0161\u00ed energii a p\u0159isp\u00edvat v\u00edce k obnovitelnosti. Our internationally recognised ecolabel helps consumers find the most sustainable renewable energy and helps them make an extra positive impact. EKOenergie je zna\u010dka pro obnovitelnou energii, ne pro spole\u010dnosti nebo elektr\u00e1rny. Krit\u00e9ria EKOenergie se t\u00fdkaj\u00ed elekt\u0159iny, plynu, vyt\u00e1p\u011bn\u00ed a [&hellip;]<\/p>\n","protected":false},"author":17,"featured_media":28338,"parent":2684,"menu_order":1,"comment_status":"closed","ping_status":"closed","template":"","meta":{"inline_featured_image":false,"_uag_custom_page_level_css":"","site-sidebar-layout":"default","site-content-layout":"default","ast-site-content-layout":"default","site-content-style":"default","site-sidebar-style":"default","ast-global-header-display":"","ast-banner-title-visibility":"","ast-main-header-display":"","ast-hfb-above-header-display":"","ast-hfb-below-header-display":"","ast-hfb-mobile-header-display":"","site-post-title":"disabled","ast-breadcrumbs-content":"","ast-featured-img":"","footer-sml-layout":"","ast-disable-related-posts":"","theme-transparent-header-meta":"default","adv-header-id-meta":"","stick-header-meta":"default","header-above-stick-meta":"","header-main-stick-meta":"","header-below-stick-meta":"","astra-migrate-meta-layouts":"default","ast-page-background-enabled":"default","ast-page-background-meta":{"desktop":{"background-color":"","background-image":"","background-repeat":"repeat","background-position":"center center","background-size":"auto","background-attachment":"scroll","background-type":"","background-media":"","overlay-type":"","overlay-color":"","overlay-opacity":"","overlay-gradient":""},"tablet":{"background-color":"","background-image":"","background-repeat":"repeat","background-position":"center center","background-size":"auto","background-attachment":"scroll","background-type":"","background-media":"","overlay-type":"","overlay-color":"","overlay-opacity":"","overlay-gradient":""},"mobile":{"background-color":"","background-image":"","background-repeat":"repeat","background-position":"center center","background-size":"auto","background-attachment":"scroll","background-type":"","background-media":"","overlay-type":"","overlay-color":"","overlay-opacity":"","overlay-gradient":""}},"ast-content-background-meta":{"desktop":{"background-color":"var(--ast-global-color-5)","background-image":"","background-repeat":"repeat","background-position":"center center","background-size":"auto","background-attachment":"scroll","background-type":"","background-media":"","overlay-type":"","overlay-color":"","overlay-opacity":"","overlay-gradient":""},"tablet":{"background-color":"var(--ast-global-color-5)","background-image":"","background-repeat":"repeat","background-position":"center center","background-size":"auto","background-attachment":"scroll","background-type":"","background-media":"","overlay-type":"","overlay-color":"","overlay-opacity":"","overlay-gradient":""},"mobile":{"background-color":"var(--ast-global-color-5)","background-image":"","background-repeat":"repeat","background-position":"center center","background-size":"auto","background-attachment":"scroll","background-type":"","background-media":"","overlay-type":"","overlay-color":"","overlay-opacity":"","overlay-gradient":""}},"footnotes":""},"class_list":["post-25296","page","type-page","status-publish","has-post-thumbnail","hentry"],"yoast_head":"<!-- This site is optimized with the Yoast SEO plugin v27.3 - https:\/\/yoast.com\/product\/yoast-seo-wordpress\/ -->\n<title>Krit\u00e9ria EKOenergie - EKOenergy ecolabel<\/title>\n<meta name=\"description\" content=\"Na\u0161e krit\u00e9ria jsou ur\u010dena s ohledem na vliv tvorby energie na p\u0159\u00edrodu, berou v potaz sledov\u00e1n\u00ed a vyh\u00fdb\u00e1n\u00ed se dvoj\u00edho zapo\u010dten\u00ed.\" \/>\n<meta name=\"robots\" content=\"index, follow, max-snippet:-1, max-image-preview:large, max-video-preview:-1\" \/>\n<link rel=\"canonical\" href=\"https:\/\/www.ekoenergy.org\/cs\/ecolabel\/criteria\/\" \/>\n<meta property=\"og:locale\" content=\"cs_CZ\" \/>\n<meta property=\"og:type\" content=\"article\" \/>\n<meta property=\"og:title\" content=\"Krit\u00e9ria EKOenergie - EKOenergy ecolabel\" \/>\n<meta property=\"og:description\" content=\"Na\u0161e krit\u00e9ria jsou ur\u010dena s ohledem na vliv tvorby energie na p\u0159\u00edrodu, berou v potaz sledov\u00e1n\u00ed a vyh\u00fdb\u00e1n\u00ed se dvoj\u00edho zapo\u010dten\u00ed.\" \/>\n<meta property=\"og:url\" content=\"https:\/\/www.ekoenergy.org\/cs\/ecolabel\/criteria\/\" \/>\n<meta property=\"og:site_name\" content=\"EKOenergy ecolabel\" \/>\n<meta property=\"article:publisher\" content=\"https:\/\/www.facebook.com\/EKOenergy.ecolabel\/\" \/>\n<meta property=\"article:modified_time\" content=\"2023-04-12T19:59:11+00:00\" \/>\n<meta property=\"og:image\" content=\"https:\/\/www.ekoenergy.org\/wp-content\/uploads\/Featured-Renewable-Energy.jpg\" \/>\n\t<meta property=\"og:image:width\" content=\"1280\" \/>\n\t<meta property=\"og:image:height\" content=\"853\" \/>\n\t<meta property=\"og:image:type\" content=\"image\/jpeg\" \/>\n<meta name=\"twitter:card\" content=\"summary_large_image\" \/>\n<meta name=\"twitter:site\" content=\"@EKOenergy_\" \/>\n<meta name=\"twitter:label1\" content=\"Odhadovan\u00e1 doba \u010dten\u00ed\" \/>\n\t<meta name=\"twitter:data1\" content=\"2 minuty\" \/>\n<script type=\"application\/ld+json\" class=\"yoast-schema-graph\">{\"@context\":\"https:\\\/\\\/schema.org\",\"@graph\":[{\"@type\":\"WebPage\",\"@id\":\"https:\\\/\\\/www.ekoenergy.org\\\/cs\\\/ecolabel\\\/criteria\\\/\",\"url\":\"https:\\\/\\\/www.ekoenergy.org\\\/cs\\\/ecolabel\\\/criteria\\\/\",\"name\":\"Krit\u00e9ria EKOenergie - EKOenergy ecolabel\",\"isPartOf\":{\"@id\":\"https:\\\/\\\/www.ekoenergy.org\\\/cs\\\/#website\"},\"primaryImageOfPage\":{\"@id\":\"https:\\\/\\\/www.ekoenergy.org\\\/cs\\\/ecolabel\\\/criteria\\\/#primaryimage\"},\"image\":{\"@id\":\"https:\\\/\\\/www.ekoenergy.org\\\/cs\\\/ecolabel\\\/criteria\\\/#primaryimage\"},\"thumbnailUrl\":\"https:\\\/\\\/www.ekoenergy.org\\\/wp-content\\\/uploads\\\/Featured-Renewable-Energy.jpg\",\"datePublished\":\"2020-01-09T13:03:40+00:00\",\"dateModified\":\"2023-04-12T19:59:11+00:00\",\"description\":\"Na\u0161e krit\u00e9ria jsou ur\u010dena s ohledem na vliv tvorby energie na p\u0159\u00edrodu, berou v potaz sledov\u00e1n\u00ed a vyh\u00fdb\u00e1n\u00ed se dvoj\u00edho zapo\u010dten\u00ed.\",\"breadcrumb\":{\"@id\":\"https:\\\/\\\/www.ekoenergy.org\\\/cs\\\/ecolabel\\\/criteria\\\/#breadcrumb\"},\"inLanguage\":\"cs\",\"potentialAction\":[{\"@type\":\"ReadAction\",\"target\":[\"https:\\\/\\\/www.ekoenergy.org\\\/cs\\\/ecolabel\\\/criteria\\\/\"]}]},{\"@type\":\"ImageObject\",\"inLanguage\":\"cs\",\"@id\":\"https:\\\/\\\/www.ekoenergy.org\\\/cs\\\/ecolabel\\\/criteria\\\/#primaryimage\",\"url\":\"https:\\\/\\\/www.ekoenergy.org\\\/wp-content\\\/uploads\\\/Featured-Renewable-Energy.jpg\",\"contentUrl\":\"https:\\\/\\\/www.ekoenergy.org\\\/wp-content\\\/uploads\\\/Featured-Renewable-Energy.jpg\",\"width\":1280,\"height\":853},{\"@type\":\"BreadcrumbList\",\"@id\":\"https:\\\/\\\/www.ekoenergy.org\\\/cs\\\/ecolabel\\\/criteria\\\/#breadcrumb\",\"itemListElement\":[{\"@type\":\"ListItem\",\"position\":1,\"name\":\"Home\",\"item\":\"https:\\\/\\\/www.ekoenergy.org\\\/cs\\\/\"},{\"@type\":\"ListItem\",\"position\":2,\"name\":\"Na\u0161e ekozna\u010dka\",\"item\":\"https:\\\/\\\/www.ekoenergy.org\\\/cs\\\/ecolabel\\\/\"},{\"@type\":\"ListItem\",\"position\":3,\"name\":\"Krit\u00e9ria EKOenergie\"}]},{\"@type\":\"WebSite\",\"@id\":\"https:\\\/\\\/www.ekoenergy.org\\\/cs\\\/#website\",\"url\":\"https:\\\/\\\/www.ekoenergy.org\\\/cs\\\/\",\"name\":\"EKOenergy ecolabel\",\"description\":\"The global nonprofit ecolabel for renewable energy\",\"publisher\":{\"@id\":\"https:\\\/\\\/www.ekoenergy.org\\\/cs\\\/#organization\"},\"potentialAction\":[{\"@type\":\"SearchAction\",\"target\":{\"@type\":\"EntryPoint\",\"urlTemplate\":\"https:\\\/\\\/www.ekoenergy.org\\\/cs\\\/?s={search_term_string}\"},\"query-input\":{\"@type\":\"PropertyValueSpecification\",\"valueRequired\":true,\"valueName\":\"search_term_string\"}}],\"inLanguage\":\"cs\"},{\"@type\":\"Organization\",\"@id\":\"https:\\\/\\\/www.ekoenergy.org\\\/cs\\\/#organization\",\"name\":\"Not-for-profit Organisation EKOenergy\",\"url\":\"https:\\\/\\\/www.ekoenergy.org\\\/cs\\\/\",\"logo\":{\"@type\":\"ImageObject\",\"inLanguage\":\"cs\",\"@id\":\"https:\\\/\\\/www.ekoenergy.org\\\/cs\\\/#\\\/schema\\\/logo\\\/image\\\/\",\"url\":\"https:\\\/\\\/www.ekoenergy.org\\\/wp-content\\\/uploads\\\/logo-EKOenergy-no-text.jpg\",\"contentUrl\":\"https:\\\/\\\/www.ekoenergy.org\\\/wp-content\\\/uploads\\\/logo-EKOenergy-no-text.jpg\",\"width\":1600,\"height\":1600,\"caption\":\"Not-for-profit Organisation EKOenergy\"},\"image\":{\"@id\":\"https:\\\/\\\/www.ekoenergy.org\\\/cs\\\/#\\\/schema\\\/logo\\\/image\\\/\"},\"sameAs\":[\"https:\\\/\\\/www.facebook.com\\\/EKOenergy.ecolabel\\\/\",\"https:\\\/\\\/x.com\\\/EKOenergy_\",\"https:\\\/\\\/www.instagram.com\\\/ekoenergy\\\/\",\"https:\\\/\\\/www.linkedin.com\\\/company\\\/ekoenergy-ecolabel\\\/\",\"https:\\\/\\\/www.youtube.com\\\/EKOenergy-ecolabel\",\"https:\\\/\\\/en.wikipedia.org\\\/wiki\\\/EKOenergy\"]}]}<\/script>\n<!-- \/ Yoast SEO plugin. -->","yoast_head_json":{"title":"Krit\u00e9ria EKOenergie - EKOenergy ecolabel","description":"Na\u0161e krit\u00e9ria jsou ur\u010dena s ohledem na vliv tvorby energie na p\u0159\u00edrodu, berou v potaz sledov\u00e1n\u00ed a vyh\u00fdb\u00e1n\u00ed se dvoj\u00edho zapo\u010dten\u00ed.","robots":{"index":"index","follow":"follow","max-snippet":"max-snippet:-1","max-image-preview":"max-image-preview:large","max-video-preview":"max-video-preview:-1"},"canonical":"https:\/\/www.ekoenergy.org\/cs\/ecolabel\/criteria\/","og_locale":"cs_CZ","og_type":"article","og_title":"Krit\u00e9ria EKOenergie - EKOenergy ecolabel","og_description":"Na\u0161e krit\u00e9ria jsou ur\u010dena s ohledem na vliv tvorby energie na p\u0159\u00edrodu, berou v potaz sledov\u00e1n\u00ed a vyh\u00fdb\u00e1n\u00ed se dvoj\u00edho zapo\u010dten\u00ed.","og_url":"https:\/\/www.ekoenergy.org\/cs\/ecolabel\/criteria\/","og_site_name":"EKOenergy ecolabel","article_publisher":"https:\/\/www.facebook.com\/EKOenergy.ecolabel\/","article_modified_time":"2023-04-12T19:59:11+00:00","og_image":[{"width":1280,"height":853,"url":"https:\/\/www.ekoenergy.org\/wp-content\/uploads\/Featured-Renewable-Energy.jpg","type":"image\/jpeg"}],"twitter_card":"summary_large_image","twitter_site":"@EKOenergy_","twitter_misc":{"Odhadovan\u00e1 doba \u010dten\u00ed":"2 minuty"},"schema":{"@context":"https:\/\/schema.org","@graph":[{"@type":"WebPage","@id":"https:\/\/www.ekoenergy.org\/cs\/ecolabel\/criteria\/","url":"https:\/\/www.ekoenergy.org\/cs\/ecolabel\/criteria\/","name":"Krit\u00e9ria EKOenergie - EKOenergy ecolabel","isPartOf":{"@id":"https:\/\/www.ekoenergy.org\/cs\/#website"},"primaryImageOfPage":{"@id":"https:\/\/www.ekoenergy.org\/cs\/ecolabel\/criteria\/#primaryimage"},"image":{"@id":"https:\/\/www.ekoenergy.org\/cs\/ecolabel\/criteria\/#primaryimage"},"thumbnailUrl":"https:\/\/www.ekoenergy.org\/wp-content\/uploads\/Featured-Renewable-Energy.jpg","datePublished":"2020-01-09T13:03:40+00:00","dateModified":"2023-04-12T19:59:11+00:00","description":"Na\u0161e krit\u00e9ria jsou ur\u010dena s ohledem na vliv tvorby energie na p\u0159\u00edrodu, berou v potaz sledov\u00e1n\u00ed a vyh\u00fdb\u00e1n\u00ed se dvoj\u00edho zapo\u010dten\u00ed.","breadcrumb":{"@id":"https:\/\/www.ekoenergy.org\/cs\/ecolabel\/criteria\/#breadcrumb"},"inLanguage":"cs","potentialAction":[{"@type":"ReadAction","target":["https:\/\/www.ekoenergy.org\/cs\/ecolabel\/criteria\/"]}]},{"@type":"ImageObject","inLanguage":"cs","@id":"https:\/\/www.ekoenergy.org\/cs\/ecolabel\/criteria\/#primaryimage","url":"https:\/\/www.ekoenergy.org\/wp-content\/uploads\/Featured-Renewable-Energy.jpg","contentUrl":"https:\/\/www.ekoenergy.org\/wp-content\/uploads\/Featured-Renewable-Energy.jpg","width":1280,"height":853},{"@type":"BreadcrumbList","@id":"https:\/\/www.ekoenergy.org\/cs\/ecolabel\/criteria\/#breadcrumb","itemListElement":[{"@type":"ListItem","position":1,"name":"Home","item":"https:\/\/www.ekoenergy.org\/cs\/"},{"@type":"ListItem","position":2,"name":"Na\u0161e ekozna\u010dka","item":"https:\/\/www.ekoenergy.org\/cs\/ecolabel\/"},{"@type":"ListItem","position":3,"name":"Krit\u00e9ria EKOenergie"}]},{"@type":"WebSite","@id":"https:\/\/www.ekoenergy.org\/cs\/#website","url":"https:\/\/www.ekoenergy.org\/cs\/","name":"EKOenergy ecolabel","description":"The global nonprofit ecolabel for renewable energy","publisher":{"@id":"https:\/\/www.ekoenergy.org\/cs\/#organization"},"potentialAction":[{"@type":"SearchAction","target":{"@type":"EntryPoint","urlTemplate":"https:\/\/www.ekoenergy.org\/cs\/?s={search_term_string}"},"query-input":{"@type":"PropertyValueSpecification","valueRequired":true,"valueName":"search_term_string"}}],"inLanguage":"cs"},{"@type":"Organization","@id":"https:\/\/www.ekoenergy.org\/cs\/#organization","name":"Not-for-profit Organisation EKOenergy","url":"https:\/\/www.ekoenergy.org\/cs\/","logo":{"@type":"ImageObject","inLanguage":"cs","@id":"https:\/\/www.ekoenergy.org\/cs\/#\/schema\/logo\/image\/","url":"https:\/\/www.ekoenergy.org\/wp-content\/uploads\/logo-EKOenergy-no-text.jpg","contentUrl":"https:\/\/www.ekoenergy.org\/wp-content\/uploads\/logo-EKOenergy-no-text.jpg","width":1600,"height":1600,"caption":"Not-for-profit Organisation EKOenergy"},"image":{"@id":"https:\/\/www.ekoenergy.org\/cs\/#\/schema\/logo\/image\/"},"sameAs":["https:\/\/www.facebook.com\/EKOenergy.ecolabel\/","https:\/\/x.com\/EKOenergy_","https:\/\/www.instagram.com\/ekoenergy\/","https:\/\/www.linkedin.com\/company\/ekoenergy-ecolabel\/","https:\/\/www.youtube.com\/EKOenergy-ecolabel","https:\/\/en.wikipedia.org\/wiki\/EKOenergy"]}]}},"uagb_featured_image_src":{"full":["https:\/\/www.ekoenergy.org\/wp-content\/uploads\/Featured-Renewable-Energy.jpg",1280,853,false],"thumbnail":["https:\/\/www.ekoenergy.org\/wp-content\/uploads\/Featured-Renewable-Energy-150x150.jpg",150,150,true],"medium":["https:\/\/www.ekoenergy.org\/wp-content\/uploads\/Featured-Renewable-Energy-320x213.jpg",320,213,true],"medium_large":["https:\/\/www.ekoenergy.org\/wp-content\/uploads\/Featured-Renewable-Energy-768x512.jpg",768,512,true],"large":["https:\/\/www.ekoenergy.org\/wp-content\/uploads\/Featured-Renewable-Energy-1024x682.jpg",1024,682,true],"1536x1536":["https:\/\/www.ekoenergy.org\/wp-content\/uploads\/Featured-Renewable-Energy.jpg",1280,853,false],"2048x2048":["https:\/\/www.ekoenergy.org\/wp-content\/uploads\/Featured-Renewable-Energy.jpg",1280,853,false]},"uagb_author_info":{"display_name":"EKOenergy ecolabel","author_link":"https:\/\/www.ekoenergy.org\/cs\/author\/ekoenergy\/"},"uagb_comment_info":0,"uagb_excerpt":"Krit\u00e9ria EKOenergie Na\u0161e mezin\u00e1rodn\u011b uzn\u00e1van\u00e1 zna\u010dka pom\u00e1h\u00e1 spot\u0159ebitel\u016fm naj\u00edt nejudr\u017eiteln\u011bj\u0161\u00ed energii a p\u0159isp\u00edvat v\u00edce k obnovitelnosti. Our internationally recognised ecolabel helps consumers find the most sustainable renewable energy and helps them make an extra positive impact. EKOenergie je zna\u010dka pro obnovitelnou energii, ne pro spole\u010dnosti nebo elektr\u00e1rny. Krit\u00e9ria EKOenergie se t\u00fdkaj\u00ed elekt\u0159iny, plynu, vyt\u00e1p\u011bn\u00ed a&hellip;","_links":{"self":[{"href":"https:\/\/www.ekoenergy.org\/cs\/wp-json\/wp\/v2\/pages\/25296","targetHints":{"allow":["GET"]}}],"collection":[{"href":"https:\/\/www.ekoenergy.org\/cs\/wp-json\/wp\/v2\/pages"}],"about":[{"href":"https:\/\/www.ekoenergy.org\/cs\/wp-json\/wp\/v2\/types\/page"}],"author":[{"embeddable":true,"href":"https:\/\/www.ekoenergy.org\/cs\/wp-json\/wp\/v2\/users\/17"}],"replies":[{"embeddable":true,"href":"https:\/\/www.ekoenergy.org\/cs\/wp-json\/wp\/v2\/comments?post=25296"}],"version-history":[{"count":2,"href":"https:\/\/www.ekoenergy.org\/cs\/wp-json\/wp\/v2\/pages\/25296\/revisions"}],"predecessor-version":[{"id":141872,"href":"https:\/\/www.ekoenergy.org\/cs\/wp-json\/wp\/v2\/pages\/25296\/revisions\/141872"}],"up":[{"embeddable":true,"href":"https:\/\/www.ekoenergy.org\/cs\/wp-json\/wp\/v2\/pages\/2684"}],"wp:featuredmedia":[{"embeddable":true,"href":"https:\/\/www.ekoenergy.org\/cs\/wp-json\/wp\/v2\/media\/28338"}],"wp:attachment":[{"href":"https:\/\/www.ekoenergy.org\/cs\/wp-json\/wp\/v2\/media?parent=25296"}],"curies":[{"name":"wp","href":"https:\/\/api.w.org\/{rel}","templated":true}]}}