{"id":2805,"date":"2019-12-04T13:51:33","date_gmt":"2019-12-04T13:51:33","guid":{"rendered":"https:\/\/www.ekoenergy.org\/our-results\/"},"modified":"2022-06-28T16:25:45","modified_gmt":"2022-06-28T13:25:45","slug":"our-results","status":"publish","type":"page","link":"https:\/\/www.ekoenergy.org\/cs\/our-results\/","title":{"rendered":"Na\u0161e v\u00fdsledky"},"content":{"rendered":"\n<h1 class=\"wp-block-heading\">Na\u0161e v\u00fdsledky<\/h1>\n\n\n\n<figure class=\"wp-block-image alignright size-medium\"><img fetchpriority=\"high\" decoding=\"async\" width=\"320\" height=\"227\" src=\"https:\/\/www.ekoenergy.org\/wp-content\/uploads\/\/first-Five-year-report-EKOenergy-cover-photo-320x227.jpg\" alt=\"first Five-year-report EKOenergy cover photo\" class=\"wp-image-13411\" srcset=\"https:\/\/www.ekoenergy.org\/wp-content\/uploads\/first-Five-year-report-EKOenergy-cover-photo-320x227.jpg 320w, https:\/\/www.ekoenergy.org\/wp-content\/uploads\/first-Five-year-report-EKOenergy-cover-photo-1024x725.jpg 1024w, https:\/\/www.ekoenergy.org\/wp-content\/uploads\/first-Five-year-report-EKOenergy-cover-photo-768x544.jpg 768w, https:\/\/www.ekoenergy.org\/wp-content\/uploads\/first-Five-year-report-EKOenergy-cover-photo-1536x1088.jpg 1536w, https:\/\/www.ekoenergy.org\/wp-content\/uploads\/first-Five-year-report-EKOenergy-cover-photo-2048x1451.jpg 2048w\" sizes=\"(max-width: 320px) 100vw, 320px\" \/><\/figure>\n\n\n\n<p>EKOenergie se sna\u017e\u00ed chr\u00e1nit p\u0159\u00edrodu a zabr\u00e1nit klimatick\u00fdm zm\u011bn\u00e1m, a to hlavn\u011b t\u00edm, \u017ee pom\u00e1h\u00e1 spot\u0159ebitel\u016fm energie p\u0159ej\u00edt na 100% udr\u017eitelnou a obnovitelnou energii. Od na\u0161eho za\u010d\u00e1tku v roce 2013 jsme toho hodn\u011b dos\u00e1hli. N\u00e1\u0161 pokrok je podrobn\u011b zaps\u00e1n v: <a rel=\"noreferrer noopener\" href=\"https:\/\/www.ekoenergy.org\/wp-content\/uploads\/Report-EKOenergy-First-Five-Years.pdf\" target=\"_blank\">EKOenergy\u2019s First 5 years &#8211; 2013-2018<\/a> (Prvn\u00edch 5 let EKOenergie \u2013 2013 \u2013 2018).<\/p>\n\n\n\n<p>Pomoc\u00ed kontakt\u016f s velk\u00fdmi spot\u0159ebitely energie a spolupr\u00e1ce s organizacemi na ochranu \u017eivotn\u00edho prost\u0159ed\u00ed a CSR s\u00edt\u00ed celosv\u011btov\u011b podporujem obnovitelnou energii. N\u00e1\u0161 <a href=\"https:\/\/www.ekoenergy.org\/cs\/our-results\/climate-fund\/\">Klimatick\u00fd Fond<\/a> podporuje projekty pro obnovitelnou energii v rozvojov\u00fdch zem\u00edch, s c\u00edlem zbavit se energetick\u00e9 chudoby. N\u00e1\u0161 <a href=\"https:\/\/www.ekoenergy.org\/cs\/our-results\/environmental-fund\/\">Fond pro \u017eivotn\u00ed prost\u0159ed\u00ed<\/a> financuje projekty na obnovu \u0159\u00ed\u010dn\u00edch ekosyst\u00e9m\u016f.<\/p>\n\n\n\n<h2 class=\"wp-block-heading\">Rozv\u00edjen\u00ed mo\u017enost\u00ed spot\u0159ebitel\u016f<\/h2>\n\n\n\n<p>V mnoha \u010d\u00e1stech sv\u011bta jsou mo\u017enosti spot\u0159ebitel\u016f na energetick\u00e9m trhu velmi omezen\u00e9. Je obt\u00ed\u017en\u00e9, n\u011bkdy dokonce nemo\u017en\u00e9, si vybrat zelenou energii a nebo aktivn\u011b podporovat p\u0159echod na obnovitelnou energii. EKOenergie se proto sna\u017e\u00ed rozv\u00edjet mo\u017enosti spot\u0159ebitel\u016f. N\u00ed\u017ee uveden\u00e9 jsou n\u011bkter\u00e9 d\u016fle\u017eit\u00e9 v\u00fdsledky, kter\u00fdch jsme dos\u00e1hli:<\/p>\n\n\n\n<ul class=\"wp-block-list\"><li>M\u00e1me velk\u00fd pod\u00edl na tvorb\u011b <a rel=\"noreferrer noopener\" href=\"https:\/\/ghgprotocol.org\/\" target=\"_blank\">Greenhouse Gas Protocol<\/a> Scope 2 Guidance. Tak\u00e9 jsme shrnuli tento text, s informacemi pro jednotliv\u00e9 zem\u011b, v 19 jazyc\u00edch.<\/li><li>Byli jsme jedni z prvn\u00edch kdo pou\u017e\u00edvali I-REC, mezin\u00e1rodn\u00ed standard pro certifik\u00e1ty obnoviteln\u00e9 energie. I-REC umo\u017e\u0148uje sledov\u00e1n\u00ed energie mimo Evropu a USA, a byli jsme jedni z prvn\u00edch kdo pracovali s t\u00edmto standardem v zem\u00edch jako je \u010c\u00edna a Braz\u00edlie.<\/li><li>Vytvo\u0159ili jsme mnoho materi\u00e1lu ohledn\u011b zelen\u00e9 energie a o n\u00e1kupu obnoviteln\u00e9 elekt\u0159iny. Mnoho na\u0161ich publikac\u00ed je dostupn\u00fdch v r\u016fzn\u00fdch jazyc\u00edch. Nap\u0159\u00edklad n\u00e1\u0161 online kurz <a rel=\"noreferrer noopener\" href=\"https:\/\/youtu.be\/udpm6taiDcQ\" target=\"_blank\">Green Power \u2013 buying renewable electricity for LEED and carbon accounting<\/a> (Zelen\u00e1 energie \u2013 nakupov\u00e1n\u00ed obnoviteln\u00e9 elekt\u0159iny pro LEED a vykazov\u00e1n\u00ed o emis\u00edch sklen\u00edkov\u00fdch plyn\u016f), kter\u00fd jsme ud\u011blali ve spolupr\u00e1ci s LEED a US Green Building Council a je dostupn\u00fd ve 4 jazyc\u00edch. Neust\u00e1le produkujem materi\u00e1ly, jako jsou nap\u0159\u00edklad let\u00e1ky a \u010dl\u00e1nky, v mnoha r\u016fzn\u00fdch jazyc\u00edch, d\u00edky na\u0161im dobrovoln\u00fdm p\u0159ekladatel\u016fm.<\/li><\/ul>\n\n\n\n<h2 class=\"wp-block-heading\">Dosahov\u00e1n\u00ed 100% udr\u017eiteln\u00e9ho sv\u011bta<\/h2>\n\n\n\n<p>EKOenergi\u00ed ozna\u010den\u00e1 energie je ji\u017e dostupn\u00e1 ve <strong>v\u00edce ne\u017e 60 zem\u00edch<\/strong>. Rostouc\u00ed po\u010det spole\u010dnost\u00ed pou\u017e\u00edv\u00e1 na\u0161e logo na sv\u00fdch produktech, aby uk\u00e1zali sv\u016fj z\u00e1vazek v\u016f\u010di obnoviteln\u00e9 energii.<\/p>\n\n\n\n<p>Jsme \u010dleny <a rel=\"noreferrer noopener\" href=\"https:\/\/www.caneurope.org\/\" target=\"_blank\">Climate Action Network (Europe)<\/a>, <a rel=\"noreferrer noopener\" href=\"https:\/\/www.go100re.net\/\" target=\"_blank\">Global 100% RE Campaign<\/a> a <a rel=\"noreferrer noopener\" href=\"https:\/\/coalition.irena.org\/\" target=\"_blank\">IRENA\u2019s Coalition for Action<\/a>. P\u0159isp\u011bli jsme k n\u011bkolika pap\u00edr\u016fm a publikac\u00edm o dosa\u017eitelnosti 100% obnoviteln\u00e9ho sv\u011bta a podporujem akce a kampan\u011b proti subvenc\u00edm pro fosiln\u00ed paliva.<\/p>\n\n\n\n<h2 class=\"wp-block-heading\">Ochra\u0148ov\u00e1n\u00ed biodiverzity<\/h2>\n\n\n\n<div class=\"wp-block-image\"><figure class=\"alignleft size-medium\"><img decoding=\"async\" width=\"320\" height=\"240\" src=\"https:\/\/www.ekoenergy.org\/wp-content\/uploads\/\/River_restoration_vihti-people-on-bridge--320x240.jpg\" alt=\"River_restoration_vihti people on bridge\" class=\"wp-image-13343\" srcset=\"https:\/\/www.ekoenergy.org\/wp-content\/uploads\/River_restoration_vihti-people-on-bridge--320x240.jpg 320w, https:\/\/www.ekoenergy.org\/wp-content\/uploads\/River_restoration_vihti-people-on-bridge-.jpg 640w\" sizes=\"(max-width: 320px) 100vw, 320px\" \/><\/figure><\/div>\n\n\n\n<p>Zapojujem energetick\u00e9 spole\u010dnosti a energetick\u00e9 spot\u0159ebitele do pravideln\u00fdch debat ohledn\u011b vlivu produkce energie na p\u0159\u00edrodu. Jako \u00fa\u010dastn\u00edci <a href=\"https:\/\/www.ekoenergy.org\/cs\/our-results\/freshabit\/\">LIFE Freshabit<\/a> projektu jsme vytvo\u0159ili str\u00e1nku <a rel=\"noreferrer noopener\" href=\"https:\/\/www.vesivoimanluonto.org\" target=\"_blank\">Hydropower\u2019s nature<\/a> (P\u0159\u00edroda vodn\u00ed energie), kter\u00e1 obsahuje mnoho informac\u00ed ohledn\u011b toho, jak ovliv\u0148uje vodn\u00ed energie \u0159\u00ed\u010dn\u00ed ekosyst\u00e9my.<\/p>\n\n\n\n<p>Pou\u017e\u00edv\u00e1n\u00edm EKOenergi\u00ed ozna\u010den\u00e9 energie mohou spole\u010dnosti dos\u00e1hnout sv\u00fdch c\u00edl\u016f o sn\u00ed\u017een\u00ed emis\u00ed sklen\u00edkov\u00fdch plyn\u016f a podpo\u0159it p\u0159\u00edrodu a biodiverzitu.<\/p>\n\n\n\n<p>Financujem mnoho projekt\u016f pro obnovu a ochranu \u0159\u00ed\u010dn\u00ed biodiverzity. Za ka\u017edou prodanou MWh vodn\u00ed energie je p\u0159isp\u00edv\u00e1no alespo\u0148 0,10\u20ac do Fond pro \u017eivotn\u00ed prost\u0159ed\u00ed. Tyto p\u0159\u00edsp\u011bvky jsou vyu\u017eity na financov\u00e1n\u00ed projekt\u016f, kter\u00e9 se zam\u011b\u0159uj\u00ed na odstra\u0148ov\u00e1n\u00ed p\u0159ek\u00e1\u017eek migrace ryb, obnovu rozmno\u017eovac\u00edch oblast\u00ed a mnoho dal\u0161\u00edch t\u00e9mat. V\u00edc se m\u016f\u017eete dozv\u011bd\u011bt na str\u00e1nce <a href=\"https:\/\/www.ekoenergy.org\/cs\/our-results\/environmental-fund\/\">Fond pro \u017eivotn\u00ed prost\u0159ed\u00ed<\/a>.<\/p>\n\n\n\n<h2 class=\"wp-block-heading\">Projekty pro \u010distou energii a odstra\u0148ov\u00e1n\u00ed energetick\u00e9 chudoby<\/h2>\n\n\n\n<figure class=\"wp-block-image alignright size-large\"><img decoding=\"async\" width=\"150\" height=\"150\" src=\"https:\/\/www.ekoenergy.org\/wp-content\/uploads\/Solar_panels_installing_on_roof_Myanmar.jpg\" alt=\"Solar_panels_installing_on_roof_Myanmar\" class=\"wp-image-13381\"\/><\/figure>\n\n\n\n<p>Za ka\u017edou prodanou MWh je p\u0159isp\u00edv\u00e1no alespo\u0148 0,10\u20ac do Klimatick\u00e9ho fondu. S t\u011bmito p\u0159\u00edsp\u011bvky financujem nov\u00e9 projekty pro obnovitelnou energii (hlavn\u011b projekty t\u00fdkaj\u00edc\u00ed se sol\u00e1rn\u00ed energie), \u010d\u00edm\u017e podporujem udr\u017eitelnost produkce energie a odstra\u0148ujem energetickou chudobu.<\/p>\n\n\n\n<p>Pro dal\u0161\u00ed informace si p\u0159e\u010dt\u011bte str\u00e1nku <a href=\"https:\/\/www.ekoenergy.org\/cs\/our-results\/climate-fund\/\">Klimatick\u00fd fond<\/a>.<\/p>\n\n\n\n<h2 class=\"wp-block-heading\">Pomozte n\u00e1m d\u011blat toho v\u00edc<\/h2>\n\n\n\n<p>Tyto v\u00fdsledky by nebyly mo\u017en\u00e9 bez va\u0161\u00ed pomoci, jeliko\u017e se na\u0161e projekty zakl\u00e1daj\u00ed na podpo\u0159e tis\u00edc\u016f spot\u0159ebitel\u016f EKOenergi\u00ed ozna\u010den\u00e9 elekt\u0159iny. M\u016f\u017eete n\u00e1m pomoc d\u011blat v\u00edc t\u00edm, \u017ee sami za\u010dnete pou\u017e\u00edvat EKOenergii nebo t\u00edm, \u017ee p\u0159esv\u011bd\u010d\u00edte sv\u00e9 p\u0159\u00e1tele a kolegy, aby ji za\u010dali pou\u017e\u00edvat.<\/p>\n\n\n\n<p>Pro v\u00edc informac\u00ed n\u00e1s m\u016f\u017eete sledovat na <a rel=\"noreferrer noopener\" href=\"https:\/\/www.facebook.com\/EKOenergy.ecolabel\" target=\"_blank\">Facebooku<\/a>, <a rel=\"noreferrer noopener\" href=\"https:\/\/twitter.com\/EKOenergy_\" target=\"_blank\">Twitteru<\/a>, <a rel=\"noreferrer noopener\" href=\"https:\/\/www.instagram.com\/ekoenergy\/\" target=\"_blank\"> Instagramu<\/a>, <a rel=\"noreferrer noopener\" href=\"https:\/\/www.youtube.com\/channel\/UCJtqduD7ghXHFM0uU06J7TA\" target=\"_blank\">YouTube<\/a>, a <a rel=\"noreferrer noopener\" href=\"https:\/\/www.linkedin.com\/company\/ekoenergy-ecolabel\/\" target=\"_blank\">LinkedIn<\/a>.<\/p>\n","protected":false},"excerpt":{"rendered":"<p>Na\u0161e v\u00fdsledky EKOenergie se sna\u017e\u00ed chr\u00e1nit p\u0159\u00edrodu a zabr\u00e1nit klimatick\u00fdm zm\u011bn\u00e1m, a to hlavn\u011b t\u00edm, \u017ee pom\u00e1h\u00e1 spot\u0159ebitel\u016fm energie p\u0159ej\u00edt na 100% udr\u017eitelnou a obnovitelnou energii. Od na\u0161eho za\u010d\u00e1tku v roce 2013 jsme toho hodn\u011b dos\u00e1hli. N\u00e1\u0161 pokrok je podrobn\u011b zaps\u00e1n v: EKOenergy\u2019s First 5 years &#8211; 2013-2018 (Prvn\u00edch 5 let EKOenergie \u2013 2013 \u2013 [&hellip;]<\/p>\n","protected":false},"author":17,"featured_media":94072,"parent":0,"menu_order":0,"comment_status":"closed","ping_status":"closed","template":"","meta":{"inline_featured_image":false,"_uag_custom_page_level_css":"","site-sidebar-layout":"default","site-content-layout":"default","ast-site-content-layout":"default","site-content-style":"default","site-sidebar-style":"default","ast-global-header-display":"","ast-banner-title-visibility":"","ast-main-header-display":"","ast-hfb-above-header-display":"","ast-hfb-below-header-display":"","ast-hfb-mobile-header-display":"","site-post-title":"disabled","ast-breadcrumbs-content":"","ast-featured-img":"","footer-sml-layout":"","ast-disable-related-posts":"","theme-transparent-header-meta":"default","adv-header-id-meta":"","stick-header-meta":"default","header-above-stick-meta":"","header-main-stick-meta":"","header-below-stick-meta":"","astra-migrate-meta-layouts":"default","ast-page-background-enabled":"default","ast-page-background-meta":{"desktop":{"background-color":"","background-image":"","background-repeat":"repeat","background-position":"center center","background-size":"auto","background-attachment":"scroll","background-type":"","background-media":"","overlay-type":"","overlay-color":"","overlay-opacity":"","overlay-gradient":""},"tablet":{"background-color":"","background-image":"","background-repeat":"repeat","background-position":"center center","background-size":"auto","background-attachment":"scroll","background-type":"","background-media":"","overlay-type":"","overlay-color":"","overlay-opacity":"","overlay-gradient":""},"mobile":{"background-color":"","background-image":"","background-repeat":"repeat","background-position":"center center","background-size":"auto","background-attachment":"scroll","background-type":"","background-media":"","overlay-type":"","overlay-color":"","overlay-opacity":"","overlay-gradient":""}},"ast-content-background-meta":{"desktop":{"background-color":"var(--ast-global-color-5)","background-image":"","background-repeat":"repeat","background-position":"center center","background-size":"auto","background-attachment":"scroll","background-type":"","background-media":"","overlay-type":"","overlay-color":"","overlay-opacity":"","overlay-gradient":""},"tablet":{"background-color":"var(--ast-global-color-5)","background-image":"","background-repeat":"repeat","background-position":"center center","background-size":"auto","background-attachment":"scroll","background-type":"","background-media":"","overlay-type":"","overlay-color":"","overlay-opacity":"","overlay-gradient":""},"mobile":{"background-color":"var(--ast-global-color-5)","background-image":"","background-repeat":"repeat","background-position":"center center","background-size":"auto","background-attachment":"scroll","background-type":"","background-media":"","overlay-type":"","overlay-color":"","overlay-opacity":"","overlay-gradient":""}},"footnotes":""},"class_list":["post-2805","page","type-page","status-publish","has-post-thumbnail","hentry"],"yoast_head":"<!-- This site is optimized with the Yoast SEO plugin v27.5 - https:\/\/yoast.com\/product\/yoast-seo-wordpress\/ -->\n<title>Na\u0161e v\u00fdsledky - EKOenergy ecolabel<\/title>\n<meta name=\"description\" content=\"EKOenergie se sna\u017e\u00ed chr\u00e1nit p\u0159\u00edrodu a zabr\u00e1nit klimatick\u00fdm zm\u011bn\u00e1m, a to hlavn\u011b t\u00edm, \u017ee pom\u00e1h\u00e1 spot\u0159ebitel\u016fm energie p\u0159ej\u00edt na 100% udr\u017eitelnou energii.\" \/>\n<meta name=\"robots\" content=\"index, follow, max-snippet:-1, max-image-preview:large, max-video-preview:-1\" \/>\n<link rel=\"canonical\" href=\"https:\/\/www.ekoenergy.org\/cs\/our-results\/\" \/>\n<meta property=\"og:locale\" content=\"cs_CZ\" \/>\n<meta property=\"og:type\" content=\"article\" \/>\n<meta property=\"og:title\" content=\"Na\u0161e v\u00fdsledky - EKOenergy ecolabel\" \/>\n<meta property=\"og:description\" content=\"EKOenergie se sna\u017e\u00ed chr\u00e1nit p\u0159\u00edrodu a zabr\u00e1nit klimatick\u00fdm zm\u011bn\u00e1m, a to hlavn\u011b t\u00edm, \u017ee pom\u00e1h\u00e1 spot\u0159ebitel\u016fm energie p\u0159ej\u00edt na 100% udr\u017eitelnou energii.\" \/>\n<meta property=\"og:url\" content=\"https:\/\/www.ekoenergy.org\/cs\/our-results\/\" \/>\n<meta property=\"og:site_name\" content=\"EKOenergy ecolabel\" \/>\n<meta property=\"article:publisher\" content=\"https:\/\/www.facebook.com\/EKOenergy.ecolabel\/\" \/>\n<meta property=\"article:modified_time\" content=\"2022-06-28T13:25:45+00:00\" \/>\n<meta property=\"og:image\" content=\"https:\/\/www.ekoenergy.org\/wp-content\/uploads\/One-label-six-goals.jpg\" \/>\n\t<meta property=\"og:image:width\" content=\"1272\" \/>\n\t<meta property=\"og:image:height\" content=\"831\" \/>\n\t<meta property=\"og:image:type\" content=\"image\/jpeg\" \/>\n<meta name=\"twitter:card\" content=\"summary_large_image\" \/>\n<meta name=\"twitter:site\" content=\"@EKOenergy_\" \/>\n<meta name=\"twitter:label1\" content=\"Odhadovan\u00e1 doba \u010dten\u00ed\" \/>\n\t<meta name=\"twitter:data1\" content=\"4 minuty\" \/>\n<script type=\"application\/ld+json\" class=\"yoast-schema-graph\">{\"@context\":\"https:\\\/\\\/schema.org\",\"@graph\":[{\"@type\":\"WebPage\",\"@id\":\"https:\\\/\\\/www.ekoenergy.org\\\/cs\\\/our-results\\\/\",\"url\":\"https:\\\/\\\/www.ekoenergy.org\\\/cs\\\/our-results\\\/\",\"name\":\"Na\u0161e v\u00fdsledky - EKOenergy ecolabel\",\"isPartOf\":{\"@id\":\"https:\\\/\\\/www.ekoenergy.org\\\/cs\\\/#website\"},\"primaryImageOfPage\":{\"@id\":\"https:\\\/\\\/www.ekoenergy.org\\\/cs\\\/our-results\\\/#primaryimage\"},\"image\":{\"@id\":\"https:\\\/\\\/www.ekoenergy.org\\\/cs\\\/our-results\\\/#primaryimage\"},\"thumbnailUrl\":\"https:\\\/\\\/www.ekoenergy.org\\\/wp-content\\\/uploads\\\/One-label-six-goals.jpg\",\"datePublished\":\"2019-12-04T13:51:33+00:00\",\"dateModified\":\"2022-06-28T13:25:45+00:00\",\"description\":\"EKOenergie se sna\u017e\u00ed chr\u00e1nit p\u0159\u00edrodu a zabr\u00e1nit klimatick\u00fdm zm\u011bn\u00e1m, a to hlavn\u011b t\u00edm, \u017ee pom\u00e1h\u00e1 spot\u0159ebitel\u016fm energie p\u0159ej\u00edt na 100% udr\u017eitelnou energii.\",\"breadcrumb\":{\"@id\":\"https:\\\/\\\/www.ekoenergy.org\\\/cs\\\/our-results\\\/#breadcrumb\"},\"inLanguage\":\"cs\",\"potentialAction\":[{\"@type\":\"ReadAction\",\"target\":[\"https:\\\/\\\/www.ekoenergy.org\\\/cs\\\/our-results\\\/\"]}]},{\"@type\":\"ImageObject\",\"inLanguage\":\"cs\",\"@id\":\"https:\\\/\\\/www.ekoenergy.org\\\/cs\\\/our-results\\\/#primaryimage\",\"url\":\"https:\\\/\\\/www.ekoenergy.org\\\/wp-content\\\/uploads\\\/One-label-six-goals.jpg\",\"contentUrl\":\"https:\\\/\\\/www.ekoenergy.org\\\/wp-content\\\/uploads\\\/One-label-six-goals.jpg\",\"width\":1272,\"height\":831,\"caption\":\"EKOenergy: One label, six goals SDGs\"},{\"@type\":\"BreadcrumbList\",\"@id\":\"https:\\\/\\\/www.ekoenergy.org\\\/cs\\\/our-results\\\/#breadcrumb\",\"itemListElement\":[{\"@type\":\"ListItem\",\"position\":1,\"name\":\"Home\",\"item\":\"https:\\\/\\\/www.ekoenergy.org\\\/cs\\\/\"},{\"@type\":\"ListItem\",\"position\":2,\"name\":\"Na\u0161e v\u00fdsledky\"}]},{\"@type\":\"WebSite\",\"@id\":\"https:\\\/\\\/www.ekoenergy.org\\\/cs\\\/#website\",\"url\":\"https:\\\/\\\/www.ekoenergy.org\\\/cs\\\/\",\"name\":\"EKOenergy ecolabel\",\"description\":\"The global nonprofit ecolabel for renewable energy\",\"publisher\":{\"@id\":\"https:\\\/\\\/www.ekoenergy.org\\\/cs\\\/#organization\"},\"potentialAction\":[{\"@type\":\"SearchAction\",\"target\":{\"@type\":\"EntryPoint\",\"urlTemplate\":\"https:\\\/\\\/www.ekoenergy.org\\\/cs\\\/?s={search_term_string}\"},\"query-input\":{\"@type\":\"PropertyValueSpecification\",\"valueRequired\":true,\"valueName\":\"search_term_string\"}}],\"inLanguage\":\"cs\"},{\"@type\":\"Organization\",\"@id\":\"https:\\\/\\\/www.ekoenergy.org\\\/cs\\\/#organization\",\"name\":\"Not-for-profit Organisation EKOenergy\",\"url\":\"https:\\\/\\\/www.ekoenergy.org\\\/cs\\\/\",\"logo\":{\"@type\":\"ImageObject\",\"inLanguage\":\"cs\",\"@id\":\"https:\\\/\\\/www.ekoenergy.org\\\/cs\\\/#\\\/schema\\\/logo\\\/image\\\/\",\"url\":\"https:\\\/\\\/www.ekoenergy.org\\\/wp-content\\\/uploads\\\/logo-EKOenergy-no-text.jpg\",\"contentUrl\":\"https:\\\/\\\/www.ekoenergy.org\\\/wp-content\\\/uploads\\\/logo-EKOenergy-no-text.jpg\",\"width\":1600,\"height\":1600,\"caption\":\"Not-for-profit Organisation EKOenergy\"},\"image\":{\"@id\":\"https:\\\/\\\/www.ekoenergy.org\\\/cs\\\/#\\\/schema\\\/logo\\\/image\\\/\"},\"sameAs\":[\"https:\\\/\\\/www.facebook.com\\\/EKOenergy.ecolabel\\\/\",\"https:\\\/\\\/x.com\\\/EKOenergy_\",\"https:\\\/\\\/www.instagram.com\\\/ekoenergy\\\/\",\"https:\\\/\\\/www.linkedin.com\\\/company\\\/ekoenergy-ecolabel\\\/\",\"https:\\\/\\\/www.youtube.com\\\/EKOenergy-ecolabel\",\"https:\\\/\\\/en.wikipedia.org\\\/wiki\\\/EKOenergy\"]}]}<\/script>\n<!-- \/ Yoast SEO plugin. -->","yoast_head_json":{"title":"Na\u0161e v\u00fdsledky - EKOenergy ecolabel","description":"EKOenergie se sna\u017e\u00ed chr\u00e1nit p\u0159\u00edrodu a zabr\u00e1nit klimatick\u00fdm zm\u011bn\u00e1m, a to hlavn\u011b t\u00edm, \u017ee pom\u00e1h\u00e1 spot\u0159ebitel\u016fm energie p\u0159ej\u00edt na 100% udr\u017eitelnou energii.","robots":{"index":"index","follow":"follow","max-snippet":"max-snippet:-1","max-image-preview":"max-image-preview:large","max-video-preview":"max-video-preview:-1"},"canonical":"https:\/\/www.ekoenergy.org\/cs\/our-results\/","og_locale":"cs_CZ","og_type":"article","og_title":"Na\u0161e v\u00fdsledky - EKOenergy ecolabel","og_description":"EKOenergie se sna\u017e\u00ed chr\u00e1nit p\u0159\u00edrodu a zabr\u00e1nit klimatick\u00fdm zm\u011bn\u00e1m, a to hlavn\u011b t\u00edm, \u017ee pom\u00e1h\u00e1 spot\u0159ebitel\u016fm energie p\u0159ej\u00edt na 100% udr\u017eitelnou energii.","og_url":"https:\/\/www.ekoenergy.org\/cs\/our-results\/","og_site_name":"EKOenergy ecolabel","article_publisher":"https:\/\/www.facebook.com\/EKOenergy.ecolabel\/","article_modified_time":"2022-06-28T13:25:45+00:00","og_image":[{"width":1272,"height":831,"url":"https:\/\/www.ekoenergy.org\/wp-content\/uploads\/One-label-six-goals.jpg","type":"image\/jpeg"}],"twitter_card":"summary_large_image","twitter_site":"@EKOenergy_","twitter_misc":{"Odhadovan\u00e1 doba \u010dten\u00ed":"4 minuty"},"schema":{"@context":"https:\/\/schema.org","@graph":[{"@type":"WebPage","@id":"https:\/\/www.ekoenergy.org\/cs\/our-results\/","url":"https:\/\/www.ekoenergy.org\/cs\/our-results\/","name":"Na\u0161e v\u00fdsledky - EKOenergy ecolabel","isPartOf":{"@id":"https:\/\/www.ekoenergy.org\/cs\/#website"},"primaryImageOfPage":{"@id":"https:\/\/www.ekoenergy.org\/cs\/our-results\/#primaryimage"},"image":{"@id":"https:\/\/www.ekoenergy.org\/cs\/our-results\/#primaryimage"},"thumbnailUrl":"https:\/\/www.ekoenergy.org\/wp-content\/uploads\/One-label-six-goals.jpg","datePublished":"2019-12-04T13:51:33+00:00","dateModified":"2022-06-28T13:25:45+00:00","description":"EKOenergie se sna\u017e\u00ed chr\u00e1nit p\u0159\u00edrodu a zabr\u00e1nit klimatick\u00fdm zm\u011bn\u00e1m, a to hlavn\u011b t\u00edm, \u017ee pom\u00e1h\u00e1 spot\u0159ebitel\u016fm energie p\u0159ej\u00edt na 100% udr\u017eitelnou energii.","breadcrumb":{"@id":"https:\/\/www.ekoenergy.org\/cs\/our-results\/#breadcrumb"},"inLanguage":"cs","potentialAction":[{"@type":"ReadAction","target":["https:\/\/www.ekoenergy.org\/cs\/our-results\/"]}]},{"@type":"ImageObject","inLanguage":"cs","@id":"https:\/\/www.ekoenergy.org\/cs\/our-results\/#primaryimage","url":"https:\/\/www.ekoenergy.org\/wp-content\/uploads\/One-label-six-goals.jpg","contentUrl":"https:\/\/www.ekoenergy.org\/wp-content\/uploads\/One-label-six-goals.jpg","width":1272,"height":831,"caption":"EKOenergy: One label, six goals SDGs"},{"@type":"BreadcrumbList","@id":"https:\/\/www.ekoenergy.org\/cs\/our-results\/#breadcrumb","itemListElement":[{"@type":"ListItem","position":1,"name":"Home","item":"https:\/\/www.ekoenergy.org\/cs\/"},{"@type":"ListItem","position":2,"name":"Na\u0161e v\u00fdsledky"}]},{"@type":"WebSite","@id":"https:\/\/www.ekoenergy.org\/cs\/#website","url":"https:\/\/www.ekoenergy.org\/cs\/","name":"EKOenergy ecolabel","description":"The global nonprofit ecolabel for renewable energy","publisher":{"@id":"https:\/\/www.ekoenergy.org\/cs\/#organization"},"potentialAction":[{"@type":"SearchAction","target":{"@type":"EntryPoint","urlTemplate":"https:\/\/www.ekoenergy.org\/cs\/?s={search_term_string}"},"query-input":{"@type":"PropertyValueSpecification","valueRequired":true,"valueName":"search_term_string"}}],"inLanguage":"cs"},{"@type":"Organization","@id":"https:\/\/www.ekoenergy.org\/cs\/#organization","name":"Not-for-profit Organisation EKOenergy","url":"https:\/\/www.ekoenergy.org\/cs\/","logo":{"@type":"ImageObject","inLanguage":"cs","@id":"https:\/\/www.ekoenergy.org\/cs\/#\/schema\/logo\/image\/","url":"https:\/\/www.ekoenergy.org\/wp-content\/uploads\/logo-EKOenergy-no-text.jpg","contentUrl":"https:\/\/www.ekoenergy.org\/wp-content\/uploads\/logo-EKOenergy-no-text.jpg","width":1600,"height":1600,"caption":"Not-for-profit Organisation EKOenergy"},"image":{"@id":"https:\/\/www.ekoenergy.org\/cs\/#\/schema\/logo\/image\/"},"sameAs":["https:\/\/www.facebook.com\/EKOenergy.ecolabel\/","https:\/\/x.com\/EKOenergy_","https:\/\/www.instagram.com\/ekoenergy\/","https:\/\/www.linkedin.com\/company\/ekoenergy-ecolabel\/","https:\/\/www.youtube.com\/EKOenergy-ecolabel","https:\/\/en.wikipedia.org\/wiki\/EKOenergy"]}]}},"uagb_featured_image_src":{"full":["https:\/\/www.ekoenergy.org\/wp-content\/uploads\/One-label-six-goals.jpg",1272,831,false],"thumbnail":["https:\/\/www.ekoenergy.org\/wp-content\/uploads\/One-label-six-goals-150x150.jpg",150,150,true],"medium":["https:\/\/www.ekoenergy.org\/wp-content\/uploads\/One-label-six-goals-320x209.jpg",320,209,true],"medium_large":["https:\/\/www.ekoenergy.org\/wp-content\/uploads\/One-label-six-goals-768x502.jpg",768,502,true],"large":["https:\/\/www.ekoenergy.org\/wp-content\/uploads\/One-label-six-goals-1024x669.jpg",1024,669,true],"1536x1536":["https:\/\/www.ekoenergy.org\/wp-content\/uploads\/One-label-six-goals.jpg",1272,831,false],"2048x2048":["https:\/\/www.ekoenergy.org\/wp-content\/uploads\/One-label-six-goals.jpg",1272,831,false]},"uagb_author_info":{"display_name":"EKOenergy ecolabel","author_link":"https:\/\/www.ekoenergy.org\/cs\/author\/ekoenergy\/"},"uagb_comment_info":0,"uagb_excerpt":"Na\u0161e v\u00fdsledky EKOenergie se sna\u017e\u00ed chr\u00e1nit p\u0159\u00edrodu a zabr\u00e1nit klimatick\u00fdm zm\u011bn\u00e1m, a to hlavn\u011b t\u00edm, \u017ee pom\u00e1h\u00e1 spot\u0159ebitel\u016fm energie p\u0159ej\u00edt na 100% udr\u017eitelnou a obnovitelnou energii. Od na\u0161eho za\u010d\u00e1tku v roce 2013 jsme toho hodn\u011b dos\u00e1hli. N\u00e1\u0161 pokrok je podrobn\u011b zaps\u00e1n v: EKOenergy\u2019s First 5 years &#8211; 2013-2018 (Prvn\u00edch 5 let EKOenergie \u2013 2013 \u2013&hellip;","_links":{"self":[{"href":"https:\/\/www.ekoenergy.org\/cs\/wp-json\/wp\/v2\/pages\/2805","targetHints":{"allow":["GET"]}}],"collection":[{"href":"https:\/\/www.ekoenergy.org\/cs\/wp-json\/wp\/v2\/pages"}],"about":[{"href":"https:\/\/www.ekoenergy.org\/cs\/wp-json\/wp\/v2\/types\/page"}],"author":[{"embeddable":true,"href":"https:\/\/www.ekoenergy.org\/cs\/wp-json\/wp\/v2\/users\/17"}],"replies":[{"embeddable":true,"href":"https:\/\/www.ekoenergy.org\/cs\/wp-json\/wp\/v2\/comments?post=2805"}],"version-history":[{"count":3,"href":"https:\/\/www.ekoenergy.org\/cs\/wp-json\/wp\/v2\/pages\/2805\/revisions"}],"predecessor-version":[{"id":122325,"href":"https:\/\/www.ekoenergy.org\/cs\/wp-json\/wp\/v2\/pages\/2805\/revisions\/122325"}],"wp:featuredmedia":[{"embeddable":true,"href":"https:\/\/www.ekoenergy.org\/cs\/wp-json\/wp\/v2\/media\/94072"}],"wp:attachment":[{"href":"https:\/\/www.ekoenergy.org\/cs\/wp-json\/wp\/v2\/media?parent=2805"}],"curies":[{"name":"wp","href":"https:\/\/api.w.org\/{rel}","templated":true}]}}