{"id":3126,"date":"2019-12-04T13:41:02","date_gmt":"2019-12-04T13:41:02","guid":{"rendered":"https:\/\/www.ekoenergy.org\/ecolabel\/power-plants\/"},"modified":"2025-08-13T14:51:40","modified_gmt":"2025-08-13T11:51:40","slug":"power-plants","status":"publish","type":"page","link":"https:\/\/www.ekoenergy.org\/cs\/ecolabel\/power-plants\/","title":{"rendered":"Odkud EKOenergie poch\u00e1z\u00ed?"},"content":{"rendered":"\n<h1 class=\"wp-block-heading\">Odkud EKOenergie poch\u00e1z\u00ed?<\/h1>\n\n\n\n<p>Pouze prodan\u00e9 nebo spot\u0159ebovan\u00e9 objemy energie mohou n\u00e9st ekozna\u010dku EKOenergie, ale d\u00e1v\u00e1me v potaz i p\u016fvod obnoviteln\u00e9 energie. Nejsme ekozna\u010dka pro v\u00fdrobu energie, jeliko\u017e necertifikujeme energetick\u00e9 instalace.<\/p>\n\n\n\n<p>Aby energie byla prod\u00e1van\u00e1 nebo spot\u0159ebov\u00e1van\u00e1 s na\u0161\u00ed EKOzna\u010dkou, mus\u00ed spl\u0148ovat na\u0161e krit\u00e9ria udr\u017eitelnosti. Tato krit\u00e9ria berou v potaz enviroment\u00e1ln\u00ed dopad v\u00fdroby energie. EKOenergie nap\u0159\u00edklad schvaluje pouze v\u011btrnou energii, kter\u00e1 je produkovan\u00e1 turb\u00ednami, kter\u00e9 se nach\u00e1z\u00ed mimo d\u016fle\u017eit\u00e9 oblasti biodiverzity. Aby byla vodn\u00ed energie ozna\u010den\u00e1 jako EKOenergie, mus\u00ed poch\u00e1zet z instalac\u00ed, kter\u00e9 maj\u00ed ryb\u00ed p\u0159echody a nenaru\u0161uj\u00ed pr\u016ftok vody.<\/p>\n\n\n\n<p>Pod\u00edvejte se na p\u0159ehled <a href=\"https:\/\/www.ekoenergy.org\/cs\/ecolabel\/\">krit\u00e9ri\u00ed udr\u017eitelnosti EKOenergie<\/a> zde.<\/p>\n\n\n\n<h2 class=\"wp-block-heading\">Tis\u00edce p\u0159edem schv\u00e1len\u00fdch instalac\u00ed po cel\u00e9m sv\u011bt\u011b<\/h2>\n\n\n\n<p>EKOenergie je moment\u00e1ln\u011b u\u017e\u00edvan\u00e1 ve v\u00edce ne\u017e 80 zem\u00edch a <strong>poch\u00e1z\u00ed z t\u00edc\u00edc\u016f schv\u00e1len\u00fdch instalac\u00ed<\/strong>. Ve v\u011bt\u0161in\u011b p\u0159\u00edpad\u016f poch\u00e1z\u00ed EKOenergie z instalac\u00ed ve stejn\u00e9 zemi, kde je i spot\u0159ebov\u00e1na. \u00dazce spolupracujeme s na\u0161imi autorizovan\u00fdmi prodejci, abychom splnili dodate\u010dn\u00e9 po\u017eadavky a o\u010dek\u00e1v\u00e1n\u00ed jejich klient\u016f.<\/p>\n\n\n\n<p>Obecn\u00e9 informace o p\u0159edem schv\u00e1len\u00fdch instalac\u00edch m\u016f\u017eete naj\u00edt na map\u011b n\u00ed\u017ee. Upozor\u0148ujeme, \u017ee tento list nen\u00ed \u00fapln\u00fd a je zobrazen pouze omezen\u00fd po\u010det instalac\u00ed.<\/p>\n\n\n\n<p>Autorizovan\u00ed prodejci EKOenergie maj\u00ed p\u0159\u00edstup do datab\u00e1ze EKOdirect, kde je mo\u017en\u00e9 zobrazit v\u0161echny predem schv\u00e1len\u00e9 instalace a kde lze podat nov\u00e9 \u017e\u00e1dosti o schv\u00e1len\u00ed.<\/p>\n\n\n\n<div style=\"height:45px\" aria-hidden=\"true\" class=\"wp-block-spacer\"><\/div>\n\n\n\n<iframe id=\"footer-map\" style=\"width: 100%; height: 480px;\" src=\"https:\/\/www.google.com\/maps\/d\/u\/1\/embed?mid=1v2soqM8yXyeVY_Q31Rn98WhcLT0aVlbr\" width=\"640\" height=\"480\"><\/iframe>\n\n\n\n<p><\/p>\n","protected":false},"excerpt":{"rendered":"<p>Odkud EKOenergie poch\u00e1z\u00ed? Pouze prodan\u00e9 nebo spot\u0159ebovan\u00e9 objemy energie mohou n\u00e9st ekozna\u010dku EKOenergie, ale d\u00e1v\u00e1me v potaz i p\u016fvod obnoviteln\u00e9 energie. Nejsme ekozna\u010dka pro v\u00fdrobu energie, jeliko\u017e necertifikujeme energetick\u00e9 instalace. Aby energie byla prod\u00e1van\u00e1 nebo spot\u0159ebov\u00e1van\u00e1 s na\u0161\u00ed EKOzna\u010dkou, mus\u00ed spl\u0148ovat na\u0161e krit\u00e9ria udr\u017eitelnosti. Tato krit\u00e9ria berou v potaz enviroment\u00e1ln\u00ed dopad v\u00fdroby energie. EKOenergie nap\u0159\u00edklad [&hellip;]<\/p>\n","protected":false},"author":2,"featured_media":124668,"parent":2684,"menu_order":2,"comment_status":"closed","ping_status":"closed","template":"","meta":{"inline_featured_image":false,"_uag_custom_page_level_css":"","site-sidebar-layout":"default","site-content-layout":"default","ast-site-content-layout":"default","site-content-style":"default","site-sidebar-style":"default","ast-global-header-display":"","ast-banner-title-visibility":"","ast-main-header-display":"","ast-hfb-above-header-display":"","ast-hfb-below-header-display":"","ast-hfb-mobile-header-display":"","site-post-title":"disabled","ast-breadcrumbs-content":"","ast-featured-img":"","footer-sml-layout":"","ast-disable-related-posts":"","theme-transparent-header-meta":"default","adv-header-id-meta":"","stick-header-meta":"default","header-above-stick-meta":"","header-main-stick-meta":"","header-below-stick-meta":"","astra-migrate-meta-layouts":"set","ast-page-background-enabled":"default","ast-page-background-meta":{"desktop":{"background-color":"","background-image":"","background-repeat":"repeat","background-position":"center center","background-size":"auto","background-attachment":"scroll","background-type":"","background-media":"","overlay-type":"","overlay-color":"","overlay-opacity":"","overlay-gradient":""},"tablet":{"background-color":"","background-image":"","background-repeat":"repeat","background-position":"center center","background-size":"auto","background-attachment":"scroll","background-type":"","background-media":"","overlay-type":"","overlay-color":"","overlay-opacity":"","overlay-gradient":""},"mobile":{"background-color":"","background-image":"","background-repeat":"repeat","background-position":"center center","background-size":"auto","background-attachment":"scroll","background-type":"","background-media":"","overlay-type":"","overlay-color":"","overlay-opacity":"","overlay-gradient":""}},"ast-content-background-meta":{"desktop":{"background-color":"var(--ast-global-color-5)","background-image":"","background-repeat":"repeat","background-position":"center center","background-size":"auto","background-attachment":"scroll","background-type":"","background-media":"","overlay-type":"","overlay-color":"","overlay-opacity":"","overlay-gradient":""},"tablet":{"background-color":"var(--ast-global-color-5)","background-image":"","background-repeat":"repeat","background-position":"center center","background-size":"auto","background-attachment":"scroll","background-type":"","background-media":"","overlay-type":"","overlay-color":"","overlay-opacity":"","overlay-gradient":""},"mobile":{"background-color":"var(--ast-global-color-5)","background-image":"","background-repeat":"repeat","background-position":"center center","background-size":"auto","background-attachment":"scroll","background-type":"","background-media":"","overlay-type":"","overlay-color":"","overlay-opacity":"","overlay-gradient":""}},"footnotes":""},"class_list":["post-3126","page","type-page","status-publish","has-post-thumbnail","hentry"],"yoast_head":"<!-- This site is optimized with the Yoast SEO plugin v27.3 - https:\/\/yoast.com\/product\/yoast-seo-wordpress\/ -->\n<title>Odkud EKOenergie poch\u00e1z\u00ed? - EKOenergy ecolabel<\/title>\n<meta name=\"description\" content=\"EKOenergy is an ecolabel for consumed renewable energy. EKOenergy-labelled energy comes from 1000s of approved installations.\" \/>\n<meta name=\"robots\" content=\"index, follow, max-snippet:-1, max-image-preview:large, max-video-preview:-1\" \/>\n<link rel=\"canonical\" href=\"https:\/\/www.ekoenergy.org\/cs\/ecolabel\/power-plants\/\" \/>\n<meta property=\"og:locale\" content=\"cs_CZ\" \/>\n<meta property=\"og:type\" content=\"article\" \/>\n<meta property=\"og:title\" content=\"Odkud EKOenergie poch\u00e1z\u00ed? - EKOenergy ecolabel\" \/>\n<meta property=\"og:description\" content=\"EKOenergy is an ecolabel for consumed renewable energy. EKOenergy-labelled energy comes from 1000s of approved installations.\" \/>\n<meta property=\"og:url\" content=\"https:\/\/www.ekoenergy.org\/cs\/ecolabel\/power-plants\/\" \/>\n<meta property=\"og:site_name\" content=\"EKOenergy ecolabel\" \/>\n<meta property=\"article:publisher\" content=\"https:\/\/www.facebook.com\/EKOenergy.ecolabel\/\" \/>\n<meta property=\"article:modified_time\" content=\"2025-08-13T11:51:40+00:00\" \/>\n<meta property=\"og:image\" content=\"https:\/\/www.ekoenergy.org\/wp-content\/uploads\/wind-turbines-Pixabay-distelAPPArath.jpg\" \/>\n\t<meta property=\"og:image:width\" content=\"1280\" \/>\n\t<meta property=\"og:image:height\" content=\"855\" \/>\n\t<meta property=\"og:image:type\" content=\"image\/jpeg\" \/>\n<meta name=\"twitter:card\" content=\"summary_large_image\" \/>\n<meta name=\"twitter:site\" content=\"@EKOenergy_\" \/>\n<meta name=\"twitter:label1\" content=\"Odhadovan\u00e1 doba \u010dten\u00ed\" \/>\n\t<meta name=\"twitter:data1\" content=\"2 minuty\" \/>\n<script type=\"application\/ld+json\" class=\"yoast-schema-graph\">{\"@context\":\"https:\\\/\\\/schema.org\",\"@graph\":[{\"@type\":\"WebPage\",\"@id\":\"https:\\\/\\\/www.ekoenergy.org\\\/cs\\\/ecolabel\\\/power-plants\\\/\",\"url\":\"https:\\\/\\\/www.ekoenergy.org\\\/cs\\\/ecolabel\\\/power-plants\\\/\",\"name\":\"Odkud EKOenergie poch\u00e1z\u00ed? - EKOenergy ecolabel\",\"isPartOf\":{\"@id\":\"https:\\\/\\\/www.ekoenergy.org\\\/cs\\\/#website\"},\"primaryImageOfPage\":{\"@id\":\"https:\\\/\\\/www.ekoenergy.org\\\/cs\\\/ecolabel\\\/power-plants\\\/#primaryimage\"},\"image\":{\"@id\":\"https:\\\/\\\/www.ekoenergy.org\\\/cs\\\/ecolabel\\\/power-plants\\\/#primaryimage\"},\"thumbnailUrl\":\"https:\\\/\\\/www.ekoenergy.org\\\/wp-content\\\/uploads\\\/wind-turbines-Pixabay-distelAPPArath.jpg\",\"datePublished\":\"2019-12-04T13:41:02+00:00\",\"dateModified\":\"2025-08-13T11:51:40+00:00\",\"description\":\"EKOenergy is an ecolabel for consumed renewable energy. EKOenergy-labelled energy comes from 1000s of approved installations.\",\"breadcrumb\":{\"@id\":\"https:\\\/\\\/www.ekoenergy.org\\\/cs\\\/ecolabel\\\/power-plants\\\/#breadcrumb\"},\"inLanguage\":\"cs\",\"potentialAction\":[{\"@type\":\"ReadAction\",\"target\":[\"https:\\\/\\\/www.ekoenergy.org\\\/cs\\\/ecolabel\\\/power-plants\\\/\"]}]},{\"@type\":\"ImageObject\",\"inLanguage\":\"cs\",\"@id\":\"https:\\\/\\\/www.ekoenergy.org\\\/cs\\\/ecolabel\\\/power-plants\\\/#primaryimage\",\"url\":\"https:\\\/\\\/www.ekoenergy.org\\\/wp-content\\\/uploads\\\/wind-turbines-Pixabay-distelAPPArath.jpg\",\"contentUrl\":\"https:\\\/\\\/www.ekoenergy.org\\\/wp-content\\\/uploads\\\/wind-turbines-Pixabay-distelAPPArath.jpg\",\"width\":1280,\"height\":855},{\"@type\":\"BreadcrumbList\",\"@id\":\"https:\\\/\\\/www.ekoenergy.org\\\/cs\\\/ecolabel\\\/power-plants\\\/#breadcrumb\",\"itemListElement\":[{\"@type\":\"ListItem\",\"position\":1,\"name\":\"Home\",\"item\":\"https:\\\/\\\/www.ekoenergy.org\\\/cs\\\/\"},{\"@type\":\"ListItem\",\"position\":2,\"name\":\"Na\u0161e ekozna\u010dka\",\"item\":\"https:\\\/\\\/www.ekoenergy.org\\\/cs\\\/ecolabel\\\/\"},{\"@type\":\"ListItem\",\"position\":3,\"name\":\"Odkud EKOenergie poch\u00e1z\u00ed?\"}]},{\"@type\":\"WebSite\",\"@id\":\"https:\\\/\\\/www.ekoenergy.org\\\/cs\\\/#website\",\"url\":\"https:\\\/\\\/www.ekoenergy.org\\\/cs\\\/\",\"name\":\"EKOenergy ecolabel\",\"description\":\"The global nonprofit ecolabel for renewable energy\",\"publisher\":{\"@id\":\"https:\\\/\\\/www.ekoenergy.org\\\/cs\\\/#organization\"},\"potentialAction\":[{\"@type\":\"SearchAction\",\"target\":{\"@type\":\"EntryPoint\",\"urlTemplate\":\"https:\\\/\\\/www.ekoenergy.org\\\/cs\\\/?s={search_term_string}\"},\"query-input\":{\"@type\":\"PropertyValueSpecification\",\"valueRequired\":true,\"valueName\":\"search_term_string\"}}],\"inLanguage\":\"cs\"},{\"@type\":\"Organization\",\"@id\":\"https:\\\/\\\/www.ekoenergy.org\\\/cs\\\/#organization\",\"name\":\"Not-for-profit Organisation EKOenergy\",\"url\":\"https:\\\/\\\/www.ekoenergy.org\\\/cs\\\/\",\"logo\":{\"@type\":\"ImageObject\",\"inLanguage\":\"cs\",\"@id\":\"https:\\\/\\\/www.ekoenergy.org\\\/cs\\\/#\\\/schema\\\/logo\\\/image\\\/\",\"url\":\"https:\\\/\\\/www.ekoenergy.org\\\/wp-content\\\/uploads\\\/logo-EKOenergy-no-text.jpg\",\"contentUrl\":\"https:\\\/\\\/www.ekoenergy.org\\\/wp-content\\\/uploads\\\/logo-EKOenergy-no-text.jpg\",\"width\":1600,\"height\":1600,\"caption\":\"Not-for-profit Organisation EKOenergy\"},\"image\":{\"@id\":\"https:\\\/\\\/www.ekoenergy.org\\\/cs\\\/#\\\/schema\\\/logo\\\/image\\\/\"},\"sameAs\":[\"https:\\\/\\\/www.facebook.com\\\/EKOenergy.ecolabel\\\/\",\"https:\\\/\\\/x.com\\\/EKOenergy_\",\"https:\\\/\\\/www.instagram.com\\\/ekoenergy\\\/\",\"https:\\\/\\\/www.linkedin.com\\\/company\\\/ekoenergy-ecolabel\\\/\",\"https:\\\/\\\/www.youtube.com\\\/EKOenergy-ecolabel\",\"https:\\\/\\\/en.wikipedia.org\\\/wiki\\\/EKOenergy\"]}]}<\/script>\n<!-- \/ Yoast SEO plugin. -->","yoast_head_json":{"title":"Odkud EKOenergie poch\u00e1z\u00ed? - EKOenergy ecolabel","description":"EKOenergy is an ecolabel for consumed renewable energy. EKOenergy-labelled energy comes from 1000s of approved installations.","robots":{"index":"index","follow":"follow","max-snippet":"max-snippet:-1","max-image-preview":"max-image-preview:large","max-video-preview":"max-video-preview:-1"},"canonical":"https:\/\/www.ekoenergy.org\/cs\/ecolabel\/power-plants\/","og_locale":"cs_CZ","og_type":"article","og_title":"Odkud EKOenergie poch\u00e1z\u00ed? - EKOenergy ecolabel","og_description":"EKOenergy is an ecolabel for consumed renewable energy. EKOenergy-labelled energy comes from 1000s of approved installations.","og_url":"https:\/\/www.ekoenergy.org\/cs\/ecolabel\/power-plants\/","og_site_name":"EKOenergy ecolabel","article_publisher":"https:\/\/www.facebook.com\/EKOenergy.ecolabel\/","article_modified_time":"2025-08-13T11:51:40+00:00","og_image":[{"width":1280,"height":855,"url":"https:\/\/www.ekoenergy.org\/wp-content\/uploads\/wind-turbines-Pixabay-distelAPPArath.jpg","type":"image\/jpeg"}],"twitter_card":"summary_large_image","twitter_site":"@EKOenergy_","twitter_misc":{"Odhadovan\u00e1 doba \u010dten\u00ed":"2 minuty"},"schema":{"@context":"https:\/\/schema.org","@graph":[{"@type":"WebPage","@id":"https:\/\/www.ekoenergy.org\/cs\/ecolabel\/power-plants\/","url":"https:\/\/www.ekoenergy.org\/cs\/ecolabel\/power-plants\/","name":"Odkud EKOenergie poch\u00e1z\u00ed? - EKOenergy ecolabel","isPartOf":{"@id":"https:\/\/www.ekoenergy.org\/cs\/#website"},"primaryImageOfPage":{"@id":"https:\/\/www.ekoenergy.org\/cs\/ecolabel\/power-plants\/#primaryimage"},"image":{"@id":"https:\/\/www.ekoenergy.org\/cs\/ecolabel\/power-plants\/#primaryimage"},"thumbnailUrl":"https:\/\/www.ekoenergy.org\/wp-content\/uploads\/wind-turbines-Pixabay-distelAPPArath.jpg","datePublished":"2019-12-04T13:41:02+00:00","dateModified":"2025-08-13T11:51:40+00:00","description":"EKOenergy is an ecolabel for consumed renewable energy. EKOenergy-labelled energy comes from 1000s of approved installations.","breadcrumb":{"@id":"https:\/\/www.ekoenergy.org\/cs\/ecolabel\/power-plants\/#breadcrumb"},"inLanguage":"cs","potentialAction":[{"@type":"ReadAction","target":["https:\/\/www.ekoenergy.org\/cs\/ecolabel\/power-plants\/"]}]},{"@type":"ImageObject","inLanguage":"cs","@id":"https:\/\/www.ekoenergy.org\/cs\/ecolabel\/power-plants\/#primaryimage","url":"https:\/\/www.ekoenergy.org\/wp-content\/uploads\/wind-turbines-Pixabay-distelAPPArath.jpg","contentUrl":"https:\/\/www.ekoenergy.org\/wp-content\/uploads\/wind-turbines-Pixabay-distelAPPArath.jpg","width":1280,"height":855},{"@type":"BreadcrumbList","@id":"https:\/\/www.ekoenergy.org\/cs\/ecolabel\/power-plants\/#breadcrumb","itemListElement":[{"@type":"ListItem","position":1,"name":"Home","item":"https:\/\/www.ekoenergy.org\/cs\/"},{"@type":"ListItem","position":2,"name":"Na\u0161e ekozna\u010dka","item":"https:\/\/www.ekoenergy.org\/cs\/ecolabel\/"},{"@type":"ListItem","position":3,"name":"Odkud EKOenergie poch\u00e1z\u00ed?"}]},{"@type":"WebSite","@id":"https:\/\/www.ekoenergy.org\/cs\/#website","url":"https:\/\/www.ekoenergy.org\/cs\/","name":"EKOenergy ecolabel","description":"The global nonprofit ecolabel for renewable energy","publisher":{"@id":"https:\/\/www.ekoenergy.org\/cs\/#organization"},"potentialAction":[{"@type":"SearchAction","target":{"@type":"EntryPoint","urlTemplate":"https:\/\/www.ekoenergy.org\/cs\/?s={search_term_string}"},"query-input":{"@type":"PropertyValueSpecification","valueRequired":true,"valueName":"search_term_string"}}],"inLanguage":"cs"},{"@type":"Organization","@id":"https:\/\/www.ekoenergy.org\/cs\/#organization","name":"Not-for-profit Organisation EKOenergy","url":"https:\/\/www.ekoenergy.org\/cs\/","logo":{"@type":"ImageObject","inLanguage":"cs","@id":"https:\/\/www.ekoenergy.org\/cs\/#\/schema\/logo\/image\/","url":"https:\/\/www.ekoenergy.org\/wp-content\/uploads\/logo-EKOenergy-no-text.jpg","contentUrl":"https:\/\/www.ekoenergy.org\/wp-content\/uploads\/logo-EKOenergy-no-text.jpg","width":1600,"height":1600,"caption":"Not-for-profit Organisation EKOenergy"},"image":{"@id":"https:\/\/www.ekoenergy.org\/cs\/#\/schema\/logo\/image\/"},"sameAs":["https:\/\/www.facebook.com\/EKOenergy.ecolabel\/","https:\/\/x.com\/EKOenergy_","https:\/\/www.instagram.com\/ekoenergy\/","https:\/\/www.linkedin.com\/company\/ekoenergy-ecolabel\/","https:\/\/www.youtube.com\/EKOenergy-ecolabel","https:\/\/en.wikipedia.org\/wiki\/EKOenergy"]}]}},"uagb_featured_image_src":{"full":["https:\/\/www.ekoenergy.org\/wp-content\/uploads\/wind-turbines-Pixabay-distelAPPArath.jpg",1280,855,false],"thumbnail":["https:\/\/www.ekoenergy.org\/wp-content\/uploads\/wind-turbines-Pixabay-distelAPPArath-150x150.jpg",150,150,true],"medium":["https:\/\/www.ekoenergy.org\/wp-content\/uploads\/wind-turbines-Pixabay-distelAPPArath-320x214.jpg",320,214,true],"medium_large":["https:\/\/www.ekoenergy.org\/wp-content\/uploads\/wind-turbines-Pixabay-distelAPPArath-768x513.jpg",768,513,true],"large":["https:\/\/www.ekoenergy.org\/wp-content\/uploads\/wind-turbines-Pixabay-distelAPPArath-1024x684.jpg",1024,684,true],"1536x1536":["https:\/\/www.ekoenergy.org\/wp-content\/uploads\/wind-turbines-Pixabay-distelAPPArath.jpg",1280,855,false],"2048x2048":["https:\/\/www.ekoenergy.org\/wp-content\/uploads\/wind-turbines-Pixabay-distelAPPArath.jpg",1280,855,false]},"uagb_author_info":{"display_name":"Steven Vanholme","author_link":"https:\/\/www.ekoenergy.org\/cs\/author\/svanholme\/"},"uagb_comment_info":0,"uagb_excerpt":"Odkud EKOenergie poch\u00e1z\u00ed? Pouze prodan\u00e9 nebo spot\u0159ebovan\u00e9 objemy energie mohou n\u00e9st ekozna\u010dku EKOenergie, ale d\u00e1v\u00e1me v potaz i p\u016fvod obnoviteln\u00e9 energie. Nejsme ekozna\u010dka pro v\u00fdrobu energie, jeliko\u017e necertifikujeme energetick\u00e9 instalace. Aby energie byla prod\u00e1van\u00e1 nebo spot\u0159ebov\u00e1van\u00e1 s na\u0161\u00ed EKOzna\u010dkou, mus\u00ed spl\u0148ovat na\u0161e krit\u00e9ria udr\u017eitelnosti. Tato krit\u00e9ria berou v potaz enviroment\u00e1ln\u00ed dopad v\u00fdroby energie. EKOenergie nap\u0159\u00edklad&hellip;","_links":{"self":[{"href":"https:\/\/www.ekoenergy.org\/cs\/wp-json\/wp\/v2\/pages\/3126","targetHints":{"allow":["GET"]}}],"collection":[{"href":"https:\/\/www.ekoenergy.org\/cs\/wp-json\/wp\/v2\/pages"}],"about":[{"href":"https:\/\/www.ekoenergy.org\/cs\/wp-json\/wp\/v2\/types\/page"}],"author":[{"embeddable":true,"href":"https:\/\/www.ekoenergy.org\/cs\/wp-json\/wp\/v2\/users\/2"}],"replies":[{"embeddable":true,"href":"https:\/\/www.ekoenergy.org\/cs\/wp-json\/wp\/v2\/comments?post=3126"}],"version-history":[{"count":3,"href":"https:\/\/www.ekoenergy.org\/cs\/wp-json\/wp\/v2\/pages\/3126\/revisions"}],"predecessor-version":[{"id":176514,"href":"https:\/\/www.ekoenergy.org\/cs\/wp-json\/wp\/v2\/pages\/3126\/revisions\/176514"}],"up":[{"embeddable":true,"href":"https:\/\/www.ekoenergy.org\/cs\/wp-json\/wp\/v2\/pages\/2684"}],"wp:featuredmedia":[{"embeddable":true,"href":"https:\/\/www.ekoenergy.org\/cs\/wp-json\/wp\/v2\/media\/124668"}],"wp:attachment":[{"href":"https:\/\/www.ekoenergy.org\/cs\/wp-json\/wp\/v2\/media?parent=3126"}],"curies":[{"name":"wp","href":"https:\/\/api.w.org\/{rel}","templated":true}]}}