{"id":3168,"date":"2019-12-04T13:35:35","date_gmt":"2019-12-04T13:35:35","guid":{"rendered":"https:\/\/www.ekoenergy.org\/ecolabel\/official-text\/"},"modified":"2023-04-26T00:02:25","modified_gmt":"2023-04-25T21:02:25","slug":"electricity","status":"publish","type":"page","link":"https:\/\/www.ekoenergy.org\/cs\/ecolabel\/criteria\/electricity\/","title":{"rendered":"Obnoviteln\u00e1 elekt\u0159ina"},"content":{"rendered":"\n<h1 class=\"wp-block-heading\">Krit\u00e9ria EKOenergie pro elekt\u0159inu<\/h1>\n\n\n\n<figure class=\"wp-block-image alignright size-medium\"><img fetchpriority=\"high\" decoding=\"async\" width=\"320\" height=\"320\" src=\"https:\/\/www.ekoenergy.org\/wp-content\/uploads\/\/Sunrise-Wind-Myriam-Zilles-320x320.jpg\" alt=\"\" class=\"wp-image-28559\" srcset=\"https:\/\/www.ekoenergy.org\/wp-content\/uploads\/Sunrise-Wind-Myriam-Zilles-320x320.jpg 320w, https:\/\/www.ekoenergy.org\/wp-content\/uploads\/Sunrise-Wind-Myriam-Zilles-150x150.jpg 150w, https:\/\/www.ekoenergy.org\/wp-content\/uploads\/Sunrise-Wind-Myriam-Zilles.jpg 600w\" sizes=\"(max-width: 320px) 100vw, 320px\" \/><\/figure>\n\n\n\n<p>V dokumentu EKOenergy \u2013 Governance structure and criteria for electricity je vysv\u011btleno, za jak\u00fdch podm\u00ednek m\u016f\u017ee b\u00fdt elekt\u0159ina ozna\u010den\u00e1 zna\u010dkou EKOenergie.<\/p>\n\n\n\n<p>Jsou v n\u011bm vysv\u011btleny:<\/p>\n\n\n\n<ul class=\"wp-block-list\">\n<li>P\u0159ijateln\u00e9 zp\u016fsoby produkce elet\u0159iny<\/li>\n\n\n\n<li>Dodate\u010dn\u00e1 krit\u00e9ria udr\u017eitelnosti, kter\u00e1 zaru\u010duj\u00ed minim\u00e1ln\u00ed dopad na \u017eivotn\u00ed prost\u0159ed\u00ed<\/li>\n\n\n\n<li>P\u0159ijateln\u00e9 metody pro ov\u011b\u0159en\u00ed p\u016fvodu elekt\u0159iny a vyhnut\u00ed se dvoj\u00edmu zapo\u010dten\u00ed<\/li>\n\n\n\n<li>Jak funguje n\u00e1\u0161 klimatick\u00fd fond<\/li>\n\n\n\n<li>Jak prod\u00e1vat EKOenergi\u00ed ozna\u010denou energii<\/li>\n\n\n\n<li>Jak a kdy jsou prodeje EKOenergi\u00ed ozna\u010den\u00e9 elekt\u0159iny ov\u011b\u0159eny a potvrzeny<\/li>\n<\/ul>\n\n\n\n<p>Shrnut\u00ed na\u0161ich krit\u00e9ri\u00ed si m\u016f\u017eete p\u0159e\u010d\u00edst na <a href=\"https:\/\/www.ekoenergy.org\/cs\/ecolabel\/\">str\u00e1nce ekozna\u010dka EKOenergie<\/a>. <\/p>\n\n\n\n<p>V tomto dokumentu je taky vysv\u011btleno, jak jsou na\u0161e krit\u00e9ria spravov\u00e1na a aktualizov\u00e1na.<\/p>\n\n\n\n<p>P\u016fvodn\u00ed verze na\u0161ich krit\u00e9ri\u00ed pro elekt\u0159inu byla schv\u00e1lena v \u00fanoru 2013. V t\u00e9 dob\u011b jsme se zam\u011b\u0159ovali jen na Evropu. V roce 2015 jsme umo\u017enili pou\u017e\u00edv\u00e1n\u00ed na\u0161\u00ed zna\u010dky i mimo Evropu a v roce 2017 jsme p\u0159idali krit\u00e9ria s ohledem na energii z instalac\u00ed na m\u00edst\u011b.<\/p>\n\n\n\n<p>Krom\u011b krit\u00e9ri\u00ed pro elekt\u0159inu m\u00e1me tak\u00e9 krit\u00e9ria pro <a href=\"https:\/\/www.ekoenergy.org\/cs\/ecolabel\/criteria\/ekoenergy-gas\/\">obnoviteln\u00fd plyn<\/a> a pro <a href=\"https:\/\/www.ekoenergy.org\/cs\/ecolabel\/criteria\/renewable-heat\/\">obnoviteln\u00e9 vyt\u00e1p\u011bn\u00ed a chlazen\u00ed<\/a>.<\/p>\n\n\n\n<h2 class=\"wp-block-heading\">Krit\u00e9ria pro elekt\u0159inu<\/h2>\n\n\n\n<ul class=\"wp-block-list\">\n<li>EN \u2013&nbsp;<a href=\"https:\/\/www.ekoenergy.org\/wp-content\/uploads\/EKOenergy-Criteria-Governance-English.pdf\" target=\"_blank\" rel=\"noreferrer noopener\">EKOenergy \u2013 Governance structure and criteria for electricity<\/a><\/li>\n\n\n\n<li>DE \u2013 <a href=\"https:\/\/www.ekoenergy.org\/wp-content\/uploads\/EKOenergy-Criteria-Governance-German.pdf\" target=\"_blank\" rel=\"noreferrer noopener\">EKOenergie- Leitungsstruktur und Kriterien f\u00fcr Strom<\/a><\/li>\n\n\n\n<li>ES \u2013 <a href=\"https:\/\/www.ekoenergy.org\/wp-content\/uploads\/EKOenergy-Criteria-Governance-Spanish.pdf\" target=\"_blank\" rel=\"noreferrer noopener\">EKOenerg\u00eda \u2013 Estructura de gobierno y criterios para la electricidad<\/a><\/li>\n\n\n\n<li>FI \u2013 <a href=\"https:\/\/www.ekoenergy.org\/wp-content\/uploads\/EKOenergy-Criteria-Governance-Finnish.pdf\" target=\"_blank\" rel=\"noreferrer noopener\">EKOenergia \u2013 Hallintoj\u00e4rjestys ja kriteerit s\u00e4hk\u00f6lle<\/a><\/li>\n\n\n\n<li>FR \u2013 <a href=\"https:\/\/www.ekoenergy.org\/wp-content\/uploads\/EKOenergy-Criteria-Governance-French.pdf\" target=\"_blank\" rel=\"noreferrer noopener\">EKO\u00e9nergie \u2013 Structure de gouvernance et crit\u00e8res pour l\u2019\u00e9lectricit\u00e9<\/a><\/li>\n\n\n\n<li>IT \u2013 <a href=\"https:\/\/www.ekoenergy.org\/wp-content\/uploads\/EKOenergy-Criteria-Governance-Italian.pdf\" target=\"_blank\" rel=\"noreferrer noopener\">EKOenergy \u2013 Struttura di Governance e Criteri per l\u2019elettricit\u00e0<\/a><\/li>\n\n\n\n<li>NL \u2013 <a href=\"https:\/\/www.ekoenergy.org\/wp-content\/uploads\/EKOenergy-Criteria-Governance-Dutch.pdf\" target=\"_blank\" rel=\"noreferrer noopener\">EKOenergie \u2013 Bestuur and criteria voor elektriciteit<\/a><\/li>\n\n\n\n<li>PT \u2013 <a href=\"https:\/\/www.ekoenergy.org\/wp-content\/uploads\/EKOenergy-Criteria-Governance-Portuguese.pdf\" target=\"_blank\" rel=\"noreferrer noopener\">EKOenergia \u2013 Estrutura governativa e crit\u00e9rios para a eletricidade<\/a><\/li>\n\n\n\n<li>RU \u2013 <a href=\"https:\/\/www.ekoenergy.org\/wp-content\/uploads\/EKOenergy-Criteria-Governance-Russian.pdf\" target=\"_blank\" rel=\"noreferrer noopener\">\u042d\u041a\u041e\u044d\u043d\u0435\u0440\u0433\u0438\u044f \u2013 \u0421\u0442\u0440\u0443\u043a\u0442\u0443\u0440\u0430 \u0443\u043f\u0440\u0430\u0432\u043b\u0435\u043d\u0438\u044f \u0438 \u043a\u0440\u0438\u0442\u0435\u0440\u0438\u0438 \u0434\u043b\u044f \u044d\u043b\u0435\u043a\u0442\u0440\u043e\u044d\u043d\u0435\u0440\u0433\u0438\u0438<\/a><\/li>\n\n\n\n<li>TR \u2013 <a href=\"https:\/\/www.ekoenergy.org\/wp-content\/uploads\/EKOenergy-Criteria-Governance-Turkish.pdf\" target=\"_blank\" rel=\"noreferrer noopener\">EKOenerji \u2013 Y\u00f6netim yap\u0131s\u0131 ve elektrik kriterleri<\/a><\/li>\n<\/ul>\n\n\n\n<p>Kontaktujte n\u00e1s pro verze v dal\u0161\u00edch jazyc\u00edch.<\/p>\n","protected":false},"excerpt":{"rendered":"<p>Krit\u00e9ria EKOenergie pro elekt\u0159inu V dokumentu EKOenergy \u2013 Governance structure and criteria for electricity je vysv\u011btleno, za jak\u00fdch podm\u00ednek m\u016f\u017ee b\u00fdt elekt\u0159ina ozna\u010den\u00e1 zna\u010dkou EKOenergie. Jsou v n\u011bm vysv\u011btleny: Shrnut\u00ed na\u0161ich krit\u00e9ri\u00ed si m\u016f\u017eete p\u0159e\u010d\u00edst na str\u00e1nce ekozna\u010dka EKOenergie. V tomto dokumentu je taky vysv\u011btleno, jak jsou na\u0161e krit\u00e9ria spravov\u00e1na a aktualizov\u00e1na. P\u016fvodn\u00ed verze na\u0161ich [&hellip;]<\/p>\n","protected":false},"author":17,"featured_media":28453,"parent":25296,"menu_order":1,"comment_status":"closed","ping_status":"closed","template":"","meta":{"inline_featured_image":false,"_uag_custom_page_level_css":"","site-sidebar-layout":"default","site-content-layout":"default","ast-site-content-layout":"default","site-content-style":"default","site-sidebar-style":"default","ast-global-header-display":"","ast-banner-title-visibility":"","ast-main-header-display":"","ast-hfb-above-header-display":"","ast-hfb-below-header-display":"","ast-hfb-mobile-header-display":"","site-post-title":"disabled","ast-breadcrumbs-content":"","ast-featured-img":"","footer-sml-layout":"","ast-disable-related-posts":"","theme-transparent-header-meta":"default","adv-header-id-meta":"","stick-header-meta":"default","header-above-stick-meta":"","header-main-stick-meta":"","header-below-stick-meta":"","astra-migrate-meta-layouts":"default","ast-page-background-enabled":"default","ast-page-background-meta":{"desktop":{"background-color":"","background-image":"","background-repeat":"repeat","background-position":"center center","background-size":"auto","background-attachment":"scroll","background-type":"","background-media":"","overlay-type":"","overlay-color":"","overlay-opacity":"","overlay-gradient":""},"tablet":{"background-color":"","background-image":"","background-repeat":"repeat","background-position":"center center","background-size":"auto","background-attachment":"scroll","background-type":"","background-media":"","overlay-type":"","overlay-color":"","overlay-opacity":"","overlay-gradient":""},"mobile":{"background-color":"","background-image":"","background-repeat":"repeat","background-position":"center center","background-size":"auto","background-attachment":"scroll","background-type":"","background-media":"","overlay-type":"","overlay-color":"","overlay-opacity":"","overlay-gradient":""}},"ast-content-background-meta":{"desktop":{"background-color":"var(--ast-global-color-5)","background-image":"","background-repeat":"repeat","background-position":"center center","background-size":"auto","background-attachment":"scroll","background-type":"","background-media":"","overlay-type":"","overlay-color":"","overlay-opacity":"","overlay-gradient":""},"tablet":{"background-color":"var(--ast-global-color-5)","background-image":"","background-repeat":"repeat","background-position":"center center","background-size":"auto","background-attachment":"scroll","background-type":"","background-media":"","overlay-type":"","overlay-color":"","overlay-opacity":"","overlay-gradient":""},"mobile":{"background-color":"var(--ast-global-color-5)","background-image":"","background-repeat":"repeat","background-position":"center center","background-size":"auto","background-attachment":"scroll","background-type":"","background-media":"","overlay-type":"","overlay-color":"","overlay-opacity":"","overlay-gradient":""}},"footnotes":""},"class_list":["post-3168","page","type-page","status-publish","has-post-thumbnail","hentry"],"yoast_head":"<!-- This site is optimized with the Yoast SEO plugin v27.3 - https:\/\/yoast.com\/product\/yoast-seo-wordpress\/ -->\n<title>Obnoviteln\u00e1 elekt\u0159ina - EKOenergy ecolabel<\/title>\n<meta name=\"description\" content=\"V dokumentu EKOenergy \u2013 Governance structure and criteria for electricity je vysv\u011btleno, za jak\u00fdch podm\u00ednek m\u016f\u017ee b\u00fdt elekt\u0159ina ozna\u010den\u00e1 zna\u010dkou EKOenergie.\" \/>\n<meta name=\"robots\" content=\"index, follow, max-snippet:-1, max-image-preview:large, max-video-preview:-1\" \/>\n<link rel=\"canonical\" href=\"https:\/\/www.ekoenergy.org\/cs\/ecolabel\/criteria\/electricity\/\" \/>\n<meta property=\"og:locale\" content=\"cs_CZ\" \/>\n<meta property=\"og:type\" content=\"article\" \/>\n<meta property=\"og:title\" content=\"Obnoviteln\u00e1 elekt\u0159ina - EKOenergy ecolabel\" \/>\n<meta property=\"og:description\" content=\"V dokumentu EKOenergy \u2013 Governance structure and criteria for electricity je vysv\u011btleno, za jak\u00fdch podm\u00ednek m\u016f\u017ee b\u00fdt elekt\u0159ina ozna\u010den\u00e1 zna\u010dkou EKOenergie.\" \/>\n<meta property=\"og:url\" content=\"https:\/\/www.ekoenergy.org\/cs\/ecolabel\/criteria\/electricity\/\" \/>\n<meta property=\"og:site_name\" content=\"EKOenergy ecolabel\" \/>\n<meta property=\"article:publisher\" content=\"https:\/\/www.facebook.com\/EKOenergy.ecolabel\/\" \/>\n<meta property=\"article:modified_time\" content=\"2023-04-25T21:02:25+00:00\" \/>\n<meta property=\"og:image\" content=\"https:\/\/www.ekoenergy.org\/wp-content\/uploads\/Featured-Sun-Wind.jpg\" \/>\n\t<meta property=\"og:image:width\" content=\"1280\" \/>\n\t<meta property=\"og:image:height\" content=\"609\" \/>\n\t<meta property=\"og:image:type\" content=\"image\/jpeg\" \/>\n<meta name=\"twitter:card\" content=\"summary_large_image\" \/>\n<meta name=\"twitter:site\" content=\"@EKOenergy_\" \/>\n<meta name=\"twitter:label1\" content=\"Odhadovan\u00e1 doba \u010dten\u00ed\" \/>\n\t<meta name=\"twitter:data1\" content=\"2 minuty\" \/>\n<script type=\"application\/ld+json\" class=\"yoast-schema-graph\">{\"@context\":\"https:\\\/\\\/schema.org\",\"@graph\":[{\"@type\":\"WebPage\",\"@id\":\"https:\\\/\\\/www.ekoenergy.org\\\/cs\\\/ecolabel\\\/criteria\\\/electricity\\\/\",\"url\":\"https:\\\/\\\/www.ekoenergy.org\\\/cs\\\/ecolabel\\\/criteria\\\/electricity\\\/\",\"name\":\"Obnoviteln\u00e1 elekt\u0159ina - EKOenergy ecolabel\",\"isPartOf\":{\"@id\":\"https:\\\/\\\/www.ekoenergy.org\\\/cs\\\/#website\"},\"primaryImageOfPage\":{\"@id\":\"https:\\\/\\\/www.ekoenergy.org\\\/cs\\\/ecolabel\\\/criteria\\\/electricity\\\/#primaryimage\"},\"image\":{\"@id\":\"https:\\\/\\\/www.ekoenergy.org\\\/cs\\\/ecolabel\\\/criteria\\\/electricity\\\/#primaryimage\"},\"thumbnailUrl\":\"https:\\\/\\\/www.ekoenergy.org\\\/wp-content\\\/uploads\\\/Featured-Sun-Wind.jpg\",\"datePublished\":\"2019-12-04T13:35:35+00:00\",\"dateModified\":\"2023-04-25T21:02:25+00:00\",\"description\":\"V dokumentu EKOenergy \u2013 Governance structure and criteria for electricity je vysv\u011btleno, za jak\u00fdch podm\u00ednek m\u016f\u017ee b\u00fdt elekt\u0159ina ozna\u010den\u00e1 zna\u010dkou EKOenergie.\",\"breadcrumb\":{\"@id\":\"https:\\\/\\\/www.ekoenergy.org\\\/cs\\\/ecolabel\\\/criteria\\\/electricity\\\/#breadcrumb\"},\"inLanguage\":\"cs\",\"potentialAction\":[{\"@type\":\"ReadAction\",\"target\":[\"https:\\\/\\\/www.ekoenergy.org\\\/cs\\\/ecolabel\\\/criteria\\\/electricity\\\/\"]}]},{\"@type\":\"ImageObject\",\"inLanguage\":\"cs\",\"@id\":\"https:\\\/\\\/www.ekoenergy.org\\\/cs\\\/ecolabel\\\/criteria\\\/electricity\\\/#primaryimage\",\"url\":\"https:\\\/\\\/www.ekoenergy.org\\\/wp-content\\\/uploads\\\/Featured-Sun-Wind.jpg\",\"contentUrl\":\"https:\\\/\\\/www.ekoenergy.org\\\/wp-content\\\/uploads\\\/Featured-Sun-Wind.jpg\",\"width\":1280,\"height\":609},{\"@type\":\"BreadcrumbList\",\"@id\":\"https:\\\/\\\/www.ekoenergy.org\\\/cs\\\/ecolabel\\\/criteria\\\/electricity\\\/#breadcrumb\",\"itemListElement\":[{\"@type\":\"ListItem\",\"position\":1,\"name\":\"Home\",\"item\":\"https:\\\/\\\/www.ekoenergy.org\\\/cs\\\/\"},{\"@type\":\"ListItem\",\"position\":2,\"name\":\"Na\u0161e ekozna\u010dka\",\"item\":\"https:\\\/\\\/www.ekoenergy.org\\\/cs\\\/ecolabel\\\/\"},{\"@type\":\"ListItem\",\"position\":3,\"name\":\"Krit\u00e9ria EKOenergie\",\"item\":\"https:\\\/\\\/www.ekoenergy.org\\\/cs\\\/ecolabel\\\/criteria\\\/\"},{\"@type\":\"ListItem\",\"position\":4,\"name\":\"Obnoviteln\u00e1 elekt\u0159ina\"}]},{\"@type\":\"WebSite\",\"@id\":\"https:\\\/\\\/www.ekoenergy.org\\\/cs\\\/#website\",\"url\":\"https:\\\/\\\/www.ekoenergy.org\\\/cs\\\/\",\"name\":\"EKOenergy ecolabel\",\"description\":\"The global nonprofit ecolabel for renewable energy\",\"publisher\":{\"@id\":\"https:\\\/\\\/www.ekoenergy.org\\\/cs\\\/#organization\"},\"potentialAction\":[{\"@type\":\"SearchAction\",\"target\":{\"@type\":\"EntryPoint\",\"urlTemplate\":\"https:\\\/\\\/www.ekoenergy.org\\\/cs\\\/?s={search_term_string}\"},\"query-input\":{\"@type\":\"PropertyValueSpecification\",\"valueRequired\":true,\"valueName\":\"search_term_string\"}}],\"inLanguage\":\"cs\"},{\"@type\":\"Organization\",\"@id\":\"https:\\\/\\\/www.ekoenergy.org\\\/cs\\\/#organization\",\"name\":\"Not-for-profit Organisation EKOenergy\",\"url\":\"https:\\\/\\\/www.ekoenergy.org\\\/cs\\\/\",\"logo\":{\"@type\":\"ImageObject\",\"inLanguage\":\"cs\",\"@id\":\"https:\\\/\\\/www.ekoenergy.org\\\/cs\\\/#\\\/schema\\\/logo\\\/image\\\/\",\"url\":\"https:\\\/\\\/www.ekoenergy.org\\\/wp-content\\\/uploads\\\/logo-EKOenergy-no-text.jpg\",\"contentUrl\":\"https:\\\/\\\/www.ekoenergy.org\\\/wp-content\\\/uploads\\\/logo-EKOenergy-no-text.jpg\",\"width\":1600,\"height\":1600,\"caption\":\"Not-for-profit Organisation EKOenergy\"},\"image\":{\"@id\":\"https:\\\/\\\/www.ekoenergy.org\\\/cs\\\/#\\\/schema\\\/logo\\\/image\\\/\"},\"sameAs\":[\"https:\\\/\\\/www.facebook.com\\\/EKOenergy.ecolabel\\\/\",\"https:\\\/\\\/x.com\\\/EKOenergy_\",\"https:\\\/\\\/www.instagram.com\\\/ekoenergy\\\/\",\"https:\\\/\\\/www.linkedin.com\\\/company\\\/ekoenergy-ecolabel\\\/\",\"https:\\\/\\\/www.youtube.com\\\/EKOenergy-ecolabel\",\"https:\\\/\\\/en.wikipedia.org\\\/wiki\\\/EKOenergy\"]}]}<\/script>\n<!-- \/ Yoast SEO plugin. -->","yoast_head_json":{"title":"Obnoviteln\u00e1 elekt\u0159ina - EKOenergy ecolabel","description":"V dokumentu EKOenergy \u2013 Governance structure and criteria for electricity je vysv\u011btleno, za jak\u00fdch podm\u00ednek m\u016f\u017ee b\u00fdt elekt\u0159ina ozna\u010den\u00e1 zna\u010dkou EKOenergie.","robots":{"index":"index","follow":"follow","max-snippet":"max-snippet:-1","max-image-preview":"max-image-preview:large","max-video-preview":"max-video-preview:-1"},"canonical":"https:\/\/www.ekoenergy.org\/cs\/ecolabel\/criteria\/electricity\/","og_locale":"cs_CZ","og_type":"article","og_title":"Obnoviteln\u00e1 elekt\u0159ina - EKOenergy ecolabel","og_description":"V dokumentu EKOenergy \u2013 Governance structure and criteria for electricity je vysv\u011btleno, za jak\u00fdch podm\u00ednek m\u016f\u017ee b\u00fdt elekt\u0159ina ozna\u010den\u00e1 zna\u010dkou EKOenergie.","og_url":"https:\/\/www.ekoenergy.org\/cs\/ecolabel\/criteria\/electricity\/","og_site_name":"EKOenergy ecolabel","article_publisher":"https:\/\/www.facebook.com\/EKOenergy.ecolabel\/","article_modified_time":"2023-04-25T21:02:25+00:00","og_image":[{"width":1280,"height":609,"url":"https:\/\/www.ekoenergy.org\/wp-content\/uploads\/Featured-Sun-Wind.jpg","type":"image\/jpeg"}],"twitter_card":"summary_large_image","twitter_site":"@EKOenergy_","twitter_misc":{"Odhadovan\u00e1 doba \u010dten\u00ed":"2 minuty"},"schema":{"@context":"https:\/\/schema.org","@graph":[{"@type":"WebPage","@id":"https:\/\/www.ekoenergy.org\/cs\/ecolabel\/criteria\/electricity\/","url":"https:\/\/www.ekoenergy.org\/cs\/ecolabel\/criteria\/electricity\/","name":"Obnoviteln\u00e1 elekt\u0159ina - EKOenergy ecolabel","isPartOf":{"@id":"https:\/\/www.ekoenergy.org\/cs\/#website"},"primaryImageOfPage":{"@id":"https:\/\/www.ekoenergy.org\/cs\/ecolabel\/criteria\/electricity\/#primaryimage"},"image":{"@id":"https:\/\/www.ekoenergy.org\/cs\/ecolabel\/criteria\/electricity\/#primaryimage"},"thumbnailUrl":"https:\/\/www.ekoenergy.org\/wp-content\/uploads\/Featured-Sun-Wind.jpg","datePublished":"2019-12-04T13:35:35+00:00","dateModified":"2023-04-25T21:02:25+00:00","description":"V dokumentu EKOenergy \u2013 Governance structure and criteria for electricity je vysv\u011btleno, za jak\u00fdch podm\u00ednek m\u016f\u017ee b\u00fdt elekt\u0159ina ozna\u010den\u00e1 zna\u010dkou EKOenergie.","breadcrumb":{"@id":"https:\/\/www.ekoenergy.org\/cs\/ecolabel\/criteria\/electricity\/#breadcrumb"},"inLanguage":"cs","potentialAction":[{"@type":"ReadAction","target":["https:\/\/www.ekoenergy.org\/cs\/ecolabel\/criteria\/electricity\/"]}]},{"@type":"ImageObject","inLanguage":"cs","@id":"https:\/\/www.ekoenergy.org\/cs\/ecolabel\/criteria\/electricity\/#primaryimage","url":"https:\/\/www.ekoenergy.org\/wp-content\/uploads\/Featured-Sun-Wind.jpg","contentUrl":"https:\/\/www.ekoenergy.org\/wp-content\/uploads\/Featured-Sun-Wind.jpg","width":1280,"height":609},{"@type":"BreadcrumbList","@id":"https:\/\/www.ekoenergy.org\/cs\/ecolabel\/criteria\/electricity\/#breadcrumb","itemListElement":[{"@type":"ListItem","position":1,"name":"Home","item":"https:\/\/www.ekoenergy.org\/cs\/"},{"@type":"ListItem","position":2,"name":"Na\u0161e ekozna\u010dka","item":"https:\/\/www.ekoenergy.org\/cs\/ecolabel\/"},{"@type":"ListItem","position":3,"name":"Krit\u00e9ria EKOenergie","item":"https:\/\/www.ekoenergy.org\/cs\/ecolabel\/criteria\/"},{"@type":"ListItem","position":4,"name":"Obnoviteln\u00e1 elekt\u0159ina"}]},{"@type":"WebSite","@id":"https:\/\/www.ekoenergy.org\/cs\/#website","url":"https:\/\/www.ekoenergy.org\/cs\/","name":"EKOenergy ecolabel","description":"The global nonprofit ecolabel for renewable energy","publisher":{"@id":"https:\/\/www.ekoenergy.org\/cs\/#organization"},"potentialAction":[{"@type":"SearchAction","target":{"@type":"EntryPoint","urlTemplate":"https:\/\/www.ekoenergy.org\/cs\/?s={search_term_string}"},"query-input":{"@type":"PropertyValueSpecification","valueRequired":true,"valueName":"search_term_string"}}],"inLanguage":"cs"},{"@type":"Organization","@id":"https:\/\/www.ekoenergy.org\/cs\/#organization","name":"Not-for-profit Organisation EKOenergy","url":"https:\/\/www.ekoenergy.org\/cs\/","logo":{"@type":"ImageObject","inLanguage":"cs","@id":"https:\/\/www.ekoenergy.org\/cs\/#\/schema\/logo\/image\/","url":"https:\/\/www.ekoenergy.org\/wp-content\/uploads\/logo-EKOenergy-no-text.jpg","contentUrl":"https:\/\/www.ekoenergy.org\/wp-content\/uploads\/logo-EKOenergy-no-text.jpg","width":1600,"height":1600,"caption":"Not-for-profit Organisation EKOenergy"},"image":{"@id":"https:\/\/www.ekoenergy.org\/cs\/#\/schema\/logo\/image\/"},"sameAs":["https:\/\/www.facebook.com\/EKOenergy.ecolabel\/","https:\/\/x.com\/EKOenergy_","https:\/\/www.instagram.com\/ekoenergy\/","https:\/\/www.linkedin.com\/company\/ekoenergy-ecolabel\/","https:\/\/www.youtube.com\/EKOenergy-ecolabel","https:\/\/en.wikipedia.org\/wiki\/EKOenergy"]}]}},"uagb_featured_image_src":{"full":["https:\/\/www.ekoenergy.org\/wp-content\/uploads\/Featured-Sun-Wind.jpg",1280,609,false],"thumbnail":["https:\/\/www.ekoenergy.org\/wp-content\/uploads\/Featured-Sun-Wind-150x150.jpg",150,150,true],"medium":["https:\/\/www.ekoenergy.org\/wp-content\/uploads\/Featured-Sun-Wind-320x152.jpg",320,152,true],"medium_large":["https:\/\/www.ekoenergy.org\/wp-content\/uploads\/Featured-Sun-Wind-768x365.jpg",768,365,true],"large":["https:\/\/www.ekoenergy.org\/wp-content\/uploads\/Featured-Sun-Wind-1024x487.jpg",1024,487,true],"1536x1536":["https:\/\/www.ekoenergy.org\/wp-content\/uploads\/Featured-Sun-Wind.jpg",1280,609,false],"2048x2048":["https:\/\/www.ekoenergy.org\/wp-content\/uploads\/Featured-Sun-Wind.jpg",1280,609,false]},"uagb_author_info":{"display_name":"EKOenergy ecolabel","author_link":"https:\/\/www.ekoenergy.org\/cs\/author\/ekoenergy\/"},"uagb_comment_info":0,"uagb_excerpt":"Krit\u00e9ria EKOenergie pro elekt\u0159inu V dokumentu EKOenergy \u2013 Governance structure and criteria for electricity je vysv\u011btleno, za jak\u00fdch podm\u00ednek m\u016f\u017ee b\u00fdt elekt\u0159ina ozna\u010den\u00e1 zna\u010dkou EKOenergie. Jsou v n\u011bm vysv\u011btleny: Shrnut\u00ed na\u0161ich krit\u00e9ri\u00ed si m\u016f\u017eete p\u0159e\u010d\u00edst na str\u00e1nce ekozna\u010dka EKOenergie. V tomto dokumentu je taky vysv\u011btleno, jak jsou na\u0161e krit\u00e9ria spravov\u00e1na a aktualizov\u00e1na. P\u016fvodn\u00ed verze na\u0161ich&hellip;","_links":{"self":[{"href":"https:\/\/www.ekoenergy.org\/cs\/wp-json\/wp\/v2\/pages\/3168","targetHints":{"allow":["GET"]}}],"collection":[{"href":"https:\/\/www.ekoenergy.org\/cs\/wp-json\/wp\/v2\/pages"}],"about":[{"href":"https:\/\/www.ekoenergy.org\/cs\/wp-json\/wp\/v2\/types\/page"}],"author":[{"embeddable":true,"href":"https:\/\/www.ekoenergy.org\/cs\/wp-json\/wp\/v2\/users\/17"}],"replies":[{"embeddable":true,"href":"https:\/\/www.ekoenergy.org\/cs\/wp-json\/wp\/v2\/comments?post=3168"}],"version-history":[{"count":2,"href":"https:\/\/www.ekoenergy.org\/cs\/wp-json\/wp\/v2\/pages\/3168\/revisions"}],"predecessor-version":[{"id":142282,"href":"https:\/\/www.ekoenergy.org\/cs\/wp-json\/wp\/v2\/pages\/3168\/revisions\/142282"}],"up":[{"embeddable":true,"href":"https:\/\/www.ekoenergy.org\/cs\/wp-json\/wp\/v2\/pages\/25296"}],"wp:featuredmedia":[{"embeddable":true,"href":"https:\/\/www.ekoenergy.org\/cs\/wp-json\/wp\/v2\/media\/28453"}],"wp:attachment":[{"href":"https:\/\/www.ekoenergy.org\/cs\/wp-json\/wp\/v2\/media?parent=3168"}],"curies":[{"name":"wp","href":"https:\/\/api.w.org\/{rel}","templated":true}]}}