{"id":4069,"date":"2019-12-04T13:38:28","date_gmt":"2019-12-04T13:38:28","guid":{"rendered":"https:\/\/www.ekoenergy.org\/ecolabel\/official-text\/renewable-heat\/"},"modified":"2023-05-26T16:28:53","modified_gmt":"2023-05-26T13:28:53","slug":"renewable-heat","status":"publish","type":"page","link":"https:\/\/www.ekoenergy.org\/cs\/ecolabel\/criteria\/renewable-heat\/","title":{"rendered":"Obnoviteln\u00e9 teplo"},"content":{"rendered":"\n<h1 class=\"wp-block-heading\">Obnoviteln\u00e9 vyt\u00e1p\u011bn\u00ed a chlazen\u00ed<\/h1>\n\n\n\n<figure class=\"wp-block-image alignright size-medium\"><img fetchpriority=\"high\" decoding=\"async\" width=\"320\" height=\"240\" src=\"https:\/\/www.ekoenergy.org\/wp-content\/uploads\/\/Absorption-heat-pump-Commons-Wikimedia-e1581426791279-320x240.jpg\" alt=\"Picture of an industrial heat pump\" class=\"wp-image-28682\" srcset=\"https:\/\/www.ekoenergy.org\/wp-content\/uploads\/Absorption-heat-pump-Commons-Wikimedia-e1581426791279-320x240.jpg 320w, https:\/\/www.ekoenergy.org\/wp-content\/uploads\/Absorption-heat-pump-Commons-Wikimedia-e1581426791279-768x577.jpg 768w, https:\/\/www.ekoenergy.org\/wp-content\/uploads\/Absorption-heat-pump-Commons-Wikimedia-e1581426791279.jpg 852w\" sizes=\"(max-width: 320px) 100vw, 320px\" \/><\/figure>\n\n\n\n<p>Ekozna\u010dkou EKOenergie mohou b\u00fdt ozna\u010deny n\u00e1sleduj\u00ed druhy tepla:<\/p>\n\n\n\n<ul class=\"wp-block-list\">\n<li>Teplo poch\u00e1zej\u00edc\u00ed z obnoviteln\u00fdch druh\u016f bioenergie a ze 100% obnoviteln\u00fdch energetick\u00fdch za\u0159\u00edzen\u00edch<\/li>\n\n\n\n<li>Teplo produkovan\u00e9 pomoc\u00ed tepeln\u00fdch \u010derpadel, kter\u00e1 jsou poh\u00e1n\u011bn\u00e1 obnovitelnou energi\u00ed a maj\u00ed sez\u00f3nn\u00ed topn\u00fd faktor (SCOP) 3,40 nebo vy\u0161\u0161\u00ed.<\/li>\n\n\n\n<li>Teplo z\u00edskan\u00e9 z odpadn\u00edho tepla a chladu, jin\u00fdmi slovy nevyhnuteln\u00e9ho tepla a chladu, kter\u00e9 by se rozplynulo ve vzduchu \u010di vod\u011b a nebylo vyu\u017eito. Za\u0159\u00edzen\u00ed na z\u00edsk\u00e1n\u00ed tohoto tepla mus\u00ed pou\u017e\u00edvat obnovitelnou energii. Mezi toto teplo nepat\u0159\u00ed odpadn\u00ed teplo poch\u00e1zej\u00edc\u00ed z fosiln\u00edch a jadern\u00edch za\u0159\u00edzen\u00ed.<\/li>\n\n\n\n<li>Geoterm\u00e1ln\u00ed a sol\u00e1rn\u00ed teplo ze za\u0159\u00edzen\u00ed, kter\u00e1 spl\u0148uj\u00ed na\u0161e krit\u00e9ria udr\u017eitelnosti.<\/li>\n\n\n\n<li>Teplo produkovan\u00e9 pomoc\u00ed EKOenergi\u00ed schv\u00e1len\u00e9ho obnoviteln\u00e9ho plynu.<\/li>\n<\/ul>\n\n\n\n<p>Za ka\u017edou prodanou MWh EKOenergi\u00ed ozna\u010den\u00e9ho tepla je p\u0159isp\u00edv\u00e1no alespo\u0148 0,10\u20ac do <a href=\"https:\/\/www.ekoenergy.org\/cs\/our-results\/climate-fund\/\">Klimatick\u00e9ho fondu<\/a>. Tyto p\u0159\u00edsp\u011bvky jsou pou\u017e\u00edv\u00e1ny k financov\u00e1n\u00ed projekt\u016f, kter\u00e9 podporuj\u00ed investov\u00e1n\u00ed v obnovitelnou energii, co\u017e p\u0159isp\u00edv\u00e1 k dosa\u017een\u00ed c\u00edl\u016f Organizace spojen\u00fdch n\u00e1rod\u016f pro udr\u017eiteln\u00fd rozvoj.<\/p>\n\n\n\n<p>Na\u0161e krit\u00e9ria pro vyt\u00e1p\u011bn\u00ed tak\u00e9 obsahuj\u00ed pravidla pro spolehliv\u00e9 sledov\u00e1n\u00ed p\u016fvodu energie a prevenci dvoj\u00edho za\u00fa\u010dtov\u00e1n\u00ed.<\/p>\n\n\n\n<p>V\u017edy, kdy\u017e je lze uplatnit, plat\u00ed stejn\u00e1 pravidla pro chlazen\u00ed.<\/p>\n\n\n\n<h2 class=\"wp-block-heading\">Krit\u00e9ria<\/h2>\n\n\n\n<ul class=\"wp-block-list\">\n<li>EN: <a rel=\"noreferrer noopener\" aria-label=\"EKOenergy\u2019s criteria for renewable heat and cold (opens in a new tab)\" href=\"https:\/\/www.ekoenergy.org\/wp-content\/uploads\/EKOenergy-criteria-for-heat-and-cold-English.pdf\" target=\"_blank\">EKOenergy\u2019s criteria for renewable heat and cold<\/a> (pdf)<\/li>\n\n\n\n<li>ES: <a rel=\"noreferrer noopener\" href=\"https:\/\/www.ekoenergy.org\/wp-content\/uploads\/EKOenergy-criteria-for-heat-Spanish.pdf\" target=\"_blank\">Criterios de EKOenerg\u00eda para calor y fr\u00edo renovables<\/a> (pdf)<\/li>\n\n\n\n<li>FI: <a rel=\"noreferrer noopener\" aria-label=\"EKOenergian kriteerit uusiutuvalle l\u00e4mm\u00f6lle ja j\u00e4\u00e4hdytykselle  (opens in a new tab)\" href=\"https:\/\/www.ekoenergy.org\/wp-content\/uploads\/EKOenergy-criteria-for-heat-Finnish.pdf\" target=\"_blank\">EKOenergian kriteerit uusiutuvalle l\u00e4mm\u00f6lle ja j\u00e4\u00e4hdytykselle <\/a>(pdf)<\/li>\n\n\n\n<li>FR: <a rel=\"noreferrer noopener\" href=\"https:\/\/www.ekoenergy.org\/wp-content\/uploads\/EKOenergy-criteria-for-heat-French.pdf\" target=\"_blank\">Les crit\u00e8res d\u2019EKO\u00e9nergie en mati\u00e8re de chaleur et de froid renouvelables<\/a> (pdf)<\/li>\n\n\n\n<li>IT: <a rel=\"noreferrer noopener\" href=\"https:\/\/www.ekoenergy.org\/wp-content\/uploads\/EKOenergy-heat-criteria-Italian.pdf\" target=\"_blank\">Criteri di EKOenergy per il calore e il freddo da fonti rinnovabili<\/a> (pdf)<\/li>\n\n\n\n<li>RU:<a rel=\"noreferrer noopener\" href=\"http:\/\/www.ekoenergy.org\/wp-content\/uploads\/EKOenergy-criteria-for-heat-Russian-3.pdf\" target=\"_blank\"> \u041a\u0440\u0438\u0442\u0435\u0440\u0438\u0438 \u042d\u041a\u041e\u044d\u043d\u0435\u0440\u0433\u0438\u0438 \u043f\u043e \u0432\u043e\u0437\u043e\u0431\u043d\u043e\u0432\u043b\u044f\u0435\u043c\u044b\u043c \u0438\u0441\u0442\u043e\u0447\u043d\u0438\u043a\u0430\u043c \u0442\u0435\u043f\u043b\u0430 \u0438 \u0445\u043e\u043b\u043e\u0434\u0430<\/a> (pdf)<\/li>\n<\/ul>\n\n\n\n<p>M\u00e1te z\u00e1jem o EKOenergi\u00ed ozna\u010den\u00e9 vyt\u00e1p\u011bn\u00ed nebo chlazen\u00ed ve va\u0161\u00ed zemi? <a href=\"https:\/\/www.ekoenergy.org\/cs\/about-us\/contact-us\/\">Kontaktujte n\u00e1s<\/a> pro v\u00edc informac\u00ed!<\/p>\n","protected":false},"excerpt":{"rendered":"<p>Obnoviteln\u00e9 vyt\u00e1p\u011bn\u00ed a chlazen\u00ed Ekozna\u010dkou EKOenergie mohou b\u00fdt ozna\u010deny n\u00e1sleduj\u00ed druhy tepla: Za ka\u017edou prodanou MWh EKOenergi\u00ed ozna\u010den\u00e9ho tepla je p\u0159isp\u00edv\u00e1no alespo\u0148 0,10\u20ac do Klimatick\u00e9ho fondu. Tyto p\u0159\u00edsp\u011bvky jsou pou\u017e\u00edv\u00e1ny k financov\u00e1n\u00ed projekt\u016f, kter\u00e9 podporuj\u00ed investov\u00e1n\u00ed v obnovitelnou energii, co\u017e p\u0159isp\u00edv\u00e1 k dosa\u017een\u00ed c\u00edl\u016f Organizace spojen\u00fdch n\u00e1rod\u016f pro udr\u017eiteln\u00fd rozvoj. Na\u0161e krit\u00e9ria pro vyt\u00e1p\u011bn\u00ed tak\u00e9 [&hellip;]<\/p>\n","protected":false},"author":2,"featured_media":71228,"parent":25296,"menu_order":4,"comment_status":"closed","ping_status":"closed","template":"","meta":{"inline_featured_image":false,"_uag_custom_page_level_css":"","site-sidebar-layout":"default","site-content-layout":"default","ast-site-content-layout":"default","site-content-style":"default","site-sidebar-style":"default","ast-global-header-display":"","ast-banner-title-visibility":"","ast-main-header-display":"","ast-hfb-above-header-display":"","ast-hfb-below-header-display":"","ast-hfb-mobile-header-display":"","site-post-title":"disabled","ast-breadcrumbs-content":"","ast-featured-img":"","footer-sml-layout":"","ast-disable-related-posts":"","theme-transparent-header-meta":"default","adv-header-id-meta":"","stick-header-meta":"default","header-above-stick-meta":"","header-main-stick-meta":"","header-below-stick-meta":"","astra-migrate-meta-layouts":"default","ast-page-background-enabled":"default","ast-page-background-meta":{"desktop":{"background-color":"","background-image":"","background-repeat":"repeat","background-position":"center center","background-size":"auto","background-attachment":"scroll","background-type":"","background-media":"","overlay-type":"","overlay-color":"","overlay-opacity":"","overlay-gradient":""},"tablet":{"background-color":"","background-image":"","background-repeat":"repeat","background-position":"center center","background-size":"auto","background-attachment":"scroll","background-type":"","background-media":"","overlay-type":"","overlay-color":"","overlay-opacity":"","overlay-gradient":""},"mobile":{"background-color":"","background-image":"","background-repeat":"repeat","background-position":"center center","background-size":"auto","background-attachment":"scroll","background-type":"","background-media":"","overlay-type":"","overlay-color":"","overlay-opacity":"","overlay-gradient":""}},"ast-content-background-meta":{"desktop":{"background-color":"var(--ast-global-color-5)","background-image":"","background-repeat":"repeat","background-position":"center center","background-size":"auto","background-attachment":"scroll","background-type":"","background-media":"","overlay-type":"","overlay-color":"","overlay-opacity":"","overlay-gradient":""},"tablet":{"background-color":"var(--ast-global-color-5)","background-image":"","background-repeat":"repeat","background-position":"center center","background-size":"auto","background-attachment":"scroll","background-type":"","background-media":"","overlay-type":"","overlay-color":"","overlay-opacity":"","overlay-gradient":""},"mobile":{"background-color":"var(--ast-global-color-5)","background-image":"","background-repeat":"repeat","background-position":"center center","background-size":"auto","background-attachment":"scroll","background-type":"","background-media":"","overlay-type":"","overlay-color":"","overlay-opacity":"","overlay-gradient":""}},"footnotes":""},"class_list":["post-4069","page","type-page","status-publish","has-post-thumbnail","hentry"],"yoast_head":"<!-- This site is optimized with the Yoast SEO plugin v27.3 - https:\/\/yoast.com\/product\/yoast-seo-wordpress\/ -->\n<title>Obnoviteln\u00e9 teplo - EKOenergy ecolabel<\/title>\n<meta name=\"description\" content=\"M\u00e1te z\u00e1jem o EKOenergi\u00ed ozna\u010den\u00e9 vyt\u00e1p\u011bn\u00ed nebo chlazen\u00ed? P\u0159e\u010dt\u011bte si zde a dozv\u00edte se v\u00edce nebo n\u00e1s kontaktujte pro v\u00edce informac\u00ed.\" \/>\n<meta name=\"robots\" content=\"index, follow, max-snippet:-1, max-image-preview:large, max-video-preview:-1\" \/>\n<link rel=\"canonical\" href=\"https:\/\/www.ekoenergy.org\/cs\/ecolabel\/criteria\/renewable-heat\/\" \/>\n<meta property=\"og:locale\" content=\"cs_CZ\" \/>\n<meta property=\"og:type\" content=\"article\" \/>\n<meta property=\"og:title\" content=\"Obnoviteln\u00e9 teplo - EKOenergy ecolabel\" \/>\n<meta property=\"og:description\" content=\"M\u00e1te z\u00e1jem o EKOenergi\u00ed ozna\u010den\u00e9 vyt\u00e1p\u011bn\u00ed nebo chlazen\u00ed? P\u0159e\u010dt\u011bte si zde a dozv\u00edte se v\u00edce nebo n\u00e1s kontaktujte pro v\u00edce informac\u00ed.\" \/>\n<meta property=\"og:url\" content=\"https:\/\/www.ekoenergy.org\/cs\/ecolabel\/criteria\/renewable-heat\/\" \/>\n<meta property=\"og:site_name\" content=\"EKOenergy ecolabel\" \/>\n<meta property=\"article:publisher\" content=\"https:\/\/www.facebook.com\/EKOenergy.ecolabel\/\" \/>\n<meta property=\"article:modified_time\" content=\"2023-05-26T13:28:53+00:00\" \/>\n<meta property=\"og:image\" content=\"https:\/\/www.ekoenergy.org\/wp-content\/uploads\/Absorption-heat-pump-Commons-Wikimedia-e1581426791279.jpg\" \/>\n\t<meta property=\"og:image:width\" content=\"852\" \/>\n\t<meta property=\"og:image:height\" content=\"640\" \/>\n\t<meta property=\"og:image:type\" content=\"image\/jpeg\" \/>\n<meta name=\"twitter:card\" content=\"summary_large_image\" \/>\n<meta name=\"twitter:site\" content=\"@EKOenergy_\" \/>\n<meta name=\"twitter:label1\" content=\"Odhadovan\u00e1 doba \u010dten\u00ed\" \/>\n\t<meta name=\"twitter:data1\" content=\"2 minuty\" \/>\n<script type=\"application\/ld+json\" class=\"yoast-schema-graph\">{\"@context\":\"https:\\\/\\\/schema.org\",\"@graph\":[{\"@type\":\"WebPage\",\"@id\":\"https:\\\/\\\/www.ekoenergy.org\\\/cs\\\/ecolabel\\\/criteria\\\/renewable-heat\\\/\",\"url\":\"https:\\\/\\\/www.ekoenergy.org\\\/cs\\\/ecolabel\\\/criteria\\\/renewable-heat\\\/\",\"name\":\"Obnoviteln\u00e9 teplo - EKOenergy ecolabel\",\"isPartOf\":{\"@id\":\"https:\\\/\\\/www.ekoenergy.org\\\/cs\\\/#website\"},\"primaryImageOfPage\":{\"@id\":\"https:\\\/\\\/www.ekoenergy.org\\\/cs\\\/ecolabel\\\/criteria\\\/renewable-heat\\\/#primaryimage\"},\"image\":{\"@id\":\"https:\\\/\\\/www.ekoenergy.org\\\/cs\\\/ecolabel\\\/criteria\\\/renewable-heat\\\/#primaryimage\"},\"thumbnailUrl\":\"https:\\\/\\\/www.ekoenergy.org\\\/wp-content\\\/uploads\\\/Absorption-heat-pump-Commons-Wikimedia-e1581426791279.jpg\",\"datePublished\":\"2019-12-04T13:38:28+00:00\",\"dateModified\":\"2023-05-26T13:28:53+00:00\",\"description\":\"M\u00e1te z\u00e1jem o EKOenergi\u00ed ozna\u010den\u00e9 vyt\u00e1p\u011bn\u00ed nebo chlazen\u00ed? P\u0159e\u010dt\u011bte si zde a dozv\u00edte se v\u00edce nebo n\u00e1s kontaktujte pro v\u00edce informac\u00ed.\",\"breadcrumb\":{\"@id\":\"https:\\\/\\\/www.ekoenergy.org\\\/cs\\\/ecolabel\\\/criteria\\\/renewable-heat\\\/#breadcrumb\"},\"inLanguage\":\"cs\",\"potentialAction\":[{\"@type\":\"ReadAction\",\"target\":[\"https:\\\/\\\/www.ekoenergy.org\\\/cs\\\/ecolabel\\\/criteria\\\/renewable-heat\\\/\"]}]},{\"@type\":\"ImageObject\",\"inLanguage\":\"cs\",\"@id\":\"https:\\\/\\\/www.ekoenergy.org\\\/cs\\\/ecolabel\\\/criteria\\\/renewable-heat\\\/#primaryimage\",\"url\":\"https:\\\/\\\/www.ekoenergy.org\\\/wp-content\\\/uploads\\\/Absorption-heat-pump-Commons-Wikimedia-e1581426791279.jpg\",\"contentUrl\":\"https:\\\/\\\/www.ekoenergy.org\\\/wp-content\\\/uploads\\\/Absorption-heat-pump-Commons-Wikimedia-e1581426791279.jpg\",\"width\":852,\"height\":640},{\"@type\":\"BreadcrumbList\",\"@id\":\"https:\\\/\\\/www.ekoenergy.org\\\/cs\\\/ecolabel\\\/criteria\\\/renewable-heat\\\/#breadcrumb\",\"itemListElement\":[{\"@type\":\"ListItem\",\"position\":1,\"name\":\"Home\",\"item\":\"https:\\\/\\\/www.ekoenergy.org\\\/cs\\\/\"},{\"@type\":\"ListItem\",\"position\":2,\"name\":\"Na\u0161e ekozna\u010dka\",\"item\":\"https:\\\/\\\/www.ekoenergy.org\\\/cs\\\/ecolabel\\\/\"},{\"@type\":\"ListItem\",\"position\":3,\"name\":\"Krit\u00e9ria EKOenergie\",\"item\":\"https:\\\/\\\/www.ekoenergy.org\\\/cs\\\/ecolabel\\\/criteria\\\/\"},{\"@type\":\"ListItem\",\"position\":4,\"name\":\"Obnoviteln\u00e9 teplo\"}]},{\"@type\":\"WebSite\",\"@id\":\"https:\\\/\\\/www.ekoenergy.org\\\/cs\\\/#website\",\"url\":\"https:\\\/\\\/www.ekoenergy.org\\\/cs\\\/\",\"name\":\"EKOenergy ecolabel\",\"description\":\"The global nonprofit ecolabel for renewable energy\",\"publisher\":{\"@id\":\"https:\\\/\\\/www.ekoenergy.org\\\/cs\\\/#organization\"},\"potentialAction\":[{\"@type\":\"SearchAction\",\"target\":{\"@type\":\"EntryPoint\",\"urlTemplate\":\"https:\\\/\\\/www.ekoenergy.org\\\/cs\\\/?s={search_term_string}\"},\"query-input\":{\"@type\":\"PropertyValueSpecification\",\"valueRequired\":true,\"valueName\":\"search_term_string\"}}],\"inLanguage\":\"cs\"},{\"@type\":\"Organization\",\"@id\":\"https:\\\/\\\/www.ekoenergy.org\\\/cs\\\/#organization\",\"name\":\"Not-for-profit Organisation EKOenergy\",\"url\":\"https:\\\/\\\/www.ekoenergy.org\\\/cs\\\/\",\"logo\":{\"@type\":\"ImageObject\",\"inLanguage\":\"cs\",\"@id\":\"https:\\\/\\\/www.ekoenergy.org\\\/cs\\\/#\\\/schema\\\/logo\\\/image\\\/\",\"url\":\"https:\\\/\\\/www.ekoenergy.org\\\/wp-content\\\/uploads\\\/logo-EKOenergy-no-text.jpg\",\"contentUrl\":\"https:\\\/\\\/www.ekoenergy.org\\\/wp-content\\\/uploads\\\/logo-EKOenergy-no-text.jpg\",\"width\":1600,\"height\":1600,\"caption\":\"Not-for-profit Organisation EKOenergy\"},\"image\":{\"@id\":\"https:\\\/\\\/www.ekoenergy.org\\\/cs\\\/#\\\/schema\\\/logo\\\/image\\\/\"},\"sameAs\":[\"https:\\\/\\\/www.facebook.com\\\/EKOenergy.ecolabel\\\/\",\"https:\\\/\\\/x.com\\\/EKOenergy_\",\"https:\\\/\\\/www.instagram.com\\\/ekoenergy\\\/\",\"https:\\\/\\\/www.linkedin.com\\\/company\\\/ekoenergy-ecolabel\\\/\",\"https:\\\/\\\/www.youtube.com\\\/EKOenergy-ecolabel\",\"https:\\\/\\\/en.wikipedia.org\\\/wiki\\\/EKOenergy\"]}]}<\/script>\n<!-- \/ Yoast SEO plugin. -->","yoast_head_json":{"title":"Obnoviteln\u00e9 teplo - EKOenergy ecolabel","description":"M\u00e1te z\u00e1jem o EKOenergi\u00ed ozna\u010den\u00e9 vyt\u00e1p\u011bn\u00ed nebo chlazen\u00ed? P\u0159e\u010dt\u011bte si zde a dozv\u00edte se v\u00edce nebo n\u00e1s kontaktujte pro v\u00edce informac\u00ed.","robots":{"index":"index","follow":"follow","max-snippet":"max-snippet:-1","max-image-preview":"max-image-preview:large","max-video-preview":"max-video-preview:-1"},"canonical":"https:\/\/www.ekoenergy.org\/cs\/ecolabel\/criteria\/renewable-heat\/","og_locale":"cs_CZ","og_type":"article","og_title":"Obnoviteln\u00e9 teplo - EKOenergy ecolabel","og_description":"M\u00e1te z\u00e1jem o EKOenergi\u00ed ozna\u010den\u00e9 vyt\u00e1p\u011bn\u00ed nebo chlazen\u00ed? P\u0159e\u010dt\u011bte si zde a dozv\u00edte se v\u00edce nebo n\u00e1s kontaktujte pro v\u00edce informac\u00ed.","og_url":"https:\/\/www.ekoenergy.org\/cs\/ecolabel\/criteria\/renewable-heat\/","og_site_name":"EKOenergy ecolabel","article_publisher":"https:\/\/www.facebook.com\/EKOenergy.ecolabel\/","article_modified_time":"2023-05-26T13:28:53+00:00","og_image":[{"width":852,"height":640,"url":"https:\/\/www.ekoenergy.org\/wp-content\/uploads\/Absorption-heat-pump-Commons-Wikimedia-e1581426791279.jpg","type":"image\/jpeg"}],"twitter_card":"summary_large_image","twitter_site":"@EKOenergy_","twitter_misc":{"Odhadovan\u00e1 doba \u010dten\u00ed":"2 minuty"},"schema":{"@context":"https:\/\/schema.org","@graph":[{"@type":"WebPage","@id":"https:\/\/www.ekoenergy.org\/cs\/ecolabel\/criteria\/renewable-heat\/","url":"https:\/\/www.ekoenergy.org\/cs\/ecolabel\/criteria\/renewable-heat\/","name":"Obnoviteln\u00e9 teplo - EKOenergy ecolabel","isPartOf":{"@id":"https:\/\/www.ekoenergy.org\/cs\/#website"},"primaryImageOfPage":{"@id":"https:\/\/www.ekoenergy.org\/cs\/ecolabel\/criteria\/renewable-heat\/#primaryimage"},"image":{"@id":"https:\/\/www.ekoenergy.org\/cs\/ecolabel\/criteria\/renewable-heat\/#primaryimage"},"thumbnailUrl":"https:\/\/www.ekoenergy.org\/wp-content\/uploads\/Absorption-heat-pump-Commons-Wikimedia-e1581426791279.jpg","datePublished":"2019-12-04T13:38:28+00:00","dateModified":"2023-05-26T13:28:53+00:00","description":"M\u00e1te z\u00e1jem o EKOenergi\u00ed ozna\u010den\u00e9 vyt\u00e1p\u011bn\u00ed nebo chlazen\u00ed? P\u0159e\u010dt\u011bte si zde a dozv\u00edte se v\u00edce nebo n\u00e1s kontaktujte pro v\u00edce informac\u00ed.","breadcrumb":{"@id":"https:\/\/www.ekoenergy.org\/cs\/ecolabel\/criteria\/renewable-heat\/#breadcrumb"},"inLanguage":"cs","potentialAction":[{"@type":"ReadAction","target":["https:\/\/www.ekoenergy.org\/cs\/ecolabel\/criteria\/renewable-heat\/"]}]},{"@type":"ImageObject","inLanguage":"cs","@id":"https:\/\/www.ekoenergy.org\/cs\/ecolabel\/criteria\/renewable-heat\/#primaryimage","url":"https:\/\/www.ekoenergy.org\/wp-content\/uploads\/Absorption-heat-pump-Commons-Wikimedia-e1581426791279.jpg","contentUrl":"https:\/\/www.ekoenergy.org\/wp-content\/uploads\/Absorption-heat-pump-Commons-Wikimedia-e1581426791279.jpg","width":852,"height":640},{"@type":"BreadcrumbList","@id":"https:\/\/www.ekoenergy.org\/cs\/ecolabel\/criteria\/renewable-heat\/#breadcrumb","itemListElement":[{"@type":"ListItem","position":1,"name":"Home","item":"https:\/\/www.ekoenergy.org\/cs\/"},{"@type":"ListItem","position":2,"name":"Na\u0161e ekozna\u010dka","item":"https:\/\/www.ekoenergy.org\/cs\/ecolabel\/"},{"@type":"ListItem","position":3,"name":"Krit\u00e9ria EKOenergie","item":"https:\/\/www.ekoenergy.org\/cs\/ecolabel\/criteria\/"},{"@type":"ListItem","position":4,"name":"Obnoviteln\u00e9 teplo"}]},{"@type":"WebSite","@id":"https:\/\/www.ekoenergy.org\/cs\/#website","url":"https:\/\/www.ekoenergy.org\/cs\/","name":"EKOenergy ecolabel","description":"The global nonprofit ecolabel for renewable energy","publisher":{"@id":"https:\/\/www.ekoenergy.org\/cs\/#organization"},"potentialAction":[{"@type":"SearchAction","target":{"@type":"EntryPoint","urlTemplate":"https:\/\/www.ekoenergy.org\/cs\/?s={search_term_string}"},"query-input":{"@type":"PropertyValueSpecification","valueRequired":true,"valueName":"search_term_string"}}],"inLanguage":"cs"},{"@type":"Organization","@id":"https:\/\/www.ekoenergy.org\/cs\/#organization","name":"Not-for-profit Organisation EKOenergy","url":"https:\/\/www.ekoenergy.org\/cs\/","logo":{"@type":"ImageObject","inLanguage":"cs","@id":"https:\/\/www.ekoenergy.org\/cs\/#\/schema\/logo\/image\/","url":"https:\/\/www.ekoenergy.org\/wp-content\/uploads\/logo-EKOenergy-no-text.jpg","contentUrl":"https:\/\/www.ekoenergy.org\/wp-content\/uploads\/logo-EKOenergy-no-text.jpg","width":1600,"height":1600,"caption":"Not-for-profit Organisation EKOenergy"},"image":{"@id":"https:\/\/www.ekoenergy.org\/cs\/#\/schema\/logo\/image\/"},"sameAs":["https:\/\/www.facebook.com\/EKOenergy.ecolabel\/","https:\/\/x.com\/EKOenergy_","https:\/\/www.instagram.com\/ekoenergy\/","https:\/\/www.linkedin.com\/company\/ekoenergy-ecolabel\/","https:\/\/www.youtube.com\/EKOenergy-ecolabel","https:\/\/en.wikipedia.org\/wiki\/EKOenergy"]}]}},"uagb_featured_image_src":{"full":["https:\/\/www.ekoenergy.org\/wp-content\/uploads\/Absorption-heat-pump-Commons-Wikimedia-e1581426791279.jpg",852,640,false],"thumbnail":["https:\/\/www.ekoenergy.org\/wp-content\/uploads\/Absorption-heat-pump-Commons-Wikimedia-e1581426791279-150x150.jpg",150,150,true],"medium":["https:\/\/www.ekoenergy.org\/wp-content\/uploads\/Absorption-heat-pump-Commons-Wikimedia-e1581426791279-320x240.jpg",320,240,true],"medium_large":["https:\/\/www.ekoenergy.org\/wp-content\/uploads\/Absorption-heat-pump-Commons-Wikimedia-e1581426791279-768x577.jpg",768,577,true],"large":["https:\/\/www.ekoenergy.org\/wp-content\/uploads\/Absorption-heat-pump-Commons-Wikimedia-e1581426791279.jpg",852,640,false],"1536x1536":["https:\/\/www.ekoenergy.org\/wp-content\/uploads\/Absorption-heat-pump-Commons-Wikimedia-e1581426791279.jpg",852,640,false],"2048x2048":["https:\/\/www.ekoenergy.org\/wp-content\/uploads\/Absorption-heat-pump-Commons-Wikimedia-e1581426791279.jpg",852,640,false]},"uagb_author_info":{"display_name":"Steven Vanholme","author_link":"https:\/\/www.ekoenergy.org\/cs\/author\/svanholme\/"},"uagb_comment_info":0,"uagb_excerpt":"Obnoviteln\u00e9 vyt\u00e1p\u011bn\u00ed a chlazen\u00ed Ekozna\u010dkou EKOenergie mohou b\u00fdt ozna\u010deny n\u00e1sleduj\u00ed druhy tepla: Za ka\u017edou prodanou MWh EKOenergi\u00ed ozna\u010den\u00e9ho tepla je p\u0159isp\u00edv\u00e1no alespo\u0148 0,10\u20ac do Klimatick\u00e9ho fondu. Tyto p\u0159\u00edsp\u011bvky jsou pou\u017e\u00edv\u00e1ny k financov\u00e1n\u00ed projekt\u016f, kter\u00e9 podporuj\u00ed investov\u00e1n\u00ed v obnovitelnou energii, co\u017e p\u0159isp\u00edv\u00e1 k dosa\u017een\u00ed c\u00edl\u016f Organizace spojen\u00fdch n\u00e1rod\u016f pro udr\u017eiteln\u00fd rozvoj. Na\u0161e krit\u00e9ria pro vyt\u00e1p\u011bn\u00ed tak\u00e9&hellip;","_links":{"self":[{"href":"https:\/\/www.ekoenergy.org\/cs\/wp-json\/wp\/v2\/pages\/4069","targetHints":{"allow":["GET"]}}],"collection":[{"href":"https:\/\/www.ekoenergy.org\/cs\/wp-json\/wp\/v2\/pages"}],"about":[{"href":"https:\/\/www.ekoenergy.org\/cs\/wp-json\/wp\/v2\/types\/page"}],"author":[{"embeddable":true,"href":"https:\/\/www.ekoenergy.org\/cs\/wp-json\/wp\/v2\/users\/2"}],"replies":[{"embeddable":true,"href":"https:\/\/www.ekoenergy.org\/cs\/wp-json\/wp\/v2\/comments?post=4069"}],"version-history":[{"count":2,"href":"https:\/\/www.ekoenergy.org\/cs\/wp-json\/wp\/v2\/pages\/4069\/revisions"}],"predecessor-version":[{"id":144797,"href":"https:\/\/www.ekoenergy.org\/cs\/wp-json\/wp\/v2\/pages\/4069\/revisions\/144797"}],"up":[{"embeddable":true,"href":"https:\/\/www.ekoenergy.org\/cs\/wp-json\/wp\/v2\/pages\/25296"}],"wp:featuredmedia":[{"embeddable":true,"href":"https:\/\/www.ekoenergy.org\/cs\/wp-json\/wp\/v2\/media\/71228"}],"wp:attachment":[{"href":"https:\/\/www.ekoenergy.org\/cs\/wp-json\/wp\/v2\/media?parent=4069"}],"curies":[{"name":"wp","href":"https:\/\/api.w.org\/{rel}","templated":true}]}}