{"id":4111,"date":"2019-12-04T13:37:51","date_gmt":"2019-12-04T13:37:51","guid":{"rendered":"https:\/\/www.ekoenergy.org\/ecolabel\/official-text\/ekoenergy-gas\/"},"modified":"2023-05-06T17:07:31","modified_gmt":"2023-05-06T14:07:31","slug":"ekoenergy-gas","status":"publish","type":"page","link":"https:\/\/www.ekoenergy.org\/cs\/ecolabel\/criteria\/ekoenergy-gas\/","title":{"rendered":"Obnoviteln\u00fd plyn"},"content":{"rendered":"\n<h1 class=\"wp-block-heading\">Ekozna\u010dka pro obnoviteln\u00fd plyn<\/h1>\n\n\n\n<figure class=\"wp-block-image alignright size-medium is-resized\"><img fetchpriority=\"high\" decoding=\"async\" src=\"https:\/\/www.ekoenergy.org\/wp-content\/uploads\/\/EKOenergy-logo-with-gas-flame-300x273.png\" alt=\"EKOenergy logo with gas flame\" class=\"wp-image-8099\" width=\"347\" height=\"316\" srcset=\"https:\/\/www.ekoenergy.org\/wp-content\/uploads\/EKOenergy-logo-with-gas-flame-300x273.png 300w, https:\/\/www.ekoenergy.org\/wp-content\/uploads\/EKOenergy-logo-with-gas-flame.png 564w\" sizes=\"(max-width: 347px) 100vw, 347px\" \/><\/figure>\n\n\n\n<p>Na\u0161e mezin\u00e1rodn\u011b uzn\u00e1van\u00e1 zna\u010dka kvality je taky dostupn\u00e1 pro ur\u010dit\u00e9 druhy obnoviteln\u00e9ho plynu!<\/p>\n\n\n\n<p>Na\u0161e ekozna\u010dka zaji\u0161\u0165uje, \u017ee je pro spot\u0159ebitele snadn\u00e9 vybrat si plyn, kter\u00fd m\u00e1 minim\u00e1ln\u00ed dopad na \u017eivotn\u00ed prost\u0159ed\u00ed. EKOenergi\u00ed ozna\u010den\u00fd obnoviteln\u00fd plyn je:<\/p>\n\n\n\n<ul class=\"wp-block-list\">\n<li>Bu\u010f plyn produkovan\u00fd z udr\u017eiteln\u00fdch druh\u016f biomasy, jako je nap\u0159\u00edklad bioodpad organick\u00e9 zbytky<\/li>\n\n\n\n<li>Nebo plyn z obnoviteln\u00fdch p\u0159evod\u016f energie v plyn, jako je nap\u0159\u00edklad zelen\u00fd vod\u00edk, jestli\u017ee pou\u017eit\u00e1 energie spl\u0148uje na\u0161e krit\u00e9ria obnovitelnosti.<\/li>\n<\/ul>\n\n\n\n<p>Na\u0161e zna\u010dka taky spot\u0159ebitel\u016fm pom\u00e1h\u00e1 d\u011blat toho v\u00edc:<\/p>\n\n\n\n<ul class=\"wp-block-list\">\n<li>Za ka\u017edou prodanou MWh plynu je p\u0159isp\u00edv\u00e1no alespo\u0148 0,10\u20ac do <a href=\"https:\/\/www.ekoenergy.org\/cs\/our-results\/climate-fund\/\">Klimatick\u00e9ho fondu<\/a>. Z tohoto fondu financujeme projekty pro obnovitelnou energii v rozvojov\u00fdch zem\u00edch.<\/li>\n\n\n\n<li>V\u0161ichni spot\u0159ebitel\u00e9 EKOenergie n\u00e1m taky pom\u00e1haj\u00ed s upozor\u0148ov\u00e1n\u00edm na nedostatek udr\u017eitelnosti a podporuj\u00ed obnovitelnou energii po cel\u00e9m sv\u011bt\u011b. Jako\u017eto projekt mnoha organizac\u00ed na ochranu \u017eivotn\u00edho prost\u0159ed\u00ed EKOenergie po\u0159\u00e1d\u00e1 kampan\u011b \u010dist\u00e9 energie a podporujeme legislativy \u0161etrn\u00e9 k \u017eivotn\u00edmu prost\u0159ed\u00ed.<\/li>\n\n\n\n<li>Spot\u0159ebitel\u00e9 EKOenergie taky sm\u00ed pou\u017e\u00edt na\u0161e logo. T\u00edmto zp\u016fsobem mohou podpo\u0159it dal\u0161\u00ed, aby taky p\u0159e\u0161li na obnoviteln\u00fd plyn a zrychlit tak p\u0159echod na 100% obnovitelnou energii. V\u00edce si lze p\u0159e\u010d\u00edst na str\u00e1nce <a href=\"https:\/\/www.ekoenergy.org\/extras\/logo\/\">EKOenergy\u2019s brand book<\/a>.<\/li>\n<\/ul>\n\n\n\n<p>EKOenergie m\u00e1 taky krit\u00e9ria ohledn\u011b <a href=\"https:\/\/www.ekoenergy.org\/cs\/ecolabel\/criteria\/tracking\/\">sledov\u00e1n\u00ed p\u016fvodu obnoviteln\u00e9ho plynu<\/a> a pro vyh\u00fdb\u00e1n\u00ed se dvoj\u00edmu za\u00fa\u010dten\u00ed.<\/p>\n\n\n\n<p>M\u00e1te z\u00e1jem o EKOenergi\u00ed ozna\u010den\u00fd plyn ve va\u0161\u00ed zemi?<a href=\"https:\/\/www.ekoenergy.org\/cs\/about-us\/contact-us\/\"> Kontaktujte n\u00e1s<\/a> pro v\u00edc informac\u00ed!<\/p>\n\n\n\n<h2 class=\"wp-block-heading\" id=\"criteria\">Krit\u00e9ria EKOenergie pro udr\u017eiteln\u00fd plyn<\/h2>\n\n\n\n<ul class=\"wp-block-list\">\n<li>EN: <a href=\"https:\/\/www.ekoenergy.org\/wp-content\/uploads\/EKOenergy-Criteria-for-Renewable-Gas-English.pdf\" target=\"_blank\" rel=\"noreferrer noopener\">EKOenergy\u2019s criteria for renewable gas<\/a> (pdf)<\/li>\n\n\n\n<li>DE:&nbsp;<a href=\"https:\/\/www.ekoenergy.org\/wp-content\/uploads\/EKOenergy_Criteria_Renewable_Gas_German.pdf\" target=\"_blank\" rel=\"noreferrer noopener\">EKOenergies Kriterien f\u00fcr erneuerbares Gas<\/a> (pdf)<\/li>\n\n\n\n<li>ES:&nbsp;<a href=\"https:\/\/www.ekoenergy.org\/wp-content\/uploads\/EKOenergy_Criteria-Renewable_Gas_Spanish.pdf\" target=\"_blank\" rel=\"noreferrer noopener\">Criterios est\u00e1ndar de EKOenerg\u00eda para gas renovable<\/a> (pdf)<\/li>\n\n\n\n<li>FI: <a href=\"https:\/\/www.ekoenergy.org\/wp-content\/uploads\/EKOenergy-criteria-renewable-gas-Finnish.pdf\" target=\"_blank\" rel=\"noreferrer noopener\">EKOenergian kriteerit uusiutuvalle kaasulle<\/a> (pdf)<\/li>\n\n\n\n<li>FR: <a href=\"https:\/\/www.ekoenergy.org\/wp-content\/uploads\/EKOenergy_Criteria_for_Renewable_Gas_French.pdf\" target=\"_blank\" rel=\"noreferrer noopener\">Les crit\u00e8res d\u2019EKO\u00e9nergie pour le gaz renouvelable<\/a> (pdf)<\/li>\n\n\n\n<li>IT: <a href=\"https:\/\/www.ekoenergy.org\/wp-content\/uploads\/EKOenergy-criteria-renewable-gas-Italian.pdf\" target=\"_blank\" rel=\"noreferrer noopener\">Criteri EKOenergy per il gas rinnovabile<\/a> (pdf)<\/li>\n\n\n\n<li>RU: <a href=\"https:\/\/www.ekoenergy.org\/wp-content\/uploads\/EKOenergy_Criteria_for_Renewable_Gas_Russian.pdf\" target=\"_blank\" rel=\"noreferrer noopener\">\u041a\u0440\u0438\u0442\u0435\u0440\u0438\u0438 \u042d\u041a\u041e\u044d\u043d\u0435\u0440\u0433\u0438\u0438 \u0434\u043b\u044f \u0432\u043e\u0437\u043e\u0431\u043d\u043e\u0432\u043b\u044f\u0435\u043c\u043e\u0433\u043e \u0433\u0430\u0437\u0430<\/a> (pdf)<\/li>\n<\/ul>\n\n\n\n<h2 class=\"wp-block-heading\" id=\"materials\">Let\u00e1k<\/h2>\n\n\n\n<ul class=\"wp-block-list\">\n<li>EN: <a href=\"https:\/\/www.ekoenergy.org\/wp-content\/uploads\/Leaflet_EKOenergy_Gas_English.pdf\" target=\"_blank\" rel=\"noreferrer noopener\">Leaflet \u201cSustainable renewable gas which helps make an extra positive impact\u201d<\/a> (pdf)<\/li>\n<\/ul>\n","protected":false},"excerpt":{"rendered":"<p>Ekozna\u010dka pro obnoviteln\u00fd plyn Na\u0161e mezin\u00e1rodn\u011b uzn\u00e1van\u00e1 zna\u010dka kvality je taky dostupn\u00e1 pro ur\u010dit\u00e9 druhy obnoviteln\u00e9ho plynu! Na\u0161e ekozna\u010dka zaji\u0161\u0165uje, \u017ee je pro spot\u0159ebitele snadn\u00e9 vybrat si plyn, kter\u00fd m\u00e1 minim\u00e1ln\u00ed dopad na \u017eivotn\u00ed prost\u0159ed\u00ed. EKOenergi\u00ed ozna\u010den\u00fd obnoviteln\u00fd plyn je: Na\u0161e zna\u010dka taky spot\u0159ebitel\u016fm pom\u00e1h\u00e1 d\u011blat toho v\u00edc: EKOenergie m\u00e1 taky krit\u00e9ria ohledn\u011b sledov\u00e1n\u00ed p\u016fvodu [&hellip;]<\/p>\n","protected":false},"author":17,"featured_media":28529,"parent":25296,"menu_order":3,"comment_status":"closed","ping_status":"closed","template":"","meta":{"inline_featured_image":false,"_uag_custom_page_level_css":"","site-sidebar-layout":"default","site-content-layout":"default","ast-site-content-layout":"default","site-content-style":"default","site-sidebar-style":"default","ast-global-header-display":"","ast-banner-title-visibility":"","ast-main-header-display":"","ast-hfb-above-header-display":"","ast-hfb-below-header-display":"","ast-hfb-mobile-header-display":"","site-post-title":"disabled","ast-breadcrumbs-content":"","ast-featured-img":"","footer-sml-layout":"","ast-disable-related-posts":"","theme-transparent-header-meta":"default","adv-header-id-meta":"","stick-header-meta":"default","header-above-stick-meta":"","header-main-stick-meta":"","header-below-stick-meta":"","astra-migrate-meta-layouts":"default","ast-page-background-enabled":"default","ast-page-background-meta":{"desktop":{"background-color":"","background-image":"","background-repeat":"repeat","background-position":"center center","background-size":"auto","background-attachment":"scroll","background-type":"","background-media":"","overlay-type":"","overlay-color":"","overlay-opacity":"","overlay-gradient":""},"tablet":{"background-color":"","background-image":"","background-repeat":"repeat","background-position":"center center","background-size":"auto","background-attachment":"scroll","background-type":"","background-media":"","overlay-type":"","overlay-color":"","overlay-opacity":"","overlay-gradient":""},"mobile":{"background-color":"","background-image":"","background-repeat":"repeat","background-position":"center center","background-size":"auto","background-attachment":"scroll","background-type":"","background-media":"","overlay-type":"","overlay-color":"","overlay-opacity":"","overlay-gradient":""}},"ast-content-background-meta":{"desktop":{"background-color":"var(--ast-global-color-5)","background-image":"","background-repeat":"repeat","background-position":"center center","background-size":"auto","background-attachment":"scroll","background-type":"","background-media":"","overlay-type":"","overlay-color":"","overlay-opacity":"","overlay-gradient":""},"tablet":{"background-color":"var(--ast-global-color-5)","background-image":"","background-repeat":"repeat","background-position":"center center","background-size":"auto","background-attachment":"scroll","background-type":"","background-media":"","overlay-type":"","overlay-color":"","overlay-opacity":"","overlay-gradient":""},"mobile":{"background-color":"var(--ast-global-color-5)","background-image":"","background-repeat":"repeat","background-position":"center center","background-size":"auto","background-attachment":"scroll","background-type":"","background-media":"","overlay-type":"","overlay-color":"","overlay-opacity":"","overlay-gradient":""}},"footnotes":""},"class_list":["post-4111","page","type-page","status-publish","has-post-thumbnail","hentry"],"yoast_head":"<!-- This site is optimized with the Yoast SEO plugin v27.3 - https:\/\/yoast.com\/product\/yoast-seo-wordpress\/ -->\n<title>Obnoviteln\u00fd plyn - EKOenergy ecolabel<\/title>\n<meta name=\"description\" content=\"Na\u0161e mezin\u00e1rodn\u011b uzn\u00e1van\u00e1 zna\u010dka kvality je taky dostupn\u00e1 pro ur\u010dit\u00e9 druhy obnoviteln\u00e9ho plynu!\" \/>\n<meta name=\"robots\" content=\"index, follow, max-snippet:-1, max-image-preview:large, max-video-preview:-1\" \/>\n<link rel=\"canonical\" href=\"https:\/\/www.ekoenergy.org\/cs\/ecolabel\/criteria\/ekoenergy-gas\/\" \/>\n<meta property=\"og:locale\" content=\"cs_CZ\" \/>\n<meta property=\"og:type\" content=\"article\" \/>\n<meta property=\"og:title\" content=\"Obnoviteln\u00fd plyn - EKOenergy ecolabel\" \/>\n<meta property=\"og:description\" content=\"Na\u0161e mezin\u00e1rodn\u011b uzn\u00e1van\u00e1 zna\u010dka kvality je taky dostupn\u00e1 pro ur\u010dit\u00e9 druhy obnoviteln\u00e9ho plynu!\" \/>\n<meta property=\"og:url\" content=\"https:\/\/www.ekoenergy.org\/cs\/ecolabel\/criteria\/ekoenergy-gas\/\" \/>\n<meta property=\"og:site_name\" content=\"EKOenergy ecolabel\" \/>\n<meta property=\"article:publisher\" content=\"https:\/\/www.facebook.com\/EKOenergy.ecolabel\/\" \/>\n<meta property=\"article:modified_time\" content=\"2023-05-06T14:07:31+00:00\" \/>\n<meta property=\"og:image\" content=\"https:\/\/www.ekoenergy.org\/wp-content\/uploads\/Featured-Gas.jpg\" \/>\n\t<meta property=\"og:image:width\" content=\"1200\" \/>\n\t<meta property=\"og:image:height\" content=\"600\" \/>\n\t<meta property=\"og:image:type\" content=\"image\/jpeg\" \/>\n<meta name=\"twitter:card\" content=\"summary_large_image\" \/>\n<meta name=\"twitter:site\" content=\"@EKOenergy_\" \/>\n<meta name=\"twitter:label1\" content=\"Odhadovan\u00e1 doba \u010dten\u00ed\" \/>\n\t<meta name=\"twitter:data1\" content=\"2 minuty\" \/>\n<script type=\"application\/ld+json\" class=\"yoast-schema-graph\">{\"@context\":\"https:\\\/\\\/schema.org\",\"@graph\":[{\"@type\":\"WebPage\",\"@id\":\"https:\\\/\\\/www.ekoenergy.org\\\/cs\\\/ecolabel\\\/criteria\\\/ekoenergy-gas\\\/\",\"url\":\"https:\\\/\\\/www.ekoenergy.org\\\/cs\\\/ecolabel\\\/criteria\\\/ekoenergy-gas\\\/\",\"name\":\"Obnoviteln\u00fd plyn - EKOenergy ecolabel\",\"isPartOf\":{\"@id\":\"https:\\\/\\\/www.ekoenergy.org\\\/cs\\\/#website\"},\"primaryImageOfPage\":{\"@id\":\"https:\\\/\\\/www.ekoenergy.org\\\/cs\\\/ecolabel\\\/criteria\\\/ekoenergy-gas\\\/#primaryimage\"},\"image\":{\"@id\":\"https:\\\/\\\/www.ekoenergy.org\\\/cs\\\/ecolabel\\\/criteria\\\/ekoenergy-gas\\\/#primaryimage\"},\"thumbnailUrl\":\"https:\\\/\\\/www.ekoenergy.org\\\/wp-content\\\/uploads\\\/Featured-Gas.jpg\",\"datePublished\":\"2019-12-04T13:37:51+00:00\",\"dateModified\":\"2023-05-06T14:07:31+00:00\",\"description\":\"Na\u0161e mezin\u00e1rodn\u011b uzn\u00e1van\u00e1 zna\u010dka kvality je taky dostupn\u00e1 pro ur\u010dit\u00e9 druhy obnoviteln\u00e9ho plynu!\",\"breadcrumb\":{\"@id\":\"https:\\\/\\\/www.ekoenergy.org\\\/cs\\\/ecolabel\\\/criteria\\\/ekoenergy-gas\\\/#breadcrumb\"},\"inLanguage\":\"cs\",\"potentialAction\":[{\"@type\":\"ReadAction\",\"target\":[\"https:\\\/\\\/www.ekoenergy.org\\\/cs\\\/ecolabel\\\/criteria\\\/ekoenergy-gas\\\/\"]}]},{\"@type\":\"ImageObject\",\"inLanguage\":\"cs\",\"@id\":\"https:\\\/\\\/www.ekoenergy.org\\\/cs\\\/ecolabel\\\/criteria\\\/ekoenergy-gas\\\/#primaryimage\",\"url\":\"https:\\\/\\\/www.ekoenergy.org\\\/wp-content\\\/uploads\\\/Featured-Gas.jpg\",\"contentUrl\":\"https:\\\/\\\/www.ekoenergy.org\\\/wp-content\\\/uploads\\\/Featured-Gas.jpg\",\"width\":1200,\"height\":600},{\"@type\":\"BreadcrumbList\",\"@id\":\"https:\\\/\\\/www.ekoenergy.org\\\/cs\\\/ecolabel\\\/criteria\\\/ekoenergy-gas\\\/#breadcrumb\",\"itemListElement\":[{\"@type\":\"ListItem\",\"position\":1,\"name\":\"Home\",\"item\":\"https:\\\/\\\/www.ekoenergy.org\\\/cs\\\/\"},{\"@type\":\"ListItem\",\"position\":2,\"name\":\"Na\u0161e ekozna\u010dka\",\"item\":\"https:\\\/\\\/www.ekoenergy.org\\\/cs\\\/ecolabel\\\/\"},{\"@type\":\"ListItem\",\"position\":3,\"name\":\"Krit\u00e9ria EKOenergie\",\"item\":\"https:\\\/\\\/www.ekoenergy.org\\\/cs\\\/ecolabel\\\/criteria\\\/\"},{\"@type\":\"ListItem\",\"position\":4,\"name\":\"Obnoviteln\u00fd plyn\"}]},{\"@type\":\"WebSite\",\"@id\":\"https:\\\/\\\/www.ekoenergy.org\\\/cs\\\/#website\",\"url\":\"https:\\\/\\\/www.ekoenergy.org\\\/cs\\\/\",\"name\":\"EKOenergy ecolabel\",\"description\":\"The global nonprofit ecolabel for renewable energy\",\"publisher\":{\"@id\":\"https:\\\/\\\/www.ekoenergy.org\\\/cs\\\/#organization\"},\"potentialAction\":[{\"@type\":\"SearchAction\",\"target\":{\"@type\":\"EntryPoint\",\"urlTemplate\":\"https:\\\/\\\/www.ekoenergy.org\\\/cs\\\/?s={search_term_string}\"},\"query-input\":{\"@type\":\"PropertyValueSpecification\",\"valueRequired\":true,\"valueName\":\"search_term_string\"}}],\"inLanguage\":\"cs\"},{\"@type\":\"Organization\",\"@id\":\"https:\\\/\\\/www.ekoenergy.org\\\/cs\\\/#organization\",\"name\":\"Not-for-profit Organisation EKOenergy\",\"url\":\"https:\\\/\\\/www.ekoenergy.org\\\/cs\\\/\",\"logo\":{\"@type\":\"ImageObject\",\"inLanguage\":\"cs\",\"@id\":\"https:\\\/\\\/www.ekoenergy.org\\\/cs\\\/#\\\/schema\\\/logo\\\/image\\\/\",\"url\":\"https:\\\/\\\/www.ekoenergy.org\\\/wp-content\\\/uploads\\\/logo-EKOenergy-no-text.jpg\",\"contentUrl\":\"https:\\\/\\\/www.ekoenergy.org\\\/wp-content\\\/uploads\\\/logo-EKOenergy-no-text.jpg\",\"width\":1600,\"height\":1600,\"caption\":\"Not-for-profit Organisation EKOenergy\"},\"image\":{\"@id\":\"https:\\\/\\\/www.ekoenergy.org\\\/cs\\\/#\\\/schema\\\/logo\\\/image\\\/\"},\"sameAs\":[\"https:\\\/\\\/www.facebook.com\\\/EKOenergy.ecolabel\\\/\",\"https:\\\/\\\/x.com\\\/EKOenergy_\",\"https:\\\/\\\/www.instagram.com\\\/ekoenergy\\\/\",\"https:\\\/\\\/www.linkedin.com\\\/company\\\/ekoenergy-ecolabel\\\/\",\"https:\\\/\\\/www.youtube.com\\\/EKOenergy-ecolabel\",\"https:\\\/\\\/en.wikipedia.org\\\/wiki\\\/EKOenergy\"]}]}<\/script>\n<!-- \/ Yoast SEO plugin. -->","yoast_head_json":{"title":"Obnoviteln\u00fd plyn - EKOenergy ecolabel","description":"Na\u0161e mezin\u00e1rodn\u011b uzn\u00e1van\u00e1 zna\u010dka kvality je taky dostupn\u00e1 pro ur\u010dit\u00e9 druhy obnoviteln\u00e9ho plynu!","robots":{"index":"index","follow":"follow","max-snippet":"max-snippet:-1","max-image-preview":"max-image-preview:large","max-video-preview":"max-video-preview:-1"},"canonical":"https:\/\/www.ekoenergy.org\/cs\/ecolabel\/criteria\/ekoenergy-gas\/","og_locale":"cs_CZ","og_type":"article","og_title":"Obnoviteln\u00fd plyn - EKOenergy ecolabel","og_description":"Na\u0161e mezin\u00e1rodn\u011b uzn\u00e1van\u00e1 zna\u010dka kvality je taky dostupn\u00e1 pro ur\u010dit\u00e9 druhy obnoviteln\u00e9ho plynu!","og_url":"https:\/\/www.ekoenergy.org\/cs\/ecolabel\/criteria\/ekoenergy-gas\/","og_site_name":"EKOenergy ecolabel","article_publisher":"https:\/\/www.facebook.com\/EKOenergy.ecolabel\/","article_modified_time":"2023-05-06T14:07:31+00:00","og_image":[{"width":1200,"height":600,"url":"https:\/\/www.ekoenergy.org\/wp-content\/uploads\/Featured-Gas.jpg","type":"image\/jpeg"}],"twitter_card":"summary_large_image","twitter_site":"@EKOenergy_","twitter_misc":{"Odhadovan\u00e1 doba \u010dten\u00ed":"2 minuty"},"schema":{"@context":"https:\/\/schema.org","@graph":[{"@type":"WebPage","@id":"https:\/\/www.ekoenergy.org\/cs\/ecolabel\/criteria\/ekoenergy-gas\/","url":"https:\/\/www.ekoenergy.org\/cs\/ecolabel\/criteria\/ekoenergy-gas\/","name":"Obnoviteln\u00fd plyn - EKOenergy ecolabel","isPartOf":{"@id":"https:\/\/www.ekoenergy.org\/cs\/#website"},"primaryImageOfPage":{"@id":"https:\/\/www.ekoenergy.org\/cs\/ecolabel\/criteria\/ekoenergy-gas\/#primaryimage"},"image":{"@id":"https:\/\/www.ekoenergy.org\/cs\/ecolabel\/criteria\/ekoenergy-gas\/#primaryimage"},"thumbnailUrl":"https:\/\/www.ekoenergy.org\/wp-content\/uploads\/Featured-Gas.jpg","datePublished":"2019-12-04T13:37:51+00:00","dateModified":"2023-05-06T14:07:31+00:00","description":"Na\u0161e mezin\u00e1rodn\u011b uzn\u00e1van\u00e1 zna\u010dka kvality je taky dostupn\u00e1 pro ur\u010dit\u00e9 druhy obnoviteln\u00e9ho plynu!","breadcrumb":{"@id":"https:\/\/www.ekoenergy.org\/cs\/ecolabel\/criteria\/ekoenergy-gas\/#breadcrumb"},"inLanguage":"cs","potentialAction":[{"@type":"ReadAction","target":["https:\/\/www.ekoenergy.org\/cs\/ecolabel\/criteria\/ekoenergy-gas\/"]}]},{"@type":"ImageObject","inLanguage":"cs","@id":"https:\/\/www.ekoenergy.org\/cs\/ecolabel\/criteria\/ekoenergy-gas\/#primaryimage","url":"https:\/\/www.ekoenergy.org\/wp-content\/uploads\/Featured-Gas.jpg","contentUrl":"https:\/\/www.ekoenergy.org\/wp-content\/uploads\/Featured-Gas.jpg","width":1200,"height":600},{"@type":"BreadcrumbList","@id":"https:\/\/www.ekoenergy.org\/cs\/ecolabel\/criteria\/ekoenergy-gas\/#breadcrumb","itemListElement":[{"@type":"ListItem","position":1,"name":"Home","item":"https:\/\/www.ekoenergy.org\/cs\/"},{"@type":"ListItem","position":2,"name":"Na\u0161e ekozna\u010dka","item":"https:\/\/www.ekoenergy.org\/cs\/ecolabel\/"},{"@type":"ListItem","position":3,"name":"Krit\u00e9ria EKOenergie","item":"https:\/\/www.ekoenergy.org\/cs\/ecolabel\/criteria\/"},{"@type":"ListItem","position":4,"name":"Obnoviteln\u00fd plyn"}]},{"@type":"WebSite","@id":"https:\/\/www.ekoenergy.org\/cs\/#website","url":"https:\/\/www.ekoenergy.org\/cs\/","name":"EKOenergy ecolabel","description":"The global nonprofit ecolabel for renewable energy","publisher":{"@id":"https:\/\/www.ekoenergy.org\/cs\/#organization"},"potentialAction":[{"@type":"SearchAction","target":{"@type":"EntryPoint","urlTemplate":"https:\/\/www.ekoenergy.org\/cs\/?s={search_term_string}"},"query-input":{"@type":"PropertyValueSpecification","valueRequired":true,"valueName":"search_term_string"}}],"inLanguage":"cs"},{"@type":"Organization","@id":"https:\/\/www.ekoenergy.org\/cs\/#organization","name":"Not-for-profit Organisation EKOenergy","url":"https:\/\/www.ekoenergy.org\/cs\/","logo":{"@type":"ImageObject","inLanguage":"cs","@id":"https:\/\/www.ekoenergy.org\/cs\/#\/schema\/logo\/image\/","url":"https:\/\/www.ekoenergy.org\/wp-content\/uploads\/logo-EKOenergy-no-text.jpg","contentUrl":"https:\/\/www.ekoenergy.org\/wp-content\/uploads\/logo-EKOenergy-no-text.jpg","width":1600,"height":1600,"caption":"Not-for-profit Organisation EKOenergy"},"image":{"@id":"https:\/\/www.ekoenergy.org\/cs\/#\/schema\/logo\/image\/"},"sameAs":["https:\/\/www.facebook.com\/EKOenergy.ecolabel\/","https:\/\/x.com\/EKOenergy_","https:\/\/www.instagram.com\/ekoenergy\/","https:\/\/www.linkedin.com\/company\/ekoenergy-ecolabel\/","https:\/\/www.youtube.com\/EKOenergy-ecolabel","https:\/\/en.wikipedia.org\/wiki\/EKOenergy"]}]}},"uagb_featured_image_src":{"full":["https:\/\/www.ekoenergy.org\/wp-content\/uploads\/Featured-Gas.jpg",1200,600,false],"thumbnail":["https:\/\/www.ekoenergy.org\/wp-content\/uploads\/Featured-Gas-150x150.jpg",150,150,true],"medium":["https:\/\/www.ekoenergy.org\/wp-content\/uploads\/Featured-Gas-320x160.jpg",320,160,true],"medium_large":["https:\/\/www.ekoenergy.org\/wp-content\/uploads\/Featured-Gas-768x384.jpg",768,384,true],"large":["https:\/\/www.ekoenergy.org\/wp-content\/uploads\/Featured-Gas-1024x512.jpg",1024,512,true],"1536x1536":["https:\/\/www.ekoenergy.org\/wp-content\/uploads\/Featured-Gas.jpg",1200,600,false],"2048x2048":["https:\/\/www.ekoenergy.org\/wp-content\/uploads\/Featured-Gas.jpg",1200,600,false]},"uagb_author_info":{"display_name":"EKOenergy ecolabel","author_link":"https:\/\/www.ekoenergy.org\/cs\/author\/ekoenergy\/"},"uagb_comment_info":0,"uagb_excerpt":"Ekozna\u010dka pro obnoviteln\u00fd plyn Na\u0161e mezin\u00e1rodn\u011b uzn\u00e1van\u00e1 zna\u010dka kvality je taky dostupn\u00e1 pro ur\u010dit\u00e9 druhy obnoviteln\u00e9ho plynu! Na\u0161e ekozna\u010dka zaji\u0161\u0165uje, \u017ee je pro spot\u0159ebitele snadn\u00e9 vybrat si plyn, kter\u00fd m\u00e1 minim\u00e1ln\u00ed dopad na \u017eivotn\u00ed prost\u0159ed\u00ed. EKOenergi\u00ed ozna\u010den\u00fd obnoviteln\u00fd plyn je: Na\u0161e zna\u010dka taky spot\u0159ebitel\u016fm pom\u00e1h\u00e1 d\u011blat toho v\u00edc: EKOenergie m\u00e1 taky krit\u00e9ria ohledn\u011b sledov\u00e1n\u00ed p\u016fvodu&hellip;","_links":{"self":[{"href":"https:\/\/www.ekoenergy.org\/cs\/wp-json\/wp\/v2\/pages\/4111","targetHints":{"allow":["GET"]}}],"collection":[{"href":"https:\/\/www.ekoenergy.org\/cs\/wp-json\/wp\/v2\/pages"}],"about":[{"href":"https:\/\/www.ekoenergy.org\/cs\/wp-json\/wp\/v2\/types\/page"}],"author":[{"embeddable":true,"href":"https:\/\/www.ekoenergy.org\/cs\/wp-json\/wp\/v2\/users\/17"}],"replies":[{"embeddable":true,"href":"https:\/\/www.ekoenergy.org\/cs\/wp-json\/wp\/v2\/comments?post=4111"}],"version-history":[{"count":3,"href":"https:\/\/www.ekoenergy.org\/cs\/wp-json\/wp\/v2\/pages\/4111\/revisions"}],"predecessor-version":[{"id":142840,"href":"https:\/\/www.ekoenergy.org\/cs\/wp-json\/wp\/v2\/pages\/4111\/revisions\/142840"}],"up":[{"embeddable":true,"href":"https:\/\/www.ekoenergy.org\/cs\/wp-json\/wp\/v2\/pages\/25296"}],"wp:featuredmedia":[{"embeddable":true,"href":"https:\/\/www.ekoenergy.org\/cs\/wp-json\/wp\/v2\/media\/28529"}],"wp:attachment":[{"href":"https:\/\/www.ekoenergy.org\/cs\/wp-json\/wp\/v2\/media?parent=4111"}],"curies":[{"name":"wp","href":"https:\/\/api.w.org\/{rel}","templated":true}]}}