{"id":100283,"date":"2021-08-11T18:05:27","date_gmt":"2021-08-11T15:05:27","guid":{"rendered":"https:\/\/www.ekoenergy.org\/?page_id=100283"},"modified":"2025-08-08T16:27:48","modified_gmt":"2025-08-08T13:27:48","slug":"governance-and-decision-making","status":"publish","type":"page","link":"https:\/\/www.ekoenergy.org\/de\/about-us\/governance-and-decision-making\/","title":{"rendered":"Leitungsstruktur"},"content":{"rendered":"\n<h2 class=\"wp-block-heading\">Eine non-profit Initiative von Umwelt-NGOs <\/h2>\n\n\n\n<figure class=\"wp-block-image alignright size-medium\"><img fetchpriority=\"high\" decoding=\"async\" width=\"320\" height=\"193\" src=\"https:\/\/www.ekoenergy.org\/wp-content\/uploads\/\/Meeting-Pixabay-RonaldCandonga-Featured-Image-Governance-320x193.jpg\" alt=\"\" class=\"wp-image-100404\" srcset=\"https:\/\/www.ekoenergy.org\/wp-content\/uploads\/Meeting-Pixabay-RonaldCandonga-Featured-Image-Governance-320x193.jpg 320w, https:\/\/www.ekoenergy.org\/wp-content\/uploads\/Meeting-Pixabay-RonaldCandonga-Featured-Image-Governance-1024x617.jpg 1024w, https:\/\/www.ekoenergy.org\/wp-content\/uploads\/Meeting-Pixabay-RonaldCandonga-Featured-Image-Governance-768x463.jpg 768w, https:\/\/www.ekoenergy.org\/wp-content\/uploads\/Meeting-Pixabay-RonaldCandonga-Featured-Image-Governance.jpg 1280w\" sizes=\"(max-width: 320px) 100vw, 320px\" \/><\/figure>\n\n\n\n<p>EKOenergie ist eine internationale non-profit Initiative der <a href=\"https:\/\/www.sll.fi\/en\" target=\"_blank\" rel=\"noreferrer noopener\">Finnish Association for Nature Conservation<\/a> und wird in Partnerschaft mit vielen weiteren Umweltorganisationen weiterentwickelt und verwaltet. Die Finnish Association for Nature Conservation ist die gr\u00f6\u00dfte Umwelt-NGO in Finnland.<\/p>\n\n\n\n<p>EKOenergie arbeitet eng mit anderen internationalen Organisationen, wie Climate Action Network International, Climate Action Network Europe, EEB and IRENA Coalition for Action, zusammen.<\/p>\n\n\n\n<h2 class=\"wp-block-heading\">Beschlussfassung <\/h2>\n\n\n\n<p>Entscheidungen bez\u00fcglich EKOenergies-Kriterien und EKOenergies Klima- und Umweltfonds: <\/p>\n\n\n\n<ul class=\"wp-block-list\">\n<li>Basieren auf Beratung und R\u00fccksprache mit allen relevanten Interessengruppen.<\/li>\n\n\n\n<li>Werden von EKOenergies Steering Group getroffen, welche vom Vorstand der Finnish Association for Nature Conservation ernannt wird.<\/li>\n\n\n\n<li>Treten dann in Kraft, wenn sie von EKOenergies internationalem Vorstand genehmigt werden, der, wie im Kapitel 3 des Dokuments <a href=\"https:\/\/www.ekoenergy.org\/de\/ecolabel\/criteria\/electricity\/\" target=\"_blank\" rel=\"noreferrer noopener\">EKOenergy &#8211; Governance structure and criteria for electricity<\/a> beschrieben, aus Umwelt- und nicht-Regierungsorganisationen besteht.<\/li>\n<\/ul>\n\n\n\n<p>Die Organisationen, die aktuell in EKOenergies internationalem Vorstand stimmberechtigt sind, sind:<\/p>\n\n\n\n<ul class=\"wp-block-list\">\n<li>Bariq 21, Algerien<\/li>\n\n\n\n<li>Bluelink, Bulgarien&nbsp;<\/li>\n\n\n\n<li>Center for Sustainability and Advanced Education, Nord Mazedonien<\/li>\n\n\n\n<li>Ecocity, Griechenland<\/li>\n\n\n\n<li>Ecoserveis, Spanien<\/li>\n\n\n\n<li>Estonian Fund for Nature, Estland<\/li>\n\n\n\n<li>Energiaklub, Ungarn <\/li>\n\n\n\n<li>Forum for Civic Initiatives (FIQ), Kosovo<\/li>\n\n\n\n<li>Good Energies Alliance Ireland, Irland<\/li>\n\n\n\n<li>Institute for Environmental Policy, Albanien<\/li>\n\n\n\n<li>Institute for Nature Conservation in Albania, Albanien<\/li>\n\n\n\n<li>KADOS, T\u00fcrkei<\/li>\n\n\n\n<li>Latvian Fund for Nature (LDF), Lettland<\/li>\n\n\n\n<li>National Energy Foundation, Vereinigtes K\u00f6nigreich<\/li>\n\n\n\n<li>Observ&#8217;ER, Frankreich<\/li>\n\n\n\n<li>Prijatelji prirode Eko Element, Bosnien-Herzegowina<\/li>\n\n\n\n<li>Quercus, Portugal<\/li>\n\n\n\n<li>Spectri, Georgien<\/li>\n\n\n\n<li>Terre des Jeunes Nord-Ouest Cameroun, Kamerun <\/li>\n\n\n\n<li>Vindhyan Ecology and Natural History Foundation, Indien<\/li>\n\n\n\n<li>&nbsp;Wise, Niederlande&nbsp;<\/li>\n\n\n\n<li>&nbsp;Za\u013c\u0101 br\u012bv\u012bba&nbsp;&#8211; Green Liberty, Lettland<\/li>\n<\/ul>\n\n\n\n<p>In der Vorbereitung auf Entscheidungen beziehen wir aktiv Experten unterschiedlicher Hintergr\u00fcnde ein. Neben unserer allgemeinen Beratungsgruppe haben wir auch eine Jury aus Experten f\u00fcr die Auswahl von Klimafondsprojekten, eine Jury f\u00fcr die Auswahl von Umweltfondsprojekten und ebenso gelegentliche Arbeitsgruppen, die sich mit spezifischen Themen befassen.<\/p>\n\n\n\n<p>Wenn Sie einer unserer Beratungsgruppen beitreten m\u00f6chten, kontaktieren Sie uns bitte unter <a href=\"mailto:info@ekoenergy.org\" target=\"_blank\" rel=\"noreferrer noopener\">info@ekoenergy.org<\/a>.<\/p>\n\n\n\n<h2 class=\"wp-block-heading\">Sekretariat und Verwaltung<\/h2>\n\n\n\n<p><a href=\"https:\/\/www.ekoenergy.org\/de\/about-us\/contact-us\/\">Das EKOenergie-Sekretariat<\/a> ist in der Environmental Protection Unit der Finnish Association for Nature Conservation eingebettet. Unsere Buchhaltung ist Teil der Buchhaltung der Finnish Association for Nature Conservation und wird j\u00e4hrlich von externen Buchhaltern gepr\u00fcft.<\/p>\n\n\n\n<p><\/p>\n","protected":false},"excerpt":{"rendered":"<p>Eine non-profit Initiative von Umwelt-NGOs EKOenergie ist eine internationale non-profit Initiative der Finnish Association for Nature Conservation und wird in Partnerschaft mit vielen weiteren Umweltorganisationen weiterentwickelt und verwaltet. Die Finnish Association for Nature Conservation ist die gr\u00f6\u00dfte Umwelt-NGO in Finnland. EKOenergie arbeitet eng mit anderen internationalen Organisationen, wie Climate Action Network International, Climate Action Network [&hellip;]<\/p>\n","protected":false},"author":2,"featured_media":100413,"parent":2529,"menu_order":2,"comment_status":"closed","ping_status":"closed","template":"","meta":{"inline_featured_image":false,"_uag_custom_page_level_css":"","site-sidebar-layout":"default","site-content-layout":"default","ast-site-content-layout":"default","site-content-style":"default","site-sidebar-style":"default","ast-global-header-display":"","ast-banner-title-visibility":"","ast-main-header-display":"","ast-hfb-above-header-display":"","ast-hfb-below-header-display":"","ast-hfb-mobile-header-display":"","site-post-title":"","ast-breadcrumbs-content":"","ast-featured-img":"","footer-sml-layout":"","ast-disable-related-posts":"","theme-transparent-header-meta":"default","adv-header-id-meta":"","stick-header-meta":"default","header-above-stick-meta":"","header-main-stick-meta":"","header-below-stick-meta":"","astra-migrate-meta-layouts":"set","ast-page-background-enabled":"default","ast-page-background-meta":{"desktop":{"background-color":"","background-image":"","background-repeat":"repeat","background-position":"center center","background-size":"auto","background-attachment":"scroll","background-type":"","background-media":"","overlay-type":"","overlay-color":"","overlay-opacity":"","overlay-gradient":""},"tablet":{"background-color":"","background-image":"","background-repeat":"repeat","background-position":"center center","background-size":"auto","background-attachment":"scroll","background-type":"","background-media":"","overlay-type":"","overlay-color":"","overlay-opacity":"","overlay-gradient":""},"mobile":{"background-color":"","background-image":"","background-repeat":"repeat","background-position":"center center","background-size":"auto","background-attachment":"scroll","background-type":"","background-media":"","overlay-type":"","overlay-color":"","overlay-opacity":"","overlay-gradient":""}},"ast-content-background-meta":{"desktop":{"background-color":"var(--ast-global-color-5)","background-image":"","background-repeat":"repeat","background-position":"center center","background-size":"auto","background-attachment":"scroll","background-type":"","background-media":"","overlay-type":"","overlay-color":"","overlay-opacity":"","overlay-gradient":""},"tablet":{"background-color":"var(--ast-global-color-5)","background-image":"","background-repeat":"repeat","background-position":"center center","background-size":"auto","background-attachment":"scroll","background-type":"","background-media":"","overlay-type":"","overlay-color":"","overlay-opacity":"","overlay-gradient":""},"mobile":{"background-color":"var(--ast-global-color-5)","background-image":"","background-repeat":"repeat","background-position":"center center","background-size":"auto","background-attachment":"scroll","background-type":"","background-media":"","overlay-type":"","overlay-color":"","overlay-opacity":"","overlay-gradient":""}},"footnotes":""},"class_list":["post-100283","page","type-page","status-publish","has-post-thumbnail","hentry"],"yoast_head":"<!-- This site is optimized with the Yoast SEO plugin v27.5 - https:\/\/yoast.com\/product\/yoast-seo-wordpress\/ -->\n<title>Leitungsstruktur - EKOenergy ecolabel<\/title>\n<meta name=\"description\" content=\"EKOenergy is an international initiative of the Finnish Association for Nature Conservation, launched in cooperation with other NGOs.\" \/>\n<meta name=\"robots\" content=\"index, follow, max-snippet:-1, max-image-preview:large, max-video-preview:-1\" \/>\n<link rel=\"canonical\" href=\"https:\/\/www.ekoenergy.org\/de\/about-us\/governance-and-decision-making\/\" \/>\n<meta property=\"og:locale\" content=\"de_DE\" \/>\n<meta property=\"og:type\" content=\"article\" \/>\n<meta property=\"og:title\" content=\"Leitungsstruktur - EKOenergy ecolabel\" \/>\n<meta property=\"og:description\" content=\"EKOenergy is an international initiative of the Finnish Association for Nature Conservation, launched in cooperation with other NGOs.\" \/>\n<meta property=\"og:url\" content=\"https:\/\/www.ekoenergy.org\/de\/about-us\/governance-and-decision-making\/\" \/>\n<meta property=\"og:site_name\" content=\"EKOenergy ecolabel\" \/>\n<meta property=\"article:publisher\" content=\"https:\/\/www.facebook.com\/EKOenergy.ecolabel\/\" \/>\n<meta property=\"article:modified_time\" content=\"2025-08-08T13:27:48+00:00\" \/>\n<meta property=\"og:image\" content=\"https:\/\/www.ekoenergy.org\/wp-content\/uploads\/Meeting-Pixabay-RonaldCandonga-Featured-Image-Governance.jpg\" \/>\n\t<meta property=\"og:image:width\" content=\"1280\" \/>\n\t<meta property=\"og:image:height\" content=\"771\" \/>\n\t<meta property=\"og:image:type\" content=\"image\/jpeg\" \/>\n<meta name=\"twitter:card\" content=\"summary_large_image\" \/>\n<meta name=\"twitter:site\" content=\"@EKOenergy_\" \/>\n<meta name=\"twitter:label1\" content=\"Gesch\u00e4tzte Lesezeit\" \/>\n\t<meta name=\"twitter:data1\" content=\"2\u00a0Minuten\" \/>\n<script type=\"application\/ld+json\" class=\"yoast-schema-graph\">{\"@context\":\"https:\\\/\\\/schema.org\",\"@graph\":[{\"@type\":\"WebPage\",\"@id\":\"https:\\\/\\\/www.ekoenergy.org\\\/de\\\/about-us\\\/governance-and-decision-making\\\/\",\"url\":\"https:\\\/\\\/www.ekoenergy.org\\\/de\\\/about-us\\\/governance-and-decision-making\\\/\",\"name\":\"Leitungsstruktur - EKOenergy ecolabel\",\"isPartOf\":{\"@id\":\"https:\\\/\\\/www.ekoenergy.org\\\/de\\\/#website\"},\"primaryImageOfPage\":{\"@id\":\"https:\\\/\\\/www.ekoenergy.org\\\/de\\\/about-us\\\/governance-and-decision-making\\\/#primaryimage\"},\"image\":{\"@id\":\"https:\\\/\\\/www.ekoenergy.org\\\/de\\\/about-us\\\/governance-and-decision-making\\\/#primaryimage\"},\"thumbnailUrl\":\"https:\\\/\\\/www.ekoenergy.org\\\/wp-content\\\/uploads\\\/Meeting-Pixabay-RonaldCandonga-Featured-Image-Governance.jpg\",\"datePublished\":\"2021-08-11T15:05:27+00:00\",\"dateModified\":\"2025-08-08T13:27:48+00:00\",\"description\":\"EKOenergy is an international initiative of the Finnish Association for Nature Conservation, launched in cooperation with other NGOs.\",\"breadcrumb\":{\"@id\":\"https:\\\/\\\/www.ekoenergy.org\\\/de\\\/about-us\\\/governance-and-decision-making\\\/#breadcrumb\"},\"inLanguage\":\"de\",\"potentialAction\":[{\"@type\":\"ReadAction\",\"target\":[\"https:\\\/\\\/www.ekoenergy.org\\\/de\\\/about-us\\\/governance-and-decision-making\\\/\"]}]},{\"@type\":\"ImageObject\",\"inLanguage\":\"de\",\"@id\":\"https:\\\/\\\/www.ekoenergy.org\\\/de\\\/about-us\\\/governance-and-decision-making\\\/#primaryimage\",\"url\":\"https:\\\/\\\/www.ekoenergy.org\\\/wp-content\\\/uploads\\\/Meeting-Pixabay-RonaldCandonga-Featured-Image-Governance.jpg\",\"contentUrl\":\"https:\\\/\\\/www.ekoenergy.org\\\/wp-content\\\/uploads\\\/Meeting-Pixabay-RonaldCandonga-Featured-Image-Governance.jpg\",\"width\":1280,\"height\":771},{\"@type\":\"BreadcrumbList\",\"@id\":\"https:\\\/\\\/www.ekoenergy.org\\\/de\\\/about-us\\\/governance-and-decision-making\\\/#breadcrumb\",\"itemListElement\":[{\"@type\":\"ListItem\",\"position\":1,\"name\":\"Home\",\"item\":\"https:\\\/\\\/www.ekoenergy.org\\\/de\\\/\"},{\"@type\":\"ListItem\",\"position\":2,\"name\":\"\u00dcber uns\",\"item\":\"https:\\\/\\\/www.ekoenergy.org\\\/de\\\/about-us\\\/\"},{\"@type\":\"ListItem\",\"position\":3,\"name\":\"Leitungsstruktur\"}]},{\"@type\":\"WebSite\",\"@id\":\"https:\\\/\\\/www.ekoenergy.org\\\/de\\\/#website\",\"url\":\"https:\\\/\\\/www.ekoenergy.org\\\/de\\\/\",\"name\":\"EKOenergy ecolabel\",\"description\":\"The global nonprofit ecolabel for renewable energy\",\"publisher\":{\"@id\":\"https:\\\/\\\/www.ekoenergy.org\\\/de\\\/#organization\"},\"potentialAction\":[{\"@type\":\"SearchAction\",\"target\":{\"@type\":\"EntryPoint\",\"urlTemplate\":\"https:\\\/\\\/www.ekoenergy.org\\\/de\\\/?s={search_term_string}\"},\"query-input\":{\"@type\":\"PropertyValueSpecification\",\"valueRequired\":true,\"valueName\":\"search_term_string\"}}],\"inLanguage\":\"de\"},{\"@type\":\"Organization\",\"@id\":\"https:\\\/\\\/www.ekoenergy.org\\\/de\\\/#organization\",\"name\":\"Not-for-profit Organisation EKOenergy\",\"url\":\"https:\\\/\\\/www.ekoenergy.org\\\/de\\\/\",\"logo\":{\"@type\":\"ImageObject\",\"inLanguage\":\"de\",\"@id\":\"https:\\\/\\\/www.ekoenergy.org\\\/de\\\/#\\\/schema\\\/logo\\\/image\\\/\",\"url\":\"https:\\\/\\\/www.ekoenergy.org\\\/wp-content\\\/uploads\\\/logo-EKOenergy-no-text.jpg\",\"contentUrl\":\"https:\\\/\\\/www.ekoenergy.org\\\/wp-content\\\/uploads\\\/logo-EKOenergy-no-text.jpg\",\"width\":1600,\"height\":1600,\"caption\":\"Not-for-profit Organisation EKOenergy\"},\"image\":{\"@id\":\"https:\\\/\\\/www.ekoenergy.org\\\/de\\\/#\\\/schema\\\/logo\\\/image\\\/\"},\"sameAs\":[\"https:\\\/\\\/www.facebook.com\\\/EKOenergy.ecolabel\\\/\",\"https:\\\/\\\/x.com\\\/EKOenergy_\",\"https:\\\/\\\/www.instagram.com\\\/ekoenergy\\\/\",\"https:\\\/\\\/www.linkedin.com\\\/company\\\/ekoenergy-ecolabel\\\/\",\"https:\\\/\\\/www.youtube.com\\\/EKOenergy-ecolabel\",\"https:\\\/\\\/en.wikipedia.org\\\/wiki\\\/EKOenergy\"]}]}<\/script>\n<!-- \/ Yoast SEO plugin. -->","yoast_head_json":{"title":"Leitungsstruktur - EKOenergy ecolabel","description":"EKOenergy is an international initiative of the Finnish Association for Nature Conservation, launched in cooperation with other NGOs.","robots":{"index":"index","follow":"follow","max-snippet":"max-snippet:-1","max-image-preview":"max-image-preview:large","max-video-preview":"max-video-preview:-1"},"canonical":"https:\/\/www.ekoenergy.org\/de\/about-us\/governance-and-decision-making\/","og_locale":"de_DE","og_type":"article","og_title":"Leitungsstruktur - EKOenergy ecolabel","og_description":"EKOenergy is an international initiative of the Finnish Association for Nature Conservation, launched in cooperation with other NGOs.","og_url":"https:\/\/www.ekoenergy.org\/de\/about-us\/governance-and-decision-making\/","og_site_name":"EKOenergy ecolabel","article_publisher":"https:\/\/www.facebook.com\/EKOenergy.ecolabel\/","article_modified_time":"2025-08-08T13:27:48+00:00","og_image":[{"width":1280,"height":771,"url":"https:\/\/www.ekoenergy.org\/wp-content\/uploads\/Meeting-Pixabay-RonaldCandonga-Featured-Image-Governance.jpg","type":"image\/jpeg"}],"twitter_card":"summary_large_image","twitter_site":"@EKOenergy_","twitter_misc":{"Gesch\u00e4tzte Lesezeit":"2\u00a0Minuten"},"schema":{"@context":"https:\/\/schema.org","@graph":[{"@type":"WebPage","@id":"https:\/\/www.ekoenergy.org\/de\/about-us\/governance-and-decision-making\/","url":"https:\/\/www.ekoenergy.org\/de\/about-us\/governance-and-decision-making\/","name":"Leitungsstruktur - EKOenergy ecolabel","isPartOf":{"@id":"https:\/\/www.ekoenergy.org\/de\/#website"},"primaryImageOfPage":{"@id":"https:\/\/www.ekoenergy.org\/de\/about-us\/governance-and-decision-making\/#primaryimage"},"image":{"@id":"https:\/\/www.ekoenergy.org\/de\/about-us\/governance-and-decision-making\/#primaryimage"},"thumbnailUrl":"https:\/\/www.ekoenergy.org\/wp-content\/uploads\/Meeting-Pixabay-RonaldCandonga-Featured-Image-Governance.jpg","datePublished":"2021-08-11T15:05:27+00:00","dateModified":"2025-08-08T13:27:48+00:00","description":"EKOenergy is an international initiative of the Finnish Association for Nature Conservation, launched in cooperation with other NGOs.","breadcrumb":{"@id":"https:\/\/www.ekoenergy.org\/de\/about-us\/governance-and-decision-making\/#breadcrumb"},"inLanguage":"de","potentialAction":[{"@type":"ReadAction","target":["https:\/\/www.ekoenergy.org\/de\/about-us\/governance-and-decision-making\/"]}]},{"@type":"ImageObject","inLanguage":"de","@id":"https:\/\/www.ekoenergy.org\/de\/about-us\/governance-and-decision-making\/#primaryimage","url":"https:\/\/www.ekoenergy.org\/wp-content\/uploads\/Meeting-Pixabay-RonaldCandonga-Featured-Image-Governance.jpg","contentUrl":"https:\/\/www.ekoenergy.org\/wp-content\/uploads\/Meeting-Pixabay-RonaldCandonga-Featured-Image-Governance.jpg","width":1280,"height":771},{"@type":"BreadcrumbList","@id":"https:\/\/www.ekoenergy.org\/de\/about-us\/governance-and-decision-making\/#breadcrumb","itemListElement":[{"@type":"ListItem","position":1,"name":"Home","item":"https:\/\/www.ekoenergy.org\/de\/"},{"@type":"ListItem","position":2,"name":"\u00dcber uns","item":"https:\/\/www.ekoenergy.org\/de\/about-us\/"},{"@type":"ListItem","position":3,"name":"Leitungsstruktur"}]},{"@type":"WebSite","@id":"https:\/\/www.ekoenergy.org\/de\/#website","url":"https:\/\/www.ekoenergy.org\/de\/","name":"EKOenergy ecolabel","description":"The global nonprofit ecolabel for renewable energy","publisher":{"@id":"https:\/\/www.ekoenergy.org\/de\/#organization"},"potentialAction":[{"@type":"SearchAction","target":{"@type":"EntryPoint","urlTemplate":"https:\/\/www.ekoenergy.org\/de\/?s={search_term_string}"},"query-input":{"@type":"PropertyValueSpecification","valueRequired":true,"valueName":"search_term_string"}}],"inLanguage":"de"},{"@type":"Organization","@id":"https:\/\/www.ekoenergy.org\/de\/#organization","name":"Not-for-profit Organisation EKOenergy","url":"https:\/\/www.ekoenergy.org\/de\/","logo":{"@type":"ImageObject","inLanguage":"de","@id":"https:\/\/www.ekoenergy.org\/de\/#\/schema\/logo\/image\/","url":"https:\/\/www.ekoenergy.org\/wp-content\/uploads\/logo-EKOenergy-no-text.jpg","contentUrl":"https:\/\/www.ekoenergy.org\/wp-content\/uploads\/logo-EKOenergy-no-text.jpg","width":1600,"height":1600,"caption":"Not-for-profit Organisation EKOenergy"},"image":{"@id":"https:\/\/www.ekoenergy.org\/de\/#\/schema\/logo\/image\/"},"sameAs":["https:\/\/www.facebook.com\/EKOenergy.ecolabel\/","https:\/\/x.com\/EKOenergy_","https:\/\/www.instagram.com\/ekoenergy\/","https:\/\/www.linkedin.com\/company\/ekoenergy-ecolabel\/","https:\/\/www.youtube.com\/EKOenergy-ecolabel","https:\/\/en.wikipedia.org\/wiki\/EKOenergy"]}]}},"uagb_featured_image_src":{"full":["https:\/\/www.ekoenergy.org\/wp-content\/uploads\/Meeting-Pixabay-RonaldCandonga-Featured-Image-Governance.jpg",1280,771,false],"thumbnail":["https:\/\/www.ekoenergy.org\/wp-content\/uploads\/Meeting-Pixabay-RonaldCandonga-Featured-Image-Governance-150x150.jpg",150,150,true],"medium":["https:\/\/www.ekoenergy.org\/wp-content\/uploads\/Meeting-Pixabay-RonaldCandonga-Featured-Image-Governance-320x193.jpg",320,193,true],"medium_large":["https:\/\/www.ekoenergy.org\/wp-content\/uploads\/Meeting-Pixabay-RonaldCandonga-Featured-Image-Governance-768x463.jpg",768,463,true],"large":["https:\/\/www.ekoenergy.org\/wp-content\/uploads\/Meeting-Pixabay-RonaldCandonga-Featured-Image-Governance-1024x617.jpg",1024,617,true],"1536x1536":["https:\/\/www.ekoenergy.org\/wp-content\/uploads\/Meeting-Pixabay-RonaldCandonga-Featured-Image-Governance.jpg",1280,771,false],"2048x2048":["https:\/\/www.ekoenergy.org\/wp-content\/uploads\/Meeting-Pixabay-RonaldCandonga-Featured-Image-Governance.jpg",1280,771,false]},"uagb_author_info":{"display_name":"Steven Vanholme","author_link":"https:\/\/www.ekoenergy.org\/de\/author\/svanholme\/"},"uagb_comment_info":0,"uagb_excerpt":"Eine non-profit Initiative von Umwelt-NGOs EKOenergie ist eine internationale non-profit Initiative der Finnish Association for Nature Conservation und wird in Partnerschaft mit vielen weiteren Umweltorganisationen weiterentwickelt und verwaltet. Die Finnish Association for Nature Conservation ist die gr\u00f6\u00dfte Umwelt-NGO in Finnland. EKOenergie arbeitet eng mit anderen internationalen Organisationen, wie Climate Action Network International, Climate Action Network&hellip;","_links":{"self":[{"href":"https:\/\/www.ekoenergy.org\/de\/wp-json\/wp\/v2\/pages\/100283","targetHints":{"allow":["GET"]}}],"collection":[{"href":"https:\/\/www.ekoenergy.org\/de\/wp-json\/wp\/v2\/pages"}],"about":[{"href":"https:\/\/www.ekoenergy.org\/de\/wp-json\/wp\/v2\/types\/page"}],"author":[{"embeddable":true,"href":"https:\/\/www.ekoenergy.org\/de\/wp-json\/wp\/v2\/users\/2"}],"replies":[{"embeddable":true,"href":"https:\/\/www.ekoenergy.org\/de\/wp-json\/wp\/v2\/comments?post=100283"}],"version-history":[{"count":3,"href":"https:\/\/www.ekoenergy.org\/de\/wp-json\/wp\/v2\/pages\/100283\/revisions"}],"predecessor-version":[{"id":176399,"href":"https:\/\/www.ekoenergy.org\/de\/wp-json\/wp\/v2\/pages\/100283\/revisions\/176399"}],"up":[{"embeddable":true,"href":"https:\/\/www.ekoenergy.org\/de\/wp-json\/wp\/v2\/pages\/2529"}],"wp:featuredmedia":[{"embeddable":true,"href":"https:\/\/www.ekoenergy.org\/de\/wp-json\/wp\/v2\/media\/100413"}],"wp:attachment":[{"href":"https:\/\/www.ekoenergy.org\/de\/wp-json\/wp\/v2\/media?parent=100283"}],"curies":[{"name":"wp","href":"https:\/\/api.w.org\/{rel}","templated":true}]}}