{"id":2529,"date":"2019-12-04T13:23:54","date_gmt":"2019-12-04T13:23:54","guid":{"rendered":"https:\/\/www.ekoenergy.org\/about-us\/"},"modified":"2023-12-11T13:03:07","modified_gmt":"2023-12-11T11:03:07","slug":"about-us","status":"publish","type":"page","link":"https:\/\/www.ekoenergy.org\/de\/about-us\/","title":{"rendered":"\u00dcber uns"},"content":{"rendered":"\n<h1 class=\"wp-block-heading\">\u00dcber uns<\/h1>\n\n\n\n<h2 class=\"wp-block-heading\">Unser gemeinn\u00fctzige \u00d6kolabel<\/h2>\n\n\n\n<figure class=\"wp-block-embed alignright is-type-video is-provider-youtube wp-block-embed-youtube wp-embed-aspect-16-9 wp-has-aspect-ratio\"><div class=\"wp-block-embed__wrapper\">\n<iframe title=\"EKOenergy: the renewable energy ecolabel\" width=\"500\" height=\"281\" src=\"https:\/\/www.youtube.com\/embed\/h0_1__2Qg1M?feature=oembed\" frameborder=\"0\" allow=\"accelerometer; autoplay; clipboard-write; encrypted-media; gyroscope; picture-in-picture; web-share\" referrerpolicy=\"strict-origin-when-cross-origin\" allowfullscreen><\/iframe>\n<\/div><figcaption class=\"wp-element-caption\"><em> Schauen sie sich unser <a rel=\"noreferrer noopener\" href=\"https:\/\/www.youtube.com\/watch?v=h0_1__2Qg1M\" target=\"_blank\">Intro-video \u00fcber EKOenergie an<\/a> (Untertitel auf Deutsch verf\u00fcgbar)<\/em><\/figcaption><\/figure>\n\n\n\n<p>EKOenergie ist ein internationales, non-profit Umweltzeichen f\u00fcr Energie (f\u00fcr erneuerbaren Strom, erneuerbares Gas sowie erneuerbare W\u00e4rme- und K\u00e4lteerzeugung).&nbsp;<\/p>\n\n\n\n<p>Die mit dem EKOenergie-Label ausgezeichnete Energie ist nicht nur erneuerbar,  sondern erf\u00fcllt zus\u00e4tzlich auch die <a href=\"https:\/\/www.ekoenergy.org\/de\/ecolabel\/\">EKOenergie-Nachhaltigkeitskriterien<\/a> und finanziert <a href=\"https:\/\/www.ekoenergy.org\/de\/our-results\/climate-fund\/\">Projekte zur Bek\u00e4mpfung von Energiearmut<\/a>. <\/p>\n\n\n\n<p>Das EKOenergie-\u00d6kolabel kann mit jeder Beschaffungsmethode kombiniert werden: \u00d6kostromtarife, Power Purchase Agreements (PPA), Energiezertifikate wie GOs, RECs, I-RECs und andere k\u00f6nnen das EKOenergie-Umweltzeichen tragen. Auch Energie von On-Site-Anlagen kann das EKOenergie-Label haben. EKOenergie hat einen zus\u00e4tzlichen positiven Einfluss auf die Entscheidungen der Verbraucher f\u00fcr erneuerbare Energien, unabh\u00e4ngig von der Art des Kaufs oder des Verbrauchs.<\/p>\n\n\n\n<p>Das <a href=\"https:\/\/ghgprotocol.org\/\" target=\"_blank\" rel=\"noreferrer noopener\">Greenhouse Gas Protocol<\/a>, LEED f\u00fcr gr\u00fcne Geb\u00e4ude, <a href=\"https:\/\/www.cdp.net\/en\" target=\"_blank\" rel=\"noreferrer noopener\">CDP<\/a> und die <a href=\"https:\/\/www.there100.org\/\" target=\"_blank\" rel=\"noreferrer noopener\">RE100<\/a> beschreiben das EKOenergie-\u00d6kolabel als eine gute L\u00f6sung f\u00fcr Verbraucher, die <a href=\"https:\/\/www.ekoenergy.org\/de\/why-buy\/other-standards\/\" target=\"_blank\" rel=\"noreferrer noopener\">nachhaltiger handeln<\/a> m\u00f6chten.<\/p>\n\n\n\n<h3 class=\"wp-block-heading\">Unser \u00d6kolabel ist leicht zu verwenden<\/h3>\n\n\n\n<p>Wir haben autorisierte Verk\u00e4ufer weltweit, die es Ihnen erm\u00f6glichen EKOenergie \u00fcberall zu kaufen. Sie k\u00f6nnen EKOenergie sowohl f\u00fcr  Ihr Zuhause als auch f\u00fcr Ihr Unternehmen nutzen. Wenn Sie <a href=\"https:\/\/www.ekoenergy.org\/de\/buying-ekoenergy\/\/\" target=\"_blank\" rel=\"noreferrer noopener\">Strom mit dem EKOenergie-Label kaufen <\/a>oder<a href=\"https:\/\/www.ekoenergy.org\/de\/ecolabel\/how-to-sell-ekoenergy\/\" target=\"_blank\" rel=\"noreferrer noopener\"> erneuerbare Energien mit dem EKOenergie-Label verkaufen <\/a>m\u00f6chten, nehmen Sie bitte <a href=\"https:\/\/www.ekoenergy.org\/de\/about-us\/contact-us\/\" target=\"_blank\" rel=\"noreferrer noopener\">Kontakt<\/a> auf.<\/p>\n\n\n\n<h3 class=\"wp-block-heading\">Unser \u00d6kolabel ist ein Kommunikationsmittel<\/h3>\n\n\n\n<figure class=\"wp-block-image alignleft size-medium\"><img fetchpriority=\"high\" decoding=\"async\" width=\"320\" height=\"179\" src=\"https:\/\/www.ekoenergy.org\/wp-content\/uploads\/\/EKOenergy-labelled-electricity-sticker-320x179.png\" alt=\"\" class=\"wp-image-123396\" srcset=\"https:\/\/www.ekoenergy.org\/wp-content\/uploads\/EKOenergy-labelled-electricity-sticker-320x179.png 320w, https:\/\/www.ekoenergy.org\/wp-content\/uploads\/EKOenergy-labelled-electricity-sticker-1024x572.png 1024w, https:\/\/www.ekoenergy.org\/wp-content\/uploads\/EKOenergy-labelled-electricity-sticker-768x429.png 768w, https:\/\/www.ekoenergy.org\/wp-content\/uploads\/EKOenergy-labelled-electricity-sticker-1536x858.png 1536w, https:\/\/www.ekoenergy.org\/wp-content\/uploads\/EKOenergy-labelled-electricity-sticker.png 1768w\" sizes=\"(max-width: 320px) 100vw, 320px\" \/><\/figure>\n\n\n\n<p>Das EKOenergie-Label ist ein <a href=\"https:\/\/www.ekoenergy.org\/de\/why-buy\/other-standards\/\">international anerkanntes Kommunikationsmittel<\/a>.  Mit unserem Logo zeigen Personen und Unternehmen, dass sie erneuerbare  Energien nutzen, und ermutigen andere dazu, dasselbe zu tun. Dies  beschleunigt den \u00dcbergang zu einer 100% erneuerbaren Welt. Nutzer von  EKOenergie-gelabelter Energie k\u00f6nnen das Logo in ihren  Publikationen, auf Geb\u00e4uden und auf Produkten verwenden, die mit  EKOenergie betrieben oder hergestellt werden.<\/p>\n\n\n\n<p>Unser <a href=\"https:\/\/www.ekoenergy.org\/de\/about-us\/contact-us\/\">internationales Team<\/a> kann Ihre Fragen in verschiedenen Sprachen beantworten. Unsere Materialien sind in \u00fcber 20 Sprachen verf\u00fcgbar.<\/p>\n\n\n\n<h3 class=\"wp-block-heading\">Preise und Nominierungen <\/h3>\n\n\n\n<figure class=\"wp-block-image alignright size-medium is-resized\"><img decoding=\"async\" width=\"320\" height=\"214\" src=\"https:\/\/www.ekoenergy.org\/wp-content\/uploads\/\/European-Citizens-Award-Ceremony-2021-320x214.jpg\" alt=\"\" class=\"wp-image-123673\" style=\"width:320px;height:214px\" srcset=\"https:\/\/www.ekoenergy.org\/wp-content\/uploads\/European-Citizens-Award-Ceremony-2021-320x214.jpg 320w, https:\/\/www.ekoenergy.org\/wp-content\/uploads\/European-Citizens-Award-Ceremony-2021-1024x684.jpg 1024w, https:\/\/www.ekoenergy.org\/wp-content\/uploads\/European-Citizens-Award-Ceremony-2021-768x513.jpg 768w, https:\/\/www.ekoenergy.org\/wp-content\/uploads\/European-Citizens-Award-Ceremony-2021-1536x1026.jpg 1536w, https:\/\/www.ekoenergy.org\/wp-content\/uploads\/European-Citizens-Award-Ceremony-2021.jpg 1794w\" sizes=\"(max-width: 320px) 100vw, 320px\" \/><\/figure>\n\n\n\n<ul class=\"wp-block-list\">\n<li>EKOenergie war 2022 einer der Good100 Gewinner des GoodFestivals in der Schweiz<\/li>\n\n\n\n<li>EU Sustainable Energy (EUSEW) Award 2021, Merve G\u00fcng\u00f6r war Finalistin in der Kategorie &#8222;Young Energy Trailblazer&#8220; f\u00fcr ihre Arbeit bei EKOenergie.<\/li>\n\n\n\n<li>Europ\u00e4ischer B\u00fcrgerpreis 2020, verliehen durch das Europ\u00e4ische Parlament im M\u00e4rz 2021.<\/li>\n\n\n\n<li>Nominierung f\u00fcr den Umweltpreis des Nordischen Rates 2019.<\/li>\n\n\n\n<li>EU Sustainable Energy (EUSEW) Award 2018, Finalist in der Kategorie &#8222;Young Energy Leaders&#8220;.<\/li>\n\n\n\n<li>EKOenergie war eines der Gewinnerprojekte, die im Rahmen der Initiative &#8222;100 Projekte f\u00fcr das Klima&#8220; des franz\u00f6sischen Ministeriums f\u00fcr Umwelt, Energie und Meer 2017 ausgew\u00e4hlt wurden.<\/li>\n\n\n\n<li>Auszeichnung &#8222;Taten f\u00fcr Morgen&#8220; durch den Rat f\u00fcr Nachhaltige Entwicklung. EKOenergie war eines der &#8222;Nachhaltigkeitsprojekte 2017&#8220;, eine renommierte Auszeichnung f\u00fcr Projekte, die zu den Zielen f\u00fcr nachhaltige Entwicklung beitragen.<\/li>\n\n\n\n<li>Good100 PremaGyan Award 2016 beim GoodFestival in der Schweiz.<\/li>\n<\/ul>\n\n\n\n<h2 class=\"wp-block-heading\">Internationale Zusammenarbeit<\/h2>\n\n\n\n<p>Das EKOenergie-\u00d6kolabel ist eine Initiative der Finnish Association for Nature Conservation (Suomen luonnonsuojeluliitto) und wird von anderen Umwelt-NGOs unterst\u00fctzt.<\/p>\n\n\n\n<p>Wir beteiligen uns an den Aktivit\u00e4ten zahlreicher anderer Organisationen und arbeiten mit ihnen zusammen, darunter:<\/p>\n\n\n\n<ul class=\"wp-block-list\">\n<li><a href=\"https:\/\/climatenetwork.org\/#:~:text=Climate%20Action%20Network%20(CAN)%20is,achieve%20social%20and%20racial%20justice.\" target=\"_blank\" rel=\"noreferrer noopener\">Climate Action Network International (CAN Intl)<\/a><\/li>\n\n\n\n<li><a href=\"https:\/\/caneurope.org\/\" target=\"_blank\" rel=\"noreferrer noopener\">Climate Action Network (CAN) Europe<\/a><\/li>\n\n\n\n<li><a href=\"https:\/\/coalition.irena.org\/\" target=\"_blank\" rel=\"noreferrer noopener\">IRENA Coalition for Action <\/a><\/li>\n\n\n\n<li><a href=\"https:\/\/resource-platform.eu\/\" target=\"_blank\" rel=\"noreferrer noopener\">The RE-Source Platform<\/a><\/li>\n\n\n\n<li><a href=\"https:\/\/recs.org\/\" target=\"_blank\" rel=\"noreferrer noopener\">RECS Energy Certificate Association <\/a><\/li>\n\n\n\n<li><a href=\"https:\/\/eeb.org\/\" target=\"_blank\" rel=\"noreferrer noopener\">European Environmental Bureau (EEB)<\/a><\/li>\n<\/ul>\n","protected":false},"excerpt":{"rendered":"<p>\u00dcber uns Unser gemeinn\u00fctzige \u00d6kolabel EKOenergie ist ein internationales, non-profit Umweltzeichen f\u00fcr Energie (f\u00fcr erneuerbaren Strom, erneuerbares Gas sowie erneuerbare W\u00e4rme- und K\u00e4lteerzeugung).&nbsp; Die mit dem EKOenergie-Label ausgezeichnete Energie ist nicht nur erneuerbar, sondern erf\u00fcllt zus\u00e4tzlich auch die EKOenergie-Nachhaltigkeitskriterien und finanziert Projekte zur Bek\u00e4mpfung von Energiearmut. Das EKOenergie-\u00d6kolabel kann mit jeder Beschaffungsmethode kombiniert werden: \u00d6kostromtarife, [&hellip;]<\/p>\n","protected":false},"author":2,"featured_media":28118,"parent":0,"menu_order":0,"comment_status":"closed","ping_status":"closed","template":"","meta":{"inline_featured_image":false,"_uag_custom_page_level_css":"","site-sidebar-layout":"default","site-content-layout":"default","ast-site-content-layout":"default","site-content-style":"default","site-sidebar-style":"default","ast-global-header-display":"","ast-banner-title-visibility":"","ast-main-header-display":"","ast-hfb-above-header-display":"","ast-hfb-below-header-display":"","ast-hfb-mobile-header-display":"","site-post-title":"disabled","ast-breadcrumbs-content":"","ast-featured-img":"","footer-sml-layout":"","ast-disable-related-posts":"","theme-transparent-header-meta":"default","adv-header-id-meta":"","stick-header-meta":"default","header-above-stick-meta":"","header-main-stick-meta":"","header-below-stick-meta":"","astra-migrate-meta-layouts":"default","ast-page-background-enabled":"default","ast-page-background-meta":{"desktop":{"background-color":"","background-image":"","background-repeat":"repeat","background-position":"center center","background-size":"auto","background-attachment":"scroll","background-type":"","background-media":"","overlay-type":"","overlay-color":"","overlay-opacity":"","overlay-gradient":""},"tablet":{"background-color":"","background-image":"","background-repeat":"repeat","background-position":"center center","background-size":"auto","background-attachment":"scroll","background-type":"","background-media":"","overlay-type":"","overlay-color":"","overlay-opacity":"","overlay-gradient":""},"mobile":{"background-color":"","background-image":"","background-repeat":"repeat","background-position":"center center","background-size":"auto","background-attachment":"scroll","background-type":"","background-media":"","overlay-type":"","overlay-color":"","overlay-opacity":"","overlay-gradient":""}},"ast-content-background-meta":{"desktop":{"background-color":"var(--ast-global-color-5)","background-image":"","background-repeat":"repeat","background-position":"center center","background-size":"auto","background-attachment":"scroll","background-type":"","background-media":"","overlay-type":"","overlay-color":"","overlay-opacity":"","overlay-gradient":""},"tablet":{"background-color":"var(--ast-global-color-5)","background-image":"","background-repeat":"repeat","background-position":"center center","background-size":"auto","background-attachment":"scroll","background-type":"","background-media":"","overlay-type":"","overlay-color":"","overlay-opacity":"","overlay-gradient":""},"mobile":{"background-color":"var(--ast-global-color-5)","background-image":"","background-repeat":"repeat","background-position":"center center","background-size":"auto","background-attachment":"scroll","background-type":"","background-media":"","overlay-type":"","overlay-color":"","overlay-opacity":"","overlay-gradient":""}},"footnotes":""},"class_list":["post-2529","page","type-page","status-publish","has-post-thumbnail","hentry"],"yoast_head":"<!-- This site is optimized with the Yoast SEO plugin v27.5 - https:\/\/yoast.com\/product\/yoast-seo-wordpress\/ -->\n<title>\u00dcber uns - EKOenergy ecolabel<\/title>\n<meta name=\"description\" content=\"EKOenergie ist ein international anerkanntes, gemeinn\u00fctziges \u00d6kolabel f\u00fcr erneuerbaren Strom, Gas und W\u00e4rme.\" \/>\n<meta name=\"robots\" content=\"index, follow, max-snippet:-1, max-image-preview:large, max-video-preview:-1\" \/>\n<link rel=\"canonical\" href=\"https:\/\/www.ekoenergy.org\/de\/about-us\/\" \/>\n<meta property=\"og:locale\" content=\"de_DE\" \/>\n<meta property=\"og:type\" content=\"article\" \/>\n<meta property=\"og:title\" content=\"\u00dcber uns - EKOenergy ecolabel\" \/>\n<meta property=\"og:description\" content=\"EKOenergie ist ein international anerkanntes, gemeinn\u00fctziges \u00d6kolabel f\u00fcr erneuerbaren Strom, Gas und W\u00e4rme.\" \/>\n<meta property=\"og:url\" content=\"https:\/\/www.ekoenergy.org\/de\/about-us\/\" \/>\n<meta property=\"og:site_name\" content=\"EKOenergy ecolabel\" \/>\n<meta property=\"article:publisher\" content=\"https:\/\/www.facebook.com\/EKOenergy.ecolabel\/\" \/>\n<meta property=\"article:modified_time\" content=\"2023-12-11T11:03:07+00:00\" \/>\n<meta property=\"og:image\" content=\"https:\/\/www.ekoenergy.org\/wp-content\/uploads\/Featured-Chocolate-Made-With-EKOenergy.jpg\" \/>\n\t<meta property=\"og:image:width\" content=\"1197\" \/>\n\t<meta property=\"og:image:height\" content=\"600\" \/>\n\t<meta property=\"og:image:type\" content=\"image\/jpeg\" \/>\n<meta name=\"twitter:card\" content=\"summary_large_image\" \/>\n<meta name=\"twitter:site\" content=\"@EKOenergy_\" \/>\n<meta name=\"twitter:label1\" content=\"Gesch\u00e4tzte Lesezeit\" \/>\n\t<meta name=\"twitter:data1\" content=\"4\u00a0Minuten\" \/>\n<script type=\"application\/ld+json\" class=\"yoast-schema-graph\">{\"@context\":\"https:\\\/\\\/schema.org\",\"@graph\":[{\"@type\":\"WebPage\",\"@id\":\"https:\\\/\\\/www.ekoenergy.org\\\/de\\\/about-us\\\/\",\"url\":\"https:\\\/\\\/www.ekoenergy.org\\\/de\\\/about-us\\\/\",\"name\":\"\u00dcber uns - EKOenergy ecolabel\",\"isPartOf\":{\"@id\":\"https:\\\/\\\/www.ekoenergy.org\\\/de\\\/#website\"},\"primaryImageOfPage\":{\"@id\":\"https:\\\/\\\/www.ekoenergy.org\\\/de\\\/about-us\\\/#primaryimage\"},\"image\":{\"@id\":\"https:\\\/\\\/www.ekoenergy.org\\\/de\\\/about-us\\\/#primaryimage\"},\"thumbnailUrl\":\"https:\\\/\\\/www.ekoenergy.org\\\/wp-content\\\/uploads\\\/Featured-Chocolate-Made-With-EKOenergy.jpg\",\"datePublished\":\"2019-12-04T13:23:54+00:00\",\"dateModified\":\"2023-12-11T11:03:07+00:00\",\"description\":\"EKOenergie ist ein international anerkanntes, gemeinn\u00fctziges \u00d6kolabel f\u00fcr erneuerbaren Strom, Gas und W\u00e4rme.\",\"breadcrumb\":{\"@id\":\"https:\\\/\\\/www.ekoenergy.org\\\/de\\\/about-us\\\/#breadcrumb\"},\"inLanguage\":\"de\",\"potentialAction\":[{\"@type\":\"ReadAction\",\"target\":[\"https:\\\/\\\/www.ekoenergy.org\\\/de\\\/about-us\\\/\"]}]},{\"@type\":\"ImageObject\",\"inLanguage\":\"de\",\"@id\":\"https:\\\/\\\/www.ekoenergy.org\\\/de\\\/about-us\\\/#primaryimage\",\"url\":\"https:\\\/\\\/www.ekoenergy.org\\\/wp-content\\\/uploads\\\/Featured-Chocolate-Made-With-EKOenergy.jpg\",\"contentUrl\":\"https:\\\/\\\/www.ekoenergy.org\\\/wp-content\\\/uploads\\\/Featured-Chocolate-Made-With-EKOenergy.jpg\",\"width\":1197,\"height\":600},{\"@type\":\"BreadcrumbList\",\"@id\":\"https:\\\/\\\/www.ekoenergy.org\\\/de\\\/about-us\\\/#breadcrumb\",\"itemListElement\":[{\"@type\":\"ListItem\",\"position\":1,\"name\":\"Home\",\"item\":\"https:\\\/\\\/www.ekoenergy.org\\\/de\\\/\"},{\"@type\":\"ListItem\",\"position\":2,\"name\":\"\u00dcber uns\"}]},{\"@type\":\"WebSite\",\"@id\":\"https:\\\/\\\/www.ekoenergy.org\\\/de\\\/#website\",\"url\":\"https:\\\/\\\/www.ekoenergy.org\\\/de\\\/\",\"name\":\"EKOenergy ecolabel\",\"description\":\"The global nonprofit ecolabel for renewable energy\",\"publisher\":{\"@id\":\"https:\\\/\\\/www.ekoenergy.org\\\/de\\\/#organization\"},\"potentialAction\":[{\"@type\":\"SearchAction\",\"target\":{\"@type\":\"EntryPoint\",\"urlTemplate\":\"https:\\\/\\\/www.ekoenergy.org\\\/de\\\/?s={search_term_string}\"},\"query-input\":{\"@type\":\"PropertyValueSpecification\",\"valueRequired\":true,\"valueName\":\"search_term_string\"}}],\"inLanguage\":\"de\"},{\"@type\":\"Organization\",\"@id\":\"https:\\\/\\\/www.ekoenergy.org\\\/de\\\/#organization\",\"name\":\"Not-for-profit Organisation EKOenergy\",\"url\":\"https:\\\/\\\/www.ekoenergy.org\\\/de\\\/\",\"logo\":{\"@type\":\"ImageObject\",\"inLanguage\":\"de\",\"@id\":\"https:\\\/\\\/www.ekoenergy.org\\\/de\\\/#\\\/schema\\\/logo\\\/image\\\/\",\"url\":\"https:\\\/\\\/www.ekoenergy.org\\\/wp-content\\\/uploads\\\/logo-EKOenergy-no-text.jpg\",\"contentUrl\":\"https:\\\/\\\/www.ekoenergy.org\\\/wp-content\\\/uploads\\\/logo-EKOenergy-no-text.jpg\",\"width\":1600,\"height\":1600,\"caption\":\"Not-for-profit Organisation EKOenergy\"},\"image\":{\"@id\":\"https:\\\/\\\/www.ekoenergy.org\\\/de\\\/#\\\/schema\\\/logo\\\/image\\\/\"},\"sameAs\":[\"https:\\\/\\\/www.facebook.com\\\/EKOenergy.ecolabel\\\/\",\"https:\\\/\\\/x.com\\\/EKOenergy_\",\"https:\\\/\\\/www.instagram.com\\\/ekoenergy\\\/\",\"https:\\\/\\\/www.linkedin.com\\\/company\\\/ekoenergy-ecolabel\\\/\",\"https:\\\/\\\/www.youtube.com\\\/EKOenergy-ecolabel\",\"https:\\\/\\\/en.wikipedia.org\\\/wiki\\\/EKOenergy\"]}]}<\/script>\n<!-- \/ Yoast SEO plugin. -->","yoast_head_json":{"title":"\u00dcber uns - EKOenergy ecolabel","description":"EKOenergie ist ein international anerkanntes, gemeinn\u00fctziges \u00d6kolabel f\u00fcr erneuerbaren Strom, Gas und W\u00e4rme.","robots":{"index":"index","follow":"follow","max-snippet":"max-snippet:-1","max-image-preview":"max-image-preview:large","max-video-preview":"max-video-preview:-1"},"canonical":"https:\/\/www.ekoenergy.org\/de\/about-us\/","og_locale":"de_DE","og_type":"article","og_title":"\u00dcber uns - EKOenergy ecolabel","og_description":"EKOenergie ist ein international anerkanntes, gemeinn\u00fctziges \u00d6kolabel f\u00fcr erneuerbaren Strom, Gas und W\u00e4rme.","og_url":"https:\/\/www.ekoenergy.org\/de\/about-us\/","og_site_name":"EKOenergy ecolabel","article_publisher":"https:\/\/www.facebook.com\/EKOenergy.ecolabel\/","article_modified_time":"2023-12-11T11:03:07+00:00","og_image":[{"width":1197,"height":600,"url":"https:\/\/www.ekoenergy.org\/wp-content\/uploads\/Featured-Chocolate-Made-With-EKOenergy.jpg","type":"image\/jpeg"}],"twitter_card":"summary_large_image","twitter_site":"@EKOenergy_","twitter_misc":{"Gesch\u00e4tzte Lesezeit":"4\u00a0Minuten"},"schema":{"@context":"https:\/\/schema.org","@graph":[{"@type":"WebPage","@id":"https:\/\/www.ekoenergy.org\/de\/about-us\/","url":"https:\/\/www.ekoenergy.org\/de\/about-us\/","name":"\u00dcber uns - EKOenergy ecolabel","isPartOf":{"@id":"https:\/\/www.ekoenergy.org\/de\/#website"},"primaryImageOfPage":{"@id":"https:\/\/www.ekoenergy.org\/de\/about-us\/#primaryimage"},"image":{"@id":"https:\/\/www.ekoenergy.org\/de\/about-us\/#primaryimage"},"thumbnailUrl":"https:\/\/www.ekoenergy.org\/wp-content\/uploads\/Featured-Chocolate-Made-With-EKOenergy.jpg","datePublished":"2019-12-04T13:23:54+00:00","dateModified":"2023-12-11T11:03:07+00:00","description":"EKOenergie ist ein international anerkanntes, gemeinn\u00fctziges \u00d6kolabel f\u00fcr erneuerbaren Strom, Gas und W\u00e4rme.","breadcrumb":{"@id":"https:\/\/www.ekoenergy.org\/de\/about-us\/#breadcrumb"},"inLanguage":"de","potentialAction":[{"@type":"ReadAction","target":["https:\/\/www.ekoenergy.org\/de\/about-us\/"]}]},{"@type":"ImageObject","inLanguage":"de","@id":"https:\/\/www.ekoenergy.org\/de\/about-us\/#primaryimage","url":"https:\/\/www.ekoenergy.org\/wp-content\/uploads\/Featured-Chocolate-Made-With-EKOenergy.jpg","contentUrl":"https:\/\/www.ekoenergy.org\/wp-content\/uploads\/Featured-Chocolate-Made-With-EKOenergy.jpg","width":1197,"height":600},{"@type":"BreadcrumbList","@id":"https:\/\/www.ekoenergy.org\/de\/about-us\/#breadcrumb","itemListElement":[{"@type":"ListItem","position":1,"name":"Home","item":"https:\/\/www.ekoenergy.org\/de\/"},{"@type":"ListItem","position":2,"name":"\u00dcber uns"}]},{"@type":"WebSite","@id":"https:\/\/www.ekoenergy.org\/de\/#website","url":"https:\/\/www.ekoenergy.org\/de\/","name":"EKOenergy ecolabel","description":"The global nonprofit ecolabel for renewable energy","publisher":{"@id":"https:\/\/www.ekoenergy.org\/de\/#organization"},"potentialAction":[{"@type":"SearchAction","target":{"@type":"EntryPoint","urlTemplate":"https:\/\/www.ekoenergy.org\/de\/?s={search_term_string}"},"query-input":{"@type":"PropertyValueSpecification","valueRequired":true,"valueName":"search_term_string"}}],"inLanguage":"de"},{"@type":"Organization","@id":"https:\/\/www.ekoenergy.org\/de\/#organization","name":"Not-for-profit Organisation EKOenergy","url":"https:\/\/www.ekoenergy.org\/de\/","logo":{"@type":"ImageObject","inLanguage":"de","@id":"https:\/\/www.ekoenergy.org\/de\/#\/schema\/logo\/image\/","url":"https:\/\/www.ekoenergy.org\/wp-content\/uploads\/logo-EKOenergy-no-text.jpg","contentUrl":"https:\/\/www.ekoenergy.org\/wp-content\/uploads\/logo-EKOenergy-no-text.jpg","width":1600,"height":1600,"caption":"Not-for-profit Organisation EKOenergy"},"image":{"@id":"https:\/\/www.ekoenergy.org\/de\/#\/schema\/logo\/image\/"},"sameAs":["https:\/\/www.facebook.com\/EKOenergy.ecolabel\/","https:\/\/x.com\/EKOenergy_","https:\/\/www.instagram.com\/ekoenergy\/","https:\/\/www.linkedin.com\/company\/ekoenergy-ecolabel\/","https:\/\/www.youtube.com\/EKOenergy-ecolabel","https:\/\/en.wikipedia.org\/wiki\/EKOenergy"]}]}},"uagb_featured_image_src":{"full":["https:\/\/www.ekoenergy.org\/wp-content\/uploads\/Featured-Chocolate-Made-With-EKOenergy.jpg",1197,600,false],"thumbnail":["https:\/\/www.ekoenergy.org\/wp-content\/uploads\/Featured-Chocolate-Made-With-EKOenergy-150x150.jpg",150,150,true],"medium":["https:\/\/www.ekoenergy.org\/wp-content\/uploads\/Featured-Chocolate-Made-With-EKOenergy-320x160.jpg",320,160,true],"medium_large":["https:\/\/www.ekoenergy.org\/wp-content\/uploads\/Featured-Chocolate-Made-With-EKOenergy-768x385.jpg",768,385,true],"large":["https:\/\/www.ekoenergy.org\/wp-content\/uploads\/Featured-Chocolate-Made-With-EKOenergy-1024x513.jpg",1024,513,true],"1536x1536":["https:\/\/www.ekoenergy.org\/wp-content\/uploads\/Featured-Chocolate-Made-With-EKOenergy.jpg",1197,600,false],"2048x2048":["https:\/\/www.ekoenergy.org\/wp-content\/uploads\/Featured-Chocolate-Made-With-EKOenergy.jpg",1197,600,false]},"uagb_author_info":{"display_name":"Steven Vanholme","author_link":"https:\/\/www.ekoenergy.org\/de\/author\/svanholme\/"},"uagb_comment_info":0,"uagb_excerpt":"\u00dcber uns Unser gemeinn\u00fctzige \u00d6kolabel EKOenergie ist ein internationales, non-profit Umweltzeichen f\u00fcr Energie (f\u00fcr erneuerbaren Strom, erneuerbares Gas sowie erneuerbare W\u00e4rme- und K\u00e4lteerzeugung).&nbsp; Die mit dem EKOenergie-Label ausgezeichnete Energie ist nicht nur erneuerbar, sondern erf\u00fcllt zus\u00e4tzlich auch die EKOenergie-Nachhaltigkeitskriterien und finanziert Projekte zur Bek\u00e4mpfung von Energiearmut. Das EKOenergie-\u00d6kolabel kann mit jeder Beschaffungsmethode kombiniert werden: \u00d6kostromtarife,&hellip;","_links":{"self":[{"href":"https:\/\/www.ekoenergy.org\/de\/wp-json\/wp\/v2\/pages\/2529","targetHints":{"allow":["GET"]}}],"collection":[{"href":"https:\/\/www.ekoenergy.org\/de\/wp-json\/wp\/v2\/pages"}],"about":[{"href":"https:\/\/www.ekoenergy.org\/de\/wp-json\/wp\/v2\/types\/page"}],"author":[{"embeddable":true,"href":"https:\/\/www.ekoenergy.org\/de\/wp-json\/wp\/v2\/users\/2"}],"replies":[{"embeddable":true,"href":"https:\/\/www.ekoenergy.org\/de\/wp-json\/wp\/v2\/comments?post=2529"}],"version-history":[{"count":3,"href":"https:\/\/www.ekoenergy.org\/de\/wp-json\/wp\/v2\/pages\/2529\/revisions"}],"predecessor-version":[{"id":155388,"href":"https:\/\/www.ekoenergy.org\/de\/wp-json\/wp\/v2\/pages\/2529\/revisions\/155388"}],"wp:featuredmedia":[{"embeddable":true,"href":"https:\/\/www.ekoenergy.org\/de\/wp-json\/wp\/v2\/media\/28118"}],"wp:attachment":[{"href":"https:\/\/www.ekoenergy.org\/de\/wp-json\/wp\/v2\/media?parent=2529"}],"curies":[{"name":"wp","href":"https:\/\/api.w.org\/{rel}","templated":true}]}}