{"id":25304,"date":"2020-01-09T13:03:40","date_gmt":"2020-01-09T13:03:40","guid":{"rendered":"https:\/\/www.ekoenergy.org\/ecolabel\/criteria\/"},"modified":"2023-10-12T12:25:15","modified_gmt":"2023-10-12T09:25:15","slug":"criteria","status":"publish","type":"page","link":"https:\/\/www.ekoenergy.org\/de\/ecolabel\/criteria\/","title":{"rendered":"EKOenergies Kriterien"},"content":{"rendered":"\n<h1 class=\"wp-block-heading\">EKOenergies Kriterien<\/h1>\n\n\n\n<p>Unser international anerkanntes \u00d6kolabel hilft Verbrauchern dabei, die <a href=\"https:\/\/www.ekoenergy.org\/de\/ecolabel\/\">nachhaltigste erneuerbare Energie zu finden und ihren positiven Einfluss zu verst\u00e4rken.<\/a><\/p>\n\n\n\n<p>EKOenergie ist ein Label f\u00fcr erneuerbare Energie, nicht f\u00fcr Unternehmen oder Produktionsanlagen. <\/p>\n\n\n\n<p>Es gibt EKOenergie-Kriterien f\u00fcr <a href=\"https:\/\/www.ekoenergy.org\/de\/ecolabel\/criteria\/electricity\/\">Strom<\/a>, <a href=\"https:\/\/www.ekoenergy.org\/de\/ecolabel\/criteria\/ekoenergy-gas\/\">Gas<\/a> und <a href=\"https:\/\/www.ekoenergy.org\/de\/ecolabel\/criteria\/renewable-heat\/\">W\u00e4rme und K\u00e4lte<\/a>.<\/p>\n\n\n\n<div class=\"wp-block-columns is-layout-flex wp-container-core-columns-is-layout-28f84493 wp-block-columns-is-layout-flex\">\n<div class=\"wp-block-column is-layout-flow wp-block-column-is-layout-flow\">\n<figure class=\"wp-block-image aligncenter size-medium is-resized hover-image\"><a href=\"https:\/\/www.ekoenergy.org\/ecolabel\/criteria\/electricity\/\"><img decoding=\"async\" src=\"https:\/\/www.ekoenergy.org\/wp-content\/uploads\/\/criteria-icon-electricity-light-bulb-320x320.png\" alt=\"\" class=\"wp-image-37894\" style=\"width:160px;height:160px\" width=\"160\" height=\"160\" srcset=\"https:\/\/www.ekoenergy.org\/wp-content\/uploads\/criteria-icon-electricity-light-bulb-320x320.png 320w, https:\/\/www.ekoenergy.org\/wp-content\/uploads\/criteria-icon-electricity-light-bulb-150x150.png 150w, https:\/\/www.ekoenergy.org\/wp-content\/uploads\/criteria-icon-electricity-light-bulb.png 512w\" sizes=\"(max-width: 160px) 100vw, 160px\" \/><\/a><figcaption class=\"wp-element-caption\"><a href=\"https:\/\/www.ekoenergy.org\/de\/ecolabel\/criteria\/electricity\/\">Strom<\/a><\/figcaption><\/figure>\n<\/div>\n\n\n\n<div class=\"wp-block-column is-layout-flow wp-block-column-is-layout-flow\">\n<figure class=\"wp-block-image aligncenter size-medium is-resized hover-image\"><a href=\"https:\/\/www.ekoenergy.org\/ecolabel\/criteria\/ekoenergy-gas\/\"><img decoding=\"async\" src=\"https:\/\/www.ekoenergy.org\/wp-content\/uploads\/\/criteria-icon-gasoline-320x320.png\" alt=\"\" class=\"wp-image-37879\" style=\"width:160px;height:160px\" width=\"160\" height=\"160\" srcset=\"https:\/\/www.ekoenergy.org\/wp-content\/uploads\/criteria-icon-gasoline-320x320.png 320w, https:\/\/www.ekoenergy.org\/wp-content\/uploads\/criteria-icon-gasoline-150x150.png 150w, https:\/\/www.ekoenergy.org\/wp-content\/uploads\/criteria-icon-gasoline.png 512w\" sizes=\"(max-width: 160px) 100vw, 160px\" \/><\/a><figcaption class=\"wp-element-caption\"><a href=\"https:\/\/www.ekoenergy.org\/de\/ecolabel\/criteria\/ekoenergy-gas\/\">Gas<\/a><\/figcaption><\/figure>\n<\/div>\n\n\n\n<div class=\"wp-block-column is-layout-flow wp-block-column-is-layout-flow\">\n<figure class=\"wp-block-image aligncenter size-medium is-resized hover-image\"><a href=\"https:\/\/www.ekoenergy.org\/ecolabel\/criteria\/renewable-heat\/\"><img decoding=\"async\" src=\"https:\/\/www.ekoenergy.org\/wp-content\/uploads\/\/criteria-icon-heat-bonfire-320x320.png\" alt=\"\" class=\"wp-image-37924\" style=\"width:160px;height:160px\" width=\"160\" height=\"160\" srcset=\"https:\/\/www.ekoenergy.org\/wp-content\/uploads\/criteria-icon-heat-bonfire-320x320.png 320w, https:\/\/www.ekoenergy.org\/wp-content\/uploads\/criteria-icon-heat-bonfire-150x150.png 150w, https:\/\/www.ekoenergy.org\/wp-content\/uploads\/criteria-icon-heat-bonfire.png 512w\" sizes=\"(max-width: 160px) 100vw, 160px\" \/><\/a><figcaption class=\"wp-element-caption\"><a href=\"https:\/\/www.ekoenergy.org\/de\/ecolabel\/criteria\/renewable-heat\/\">W\u00e4rme und K\u00e4lte<\/a><\/figcaption><\/figure>\n<\/div>\n<\/div>\n\n\n\n<p>Unsere Kriterien stellen Regeln f\u00fcr die Auswirkungen der Energieerzeugung auf die Natur auf, ber\u00fccksichtigen die R\u00fcckverfolgbarkeit und die Vereidung von Doppelz\u00e4hlungen und schaffen einen zus\u00e4tzlichen positiven Effekt f\u00fcr die Umwelt und f\u00fcr Menschen, die von Energiearmut betroffen sind.<\/p>\n\n\n\n<p>Sie finden Informationen \u00fcber <a href=\"https:\/\/www.ekoenergy.org\/de\/ecolabel\/criteria\/ppas-and-onsite-installations\/\">Energie aus On-Site Anlagen und PPAs <\/a>sowie \u00fcber die <a href=\"https:\/\/www.ekoenergy.org\/de\/ecolabel\/criteria\/tracking\/\">Energier\u00fcckverfolgung<\/a> auf speziellen Unterseiten. <\/p>\n\n\n\n<p>EKOenergies Kriterien traten 2013 in Kraft. Die Entwicklung und Genehmigung der EKOenergie-Kriterien folgen den Regeln des <a href=\"https:\/\/www.isealalliance.org\/defining-credible-practice\/iseal-codes-good-practice\" target=\"_blank\" rel=\"noreferrer noopener\">ISEAL Standard-setting Code<\/a>. Sie basieren auf einer aktiven Konsultation aller relevanten Interessengruppen und auf bew\u00e4hrten Praktiken.<\/p>\n\n\n\n<div style=\"height:0px\" aria-hidden=\"true\" class=\"wp-block-spacer\"><\/div>\n\n\n\n<p>EKOenergie f\u00fchrt j\u00e4hrliche Audits durch, um sicherzustellen, dass alle Energie mit unserem Logo unsere Anforderungen erf\u00fcllt.<\/p>\n\n\n\n<p>(<em>Icons erstelllt von <a aria-label=\" (opens in a new tab)\" href=\"https:\/\/www.flaticon.com\/authors\/icongeek26\" target=\"_blank\" rel=\"noreferrer noopener\">Icongeek26<\/a> aus <a href=\"http:\/\/www.flaticon.com\">www.flaticon.com<\/a><\/em>)<\/p>\n","protected":false},"excerpt":{"rendered":"<p>EKOenergies Kriterien Unser international anerkanntes \u00d6kolabel hilft Verbrauchern dabei, die nachhaltigste erneuerbare Energie zu finden und ihren positiven Einfluss zu verst\u00e4rken. EKOenergie ist ein Label f\u00fcr erneuerbare Energie, nicht f\u00fcr Unternehmen oder Produktionsanlagen. Es gibt EKOenergie-Kriterien f\u00fcr Strom, Gas und W\u00e4rme und K\u00e4lte. Unsere Kriterien stellen Regeln f\u00fcr die Auswirkungen der Energieerzeugung auf die Natur [&hellip;]<\/p>\n","protected":false},"author":17,"featured_media":28346,"parent":2692,"menu_order":1,"comment_status":"closed","ping_status":"closed","template":"","meta":{"inline_featured_image":false,"_uag_custom_page_level_css":"","site-sidebar-layout":"default","site-content-layout":"default","ast-site-content-layout":"default","site-content-style":"default","site-sidebar-style":"default","ast-global-header-display":"","ast-banner-title-visibility":"","ast-main-header-display":"","ast-hfb-above-header-display":"","ast-hfb-below-header-display":"","ast-hfb-mobile-header-display":"","site-post-title":"disabled","ast-breadcrumbs-content":"","ast-featured-img":"","footer-sml-layout":"","ast-disable-related-posts":"","theme-transparent-header-meta":"default","adv-header-id-meta":"","stick-header-meta":"default","header-above-stick-meta":"","header-main-stick-meta":"","header-below-stick-meta":"","astra-migrate-meta-layouts":"default","ast-page-background-enabled":"default","ast-page-background-meta":{"desktop":{"background-color":"","background-image":"","background-repeat":"repeat","background-position":"center center","background-size":"auto","background-attachment":"scroll","background-type":"","background-media":"","overlay-type":"","overlay-color":"","overlay-opacity":"","overlay-gradient":""},"tablet":{"background-color":"","background-image":"","background-repeat":"repeat","background-position":"center center","background-size":"auto","background-attachment":"scroll","background-type":"","background-media":"","overlay-type":"","overlay-color":"","overlay-opacity":"","overlay-gradient":""},"mobile":{"background-color":"","background-image":"","background-repeat":"repeat","background-position":"center center","background-size":"auto","background-attachment":"scroll","background-type":"","background-media":"","overlay-type":"","overlay-color":"","overlay-opacity":"","overlay-gradient":""}},"ast-content-background-meta":{"desktop":{"background-color":"var(--ast-global-color-5)","background-image":"","background-repeat":"repeat","background-position":"center center","background-size":"auto","background-attachment":"scroll","background-type":"","background-media":"","overlay-type":"","overlay-color":"","overlay-opacity":"","overlay-gradient":""},"tablet":{"background-color":"var(--ast-global-color-5)","background-image":"","background-repeat":"repeat","background-position":"center center","background-size":"auto","background-attachment":"scroll","background-type":"","background-media":"","overlay-type":"","overlay-color":"","overlay-opacity":"","overlay-gradient":""},"mobile":{"background-color":"var(--ast-global-color-5)","background-image":"","background-repeat":"repeat","background-position":"center center","background-size":"auto","background-attachment":"scroll","background-type":"","background-media":"","overlay-type":"","overlay-color":"","overlay-opacity":"","overlay-gradient":""}},"footnotes":""},"class_list":["post-25304","page","type-page","status-publish","has-post-thumbnail","hentry"],"yoast_head":"<!-- This site is optimized with the Yoast SEO plugin v27.3 - https:\/\/yoast.com\/product\/yoast-seo-wordpress\/ -->\n<title>EKOenergies Kriterien - EKOenergy ecolabel<\/title>\n<meta name=\"description\" content=\"Unsere Kriterienkataloge beschreiben, unter welchen Bedingungen Strom, Gas, W\u00e4rme und K\u00e4lte das EKOenergie-\u00d6kolabel tragen k\u00f6nnen.\" \/>\n<meta name=\"robots\" content=\"index, follow, max-snippet:-1, max-image-preview:large, max-video-preview:-1\" \/>\n<link rel=\"canonical\" href=\"https:\/\/www.ekoenergy.org\/de\/ecolabel\/criteria\/\" \/>\n<meta property=\"og:locale\" content=\"de_DE\" \/>\n<meta property=\"og:type\" content=\"article\" \/>\n<meta property=\"og:title\" content=\"EKOenergies Kriterien - EKOenergy ecolabel\" \/>\n<meta property=\"og:description\" content=\"Unsere Kriterienkataloge beschreiben, unter welchen Bedingungen Strom, Gas, W\u00e4rme und K\u00e4lte das EKOenergie-\u00d6kolabel tragen k\u00f6nnen.\" \/>\n<meta property=\"og:url\" content=\"https:\/\/www.ekoenergy.org\/de\/ecolabel\/criteria\/\" \/>\n<meta property=\"og:site_name\" content=\"EKOenergy ecolabel\" \/>\n<meta property=\"article:publisher\" content=\"https:\/\/www.facebook.com\/EKOenergy.ecolabel\/\" \/>\n<meta property=\"article:modified_time\" content=\"2023-10-12T09:25:15+00:00\" \/>\n<meta property=\"og:image\" content=\"https:\/\/www.ekoenergy.org\/wp-content\/uploads\/Featured-Renewable-Energy.jpg\" \/>\n\t<meta property=\"og:image:width\" content=\"1280\" \/>\n\t<meta property=\"og:image:height\" content=\"853\" \/>\n\t<meta property=\"og:image:type\" content=\"image\/jpeg\" \/>\n<meta name=\"twitter:card\" content=\"summary_large_image\" \/>\n<meta name=\"twitter:site\" content=\"@EKOenergy_\" \/>\n<meta name=\"twitter:label1\" content=\"Gesch\u00e4tzte Lesezeit\" \/>\n\t<meta name=\"twitter:data1\" content=\"2\u00a0Minuten\" \/>\n<script type=\"application\/ld+json\" class=\"yoast-schema-graph\">{\"@context\":\"https:\\\/\\\/schema.org\",\"@graph\":[{\"@type\":\"WebPage\",\"@id\":\"https:\\\/\\\/www.ekoenergy.org\\\/de\\\/ecolabel\\\/criteria\\\/\",\"url\":\"https:\\\/\\\/www.ekoenergy.org\\\/de\\\/ecolabel\\\/criteria\\\/\",\"name\":\"EKOenergies Kriterien - EKOenergy ecolabel\",\"isPartOf\":{\"@id\":\"https:\\\/\\\/www.ekoenergy.org\\\/de\\\/#website\"},\"primaryImageOfPage\":{\"@id\":\"https:\\\/\\\/www.ekoenergy.org\\\/de\\\/ecolabel\\\/criteria\\\/#primaryimage\"},\"image\":{\"@id\":\"https:\\\/\\\/www.ekoenergy.org\\\/de\\\/ecolabel\\\/criteria\\\/#primaryimage\"},\"thumbnailUrl\":\"https:\\\/\\\/www.ekoenergy.org\\\/wp-content\\\/uploads\\\/Featured-Renewable-Energy.jpg\",\"datePublished\":\"2020-01-09T13:03:40+00:00\",\"dateModified\":\"2023-10-12T09:25:15+00:00\",\"description\":\"Unsere Kriterienkataloge beschreiben, unter welchen Bedingungen Strom, Gas, W\u00e4rme und K\u00e4lte das EKOenergie-\u00d6kolabel tragen k\u00f6nnen.\",\"breadcrumb\":{\"@id\":\"https:\\\/\\\/www.ekoenergy.org\\\/de\\\/ecolabel\\\/criteria\\\/#breadcrumb\"},\"inLanguage\":\"de\",\"potentialAction\":[{\"@type\":\"ReadAction\",\"target\":[\"https:\\\/\\\/www.ekoenergy.org\\\/de\\\/ecolabel\\\/criteria\\\/\"]}]},{\"@type\":\"ImageObject\",\"inLanguage\":\"de\",\"@id\":\"https:\\\/\\\/www.ekoenergy.org\\\/de\\\/ecolabel\\\/criteria\\\/#primaryimage\",\"url\":\"https:\\\/\\\/www.ekoenergy.org\\\/wp-content\\\/uploads\\\/Featured-Renewable-Energy.jpg\",\"contentUrl\":\"https:\\\/\\\/www.ekoenergy.org\\\/wp-content\\\/uploads\\\/Featured-Renewable-Energy.jpg\",\"width\":1280,\"height\":853},{\"@type\":\"BreadcrumbList\",\"@id\":\"https:\\\/\\\/www.ekoenergy.org\\\/de\\\/ecolabel\\\/criteria\\\/#breadcrumb\",\"itemListElement\":[{\"@type\":\"ListItem\",\"position\":1,\"name\":\"Home\",\"item\":\"https:\\\/\\\/www.ekoenergy.org\\\/de\\\/\"},{\"@type\":\"ListItem\",\"position\":2,\"name\":\"Unser \u00d6kolabel\",\"item\":\"https:\\\/\\\/www.ekoenergy.org\\\/de\\\/ecolabel\\\/\"},{\"@type\":\"ListItem\",\"position\":3,\"name\":\"EKOenergies Kriterien\"}]},{\"@type\":\"WebSite\",\"@id\":\"https:\\\/\\\/www.ekoenergy.org\\\/de\\\/#website\",\"url\":\"https:\\\/\\\/www.ekoenergy.org\\\/de\\\/\",\"name\":\"EKOenergy ecolabel\",\"description\":\"The global nonprofit ecolabel for renewable energy\",\"publisher\":{\"@id\":\"https:\\\/\\\/www.ekoenergy.org\\\/de\\\/#organization\"},\"potentialAction\":[{\"@type\":\"SearchAction\",\"target\":{\"@type\":\"EntryPoint\",\"urlTemplate\":\"https:\\\/\\\/www.ekoenergy.org\\\/de\\\/?s={search_term_string}\"},\"query-input\":{\"@type\":\"PropertyValueSpecification\",\"valueRequired\":true,\"valueName\":\"search_term_string\"}}],\"inLanguage\":\"de\"},{\"@type\":\"Organization\",\"@id\":\"https:\\\/\\\/www.ekoenergy.org\\\/de\\\/#organization\",\"name\":\"Not-for-profit Organisation EKOenergy\",\"url\":\"https:\\\/\\\/www.ekoenergy.org\\\/de\\\/\",\"logo\":{\"@type\":\"ImageObject\",\"inLanguage\":\"de\",\"@id\":\"https:\\\/\\\/www.ekoenergy.org\\\/de\\\/#\\\/schema\\\/logo\\\/image\\\/\",\"url\":\"https:\\\/\\\/www.ekoenergy.org\\\/wp-content\\\/uploads\\\/logo-EKOenergy-no-text.jpg\",\"contentUrl\":\"https:\\\/\\\/www.ekoenergy.org\\\/wp-content\\\/uploads\\\/logo-EKOenergy-no-text.jpg\",\"width\":1600,\"height\":1600,\"caption\":\"Not-for-profit Organisation EKOenergy\"},\"image\":{\"@id\":\"https:\\\/\\\/www.ekoenergy.org\\\/de\\\/#\\\/schema\\\/logo\\\/image\\\/\"},\"sameAs\":[\"https:\\\/\\\/www.facebook.com\\\/EKOenergy.ecolabel\\\/\",\"https:\\\/\\\/x.com\\\/EKOenergy_\",\"https:\\\/\\\/www.instagram.com\\\/ekoenergy\\\/\",\"https:\\\/\\\/www.linkedin.com\\\/company\\\/ekoenergy-ecolabel\\\/\",\"https:\\\/\\\/www.youtube.com\\\/EKOenergy-ecolabel\",\"https:\\\/\\\/en.wikipedia.org\\\/wiki\\\/EKOenergy\"]}]}<\/script>\n<!-- \/ Yoast SEO plugin. -->","yoast_head_json":{"title":"EKOenergies Kriterien - EKOenergy ecolabel","description":"Unsere Kriterienkataloge beschreiben, unter welchen Bedingungen Strom, Gas, W\u00e4rme und K\u00e4lte das EKOenergie-\u00d6kolabel tragen k\u00f6nnen.","robots":{"index":"index","follow":"follow","max-snippet":"max-snippet:-1","max-image-preview":"max-image-preview:large","max-video-preview":"max-video-preview:-1"},"canonical":"https:\/\/www.ekoenergy.org\/de\/ecolabel\/criteria\/","og_locale":"de_DE","og_type":"article","og_title":"EKOenergies Kriterien - EKOenergy ecolabel","og_description":"Unsere Kriterienkataloge beschreiben, unter welchen Bedingungen Strom, Gas, W\u00e4rme und K\u00e4lte das EKOenergie-\u00d6kolabel tragen k\u00f6nnen.","og_url":"https:\/\/www.ekoenergy.org\/de\/ecolabel\/criteria\/","og_site_name":"EKOenergy ecolabel","article_publisher":"https:\/\/www.facebook.com\/EKOenergy.ecolabel\/","article_modified_time":"2023-10-12T09:25:15+00:00","og_image":[{"width":1280,"height":853,"url":"https:\/\/www.ekoenergy.org\/wp-content\/uploads\/Featured-Renewable-Energy.jpg","type":"image\/jpeg"}],"twitter_card":"summary_large_image","twitter_site":"@EKOenergy_","twitter_misc":{"Gesch\u00e4tzte Lesezeit":"2\u00a0Minuten"},"schema":{"@context":"https:\/\/schema.org","@graph":[{"@type":"WebPage","@id":"https:\/\/www.ekoenergy.org\/de\/ecolabel\/criteria\/","url":"https:\/\/www.ekoenergy.org\/de\/ecolabel\/criteria\/","name":"EKOenergies Kriterien - EKOenergy ecolabel","isPartOf":{"@id":"https:\/\/www.ekoenergy.org\/de\/#website"},"primaryImageOfPage":{"@id":"https:\/\/www.ekoenergy.org\/de\/ecolabel\/criteria\/#primaryimage"},"image":{"@id":"https:\/\/www.ekoenergy.org\/de\/ecolabel\/criteria\/#primaryimage"},"thumbnailUrl":"https:\/\/www.ekoenergy.org\/wp-content\/uploads\/Featured-Renewable-Energy.jpg","datePublished":"2020-01-09T13:03:40+00:00","dateModified":"2023-10-12T09:25:15+00:00","description":"Unsere Kriterienkataloge beschreiben, unter welchen Bedingungen Strom, Gas, W\u00e4rme und K\u00e4lte das EKOenergie-\u00d6kolabel tragen k\u00f6nnen.","breadcrumb":{"@id":"https:\/\/www.ekoenergy.org\/de\/ecolabel\/criteria\/#breadcrumb"},"inLanguage":"de","potentialAction":[{"@type":"ReadAction","target":["https:\/\/www.ekoenergy.org\/de\/ecolabel\/criteria\/"]}]},{"@type":"ImageObject","inLanguage":"de","@id":"https:\/\/www.ekoenergy.org\/de\/ecolabel\/criteria\/#primaryimage","url":"https:\/\/www.ekoenergy.org\/wp-content\/uploads\/Featured-Renewable-Energy.jpg","contentUrl":"https:\/\/www.ekoenergy.org\/wp-content\/uploads\/Featured-Renewable-Energy.jpg","width":1280,"height":853},{"@type":"BreadcrumbList","@id":"https:\/\/www.ekoenergy.org\/de\/ecolabel\/criteria\/#breadcrumb","itemListElement":[{"@type":"ListItem","position":1,"name":"Home","item":"https:\/\/www.ekoenergy.org\/de\/"},{"@type":"ListItem","position":2,"name":"Unser \u00d6kolabel","item":"https:\/\/www.ekoenergy.org\/de\/ecolabel\/"},{"@type":"ListItem","position":3,"name":"EKOenergies Kriterien"}]},{"@type":"WebSite","@id":"https:\/\/www.ekoenergy.org\/de\/#website","url":"https:\/\/www.ekoenergy.org\/de\/","name":"EKOenergy ecolabel","description":"The global nonprofit ecolabel for renewable energy","publisher":{"@id":"https:\/\/www.ekoenergy.org\/de\/#organization"},"potentialAction":[{"@type":"SearchAction","target":{"@type":"EntryPoint","urlTemplate":"https:\/\/www.ekoenergy.org\/de\/?s={search_term_string}"},"query-input":{"@type":"PropertyValueSpecification","valueRequired":true,"valueName":"search_term_string"}}],"inLanguage":"de"},{"@type":"Organization","@id":"https:\/\/www.ekoenergy.org\/de\/#organization","name":"Not-for-profit Organisation EKOenergy","url":"https:\/\/www.ekoenergy.org\/de\/","logo":{"@type":"ImageObject","inLanguage":"de","@id":"https:\/\/www.ekoenergy.org\/de\/#\/schema\/logo\/image\/","url":"https:\/\/www.ekoenergy.org\/wp-content\/uploads\/logo-EKOenergy-no-text.jpg","contentUrl":"https:\/\/www.ekoenergy.org\/wp-content\/uploads\/logo-EKOenergy-no-text.jpg","width":1600,"height":1600,"caption":"Not-for-profit Organisation EKOenergy"},"image":{"@id":"https:\/\/www.ekoenergy.org\/de\/#\/schema\/logo\/image\/"},"sameAs":["https:\/\/www.facebook.com\/EKOenergy.ecolabel\/","https:\/\/x.com\/EKOenergy_","https:\/\/www.instagram.com\/ekoenergy\/","https:\/\/www.linkedin.com\/company\/ekoenergy-ecolabel\/","https:\/\/www.youtube.com\/EKOenergy-ecolabel","https:\/\/en.wikipedia.org\/wiki\/EKOenergy"]}]}},"uagb_featured_image_src":{"full":["https:\/\/www.ekoenergy.org\/wp-content\/uploads\/Featured-Renewable-Energy.jpg",1280,853,false],"thumbnail":["https:\/\/www.ekoenergy.org\/wp-content\/uploads\/Featured-Renewable-Energy-150x150.jpg",150,150,true],"medium":["https:\/\/www.ekoenergy.org\/wp-content\/uploads\/Featured-Renewable-Energy-320x213.jpg",320,213,true],"medium_large":["https:\/\/www.ekoenergy.org\/wp-content\/uploads\/Featured-Renewable-Energy-768x512.jpg",768,512,true],"large":["https:\/\/www.ekoenergy.org\/wp-content\/uploads\/Featured-Renewable-Energy-1024x682.jpg",1024,682,true],"1536x1536":["https:\/\/www.ekoenergy.org\/wp-content\/uploads\/Featured-Renewable-Energy.jpg",1280,853,false],"2048x2048":["https:\/\/www.ekoenergy.org\/wp-content\/uploads\/Featured-Renewable-Energy.jpg",1280,853,false]},"uagb_author_info":{"display_name":"EKOenergy ecolabel","author_link":"https:\/\/www.ekoenergy.org\/de\/author\/ekoenergy\/"},"uagb_comment_info":0,"uagb_excerpt":"EKOenergies Kriterien Unser international anerkanntes \u00d6kolabel hilft Verbrauchern dabei, die nachhaltigste erneuerbare Energie zu finden und ihren positiven Einfluss zu verst\u00e4rken. EKOenergie ist ein Label f\u00fcr erneuerbare Energie, nicht f\u00fcr Unternehmen oder Produktionsanlagen. Es gibt EKOenergie-Kriterien f\u00fcr Strom, Gas und W\u00e4rme und K\u00e4lte. Unsere Kriterien stellen Regeln f\u00fcr die Auswirkungen der Energieerzeugung auf die Natur&hellip;","_links":{"self":[{"href":"https:\/\/www.ekoenergy.org\/de\/wp-json\/wp\/v2\/pages\/25304","targetHints":{"allow":["GET"]}}],"collection":[{"href":"https:\/\/www.ekoenergy.org\/de\/wp-json\/wp\/v2\/pages"}],"about":[{"href":"https:\/\/www.ekoenergy.org\/de\/wp-json\/wp\/v2\/types\/page"}],"author":[{"embeddable":true,"href":"https:\/\/www.ekoenergy.org\/de\/wp-json\/wp\/v2\/users\/17"}],"replies":[{"embeddable":true,"href":"https:\/\/www.ekoenergy.org\/de\/wp-json\/wp\/v2\/comments?post=25304"}],"version-history":[{"count":3,"href":"https:\/\/www.ekoenergy.org\/de\/wp-json\/wp\/v2\/pages\/25304\/revisions"}],"predecessor-version":[{"id":151664,"href":"https:\/\/www.ekoenergy.org\/de\/wp-json\/wp\/v2\/pages\/25304\/revisions\/151664"}],"up":[{"embeddable":true,"href":"https:\/\/www.ekoenergy.org\/de\/wp-json\/wp\/v2\/pages\/2692"}],"wp:featuredmedia":[{"embeddable":true,"href":"https:\/\/www.ekoenergy.org\/de\/wp-json\/wp\/v2\/media\/28346"}],"wp:attachment":[{"href":"https:\/\/www.ekoenergy.org\/de\/wp-json\/wp\/v2\/media?parent=25304"}],"curies":[{"name":"wp","href":"https:\/\/api.w.org\/{rel}","templated":true}]}}