{"id":2692,"date":"2019-12-04T13:34:20","date_gmt":"2019-12-04T13:34:20","guid":{"rendered":"https:\/\/www.ekoenergy.org\/ecolabel\/"},"modified":"2023-12-11T12:31:07","modified_gmt":"2023-12-11T10:31:07","slug":"ecolabel","status":"publish","type":"page","link":"https:\/\/www.ekoenergy.org\/de\/ecolabel\/","title":{"rendered":"Unser \u00d6kolabel"},"content":{"rendered":"\n<h1 class=\"wp-block-heading\">Das EKOenergie \u00d6kolabel<\/h1>\n\n\n\n<figure class=\"wp-block-image alignright size-thumbnail\"><img decoding=\"async\" width=\"150\" height=\"150\" src=\"https:\/\/www.ekoenergy.org\/wp-content\/uploads\/\/logo-EKOenergy-no-text-150x150.jpg\" alt=\"Logo-EKOenergy-no-text\" class=\"wp-image-1792\" srcset=\"https:\/\/www.ekoenergy.org\/wp-content\/uploads\/logo-EKOenergy-no-text-150x150.jpg 150w, https:\/\/www.ekoenergy.org\/wp-content\/uploads\/logo-EKOenergy-no-text-300x300.jpg 300w, https:\/\/www.ekoenergy.org\/wp-content\/uploads\/logo-EKOenergy-no-text-1024x1024.jpg 1024w, https:\/\/www.ekoenergy.org\/wp-content\/uploads\/logo-EKOenergy-no-text-768x768.jpg 768w, https:\/\/www.ekoenergy.org\/wp-content\/uploads\/logo-EKOenergy-no-text-1536x1536.jpg 1536w, https:\/\/www.ekoenergy.org\/wp-content\/uploads\/logo-EKOenergy-no-text.jpg 1600w\" sizes=\"(max-width: 150px) 100vw, 150px\" \/><\/figure>\n\n\n\n<p>Das EKOenergie-Label ist ein international anerkanntes Qualit\u00e4tszeichen f\u00fcr erneuerbaren Strom, Gas, W\u00e4rme und K\u00e4lte. Das \u00d6kolabel ist auch ein Kommunikationsinstrument, das von Einzelpersonen und Unternehmen verwendet wird, um ihr Engagement f\u00fcr erneuerbare Energien zu demonstrieren, was andere dazu ermutigt, das Gleiche zu tun. Dies tr\u00e4gt dazu bei, den \u00dcbergang zu einer Welt mit 100% erneuerbaren Energien zu beschleunigen.<\/p>\n\n\n\n<p><a href=\"https:\/\/www.ekoenergy.org\/de\/about-us\/contact-us\/\">Unser internationales und mehrsprachiges Team<\/a> gibt Ihnen gerne weitere Informationen und beantwortet Ihre Fragen. Unsere Materialien sind in \u00fcber 20 Sprachen verf\u00fcgbar.<\/p>\n\n\n\n<h2 class=\"wp-block-heading\">EKOenergies Kriterien in aller K\u00fcrze<\/h2>\n\n\n\n<p>Energie mit dem EKOenergie-Label ist immer zu 100% erneuerbar, aber sie leistet so viel mehr. Das \u00d6kolabel beweist, dass die verbrauchte Energie zus\u00e4tzliche Kriterien erf\u00fcllt, die von einem Netzwerk von Umweltschutz-NGOs festgelegt wurden. Die Verwendung des Labels hilft den Verbrauchern, einen konkreten, zus\u00e4tzlichen Beitrag zu leisten, z.B. durch unseren <a href=\"https:\/\/www.ekoenergy.org\/de\/our-results\/climate-fund\/\">Klimafonds<\/a> und <a href=\"https:\/\/www.ekoenergy.org\/de\/our-results\/environmental-fund\/\">Umweltfonds<\/a>.<\/p>\n\n\n\n<h3 class=\"wp-block-heading\">1. Zuverl\u00e4ssige Nachverfolgung und Vermeidung von Doppelz\u00e4hlungen <\/h3>\n\n\n\n<p>EKOenergie steht f\u00fcr erneuerbare, gr\u00fcne Energie. Um dies beweisen zu k\u00f6nnen, fordern wir, dass der <a href=\"https:\/\/www.ekoenergy.org\/de\/ecolabel\/criteria\/tracking\/\">Ursprung der Energie zuverl\u00e4ssig nachverfolgt wird <\/a>und  dass eine Doppelz\u00e4hlung der gr\u00fcner Energie ausgeschlossen ist (d.h. wir sind absolut sicher, dass nur eine Person oder ein  Unternehmen eine bestimmte MWh erneuerbarer Energie  beanspruchen kann). Daher akzeptieren wir nur  Nachverfolgungs-Instrumente, die die Qualit\u00e4tsanforderungen der <a href=\"https:\/\/ghgprotocol.org\/\" target=\"_blank\" rel=\"noreferrer noopener\">Greenhouse Gas Protocol<\/a>  Scope 2 Guidance erf\u00fcllen. In Europa muss dies \u00fcber das System der  Herkunftsnachweise (Guarantees of Origin) erfolgen, das durch die europ\u00e4ische Gesetzgebung reguliert wird. In Nordamerika wir die Herkunft von EKOenergie durch RECs (Renewable Energy Certificates) nachgewiesen. An anderen Orten akzeptieren  wir andere verl\u00e4ssliche Methoden zum Energie-Tracking, wie nationale Energy Attribute Certificate Programme oder <a href=\"https:\/\/www.irecstandard.org\/\" target=\"_blank\" rel=\"noreferrer noopener\">I-RECs<\/a>. Die Erzeugung und der Verbrauch von Energie m\u00fcssen innerhalb der gleichen Marktgrenzen erfolgen. <\/p>\n\n\n\n<h3 class=\"wp-block-heading\">2. Nachhaltigkeit <\/h3>\n\n\n\n<p>EKOenergie ist nachhaltig erzeugte erneuerbare Energie. Die mit EKOenergie-gelabelte Energie muss die vom EKOenergie-Netzwerk  festgelegten Nachhaltigkeitskriterien erf\u00fcllen. Gr\u00fcne Energie kann nur von EKOenergie-Verk\u00e4ufern mit dem EKOenergie-Label verkauft werden, nachdem  die Kraftwerke vom EKOenergie-Sekretariat oder vom EKOenergie-Vorstand  genehmigt wurden. <a href=\"https:\/\/www.ekoenergy.org\/de\/about-us\/contact-us\/\">Kontaktieren Sie das EKOenergie Sekretariat <\/a>f\u00fcr weitere Informationen. Die Genehmigung ist kostenlos. <\/p>\n\n\n\n<p>Unsere Nachhaltigkeitskriterien umfassen die Folgenden Aspekte: <\/p>\n\n\n\n<ul class=\"wp-block-list\">\n<li><strong>Windenergie<\/strong> und <strong>Solarenergie<\/strong>  k\u00f6nnen als EKOenergie-gelabete Elektizit\u00e4t verkauft werden, wenn sich  die Anlagen au\u00dferhalb von Naturschutzgebieten und wichtigen  Vogelschutzgebieten befinden. Dieselben Regeln gelten f\u00fcr Strom aus  geothermischen Anlagen und aus Energieanlagen auf See.<\/li>\n\n\n\n<li>EKOenergie-gelabelte <strong>Wasserkraft<\/strong> stammt aus  Anlagen, die EKOenergies Nachhaltigkeitskriterien erf\u00fcllen. Anlagen m\u00fcssen einen kontinuierlichen Wasserfluss  sicherstellen, Fischwanderung ber\u00fccksichtigen und Lebensr\u00e4ume f\u00fcr  Wassertiere erhalten.<\/li>\n\n\n\n<li>Im Hinblick auf <strong>Bioenergie<\/strong> (f\u00fcr die Erzeugung von Strom, Biogas und W\u00e4rme) akzeptieren wir nur die Verwendung von organischen Abf\u00e4llen aus der Landwirtschaft, Gemeinden und der Industrie sowie bestimmte Arten von h\u00f6lzerner Biomasse (ausgenommen Wurzeln, St\u00fcmpfe und gro\u00dfe St\u00e4mme). Diese Ressourcen m\u00fcssen in Anlagen f\u00fcr    100 % erneuerbare Energien verwendet werden.<\/li>\n\n\n\n<li>Wir genehmigen auch alle Arten von erneuerbarem Gas, das durch die Umwandlung von erneuerbarer Energie in Gas (<strong>Power-to-Gas<\/strong>) hergestellt wird, wie z. B. gr\u00fcner Wasserstoff, wenn der, f\u00fcr die Gaserzeugung verwendete, erneuerbare Strom unsere Nachhaltigkeitskriterien f\u00fcr Strom erf\u00fcllt.<\/li>\n<\/ul>\n\n\n\n<h3 class=\"wp-block-heading\">3. Zus\u00e4tzliches Engagement durch umweltfreundliche Energieprojekte und F\u00f6rderung erneuerbarer Energien <\/h3>\n\n\n\n<p>Die Verwendung des EKOenergie Labels f\u00fchrt auf verschiedene Weise zu echten Ver\u00e4nderungen. <\/p>\n\n\n\n<p>Wenn Sie&nbsp;EKOenergie-gelabelte&nbsp;Elektrizit\u00e4t, Gas oder W\u00e4rme&nbsp;beziehen, flie\u00dfen immer mindestens 0,10\u20ac (zehn Eurocent) pro MWh in unseren&nbsp;<a href=\"https:\/\/www.ekoenergy.org\/de\/our-results\/climate-fund\/\">Klimafonds<\/a>.&nbsp;Mit diesen Beitr\u00e4gen finanzieren&nbsp;wir saubere Energieprojekte in&nbsp;abgelegenen Gemeinden in Entwicklungsl\u00e4ndern.&nbsp;Auf diese Weise stellen wir sicher, dass Ihre Nachfrage nach EKOenergie-gelabelter Energie zu neuen Anlagen f\u00fcr erneuerbare Energien, an Orten, wo sie am n\u00f6tigsten sind, f\u00fchrt.<\/p>\n\n\n\n<p>Alle von uns finanzierten Projekte werden in einem transparenten Prozess ausgew\u00e4hlt und tragen zur Verwirklichung der <a href=\"https:\/\/www.un.org\/sustainabledevelopment\/sustainable-development-goals\/\" target=\"_blank\" rel=\"noreferrer noopener\">UN-Ziele f\u00fcr nachhaltige Entwicklung (SDGs)<\/a>  bei. Diese Klimaprojekte sind eine der M\u00f6glichkeiten von EKOenergie, zus\u00e4tzliches Engagement zu gew\u00e4hrleisten, d.h. dass Ihr \u00d6kostrombezug zu einem zus\u00e4tzlichen Nutzen f\u00fchrt.<\/p>\n\n\n\n<p>Alle Verbraucher von Energie mit dem EKOenergie-Label helfen uns auch, das Bewusstsein f\u00fcr Fragen der Nachhaltigkeit zu sch\u00e4rfen und erneuerbare Energien weltweit zu f\u00f6rdern. Als Initiative von Umweltorganisationen organisieren wir Kampagnen f\u00fcr saubere Energie und setzen uns f\u00fcr klimafreundliche Gesetzgebung ein.<\/p>\n\n\n\n<h3 class=\"wp-block-heading\">4. Auditierung und \u00dcberpr\u00fcfung <\/h3>\n\n\n\n<p>EKOenergies Sekretariat organisiert einmal j\u00e4hrlich ein Audit, um zu \u00fcberpr\u00fcfen, dass verkaufte\/verbrauchte Mengen mit dem EKOenergie Label die Anforderungen der EKOenergie-Kriterien erf\u00fcllen.\u00a0Das Audit st\u00fctzt sich auf Fakten und Zahlen, die von Beh\u00f6rden und\/oder zuverl\u00e4ssigen Zertifizierungsorganisationen bescheinigt oder best\u00e4tigt wurden. Mehr Informationen finden Sie in diesem Text:\u00a0<a href=\"https:\/\/www.ekoenergy.org\/wp-content\/uploads\/EKOenergy-Criteria-Governance-German.pdf\" target=\"_blank\" rel=\"noreferrer noopener\">&#8222;EKOenerige &#8211; Netzwerk und Label&#8220;<\/a>.<\/p>\n\n\n\n<figure class=\"wp-block-image size-large\"><img fetchpriority=\"high\" decoding=\"async\" width=\"1024\" height=\"683\" src=\"https:\/\/www.ekoenergy.org\/wp-content\/uploads\/\/ekoenergy_word_map_logos_2-1024x683.png\" alt=\"\" class=\"wp-image-102046\" srcset=\"https:\/\/www.ekoenergy.org\/wp-content\/uploads\/ekoenergy_word_map_logos_2-1024x683.png 1024w, https:\/\/www.ekoenergy.org\/wp-content\/uploads\/ekoenergy_word_map_logos_2-320x213.png 320w, https:\/\/www.ekoenergy.org\/wp-content\/uploads\/ekoenergy_word_map_logos_2-768x512.png 768w, https:\/\/www.ekoenergy.org\/wp-content\/uploads\/ekoenergy_word_map_logos_2-1536x1024.png 1536w, https:\/\/www.ekoenergy.org\/wp-content\/uploads\/ekoenergy_word_map_logos_2-2048x1365.png 2048w\" sizes=\"(max-width: 1024px) 100vw, 1024px\" \/><\/figure>\n","protected":false},"excerpt":{"rendered":"<p>Das EKOenergie \u00d6kolabel Das EKOenergie-Label ist ein international anerkanntes Qualit\u00e4tszeichen f\u00fcr erneuerbaren Strom, Gas, W\u00e4rme und K\u00e4lte. Das \u00d6kolabel ist auch ein Kommunikationsinstrument, das von Einzelpersonen und Unternehmen verwendet wird, um ihr Engagement f\u00fcr erneuerbare Energien zu demonstrieren, was andere dazu ermutigt, das Gleiche zu tun. Dies tr\u00e4gt dazu bei, den \u00dcbergang zu einer Welt [&hellip;]<\/p>\n","protected":false},"author":17,"featured_media":28308,"parent":0,"menu_order":0,"comment_status":"closed","ping_status":"closed","template":"","meta":{"inline_featured_image":false,"_uag_custom_page_level_css":"","site-sidebar-layout":"default","site-content-layout":"default","ast-site-content-layout":"default","site-content-style":"default","site-sidebar-style":"default","ast-global-header-display":"","ast-banner-title-visibility":"","ast-main-header-display":"","ast-hfb-above-header-display":"","ast-hfb-below-header-display":"","ast-hfb-mobile-header-display":"","site-post-title":"disabled","ast-breadcrumbs-content":"","ast-featured-img":"","footer-sml-layout":"","ast-disable-related-posts":"","theme-transparent-header-meta":"default","adv-header-id-meta":"","stick-header-meta":"default","header-above-stick-meta":"","header-main-stick-meta":"","header-below-stick-meta":"","astra-migrate-meta-layouts":"default","ast-page-background-enabled":"default","ast-page-background-meta":{"desktop":{"background-color":"","background-image":"","background-repeat":"repeat","background-position":"center center","background-size":"auto","background-attachment":"scroll","background-type":"","background-media":"","overlay-type":"","overlay-color":"","overlay-opacity":"","overlay-gradient":""},"tablet":{"background-color":"","background-image":"","background-repeat":"repeat","background-position":"center center","background-size":"auto","background-attachment":"scroll","background-type":"","background-media":"","overlay-type":"","overlay-color":"","overlay-opacity":"","overlay-gradient":""},"mobile":{"background-color":"","background-image":"","background-repeat":"repeat","background-position":"center center","background-size":"auto","background-attachment":"scroll","background-type":"","background-media":"","overlay-type":"","overlay-color":"","overlay-opacity":"","overlay-gradient":""}},"ast-content-background-meta":{"desktop":{"background-color":"var(--ast-global-color-5)","background-image":"","background-repeat":"repeat","background-position":"center center","background-size":"auto","background-attachment":"scroll","background-type":"","background-media":"","overlay-type":"","overlay-color":"","overlay-opacity":"","overlay-gradient":""},"tablet":{"background-color":"var(--ast-global-color-5)","background-image":"","background-repeat":"repeat","background-position":"center center","background-size":"auto","background-attachment":"scroll","background-type":"","background-media":"","overlay-type":"","overlay-color":"","overlay-opacity":"","overlay-gradient":""},"mobile":{"background-color":"var(--ast-global-color-5)","background-image":"","background-repeat":"repeat","background-position":"center center","background-size":"auto","background-attachment":"scroll","background-type":"","background-media":"","overlay-type":"","overlay-color":"","overlay-opacity":"","overlay-gradient":""}},"footnotes":""},"class_list":["post-2692","page","type-page","status-publish","has-post-thumbnail","hentry"],"yoast_head":"<!-- This site is optimized with the Yoast SEO plugin v27.3 - https:\/\/yoast.com\/product\/yoast-seo-wordpress\/ -->\n<title>Unser \u00d6kolabel - EKOenergy ecolabel<\/title>\n<meta name=\"description\" content=\"Mit der Entscheidung f\u00fcr erneuerbare Energie und unser Label helfen Sie, die Energiewende zu f\u00f6rdern. Hier eine \u00dcbersicht unserer Kriterien\" \/>\n<meta name=\"robots\" content=\"index, follow, max-snippet:-1, max-image-preview:large, max-video-preview:-1\" \/>\n<link rel=\"canonical\" href=\"https:\/\/www.ekoenergy.org\/de\/ecolabel\/\" \/>\n<meta property=\"og:locale\" content=\"de_DE\" \/>\n<meta property=\"og:type\" content=\"article\" \/>\n<meta property=\"og:title\" content=\"Unser \u00d6kolabel - EKOenergy ecolabel\" \/>\n<meta property=\"og:description\" content=\"Mit der Entscheidung f\u00fcr erneuerbare Energie und unser Label helfen Sie, die Energiewende zu f\u00f6rdern. Hier eine \u00dcbersicht unserer Kriterien\" \/>\n<meta property=\"og:url\" content=\"https:\/\/www.ekoenergy.org\/de\/ecolabel\/\" \/>\n<meta property=\"og:site_name\" content=\"EKOenergy ecolabel\" \/>\n<meta property=\"article:publisher\" content=\"https:\/\/www.facebook.com\/EKOenergy.ecolabel\/\" \/>\n<meta property=\"article:modified_time\" content=\"2023-12-11T10:31:07+00:00\" \/>\n<meta property=\"og:image\" content=\"https:\/\/www.ekoenergy.org\/wp-content\/uploads\/Featured-Ecolabel-Jukurit.jpg\" \/>\n\t<meta property=\"og:image:width\" content=\"958\" \/>\n\t<meta property=\"og:image:height\" content=\"587\" \/>\n\t<meta property=\"og:image:type\" content=\"image\/jpeg\" \/>\n<meta name=\"twitter:card\" content=\"summary_large_image\" \/>\n<meta name=\"twitter:site\" content=\"@EKOenergy_\" \/>\n<meta name=\"twitter:label1\" content=\"Gesch\u00e4tzte Lesezeit\" \/>\n\t<meta name=\"twitter:data1\" content=\"4\u00a0Minuten\" \/>\n<script type=\"application\/ld+json\" class=\"yoast-schema-graph\">{\"@context\":\"https:\\\/\\\/schema.org\",\"@graph\":[{\"@type\":\"WebPage\",\"@id\":\"https:\\\/\\\/www.ekoenergy.org\\\/de\\\/ecolabel\\\/\",\"url\":\"https:\\\/\\\/www.ekoenergy.org\\\/de\\\/ecolabel\\\/\",\"name\":\"Unser \u00d6kolabel - EKOenergy ecolabel\",\"isPartOf\":{\"@id\":\"https:\\\/\\\/www.ekoenergy.org\\\/de\\\/#website\"},\"primaryImageOfPage\":{\"@id\":\"https:\\\/\\\/www.ekoenergy.org\\\/de\\\/ecolabel\\\/#primaryimage\"},\"image\":{\"@id\":\"https:\\\/\\\/www.ekoenergy.org\\\/de\\\/ecolabel\\\/#primaryimage\"},\"thumbnailUrl\":\"https:\\\/\\\/www.ekoenergy.org\\\/wp-content\\\/uploads\\\/Featured-Ecolabel-Jukurit.jpg\",\"datePublished\":\"2019-12-04T13:34:20+00:00\",\"dateModified\":\"2023-12-11T10:31:07+00:00\",\"description\":\"Mit der Entscheidung f\u00fcr erneuerbare Energie und unser Label helfen Sie, die Energiewende zu f\u00f6rdern. Hier eine \u00dcbersicht unserer Kriterien\",\"breadcrumb\":{\"@id\":\"https:\\\/\\\/www.ekoenergy.org\\\/de\\\/ecolabel\\\/#breadcrumb\"},\"inLanguage\":\"de\",\"potentialAction\":[{\"@type\":\"ReadAction\",\"target\":[\"https:\\\/\\\/www.ekoenergy.org\\\/de\\\/ecolabel\\\/\"]}]},{\"@type\":\"ImageObject\",\"inLanguage\":\"de\",\"@id\":\"https:\\\/\\\/www.ekoenergy.org\\\/de\\\/ecolabel\\\/#primaryimage\",\"url\":\"https:\\\/\\\/www.ekoenergy.org\\\/wp-content\\\/uploads\\\/Featured-Ecolabel-Jukurit.jpg\",\"contentUrl\":\"https:\\\/\\\/www.ekoenergy.org\\\/wp-content\\\/uploads\\\/Featured-Ecolabel-Jukurit.jpg\",\"width\":958,\"height\":587},{\"@type\":\"BreadcrumbList\",\"@id\":\"https:\\\/\\\/www.ekoenergy.org\\\/de\\\/ecolabel\\\/#breadcrumb\",\"itemListElement\":[{\"@type\":\"ListItem\",\"position\":1,\"name\":\"Home\",\"item\":\"https:\\\/\\\/www.ekoenergy.org\\\/de\\\/\"},{\"@type\":\"ListItem\",\"position\":2,\"name\":\"Unser \u00d6kolabel\"}]},{\"@type\":\"WebSite\",\"@id\":\"https:\\\/\\\/www.ekoenergy.org\\\/de\\\/#website\",\"url\":\"https:\\\/\\\/www.ekoenergy.org\\\/de\\\/\",\"name\":\"EKOenergy ecolabel\",\"description\":\"The global nonprofit ecolabel for renewable energy\",\"publisher\":{\"@id\":\"https:\\\/\\\/www.ekoenergy.org\\\/de\\\/#organization\"},\"potentialAction\":[{\"@type\":\"SearchAction\",\"target\":{\"@type\":\"EntryPoint\",\"urlTemplate\":\"https:\\\/\\\/www.ekoenergy.org\\\/de\\\/?s={search_term_string}\"},\"query-input\":{\"@type\":\"PropertyValueSpecification\",\"valueRequired\":true,\"valueName\":\"search_term_string\"}}],\"inLanguage\":\"de\"},{\"@type\":\"Organization\",\"@id\":\"https:\\\/\\\/www.ekoenergy.org\\\/de\\\/#organization\",\"name\":\"Not-for-profit Organisation EKOenergy\",\"url\":\"https:\\\/\\\/www.ekoenergy.org\\\/de\\\/\",\"logo\":{\"@type\":\"ImageObject\",\"inLanguage\":\"de\",\"@id\":\"https:\\\/\\\/www.ekoenergy.org\\\/de\\\/#\\\/schema\\\/logo\\\/image\\\/\",\"url\":\"https:\\\/\\\/www.ekoenergy.org\\\/wp-content\\\/uploads\\\/logo-EKOenergy-no-text.jpg\",\"contentUrl\":\"https:\\\/\\\/www.ekoenergy.org\\\/wp-content\\\/uploads\\\/logo-EKOenergy-no-text.jpg\",\"width\":1600,\"height\":1600,\"caption\":\"Not-for-profit Organisation EKOenergy\"},\"image\":{\"@id\":\"https:\\\/\\\/www.ekoenergy.org\\\/de\\\/#\\\/schema\\\/logo\\\/image\\\/\"},\"sameAs\":[\"https:\\\/\\\/www.facebook.com\\\/EKOenergy.ecolabel\\\/\",\"https:\\\/\\\/x.com\\\/EKOenergy_\",\"https:\\\/\\\/www.instagram.com\\\/ekoenergy\\\/\",\"https:\\\/\\\/www.linkedin.com\\\/company\\\/ekoenergy-ecolabel\\\/\",\"https:\\\/\\\/www.youtube.com\\\/EKOenergy-ecolabel\",\"https:\\\/\\\/en.wikipedia.org\\\/wiki\\\/EKOenergy\"]}]}<\/script>\n<!-- \/ Yoast SEO plugin. -->","yoast_head_json":{"title":"Unser \u00d6kolabel - EKOenergy ecolabel","description":"Mit der Entscheidung f\u00fcr erneuerbare Energie und unser Label helfen Sie, die Energiewende zu f\u00f6rdern. Hier eine \u00dcbersicht unserer Kriterien","robots":{"index":"index","follow":"follow","max-snippet":"max-snippet:-1","max-image-preview":"max-image-preview:large","max-video-preview":"max-video-preview:-1"},"canonical":"https:\/\/www.ekoenergy.org\/de\/ecolabel\/","og_locale":"de_DE","og_type":"article","og_title":"Unser \u00d6kolabel - EKOenergy ecolabel","og_description":"Mit der Entscheidung f\u00fcr erneuerbare Energie und unser Label helfen Sie, die Energiewende zu f\u00f6rdern. Hier eine \u00dcbersicht unserer Kriterien","og_url":"https:\/\/www.ekoenergy.org\/de\/ecolabel\/","og_site_name":"EKOenergy ecolabel","article_publisher":"https:\/\/www.facebook.com\/EKOenergy.ecolabel\/","article_modified_time":"2023-12-11T10:31:07+00:00","og_image":[{"width":958,"height":587,"url":"https:\/\/www.ekoenergy.org\/wp-content\/uploads\/Featured-Ecolabel-Jukurit.jpg","type":"image\/jpeg"}],"twitter_card":"summary_large_image","twitter_site":"@EKOenergy_","twitter_misc":{"Gesch\u00e4tzte Lesezeit":"4\u00a0Minuten"},"schema":{"@context":"https:\/\/schema.org","@graph":[{"@type":"WebPage","@id":"https:\/\/www.ekoenergy.org\/de\/ecolabel\/","url":"https:\/\/www.ekoenergy.org\/de\/ecolabel\/","name":"Unser \u00d6kolabel - EKOenergy ecolabel","isPartOf":{"@id":"https:\/\/www.ekoenergy.org\/de\/#website"},"primaryImageOfPage":{"@id":"https:\/\/www.ekoenergy.org\/de\/ecolabel\/#primaryimage"},"image":{"@id":"https:\/\/www.ekoenergy.org\/de\/ecolabel\/#primaryimage"},"thumbnailUrl":"https:\/\/www.ekoenergy.org\/wp-content\/uploads\/Featured-Ecolabel-Jukurit.jpg","datePublished":"2019-12-04T13:34:20+00:00","dateModified":"2023-12-11T10:31:07+00:00","description":"Mit der Entscheidung f\u00fcr erneuerbare Energie und unser Label helfen Sie, die Energiewende zu f\u00f6rdern. Hier eine \u00dcbersicht unserer Kriterien","breadcrumb":{"@id":"https:\/\/www.ekoenergy.org\/de\/ecolabel\/#breadcrumb"},"inLanguage":"de","potentialAction":[{"@type":"ReadAction","target":["https:\/\/www.ekoenergy.org\/de\/ecolabel\/"]}]},{"@type":"ImageObject","inLanguage":"de","@id":"https:\/\/www.ekoenergy.org\/de\/ecolabel\/#primaryimage","url":"https:\/\/www.ekoenergy.org\/wp-content\/uploads\/Featured-Ecolabel-Jukurit.jpg","contentUrl":"https:\/\/www.ekoenergy.org\/wp-content\/uploads\/Featured-Ecolabel-Jukurit.jpg","width":958,"height":587},{"@type":"BreadcrumbList","@id":"https:\/\/www.ekoenergy.org\/de\/ecolabel\/#breadcrumb","itemListElement":[{"@type":"ListItem","position":1,"name":"Home","item":"https:\/\/www.ekoenergy.org\/de\/"},{"@type":"ListItem","position":2,"name":"Unser \u00d6kolabel"}]},{"@type":"WebSite","@id":"https:\/\/www.ekoenergy.org\/de\/#website","url":"https:\/\/www.ekoenergy.org\/de\/","name":"EKOenergy ecolabel","description":"The global nonprofit ecolabel for renewable energy","publisher":{"@id":"https:\/\/www.ekoenergy.org\/de\/#organization"},"potentialAction":[{"@type":"SearchAction","target":{"@type":"EntryPoint","urlTemplate":"https:\/\/www.ekoenergy.org\/de\/?s={search_term_string}"},"query-input":{"@type":"PropertyValueSpecification","valueRequired":true,"valueName":"search_term_string"}}],"inLanguage":"de"},{"@type":"Organization","@id":"https:\/\/www.ekoenergy.org\/de\/#organization","name":"Not-for-profit Organisation EKOenergy","url":"https:\/\/www.ekoenergy.org\/de\/","logo":{"@type":"ImageObject","inLanguage":"de","@id":"https:\/\/www.ekoenergy.org\/de\/#\/schema\/logo\/image\/","url":"https:\/\/www.ekoenergy.org\/wp-content\/uploads\/logo-EKOenergy-no-text.jpg","contentUrl":"https:\/\/www.ekoenergy.org\/wp-content\/uploads\/logo-EKOenergy-no-text.jpg","width":1600,"height":1600,"caption":"Not-for-profit Organisation EKOenergy"},"image":{"@id":"https:\/\/www.ekoenergy.org\/de\/#\/schema\/logo\/image\/"},"sameAs":["https:\/\/www.facebook.com\/EKOenergy.ecolabel\/","https:\/\/x.com\/EKOenergy_","https:\/\/www.instagram.com\/ekoenergy\/","https:\/\/www.linkedin.com\/company\/ekoenergy-ecolabel\/","https:\/\/www.youtube.com\/EKOenergy-ecolabel","https:\/\/en.wikipedia.org\/wiki\/EKOenergy"]}]}},"uagb_featured_image_src":{"full":["https:\/\/www.ekoenergy.org\/wp-content\/uploads\/Featured-Ecolabel-Jukurit.jpg",958,587,false],"thumbnail":["https:\/\/www.ekoenergy.org\/wp-content\/uploads\/Featured-Ecolabel-Jukurit-150x150.jpg",150,150,true],"medium":["https:\/\/www.ekoenergy.org\/wp-content\/uploads\/Featured-Ecolabel-Jukurit-320x196.jpg",320,196,true],"medium_large":["https:\/\/www.ekoenergy.org\/wp-content\/uploads\/Featured-Ecolabel-Jukurit-768x471.jpg",768,471,true],"large":["https:\/\/www.ekoenergy.org\/wp-content\/uploads\/Featured-Ecolabel-Jukurit.jpg",958,587,false],"1536x1536":["https:\/\/www.ekoenergy.org\/wp-content\/uploads\/Featured-Ecolabel-Jukurit.jpg",958,587,false],"2048x2048":["https:\/\/www.ekoenergy.org\/wp-content\/uploads\/Featured-Ecolabel-Jukurit.jpg",958,587,false]},"uagb_author_info":{"display_name":"EKOenergy ecolabel","author_link":"https:\/\/www.ekoenergy.org\/de\/author\/ekoenergy\/"},"uagb_comment_info":0,"uagb_excerpt":"Das EKOenergie \u00d6kolabel Das EKOenergie-Label ist ein international anerkanntes Qualit\u00e4tszeichen f\u00fcr erneuerbaren Strom, Gas, W\u00e4rme und K\u00e4lte. Das \u00d6kolabel ist auch ein Kommunikationsinstrument, das von Einzelpersonen und Unternehmen verwendet wird, um ihr Engagement f\u00fcr erneuerbare Energien zu demonstrieren, was andere dazu ermutigt, das Gleiche zu tun. Dies tr\u00e4gt dazu bei, den \u00dcbergang zu einer Welt&hellip;","_links":{"self":[{"href":"https:\/\/www.ekoenergy.org\/de\/wp-json\/wp\/v2\/pages\/2692","targetHints":{"allow":["GET"]}}],"collection":[{"href":"https:\/\/www.ekoenergy.org\/de\/wp-json\/wp\/v2\/pages"}],"about":[{"href":"https:\/\/www.ekoenergy.org\/de\/wp-json\/wp\/v2\/types\/page"}],"author":[{"embeddable":true,"href":"https:\/\/www.ekoenergy.org\/de\/wp-json\/wp\/v2\/users\/17"}],"replies":[{"embeddable":true,"href":"https:\/\/www.ekoenergy.org\/de\/wp-json\/wp\/v2\/comments?post=2692"}],"version-history":[{"count":3,"href":"https:\/\/www.ekoenergy.org\/de\/wp-json\/wp\/v2\/pages\/2692\/revisions"}],"predecessor-version":[{"id":155359,"href":"https:\/\/www.ekoenergy.org\/de\/wp-json\/wp\/v2\/pages\/2692\/revisions\/155359"}],"wp:featuredmedia":[{"embeddable":true,"href":"https:\/\/www.ekoenergy.org\/de\/wp-json\/wp\/v2\/media\/28308"}],"wp:attachment":[{"href":"https:\/\/www.ekoenergy.org\/de\/wp-json\/wp\/v2\/media?parent=2692"}],"curies":[{"name":"wp","href":"https:\/\/api.w.org\/{rel}","templated":true}]}}