{"id":2813,"date":"2019-12-04T13:51:33","date_gmt":"2019-12-04T13:51:33","guid":{"rendered":"https:\/\/www.ekoenergy.org\/our-results\/"},"modified":"2022-10-04T12:36:44","modified_gmt":"2022-10-04T09:36:44","slug":"our-results","status":"publish","type":"page","link":"https:\/\/www.ekoenergy.org\/de\/our-results\/","title":{"rendered":"Erfolge"},"content":{"rendered":"\n<h1 class=\"wp-block-heading\">Unsere Erfolge <\/h1>\n\n\n\n<figure class=\"wp-block-image alignright size-large is-resized is-style-default\"><a href=\"https:\/\/www.ekoenergy.org\/de\/ekoenergy-is-featured-in-un-desa-sdg-publication\/\" target=\"_blank\" rel=\"noopener\"><img fetchpriority=\"high\" decoding=\"async\" src=\"https:\/\/www.ekoenergy.org\/wp-content\/uploads\/One-label-six-goals-1024x707-1.png\" alt=\"\" class=\"wp-image-98230\" width=\"298\" height=\"205\" srcset=\"https:\/\/www.ekoenergy.org\/wp-content\/uploads\/One-label-six-goals-1024x707-1.png 1024w, https:\/\/www.ekoenergy.org\/wp-content\/uploads\/One-label-six-goals-1024x707-1-320x221.png 320w, https:\/\/www.ekoenergy.org\/wp-content\/uploads\/One-label-six-goals-1024x707-1-768x530.png 768w\" sizes=\"(max-width: 298px) 100vw, 298px\" \/><\/a><\/figure>\n\n\n\n<p>EKOenergie setzt sich f\u00fcr den Schutz der Natur und f\u00fcr die Bek\u00e4mpfung des Klimawandels ein, indem es Einzelpersonen und Energieverbrauchern hilft, auf 100 Prozent nachhaltige und erneuerbare Energie umzusteigen.  Seit unserer Gr\u00fcndung im Jahr 2013 haben wir bereits viel erreicht. Unsere Fortschritte sind in unserem Bericht <a rel=\"noreferrer noopener\" href=\"https:\/\/www.ekoenergy.org\/wp-content\/uploads\/Report-EKOenergy-First-Five-Years-German.pdf\" target=\"_blank\">F\u00fcnf Jahre EKOenergie \u2013 2013 bis 2018<\/a> aufgef\u00fchrt. <\/p>\n\n\n\n<p>Wir f\u00f6rdern erneuerbare Energie weltweit, einerseits durch unsere  Kontakte zu gro\u00dfen Energieverbrauchern, aber auch durch eine  Zusammenarbeit mit Umweltorganisationen und CSR-Netzwerken weltweit.  Unser <a href=\"https:\/\/www.ekoenergy.org\/de\/our-results\/climate-fund\/\">Klimafonds <\/a>unterst\u00fctzt  Projekte f\u00fcr erneuerbare Energien in Entwicklungsl\u00e4ndern, die auf die  Bek\u00e4mpfung von Energiearmut abzielen. Unser Umweltfonds finanziert <a href=\"https:\/\/www.ekoenergy.org\/de\/our-results\/environmental-fund\/\">Umweltprojekte<\/a> f\u00fcr bedrohte Fluss\u00f6kosysteme. <\/p>\n\n\n\n<h2 class=\"wp-block-heading\">Entwicklung von Methoden zur St\u00e4rkung von Verbrauchern <\/h2>\n\n\n\n<p>In vielen Teilen der Welt spielen Verbraucher auf dem Energiemarkt eine nur sehr begrenzte Rolle. Es ist oft schwierig oder gar unm\u00f6glich, gr\u00fcne  Energie zu w\u00e4hlen und aktiv zur Energiewende beizutragen. EKOenergie  ist an der Entwicklung von Methoden beteiligt, die den Verbrauchern mehr  Auswahlm\u00f6glichkeiten und Einfluss auf dem Markt verschaffen. Einige  unserer wichtigsten Erfolge finden Sie im Folgenden. <\/p>\n\n\n\n<ul class=\"wp-block-list\"><li>Wir haben signifikante Beitr\u00e4ge zur Entwicklung der Scope-2-Leitlinien f\u00fcr das <a rel=\"noreferrer noopener\" href=\"https:\/\/ghgprotocol.org\/\" target=\"_blank\">Greenhouse Gas Protocol <\/a>geleistet.<\/li><li>Wir waren einer der Ersten, die <a rel=\"noreferrer noopener\" href=\"https:\/\/www.internationalrec.org\/\" target=\"_blank\">I-REC<\/a>,  den internationalen Standard f\u00fcr Zertifikate f\u00fcr erneuerbare Energie,  unterst\u00fctzt haben. I-RECs erm\u00f6glichen die Energieverfolgung auch  au\u00dferhalb Europas und den USA. Wir waren unter den Ersten, die mit  diesem Standard in L\u00e4ndern wie China und Brasilien gearbeitet haben.<\/li><li>Wir haben viel Informationsmaterial \u00fcber Gr\u00fcnstrom generell und  insbesonders \u00fcber den Bezug von \u00d6kostrom entwickelt. Viele unserer  Publikationen sind in verschiedensten Sprachen verf\u00fcgbar. Beispielsweise  ist unser Online-Kurs <a href=\"https:\/\/youtu.be\/udpm6taiDcQ\" target=\"_blank\" rel=\"noreferrer noopener\" aria-label=\" (opens in a new tab)\">Green Power \u2013 buying renewable electricity for LEED and carbon accounting<\/a>, den wir in Zusammenarbeit mit LEED und dem US Green Building Council durchgef\u00fchrt haben, in vier Sprachen verf\u00fcgbar. <\/li><\/ul>\n\n\n\n<h2 class=\"wp-block-heading\">F\u00fcr eine 100% nachhaltige Welt eintreten <\/h2>\n\n\n\n<p>Das EKOenergie-Label ist ein Werkzeug, mit dem f\u00fcr erneuerbare Energie geworben wird. Mit EKOenergie gekennzeichnete Energie wird mittlerweile <strong>in \u00fcber 60 verschiedenen L\u00e4ndern<\/strong>  weltweit verkauft. Immer mehr Unternehmen kommunizieren aktiv \u00fcber ihr Engagement f\u00fcr umweltfreundliche und nachhaltige Energie. <\/p>\n\n\n\n<p>Mit wachsender Sichtbarkeit und positivem Einfluss, haben wir die M\u00f6glichkeit mehr Aufwand in die Bef\u00fcrwortung erneuerbarer Energien zu stecken, um sie zur Norm zu machen. Zus\u00e4tzlich zu unseren konkreten Ergebnissen, f\u00f6rdern wir auch <a href=\"https:\/\/www.ekoenergy.org\/our-results\/advocacy\/\">die Nutzung erneuerbarer Energien als Mittel zur Unterst\u00fctzung von Klimaschutzma\u00dfnahmen<\/a> (englisch).\u00a0<\/p>\n\n\n\n<p>Wir sind Mitglied des <a rel=\"noreferrer noopener\" href=\"https:\/\/www.caneurope.org\/\" target=\"_blank\">Climate Action Networks (Europe)<\/a>, der<a rel=\"noreferrer noopener\" href=\"https:\/\/www.go100re.net\/\" target=\"_blank\"> Global 100% RE Campaign<\/a> und der <a rel=\"noreferrer noopener\" href=\"https:\/\/coalition.irena.org\/\" target=\"_blank\">IRENA\u2019s Coalition for Action<\/a>.  Wir haben an vielen Publikationen \u00fcber die Realisierbarkeit einer  komplett erneuerbaren Welt mitgearbeitet und unterst\u00fctzen Aktionen und  Kampagnen gegen Subventionen f\u00fcr fossile Brennstoffe. <\/p>\n\n\n\n<h2 class=\"wp-block-heading\"> Schutz der Artenviefalt <\/h2>\n\n\n\n<figure class=\"wp-block-image alignleft size-medium\"><img decoding=\"async\" width=\"320\" height=\"240\" src=\"https:\/\/www.ekoenergy.org\/wp-content\/uploads\/\/River_restoration_vihti-people-on-bridge--320x240.jpg\" alt=\"River_restoration_vihti people on bridge\" class=\"wp-image-13335\" srcset=\"https:\/\/www.ekoenergy.org\/wp-content\/uploads\/River_restoration_vihti-people-on-bridge--320x240.jpg 320w, https:\/\/www.ekoenergy.org\/wp-content\/uploads\/River_restoration_vihti-people-on-bridge-.jpg 640w\" sizes=\"(max-width: 320px) 100vw, 320px\" \/><\/figure>\n\n\n\n<p>Wir binden Energieunternehmen und Energieverbraucher in einen  regelm\u00e4\u00dfigen Diskurs \u00fcber die Auswirkungen der Energieerzeugung auf die  Natur ein. Als Teilnehmer am <a href=\"https:\/\/www.ekoenergy.org\/de\/our-results\/freshabit\/\">LIFE Freshabit-Projekt<\/a> haben wir die Website <a href=\"https:\/\/www.vesivoimanluonto.org\" target=\"_blank\" rel=\"noreferrer noopener\" aria-label=\" (opens in a new tab)\">Die Natur der Wasserkraft (Hydropower Nature)<\/a> gestartet, die zahlreiche Informationen \u00fcber die Auswirkungen von Wasserkraft auf Fluss\u00f6kosysteme enth\u00e4lt. <\/p>\n\n\n\n<p>Durch den Einsatz von EKOenergie-zertifizierter Energie stellen gro\u00dfe  Unternehmen eine Verbindung zwischen ihren CO2-Reduktionszielen  einerseits und ihrem Engagement f\u00fcr Natur und Artenvielfalt andererseits  her. <\/p>\n\n\n\n<p>Wir finanzieren eine Reihe von Projekten, die die Artenvielfalt in  Fl\u00fcssen f\u00f6rdern. F\u00fcr jede Megawattstunde an verkaufter  EKOenergie-Wasserkraft muss ein Beitrag von mindestens 0,10\u20ac (zehn Cent)  in den EKOenergie-Umweltfonds eingezahlt werden. Diese Beitr\u00e4ge werden  verwendet, um beispielsweise Fischtreppen an Staud\u00e4mmen zu errichten,  Laichgebiete wiederherzustellen und noch vieles mehr zu finanzieren.  Weitere Informationen finden Sie auf unserer Seite \u00fcber den <a href=\"https:\/\/www.ekoenergy.org\/de\/our-results\/environmental-fund\/\">Umweltfonds<\/a>. <\/p>\n\n\n\n<h2 class=\"wp-block-heading\">Saubere Energieprojekte zur Armutsbek\u00e4mpfung <\/h2>\n\n\n\n<figure class=\"wp-block-image alignright size-large\"><img decoding=\"async\" width=\"150\" height=\"150\" src=\"https:\/\/www.ekoenergy.org\/wp-content\/uploads\/Solar_panels_installing_on_roof_Myanmar.jpg\" alt=\"Solar_panels_installing_on_roof_Myanmar\" class=\"wp-image-13389\"\/><\/figure>\n\n\n\n<p>F\u00fcr jede verkaufte Megawattstunde an EKOenergie-zertifizierter Energie  gehen mindestens 0,10\u20ac an unseren Klimafonds. Dieser finanziert neue  Projekte f\u00fcr erneuerbare Energien (haupts\u00e4chlich Solarenergieprojekte),  die Energiearmut lindern und Nachhaltigkeit f\u00f6rdern. <\/p>\n\n\n\n<p>Auf unserer <a href=\"https:\/\/www.ekoenergy.org\/de\/our-results\/climate-fund\/\">Klimafonds-Seite<\/a> erfahren Sie mehr \u00fcber die Projekte. <\/p>\n\n\n\n<h2 class=\"wp-block-heading\">Helfen Sie uns, mehr zu tun <\/h2>\n\n\n\n<p>Unsere Erfolge w\u00e4ren ohne die Unterst\u00fctzung von Tausenden  EKOenergie-Verbrauchern nicht m\u00f6glich. Auch Sie k\u00f6nnen uns dabei helfen,  mehr zu erreichen. Steigen auch Sie auf EKOenergie-zertifizierte  Energie um und \u00fcberzeugen Sie auch Ihre Freunde und Kollegen davon,  nachhaltiger zu handeln. <\/p>\n\n\n\n<p>Folgen Sie uns auf <a rel=\"noreferrer noopener\" href=\"https:\/\/www.facebook.com\/EKOenergy.ecolabel\" target=\"_blank\">Facebook<\/a>, <a rel=\"noreferrer noopener\" href=\"https:\/\/twitter.com\/EKOenergy_\" target=\"_blank\">Twitter<\/a>, <a rel=\"noreferrer noopener\" href=\"https:\/\/www.instagram.com\/ekoenergy\/\" target=\"_blank\"> Instagram<\/a>, <a rel=\"noreferrer noopener\" href=\"https:\/\/www.youtube.com\/channel\/UCJtqduD7ghXHFM0uU06J7TA\" target=\"_blank\">YouTube<\/a> und <a rel=\"noreferrer noopener\" href=\"https:\/\/www.linkedin.com\/company\/ekoenergy-ecolabel\/\" target=\"_blank\">LinkedIn<\/a> f\u00fcr weitere Informationen. <\/p>\n","protected":false},"excerpt":{"rendered":"<p>Unsere Erfolge EKOenergie setzt sich f\u00fcr den Schutz der Natur und f\u00fcr die Bek\u00e4mpfung des Klimawandels ein, indem es Einzelpersonen und Energieverbrauchern hilft, auf 100 Prozent nachhaltige und erneuerbare Energie umzusteigen. Seit unserer Gr\u00fcndung im Jahr 2013 haben wir bereits viel erreicht. Unsere Fortschritte sind in unserem Bericht F\u00fcnf Jahre EKOenergie \u2013 2013 bis 2018 [&hellip;]<\/p>\n","protected":false},"author":17,"featured_media":94078,"parent":0,"menu_order":0,"comment_status":"closed","ping_status":"closed","template":"","meta":{"inline_featured_image":false,"_uag_custom_page_level_css":"","site-sidebar-layout":"default","site-content-layout":"default","ast-site-content-layout":"default","site-content-style":"default","site-sidebar-style":"default","ast-global-header-display":"","ast-banner-title-visibility":"","ast-main-header-display":"","ast-hfb-above-header-display":"","ast-hfb-below-header-display":"","ast-hfb-mobile-header-display":"","site-post-title":"disabled","ast-breadcrumbs-content":"","ast-featured-img":"","footer-sml-layout":"","ast-disable-related-posts":"","theme-transparent-header-meta":"default","adv-header-id-meta":"","stick-header-meta":"default","header-above-stick-meta":"","header-main-stick-meta":"","header-below-stick-meta":"","astra-migrate-meta-layouts":"default","ast-page-background-enabled":"default","ast-page-background-meta":{"desktop":{"background-color":"","background-image":"","background-repeat":"repeat","background-position":"center center","background-size":"auto","background-attachment":"scroll","background-type":"","background-media":"","overlay-type":"","overlay-color":"","overlay-opacity":"","overlay-gradient":""},"tablet":{"background-color":"","background-image":"","background-repeat":"repeat","background-position":"center center","background-size":"auto","background-attachment":"scroll","background-type":"","background-media":"","overlay-type":"","overlay-color":"","overlay-opacity":"","overlay-gradient":""},"mobile":{"background-color":"","background-image":"","background-repeat":"repeat","background-position":"center center","background-size":"auto","background-attachment":"scroll","background-type":"","background-media":"","overlay-type":"","overlay-color":"","overlay-opacity":"","overlay-gradient":""}},"ast-content-background-meta":{"desktop":{"background-color":"var(--ast-global-color-5)","background-image":"","background-repeat":"repeat","background-position":"center center","background-size":"auto","background-attachment":"scroll","background-type":"","background-media":"","overlay-type":"","overlay-color":"","overlay-opacity":"","overlay-gradient":""},"tablet":{"background-color":"var(--ast-global-color-5)","background-image":"","background-repeat":"repeat","background-position":"center center","background-size":"auto","background-attachment":"scroll","background-type":"","background-media":"","overlay-type":"","overlay-color":"","overlay-opacity":"","overlay-gradient":""},"mobile":{"background-color":"var(--ast-global-color-5)","background-image":"","background-repeat":"repeat","background-position":"center center","background-size":"auto","background-attachment":"scroll","background-type":"","background-media":"","overlay-type":"","overlay-color":"","overlay-opacity":"","overlay-gradient":""}},"footnotes":""},"class_list":["post-2813","page","type-page","status-publish","has-post-thumbnail","hentry"],"yoast_head":"<!-- This site is optimized with the Yoast SEO plugin v27.5 - https:\/\/yoast.com\/product\/yoast-seo-wordpress\/ -->\n<title>Erfolge - EKOenergy ecolabel<\/title>\n<meta name=\"description\" content=\"EKOenergie engagiert sich f\u00fcr den Naturschutz und die Bek\u00e4mpfung des Klimawandels. Hier finden Sie unserer konkreten Ergebnisse seit 2013.\" \/>\n<meta name=\"robots\" content=\"index, follow, max-snippet:-1, max-image-preview:large, max-video-preview:-1\" \/>\n<link rel=\"canonical\" href=\"https:\/\/www.ekoenergy.org\/de\/our-results\/\" \/>\n<meta property=\"og:locale\" content=\"de_DE\" \/>\n<meta property=\"og:type\" content=\"article\" \/>\n<meta property=\"og:title\" content=\"Erfolge - EKOenergy ecolabel\" \/>\n<meta property=\"og:description\" content=\"EKOenergie engagiert sich f\u00fcr den Naturschutz und die Bek\u00e4mpfung des Klimawandels. Hier finden Sie unserer konkreten Ergebnisse seit 2013.\" \/>\n<meta property=\"og:url\" content=\"https:\/\/www.ekoenergy.org\/de\/our-results\/\" \/>\n<meta property=\"og:site_name\" content=\"EKOenergy ecolabel\" \/>\n<meta property=\"article:publisher\" content=\"https:\/\/www.facebook.com\/EKOenergy.ecolabel\/\" \/>\n<meta property=\"article:modified_time\" content=\"2022-10-04T09:36:44+00:00\" \/>\n<meta property=\"og:image\" content=\"https:\/\/www.ekoenergy.org\/wp-content\/uploads\/One-label-six-goals.jpg\" \/>\n\t<meta property=\"og:image:width\" content=\"1272\" \/>\n\t<meta property=\"og:image:height\" content=\"831\" \/>\n\t<meta property=\"og:image:type\" content=\"image\/jpeg\" \/>\n<meta name=\"twitter:card\" content=\"summary_large_image\" \/>\n<meta name=\"twitter:site\" content=\"@EKOenergy_\" \/>\n<meta name=\"twitter:label1\" content=\"Gesch\u00e4tzte Lesezeit\" \/>\n\t<meta name=\"twitter:data1\" content=\"4\u00a0Minuten\" \/>\n<script type=\"application\/ld+json\" class=\"yoast-schema-graph\">{\"@context\":\"https:\\\/\\\/schema.org\",\"@graph\":[{\"@type\":\"WebPage\",\"@id\":\"https:\\\/\\\/www.ekoenergy.org\\\/de\\\/our-results\\\/\",\"url\":\"https:\\\/\\\/www.ekoenergy.org\\\/de\\\/our-results\\\/\",\"name\":\"Erfolge - EKOenergy ecolabel\",\"isPartOf\":{\"@id\":\"https:\\\/\\\/www.ekoenergy.org\\\/de\\\/#website\"},\"primaryImageOfPage\":{\"@id\":\"https:\\\/\\\/www.ekoenergy.org\\\/de\\\/our-results\\\/#primaryimage\"},\"image\":{\"@id\":\"https:\\\/\\\/www.ekoenergy.org\\\/de\\\/our-results\\\/#primaryimage\"},\"thumbnailUrl\":\"https:\\\/\\\/www.ekoenergy.org\\\/wp-content\\\/uploads\\\/One-label-six-goals.jpg\",\"datePublished\":\"2019-12-04T13:51:33+00:00\",\"dateModified\":\"2022-10-04T09:36:44+00:00\",\"description\":\"EKOenergie engagiert sich f\u00fcr den Naturschutz und die Bek\u00e4mpfung des Klimawandels. Hier finden Sie unserer konkreten Ergebnisse seit 2013.\",\"breadcrumb\":{\"@id\":\"https:\\\/\\\/www.ekoenergy.org\\\/de\\\/our-results\\\/#breadcrumb\"},\"inLanguage\":\"de\",\"potentialAction\":[{\"@type\":\"ReadAction\",\"target\":[\"https:\\\/\\\/www.ekoenergy.org\\\/de\\\/our-results\\\/\"]}]},{\"@type\":\"ImageObject\",\"inLanguage\":\"de\",\"@id\":\"https:\\\/\\\/www.ekoenergy.org\\\/de\\\/our-results\\\/#primaryimage\",\"url\":\"https:\\\/\\\/www.ekoenergy.org\\\/wp-content\\\/uploads\\\/One-label-six-goals.jpg\",\"contentUrl\":\"https:\\\/\\\/www.ekoenergy.org\\\/wp-content\\\/uploads\\\/One-label-six-goals.jpg\",\"width\":1272,\"height\":831,\"caption\":\"EKOenergy: One label, six goals SDGs\"},{\"@type\":\"BreadcrumbList\",\"@id\":\"https:\\\/\\\/www.ekoenergy.org\\\/de\\\/our-results\\\/#breadcrumb\",\"itemListElement\":[{\"@type\":\"ListItem\",\"position\":1,\"name\":\"Home\",\"item\":\"https:\\\/\\\/www.ekoenergy.org\\\/de\\\/\"},{\"@type\":\"ListItem\",\"position\":2,\"name\":\"Erfolge\"}]},{\"@type\":\"WebSite\",\"@id\":\"https:\\\/\\\/www.ekoenergy.org\\\/de\\\/#website\",\"url\":\"https:\\\/\\\/www.ekoenergy.org\\\/de\\\/\",\"name\":\"EKOenergy ecolabel\",\"description\":\"The global nonprofit ecolabel for renewable energy\",\"publisher\":{\"@id\":\"https:\\\/\\\/www.ekoenergy.org\\\/de\\\/#organization\"},\"potentialAction\":[{\"@type\":\"SearchAction\",\"target\":{\"@type\":\"EntryPoint\",\"urlTemplate\":\"https:\\\/\\\/www.ekoenergy.org\\\/de\\\/?s={search_term_string}\"},\"query-input\":{\"@type\":\"PropertyValueSpecification\",\"valueRequired\":true,\"valueName\":\"search_term_string\"}}],\"inLanguage\":\"de\"},{\"@type\":\"Organization\",\"@id\":\"https:\\\/\\\/www.ekoenergy.org\\\/de\\\/#organization\",\"name\":\"Not-for-profit Organisation EKOenergy\",\"url\":\"https:\\\/\\\/www.ekoenergy.org\\\/de\\\/\",\"logo\":{\"@type\":\"ImageObject\",\"inLanguage\":\"de\",\"@id\":\"https:\\\/\\\/www.ekoenergy.org\\\/de\\\/#\\\/schema\\\/logo\\\/image\\\/\",\"url\":\"https:\\\/\\\/www.ekoenergy.org\\\/wp-content\\\/uploads\\\/logo-EKOenergy-no-text.jpg\",\"contentUrl\":\"https:\\\/\\\/www.ekoenergy.org\\\/wp-content\\\/uploads\\\/logo-EKOenergy-no-text.jpg\",\"width\":1600,\"height\":1600,\"caption\":\"Not-for-profit Organisation EKOenergy\"},\"image\":{\"@id\":\"https:\\\/\\\/www.ekoenergy.org\\\/de\\\/#\\\/schema\\\/logo\\\/image\\\/\"},\"sameAs\":[\"https:\\\/\\\/www.facebook.com\\\/EKOenergy.ecolabel\\\/\",\"https:\\\/\\\/x.com\\\/EKOenergy_\",\"https:\\\/\\\/www.instagram.com\\\/ekoenergy\\\/\",\"https:\\\/\\\/www.linkedin.com\\\/company\\\/ekoenergy-ecolabel\\\/\",\"https:\\\/\\\/www.youtube.com\\\/EKOenergy-ecolabel\",\"https:\\\/\\\/en.wikipedia.org\\\/wiki\\\/EKOenergy\"]}]}<\/script>\n<!-- \/ Yoast SEO plugin. -->","yoast_head_json":{"title":"Erfolge - EKOenergy ecolabel","description":"EKOenergie engagiert sich f\u00fcr den Naturschutz und die Bek\u00e4mpfung des Klimawandels. Hier finden Sie unserer konkreten Ergebnisse seit 2013.","robots":{"index":"index","follow":"follow","max-snippet":"max-snippet:-1","max-image-preview":"max-image-preview:large","max-video-preview":"max-video-preview:-1"},"canonical":"https:\/\/www.ekoenergy.org\/de\/our-results\/","og_locale":"de_DE","og_type":"article","og_title":"Erfolge - EKOenergy ecolabel","og_description":"EKOenergie engagiert sich f\u00fcr den Naturschutz und die Bek\u00e4mpfung des Klimawandels. Hier finden Sie unserer konkreten Ergebnisse seit 2013.","og_url":"https:\/\/www.ekoenergy.org\/de\/our-results\/","og_site_name":"EKOenergy ecolabel","article_publisher":"https:\/\/www.facebook.com\/EKOenergy.ecolabel\/","article_modified_time":"2022-10-04T09:36:44+00:00","og_image":[{"width":1272,"height":831,"url":"https:\/\/www.ekoenergy.org\/wp-content\/uploads\/One-label-six-goals.jpg","type":"image\/jpeg"}],"twitter_card":"summary_large_image","twitter_site":"@EKOenergy_","twitter_misc":{"Gesch\u00e4tzte Lesezeit":"4\u00a0Minuten"},"schema":{"@context":"https:\/\/schema.org","@graph":[{"@type":"WebPage","@id":"https:\/\/www.ekoenergy.org\/de\/our-results\/","url":"https:\/\/www.ekoenergy.org\/de\/our-results\/","name":"Erfolge - EKOenergy ecolabel","isPartOf":{"@id":"https:\/\/www.ekoenergy.org\/de\/#website"},"primaryImageOfPage":{"@id":"https:\/\/www.ekoenergy.org\/de\/our-results\/#primaryimage"},"image":{"@id":"https:\/\/www.ekoenergy.org\/de\/our-results\/#primaryimage"},"thumbnailUrl":"https:\/\/www.ekoenergy.org\/wp-content\/uploads\/One-label-six-goals.jpg","datePublished":"2019-12-04T13:51:33+00:00","dateModified":"2022-10-04T09:36:44+00:00","description":"EKOenergie engagiert sich f\u00fcr den Naturschutz und die Bek\u00e4mpfung des Klimawandels. Hier finden Sie unserer konkreten Ergebnisse seit 2013.","breadcrumb":{"@id":"https:\/\/www.ekoenergy.org\/de\/our-results\/#breadcrumb"},"inLanguage":"de","potentialAction":[{"@type":"ReadAction","target":["https:\/\/www.ekoenergy.org\/de\/our-results\/"]}]},{"@type":"ImageObject","inLanguage":"de","@id":"https:\/\/www.ekoenergy.org\/de\/our-results\/#primaryimage","url":"https:\/\/www.ekoenergy.org\/wp-content\/uploads\/One-label-six-goals.jpg","contentUrl":"https:\/\/www.ekoenergy.org\/wp-content\/uploads\/One-label-six-goals.jpg","width":1272,"height":831,"caption":"EKOenergy: One label, six goals SDGs"},{"@type":"BreadcrumbList","@id":"https:\/\/www.ekoenergy.org\/de\/our-results\/#breadcrumb","itemListElement":[{"@type":"ListItem","position":1,"name":"Home","item":"https:\/\/www.ekoenergy.org\/de\/"},{"@type":"ListItem","position":2,"name":"Erfolge"}]},{"@type":"WebSite","@id":"https:\/\/www.ekoenergy.org\/de\/#website","url":"https:\/\/www.ekoenergy.org\/de\/","name":"EKOenergy ecolabel","description":"The global nonprofit ecolabel for renewable energy","publisher":{"@id":"https:\/\/www.ekoenergy.org\/de\/#organization"},"potentialAction":[{"@type":"SearchAction","target":{"@type":"EntryPoint","urlTemplate":"https:\/\/www.ekoenergy.org\/de\/?s={search_term_string}"},"query-input":{"@type":"PropertyValueSpecification","valueRequired":true,"valueName":"search_term_string"}}],"inLanguage":"de"},{"@type":"Organization","@id":"https:\/\/www.ekoenergy.org\/de\/#organization","name":"Not-for-profit Organisation EKOenergy","url":"https:\/\/www.ekoenergy.org\/de\/","logo":{"@type":"ImageObject","inLanguage":"de","@id":"https:\/\/www.ekoenergy.org\/de\/#\/schema\/logo\/image\/","url":"https:\/\/www.ekoenergy.org\/wp-content\/uploads\/logo-EKOenergy-no-text.jpg","contentUrl":"https:\/\/www.ekoenergy.org\/wp-content\/uploads\/logo-EKOenergy-no-text.jpg","width":1600,"height":1600,"caption":"Not-for-profit Organisation EKOenergy"},"image":{"@id":"https:\/\/www.ekoenergy.org\/de\/#\/schema\/logo\/image\/"},"sameAs":["https:\/\/www.facebook.com\/EKOenergy.ecolabel\/","https:\/\/x.com\/EKOenergy_","https:\/\/www.instagram.com\/ekoenergy\/","https:\/\/www.linkedin.com\/company\/ekoenergy-ecolabel\/","https:\/\/www.youtube.com\/EKOenergy-ecolabel","https:\/\/en.wikipedia.org\/wiki\/EKOenergy"]}]}},"uagb_featured_image_src":{"full":["https:\/\/www.ekoenergy.org\/wp-content\/uploads\/One-label-six-goals.jpg",1272,831,false],"thumbnail":["https:\/\/www.ekoenergy.org\/wp-content\/uploads\/One-label-six-goals-150x150.jpg",150,150,true],"medium":["https:\/\/www.ekoenergy.org\/wp-content\/uploads\/One-label-six-goals-320x209.jpg",320,209,true],"medium_large":["https:\/\/www.ekoenergy.org\/wp-content\/uploads\/One-label-six-goals-768x502.jpg",768,502,true],"large":["https:\/\/www.ekoenergy.org\/wp-content\/uploads\/One-label-six-goals-1024x669.jpg",1024,669,true],"1536x1536":["https:\/\/www.ekoenergy.org\/wp-content\/uploads\/One-label-six-goals.jpg",1272,831,false],"2048x2048":["https:\/\/www.ekoenergy.org\/wp-content\/uploads\/One-label-six-goals.jpg",1272,831,false]},"uagb_author_info":{"display_name":"EKOenergy ecolabel","author_link":"https:\/\/www.ekoenergy.org\/de\/author\/ekoenergy\/"},"uagb_comment_info":0,"uagb_excerpt":"Unsere Erfolge EKOenergie setzt sich f\u00fcr den Schutz der Natur und f\u00fcr die Bek\u00e4mpfung des Klimawandels ein, indem es Einzelpersonen und Energieverbrauchern hilft, auf 100 Prozent nachhaltige und erneuerbare Energie umzusteigen. Seit unserer Gr\u00fcndung im Jahr 2013 haben wir bereits viel erreicht. Unsere Fortschritte sind in unserem Bericht F\u00fcnf Jahre EKOenergie \u2013 2013 bis 2018&hellip;","_links":{"self":[{"href":"https:\/\/www.ekoenergy.org\/de\/wp-json\/wp\/v2\/pages\/2813","targetHints":{"allow":["GET"]}}],"collection":[{"href":"https:\/\/www.ekoenergy.org\/de\/wp-json\/wp\/v2\/pages"}],"about":[{"href":"https:\/\/www.ekoenergy.org\/de\/wp-json\/wp\/v2\/types\/page"}],"author":[{"embeddable":true,"href":"https:\/\/www.ekoenergy.org\/de\/wp-json\/wp\/v2\/users\/17"}],"replies":[{"embeddable":true,"href":"https:\/\/www.ekoenergy.org\/de\/wp-json\/wp\/v2\/comments?post=2813"}],"version-history":[{"count":3,"href":"https:\/\/www.ekoenergy.org\/de\/wp-json\/wp\/v2\/pages\/2813\/revisions"}],"predecessor-version":[{"id":128773,"href":"https:\/\/www.ekoenergy.org\/de\/wp-json\/wp\/v2\/pages\/2813\/revisions\/128773"}],"wp:featuredmedia":[{"embeddable":true,"href":"https:\/\/www.ekoenergy.org\/de\/wp-json\/wp\/v2\/media\/94078"}],"wp:attachment":[{"href":"https:\/\/www.ekoenergy.org\/de\/wp-json\/wp\/v2\/media?parent=2813"}],"curies":[{"name":"wp","href":"https:\/\/api.w.org\/{rel}","templated":true}]}}