{"id":3134,"date":"2019-12-04T13:41:02","date_gmt":"2019-12-04T13:41:02","guid":{"rendered":"https:\/\/www.ekoenergy.org\/ecolabel\/power-plants\/"},"modified":"2023-09-08T17:08:41","modified_gmt":"2023-09-08T14:08:41","slug":"power-plants","status":"publish","type":"page","link":"https:\/\/www.ekoenergy.org\/de\/ecolabel\/power-plants\/","title":{"rendered":"Woher kommt EKOenergie?"},"content":{"rendered":"\n<h1 class=\"wp-block-heading\">Woher kommt EKOenergie? <\/h1>\n\n\n\n<p>Nur verkaufte oder verbrauchte Mengen k\u00f6nnen das EKOenergie-\u00d6kolabel tragen. Wir achten jedoch genauestens auf die Herkunft der erneuerbaren Energie. Wir sind kein \u00d6kolabel f\u00fcr die Produktion, da Kraftwerke nicht von EKOenergie zertifiziert werden.<\/p>\n\n\n\n<p>Um als EKOenergie-gelabelt verkauft oder verbraucht zu werden, muss die Energie unsere Nachhaltigkeitskriterien erf\u00fcllen.<br>Diese Kriterien ber\u00fccksichtigen die Auswirkungen der Produktion auf die Umwelt. So akzeptieren wir beispielsweise nur Windenergie, die von Windturbinen au\u00dferhalb wichtiger Biodiversit\u00e4tsgebiete produziert wird und Wasserkraft aus Anlagen, die funktionsf\u00e4hige Fischtreppen haben und den kontinuierlichen Wasserfluss nicht unterbrechen.<\/p>\n\n\n\n<p>Hier finden Sie eine \u00dcbersicht von EKOenergies<a href=\"https:\/\/www.ekoenergy.org\/de\/ecolabel\/\"> Nachhaltigkeitskriterien<\/a>.<\/p>\n\n\n\n<h2 class=\"wp-block-heading\">Tausende vorab genehmigte Installationen weltweit<\/h2>\n\n\n\n<p>Das EKOenergie-\u00d6kolabel wird momentan in \u00fcber 70 L\u00e4ndern verwendet und\u00a0<strong>EKOenergie-gelabelte Energie stammt aus Tausenden von genehmigten Anlagen.\u00a0<\/strong>In den meisten F\u00e4llen stammt die EKOenergie aus Anlagen im selben Land, in dem der Verbrauch stattfindet. Wir arbeiten eng mit unseren autorisierten Verk\u00e4ufern zusammen, um die zus\u00e4tzlichen Anforderungen oder Erwartungen ihrer Kunden zu erf\u00fcllen.<\/p>\n\n\n\n<p>Zur allgemeinen Information k\u00f6nnen Sie einige der vorab genehmigten Anlagen in der Karte unten sehen. Die gezeigten Standorte sind jedoch keine vollst\u00e4ndige Aufz\u00e4hlung aller Installationen, sondern lediglich eine Auswahl.<\/p>\n\n\n\n<p>Autorisierte EKOenergie-Verk\u00e4ufer erhalten Zugang zu der Datenbank EKOdirekt, wo alle vorab genehmigten Installationen eingesehen sowie Antr\u00e4ge auf Vorabgenehmigungen eingereicht werden k\u00f6nnen.<\/p>\n\n\n\n<iframe id=\"footer-map\" style=\"width: 100%; height: 480px;\" src=\"https:\/\/www.google.com\/maps\/d\/u\/1\/embed?mid=1v2soqM8yXyeVY_Q31Rn98WhcLT0aVlbr\" width=\"640\" height=\"480\"><\/iframe>\n\n\n\n<p><\/p>\n","protected":false},"excerpt":{"rendered":"<p>Woher kommt EKOenergie? Nur verkaufte oder verbrauchte Mengen k\u00f6nnen das EKOenergie-\u00d6kolabel tragen. Wir achten jedoch genauestens auf die Herkunft der erneuerbaren Energie. Wir sind kein \u00d6kolabel f\u00fcr die Produktion, da Kraftwerke nicht von EKOenergie zertifiziert werden. Um als EKOenergie-gelabelt verkauft oder verbraucht zu werden, muss die Energie unsere Nachhaltigkeitskriterien erf\u00fcllen.Diese Kriterien ber\u00fccksichtigen die Auswirkungen der [&hellip;]<\/p>\n","protected":false},"author":2,"featured_media":124674,"parent":2692,"menu_order":2,"comment_status":"closed","ping_status":"closed","template":"","meta":{"inline_featured_image":false,"_uag_custom_page_level_css":"","site-sidebar-layout":"default","site-content-layout":"default","ast-site-content-layout":"default","site-content-style":"default","site-sidebar-style":"default","ast-global-header-display":"","ast-banner-title-visibility":"","ast-main-header-display":"","ast-hfb-above-header-display":"","ast-hfb-below-header-display":"","ast-hfb-mobile-header-display":"","site-post-title":"disabled","ast-breadcrumbs-content":"","ast-featured-img":"","footer-sml-layout":"","ast-disable-related-posts":"","theme-transparent-header-meta":"default","adv-header-id-meta":"","stick-header-meta":"default","header-above-stick-meta":"","header-main-stick-meta":"","header-below-stick-meta":"","astra-migrate-meta-layouts":"default","ast-page-background-enabled":"default","ast-page-background-meta":{"desktop":{"background-color":"","background-image":"","background-repeat":"repeat","background-position":"center center","background-size":"auto","background-attachment":"scroll","background-type":"","background-media":"","overlay-type":"","overlay-color":"","overlay-opacity":"","overlay-gradient":""},"tablet":{"background-color":"","background-image":"","background-repeat":"repeat","background-position":"center center","background-size":"auto","background-attachment":"scroll","background-type":"","background-media":"","overlay-type":"","overlay-color":"","overlay-opacity":"","overlay-gradient":""},"mobile":{"background-color":"","background-image":"","background-repeat":"repeat","background-position":"center center","background-size":"auto","background-attachment":"scroll","background-type":"","background-media":"","overlay-type":"","overlay-color":"","overlay-opacity":"","overlay-gradient":""}},"ast-content-background-meta":{"desktop":{"background-color":"var(--ast-global-color-5)","background-image":"","background-repeat":"repeat","background-position":"center center","background-size":"auto","background-attachment":"scroll","background-type":"","background-media":"","overlay-type":"","overlay-color":"","overlay-opacity":"","overlay-gradient":""},"tablet":{"background-color":"var(--ast-global-color-5)","background-image":"","background-repeat":"repeat","background-position":"center center","background-size":"auto","background-attachment":"scroll","background-type":"","background-media":"","overlay-type":"","overlay-color":"","overlay-opacity":"","overlay-gradient":""},"mobile":{"background-color":"var(--ast-global-color-5)","background-image":"","background-repeat":"repeat","background-position":"center center","background-size":"auto","background-attachment":"scroll","background-type":"","background-media":"","overlay-type":"","overlay-color":"","overlay-opacity":"","overlay-gradient":""}},"footnotes":""},"class_list":["post-3134","page","type-page","status-publish","has-post-thumbnail","hentry"],"yoast_head":"<!-- This site is optimized with the Yoast SEO plugin v27.3 - https:\/\/yoast.com\/product\/yoast-seo-wordpress\/ -->\n<title>Woher kommt EKOenergie? - EKOenergy ecolabel<\/title>\n<meta name=\"description\" content=\"EKOenergie ist ein Label f\u00fcr verbrauchte Megawatt-Stunden. EKOenergie-gelabelte Energie stammt aus Tausenden von zugelassenen Anlagen.\" \/>\n<meta name=\"robots\" content=\"index, follow, max-snippet:-1, max-image-preview:large, max-video-preview:-1\" \/>\n<link rel=\"canonical\" href=\"https:\/\/www.ekoenergy.org\/de\/ecolabel\/power-plants\/\" \/>\n<meta property=\"og:locale\" content=\"de_DE\" \/>\n<meta property=\"og:type\" content=\"article\" \/>\n<meta property=\"og:title\" content=\"Woher kommt EKOenergie? - EKOenergy ecolabel\" \/>\n<meta property=\"og:description\" content=\"EKOenergie ist ein Label f\u00fcr verbrauchte Megawatt-Stunden. EKOenergie-gelabelte Energie stammt aus Tausenden von zugelassenen Anlagen.\" \/>\n<meta property=\"og:url\" content=\"https:\/\/www.ekoenergy.org\/de\/ecolabel\/power-plants\/\" \/>\n<meta property=\"og:site_name\" content=\"EKOenergy ecolabel\" \/>\n<meta property=\"article:publisher\" content=\"https:\/\/www.facebook.com\/EKOenergy.ecolabel\/\" \/>\n<meta property=\"article:modified_time\" content=\"2023-09-08T14:08:41+00:00\" \/>\n<meta property=\"og:image\" content=\"https:\/\/www.ekoenergy.org\/wp-content\/uploads\/wind-turbines-Pixabay-distelAPPArath.jpg\" \/>\n\t<meta property=\"og:image:width\" content=\"1280\" \/>\n\t<meta property=\"og:image:height\" content=\"855\" \/>\n\t<meta property=\"og:image:type\" content=\"image\/jpeg\" \/>\n<meta name=\"twitter:card\" content=\"summary_large_image\" \/>\n<meta name=\"twitter:site\" content=\"@EKOenergy_\" \/>\n<meta name=\"twitter:label1\" content=\"Gesch\u00e4tzte Lesezeit\" \/>\n\t<meta name=\"twitter:data1\" content=\"1\u00a0Minute\" \/>\n<script type=\"application\/ld+json\" class=\"yoast-schema-graph\">{\"@context\":\"https:\\\/\\\/schema.org\",\"@graph\":[{\"@type\":\"WebPage\",\"@id\":\"https:\\\/\\\/www.ekoenergy.org\\\/de\\\/ecolabel\\\/power-plants\\\/\",\"url\":\"https:\\\/\\\/www.ekoenergy.org\\\/de\\\/ecolabel\\\/power-plants\\\/\",\"name\":\"Woher kommt EKOenergie? - EKOenergy ecolabel\",\"isPartOf\":{\"@id\":\"https:\\\/\\\/www.ekoenergy.org\\\/de\\\/#website\"},\"primaryImageOfPage\":{\"@id\":\"https:\\\/\\\/www.ekoenergy.org\\\/de\\\/ecolabel\\\/power-plants\\\/#primaryimage\"},\"image\":{\"@id\":\"https:\\\/\\\/www.ekoenergy.org\\\/de\\\/ecolabel\\\/power-plants\\\/#primaryimage\"},\"thumbnailUrl\":\"https:\\\/\\\/www.ekoenergy.org\\\/wp-content\\\/uploads\\\/wind-turbines-Pixabay-distelAPPArath.jpg\",\"datePublished\":\"2019-12-04T13:41:02+00:00\",\"dateModified\":\"2023-09-08T14:08:41+00:00\",\"description\":\"EKOenergie ist ein Label f\u00fcr verbrauchte Megawatt-Stunden. EKOenergie-gelabelte Energie stammt aus Tausenden von zugelassenen Anlagen.\",\"breadcrumb\":{\"@id\":\"https:\\\/\\\/www.ekoenergy.org\\\/de\\\/ecolabel\\\/power-plants\\\/#breadcrumb\"},\"inLanguage\":\"de\",\"potentialAction\":[{\"@type\":\"ReadAction\",\"target\":[\"https:\\\/\\\/www.ekoenergy.org\\\/de\\\/ecolabel\\\/power-plants\\\/\"]}]},{\"@type\":\"ImageObject\",\"inLanguage\":\"de\",\"@id\":\"https:\\\/\\\/www.ekoenergy.org\\\/de\\\/ecolabel\\\/power-plants\\\/#primaryimage\",\"url\":\"https:\\\/\\\/www.ekoenergy.org\\\/wp-content\\\/uploads\\\/wind-turbines-Pixabay-distelAPPArath.jpg\",\"contentUrl\":\"https:\\\/\\\/www.ekoenergy.org\\\/wp-content\\\/uploads\\\/wind-turbines-Pixabay-distelAPPArath.jpg\",\"width\":1280,\"height\":855},{\"@type\":\"BreadcrumbList\",\"@id\":\"https:\\\/\\\/www.ekoenergy.org\\\/de\\\/ecolabel\\\/power-plants\\\/#breadcrumb\",\"itemListElement\":[{\"@type\":\"ListItem\",\"position\":1,\"name\":\"Home\",\"item\":\"https:\\\/\\\/www.ekoenergy.org\\\/de\\\/\"},{\"@type\":\"ListItem\",\"position\":2,\"name\":\"Unser \u00d6kolabel\",\"item\":\"https:\\\/\\\/www.ekoenergy.org\\\/de\\\/ecolabel\\\/\"},{\"@type\":\"ListItem\",\"position\":3,\"name\":\"Woher kommt EKOenergie?\"}]},{\"@type\":\"WebSite\",\"@id\":\"https:\\\/\\\/www.ekoenergy.org\\\/de\\\/#website\",\"url\":\"https:\\\/\\\/www.ekoenergy.org\\\/de\\\/\",\"name\":\"EKOenergy ecolabel\",\"description\":\"The global nonprofit ecolabel for renewable energy\",\"publisher\":{\"@id\":\"https:\\\/\\\/www.ekoenergy.org\\\/de\\\/#organization\"},\"potentialAction\":[{\"@type\":\"SearchAction\",\"target\":{\"@type\":\"EntryPoint\",\"urlTemplate\":\"https:\\\/\\\/www.ekoenergy.org\\\/de\\\/?s={search_term_string}\"},\"query-input\":{\"@type\":\"PropertyValueSpecification\",\"valueRequired\":true,\"valueName\":\"search_term_string\"}}],\"inLanguage\":\"de\"},{\"@type\":\"Organization\",\"@id\":\"https:\\\/\\\/www.ekoenergy.org\\\/de\\\/#organization\",\"name\":\"Not-for-profit Organisation EKOenergy\",\"url\":\"https:\\\/\\\/www.ekoenergy.org\\\/de\\\/\",\"logo\":{\"@type\":\"ImageObject\",\"inLanguage\":\"de\",\"@id\":\"https:\\\/\\\/www.ekoenergy.org\\\/de\\\/#\\\/schema\\\/logo\\\/image\\\/\",\"url\":\"https:\\\/\\\/www.ekoenergy.org\\\/wp-content\\\/uploads\\\/logo-EKOenergy-no-text.jpg\",\"contentUrl\":\"https:\\\/\\\/www.ekoenergy.org\\\/wp-content\\\/uploads\\\/logo-EKOenergy-no-text.jpg\",\"width\":1600,\"height\":1600,\"caption\":\"Not-for-profit Organisation EKOenergy\"},\"image\":{\"@id\":\"https:\\\/\\\/www.ekoenergy.org\\\/de\\\/#\\\/schema\\\/logo\\\/image\\\/\"},\"sameAs\":[\"https:\\\/\\\/www.facebook.com\\\/EKOenergy.ecolabel\\\/\",\"https:\\\/\\\/x.com\\\/EKOenergy_\",\"https:\\\/\\\/www.instagram.com\\\/ekoenergy\\\/\",\"https:\\\/\\\/www.linkedin.com\\\/company\\\/ekoenergy-ecolabel\\\/\",\"https:\\\/\\\/www.youtube.com\\\/EKOenergy-ecolabel\",\"https:\\\/\\\/en.wikipedia.org\\\/wiki\\\/EKOenergy\"]}]}<\/script>\n<!-- \/ Yoast SEO plugin. -->","yoast_head_json":{"title":"Woher kommt EKOenergie? - EKOenergy ecolabel","description":"EKOenergie ist ein Label f\u00fcr verbrauchte Megawatt-Stunden. EKOenergie-gelabelte Energie stammt aus Tausenden von zugelassenen Anlagen.","robots":{"index":"index","follow":"follow","max-snippet":"max-snippet:-1","max-image-preview":"max-image-preview:large","max-video-preview":"max-video-preview:-1"},"canonical":"https:\/\/www.ekoenergy.org\/de\/ecolabel\/power-plants\/","og_locale":"de_DE","og_type":"article","og_title":"Woher kommt EKOenergie? - EKOenergy ecolabel","og_description":"EKOenergie ist ein Label f\u00fcr verbrauchte Megawatt-Stunden. EKOenergie-gelabelte Energie stammt aus Tausenden von zugelassenen Anlagen.","og_url":"https:\/\/www.ekoenergy.org\/de\/ecolabel\/power-plants\/","og_site_name":"EKOenergy ecolabel","article_publisher":"https:\/\/www.facebook.com\/EKOenergy.ecolabel\/","article_modified_time":"2023-09-08T14:08:41+00:00","og_image":[{"width":1280,"height":855,"url":"https:\/\/www.ekoenergy.org\/wp-content\/uploads\/wind-turbines-Pixabay-distelAPPArath.jpg","type":"image\/jpeg"}],"twitter_card":"summary_large_image","twitter_site":"@EKOenergy_","twitter_misc":{"Gesch\u00e4tzte Lesezeit":"1\u00a0Minute"},"schema":{"@context":"https:\/\/schema.org","@graph":[{"@type":"WebPage","@id":"https:\/\/www.ekoenergy.org\/de\/ecolabel\/power-plants\/","url":"https:\/\/www.ekoenergy.org\/de\/ecolabel\/power-plants\/","name":"Woher kommt EKOenergie? - EKOenergy ecolabel","isPartOf":{"@id":"https:\/\/www.ekoenergy.org\/de\/#website"},"primaryImageOfPage":{"@id":"https:\/\/www.ekoenergy.org\/de\/ecolabel\/power-plants\/#primaryimage"},"image":{"@id":"https:\/\/www.ekoenergy.org\/de\/ecolabel\/power-plants\/#primaryimage"},"thumbnailUrl":"https:\/\/www.ekoenergy.org\/wp-content\/uploads\/wind-turbines-Pixabay-distelAPPArath.jpg","datePublished":"2019-12-04T13:41:02+00:00","dateModified":"2023-09-08T14:08:41+00:00","description":"EKOenergie ist ein Label f\u00fcr verbrauchte Megawatt-Stunden. EKOenergie-gelabelte Energie stammt aus Tausenden von zugelassenen Anlagen.","breadcrumb":{"@id":"https:\/\/www.ekoenergy.org\/de\/ecolabel\/power-plants\/#breadcrumb"},"inLanguage":"de","potentialAction":[{"@type":"ReadAction","target":["https:\/\/www.ekoenergy.org\/de\/ecolabel\/power-plants\/"]}]},{"@type":"ImageObject","inLanguage":"de","@id":"https:\/\/www.ekoenergy.org\/de\/ecolabel\/power-plants\/#primaryimage","url":"https:\/\/www.ekoenergy.org\/wp-content\/uploads\/wind-turbines-Pixabay-distelAPPArath.jpg","contentUrl":"https:\/\/www.ekoenergy.org\/wp-content\/uploads\/wind-turbines-Pixabay-distelAPPArath.jpg","width":1280,"height":855},{"@type":"BreadcrumbList","@id":"https:\/\/www.ekoenergy.org\/de\/ecolabel\/power-plants\/#breadcrumb","itemListElement":[{"@type":"ListItem","position":1,"name":"Home","item":"https:\/\/www.ekoenergy.org\/de\/"},{"@type":"ListItem","position":2,"name":"Unser \u00d6kolabel","item":"https:\/\/www.ekoenergy.org\/de\/ecolabel\/"},{"@type":"ListItem","position":3,"name":"Woher kommt EKOenergie?"}]},{"@type":"WebSite","@id":"https:\/\/www.ekoenergy.org\/de\/#website","url":"https:\/\/www.ekoenergy.org\/de\/","name":"EKOenergy ecolabel","description":"The global nonprofit ecolabel for renewable energy","publisher":{"@id":"https:\/\/www.ekoenergy.org\/de\/#organization"},"potentialAction":[{"@type":"SearchAction","target":{"@type":"EntryPoint","urlTemplate":"https:\/\/www.ekoenergy.org\/de\/?s={search_term_string}"},"query-input":{"@type":"PropertyValueSpecification","valueRequired":true,"valueName":"search_term_string"}}],"inLanguage":"de"},{"@type":"Organization","@id":"https:\/\/www.ekoenergy.org\/de\/#organization","name":"Not-for-profit Organisation EKOenergy","url":"https:\/\/www.ekoenergy.org\/de\/","logo":{"@type":"ImageObject","inLanguage":"de","@id":"https:\/\/www.ekoenergy.org\/de\/#\/schema\/logo\/image\/","url":"https:\/\/www.ekoenergy.org\/wp-content\/uploads\/logo-EKOenergy-no-text.jpg","contentUrl":"https:\/\/www.ekoenergy.org\/wp-content\/uploads\/logo-EKOenergy-no-text.jpg","width":1600,"height":1600,"caption":"Not-for-profit Organisation EKOenergy"},"image":{"@id":"https:\/\/www.ekoenergy.org\/de\/#\/schema\/logo\/image\/"},"sameAs":["https:\/\/www.facebook.com\/EKOenergy.ecolabel\/","https:\/\/x.com\/EKOenergy_","https:\/\/www.instagram.com\/ekoenergy\/","https:\/\/www.linkedin.com\/company\/ekoenergy-ecolabel\/","https:\/\/www.youtube.com\/EKOenergy-ecolabel","https:\/\/en.wikipedia.org\/wiki\/EKOenergy"]}]}},"uagb_featured_image_src":{"full":["https:\/\/www.ekoenergy.org\/wp-content\/uploads\/wind-turbines-Pixabay-distelAPPArath.jpg",1280,855,false],"thumbnail":["https:\/\/www.ekoenergy.org\/wp-content\/uploads\/wind-turbines-Pixabay-distelAPPArath-150x150.jpg",150,150,true],"medium":["https:\/\/www.ekoenergy.org\/wp-content\/uploads\/wind-turbines-Pixabay-distelAPPArath-320x214.jpg",320,214,true],"medium_large":["https:\/\/www.ekoenergy.org\/wp-content\/uploads\/wind-turbines-Pixabay-distelAPPArath-768x513.jpg",768,513,true],"large":["https:\/\/www.ekoenergy.org\/wp-content\/uploads\/wind-turbines-Pixabay-distelAPPArath-1024x684.jpg",1024,684,true],"1536x1536":["https:\/\/www.ekoenergy.org\/wp-content\/uploads\/wind-turbines-Pixabay-distelAPPArath.jpg",1280,855,false],"2048x2048":["https:\/\/www.ekoenergy.org\/wp-content\/uploads\/wind-turbines-Pixabay-distelAPPArath.jpg",1280,855,false]},"uagb_author_info":{"display_name":"Steven Vanholme","author_link":"https:\/\/www.ekoenergy.org\/de\/author\/svanholme\/"},"uagb_comment_info":0,"uagb_excerpt":"Woher kommt EKOenergie? Nur verkaufte oder verbrauchte Mengen k\u00f6nnen das EKOenergie-\u00d6kolabel tragen. Wir achten jedoch genauestens auf die Herkunft der erneuerbaren Energie. Wir sind kein \u00d6kolabel f\u00fcr die Produktion, da Kraftwerke nicht von EKOenergie zertifiziert werden. Um als EKOenergie-gelabelt verkauft oder verbraucht zu werden, muss die Energie unsere Nachhaltigkeitskriterien erf\u00fcllen.Diese Kriterien ber\u00fccksichtigen die Auswirkungen der&hellip;","_links":{"self":[{"href":"https:\/\/www.ekoenergy.org\/de\/wp-json\/wp\/v2\/pages\/3134","targetHints":{"allow":["GET"]}}],"collection":[{"href":"https:\/\/www.ekoenergy.org\/de\/wp-json\/wp\/v2\/pages"}],"about":[{"href":"https:\/\/www.ekoenergy.org\/de\/wp-json\/wp\/v2\/types\/page"}],"author":[{"embeddable":true,"href":"https:\/\/www.ekoenergy.org\/de\/wp-json\/wp\/v2\/users\/2"}],"replies":[{"embeddable":true,"href":"https:\/\/www.ekoenergy.org\/de\/wp-json\/wp\/v2\/comments?post=3134"}],"version-history":[{"count":3,"href":"https:\/\/www.ekoenergy.org\/de\/wp-json\/wp\/v2\/pages\/3134\/revisions"}],"predecessor-version":[{"id":150622,"href":"https:\/\/www.ekoenergy.org\/de\/wp-json\/wp\/v2\/pages\/3134\/revisions\/150622"}],"up":[{"embeddable":true,"href":"https:\/\/www.ekoenergy.org\/de\/wp-json\/wp\/v2\/pages\/2692"}],"wp:featuredmedia":[{"embeddable":true,"href":"https:\/\/www.ekoenergy.org\/de\/wp-json\/wp\/v2\/media\/124674"}],"wp:attachment":[{"href":"https:\/\/www.ekoenergy.org\/de\/wp-json\/wp\/v2\/media?parent=3134"}],"curies":[{"name":"wp","href":"https:\/\/api.w.org\/{rel}","templated":true}]}}