{"id":4077,"date":"2019-12-04T13:38:28","date_gmt":"2019-12-04T13:38:28","guid":{"rendered":"https:\/\/www.ekoenergy.org\/ecolabel\/official-text\/renewable-heat\/"},"modified":"2023-10-12T12:43:12","modified_gmt":"2023-10-12T09:43:12","slug":"renewable-heat","status":"publish","type":"page","link":"https:\/\/www.ekoenergy.org\/de\/ecolabel\/criteria\/renewable-heat\/","title":{"rendered":"Erneuerbare W\u00e4rme"},"content":{"rendered":"\n<h1 class=\"wp-block-heading\">Erneuerbare W\u00e4rme und K\u00e4lte<\/h1>\n\n\n\n<figure class=\"wp-block-image alignright size-medium\"><img fetchpriority=\"high\" decoding=\"async\" width=\"320\" height=\"200\" src=\"https:\/\/www.ekoenergy.org\/wp-content\/uploads\/\/Absorption-heat-pump-Commons-Wikimedia-320x200.jpg\" alt=\"\" class=\"wp-image-28690\" srcset=\"https:\/\/www.ekoenergy.org\/wp-content\/uploads\/Absorption-heat-pump-Commons-Wikimedia-320x200.jpg 320w, https:\/\/www.ekoenergy.org\/wp-content\/uploads\/Absorption-heat-pump-Commons-Wikimedia-768x480.jpg 768w, https:\/\/www.ekoenergy.org\/wp-content\/uploads\/Absorption-heat-pump-Commons-Wikimedia.jpg 1024w\" sizes=\"(max-width: 320px) 100vw, 320px\" \/><\/figure>\n\n\n\n<p>Das EKOenergie-\u00d6kolabel hat Kriterien f\u00fcr erneuerbare W\u00e4rme und K\u00e4lte. Die folgenden W\u00e4rme- und K\u00e4ltearten k\u00f6nnen das EKOenergie-\u00d6kolabel erhalten:<\/p>\n\n\n\n<ul class=\"wp-block-list\">\n<li>Erneuerbare W\u00e4rme und K\u00e4lte, die mit nachhaltigen Bioenergie und aus 100% erneuerbaren Energieanlagen erzeugt werden (keine Verbrennung von fossilen Brennstoffen). Die eingesetzte Bioenergie muss aus den strikt definierten Kategorien wie Reststoffe aus der Landwirtschaft, der Lebensmittelindustrie oder der Forstwirtschaft stammen.<\/li>\n\n\n\n<li>Erneuerbare W\u00e4rme und K\u00e4lte, die mit Gas, das EKOenergies Nachhaltigkeitskriterien erf\u00fcllt, erzeugt wurden. <\/li>\n\n\n\n<li>Erneuerbare W\u00e4rme aus W\u00e4rmepumpen, die mit nachhaltiger erneuerbarer Energie betrieben werden und einen jahreszeitbedingten Leistungsfaktor (SPF) von 3.40 oder mehr haben.<\/li>\n\n\n\n<li>R\u00fcckgewonnene W\u00e4rme oder K\u00e4lte aus mit nachhaltiger Energie betriebenen R\u00fcckgewinnungsanlagen, die aus Abw\u00e4rme und K\u00e4lte zur\u00fcckgewonnen wird, d.h. unvermeidbare W\u00e4rme oder K\u00e4lte, die ungenutzt in Luft oder Wasser abgef\u00fchrt werden w\u00fcrde (Abw\u00e4rme aus Anlagen zur Erzeugung fossiler und nuklearer Energie ist ausgeschlossen).<\/li>\n\n\n\n<li>Geothermische W\u00e4rme oder Solarw\u00e4rme aus Anlagen, die unsere Nachhaltigkeitskriterien erf\u00fcllen.<\/li>\n<\/ul>\n\n\n\n<p>F\u00fcr jede EKOenergie-gelabelte MWh W\u00e4rme, wird ein Beitrag von 0,10 \u20ac (zehn Cent) an unseren <a href=\"https:\/\/www.ekoenergy.org\/de\/our-results\/climate-fund\/\">Klimafonds<\/a> gezahlt. Aus dem Klimafonds vergibt EKOenergie Mittel f\u00fcr Projekte im Bereich erneuerbarer Energien in Entwicklungsl\u00e4ndern. Alle finanzierten Projekte tragen zur Verwirklichung der UN-Ziele f\u00fcr nachhaltige Entwicklung bei.<\/p>\n\n\n\n<p>EKOenergies Kriterien f\u00fcr W\u00e4rme beinhalten auch Regeln f\u00fcr eine zuverl\u00e4ssige Nachverfolgung und die Vermeidung von Doppelz\u00e4hlungen.<\/p>\n\n\n\n<p>Sind Sie an der Einf\u00fchrung von W\u00e4rme mit dem EKOenergie-Siegel in Ihrem Land interessiert? <a href=\"https:\/\/www.ekoenergy.org\/de\/about-us\/contact-us\/\">Kontaktieren Sie uns<\/a> f\u00fcr weitere Informationen.<\/p>\n\n\n\n<h2 class=\"wp-block-heading\">Kriterien<\/h2>\n\n\n\n<ul class=\"wp-block-list\">\n<li>EN:&nbsp;<a rel=\"noreferrer noopener\" href=\"https:\/\/www.ekoenergy.org\/wp-content\/uploads\/EKOenergy-criteria-for-heat-and-cold-English.pdf\" target=\"_blank\">EKOenergy\u2019s criteria for renewable heat and cold<\/a>&nbsp;(pdf)<\/li>\n\n\n\n<li>ES:&nbsp;<a rel=\"noreferrer noopener\" href=\"https:\/\/www.ekoenergy.org\/wp-content\/uploads\/EKOenergy-criteria-for-heat-Spanish.pdf\" target=\"_blank\">Criterios de EKOenerg\u00eda para calor y fr\u00edo renovables<\/a>&nbsp;(pdf)<\/li>\n\n\n\n<li>FI:&nbsp;<a rel=\"noreferrer noopener\" href=\"https:\/\/www.ekoenergy.org\/wp-content\/uploads\/EKOenergy-criteria-for-heat-Finnish.pdf\" target=\"_blank\">EKOenergian kriteerit uusiutuvalle l\u00e4mm\u00f6lle ja j\u00e4\u00e4hdytykselle&nbsp;<\/a>(pdf)<\/li>\n\n\n\n<li>FR:&nbsp;<a rel=\"noreferrer noopener\" href=\"https:\/\/www.ekoenergy.org\/wp-content\/uploads\/EKOenergy-criteria-for-heat-French.pdf\" target=\"_blank\">Les crit\u00e8res d\u2019EKO\u00e9nergie en mati\u00e8re de chaleur et de froid renouvelables<\/a>&nbsp;(pdf)<\/li>\n\n\n\n<li>IT:&nbsp;<a rel=\"noreferrer noopener\" href=\"https:\/\/www.ekoenergy.org\/wp-content\/uploads\/EKOenergy-heat-criteria-Italian.pdf\" target=\"_blank\">Criteri di EKOenergy per il calore e il freddo da fonti rinnovabili<\/a>&nbsp;(pdf)<\/li>\n\n\n\n<li>RU:<a rel=\"noreferrer noopener\" href=\"http:\/\/www.ekoenergy.org\/wp-content\/uploads\/EKOenergy-criteria-for-heat-Russian-3.pdf\" target=\"_blank\">&nbsp;\u041a\u0440\u0438\u0442\u0435\u0440\u0438\u0438 \u042d\u041a\u041e\u044d\u043d\u0435\u0440\u0433\u0438\u0438 \u043f\u043e \u0432\u043e\u0437\u043e\u0431\u043d\u043e\u0432\u043b\u044f\u0435\u043c\u044b\u043c \u0438\u0441\u0442\u043e\u0447\u043d\u0438\u043a\u0430\u043c \u0442\u0435\u043f\u043b\u0430 \u0438 \u0445\u043e\u043b\u043e\u0434\u0430<\/a>&nbsp;(pdf)<\/li>\n<\/ul>\n","protected":false},"excerpt":{"rendered":"<p>Erneuerbare W\u00e4rme und K\u00e4lte Das EKOenergie-\u00d6kolabel hat Kriterien f\u00fcr erneuerbare W\u00e4rme und K\u00e4lte. Die folgenden W\u00e4rme- und K\u00e4ltearten k\u00f6nnen das EKOenergie-\u00d6kolabel erhalten: F\u00fcr jede EKOenergie-gelabelte MWh W\u00e4rme, wird ein Beitrag von 0,10 \u20ac (zehn Cent) an unseren Klimafonds gezahlt. Aus dem Klimafonds vergibt EKOenergie Mittel f\u00fcr Projekte im Bereich erneuerbarer Energien in Entwicklungsl\u00e4ndern. Alle finanzierten [&hellip;]<\/p>\n","protected":false},"author":2,"featured_media":28690,"parent":25304,"menu_order":4,"comment_status":"closed","ping_status":"closed","template":"","meta":{"inline_featured_image":false,"_uag_custom_page_level_css":"","site-sidebar-layout":"default","site-content-layout":"default","ast-site-content-layout":"default","site-content-style":"default","site-sidebar-style":"default","ast-global-header-display":"","ast-banner-title-visibility":"","ast-main-header-display":"","ast-hfb-above-header-display":"","ast-hfb-below-header-display":"","ast-hfb-mobile-header-display":"","site-post-title":"disabled","ast-breadcrumbs-content":"","ast-featured-img":"","footer-sml-layout":"","ast-disable-related-posts":"","theme-transparent-header-meta":"default","adv-header-id-meta":"","stick-header-meta":"default","header-above-stick-meta":"","header-main-stick-meta":"","header-below-stick-meta":"","astra-migrate-meta-layouts":"default","ast-page-background-enabled":"default","ast-page-background-meta":{"desktop":{"background-color":"","background-image":"","background-repeat":"repeat","background-position":"center center","background-size":"auto","background-attachment":"scroll","background-type":"","background-media":"","overlay-type":"","overlay-color":"","overlay-opacity":"","overlay-gradient":""},"tablet":{"background-color":"","background-image":"","background-repeat":"repeat","background-position":"center center","background-size":"auto","background-attachment":"scroll","background-type":"","background-media":"","overlay-type":"","overlay-color":"","overlay-opacity":"","overlay-gradient":""},"mobile":{"background-color":"","background-image":"","background-repeat":"repeat","background-position":"center center","background-size":"auto","background-attachment":"scroll","background-type":"","background-media":"","overlay-type":"","overlay-color":"","overlay-opacity":"","overlay-gradient":""}},"ast-content-background-meta":{"desktop":{"background-color":"var(--ast-global-color-5)","background-image":"","background-repeat":"repeat","background-position":"center center","background-size":"auto","background-attachment":"scroll","background-type":"","background-media":"","overlay-type":"","overlay-color":"","overlay-opacity":"","overlay-gradient":""},"tablet":{"background-color":"var(--ast-global-color-5)","background-image":"","background-repeat":"repeat","background-position":"center center","background-size":"auto","background-attachment":"scroll","background-type":"","background-media":"","overlay-type":"","overlay-color":"","overlay-opacity":"","overlay-gradient":""},"mobile":{"background-color":"var(--ast-global-color-5)","background-image":"","background-repeat":"repeat","background-position":"center center","background-size":"auto","background-attachment":"scroll","background-type":"","background-media":"","overlay-type":"","overlay-color":"","overlay-opacity":"","overlay-gradient":""}},"footnotes":""},"class_list":["post-4077","page","type-page","status-publish","has-post-thumbnail","hentry"],"yoast_head":"<!-- This site is optimized with the Yoast SEO plugin v27.3 - https:\/\/yoast.com\/product\/yoast-seo-wordpress\/ -->\n<title>Erneuerbare W\u00e4rme - EKOenergy ecolabel<\/title>\n<meta name=\"description\" content=\"EKOenergies Kriterien f\u00fcr nachhaltigen und erneuerbare W\u00e4rme und K\u00e4lte, z.B. mit nachhaltiger Bioenergie oder W\u00e4rmepumpen erzeugt\" \/>\n<meta name=\"robots\" content=\"index, follow, max-snippet:-1, max-image-preview:large, max-video-preview:-1\" \/>\n<link rel=\"canonical\" href=\"https:\/\/www.ekoenergy.org\/de\/ecolabel\/criteria\/renewable-heat\/\" \/>\n<meta property=\"og:locale\" content=\"de_DE\" \/>\n<meta property=\"og:type\" content=\"article\" \/>\n<meta property=\"og:title\" content=\"Erneuerbare W\u00e4rme - EKOenergy ecolabel\" \/>\n<meta property=\"og:description\" content=\"EKOenergies Kriterien f\u00fcr nachhaltigen und erneuerbare W\u00e4rme und K\u00e4lte, z.B. mit nachhaltiger Bioenergie oder W\u00e4rmepumpen erzeugt\" \/>\n<meta property=\"og:url\" content=\"https:\/\/www.ekoenergy.org\/de\/ecolabel\/criteria\/renewable-heat\/\" \/>\n<meta property=\"og:site_name\" content=\"EKOenergy ecolabel\" \/>\n<meta property=\"article:publisher\" content=\"https:\/\/www.facebook.com\/EKOenergy.ecolabel\/\" \/>\n<meta property=\"article:modified_time\" content=\"2023-10-12T09:43:12+00:00\" \/>\n<meta property=\"og:image\" content=\"https:\/\/www.ekoenergy.org\/wp-content\/uploads\/Absorption-heat-pump-Commons-Wikimedia.jpg\" \/>\n\t<meta property=\"og:image:width\" content=\"1024\" \/>\n\t<meta property=\"og:image:height\" content=\"640\" \/>\n\t<meta property=\"og:image:type\" content=\"image\/jpeg\" \/>\n<meta name=\"twitter:card\" content=\"summary_large_image\" \/>\n<meta name=\"twitter:site\" content=\"@EKOenergy_\" \/>\n<meta name=\"twitter:label1\" content=\"Gesch\u00e4tzte Lesezeit\" \/>\n\t<meta name=\"twitter:data1\" content=\"2\u00a0Minuten\" \/>\n<script type=\"application\/ld+json\" class=\"yoast-schema-graph\">{\"@context\":\"https:\\\/\\\/schema.org\",\"@graph\":[{\"@type\":\"WebPage\",\"@id\":\"https:\\\/\\\/www.ekoenergy.org\\\/de\\\/ecolabel\\\/criteria\\\/renewable-heat\\\/\",\"url\":\"https:\\\/\\\/www.ekoenergy.org\\\/de\\\/ecolabel\\\/criteria\\\/renewable-heat\\\/\",\"name\":\"Erneuerbare W\u00e4rme - EKOenergy ecolabel\",\"isPartOf\":{\"@id\":\"https:\\\/\\\/www.ekoenergy.org\\\/de\\\/#website\"},\"primaryImageOfPage\":{\"@id\":\"https:\\\/\\\/www.ekoenergy.org\\\/de\\\/ecolabel\\\/criteria\\\/renewable-heat\\\/#primaryimage\"},\"image\":{\"@id\":\"https:\\\/\\\/www.ekoenergy.org\\\/de\\\/ecolabel\\\/criteria\\\/renewable-heat\\\/#primaryimage\"},\"thumbnailUrl\":\"https:\\\/\\\/www.ekoenergy.org\\\/wp-content\\\/uploads\\\/Absorption-heat-pump-Commons-Wikimedia.jpg\",\"datePublished\":\"2019-12-04T13:38:28+00:00\",\"dateModified\":\"2023-10-12T09:43:12+00:00\",\"description\":\"EKOenergies Kriterien f\u00fcr nachhaltigen und erneuerbare W\u00e4rme und K\u00e4lte, z.B. mit nachhaltiger Bioenergie oder W\u00e4rmepumpen erzeugt\",\"breadcrumb\":{\"@id\":\"https:\\\/\\\/www.ekoenergy.org\\\/de\\\/ecolabel\\\/criteria\\\/renewable-heat\\\/#breadcrumb\"},\"inLanguage\":\"de\",\"potentialAction\":[{\"@type\":\"ReadAction\",\"target\":[\"https:\\\/\\\/www.ekoenergy.org\\\/de\\\/ecolabel\\\/criteria\\\/renewable-heat\\\/\"]}]},{\"@type\":\"ImageObject\",\"inLanguage\":\"de\",\"@id\":\"https:\\\/\\\/www.ekoenergy.org\\\/de\\\/ecolabel\\\/criteria\\\/renewable-heat\\\/#primaryimage\",\"url\":\"https:\\\/\\\/www.ekoenergy.org\\\/wp-content\\\/uploads\\\/Absorption-heat-pump-Commons-Wikimedia.jpg\",\"contentUrl\":\"https:\\\/\\\/www.ekoenergy.org\\\/wp-content\\\/uploads\\\/Absorption-heat-pump-Commons-Wikimedia.jpg\",\"width\":1024,\"height\":640},{\"@type\":\"BreadcrumbList\",\"@id\":\"https:\\\/\\\/www.ekoenergy.org\\\/de\\\/ecolabel\\\/criteria\\\/renewable-heat\\\/#breadcrumb\",\"itemListElement\":[{\"@type\":\"ListItem\",\"position\":1,\"name\":\"Home\",\"item\":\"https:\\\/\\\/www.ekoenergy.org\\\/de\\\/\"},{\"@type\":\"ListItem\",\"position\":2,\"name\":\"Unser \u00d6kolabel\",\"item\":\"https:\\\/\\\/www.ekoenergy.org\\\/de\\\/ecolabel\\\/\"},{\"@type\":\"ListItem\",\"position\":3,\"name\":\"EKOenergies Kriterien\",\"item\":\"https:\\\/\\\/www.ekoenergy.org\\\/de\\\/ecolabel\\\/criteria\\\/\"},{\"@type\":\"ListItem\",\"position\":4,\"name\":\"Erneuerbare W\u00e4rme\"}]},{\"@type\":\"WebSite\",\"@id\":\"https:\\\/\\\/www.ekoenergy.org\\\/de\\\/#website\",\"url\":\"https:\\\/\\\/www.ekoenergy.org\\\/de\\\/\",\"name\":\"EKOenergy ecolabel\",\"description\":\"The global nonprofit ecolabel for renewable energy\",\"publisher\":{\"@id\":\"https:\\\/\\\/www.ekoenergy.org\\\/de\\\/#organization\"},\"potentialAction\":[{\"@type\":\"SearchAction\",\"target\":{\"@type\":\"EntryPoint\",\"urlTemplate\":\"https:\\\/\\\/www.ekoenergy.org\\\/de\\\/?s={search_term_string}\"},\"query-input\":{\"@type\":\"PropertyValueSpecification\",\"valueRequired\":true,\"valueName\":\"search_term_string\"}}],\"inLanguage\":\"de\"},{\"@type\":\"Organization\",\"@id\":\"https:\\\/\\\/www.ekoenergy.org\\\/de\\\/#organization\",\"name\":\"Not-for-profit Organisation EKOenergy\",\"url\":\"https:\\\/\\\/www.ekoenergy.org\\\/de\\\/\",\"logo\":{\"@type\":\"ImageObject\",\"inLanguage\":\"de\",\"@id\":\"https:\\\/\\\/www.ekoenergy.org\\\/de\\\/#\\\/schema\\\/logo\\\/image\\\/\",\"url\":\"https:\\\/\\\/www.ekoenergy.org\\\/wp-content\\\/uploads\\\/logo-EKOenergy-no-text.jpg\",\"contentUrl\":\"https:\\\/\\\/www.ekoenergy.org\\\/wp-content\\\/uploads\\\/logo-EKOenergy-no-text.jpg\",\"width\":1600,\"height\":1600,\"caption\":\"Not-for-profit Organisation EKOenergy\"},\"image\":{\"@id\":\"https:\\\/\\\/www.ekoenergy.org\\\/de\\\/#\\\/schema\\\/logo\\\/image\\\/\"},\"sameAs\":[\"https:\\\/\\\/www.facebook.com\\\/EKOenergy.ecolabel\\\/\",\"https:\\\/\\\/x.com\\\/EKOenergy_\",\"https:\\\/\\\/www.instagram.com\\\/ekoenergy\\\/\",\"https:\\\/\\\/www.linkedin.com\\\/company\\\/ekoenergy-ecolabel\\\/\",\"https:\\\/\\\/www.youtube.com\\\/EKOenergy-ecolabel\",\"https:\\\/\\\/en.wikipedia.org\\\/wiki\\\/EKOenergy\"]}]}<\/script>\n<!-- \/ Yoast SEO plugin. -->","yoast_head_json":{"title":"Erneuerbare W\u00e4rme - EKOenergy ecolabel","description":"EKOenergies Kriterien f\u00fcr nachhaltigen und erneuerbare W\u00e4rme und K\u00e4lte, z.B. mit nachhaltiger Bioenergie oder W\u00e4rmepumpen erzeugt","robots":{"index":"index","follow":"follow","max-snippet":"max-snippet:-1","max-image-preview":"max-image-preview:large","max-video-preview":"max-video-preview:-1"},"canonical":"https:\/\/www.ekoenergy.org\/de\/ecolabel\/criteria\/renewable-heat\/","og_locale":"de_DE","og_type":"article","og_title":"Erneuerbare W\u00e4rme - EKOenergy ecolabel","og_description":"EKOenergies Kriterien f\u00fcr nachhaltigen und erneuerbare W\u00e4rme und K\u00e4lte, z.B. mit nachhaltiger Bioenergie oder W\u00e4rmepumpen erzeugt","og_url":"https:\/\/www.ekoenergy.org\/de\/ecolabel\/criteria\/renewable-heat\/","og_site_name":"EKOenergy ecolabel","article_publisher":"https:\/\/www.facebook.com\/EKOenergy.ecolabel\/","article_modified_time":"2023-10-12T09:43:12+00:00","og_image":[{"width":1024,"height":640,"url":"https:\/\/www.ekoenergy.org\/wp-content\/uploads\/Absorption-heat-pump-Commons-Wikimedia.jpg","type":"image\/jpeg"}],"twitter_card":"summary_large_image","twitter_site":"@EKOenergy_","twitter_misc":{"Gesch\u00e4tzte Lesezeit":"2\u00a0Minuten"},"schema":{"@context":"https:\/\/schema.org","@graph":[{"@type":"WebPage","@id":"https:\/\/www.ekoenergy.org\/de\/ecolabel\/criteria\/renewable-heat\/","url":"https:\/\/www.ekoenergy.org\/de\/ecolabel\/criteria\/renewable-heat\/","name":"Erneuerbare W\u00e4rme - EKOenergy ecolabel","isPartOf":{"@id":"https:\/\/www.ekoenergy.org\/de\/#website"},"primaryImageOfPage":{"@id":"https:\/\/www.ekoenergy.org\/de\/ecolabel\/criteria\/renewable-heat\/#primaryimage"},"image":{"@id":"https:\/\/www.ekoenergy.org\/de\/ecolabel\/criteria\/renewable-heat\/#primaryimage"},"thumbnailUrl":"https:\/\/www.ekoenergy.org\/wp-content\/uploads\/Absorption-heat-pump-Commons-Wikimedia.jpg","datePublished":"2019-12-04T13:38:28+00:00","dateModified":"2023-10-12T09:43:12+00:00","description":"EKOenergies Kriterien f\u00fcr nachhaltigen und erneuerbare W\u00e4rme und K\u00e4lte, z.B. mit nachhaltiger Bioenergie oder W\u00e4rmepumpen erzeugt","breadcrumb":{"@id":"https:\/\/www.ekoenergy.org\/de\/ecolabel\/criteria\/renewable-heat\/#breadcrumb"},"inLanguage":"de","potentialAction":[{"@type":"ReadAction","target":["https:\/\/www.ekoenergy.org\/de\/ecolabel\/criteria\/renewable-heat\/"]}]},{"@type":"ImageObject","inLanguage":"de","@id":"https:\/\/www.ekoenergy.org\/de\/ecolabel\/criteria\/renewable-heat\/#primaryimage","url":"https:\/\/www.ekoenergy.org\/wp-content\/uploads\/Absorption-heat-pump-Commons-Wikimedia.jpg","contentUrl":"https:\/\/www.ekoenergy.org\/wp-content\/uploads\/Absorption-heat-pump-Commons-Wikimedia.jpg","width":1024,"height":640},{"@type":"BreadcrumbList","@id":"https:\/\/www.ekoenergy.org\/de\/ecolabel\/criteria\/renewable-heat\/#breadcrumb","itemListElement":[{"@type":"ListItem","position":1,"name":"Home","item":"https:\/\/www.ekoenergy.org\/de\/"},{"@type":"ListItem","position":2,"name":"Unser \u00d6kolabel","item":"https:\/\/www.ekoenergy.org\/de\/ecolabel\/"},{"@type":"ListItem","position":3,"name":"EKOenergies Kriterien","item":"https:\/\/www.ekoenergy.org\/de\/ecolabel\/criteria\/"},{"@type":"ListItem","position":4,"name":"Erneuerbare W\u00e4rme"}]},{"@type":"WebSite","@id":"https:\/\/www.ekoenergy.org\/de\/#website","url":"https:\/\/www.ekoenergy.org\/de\/","name":"EKOenergy ecolabel","description":"The global nonprofit ecolabel for renewable energy","publisher":{"@id":"https:\/\/www.ekoenergy.org\/de\/#organization"},"potentialAction":[{"@type":"SearchAction","target":{"@type":"EntryPoint","urlTemplate":"https:\/\/www.ekoenergy.org\/de\/?s={search_term_string}"},"query-input":{"@type":"PropertyValueSpecification","valueRequired":true,"valueName":"search_term_string"}}],"inLanguage":"de"},{"@type":"Organization","@id":"https:\/\/www.ekoenergy.org\/de\/#organization","name":"Not-for-profit Organisation EKOenergy","url":"https:\/\/www.ekoenergy.org\/de\/","logo":{"@type":"ImageObject","inLanguage":"de","@id":"https:\/\/www.ekoenergy.org\/de\/#\/schema\/logo\/image\/","url":"https:\/\/www.ekoenergy.org\/wp-content\/uploads\/logo-EKOenergy-no-text.jpg","contentUrl":"https:\/\/www.ekoenergy.org\/wp-content\/uploads\/logo-EKOenergy-no-text.jpg","width":1600,"height":1600,"caption":"Not-for-profit Organisation EKOenergy"},"image":{"@id":"https:\/\/www.ekoenergy.org\/de\/#\/schema\/logo\/image\/"},"sameAs":["https:\/\/www.facebook.com\/EKOenergy.ecolabel\/","https:\/\/x.com\/EKOenergy_","https:\/\/www.instagram.com\/ekoenergy\/","https:\/\/www.linkedin.com\/company\/ekoenergy-ecolabel\/","https:\/\/www.youtube.com\/EKOenergy-ecolabel","https:\/\/en.wikipedia.org\/wiki\/EKOenergy"]}]}},"uagb_featured_image_src":{"full":["https:\/\/www.ekoenergy.org\/wp-content\/uploads\/Absorption-heat-pump-Commons-Wikimedia.jpg",1024,640,false],"thumbnail":["https:\/\/www.ekoenergy.org\/wp-content\/uploads\/Absorption-heat-pump-Commons-Wikimedia-150x150.jpg",150,150,true],"medium":["https:\/\/www.ekoenergy.org\/wp-content\/uploads\/Absorption-heat-pump-Commons-Wikimedia-320x200.jpg",320,200,true],"medium_large":["https:\/\/www.ekoenergy.org\/wp-content\/uploads\/Absorption-heat-pump-Commons-Wikimedia-768x480.jpg",768,480,true],"large":["https:\/\/www.ekoenergy.org\/wp-content\/uploads\/Absorption-heat-pump-Commons-Wikimedia.jpg",1024,640,false],"1536x1536":["https:\/\/www.ekoenergy.org\/wp-content\/uploads\/Absorption-heat-pump-Commons-Wikimedia.jpg",1024,640,false],"2048x2048":["https:\/\/www.ekoenergy.org\/wp-content\/uploads\/Absorption-heat-pump-Commons-Wikimedia.jpg",1024,640,false]},"uagb_author_info":{"display_name":"Steven Vanholme","author_link":"https:\/\/www.ekoenergy.org\/de\/author\/svanholme\/"},"uagb_comment_info":0,"uagb_excerpt":"Erneuerbare W\u00e4rme und K\u00e4lte Das EKOenergie-\u00d6kolabel hat Kriterien f\u00fcr erneuerbare W\u00e4rme und K\u00e4lte. Die folgenden W\u00e4rme- und K\u00e4ltearten k\u00f6nnen das EKOenergie-\u00d6kolabel erhalten: F\u00fcr jede EKOenergie-gelabelte MWh W\u00e4rme, wird ein Beitrag von 0,10 \u20ac (zehn Cent) an unseren Klimafonds gezahlt. Aus dem Klimafonds vergibt EKOenergie Mittel f\u00fcr Projekte im Bereich erneuerbarer Energien in Entwicklungsl\u00e4ndern. Alle finanzierten&hellip;","_links":{"self":[{"href":"https:\/\/www.ekoenergy.org\/de\/wp-json\/wp\/v2\/pages\/4077","targetHints":{"allow":["GET"]}}],"collection":[{"href":"https:\/\/www.ekoenergy.org\/de\/wp-json\/wp\/v2\/pages"}],"about":[{"href":"https:\/\/www.ekoenergy.org\/de\/wp-json\/wp\/v2\/types\/page"}],"author":[{"embeddable":true,"href":"https:\/\/www.ekoenergy.org\/de\/wp-json\/wp\/v2\/users\/2"}],"replies":[{"embeddable":true,"href":"https:\/\/www.ekoenergy.org\/de\/wp-json\/wp\/v2\/comments?post=4077"}],"version-history":[{"count":3,"href":"https:\/\/www.ekoenergy.org\/de\/wp-json\/wp\/v2\/pages\/4077\/revisions"}],"predecessor-version":[{"id":151667,"href":"https:\/\/www.ekoenergy.org\/de\/wp-json\/wp\/v2\/pages\/4077\/revisions\/151667"}],"up":[{"embeddable":true,"href":"https:\/\/www.ekoenergy.org\/de\/wp-json\/wp\/v2\/pages\/25304"}],"wp:featuredmedia":[{"embeddable":true,"href":"https:\/\/www.ekoenergy.org\/de\/wp-json\/wp\/v2\/media\/28690"}],"wp:attachment":[{"href":"https:\/\/www.ekoenergy.org\/de\/wp-json\/wp\/v2\/media?parent=4077"}],"curies":[{"name":"wp","href":"https:\/\/api.w.org\/{rel}","templated":true}]}}