{"id":4119,"date":"2019-12-04T13:37:51","date_gmt":"2019-12-04T13:37:51","guid":{"rendered":"https:\/\/www.ekoenergy.org\/ecolabel\/official-text\/ekoenergy-gas\/"},"modified":"2024-07-02T15:59:33","modified_gmt":"2024-07-02T12:59:33","slug":"ekoenergy-gas","status":"publish","type":"page","link":"https:\/\/www.ekoenergy.org\/de\/ecolabel\/criteria\/ekoenergy-gas\/","title":{"rendered":"Erneuerbares Gas"},"content":{"rendered":"\n<h1 class=\"wp-block-heading\"> Ein \u00d6kolabel f\u00fcr erneuerbares Gas <\/h1>\n\n\n\n<figure class=\"wp-block-image alignright size-medium is-resized\"><img fetchpriority=\"high\" decoding=\"async\" width=\"300\" height=\"273\" src=\"https:\/\/www.ekoenergy.org\/wp-content\/uploads\/\/EKOenergy-logo-with-gas-flame-300x273.png\" alt=\"EKOenergy logo with gas flame\" class=\"wp-image-8099\" style=\"width:347px;height:316px\" srcset=\"https:\/\/www.ekoenergy.org\/wp-content\/uploads\/EKOenergy-logo-with-gas-flame-300x273.png 300w, https:\/\/www.ekoenergy.org\/wp-content\/uploads\/EKOenergy-logo-with-gas-flame.png 564w\" sizes=\"(max-width: 300px) 100vw, 300px\" \/><\/figure>\n\n\n\n<p>Unser international anerkanntes Qualit\u00e4tszeichen ist auch f\u00fcr spezielle Arten von nachhaltigem erneuerbarem Gas erh\u00e4ltlich!<\/p>\n\n\n\n<p>Das \u00d6kolabel erleichtert es den Konsumenten, erneuerbares Gas mit minimalen Auswirkungen auf die Umwelt zu w\u00e4hlen.&nbsp;EKOenergie-gelabeltes erneuerbares Gas ist:<\/p>\n\n\n\n<ul class=\"wp-block-list\">\n<li>Entweder Gas, das aus nachhaltigen Formen von  Biomasse hergestellt wird, wie Bioabf\u00e4llen oder organische Reste<\/li>\n\n\n\n<li>Oder durch Vergasungsprozesse erzeugtes Gas (erneuerbarer Power-to-Gas), wie z. B. gr\u00fcner Wasserstoff, wenn der verwendete Strom die Nachhaltigkeitskriterien von EKOenergie erf\u00fcllt.<\/li>\n<\/ul>\n\n\n\n<p>Das Labe hilft Konsumenten auch dabei, einen zus\u00e4tzlichen Einfluss zu haben: <\/p>\n\n\n\n<ul class=\"wp-block-list\">\n<li>Von jeder MWh Gas mit dem EKOenergie-Label gehen 0,10 \u20ac an den <a href=\"https:\/\/www.ekoenergy.org\/de\/our-results\/climate-fund\/\">EKOenergie-Klimafonds<\/a>. Mit diesem Fonds finanziert EKOenergie Projekte f\u00fcr erneuerbare Energien in Entwicklungsl\u00e4ndern.<\/li>\n\n\n\n<li>Zudem helfen uns alle EKOenergie-Konsumenten dabei, das Bewusstsein f\u00fcr Fragen der Nachhaltigkeit zu sch\u00e4rfen und erneuerbare Energien weltweit zu f\u00f6rdern. Als eine Initiative einer Umweltorganisation organisieren wir Kampagnen f\u00fcr saubere Energie und setzen uns f\u00fcr eine klimafreundliche Gesetzgebung ein.&nbsp;<\/li>\n\n\n\n<li>Konsumenten von EKOenergie-gelabelter Energie k\u00f6nnen unser Logo in ihrer Kommunikation verwenden. Eine positive Kommunikation \u00fcber erneuerbare Energie kann andere dazu inspirieren, sich f\u00fcr erneuerbares Gas zu entscheiden und hilft dabei, die Energiewende zu beschleunigen. Weiter Informationen finden Sie in <a href=\"https:\/\/www.ekoenergy.org\/de\/extras\/logo\/\">EKOenergies Brand Book<\/a>.<\/li>\n<\/ul>\n\n\n\n<p> EKOenergies Kriterien enthalten auch Anforderungen f\u00fcr die <a href=\"https:\/\/www.ekoenergy.org\/de\/ecolabel\/criteria\/tracking\/\">R\u00fcckverfolgung von erneuerbarem Gas<\/a> und f\u00fcr die Vermeidung von Doppelz\u00e4hlungen.<\/p>\n\n\n\n<p> Haben Sie Interesse, EKOenergie-gelabeltes Gas in Ihrem Land zu vertreiben? <a href=\"https:\/\/www.ekoenergy.org\/about-us\/contact-us\/\"> Kontaktieren Sie uns<\/a> f\u00fcr weitere Informationen! <\/p>\n\n\n\n<p> <strong>EKOenergies Kriterien f\u00fcr erneuerbares Gas<\/strong><\/p>\n\n\n\n<ul class=\"wp-block-list\">\n<li>DE:&nbsp; <a aria-label=\" (opens in a new tab)\" href=\"https:\/\/www.ekoenergy.org\/wp-content\/uploads\/EKOenergy_Criteria_Renewable_Gas_German.pdf\" target=\"_blank\" rel=\"noreferrer noopener\">EKOenergies Kriterien f\u00fcr erneuerbares Gas<\/a> (pdf)<\/li>\n\n\n\n<li>EN: <a aria-label=\" (opens in a new tab)\" href=\"https:\/\/www.ekoenergy.org\/wp-content\/uploads\/EKOenergy-Criteria-for-Renewable-Gas-English.pdf\" target=\"_blank\" rel=\"noreferrer noopener\">EKOenergy\u2019s criteria for renewable gas<\/a> (pdf)<\/li>\n\n\n\n<li>ES:&nbsp; <a aria-label=\" (opens in a new tab)\" href=\"https:\/\/www.ekoenergy.org\/wp-content\/uploads\/EKOenergy_Criteria-Renewable_Gas_Spanish.pdf\" target=\"_blank\" rel=\"noreferrer noopener\">Criterios est\u00e1ndar de EKOenerg\u00eda para gas renovable<\/a> (pdf)<\/li>\n\n\n\n<li>FI:&nbsp;<a href=\"https:\/\/www.ekoenergy.org\/wp-content\/uploads\/EKOenergy-criteria-renewable-gas-Finnish.pdf\" target=\"_blank\" rel=\"noreferrer noopener\">EKOenergian kriteerit uusiutuvalle kaasulle<\/a>&nbsp;(pdf)<\/li>\n\n\n\n<li>FR:&nbsp;<a href=\"https:\/\/www.ekoenergy.org\/wp-content\/uploads\/EKOenergy_Criteria_for_Renewable_Gas_French.pdf\" target=\"_blank\" rel=\"noreferrer noopener\">Les crit\u00e8res d\u2019EKO\u00e9nergie pour le gaz renouvelable<\/a>&nbsp;(pdf)<\/li>\n\n\n\n<li>IT:&nbsp;<a href=\"https:\/\/www.ekoenergy.org\/wp-content\/uploads\/EKOenergy-criteria-renewable-gas-Italian.pdf\" target=\"_blank\" rel=\"noreferrer noopener\">Criteri EKOenergy per il gas rinnovabile<\/a>&nbsp;(pdf)<\/li>\n\n\n\n<li>RU:&nbsp;<a href=\"https:\/\/www.ekoenergy.org\/wp-content\/uploads\/EKOenergy_Criteria_for_Renewable_Gas_Russian.pdf\" target=\"_blank\" rel=\"noreferrer noopener\">\u041a\u0440\u0438\u0442\u0435\u0440\u0438\u0438 \u042d\u041a\u041e\u044d\u043d\u0435\u0440\u0433\u0438\u0438 \u0434\u043b\u044f \u0432\u043e\u0437\u043e\u0431\u043d\u043e\u0432\u043b\u044f\u0435\u043c\u043e\u0433\u043e \u0433\u0430\u0437\u0430<\/a>&nbsp;(pdf)<\/li>\n<\/ul>\n\n\n\n<p>Infoblatt<\/p>\n\n\n\n<ul class=\"wp-block-list\">\n<li>EN: <a aria-label=\" (opens in a new tab)\" href=\"https:\/\/www.ekoenergy.org\/wp-content\/uploads\/Leaflet_EKOenergy_Gas_English.pdf\" target=\"_blank\" rel=\"noreferrer noopener\">Leaflet \u201cSustainable renewable gas which helps make an extra positive impact\u201d<\/a><\/li>\n<\/ul>\n","protected":false},"excerpt":{"rendered":"<p>Ein \u00d6kolabel f\u00fcr erneuerbares Gas Unser international anerkanntes Qualit\u00e4tszeichen ist auch f\u00fcr spezielle Arten von nachhaltigem erneuerbarem Gas erh\u00e4ltlich! Das \u00d6kolabel erleichtert es den Konsumenten, erneuerbares Gas mit minimalen Auswirkungen auf die Umwelt zu w\u00e4hlen.&nbsp;EKOenergie-gelabeltes erneuerbares Gas ist: Das Labe hilft Konsumenten auch dabei, einen zus\u00e4tzlichen Einfluss zu haben: EKOenergies Kriterien enthalten auch Anforderungen f\u00fcr [&hellip;]<\/p>\n","protected":false},"author":17,"featured_media":28537,"parent":25304,"menu_order":3,"comment_status":"closed","ping_status":"closed","template":"","meta":{"inline_featured_image":false,"_uag_custom_page_level_css":"","site-sidebar-layout":"default","site-content-layout":"default","ast-site-content-layout":"default","site-content-style":"default","site-sidebar-style":"default","ast-global-header-display":"","ast-banner-title-visibility":"","ast-main-header-display":"","ast-hfb-above-header-display":"","ast-hfb-below-header-display":"","ast-hfb-mobile-header-display":"","site-post-title":"disabled","ast-breadcrumbs-content":"","ast-featured-img":"","footer-sml-layout":"","ast-disable-related-posts":"","theme-transparent-header-meta":"default","adv-header-id-meta":"","stick-header-meta":"default","header-above-stick-meta":"","header-main-stick-meta":"","header-below-stick-meta":"","astra-migrate-meta-layouts":"default","ast-page-background-enabled":"default","ast-page-background-meta":{"desktop":{"background-color":"","background-image":"","background-repeat":"repeat","background-position":"center center","background-size":"auto","background-attachment":"scroll","background-type":"","background-media":"","overlay-type":"","overlay-color":"","overlay-opacity":"","overlay-gradient":""},"tablet":{"background-color":"","background-image":"","background-repeat":"repeat","background-position":"center center","background-size":"auto","background-attachment":"scroll","background-type":"","background-media":"","overlay-type":"","overlay-color":"","overlay-opacity":"","overlay-gradient":""},"mobile":{"background-color":"","background-image":"","background-repeat":"repeat","background-position":"center center","background-size":"auto","background-attachment":"scroll","background-type":"","background-media":"","overlay-type":"","overlay-color":"","overlay-opacity":"","overlay-gradient":""}},"ast-content-background-meta":{"desktop":{"background-color":"var(--ast-global-color-5)","background-image":"","background-repeat":"repeat","background-position":"center center","background-size":"auto","background-attachment":"scroll","background-type":"","background-media":"","overlay-type":"","overlay-color":"","overlay-opacity":"","overlay-gradient":""},"tablet":{"background-color":"var(--ast-global-color-5)","background-image":"","background-repeat":"repeat","background-position":"center center","background-size":"auto","background-attachment":"scroll","background-type":"","background-media":"","overlay-type":"","overlay-color":"","overlay-opacity":"","overlay-gradient":""},"mobile":{"background-color":"var(--ast-global-color-5)","background-image":"","background-repeat":"repeat","background-position":"center center","background-size":"auto","background-attachment":"scroll","background-type":"","background-media":"","overlay-type":"","overlay-color":"","overlay-opacity":"","overlay-gradient":""}},"footnotes":""},"class_list":["post-4119","page","type-page","status-publish","has-post-thumbnail","hentry"],"yoast_head":"<!-- This site is optimized with the Yoast SEO plugin v27.5 - https:\/\/yoast.com\/product\/yoast-seo-wordpress\/ -->\n<title>Erneuerbares Gas - EKOenergy ecolabel<\/title>\n<meta name=\"description\" content=\"Unser \u00d6kolabel ist auch f\u00fcr erneuerbares Gas erh\u00e4ltlich. Es hilft Verbrauchern, mit ihrem Konsum zus\u00e4tzlichen positiven Einfluss zu nehmen.\" \/>\n<meta name=\"robots\" content=\"index, follow, max-snippet:-1, max-image-preview:large, max-video-preview:-1\" \/>\n<link rel=\"canonical\" href=\"https:\/\/www.ekoenergy.org\/de\/ecolabel\/criteria\/ekoenergy-gas\/\" \/>\n<meta property=\"og:locale\" content=\"de_DE\" \/>\n<meta property=\"og:type\" content=\"article\" \/>\n<meta property=\"og:title\" content=\"Erneuerbares Gas - EKOenergy ecolabel\" \/>\n<meta property=\"og:description\" content=\"Unser \u00d6kolabel ist auch f\u00fcr erneuerbares Gas erh\u00e4ltlich. Es hilft Verbrauchern, mit ihrem Konsum zus\u00e4tzlichen positiven Einfluss zu nehmen.\" \/>\n<meta property=\"og:url\" content=\"https:\/\/www.ekoenergy.org\/de\/ecolabel\/criteria\/ekoenergy-gas\/\" \/>\n<meta property=\"og:site_name\" content=\"EKOenergy ecolabel\" \/>\n<meta property=\"article:publisher\" content=\"https:\/\/www.facebook.com\/EKOenergy.ecolabel\/\" \/>\n<meta property=\"article:modified_time\" content=\"2024-07-02T12:59:33+00:00\" \/>\n<meta property=\"og:image\" content=\"https:\/\/www.ekoenergy.org\/wp-content\/uploads\/Featured-Gas.jpg\" \/>\n\t<meta property=\"og:image:width\" content=\"1200\" \/>\n\t<meta property=\"og:image:height\" content=\"600\" \/>\n\t<meta property=\"og:image:type\" content=\"image\/jpeg\" \/>\n<meta name=\"twitter:card\" content=\"summary_large_image\" \/>\n<meta name=\"twitter:site\" content=\"@EKOenergy_\" \/>\n<meta name=\"twitter:label1\" content=\"Gesch\u00e4tzte Lesezeit\" \/>\n\t<meta name=\"twitter:data1\" content=\"2\u00a0Minuten\" \/>\n<script type=\"application\/ld+json\" class=\"yoast-schema-graph\">{\"@context\":\"https:\\\/\\\/schema.org\",\"@graph\":[{\"@type\":\"WebPage\",\"@id\":\"https:\\\/\\\/www.ekoenergy.org\\\/de\\\/ecolabel\\\/criteria\\\/ekoenergy-gas\\\/\",\"url\":\"https:\\\/\\\/www.ekoenergy.org\\\/de\\\/ecolabel\\\/criteria\\\/ekoenergy-gas\\\/\",\"name\":\"Erneuerbares Gas - EKOenergy ecolabel\",\"isPartOf\":{\"@id\":\"https:\\\/\\\/www.ekoenergy.org\\\/de\\\/#website\"},\"primaryImageOfPage\":{\"@id\":\"https:\\\/\\\/www.ekoenergy.org\\\/de\\\/ecolabel\\\/criteria\\\/ekoenergy-gas\\\/#primaryimage\"},\"image\":{\"@id\":\"https:\\\/\\\/www.ekoenergy.org\\\/de\\\/ecolabel\\\/criteria\\\/ekoenergy-gas\\\/#primaryimage\"},\"thumbnailUrl\":\"https:\\\/\\\/www.ekoenergy.org\\\/wp-content\\\/uploads\\\/Featured-Gas.jpg\",\"datePublished\":\"2019-12-04T13:37:51+00:00\",\"dateModified\":\"2024-07-02T12:59:33+00:00\",\"description\":\"Unser \u00d6kolabel ist auch f\u00fcr erneuerbares Gas erh\u00e4ltlich. Es hilft Verbrauchern, mit ihrem Konsum zus\u00e4tzlichen positiven Einfluss zu nehmen.\",\"breadcrumb\":{\"@id\":\"https:\\\/\\\/www.ekoenergy.org\\\/de\\\/ecolabel\\\/criteria\\\/ekoenergy-gas\\\/#breadcrumb\"},\"inLanguage\":\"de\",\"potentialAction\":[{\"@type\":\"ReadAction\",\"target\":[\"https:\\\/\\\/www.ekoenergy.org\\\/de\\\/ecolabel\\\/criteria\\\/ekoenergy-gas\\\/\"]}]},{\"@type\":\"ImageObject\",\"inLanguage\":\"de\",\"@id\":\"https:\\\/\\\/www.ekoenergy.org\\\/de\\\/ecolabel\\\/criteria\\\/ekoenergy-gas\\\/#primaryimage\",\"url\":\"https:\\\/\\\/www.ekoenergy.org\\\/wp-content\\\/uploads\\\/Featured-Gas.jpg\",\"contentUrl\":\"https:\\\/\\\/www.ekoenergy.org\\\/wp-content\\\/uploads\\\/Featured-Gas.jpg\",\"width\":1200,\"height\":600},{\"@type\":\"BreadcrumbList\",\"@id\":\"https:\\\/\\\/www.ekoenergy.org\\\/de\\\/ecolabel\\\/criteria\\\/ekoenergy-gas\\\/#breadcrumb\",\"itemListElement\":[{\"@type\":\"ListItem\",\"position\":1,\"name\":\"Home\",\"item\":\"https:\\\/\\\/www.ekoenergy.org\\\/de\\\/\"},{\"@type\":\"ListItem\",\"position\":2,\"name\":\"Unser \u00d6kolabel\",\"item\":\"https:\\\/\\\/www.ekoenergy.org\\\/de\\\/ecolabel\\\/\"},{\"@type\":\"ListItem\",\"position\":3,\"name\":\"EKOenergies Kriterien\",\"item\":\"https:\\\/\\\/www.ekoenergy.org\\\/de\\\/ecolabel\\\/criteria\\\/\"},{\"@type\":\"ListItem\",\"position\":4,\"name\":\"Erneuerbares Gas\"}]},{\"@type\":\"WebSite\",\"@id\":\"https:\\\/\\\/www.ekoenergy.org\\\/de\\\/#website\",\"url\":\"https:\\\/\\\/www.ekoenergy.org\\\/de\\\/\",\"name\":\"EKOenergy ecolabel\",\"description\":\"The global nonprofit ecolabel for renewable energy\",\"publisher\":{\"@id\":\"https:\\\/\\\/www.ekoenergy.org\\\/de\\\/#organization\"},\"potentialAction\":[{\"@type\":\"SearchAction\",\"target\":{\"@type\":\"EntryPoint\",\"urlTemplate\":\"https:\\\/\\\/www.ekoenergy.org\\\/de\\\/?s={search_term_string}\"},\"query-input\":{\"@type\":\"PropertyValueSpecification\",\"valueRequired\":true,\"valueName\":\"search_term_string\"}}],\"inLanguage\":\"de\"},{\"@type\":\"Organization\",\"@id\":\"https:\\\/\\\/www.ekoenergy.org\\\/de\\\/#organization\",\"name\":\"Not-for-profit Organisation EKOenergy\",\"url\":\"https:\\\/\\\/www.ekoenergy.org\\\/de\\\/\",\"logo\":{\"@type\":\"ImageObject\",\"inLanguage\":\"de\",\"@id\":\"https:\\\/\\\/www.ekoenergy.org\\\/de\\\/#\\\/schema\\\/logo\\\/image\\\/\",\"url\":\"https:\\\/\\\/www.ekoenergy.org\\\/wp-content\\\/uploads\\\/logo-EKOenergy-no-text.jpg\",\"contentUrl\":\"https:\\\/\\\/www.ekoenergy.org\\\/wp-content\\\/uploads\\\/logo-EKOenergy-no-text.jpg\",\"width\":1600,\"height\":1600,\"caption\":\"Not-for-profit Organisation EKOenergy\"},\"image\":{\"@id\":\"https:\\\/\\\/www.ekoenergy.org\\\/de\\\/#\\\/schema\\\/logo\\\/image\\\/\"},\"sameAs\":[\"https:\\\/\\\/www.facebook.com\\\/EKOenergy.ecolabel\\\/\",\"https:\\\/\\\/x.com\\\/EKOenergy_\",\"https:\\\/\\\/www.instagram.com\\\/ekoenergy\\\/\",\"https:\\\/\\\/www.linkedin.com\\\/company\\\/ekoenergy-ecolabel\\\/\",\"https:\\\/\\\/www.youtube.com\\\/EKOenergy-ecolabel\",\"https:\\\/\\\/en.wikipedia.org\\\/wiki\\\/EKOenergy\"]}]}<\/script>\n<!-- \/ Yoast SEO plugin. -->","yoast_head_json":{"title":"Erneuerbares Gas - EKOenergy ecolabel","description":"Unser \u00d6kolabel ist auch f\u00fcr erneuerbares Gas erh\u00e4ltlich. Es hilft Verbrauchern, mit ihrem Konsum zus\u00e4tzlichen positiven Einfluss zu nehmen.","robots":{"index":"index","follow":"follow","max-snippet":"max-snippet:-1","max-image-preview":"max-image-preview:large","max-video-preview":"max-video-preview:-1"},"canonical":"https:\/\/www.ekoenergy.org\/de\/ecolabel\/criteria\/ekoenergy-gas\/","og_locale":"de_DE","og_type":"article","og_title":"Erneuerbares Gas - EKOenergy ecolabel","og_description":"Unser \u00d6kolabel ist auch f\u00fcr erneuerbares Gas erh\u00e4ltlich. Es hilft Verbrauchern, mit ihrem Konsum zus\u00e4tzlichen positiven Einfluss zu nehmen.","og_url":"https:\/\/www.ekoenergy.org\/de\/ecolabel\/criteria\/ekoenergy-gas\/","og_site_name":"EKOenergy ecolabel","article_publisher":"https:\/\/www.facebook.com\/EKOenergy.ecolabel\/","article_modified_time":"2024-07-02T12:59:33+00:00","og_image":[{"width":1200,"height":600,"url":"https:\/\/www.ekoenergy.org\/wp-content\/uploads\/Featured-Gas.jpg","type":"image\/jpeg"}],"twitter_card":"summary_large_image","twitter_site":"@EKOenergy_","twitter_misc":{"Gesch\u00e4tzte Lesezeit":"2\u00a0Minuten"},"schema":{"@context":"https:\/\/schema.org","@graph":[{"@type":"WebPage","@id":"https:\/\/www.ekoenergy.org\/de\/ecolabel\/criteria\/ekoenergy-gas\/","url":"https:\/\/www.ekoenergy.org\/de\/ecolabel\/criteria\/ekoenergy-gas\/","name":"Erneuerbares Gas - EKOenergy ecolabel","isPartOf":{"@id":"https:\/\/www.ekoenergy.org\/de\/#website"},"primaryImageOfPage":{"@id":"https:\/\/www.ekoenergy.org\/de\/ecolabel\/criteria\/ekoenergy-gas\/#primaryimage"},"image":{"@id":"https:\/\/www.ekoenergy.org\/de\/ecolabel\/criteria\/ekoenergy-gas\/#primaryimage"},"thumbnailUrl":"https:\/\/www.ekoenergy.org\/wp-content\/uploads\/Featured-Gas.jpg","datePublished":"2019-12-04T13:37:51+00:00","dateModified":"2024-07-02T12:59:33+00:00","description":"Unser \u00d6kolabel ist auch f\u00fcr erneuerbares Gas erh\u00e4ltlich. Es hilft Verbrauchern, mit ihrem Konsum zus\u00e4tzlichen positiven Einfluss zu nehmen.","breadcrumb":{"@id":"https:\/\/www.ekoenergy.org\/de\/ecolabel\/criteria\/ekoenergy-gas\/#breadcrumb"},"inLanguage":"de","potentialAction":[{"@type":"ReadAction","target":["https:\/\/www.ekoenergy.org\/de\/ecolabel\/criteria\/ekoenergy-gas\/"]}]},{"@type":"ImageObject","inLanguage":"de","@id":"https:\/\/www.ekoenergy.org\/de\/ecolabel\/criteria\/ekoenergy-gas\/#primaryimage","url":"https:\/\/www.ekoenergy.org\/wp-content\/uploads\/Featured-Gas.jpg","contentUrl":"https:\/\/www.ekoenergy.org\/wp-content\/uploads\/Featured-Gas.jpg","width":1200,"height":600},{"@type":"BreadcrumbList","@id":"https:\/\/www.ekoenergy.org\/de\/ecolabel\/criteria\/ekoenergy-gas\/#breadcrumb","itemListElement":[{"@type":"ListItem","position":1,"name":"Home","item":"https:\/\/www.ekoenergy.org\/de\/"},{"@type":"ListItem","position":2,"name":"Unser \u00d6kolabel","item":"https:\/\/www.ekoenergy.org\/de\/ecolabel\/"},{"@type":"ListItem","position":3,"name":"EKOenergies Kriterien","item":"https:\/\/www.ekoenergy.org\/de\/ecolabel\/criteria\/"},{"@type":"ListItem","position":4,"name":"Erneuerbares Gas"}]},{"@type":"WebSite","@id":"https:\/\/www.ekoenergy.org\/de\/#website","url":"https:\/\/www.ekoenergy.org\/de\/","name":"EKOenergy ecolabel","description":"The global nonprofit ecolabel for renewable energy","publisher":{"@id":"https:\/\/www.ekoenergy.org\/de\/#organization"},"potentialAction":[{"@type":"SearchAction","target":{"@type":"EntryPoint","urlTemplate":"https:\/\/www.ekoenergy.org\/de\/?s={search_term_string}"},"query-input":{"@type":"PropertyValueSpecification","valueRequired":true,"valueName":"search_term_string"}}],"inLanguage":"de"},{"@type":"Organization","@id":"https:\/\/www.ekoenergy.org\/de\/#organization","name":"Not-for-profit Organisation EKOenergy","url":"https:\/\/www.ekoenergy.org\/de\/","logo":{"@type":"ImageObject","inLanguage":"de","@id":"https:\/\/www.ekoenergy.org\/de\/#\/schema\/logo\/image\/","url":"https:\/\/www.ekoenergy.org\/wp-content\/uploads\/logo-EKOenergy-no-text.jpg","contentUrl":"https:\/\/www.ekoenergy.org\/wp-content\/uploads\/logo-EKOenergy-no-text.jpg","width":1600,"height":1600,"caption":"Not-for-profit Organisation EKOenergy"},"image":{"@id":"https:\/\/www.ekoenergy.org\/de\/#\/schema\/logo\/image\/"},"sameAs":["https:\/\/www.facebook.com\/EKOenergy.ecolabel\/","https:\/\/x.com\/EKOenergy_","https:\/\/www.instagram.com\/ekoenergy\/","https:\/\/www.linkedin.com\/company\/ekoenergy-ecolabel\/","https:\/\/www.youtube.com\/EKOenergy-ecolabel","https:\/\/en.wikipedia.org\/wiki\/EKOenergy"]}]}},"uagb_featured_image_src":{"full":["https:\/\/www.ekoenergy.org\/wp-content\/uploads\/Featured-Gas.jpg",1200,600,false],"thumbnail":["https:\/\/www.ekoenergy.org\/wp-content\/uploads\/Featured-Gas-150x150.jpg",150,150,true],"medium":["https:\/\/www.ekoenergy.org\/wp-content\/uploads\/Featured-Gas-320x160.jpg",320,160,true],"medium_large":["https:\/\/www.ekoenergy.org\/wp-content\/uploads\/Featured-Gas-768x384.jpg",768,384,true],"large":["https:\/\/www.ekoenergy.org\/wp-content\/uploads\/Featured-Gas-1024x512.jpg",1024,512,true],"1536x1536":["https:\/\/www.ekoenergy.org\/wp-content\/uploads\/Featured-Gas.jpg",1200,600,false],"2048x2048":["https:\/\/www.ekoenergy.org\/wp-content\/uploads\/Featured-Gas.jpg",1200,600,false]},"uagb_author_info":{"display_name":"EKOenergy ecolabel","author_link":"https:\/\/www.ekoenergy.org\/de\/author\/ekoenergy\/"},"uagb_comment_info":0,"uagb_excerpt":"Ein \u00d6kolabel f\u00fcr erneuerbares Gas Unser international anerkanntes Qualit\u00e4tszeichen ist auch f\u00fcr spezielle Arten von nachhaltigem erneuerbarem Gas erh\u00e4ltlich! Das \u00d6kolabel erleichtert es den Konsumenten, erneuerbares Gas mit minimalen Auswirkungen auf die Umwelt zu w\u00e4hlen.&nbsp;EKOenergie-gelabeltes erneuerbares Gas ist: Das Labe hilft Konsumenten auch dabei, einen zus\u00e4tzlichen Einfluss zu haben: EKOenergies Kriterien enthalten auch Anforderungen f\u00fcr&hellip;","_links":{"self":[{"href":"https:\/\/www.ekoenergy.org\/de\/wp-json\/wp\/v2\/pages\/4119","targetHints":{"allow":["GET"]}}],"collection":[{"href":"https:\/\/www.ekoenergy.org\/de\/wp-json\/wp\/v2\/pages"}],"about":[{"href":"https:\/\/www.ekoenergy.org\/de\/wp-json\/wp\/v2\/types\/page"}],"author":[{"embeddable":true,"href":"https:\/\/www.ekoenergy.org\/de\/wp-json\/wp\/v2\/users\/17"}],"replies":[{"embeddable":true,"href":"https:\/\/www.ekoenergy.org\/de\/wp-json\/wp\/v2\/comments?post=4119"}],"version-history":[{"count":3,"href":"https:\/\/www.ekoenergy.org\/de\/wp-json\/wp\/v2\/pages\/4119\/revisions"}],"predecessor-version":[{"id":162885,"href":"https:\/\/www.ekoenergy.org\/de\/wp-json\/wp\/v2\/pages\/4119\/revisions\/162885"}],"up":[{"embeddable":true,"href":"https:\/\/www.ekoenergy.org\/de\/wp-json\/wp\/v2\/pages\/25304"}],"wp:featuredmedia":[{"embeddable":true,"href":"https:\/\/www.ekoenergy.org\/de\/wp-json\/wp\/v2\/media\/28537"}],"wp:attachment":[{"href":"https:\/\/www.ekoenergy.org\/de\/wp-json\/wp\/v2\/media?parent=4119"}],"curies":[{"name":"wp","href":"https:\/\/api.w.org\/{rel}","templated":true}]}}