{"id":2548,"date":"2019-12-04T13:23:54","date_gmt":"2019-12-04T13:23:54","guid":{"rendered":"https:\/\/www.ekoenergy.org\/about-us\/"},"modified":"2023-12-11T15:48:21","modified_gmt":"2023-12-11T13:48:21","slug":"about-us","status":"publish","type":"page","link":"https:\/\/www.ekoenergy.org\/es\/about-us\/","title":{"rendered":"Sobre nosotros"},"content":{"rendered":"\n<h1 class=\"wp-block-heading\">Sobre nosotros<\/h1>\n\n\n\n<h2 class=\"wp-block-heading\">Nuestra ecoetiqueta sin \u00e1nimo de lucro<\/h2>\n\n\n\n<figure class=\"wp-block-embed is-type-video is-provider-youtube wp-block-embed-youtube alignright wp-embed-aspect-16-9 wp-has-aspect-ratio\"><div class=\"wp-block-embed__wrapper\">\n<iframe title=\"EKOenerg\u00eda, ecoetiqueta global sin \u00e1nimo de lucro para energ\u00edas renovables\" width=\"500\" height=\"281\" src=\"https:\/\/www.youtube.com\/embed\/bvKNPUdJMyk?feature=oembed\" frameborder=\"0\" allow=\"accelerometer; autoplay; clipboard-write; encrypted-media; gyroscope; picture-in-picture; web-share\" referrerpolicy=\"strict-origin-when-cross-origin\" allowfullscreen><\/iframe>\n<\/div><figcaption class=\"wp-element-caption\"><em>Mire nuestro video introductorio<\/em><\/figcaption><\/figure>\n\n\n\n<p>EKOenerg\u00eda es una etiqueta ecol\u00f3gica internacional sin \u00e1nimo de lucro para la energ\u00eda (electricidad renovable, as\u00ed como gas, calor y fr\u00edo renovables).<\/p>\n\n\n\n<p class=\"has-text-align-left\">Adem\u00e1s de renovable, la energ\u00eda vendida con la ecoetiqueta EKOenerg\u00eda cumple con <a href=\"https:\/\/www.ekoenergy.org\/es\/ecolabel\/\">estrictos criterios de sostenibilidad<\/a> en su producci\u00f3n y financia <a href=\"https:\/\/www.ekoenergy.org\/es\/our-results\/climate-fund\/\">proyectos que combaten la pobreza energ\u00e9tica<\/a>. La etiqueta ecol\u00f3gica EKOenerg\u00eda se puede combinar con cualquier m\u00e9todo de abastecimiento: las tarifas de electricidad verde, los acuerdos de compra de energ\u00eda (PPA), los certificados de energ\u00eda desagregados como GO, REC, I-REC y otros pueden llevar la etiqueta ecol\u00f3gica EKOenerg\u00eda, as\u00ed como la energ\u00eda consumida de instalaciones en el sitio. EKOenerg\u00eda aporta un impacto positivo adicional a la elecci\u00f3n de energ\u00eda renovable de los consumidores, independientemente del m\u00e9todo de compra o consumo.<\/p>\n\n\n\n<p>El <a aria-label=\" (opens in a new tab)\" href=\"https:\/\/ghgprotocol.org\/\" target=\"_blank\" rel=\"noreferrer noopener\">Protocolo de Gases de Efecto Invernadero<\/a>, la certificaci\u00f3n LEED para edificios sostenibles y la organizaci\u00f3n <a aria-label=\" (opens in a new tab)\" href=\"https:\/\/www.cdp.net\/es\" target=\"_blank\" rel=\"noreferrer noopener\">CDP <\/a>describen a EKOenerg\u00eda como una buena respuesta a la demanda de <a href=\"https:\/\/www.ekoenergy.org\/es\/why-buy\/other-standards\/\">aquellos consumidores que quieren dar un paso m\u00e1s.<\/a><\/p>\n\n\n\n<h3 class=\"wp-block-heading\">La ecoetiqueta es f\u00e1cil de usar<\/h3>\n\n\n\n<p>Comprar EKOenerg\u00eda es simple, ya que tenemos vendedores autorizados en todo el mundo. Es posible utilizar EKOenerg\u00eda para tu hogar o para tu empresa. Si desea comprar <a href=\"https:\/\/www.ekoenergy.org\/es\/buying-ekoenergy\/\" target=\"_blank\" rel=\"noreferrer noopener\">electricidad con la etiqueta EKOenerg\u00eda<\/a> o <a href=\"https:\/\/www.ekoenergy.org\/es\/ecolabel\/how-to-sell-ekoenergy\/\" target=\"_blank\" rel=\"noreferrer noopener\">vender energ\u00edas renovables con la etiqueta EKOenerg\u00eda<\/a>, comun\u00edquese con <a href=\"https:\/\/www.ekoenergy.org\/es\/about-us\/contact-us\/\" target=\"_blank\" rel=\"noreferrer noopener\">nosotros<\/a>.<\/p>\n\n\n\n<h3 class=\"wp-block-heading\">La ecoetiqueta es una herramienta de comunicaci\u00f3n<\/h3>\n\n\n\n<figure class=\"wp-block-image alignleft size-medium\"><img fetchpriority=\"high\" decoding=\"async\" width=\"320\" height=\"179\" src=\"https:\/\/www.ekoenergy.org\/wp-content\/uploads\/\/EKOenergy-labelled-electricity-sticker-320x179.png\" alt=\"\" class=\"wp-image-123405\" srcset=\"https:\/\/www.ekoenergy.org\/wp-content\/uploads\/EKOenergy-labelled-electricity-sticker-320x179.png 320w, https:\/\/www.ekoenergy.org\/wp-content\/uploads\/EKOenergy-labelled-electricity-sticker-1024x572.png 1024w, https:\/\/www.ekoenergy.org\/wp-content\/uploads\/EKOenergy-labelled-electricity-sticker-768x429.png 768w, https:\/\/www.ekoenergy.org\/wp-content\/uploads\/EKOenergy-labelled-electricity-sticker-1536x858.png 1536w, https:\/\/www.ekoenergy.org\/wp-content\/uploads\/EKOenergy-labelled-electricity-sticker.png 1768w\" sizes=\"(max-width: 320px) 100vw, 320px\" \/><\/figure>\n\n\n\n<p>La etiqueta EKOenerg\u00eda es una herramienta de comunicaci\u00f3n <a href=\"https:\/\/www.ekoenergy.org\/es\/why-buy\/other-standards\/\">reconocida internacionalmente<\/a>. Al utilizar nuestro logotipo, las personas y las empresas demuestran su compromiso con las energ\u00edas renovables y alientan a otros a hacer lo mismo. Esto ayuda a acelerar la transici\u00f3n a un mundo 100% renovable. Los usuarios de energ\u00eda con la etiqueta EKOenerg\u00eda pueden usar el logotipo en sus publicaciones, en sus edificios y en productos hechos con EKOenerg\u00eda.<\/p>\n\n\n\n<p>El <a href=\"https:\/\/www.ekoenergy.org\/es\/about-us\/contact-us\/\">equipo internacional de EKOenerg\u00eda<\/a>  est\u00e1 a su disposici\u00f3n para responder cualquier duda en distintos  idiomas. Nuestros materiales informativos est\u00e1n disponibles en m\u00e1s de 20 idiomas.<\/p>\n\n\n\n<h2 class=\"wp-block-heading\">Premios y nominaciones<\/h2>\n\n\n\n<figure class=\"wp-block-image alignright size-medium\"><img decoding=\"async\" width=\"320\" height=\"214\" src=\"https:\/\/www.ekoenergy.org\/wp-content\/uploads\/\/European-Citizens-Award-Ceremony-2021-320x214.jpg\" alt=\"\" class=\"wp-image-123682\" srcset=\"https:\/\/www.ekoenergy.org\/wp-content\/uploads\/European-Citizens-Award-Ceremony-2021-320x214.jpg 320w, https:\/\/www.ekoenergy.org\/wp-content\/uploads\/European-Citizens-Award-Ceremony-2021-1024x684.jpg 1024w, https:\/\/www.ekoenergy.org\/wp-content\/uploads\/European-Citizens-Award-Ceremony-2021-768x513.jpg 768w, https:\/\/www.ekoenergy.org\/wp-content\/uploads\/European-Citizens-Award-Ceremony-2021-1536x1026.jpg 1536w, https:\/\/www.ekoenergy.org\/wp-content\/uploads\/European-Citizens-Award-Ceremony-2021.jpg 1794w\" sizes=\"(max-width: 320px) 100vw, 320px\" \/><\/figure>\n\n\n\n<ul class=\"wp-block-list\">\n<li>Premio EU Sustainable Energy (EUSEW) 2021, Merve G\u00fcng\u00f6r fue finalista en la categor\u00eda Young Energy Trailblazer por su trabajo en EKOenergy.<\/li>\n\n\n\n<li>Premio Ciudadano Europeo 2020, otorgado por el Parlamento Europeo en marzo de 2021.<\/li>\n\n\n\n<li>Nominaci\u00f3n al Premio Medioambiental del Consejo N\u00f3rdico 2019.<\/li>\n\n\n\n<li>Premio Energ\u00eda sostenible de la UE (EUSEW) 2018, finalista en la categor\u00eda Young Energy Leaders.<\/li>\n\n\n\n<li>EKOenerg\u00eda fue uno de los proyectos ganadores seleccionados como parte de la iniciativa \u201c100 proyectos para el clima\u201d del Ministerio franc\u00e9s de Medio Ambiente, Energ\u00eda y Mar en 2017.<\/li>\n\n\n\n<li>Premio \u2018Taten f\u00fcr Morgen\u2019 del Consejo Alem\u00e1n para el Desarrollo Sostenible. EKOenerg\u00eda fue uno de los \u201cProyectos de Sostenibilidad 2017\u201d (Project Nachhaltigkeit), una reconocida distinci\u00f3n para proyectos que contribuyen a los Objetivos de Desarrollo Sostenible.<\/li>\n\n\n\n<li>Premio Good100 PremaGyan 2016 en GoodFestival en Suiza.<\/li>\n<\/ul>\n\n\n\n<h2 class=\"wp-block-heading\">Cooperaci\u00f3n internacional<\/h2>\n\n\n\n<p>La etiqueta ecol\u00f3gica EKOenerg\u00eda es una iniciativa de la Asociaci\u00f3n Finlandesa para la Conservaci\u00f3n de la Naturaleza y cuenta con el apoyo de otras ONG ambientales.<\/p>\n\n\n\n<p>Participamos en las actividades de muchas otras organizaciones y cooperamos con ellas, incluyendo:<\/p>\n\n\n\n<ul class=\"wp-block-list\">\n<li><a href=\"https:\/\/climatenetwork.org\/\">Climate Action Network International (CAN Intl)<\/a><\/li>\n\n\n\n<li><a href=\"https:\/\/caneurope.org\/\" target=\"_blank\" rel=\"noreferrer noopener\">Climate Action Network (CAN) Europe<\/a><\/li>\n\n\n\n<li><a href=\"https:\/\/coalition.irena.org\/\" target=\"_blank\" rel=\"noreferrer noopener\">IRENA Coalition for Action<\/a><\/li>\n\n\n\n<li><a href=\"https:\/\/resource-platform.eu\/\" target=\"_blank\" rel=\"noreferrer noopener\">The RE-Source Platform<\/a><\/li>\n\n\n\n<li><a href=\"https:\/\/recs.org\/\" target=\"_blank\" rel=\"noreferrer noopener\">RECS Energy Certificate Association<\/a><\/li>\n\n\n\n<li><a href=\"https:\/\/eeb.org\/\" target=\"_blank\" rel=\"noreferrer noopener\">European Environmental Bureau (EEB)<\/a><\/li>\n<\/ul>\n\n\n\n<p><\/p>\n","protected":false},"excerpt":{"rendered":"<p>Sobre nosotros Nuestra ecoetiqueta sin \u00e1nimo de lucro EKOenerg\u00eda es una etiqueta ecol\u00f3gica internacional sin \u00e1nimo de lucro para la energ\u00eda (electricidad renovable, as\u00ed como gas, calor y fr\u00edo renovables). Adem\u00e1s de renovable, la energ\u00eda vendida con la ecoetiqueta EKOenerg\u00eda cumple con estrictos criterios de sostenibilidad en su producci\u00f3n y financia proyectos que combaten la [&hellip;]<\/p>\n","protected":false},"author":17,"featured_media":28137,"parent":0,"menu_order":0,"comment_status":"closed","ping_status":"closed","template":"","meta":{"inline_featured_image":false,"_uag_custom_page_level_css":"","site-sidebar-layout":"default","site-content-layout":"default","ast-site-content-layout":"default","site-content-style":"default","site-sidebar-style":"default","ast-global-header-display":"","ast-banner-title-visibility":"","ast-main-header-display":"","ast-hfb-above-header-display":"","ast-hfb-below-header-display":"","ast-hfb-mobile-header-display":"","site-post-title":"disabled","ast-breadcrumbs-content":"","ast-featured-img":"","footer-sml-layout":"","ast-disable-related-posts":"","theme-transparent-header-meta":"default","adv-header-id-meta":"","stick-header-meta":"default","header-above-stick-meta":"","header-main-stick-meta":"","header-below-stick-meta":"","astra-migrate-meta-layouts":"default","ast-page-background-enabled":"default","ast-page-background-meta":{"desktop":{"background-color":"","background-image":"","background-repeat":"repeat","background-position":"center center","background-size":"auto","background-attachment":"scroll","background-type":"","background-media":"","overlay-type":"","overlay-color":"","overlay-opacity":"","overlay-gradient":""},"tablet":{"background-color":"","background-image":"","background-repeat":"repeat","background-position":"center center","background-size":"auto","background-attachment":"scroll","background-type":"","background-media":"","overlay-type":"","overlay-color":"","overlay-opacity":"","overlay-gradient":""},"mobile":{"background-color":"","background-image":"","background-repeat":"repeat","background-position":"center center","background-size":"auto","background-attachment":"scroll","background-type":"","background-media":"","overlay-type":"","overlay-color":"","overlay-opacity":"","overlay-gradient":""}},"ast-content-background-meta":{"desktop":{"background-color":"var(--ast-global-color-5)","background-image":"","background-repeat":"repeat","background-position":"center center","background-size":"auto","background-attachment":"scroll","background-type":"","background-media":"","overlay-type":"","overlay-color":"","overlay-opacity":"","overlay-gradient":""},"tablet":{"background-color":"var(--ast-global-color-5)","background-image":"","background-repeat":"repeat","background-position":"center center","background-size":"auto","background-attachment":"scroll","background-type":"","background-media":"","overlay-type":"","overlay-color":"","overlay-opacity":"","overlay-gradient":""},"mobile":{"background-color":"var(--ast-global-color-5)","background-image":"","background-repeat":"repeat","background-position":"center center","background-size":"auto","background-attachment":"scroll","background-type":"","background-media":"","overlay-type":"","overlay-color":"","overlay-opacity":"","overlay-gradient":""}},"footnotes":""},"class_list":["post-2548","page","type-page","status-publish","has-post-thumbnail","hentry"],"yoast_head":"<!-- This site is optimized with the Yoast SEO plugin v27.3 - https:\/\/yoast.com\/product\/yoast-seo-wordpress\/ -->\n<title>Sobre nosotros- EKOenergy ecolabel<\/title>\n<meta name=\"description\" content=\"EKOenergy is an internationally recognised, nonprofit ecolabel for renewable electricity, gas, and heat. EKOenergy is sustainable energy.\" \/>\n<meta name=\"robots\" content=\"index, follow, max-snippet:-1, max-image-preview:large, max-video-preview:-1\" \/>\n<link rel=\"canonical\" href=\"https:\/\/www.ekoenergy.org\/es\/about-us\/\" \/>\n<meta property=\"og:locale\" content=\"es_ES\" \/>\n<meta property=\"og:type\" content=\"article\" \/>\n<meta property=\"og:title\" content=\"Sobre nosotros- EKOenergy ecolabel\" \/>\n<meta property=\"og:description\" content=\"EKOenergy is an internationally recognised, nonprofit ecolabel for renewable electricity, gas, and heat. EKOenergy is sustainable energy.\" \/>\n<meta property=\"og:url\" content=\"https:\/\/www.ekoenergy.org\/es\/about-us\/\" \/>\n<meta property=\"og:site_name\" content=\"EKOenergy ecolabel\" \/>\n<meta property=\"article:publisher\" content=\"https:\/\/www.facebook.com\/EKOenergy.ecolabel\/\" \/>\n<meta property=\"article:modified_time\" content=\"2023-12-11T13:48:21+00:00\" \/>\n<meta property=\"og:image\" content=\"https:\/\/www.ekoenergy.org\/wp-content\/uploads\/Featured-Chocolate-Made-With-EKOenergy.jpg\" \/>\n\t<meta property=\"og:image:width\" content=\"1197\" \/>\n\t<meta property=\"og:image:height\" content=\"600\" \/>\n\t<meta property=\"og:image:type\" content=\"image\/jpeg\" \/>\n<meta name=\"twitter:card\" content=\"summary_large_image\" \/>\n<meta name=\"twitter:site\" content=\"@EKOenergy_\" \/>\n<meta name=\"twitter:label1\" content=\"Tiempo de lectura\" \/>\n\t<meta name=\"twitter:data1\" content=\"3 minutos\" \/>\n<script type=\"application\/ld+json\" class=\"yoast-schema-graph\">{\"@context\":\"https:\\\/\\\/schema.org\",\"@graph\":[{\"@type\":\"WebPage\",\"@id\":\"https:\\\/\\\/www.ekoenergy.org\\\/es\\\/about-us\\\/\",\"url\":\"https:\\\/\\\/www.ekoenergy.org\\\/es\\\/about-us\\\/\",\"name\":\"Sobre nosotros- EKOenergy ecolabel\",\"isPartOf\":{\"@id\":\"https:\\\/\\\/www.ekoenergy.org\\\/es\\\/#website\"},\"primaryImageOfPage\":{\"@id\":\"https:\\\/\\\/www.ekoenergy.org\\\/es\\\/about-us\\\/#primaryimage\"},\"image\":{\"@id\":\"https:\\\/\\\/www.ekoenergy.org\\\/es\\\/about-us\\\/#primaryimage\"},\"thumbnailUrl\":\"https:\\\/\\\/www.ekoenergy.org\\\/wp-content\\\/uploads\\\/Featured-Chocolate-Made-With-EKOenergy.jpg\",\"datePublished\":\"2019-12-04T13:23:54+00:00\",\"dateModified\":\"2023-12-11T13:48:21+00:00\",\"description\":\"EKOenergy is an internationally recognised, nonprofit ecolabel for renewable electricity, gas, and heat. EKOenergy is sustainable energy.\",\"breadcrumb\":{\"@id\":\"https:\\\/\\\/www.ekoenergy.org\\\/es\\\/about-us\\\/#breadcrumb\"},\"inLanguage\":\"es\",\"potentialAction\":[{\"@type\":\"ReadAction\",\"target\":[\"https:\\\/\\\/www.ekoenergy.org\\\/es\\\/about-us\\\/\"]}]},{\"@type\":\"ImageObject\",\"inLanguage\":\"es\",\"@id\":\"https:\\\/\\\/www.ekoenergy.org\\\/es\\\/about-us\\\/#primaryimage\",\"url\":\"https:\\\/\\\/www.ekoenergy.org\\\/wp-content\\\/uploads\\\/Featured-Chocolate-Made-With-EKOenergy.jpg\",\"contentUrl\":\"https:\\\/\\\/www.ekoenergy.org\\\/wp-content\\\/uploads\\\/Featured-Chocolate-Made-With-EKOenergy.jpg\",\"width\":1197,\"height\":600},{\"@type\":\"BreadcrumbList\",\"@id\":\"https:\\\/\\\/www.ekoenergy.org\\\/es\\\/about-us\\\/#breadcrumb\",\"itemListElement\":[{\"@type\":\"ListItem\",\"position\":1,\"name\":\"Home\",\"item\":\"https:\\\/\\\/www.ekoenergy.org\\\/es\\\/\"},{\"@type\":\"ListItem\",\"position\":2,\"name\":\"Sobre nosotros\"}]},{\"@type\":\"WebSite\",\"@id\":\"https:\\\/\\\/www.ekoenergy.org\\\/es\\\/#website\",\"url\":\"https:\\\/\\\/www.ekoenergy.org\\\/es\\\/\",\"name\":\"EKOenergy ecolabel\",\"description\":\"The global nonprofit ecolabel for renewable energy\",\"publisher\":{\"@id\":\"https:\\\/\\\/www.ekoenergy.org\\\/es\\\/#organization\"},\"potentialAction\":[{\"@type\":\"SearchAction\",\"target\":{\"@type\":\"EntryPoint\",\"urlTemplate\":\"https:\\\/\\\/www.ekoenergy.org\\\/es\\\/?s={search_term_string}\"},\"query-input\":{\"@type\":\"PropertyValueSpecification\",\"valueRequired\":true,\"valueName\":\"search_term_string\"}}],\"inLanguage\":\"es\"},{\"@type\":\"Organization\",\"@id\":\"https:\\\/\\\/www.ekoenergy.org\\\/es\\\/#organization\",\"name\":\"Not-for-profit Organisation EKOenergy\",\"url\":\"https:\\\/\\\/www.ekoenergy.org\\\/es\\\/\",\"logo\":{\"@type\":\"ImageObject\",\"inLanguage\":\"es\",\"@id\":\"https:\\\/\\\/www.ekoenergy.org\\\/es\\\/#\\\/schema\\\/logo\\\/image\\\/\",\"url\":\"https:\\\/\\\/www.ekoenergy.org\\\/wp-content\\\/uploads\\\/logo-EKOenergy-no-text.jpg\",\"contentUrl\":\"https:\\\/\\\/www.ekoenergy.org\\\/wp-content\\\/uploads\\\/logo-EKOenergy-no-text.jpg\",\"width\":1600,\"height\":1600,\"caption\":\"Not-for-profit Organisation EKOenergy\"},\"image\":{\"@id\":\"https:\\\/\\\/www.ekoenergy.org\\\/es\\\/#\\\/schema\\\/logo\\\/image\\\/\"},\"sameAs\":[\"https:\\\/\\\/www.facebook.com\\\/EKOenergy.ecolabel\\\/\",\"https:\\\/\\\/x.com\\\/EKOenergy_\",\"https:\\\/\\\/www.instagram.com\\\/ekoenergy\\\/\",\"https:\\\/\\\/www.linkedin.com\\\/company\\\/ekoenergy-ecolabel\\\/\",\"https:\\\/\\\/www.youtube.com\\\/EKOenergy-ecolabel\",\"https:\\\/\\\/en.wikipedia.org\\\/wiki\\\/EKOenergy\"]}]}<\/script>\n<!-- \/ Yoast SEO plugin. -->","yoast_head_json":{"title":"Sobre nosotros- EKOenergy ecolabel","description":"EKOenergy is an internationally recognised, nonprofit ecolabel for renewable electricity, gas, and heat. EKOenergy is sustainable energy.","robots":{"index":"index","follow":"follow","max-snippet":"max-snippet:-1","max-image-preview":"max-image-preview:large","max-video-preview":"max-video-preview:-1"},"canonical":"https:\/\/www.ekoenergy.org\/es\/about-us\/","og_locale":"es_ES","og_type":"article","og_title":"Sobre nosotros- EKOenergy ecolabel","og_description":"EKOenergy is an internationally recognised, nonprofit ecolabel for renewable electricity, gas, and heat. EKOenergy is sustainable energy.","og_url":"https:\/\/www.ekoenergy.org\/es\/about-us\/","og_site_name":"EKOenergy ecolabel","article_publisher":"https:\/\/www.facebook.com\/EKOenergy.ecolabel\/","article_modified_time":"2023-12-11T13:48:21+00:00","og_image":[{"width":1197,"height":600,"url":"https:\/\/www.ekoenergy.org\/wp-content\/uploads\/Featured-Chocolate-Made-With-EKOenergy.jpg","type":"image\/jpeg"}],"twitter_card":"summary_large_image","twitter_site":"@EKOenergy_","twitter_misc":{"Tiempo de lectura":"3 minutos"},"schema":{"@context":"https:\/\/schema.org","@graph":[{"@type":"WebPage","@id":"https:\/\/www.ekoenergy.org\/es\/about-us\/","url":"https:\/\/www.ekoenergy.org\/es\/about-us\/","name":"Sobre nosotros- EKOenergy ecolabel","isPartOf":{"@id":"https:\/\/www.ekoenergy.org\/es\/#website"},"primaryImageOfPage":{"@id":"https:\/\/www.ekoenergy.org\/es\/about-us\/#primaryimage"},"image":{"@id":"https:\/\/www.ekoenergy.org\/es\/about-us\/#primaryimage"},"thumbnailUrl":"https:\/\/www.ekoenergy.org\/wp-content\/uploads\/Featured-Chocolate-Made-With-EKOenergy.jpg","datePublished":"2019-12-04T13:23:54+00:00","dateModified":"2023-12-11T13:48:21+00:00","description":"EKOenergy is an internationally recognised, nonprofit ecolabel for renewable electricity, gas, and heat. EKOenergy is sustainable energy.","breadcrumb":{"@id":"https:\/\/www.ekoenergy.org\/es\/about-us\/#breadcrumb"},"inLanguage":"es","potentialAction":[{"@type":"ReadAction","target":["https:\/\/www.ekoenergy.org\/es\/about-us\/"]}]},{"@type":"ImageObject","inLanguage":"es","@id":"https:\/\/www.ekoenergy.org\/es\/about-us\/#primaryimage","url":"https:\/\/www.ekoenergy.org\/wp-content\/uploads\/Featured-Chocolate-Made-With-EKOenergy.jpg","contentUrl":"https:\/\/www.ekoenergy.org\/wp-content\/uploads\/Featured-Chocolate-Made-With-EKOenergy.jpg","width":1197,"height":600},{"@type":"BreadcrumbList","@id":"https:\/\/www.ekoenergy.org\/es\/about-us\/#breadcrumb","itemListElement":[{"@type":"ListItem","position":1,"name":"Home","item":"https:\/\/www.ekoenergy.org\/es\/"},{"@type":"ListItem","position":2,"name":"Sobre nosotros"}]},{"@type":"WebSite","@id":"https:\/\/www.ekoenergy.org\/es\/#website","url":"https:\/\/www.ekoenergy.org\/es\/","name":"EKOenergy ecolabel","description":"The global nonprofit ecolabel for renewable energy","publisher":{"@id":"https:\/\/www.ekoenergy.org\/es\/#organization"},"potentialAction":[{"@type":"SearchAction","target":{"@type":"EntryPoint","urlTemplate":"https:\/\/www.ekoenergy.org\/es\/?s={search_term_string}"},"query-input":{"@type":"PropertyValueSpecification","valueRequired":true,"valueName":"search_term_string"}}],"inLanguage":"es"},{"@type":"Organization","@id":"https:\/\/www.ekoenergy.org\/es\/#organization","name":"Not-for-profit Organisation EKOenergy","url":"https:\/\/www.ekoenergy.org\/es\/","logo":{"@type":"ImageObject","inLanguage":"es","@id":"https:\/\/www.ekoenergy.org\/es\/#\/schema\/logo\/image\/","url":"https:\/\/www.ekoenergy.org\/wp-content\/uploads\/logo-EKOenergy-no-text.jpg","contentUrl":"https:\/\/www.ekoenergy.org\/wp-content\/uploads\/logo-EKOenergy-no-text.jpg","width":1600,"height":1600,"caption":"Not-for-profit Organisation EKOenergy"},"image":{"@id":"https:\/\/www.ekoenergy.org\/es\/#\/schema\/logo\/image\/"},"sameAs":["https:\/\/www.facebook.com\/EKOenergy.ecolabel\/","https:\/\/x.com\/EKOenergy_","https:\/\/www.instagram.com\/ekoenergy\/","https:\/\/www.linkedin.com\/company\/ekoenergy-ecolabel\/","https:\/\/www.youtube.com\/EKOenergy-ecolabel","https:\/\/en.wikipedia.org\/wiki\/EKOenergy"]}]}},"uagb_featured_image_src":{"full":["https:\/\/www.ekoenergy.org\/wp-content\/uploads\/Featured-Chocolate-Made-With-EKOenergy.jpg",1197,600,false],"thumbnail":["https:\/\/www.ekoenergy.org\/wp-content\/uploads\/Featured-Chocolate-Made-With-EKOenergy-150x150.jpg",150,150,true],"medium":["https:\/\/www.ekoenergy.org\/wp-content\/uploads\/Featured-Chocolate-Made-With-EKOenergy-320x160.jpg",320,160,true],"medium_large":["https:\/\/www.ekoenergy.org\/wp-content\/uploads\/Featured-Chocolate-Made-With-EKOenergy-768x385.jpg",768,385,true],"large":["https:\/\/www.ekoenergy.org\/wp-content\/uploads\/Featured-Chocolate-Made-With-EKOenergy-1024x513.jpg",1024,513,true],"1536x1536":["https:\/\/www.ekoenergy.org\/wp-content\/uploads\/Featured-Chocolate-Made-With-EKOenergy.jpg",1197,600,false],"2048x2048":["https:\/\/www.ekoenergy.org\/wp-content\/uploads\/Featured-Chocolate-Made-With-EKOenergy.jpg",1197,600,false]},"uagb_author_info":{"display_name":"EKOenergy ecolabel","author_link":"https:\/\/www.ekoenergy.org\/es\/author\/ekoenergy\/"},"uagb_comment_info":0,"uagb_excerpt":"Sobre nosotros Nuestra ecoetiqueta sin \u00e1nimo de lucro EKOenerg\u00eda es una etiqueta ecol\u00f3gica internacional sin \u00e1nimo de lucro para la energ\u00eda (electricidad renovable, as\u00ed como gas, calor y fr\u00edo renovables). Adem\u00e1s de renovable, la energ\u00eda vendida con la ecoetiqueta EKOenerg\u00eda cumple con estrictos criterios de sostenibilidad en su producci\u00f3n y financia proyectos que combaten la&hellip;","_links":{"self":[{"href":"https:\/\/www.ekoenergy.org\/es\/wp-json\/wp\/v2\/pages\/2548","targetHints":{"allow":["GET"]}}],"collection":[{"href":"https:\/\/www.ekoenergy.org\/es\/wp-json\/wp\/v2\/pages"}],"about":[{"href":"https:\/\/www.ekoenergy.org\/es\/wp-json\/wp\/v2\/types\/page"}],"author":[{"embeddable":true,"href":"https:\/\/www.ekoenergy.org\/es\/wp-json\/wp\/v2\/users\/17"}],"replies":[{"embeddable":true,"href":"https:\/\/www.ekoenergy.org\/es\/wp-json\/wp\/v2\/comments?post=2548"}],"version-history":[{"count":3,"href":"https:\/\/www.ekoenergy.org\/es\/wp-json\/wp\/v2\/pages\/2548\/revisions"}],"predecessor-version":[{"id":155403,"href":"https:\/\/www.ekoenergy.org\/es\/wp-json\/wp\/v2\/pages\/2548\/revisions\/155403"}],"wp:featuredmedia":[{"embeddable":true,"href":"https:\/\/www.ekoenergy.org\/es\/wp-json\/wp\/v2\/media\/28137"}],"wp:attachment":[{"href":"https:\/\/www.ekoenergy.org\/es\/wp-json\/wp\/v2\/media?parent=2548"}],"curies":[{"name":"wp","href":"https:\/\/api.w.org\/{rel}","templated":true}]}}