{"id":2795,"date":"2019-12-04T13:51:33","date_gmt":"2019-12-04T13:51:33","guid":{"rendered":"https:\/\/www.ekoenergy.org\/our-results\/"},"modified":"2022-10-10T15:48:53","modified_gmt":"2022-10-10T12:48:53","slug":"our-results","status":"publish","type":"page","link":"https:\/\/www.ekoenergy.org\/es\/our-results\/","title":{"rendered":"Nuestros resultados"},"content":{"rendered":"\n<h1 class=\"wp-block-heading\">Nuestros resultados<\/h1>\n\n\n\n<figure class=\"wp-block-image alignright size-medium\"><img fetchpriority=\"high\" decoding=\"async\" width=\"320\" height=\"216\" src=\"https:\/\/www.ekoenergy.org\/wp-content\/uploads\/\/5_year_report_Spanish_image-720x485-1-320x216.png\" alt=\"\" class=\"wp-image-47352\" srcset=\"https:\/\/www.ekoenergy.org\/wp-content\/uploads\/5_year_report_Spanish_image-720x485-1-320x216.png 320w, https:\/\/www.ekoenergy.org\/wp-content\/uploads\/5_year_report_Spanish_image-720x485-1.png 720w\" sizes=\"(max-width: 320px) 100vw, 320px\" \/><\/figure>\n\n\n\n<p>EKOenerg\u00eda trabaja para proteger la naturaleza y combatir el cambio  clim\u00e1tico ayudando a los consumidores de energ\u00eda a cambiar al 100% de energ\u00eda renovable y sostenible. Desde nuestro lanzamiento en 2013, hemos recorrido un largo camino. Nuestro progreso se detalla en la memoria: \u00ab<a href=\"https:\/\/www.ekoenergy.org\/wp-content\/uploads\/5-Year-report-Spanish-2018.pdf\" target=\"_blank\" rel=\"noreferrer noopener\" aria-label=\" (opens in a new tab)\">EKOenerg\u00eda, Primeros cinco a\u00f1os: 2013-2018<\/a>\u00bb<\/p>\n\n\n\n<p>Promovemos el uso de energ\u00eda renovable en todo el mundo, tanto con consumidores de energ\u00eda como a trav\u00e9s de la cooperaci\u00f3n con  nuestra red de organizaciones ambientales y departamentos de RSC. El <a href=\"https:\/\/www.ekoenergy.org\/es\/our-results\/climate-fund\/\">Fondo Clim\u00e1tico<\/a> de EKOenerg\u00eda apoya proyectos de energ\u00eda renovable en pa\u00edses con  dificultades al acceso a la electricidad, destinados a minimizar la pobreza energ\u00e9tica. Nuestro <a href=\"https:\/\/www.ekoenergy.org\/es\/our-results\/environmental-fund\/\">Fondo Ambiental<\/a> financia proyectos de restauraci\u00f3n en ecosistemas fluviales da\u00f1ados.<\/p>\n\n\n\n<h2 class=\"wp-block-heading\">Herramientas para el empoderamiento energ\u00e9tico de los consumidores<\/h2>\n\n\n\n<p>En muchas partes del mundo, el papel de los consumidores en el mercado de la energ\u00eda es muy limitado. Es imposible o muy dif\u00edcil elegir energ\u00eda verde o contribuir activamente a la transici\u00f3n energ\u00e9tica. EKOenerg\u00eda participa en el desarrollo de instrumentos que ofrecen m\u00e1s opciones a los consumidores. Algunos de nuestros logros m\u00e1s importantes incluyen:<\/p>\n\n\n\n<ul class=\"wp-block-list\"><li>Significativas contribuciones al desarrollo de la Gu\u00eda del Alcance 2 del <a href=\"https:\/\/ghgprotocol.org\/\" target=\"_blank\" rel=\"noreferrer noopener\">Protocolo de Gases de Efecto Invernadero<\/a>. Hemos hecho un resumen con informaci\u00f3n espec\u00edfica disponible en <a href=\"https:\/\/www.ekoenergy.org\/es\/ecolabel\/carbon-footprinting\/\">19 idiomas<\/a>.<\/li><li>Fuimos uno de los primeros en respaldar <a href=\"https:\/\/www.irecstandard.org\/\" target=\"_blank\" rel=\"noreferrer noopener\">I-REC<\/a>, el est\u00e1ndar internacional para certificados de energ\u00eda renovable. I-REC permite el seguimiento de la energ\u00eda fuera de Europa y EE. UU. Y fuimos de los primeros en trabajar con el est\u00e1ndar en pa\u00edses como China y  Brasil.<\/li><li>Hemos desarrollado material informativo sobre energ\u00eda verde en general y sobre la compra de electricidad renovable en particular.  Muchas de nuestras publicaciones est\u00e1n disponibles en varios idiomas.  Por ejemplo, nuestro curso en l\u00ednea \u201c<a href=\"https:\/\/www.usgbc.org\/education\/sessions\/green-power-how-buy-renewable-electricity-leed-and-carbon-accounting-9270893\" target=\"_blank\" rel=\"noreferrer noopener\">Green Power: compra de electricidad renovable para LEED y contabilidad de carbono<\/a>\u201d, que realizamos en colaboraci\u00f3n con LEED y US Green Building Council (disponible en 4 idiomas). Gracias a nuestros traductores voluntarios seguimos produciendo folletos  y art\u00edculos en muchos otros idiomas para llegar a m\u00e1s gente.<\/li><\/ul>\n\n\n\n<h2 class=\"wp-block-heading\">Apostando por un mundo 100% sostenible<\/h2>\n\n\n\n<p>La etiqueta EKOenerg\u00eda funciona como una herramienta para promover el uso de energ\u00edas renovables. La energ\u00eda etiquetada como EKOenerg\u00eda est\u00e1 disponible <strong>en m\u00e1s de 65 pa\u00edses<\/strong> alrededor del mundo. Un n\u00famero creciente de empresas comunican activamente su compromiso con la energ\u00eda ambientalmente sostenible.<\/p>\n\n\n\n<p>A medida que crece nuestra visibilidad e impacto positivo, podemos esforzarnos m\u00e1s en abogar para que las energ\u00edas renovables sean la norma. Adem\u00e1s de nuestros resultados concretos, tambi\u00e9n <a href=\"https:\/\/www.ekoenergy.org\/es\/our-results\/advocacy\/\" target=\"_blank\" rel=\"noreferrer noopener\">promovemos el uso de energ\u00edas renovables como un medio para apoyar la acci\u00f3n clim\u00e1tica.<\/a><\/p>\n\n\n\n<p>Somos miembros de la\u00a0<a href=\"https:\/\/www.caneurope.org\/\" target=\"_blank\" rel=\"noreferrer noopener\">Climate Action Network (Europe)<\/a>, la campa\u00f1a\u00a0<a href=\"https:\/\/www.go100re.net\/\" target=\"_blank\" rel=\"noreferrer noopener\">Global 100% RE<\/a>\u00a0y la <a href=\"https:\/\/coalition.irena.org\/\" target=\"_blank\" rel=\"noreferrer noopener\">Coalici\u00f3n para la Acci\u00f3n IRENA<\/a>. Hemos contribuido a varios art\u00edculos y publicaciones sobre la viabilidad de un mundo 100% renovable y apoyamos acciones y campa\u00f1as contra los subsidios a los combustibles f\u00f3siles.<\/p>\n\n\n\n<h2 class=\"wp-block-heading\">Protecci\u00f3n de la biodiversidad<\/h2>\n\n\n\n<figure class=\"wp-block-image alignleft size-medium\"><img decoding=\"async\" width=\"320\" height=\"240\" src=\"https:\/\/www.ekoenergy.org\/wp-content\/uploads\/\/River_restoration_vihti-people-on-bridge--320x240.jpg\" alt=\"River_restoration_vihti people on bridge\" class=\"wp-image-13335\" srcset=\"https:\/\/www.ekoenergy.org\/wp-content\/uploads\/River_restoration_vihti-people-on-bridge--320x240.jpg 320w, https:\/\/www.ekoenergy.org\/wp-content\/uploads\/River_restoration_vihti-people-on-bridge-.jpg 640w\" sizes=\"(max-width: 320px) 100vw, 320px\" \/><\/figure>\n\n\n\n<p>Involucramos a las empresas energ\u00e9ticas y a los consumidores de energ\u00eda en discursos regulares sobre el impacto de la producci\u00f3n de energ\u00eda a partir de la naturaleza. Como integrantes de uno de los proyectos\u00a0<a href=\"https:\/\/www.ekoenergy.org\/es\/our-results\/freshabit\/\">LIFE Freshabit<\/a>,\u00a0creamos el sitio web \u00abLa naturaleza de la energ\u00eda hidroel\u00e9ctrica\u00bb (<a href=\"https:\/\/www.vesivoimanluonto.fi\/vesivoiman-luonto\/\" target=\"_blank\" rel=\"noreferrer noopener\">\u00abHydropower\u2019s nature\u00bb<\/a> disponible s\u00f3lo en ingl\u00e9s) con mucha informaci\u00f3n sobre como la energ\u00eda hidroel\u00e9ctrica afecta los ecosistemas de los r\u00edos.<\/p>\n\n\n\n<p>Al utilizar energ\u00eda etiquetada con EKOenerg\u00eda, los grandes consumidores corporativos establecen una relaci\u00f3n entre sus objetivos de reducci\u00f3n de carbono y su compromiso con la naturaleza y biodiversidad  (\u00abBusiness and biodiversity\u00bb).<\/p>\n\n\n\n<p>Financiamos proyectos que tienen como objetivo promover la biodiversidad de los r\u00edos. Por cada MWh como energ\u00eda hidroel\u00e9ctrica vendido como EKOenerg\u00eda, se paga una contribuci\u00f3n de al menos 0,10 \u20ac (diez c\u00e9ntimos de euro) a nuestro Fondo Ambiental. Estas contribuciones se utilizan para financiar la eliminaci\u00f3n de barreras  para la migraci\u00f3n de peces, restaurar el cauce de los r\u00edos y su  ecosistema modificado por la acci\u00f3n del hombre. Vea nuestra secci\u00f3n <a href=\"https:\/\/www.ekoenergy.org\/es\/our-results\/environmental-fund\/\">Fondo Ambiental<\/a> para conocer m\u00e1s sobre este fondo.<\/p>\n\n\n\n<h2 class=\"wp-block-heading\">Proyectos de energ\u00edas renovables para minimizar la pobreza energ\u00e9tica<\/h2>\n\n\n\n<figure class=\"wp-block-image alignright size-large\"><img decoding=\"async\" width=\"150\" height=\"150\" src=\"https:\/\/www.ekoenergy.org\/wp-content\/uploads\/Solar_panels_installing_on_roof_Myanmar.jpg\" alt=\"Solar_panels_installing_on_roof_Myanmar\" class=\"wp-image-13408\"\/><\/figure>\n\n\n\n<p>Por cada MWh de energ\u00eda vendida como EKOenerg\u00eda, un m\u00ednimo de 0,10 \u20ac (diez c\u00e9ntimos de euro) se destinan a nuestro Fondo Clim\u00e1tico. Con estas contribuciones financiamos nuevos proyectos de energ\u00eda renovable (mayoritariamente proyectos de energ\u00eda solar) que mitigan la pobreza energ\u00e9tica. <\/p>\n\n\n\n<p>Estos proyectos tambi\u00e9n contribuyen a la consecuci\u00f3n de los Objetivos de Desarrollo Sostenible  (ODS) propuestos por la ONU. Puede obtener m\u00e1s informaci\u00f3n sobre como EKOenerg\u00eda contribuye a los objetivos globales en la publicaci\u00f3n <a href=\"https:\/\/www.ekoenergy.org\/es\/ekoenergy-is-featured-in-un-desa-sdg-publication\/\">Buenas pr\u00e1cticas: historias de \u00e9xito y lecciones aprendidas en la implementaci\u00f3n de los ODS<\/a> <a href=\"https:\/\/www.ekoenergy.org\/es\/ekoenergy-is-featured-in-un-desa-sdg-publication\/\">(SDG Good Practices) <\/a>de UN DESA.<\/p>\n\n\n\n<p>Vea nuestra p\u00e1gina del <a href=\"https:\/\/www.ekoenergy.org\/es\/our-results\/climate-fund\/\">Fondo Clim\u00e1tico<\/a> para m\u00e1s informaci\u00f3n sobre los proyectos.<\/p>\n\n\n\n<h2 class=\"wp-block-heading\">Ay\u00fadenos a hacer m\u00e1s<\/h2>\n\n\n\n<p>Ninguno de estos resultados ser\u00eda posible sin el apoyo de miles de consumidores de electricidad etiquetada con EKOenerg\u00eda. Puede ayudarnos a hacer m\u00e1s cambi\u00e1ndose usted mismo a energ\u00eda etiquetada como EKOenerg\u00eda y convenciendo a sus amigos para que hagan lo mismo.<\/p>\n\n\n\n<p>Para m\u00e1s informaci\u00f3n s\u00edganos en redes sociales:&nbsp;<a href=\"https:\/\/www.facebook.com\/EKOenergy.ecolabel\" target=\"_blank\" rel=\"noreferrer noopener\">Facebook<\/a>, <a href=\"https:\/\/twitter.com\/EKOenergy_\" target=\"_blank\" rel=\"noreferrer noopener\">Twitter<\/a>, <a href=\"https:\/\/www.instagram.com\/ekoenergy\/\" target=\"_blank\" rel=\"noreferrer noopener\"> Instagram<\/a>, <a href=\"https:\/\/www.youtube.com\/channel\/UCJtqduD7ghXHFM0uU06J7TA\" target=\"_blank\" rel=\"noreferrer noopener\">YouTube<\/a> o&nbsp;<a href=\"https:\/\/www.linkedin.com\/company\/ekoenergy-ecolabel\/\" target=\"_blank\" rel=\"noreferrer noopener\">LinkedIn<\/a> y suscr\u00edbase a nuestro <a href=\"https:\/\/www.ekoenergy.org\/news\/newsletter-archive\/\">bolet\u00edn<\/a>.<\/p>\n","protected":false},"excerpt":{"rendered":"<p>Nuestros resultados EKOenerg\u00eda trabaja para proteger la naturaleza y combatir el cambio clim\u00e1tico ayudando a los consumidores de energ\u00eda a cambiar al 100% de energ\u00eda renovable y sostenible. Desde nuestro lanzamiento en 2013, hemos recorrido un largo camino. Nuestro progreso se detalla en la memoria: \u00abEKOenerg\u00eda, Primeros cinco a\u00f1os: 2013-2018\u00bb Promovemos el uso de energ\u00eda [&hellip;]<\/p>\n","protected":false},"author":17,"featured_media":94086,"parent":0,"menu_order":0,"comment_status":"closed","ping_status":"closed","template":"","meta":{"inline_featured_image":false,"_uag_custom_page_level_css":"","site-sidebar-layout":"default","site-content-layout":"default","ast-site-content-layout":"default","site-content-style":"default","site-sidebar-style":"default","ast-global-header-display":"","ast-banner-title-visibility":"","ast-main-header-display":"","ast-hfb-above-header-display":"","ast-hfb-below-header-display":"","ast-hfb-mobile-header-display":"","site-post-title":"disabled","ast-breadcrumbs-content":"","ast-featured-img":"","footer-sml-layout":"","ast-disable-related-posts":"","theme-transparent-header-meta":"default","adv-header-id-meta":"","stick-header-meta":"default","header-above-stick-meta":"","header-main-stick-meta":"","header-below-stick-meta":"","astra-migrate-meta-layouts":"default","ast-page-background-enabled":"default","ast-page-background-meta":{"desktop":{"background-color":"","background-image":"","background-repeat":"repeat","background-position":"center center","background-size":"auto","background-attachment":"scroll","background-type":"","background-media":"","overlay-type":"","overlay-color":"","overlay-opacity":"","overlay-gradient":""},"tablet":{"background-color":"","background-image":"","background-repeat":"repeat","background-position":"center center","background-size":"auto","background-attachment":"scroll","background-type":"","background-media":"","overlay-type":"","overlay-color":"","overlay-opacity":"","overlay-gradient":""},"mobile":{"background-color":"","background-image":"","background-repeat":"repeat","background-position":"center center","background-size":"auto","background-attachment":"scroll","background-type":"","background-media":"","overlay-type":"","overlay-color":"","overlay-opacity":"","overlay-gradient":""}},"ast-content-background-meta":{"desktop":{"background-color":"var(--ast-global-color-5)","background-image":"","background-repeat":"repeat","background-position":"center center","background-size":"auto","background-attachment":"scroll","background-type":"","background-media":"","overlay-type":"","overlay-color":"","overlay-opacity":"","overlay-gradient":""},"tablet":{"background-color":"var(--ast-global-color-5)","background-image":"","background-repeat":"repeat","background-position":"center center","background-size":"auto","background-attachment":"scroll","background-type":"","background-media":"","overlay-type":"","overlay-color":"","overlay-opacity":"","overlay-gradient":""},"mobile":{"background-color":"var(--ast-global-color-5)","background-image":"","background-repeat":"repeat","background-position":"center center","background-size":"auto","background-attachment":"scroll","background-type":"","background-media":"","overlay-type":"","overlay-color":"","overlay-opacity":"","overlay-gradient":""}},"footnotes":""},"class_list":["post-2795","page","type-page","status-publish","has-post-thumbnail","hentry"],"yoast_head":"<!-- This site is optimized with the Yoast SEO plugin v27.3 - https:\/\/yoast.com\/product\/yoast-seo-wordpress\/ -->\n<title>Nuestros resultados - EKOenergy ecolabel<\/title>\n<meta name=\"description\" content=\"EKOenerg\u00eda trabaja para proteger la naturaleza y combatir el cambio clim\u00e1tico. Lea aqu\u00ed sobre algunos de nuestros resultados concretos desde nuestros inicios en 2013.\" \/>\n<meta name=\"robots\" content=\"index, follow, max-snippet:-1, max-image-preview:large, max-video-preview:-1\" \/>\n<link rel=\"canonical\" href=\"https:\/\/www.ekoenergy.org\/es\/our-results\/\" \/>\n<meta property=\"og:locale\" content=\"es_ES\" \/>\n<meta property=\"og:type\" content=\"article\" \/>\n<meta property=\"og:title\" content=\"Nuestros resultados - EKOenergy ecolabel\" \/>\n<meta property=\"og:description\" content=\"EKOenerg\u00eda trabaja para proteger la naturaleza y combatir el cambio clim\u00e1tico. Lea aqu\u00ed sobre algunos de nuestros resultados concretos desde nuestros inicios en 2013.\" \/>\n<meta property=\"og:url\" content=\"https:\/\/www.ekoenergy.org\/es\/our-results\/\" \/>\n<meta property=\"og:site_name\" content=\"EKOenergy ecolabel\" \/>\n<meta property=\"article:publisher\" content=\"https:\/\/www.facebook.com\/EKOenergy.ecolabel\/\" \/>\n<meta property=\"article:modified_time\" content=\"2022-10-10T12:48:53+00:00\" \/>\n<meta property=\"og:image\" content=\"https:\/\/www.ekoenergy.org\/wp-content\/uploads\/One-label-six-goals.jpg\" \/>\n\t<meta property=\"og:image:width\" content=\"1272\" \/>\n\t<meta property=\"og:image:height\" content=\"831\" \/>\n\t<meta property=\"og:image:type\" content=\"image\/jpeg\" \/>\n<meta name=\"twitter:card\" content=\"summary_large_image\" \/>\n<meta name=\"twitter:site\" content=\"@EKOenergy_\" \/>\n<meta name=\"twitter:label1\" content=\"Tiempo de lectura\" \/>\n\t<meta name=\"twitter:data1\" content=\"5 minutos\" \/>\n<script type=\"application\/ld+json\" class=\"yoast-schema-graph\">{\"@context\":\"https:\\\/\\\/schema.org\",\"@graph\":[{\"@type\":\"WebPage\",\"@id\":\"https:\\\/\\\/www.ekoenergy.org\\\/es\\\/our-results\\\/\",\"url\":\"https:\\\/\\\/www.ekoenergy.org\\\/es\\\/our-results\\\/\",\"name\":\"Nuestros resultados - EKOenergy ecolabel\",\"isPartOf\":{\"@id\":\"https:\\\/\\\/www.ekoenergy.org\\\/es\\\/#website\"},\"primaryImageOfPage\":{\"@id\":\"https:\\\/\\\/www.ekoenergy.org\\\/es\\\/our-results\\\/#primaryimage\"},\"image\":{\"@id\":\"https:\\\/\\\/www.ekoenergy.org\\\/es\\\/our-results\\\/#primaryimage\"},\"thumbnailUrl\":\"https:\\\/\\\/www.ekoenergy.org\\\/wp-content\\\/uploads\\\/One-label-six-goals.jpg\",\"datePublished\":\"2019-12-04T13:51:33+00:00\",\"dateModified\":\"2022-10-10T12:48:53+00:00\",\"description\":\"EKOenerg\u00eda trabaja para proteger la naturaleza y combatir el cambio clim\u00e1tico. Lea aqu\u00ed sobre algunos de nuestros resultados concretos desde nuestros inicios en 2013.\",\"breadcrumb\":{\"@id\":\"https:\\\/\\\/www.ekoenergy.org\\\/es\\\/our-results\\\/#breadcrumb\"},\"inLanguage\":\"es\",\"potentialAction\":[{\"@type\":\"ReadAction\",\"target\":[\"https:\\\/\\\/www.ekoenergy.org\\\/es\\\/our-results\\\/\"]}]},{\"@type\":\"ImageObject\",\"inLanguage\":\"es\",\"@id\":\"https:\\\/\\\/www.ekoenergy.org\\\/es\\\/our-results\\\/#primaryimage\",\"url\":\"https:\\\/\\\/www.ekoenergy.org\\\/wp-content\\\/uploads\\\/One-label-six-goals.jpg\",\"contentUrl\":\"https:\\\/\\\/www.ekoenergy.org\\\/wp-content\\\/uploads\\\/One-label-six-goals.jpg\",\"width\":1272,\"height\":831,\"caption\":\"EKOenergy: One label, six goals SDGs\"},{\"@type\":\"BreadcrumbList\",\"@id\":\"https:\\\/\\\/www.ekoenergy.org\\\/es\\\/our-results\\\/#breadcrumb\",\"itemListElement\":[{\"@type\":\"ListItem\",\"position\":1,\"name\":\"Home\",\"item\":\"https:\\\/\\\/www.ekoenergy.org\\\/es\\\/\"},{\"@type\":\"ListItem\",\"position\":2,\"name\":\"Nuestros resultados\"}]},{\"@type\":\"WebSite\",\"@id\":\"https:\\\/\\\/www.ekoenergy.org\\\/es\\\/#website\",\"url\":\"https:\\\/\\\/www.ekoenergy.org\\\/es\\\/\",\"name\":\"EKOenergy ecolabel\",\"description\":\"The global nonprofit ecolabel for renewable energy\",\"publisher\":{\"@id\":\"https:\\\/\\\/www.ekoenergy.org\\\/es\\\/#organization\"},\"potentialAction\":[{\"@type\":\"SearchAction\",\"target\":{\"@type\":\"EntryPoint\",\"urlTemplate\":\"https:\\\/\\\/www.ekoenergy.org\\\/es\\\/?s={search_term_string}\"},\"query-input\":{\"@type\":\"PropertyValueSpecification\",\"valueRequired\":true,\"valueName\":\"search_term_string\"}}],\"inLanguage\":\"es\"},{\"@type\":\"Organization\",\"@id\":\"https:\\\/\\\/www.ekoenergy.org\\\/es\\\/#organization\",\"name\":\"Not-for-profit Organisation EKOenergy\",\"url\":\"https:\\\/\\\/www.ekoenergy.org\\\/es\\\/\",\"logo\":{\"@type\":\"ImageObject\",\"inLanguage\":\"es\",\"@id\":\"https:\\\/\\\/www.ekoenergy.org\\\/es\\\/#\\\/schema\\\/logo\\\/image\\\/\",\"url\":\"https:\\\/\\\/www.ekoenergy.org\\\/wp-content\\\/uploads\\\/logo-EKOenergy-no-text.jpg\",\"contentUrl\":\"https:\\\/\\\/www.ekoenergy.org\\\/wp-content\\\/uploads\\\/logo-EKOenergy-no-text.jpg\",\"width\":1600,\"height\":1600,\"caption\":\"Not-for-profit Organisation EKOenergy\"},\"image\":{\"@id\":\"https:\\\/\\\/www.ekoenergy.org\\\/es\\\/#\\\/schema\\\/logo\\\/image\\\/\"},\"sameAs\":[\"https:\\\/\\\/www.facebook.com\\\/EKOenergy.ecolabel\\\/\",\"https:\\\/\\\/x.com\\\/EKOenergy_\",\"https:\\\/\\\/www.instagram.com\\\/ekoenergy\\\/\",\"https:\\\/\\\/www.linkedin.com\\\/company\\\/ekoenergy-ecolabel\\\/\",\"https:\\\/\\\/www.youtube.com\\\/EKOenergy-ecolabel\",\"https:\\\/\\\/en.wikipedia.org\\\/wiki\\\/EKOenergy\"]}]}<\/script>\n<!-- \/ Yoast SEO plugin. -->","yoast_head_json":{"title":"Nuestros resultados - EKOenergy ecolabel","description":"EKOenerg\u00eda trabaja para proteger la naturaleza y combatir el cambio clim\u00e1tico. Lea aqu\u00ed sobre algunos de nuestros resultados concretos desde nuestros inicios en 2013.","robots":{"index":"index","follow":"follow","max-snippet":"max-snippet:-1","max-image-preview":"max-image-preview:large","max-video-preview":"max-video-preview:-1"},"canonical":"https:\/\/www.ekoenergy.org\/es\/our-results\/","og_locale":"es_ES","og_type":"article","og_title":"Nuestros resultados - EKOenergy ecolabel","og_description":"EKOenerg\u00eda trabaja para proteger la naturaleza y combatir el cambio clim\u00e1tico. Lea aqu\u00ed sobre algunos de nuestros resultados concretos desde nuestros inicios en 2013.","og_url":"https:\/\/www.ekoenergy.org\/es\/our-results\/","og_site_name":"EKOenergy ecolabel","article_publisher":"https:\/\/www.facebook.com\/EKOenergy.ecolabel\/","article_modified_time":"2022-10-10T12:48:53+00:00","og_image":[{"width":1272,"height":831,"url":"https:\/\/www.ekoenergy.org\/wp-content\/uploads\/One-label-six-goals.jpg","type":"image\/jpeg"}],"twitter_card":"summary_large_image","twitter_site":"@EKOenergy_","twitter_misc":{"Tiempo de lectura":"5 minutos"},"schema":{"@context":"https:\/\/schema.org","@graph":[{"@type":"WebPage","@id":"https:\/\/www.ekoenergy.org\/es\/our-results\/","url":"https:\/\/www.ekoenergy.org\/es\/our-results\/","name":"Nuestros resultados - EKOenergy ecolabel","isPartOf":{"@id":"https:\/\/www.ekoenergy.org\/es\/#website"},"primaryImageOfPage":{"@id":"https:\/\/www.ekoenergy.org\/es\/our-results\/#primaryimage"},"image":{"@id":"https:\/\/www.ekoenergy.org\/es\/our-results\/#primaryimage"},"thumbnailUrl":"https:\/\/www.ekoenergy.org\/wp-content\/uploads\/One-label-six-goals.jpg","datePublished":"2019-12-04T13:51:33+00:00","dateModified":"2022-10-10T12:48:53+00:00","description":"EKOenerg\u00eda trabaja para proteger la naturaleza y combatir el cambio clim\u00e1tico. Lea aqu\u00ed sobre algunos de nuestros resultados concretos desde nuestros inicios en 2013.","breadcrumb":{"@id":"https:\/\/www.ekoenergy.org\/es\/our-results\/#breadcrumb"},"inLanguage":"es","potentialAction":[{"@type":"ReadAction","target":["https:\/\/www.ekoenergy.org\/es\/our-results\/"]}]},{"@type":"ImageObject","inLanguage":"es","@id":"https:\/\/www.ekoenergy.org\/es\/our-results\/#primaryimage","url":"https:\/\/www.ekoenergy.org\/wp-content\/uploads\/One-label-six-goals.jpg","contentUrl":"https:\/\/www.ekoenergy.org\/wp-content\/uploads\/One-label-six-goals.jpg","width":1272,"height":831,"caption":"EKOenergy: One label, six goals SDGs"},{"@type":"BreadcrumbList","@id":"https:\/\/www.ekoenergy.org\/es\/our-results\/#breadcrumb","itemListElement":[{"@type":"ListItem","position":1,"name":"Home","item":"https:\/\/www.ekoenergy.org\/es\/"},{"@type":"ListItem","position":2,"name":"Nuestros resultados"}]},{"@type":"WebSite","@id":"https:\/\/www.ekoenergy.org\/es\/#website","url":"https:\/\/www.ekoenergy.org\/es\/","name":"EKOenergy ecolabel","description":"The global nonprofit ecolabel for renewable energy","publisher":{"@id":"https:\/\/www.ekoenergy.org\/es\/#organization"},"potentialAction":[{"@type":"SearchAction","target":{"@type":"EntryPoint","urlTemplate":"https:\/\/www.ekoenergy.org\/es\/?s={search_term_string}"},"query-input":{"@type":"PropertyValueSpecification","valueRequired":true,"valueName":"search_term_string"}}],"inLanguage":"es"},{"@type":"Organization","@id":"https:\/\/www.ekoenergy.org\/es\/#organization","name":"Not-for-profit Organisation EKOenergy","url":"https:\/\/www.ekoenergy.org\/es\/","logo":{"@type":"ImageObject","inLanguage":"es","@id":"https:\/\/www.ekoenergy.org\/es\/#\/schema\/logo\/image\/","url":"https:\/\/www.ekoenergy.org\/wp-content\/uploads\/logo-EKOenergy-no-text.jpg","contentUrl":"https:\/\/www.ekoenergy.org\/wp-content\/uploads\/logo-EKOenergy-no-text.jpg","width":1600,"height":1600,"caption":"Not-for-profit Organisation EKOenergy"},"image":{"@id":"https:\/\/www.ekoenergy.org\/es\/#\/schema\/logo\/image\/"},"sameAs":["https:\/\/www.facebook.com\/EKOenergy.ecolabel\/","https:\/\/x.com\/EKOenergy_","https:\/\/www.instagram.com\/ekoenergy\/","https:\/\/www.linkedin.com\/company\/ekoenergy-ecolabel\/","https:\/\/www.youtube.com\/EKOenergy-ecolabel","https:\/\/en.wikipedia.org\/wiki\/EKOenergy"]}]}},"uagb_featured_image_src":{"full":["https:\/\/www.ekoenergy.org\/wp-content\/uploads\/One-label-six-goals.jpg",1272,831,false],"thumbnail":["https:\/\/www.ekoenergy.org\/wp-content\/uploads\/One-label-six-goals-150x150.jpg",150,150,true],"medium":["https:\/\/www.ekoenergy.org\/wp-content\/uploads\/One-label-six-goals-320x209.jpg",320,209,true],"medium_large":["https:\/\/www.ekoenergy.org\/wp-content\/uploads\/One-label-six-goals-768x502.jpg",768,502,true],"large":["https:\/\/www.ekoenergy.org\/wp-content\/uploads\/One-label-six-goals-1024x669.jpg",1024,669,true],"1536x1536":["https:\/\/www.ekoenergy.org\/wp-content\/uploads\/One-label-six-goals.jpg",1272,831,false],"2048x2048":["https:\/\/www.ekoenergy.org\/wp-content\/uploads\/One-label-six-goals.jpg",1272,831,false]},"uagb_author_info":{"display_name":"EKOenergy ecolabel","author_link":"https:\/\/www.ekoenergy.org\/es\/author\/ekoenergy\/"},"uagb_comment_info":0,"uagb_excerpt":"Nuestros resultados EKOenerg\u00eda trabaja para proteger la naturaleza y combatir el cambio clim\u00e1tico ayudando a los consumidores de energ\u00eda a cambiar al 100% de energ\u00eda renovable y sostenible. Desde nuestro lanzamiento en 2013, hemos recorrido un largo camino. Nuestro progreso se detalla en la memoria: \u00abEKOenerg\u00eda, Primeros cinco a\u00f1os: 2013-2018\u00bb Promovemos el uso de energ\u00eda&hellip;","_links":{"self":[{"href":"https:\/\/www.ekoenergy.org\/es\/wp-json\/wp\/v2\/pages\/2795","targetHints":{"allow":["GET"]}}],"collection":[{"href":"https:\/\/www.ekoenergy.org\/es\/wp-json\/wp\/v2\/pages"}],"about":[{"href":"https:\/\/www.ekoenergy.org\/es\/wp-json\/wp\/v2\/types\/page"}],"author":[{"embeddable":true,"href":"https:\/\/www.ekoenergy.org\/es\/wp-json\/wp\/v2\/users\/17"}],"replies":[{"embeddable":true,"href":"https:\/\/www.ekoenergy.org\/es\/wp-json\/wp\/v2\/comments?post=2795"}],"version-history":[{"count":3,"href":"https:\/\/www.ekoenergy.org\/es\/wp-json\/wp\/v2\/pages\/2795\/revisions"}],"predecessor-version":[{"id":129091,"href":"https:\/\/www.ekoenergy.org\/es\/wp-json\/wp\/v2\/pages\/2795\/revisions\/129091"}],"wp:featuredmedia":[{"embeddable":true,"href":"https:\/\/www.ekoenergy.org\/es\/wp-json\/wp\/v2\/media\/94086"}],"wp:attachment":[{"href":"https:\/\/www.ekoenergy.org\/es\/wp-json\/wp\/v2\/media?parent=2795"}],"curies":[{"name":"wp","href":"https:\/\/api.w.org\/{rel}","templated":true}]}}