{"id":3079,"date":"2019-12-04T13:41:45","date_gmt":"2019-12-04T13:41:45","guid":{"rendered":"https:\/\/www.ekoenergy.org\/ecolabel\/how-to-sell-ekoenergy\/"},"modified":"2023-07-21T16:18:41","modified_gmt":"2023-07-21T13:18:41","slug":"how-to-sell-ekoenergy","status":"publish","type":"page","link":"https:\/\/www.ekoenergy.org\/es\/ecolabel\/how-to-sell-ekoenergy\/","title":{"rendered":"\u00bfC\u00f3mo vender EKOenerg\u00eda?"},"content":{"rendered":"\n<h1 class=\"wp-block-heading\">\u00bfC\u00f3mo vender EKOenerg\u00eda?<\/h1>\n\n\n\n<figure class=\"wp-block-image alignright size-medium is-resized\"><img decoding=\"async\" src=\"https:\/\/www.ekoenergy.org\/wp-content\/uploads\/\/piggybank-with-EKOenergy-logo-300x206.jpg\" alt=\"piggybank with EKOenergy logo\" class=\"wp-image-8362\" width=\"225\" height=\"155\" srcset=\"https:\/\/www.ekoenergy.org\/wp-content\/uploads\/piggybank-with-EKOenergy-logo-300x206.jpg 300w, https:\/\/www.ekoenergy.org\/wp-content\/uploads\/piggybank-with-EKOenergy-logo.jpg 646w\" sizes=\"(max-width: 225px) 100vw, 225px\" \/><\/figure>\n\n\n\n<p>Los proveedores de energ\u00eda, los vendedores de Certificados de Atributo de Energ\u00eda (EACs) y las empresas que facilitan cualquier m\u00e9todo de adquisici\u00f3n de energ\u00eda renovable (como los facilitadores de PPA, los agregadores, etc.) pueden ofrecer energ\u00eda con la etiqueta EKOenerg\u00eda si:<\/p>\n\n\n\n<ul class=\"wp-block-list\">\n<li>Han firmado el <a href=\"https:\/\/www.ekoenergy.org\/es\/ecolabel\/how-to-sell-ekoenergy\/agreement\/\" target=\"_blank\" rel=\"noreferrer noopener\">Acuerdo de EKOenerg\u00eda<\/a> y operan seg\u00fan lo acordado.<\/li>\n\n\n\n<li>La energ\u00eda que ofrecen con la etiqueta EKOenerg\u00eda cumple con los criterios establecidos en nuestros <a href=\"https:\/\/www.ekoenergy.org\/es\/ecolabel\/criteria\/\" target=\"_blank\" rel=\"noreferrer noopener\">criterios de sostenibilidad<\/a>.<\/li>\n<\/ul>\n\n\n\n<p>La firma del Acuerdo EKOenerg\u00eda es gratuita. Las tarifas y contribuciones de EKOenerg\u00eda se basan en los vol\u00famenes consumidos de EKOenerg\u00eda.<\/p>\n\n\n\n<p>En el Acuerdo de EKOenerg\u00eda y en nuestros criterios para la electricidad, gas y calefacci\u00f3n se tratan los siguientes aspectos:<\/p>\n\n\n\n<ul class=\"wp-block-list\">\n<li>Seguimiento de la energ\u00eda, prevenci\u00f3n del doble conteo e informaci\u00f3n al consumidor<\/li>\n\n\n\n<li>Sostenibilidad<\/li>\n\n\n\n<li>Adicionalidad, en particular al contribuir al fondo clim\u00e1tico de EKOenerg\u00eda y al apoyar el trabajo de EKOenerg\u00eda en promover las energ\u00edas renovable mundialmente<\/li>\n\n\n\n<li>Auditor\u00eda y verificaci\u00f3n<\/li>\n<\/ul>\n\n\n\n<h2 class=\"wp-block-heading\">\u00bfQuieres trabajar con la ecoetiqueta de EKOenerg\u00eda?<\/h2>\n\n\n\n<ul class=\"wp-block-list\">\n<li>Para ver c\u00f3mo funciona la venta con la etiqueta EKOenerg\u00eda, consulte el folleto <a href=\"https:\/\/www.ekoenergy.org\/wp-content\/uploads\/selling-ekoenergy_Spanish.pdf\" target=\"_blank\" rel=\"noreferrer noopener\">Pasos para vender energ\u00eda (y Certificados de Atributo Energ\u00e9tico) con la ecoetiqueta EKOenerg\u00eda<\/a>.<\/li>\n\n\n\n<li>Si usted realiza instalaciones solares fotovoltaicas in situ y quiere ofrecer energ\u00eda solar con la etiqueta EKOenerg\u00eda a sus clientes, vea como <a href=\"https:\/\/www.ekoenergy.org\/wp-content\/uploads\/EKOenergy-leaflet-for-solar-installers-Spanish.pdf\" target=\"_blank\" rel=\"noreferrer noopener\">sus clientes pueden utilizar la electricidad con la etiqueta EKOenerg\u00eda<\/a>.<\/li>\n\n\n\n<li>Para saber c\u00f3mo utilizar el logotipo de EKOenerg\u00eda en su comunicaci\u00f3n, consulte <a href=\"https:\/\/www.ekoenergy.org\/wp-content\/uploads\/EKOenergy-Brand-Book-2022-Spanish.pdf\" target=\"_blank\" rel=\"noreferrer noopener\">el libro de marca de EKOenerg\u00ed<\/a><a href=\"https:\/\/www.ekoenergy.org\/wp-content\/uploads\/EKOenergy-Brand-Book-2020-Spanish1.pdf\">a<\/a>.<\/li>\n\n\n\n<li>\u00bfQuiere vender energ\u00eda hidroel\u00e9ctrica con la etiqueta EKOenerg\u00eda? Consulte el formulario de solicitud para <a href=\"https:\/\/www.ekoenergy.org\/wp-content\/uploads\/EKOenergy-Hydropower-Application-Form-Spanish.pdf\" target=\"_blank\" rel=\"noreferrer noopener\">instalaciones hidroelectricas (PDF &#8211; DOC)<\/a>. Solo aceptamos electricidad procedente de instalaciones hidroel\u00e9ctricas construidas antes de 2013 y que cumplan nuestros criterios de sostenibilidad. Para otros tipos de energ\u00eda renovable, p\u00f3ngase en contacto con nosotros en <a href=\"mailto:info@ekoenergy.org\" target=\"_blank\" rel=\"noreferrer noopener\">info<img decoding=\"async\" class=\"top\" src=\"https:\/\/www.ekoenergy.org\/wp-content\/uploads\/small-EKOenergy-symbol-for-emails.jpg\" alt=\" \">ekoenergy.org<\/a>.<\/li>\n<\/ul>\n","protected":false},"excerpt":{"rendered":"<p>\u00bfC\u00f3mo vender EKOenerg\u00eda? Los proveedores de energ\u00eda, los vendedores de Certificados de Atributo de Energ\u00eda (EACs) y las empresas que facilitan cualquier m\u00e9todo de adquisici\u00f3n de energ\u00eda renovable (como los facilitadores de PPA, los agregadores, etc.) pueden ofrecer energ\u00eda con la etiqueta EKOenerg\u00eda si: La firma del Acuerdo EKOenerg\u00eda es gratuita. Las tarifas y contribuciones [&hellip;]<\/p>\n","protected":false},"author":17,"featured_media":124752,"parent":2674,"menu_order":3,"comment_status":"closed","ping_status":"closed","template":"","meta":{"inline_featured_image":false,"_uag_custom_page_level_css":"","site-sidebar-layout":"default","site-content-layout":"default","ast-site-content-layout":"default","site-content-style":"default","site-sidebar-style":"default","ast-global-header-display":"","ast-banner-title-visibility":"","ast-main-header-display":"","ast-hfb-above-header-display":"","ast-hfb-below-header-display":"","ast-hfb-mobile-header-display":"","site-post-title":"disabled","ast-breadcrumbs-content":"","ast-featured-img":"","footer-sml-layout":"","ast-disable-related-posts":"","theme-transparent-header-meta":"default","adv-header-id-meta":"","stick-header-meta":"default","header-above-stick-meta":"","header-main-stick-meta":"","header-below-stick-meta":"","astra-migrate-meta-layouts":"default","ast-page-background-enabled":"default","ast-page-background-meta":{"desktop":{"background-color":"","background-image":"","background-repeat":"repeat","background-position":"center center","background-size":"auto","background-attachment":"scroll","background-type":"","background-media":"","overlay-type":"","overlay-color":"","overlay-opacity":"","overlay-gradient":""},"tablet":{"background-color":"","background-image":"","background-repeat":"repeat","background-position":"center center","background-size":"auto","background-attachment":"scroll","background-type":"","background-media":"","overlay-type":"","overlay-color":"","overlay-opacity":"","overlay-gradient":""},"mobile":{"background-color":"","background-image":"","background-repeat":"repeat","background-position":"center center","background-size":"auto","background-attachment":"scroll","background-type":"","background-media":"","overlay-type":"","overlay-color":"","overlay-opacity":"","overlay-gradient":""}},"ast-content-background-meta":{"desktop":{"background-color":"var(--ast-global-color-5)","background-image":"","background-repeat":"repeat","background-position":"center center","background-size":"auto","background-attachment":"scroll","background-type":"","background-media":"","overlay-type":"","overlay-color":"","overlay-opacity":"","overlay-gradient":""},"tablet":{"background-color":"var(--ast-global-color-5)","background-image":"","background-repeat":"repeat","background-position":"center center","background-size":"auto","background-attachment":"scroll","background-type":"","background-media":"","overlay-type":"","overlay-color":"","overlay-opacity":"","overlay-gradient":""},"mobile":{"background-color":"var(--ast-global-color-5)","background-image":"","background-repeat":"repeat","background-position":"center center","background-size":"auto","background-attachment":"scroll","background-type":"","background-media":"","overlay-type":"","overlay-color":"","overlay-opacity":"","overlay-gradient":""}},"footnotes":""},"class_list":["post-3079","page","type-page","status-publish","has-post-thumbnail","hentry"],"yoast_head":"<!-- This site is optimized with the Yoast SEO plugin v27.5 - https:\/\/yoast.com\/product\/yoast-seo-wordpress\/ -->\n<title>\u00bfC\u00f3mo vender EKOenerg\u00eda? - EKOenergy ecolabel<\/title>\n<meta name=\"description\" content=\"Los proveedores de energ\u00eda y vendedores de EACs pueden vender energ\u00eda con la etiqueta EKOenerg\u00eda si han firmado nuestro Contrato de Licencia.\" \/>\n<meta name=\"robots\" content=\"index, follow, max-snippet:-1, max-image-preview:large, max-video-preview:-1\" \/>\n<link rel=\"canonical\" href=\"https:\/\/www.ekoenergy.org\/es\/ecolabel\/how-to-sell-ekoenergy\/\" \/>\n<meta property=\"og:locale\" content=\"es_ES\" \/>\n<meta property=\"og:type\" content=\"article\" \/>\n<meta property=\"og:title\" content=\"\u00bfC\u00f3mo vender EKOenerg\u00eda? - EKOenergy ecolabel\" \/>\n<meta property=\"og:description\" content=\"Los proveedores de energ\u00eda y vendedores de EACs pueden vender energ\u00eda con la etiqueta EKOenerg\u00eda si han firmado nuestro Contrato de Licencia.\" \/>\n<meta property=\"og:url\" content=\"https:\/\/www.ekoenergy.org\/es\/ecolabel\/how-to-sell-ekoenergy\/\" \/>\n<meta property=\"og:site_name\" content=\"EKOenergy ecolabel\" \/>\n<meta property=\"article:publisher\" content=\"https:\/\/www.facebook.com\/EKOenergy.ecolabel\/\" \/>\n<meta property=\"article:modified_time\" content=\"2023-07-21T13:18:41+00:00\" \/>\n<meta property=\"og:image\" content=\"https:\/\/www.ekoenergy.org\/wp-content\/uploads\/Marketing-EKOenergy-Latvia.jpg\" \/>\n\t<meta property=\"og:image:width\" content=\"799\" \/>\n\t<meta property=\"og:image:height\" content=\"533\" \/>\n\t<meta property=\"og:image:type\" content=\"image\/jpeg\" \/>\n<meta name=\"twitter:card\" content=\"summary_large_image\" \/>\n<meta name=\"twitter:site\" content=\"@EKOenergy_\" \/>\n<meta name=\"twitter:label1\" content=\"Tiempo de lectura\" \/>\n\t<meta name=\"twitter:data1\" content=\"2 minutos\" \/>\n<script type=\"application\/ld+json\" class=\"yoast-schema-graph\">{\"@context\":\"https:\\\/\\\/schema.org\",\"@graph\":[{\"@type\":\"WebPage\",\"@id\":\"https:\\\/\\\/www.ekoenergy.org\\\/es\\\/ecolabel\\\/how-to-sell-ekoenergy\\\/\",\"url\":\"https:\\\/\\\/www.ekoenergy.org\\\/es\\\/ecolabel\\\/how-to-sell-ekoenergy\\\/\",\"name\":\"\u00bfC\u00f3mo vender EKOenerg\u00eda? - EKOenergy ecolabel\",\"isPartOf\":{\"@id\":\"https:\\\/\\\/www.ekoenergy.org\\\/es\\\/#website\"},\"primaryImageOfPage\":{\"@id\":\"https:\\\/\\\/www.ekoenergy.org\\\/es\\\/ecolabel\\\/how-to-sell-ekoenergy\\\/#primaryimage\"},\"image\":{\"@id\":\"https:\\\/\\\/www.ekoenergy.org\\\/es\\\/ecolabel\\\/how-to-sell-ekoenergy\\\/#primaryimage\"},\"thumbnailUrl\":\"https:\\\/\\\/www.ekoenergy.org\\\/wp-content\\\/uploads\\\/Marketing-EKOenergy-Latvia.jpg\",\"datePublished\":\"2019-12-04T13:41:45+00:00\",\"dateModified\":\"2023-07-21T13:18:41+00:00\",\"description\":\"Los proveedores de energ\u00eda y vendedores de EACs pueden vender energ\u00eda con la etiqueta EKOenerg\u00eda si han firmado nuestro Contrato de Licencia.\",\"breadcrumb\":{\"@id\":\"https:\\\/\\\/www.ekoenergy.org\\\/es\\\/ecolabel\\\/how-to-sell-ekoenergy\\\/#breadcrumb\"},\"inLanguage\":\"es\",\"potentialAction\":[{\"@type\":\"ReadAction\",\"target\":[\"https:\\\/\\\/www.ekoenergy.org\\\/es\\\/ecolabel\\\/how-to-sell-ekoenergy\\\/\"]}]},{\"@type\":\"ImageObject\",\"inLanguage\":\"es\",\"@id\":\"https:\\\/\\\/www.ekoenergy.org\\\/es\\\/ecolabel\\\/how-to-sell-ekoenergy\\\/#primaryimage\",\"url\":\"https:\\\/\\\/www.ekoenergy.org\\\/wp-content\\\/uploads\\\/Marketing-EKOenergy-Latvia.jpg\",\"contentUrl\":\"https:\\\/\\\/www.ekoenergy.org\\\/wp-content\\\/uploads\\\/Marketing-EKOenergy-Latvia.jpg\",\"width\":799,\"height\":533},{\"@type\":\"BreadcrumbList\",\"@id\":\"https:\\\/\\\/www.ekoenergy.org\\\/es\\\/ecolabel\\\/how-to-sell-ekoenergy\\\/#breadcrumb\",\"itemListElement\":[{\"@type\":\"ListItem\",\"position\":1,\"name\":\"Home\",\"item\":\"https:\\\/\\\/www.ekoenergy.org\\\/es\\\/\"},{\"@type\":\"ListItem\",\"position\":2,\"name\":\"Nuestra ecoetiqueta\",\"item\":\"https:\\\/\\\/www.ekoenergy.org\\\/es\\\/ecolabel\\\/\"},{\"@type\":\"ListItem\",\"position\":3,\"name\":\"\u00bfC\u00f3mo vender EKOenerg\u00eda?\"}]},{\"@type\":\"WebSite\",\"@id\":\"https:\\\/\\\/www.ekoenergy.org\\\/es\\\/#website\",\"url\":\"https:\\\/\\\/www.ekoenergy.org\\\/es\\\/\",\"name\":\"EKOenergy ecolabel\",\"description\":\"The global nonprofit ecolabel for renewable energy\",\"publisher\":{\"@id\":\"https:\\\/\\\/www.ekoenergy.org\\\/es\\\/#organization\"},\"potentialAction\":[{\"@type\":\"SearchAction\",\"target\":{\"@type\":\"EntryPoint\",\"urlTemplate\":\"https:\\\/\\\/www.ekoenergy.org\\\/es\\\/?s={search_term_string}\"},\"query-input\":{\"@type\":\"PropertyValueSpecification\",\"valueRequired\":true,\"valueName\":\"search_term_string\"}}],\"inLanguage\":\"es\"},{\"@type\":\"Organization\",\"@id\":\"https:\\\/\\\/www.ekoenergy.org\\\/es\\\/#organization\",\"name\":\"Not-for-profit Organisation EKOenergy\",\"url\":\"https:\\\/\\\/www.ekoenergy.org\\\/es\\\/\",\"logo\":{\"@type\":\"ImageObject\",\"inLanguage\":\"es\",\"@id\":\"https:\\\/\\\/www.ekoenergy.org\\\/es\\\/#\\\/schema\\\/logo\\\/image\\\/\",\"url\":\"https:\\\/\\\/www.ekoenergy.org\\\/wp-content\\\/uploads\\\/logo-EKOenergy-no-text.jpg\",\"contentUrl\":\"https:\\\/\\\/www.ekoenergy.org\\\/wp-content\\\/uploads\\\/logo-EKOenergy-no-text.jpg\",\"width\":1600,\"height\":1600,\"caption\":\"Not-for-profit Organisation EKOenergy\"},\"image\":{\"@id\":\"https:\\\/\\\/www.ekoenergy.org\\\/es\\\/#\\\/schema\\\/logo\\\/image\\\/\"},\"sameAs\":[\"https:\\\/\\\/www.facebook.com\\\/EKOenergy.ecolabel\\\/\",\"https:\\\/\\\/x.com\\\/EKOenergy_\",\"https:\\\/\\\/www.instagram.com\\\/ekoenergy\\\/\",\"https:\\\/\\\/www.linkedin.com\\\/company\\\/ekoenergy-ecolabel\\\/\",\"https:\\\/\\\/www.youtube.com\\\/EKOenergy-ecolabel\",\"https:\\\/\\\/en.wikipedia.org\\\/wiki\\\/EKOenergy\"]}]}<\/script>\n<!-- \/ Yoast SEO plugin. -->","yoast_head_json":{"title":"\u00bfC\u00f3mo vender EKOenerg\u00eda? - EKOenergy ecolabel","description":"Los proveedores de energ\u00eda y vendedores de EACs pueden vender energ\u00eda con la etiqueta EKOenerg\u00eda si han firmado nuestro Contrato de Licencia.","robots":{"index":"index","follow":"follow","max-snippet":"max-snippet:-1","max-image-preview":"max-image-preview:large","max-video-preview":"max-video-preview:-1"},"canonical":"https:\/\/www.ekoenergy.org\/es\/ecolabel\/how-to-sell-ekoenergy\/","og_locale":"es_ES","og_type":"article","og_title":"\u00bfC\u00f3mo vender EKOenerg\u00eda? - EKOenergy ecolabel","og_description":"Los proveedores de energ\u00eda y vendedores de EACs pueden vender energ\u00eda con la etiqueta EKOenerg\u00eda si han firmado nuestro Contrato de Licencia.","og_url":"https:\/\/www.ekoenergy.org\/es\/ecolabel\/how-to-sell-ekoenergy\/","og_site_name":"EKOenergy ecolabel","article_publisher":"https:\/\/www.facebook.com\/EKOenergy.ecolabel\/","article_modified_time":"2023-07-21T13:18:41+00:00","og_image":[{"width":799,"height":533,"url":"https:\/\/www.ekoenergy.org\/wp-content\/uploads\/Marketing-EKOenergy-Latvia.jpg","type":"image\/jpeg"}],"twitter_card":"summary_large_image","twitter_site":"@EKOenergy_","twitter_misc":{"Tiempo de lectura":"2 minutos"},"schema":{"@context":"https:\/\/schema.org","@graph":[{"@type":"WebPage","@id":"https:\/\/www.ekoenergy.org\/es\/ecolabel\/how-to-sell-ekoenergy\/","url":"https:\/\/www.ekoenergy.org\/es\/ecolabel\/how-to-sell-ekoenergy\/","name":"\u00bfC\u00f3mo vender EKOenerg\u00eda? - EKOenergy ecolabel","isPartOf":{"@id":"https:\/\/www.ekoenergy.org\/es\/#website"},"primaryImageOfPage":{"@id":"https:\/\/www.ekoenergy.org\/es\/ecolabel\/how-to-sell-ekoenergy\/#primaryimage"},"image":{"@id":"https:\/\/www.ekoenergy.org\/es\/ecolabel\/how-to-sell-ekoenergy\/#primaryimage"},"thumbnailUrl":"https:\/\/www.ekoenergy.org\/wp-content\/uploads\/Marketing-EKOenergy-Latvia.jpg","datePublished":"2019-12-04T13:41:45+00:00","dateModified":"2023-07-21T13:18:41+00:00","description":"Los proveedores de energ\u00eda y vendedores de EACs pueden vender energ\u00eda con la etiqueta EKOenerg\u00eda si han firmado nuestro Contrato de Licencia.","breadcrumb":{"@id":"https:\/\/www.ekoenergy.org\/es\/ecolabel\/how-to-sell-ekoenergy\/#breadcrumb"},"inLanguage":"es","potentialAction":[{"@type":"ReadAction","target":["https:\/\/www.ekoenergy.org\/es\/ecolabel\/how-to-sell-ekoenergy\/"]}]},{"@type":"ImageObject","inLanguage":"es","@id":"https:\/\/www.ekoenergy.org\/es\/ecolabel\/how-to-sell-ekoenergy\/#primaryimage","url":"https:\/\/www.ekoenergy.org\/wp-content\/uploads\/Marketing-EKOenergy-Latvia.jpg","contentUrl":"https:\/\/www.ekoenergy.org\/wp-content\/uploads\/Marketing-EKOenergy-Latvia.jpg","width":799,"height":533},{"@type":"BreadcrumbList","@id":"https:\/\/www.ekoenergy.org\/es\/ecolabel\/how-to-sell-ekoenergy\/#breadcrumb","itemListElement":[{"@type":"ListItem","position":1,"name":"Home","item":"https:\/\/www.ekoenergy.org\/es\/"},{"@type":"ListItem","position":2,"name":"Nuestra ecoetiqueta","item":"https:\/\/www.ekoenergy.org\/es\/ecolabel\/"},{"@type":"ListItem","position":3,"name":"\u00bfC\u00f3mo vender EKOenerg\u00eda?"}]},{"@type":"WebSite","@id":"https:\/\/www.ekoenergy.org\/es\/#website","url":"https:\/\/www.ekoenergy.org\/es\/","name":"EKOenergy ecolabel","description":"The global nonprofit ecolabel for renewable energy","publisher":{"@id":"https:\/\/www.ekoenergy.org\/es\/#organization"},"potentialAction":[{"@type":"SearchAction","target":{"@type":"EntryPoint","urlTemplate":"https:\/\/www.ekoenergy.org\/es\/?s={search_term_string}"},"query-input":{"@type":"PropertyValueSpecification","valueRequired":true,"valueName":"search_term_string"}}],"inLanguage":"es"},{"@type":"Organization","@id":"https:\/\/www.ekoenergy.org\/es\/#organization","name":"Not-for-profit Organisation EKOenergy","url":"https:\/\/www.ekoenergy.org\/es\/","logo":{"@type":"ImageObject","inLanguage":"es","@id":"https:\/\/www.ekoenergy.org\/es\/#\/schema\/logo\/image\/","url":"https:\/\/www.ekoenergy.org\/wp-content\/uploads\/logo-EKOenergy-no-text.jpg","contentUrl":"https:\/\/www.ekoenergy.org\/wp-content\/uploads\/logo-EKOenergy-no-text.jpg","width":1600,"height":1600,"caption":"Not-for-profit Organisation EKOenergy"},"image":{"@id":"https:\/\/www.ekoenergy.org\/es\/#\/schema\/logo\/image\/"},"sameAs":["https:\/\/www.facebook.com\/EKOenergy.ecolabel\/","https:\/\/x.com\/EKOenergy_","https:\/\/www.instagram.com\/ekoenergy\/","https:\/\/www.linkedin.com\/company\/ekoenergy-ecolabel\/","https:\/\/www.youtube.com\/EKOenergy-ecolabel","https:\/\/en.wikipedia.org\/wiki\/EKOenergy"]}]}},"uagb_featured_image_src":{"full":["https:\/\/www.ekoenergy.org\/wp-content\/uploads\/Marketing-EKOenergy-Latvia.jpg",799,533,false],"thumbnail":["https:\/\/www.ekoenergy.org\/wp-content\/uploads\/Marketing-EKOenergy-Latvia-150x150.jpg",150,150,true],"medium":["https:\/\/www.ekoenergy.org\/wp-content\/uploads\/Marketing-EKOenergy-Latvia-320x213.jpg",320,213,true],"medium_large":["https:\/\/www.ekoenergy.org\/wp-content\/uploads\/Marketing-EKOenergy-Latvia-768x512.jpg",768,512,true],"large":["https:\/\/www.ekoenergy.org\/wp-content\/uploads\/Marketing-EKOenergy-Latvia.jpg",799,533,false],"1536x1536":["https:\/\/www.ekoenergy.org\/wp-content\/uploads\/Marketing-EKOenergy-Latvia.jpg",799,533,false],"2048x2048":["https:\/\/www.ekoenergy.org\/wp-content\/uploads\/Marketing-EKOenergy-Latvia.jpg",799,533,false]},"uagb_author_info":{"display_name":"EKOenergy ecolabel","author_link":"https:\/\/www.ekoenergy.org\/es\/author\/ekoenergy\/"},"uagb_comment_info":0,"uagb_excerpt":"\u00bfC\u00f3mo vender EKOenerg\u00eda? Los proveedores de energ\u00eda, los vendedores de Certificados de Atributo de Energ\u00eda (EACs) y las empresas que facilitan cualquier m\u00e9todo de adquisici\u00f3n de energ\u00eda renovable (como los facilitadores de PPA, los agregadores, etc.) pueden ofrecer energ\u00eda con la etiqueta EKOenerg\u00eda si: La firma del Acuerdo EKOenerg\u00eda es gratuita. Las tarifas y contribuciones&hellip;","_links":{"self":[{"href":"https:\/\/www.ekoenergy.org\/es\/wp-json\/wp\/v2\/pages\/3079","targetHints":{"allow":["GET"]}}],"collection":[{"href":"https:\/\/www.ekoenergy.org\/es\/wp-json\/wp\/v2\/pages"}],"about":[{"href":"https:\/\/www.ekoenergy.org\/es\/wp-json\/wp\/v2\/types\/page"}],"author":[{"embeddable":true,"href":"https:\/\/www.ekoenergy.org\/es\/wp-json\/wp\/v2\/users\/17"}],"replies":[{"embeddable":true,"href":"https:\/\/www.ekoenergy.org\/es\/wp-json\/wp\/v2\/comments?post=3079"}],"version-history":[{"count":3,"href":"https:\/\/www.ekoenergy.org\/es\/wp-json\/wp\/v2\/pages\/3079\/revisions"}],"predecessor-version":[{"id":148457,"href":"https:\/\/www.ekoenergy.org\/es\/wp-json\/wp\/v2\/pages\/3079\/revisions\/148457"}],"up":[{"embeddable":true,"href":"https:\/\/www.ekoenergy.org\/es\/wp-json\/wp\/v2\/pages\/2674"}],"wp:featuredmedia":[{"embeddable":true,"href":"https:\/\/www.ekoenergy.org\/es\/wp-json\/wp\/v2\/media\/124752"}],"wp:attachment":[{"href":"https:\/\/www.ekoenergy.org\/es\/wp-json\/wp\/v2\/media?parent=3079"}],"curies":[{"name":"wp","href":"https:\/\/api.w.org\/{rel}","templated":true}]}}