{"id":3195,"date":"2019-12-04T13:35:35","date_gmt":"2019-12-04T13:35:35","guid":{"rendered":"https:\/\/www.ekoenergy.org\/ecolabel\/official-text\/"},"modified":"2023-02-24T20:56:10","modified_gmt":"2023-02-24T18:56:10","slug":"electricity","status":"publish","type":"page","link":"https:\/\/www.ekoenergy.org\/es\/ecolabel\/criteria\/electricity\/","title":{"rendered":"Electricidad renovable"},"content":{"rendered":"\n<h1 class=\"wp-block-heading\">Criterios de EKOenerg\u00eda para la electricidad<\/h1>\n\n\n\n<figure class=\"wp-block-image alignright size-large is-resized\"><img fetchpriority=\"high\" decoding=\"async\" src=\"https:\/\/www.ekoenergy.org\/wp-content\/uploads\/Sunrise-Wind-Myriam-Zilles.jpg\" alt=\"\" class=\"wp-image-28594\" width=\"300\" height=\"300\" srcset=\"https:\/\/www.ekoenergy.org\/wp-content\/uploads\/Sunrise-Wind-Myriam-Zilles.jpg 600w, https:\/\/www.ekoenergy.org\/wp-content\/uploads\/Sunrise-Wind-Myriam-Zilles-320x320.jpg 320w, https:\/\/www.ekoenergy.org\/wp-content\/uploads\/Sunrise-Wind-Myriam-Zilles-150x150.jpg 150w\" sizes=\"(max-width: 300px) 100vw, 300px\" \/><\/figure>\n\n\n\n<p>El texto <a href=\"https:\/\/www.ekoenergy.org\/wp-content\/uploads\/EKOenergy-Criteria-Governance-Spanish.pdf\" target=\"_blank\" rel=\"noreferrer noopener\">EKOenerg\u00eda \u2013 Estructura de gobierno y criterios para la electricidad<\/a> dicta las condiciones bajo las cuales la electricidad puede obtener la etiqueta&nbsp;EKOenerg\u00eda.<\/p>\n\n\n\n<p>Describe: <\/p>\n\n\n\n<ul class=\"wp-block-list\">\n<li>Los m\u00e9todos de producci\u00f3n de electricidad aceptados.<\/li>\n\n\n\n<li>Los criterios de sostenibilidad adicionales para garantizar un impacto m\u00ednimo en la naturaleza.&nbsp; <\/li>\n\n\n\n<li>Los m\u00e9todos aceptados para probar el origen de la electricidad y evitar la doble contabilidad de la energ\u00eda.<\/li>\n\n\n\n<li>El funcionamiento de nuestro Fondo Clim\u00e1tico.&nbsp; <\/li>\n\n\n\n<li>Como vender energ\u00eda etiquetada como EKOenerg\u00eda.<\/li>\n\n\n\n<li>Como y cuando las ventas de energ\u00eda ecoetiquetada son auditadas y verificadas.<\/li>\n<\/ul>\n\n\n\n<p>Para una visi\u00f3n general de los elementos principales de nuestros criterios, visite la p\u00e1gina de <a href=\"https:\/\/www.ekoenergy.org\/es\/ecolabel\/\">nuestra ecoetiqueta EKOenerg\u00eda<\/a>.<\/p>\n\n\n\n<p>El mismo documento tambi\u00e9n describe como los criterios son gestionados y actualizados.<\/p>\n\n\n\n<p>La versi\u00f3n original de los criterios de EKOenerg\u00eda para la electricidad fueron aprobados en Febrero de 2013. En ese momento, el alcance de la ecoetiqueta era solo en Europa. En 2015 conseguimos aplicar la ecoetiqueta de forma global. En 2017 introdujimos los criterios para el consumo de EKOenerg\u00eda de instalaciones solares in-situ.<\/p>\n\n\n\n<p>Adem\u00e1s de nuestros criterios para electricidad, hemos desarollado criterios para el <a href=\"https:\/\/www.ekoenergy.org\/es\/ecolabel\/criteria\/ekoenergy-gas\/\">gas renovable<\/a> y criterios para <a href=\"https:\/\/www.ekoenergy.org\/es\/ecolabel\/criteria\/renewable-heat\/\">calor y refrigeraci\u00f3n renovables<\/a>.<\/p>\n\n\n\n<h2 class=\"wp-block-heading\">Criterios para la electricidad <\/h2>\n\n\n\n<ul class=\"wp-block-list\">\n<li>EN \u2013&nbsp;<a href=\"https:\/\/www.ekoenergy.org\/wp-content\/uploads\/EKOenergy-Criteria-Governance-English.pdf\" target=\"_blank\" rel=\"noreferrer noopener\">EKOenergy &#8211; Governance structure and criteria for electricity<\/a><\/li>\n\n\n\n<li>DE &#8211; <a href=\"https:\/\/www.ekoenergy.org\/wp-content\/uploads\/EKOenergy-Criteria-Governance-German.pdf\" target=\"_blank\" rel=\"noreferrer noopener\">EKOenergie- Leitungsstruktur und Kriterien f\u00fcr Strom<\/a><\/li>\n\n\n\n<li>ES &#8211; <a href=\"https:\/\/www.ekoenergy.org\/wp-content\/uploads\/EKOenergy-Criteria-Governance-Spanish.pdf\" target=\"_blank\" rel=\"noreferrer noopener\">EKOenerg\u00eda \u2013 Estructura de gobierno y criterios para la electricidad<\/a><\/li>\n\n\n\n<li>FI &#8211; <a href=\"https:\/\/www.ekoenergy.org\/wp-content\/uploads\/EKOenergy-Criteria-Governance-Finnish.pdf\" target=\"_blank\" rel=\"noreferrer noopener\">EKOenergia &#8211; Hallintoj\u00e4rjestys ja kriteerit s\u00e4hk\u00f6lle<\/a><\/li>\n\n\n\n<li>FR &#8211; <a href=\"https:\/\/www.ekoenergy.org\/wp-content\/uploads\/EKOenergy-Criteria-Governance-French.pdf\" target=\"_blank\" rel=\"noreferrer noopener\">EKO\u00e9nergie &#8211; Structure de gouvernance et crit\u00e8res pour l\u2019\u00e9lectricit\u00e9<\/a><\/li>\n\n\n\n<li>IT &#8211; <a href=\"https:\/\/www.ekoenergy.org\/wp-content\/uploads\/EKOenergy-Criteria-Governance-Italian.pdf\" target=\"_blank\" rel=\"noreferrer noopener\">EKOenergy &#8211; Struttura di Governance e Criteri per l&#8217;elettricit\u00e0<\/a><\/li>\n\n\n\n<li>NL &#8211; <a href=\"https:\/\/www.ekoenergy.org\/wp-content\/uploads\/EKOenergy-Criteria-Governance-Dutch.pdf\" target=\"_blank\" rel=\"noreferrer noopener\">EKOenergie &#8211; Bestuur and criteria voor elektriciteit<\/a><\/li>\n\n\n\n<li>RU &#8211; <a href=\"https:\/\/www.ekoenergy.org\/wp-content\/uploads\/EKOenergy-Criteria-Governance-Russian.pdf\" target=\"_blank\" rel=\"noreferrer noopener\">\u042d\u041a\u041e\u044d\u043d\u0435\u0440\u0433\u0438\u044f &#8211; \u0421\u0442\u0440\u0443\u043a\u0442\u0443\u0440\u0430 \u0443\u043f\u0440\u0430\u0432\u043b\u0435\u043d\u0438\u044f \u0438 \u043a\u0440\u0438\u0442\u0435\u0440\u0438\u0438 \u0434\u043b\u044f \u044d\u043b\u0435\u043a\u0442\u0440\u043e\u044d\u043d\u0435\u0440\u0433\u0438\u0438<\/a><\/li>\n<\/ul>\n\n\n\n<p>Cont\u00e1ctenos para versiones en otros idiomas. <\/p>\n","protected":false},"excerpt":{"rendered":"<p>Criterios de EKOenerg\u00eda para la electricidad El texto EKOenerg\u00eda \u2013 Estructura de gobierno y criterios para la electricidad dicta las condiciones bajo las cuales la electricidad puede obtener la etiqueta&nbsp;EKOenerg\u00eda. Describe: Para una visi\u00f3n general de los elementos principales de nuestros criterios, visite la p\u00e1gina de nuestra ecoetiqueta EKOenerg\u00eda. El mismo documento tambi\u00e9n describe como [&hellip;]<\/p>\n","protected":false},"author":17,"featured_media":28480,"parent":25323,"menu_order":1,"comment_status":"closed","ping_status":"closed","template":"","meta":{"inline_featured_image":false,"_uag_custom_page_level_css":"","site-sidebar-layout":"default","site-content-layout":"default","ast-site-content-layout":"default","site-content-style":"default","site-sidebar-style":"default","ast-global-header-display":"","ast-banner-title-visibility":"","ast-main-header-display":"","ast-hfb-above-header-display":"","ast-hfb-below-header-display":"","ast-hfb-mobile-header-display":"","site-post-title":"disabled","ast-breadcrumbs-content":"","ast-featured-img":"","footer-sml-layout":"","ast-disable-related-posts":"","theme-transparent-header-meta":"default","adv-header-id-meta":"","stick-header-meta":"default","header-above-stick-meta":"","header-main-stick-meta":"","header-below-stick-meta":"","astra-migrate-meta-layouts":"default","ast-page-background-enabled":"default","ast-page-background-meta":{"desktop":{"background-color":"","background-image":"","background-repeat":"repeat","background-position":"center center","background-size":"auto","background-attachment":"scroll","background-type":"","background-media":"","overlay-type":"","overlay-color":"","overlay-opacity":"","overlay-gradient":""},"tablet":{"background-color":"","background-image":"","background-repeat":"repeat","background-position":"center center","background-size":"auto","background-attachment":"scroll","background-type":"","background-media":"","overlay-type":"","overlay-color":"","overlay-opacity":"","overlay-gradient":""},"mobile":{"background-color":"","background-image":"","background-repeat":"repeat","background-position":"center center","background-size":"auto","background-attachment":"scroll","background-type":"","background-media":"","overlay-type":"","overlay-color":"","overlay-opacity":"","overlay-gradient":""}},"ast-content-background-meta":{"desktop":{"background-color":"var(--ast-global-color-5)","background-image":"","background-repeat":"repeat","background-position":"center center","background-size":"auto","background-attachment":"scroll","background-type":"","background-media":"","overlay-type":"","overlay-color":"","overlay-opacity":"","overlay-gradient":""},"tablet":{"background-color":"var(--ast-global-color-5)","background-image":"","background-repeat":"repeat","background-position":"center center","background-size":"auto","background-attachment":"scroll","background-type":"","background-media":"","overlay-type":"","overlay-color":"","overlay-opacity":"","overlay-gradient":""},"mobile":{"background-color":"var(--ast-global-color-5)","background-image":"","background-repeat":"repeat","background-position":"center center","background-size":"auto","background-attachment":"scroll","background-type":"","background-media":"","overlay-type":"","overlay-color":"","overlay-opacity":"","overlay-gradient":""}},"footnotes":""},"class_list":["post-3195","page","type-page","status-publish","has-post-thumbnail","hentry"],"yoast_head":"<!-- This site is optimized with the Yoast SEO plugin v27.3 - https:\/\/yoast.com\/product\/yoast-seo-wordpress\/ -->\n<title>Electricidad renovable - EKOenergy ecolabel<\/title>\n<meta name=\"description\" content=\"El texto &quot;EKOenergy - Criteria for electricity&quot; dicta las condiciones bajo las cuales la electricidad puede obtener la etiqueta EKOenerg\u00eda.\" \/>\n<meta name=\"robots\" content=\"index, follow, max-snippet:-1, max-image-preview:large, max-video-preview:-1\" \/>\n<link rel=\"canonical\" href=\"https:\/\/www.ekoenergy.org\/es\/ecolabel\/criteria\/electricity\/\" \/>\n<meta property=\"og:locale\" content=\"es_ES\" \/>\n<meta property=\"og:type\" content=\"article\" \/>\n<meta property=\"og:title\" content=\"Electricidad renovable - EKOenergy ecolabel\" \/>\n<meta property=\"og:description\" content=\"El texto &quot;EKOenergy - Criteria for electricity&quot; dicta las condiciones bajo las cuales la electricidad puede obtener la etiqueta EKOenerg\u00eda.\" \/>\n<meta property=\"og:url\" content=\"https:\/\/www.ekoenergy.org\/es\/ecolabel\/criteria\/electricity\/\" \/>\n<meta property=\"og:site_name\" content=\"EKOenergy ecolabel\" \/>\n<meta property=\"article:publisher\" content=\"https:\/\/www.facebook.com\/EKOenergy.ecolabel\/\" \/>\n<meta property=\"article:modified_time\" content=\"2023-02-24T18:56:10+00:00\" \/>\n<meta property=\"og:image\" content=\"https:\/\/www.ekoenergy.org\/wp-content\/uploads\/Featured-Sun-Wind.jpg\" \/>\n\t<meta property=\"og:image:width\" content=\"1280\" \/>\n\t<meta property=\"og:image:height\" content=\"609\" \/>\n\t<meta property=\"og:image:type\" content=\"image\/jpeg\" \/>\n<meta name=\"twitter:card\" content=\"summary_large_image\" \/>\n<meta name=\"twitter:site\" content=\"@EKOenergy_\" \/>\n<meta name=\"twitter:label1\" content=\"Tiempo de lectura\" \/>\n\t<meta name=\"twitter:data1\" content=\"2 minutos\" \/>\n<script type=\"application\/ld+json\" class=\"yoast-schema-graph\">{\"@context\":\"https:\\\/\\\/schema.org\",\"@graph\":[{\"@type\":\"WebPage\",\"@id\":\"https:\\\/\\\/www.ekoenergy.org\\\/es\\\/ecolabel\\\/criteria\\\/electricity\\\/\",\"url\":\"https:\\\/\\\/www.ekoenergy.org\\\/es\\\/ecolabel\\\/criteria\\\/electricity\\\/\",\"name\":\"Electricidad renovable - EKOenergy ecolabel\",\"isPartOf\":{\"@id\":\"https:\\\/\\\/www.ekoenergy.org\\\/es\\\/#website\"},\"primaryImageOfPage\":{\"@id\":\"https:\\\/\\\/www.ekoenergy.org\\\/es\\\/ecolabel\\\/criteria\\\/electricity\\\/#primaryimage\"},\"image\":{\"@id\":\"https:\\\/\\\/www.ekoenergy.org\\\/es\\\/ecolabel\\\/criteria\\\/electricity\\\/#primaryimage\"},\"thumbnailUrl\":\"https:\\\/\\\/www.ekoenergy.org\\\/wp-content\\\/uploads\\\/Featured-Sun-Wind.jpg\",\"datePublished\":\"2019-12-04T13:35:35+00:00\",\"dateModified\":\"2023-02-24T18:56:10+00:00\",\"description\":\"El texto \\\"EKOenergy - Criteria for electricity\\\" dicta las condiciones bajo las cuales la electricidad puede obtener la etiqueta EKOenerg\u00eda.\",\"breadcrumb\":{\"@id\":\"https:\\\/\\\/www.ekoenergy.org\\\/es\\\/ecolabel\\\/criteria\\\/electricity\\\/#breadcrumb\"},\"inLanguage\":\"es\",\"potentialAction\":[{\"@type\":\"ReadAction\",\"target\":[\"https:\\\/\\\/www.ekoenergy.org\\\/es\\\/ecolabel\\\/criteria\\\/electricity\\\/\"]}]},{\"@type\":\"ImageObject\",\"inLanguage\":\"es\",\"@id\":\"https:\\\/\\\/www.ekoenergy.org\\\/es\\\/ecolabel\\\/criteria\\\/electricity\\\/#primaryimage\",\"url\":\"https:\\\/\\\/www.ekoenergy.org\\\/wp-content\\\/uploads\\\/Featured-Sun-Wind.jpg\",\"contentUrl\":\"https:\\\/\\\/www.ekoenergy.org\\\/wp-content\\\/uploads\\\/Featured-Sun-Wind.jpg\",\"width\":1280,\"height\":609},{\"@type\":\"BreadcrumbList\",\"@id\":\"https:\\\/\\\/www.ekoenergy.org\\\/es\\\/ecolabel\\\/criteria\\\/electricity\\\/#breadcrumb\",\"itemListElement\":[{\"@type\":\"ListItem\",\"position\":1,\"name\":\"Home\",\"item\":\"https:\\\/\\\/www.ekoenergy.org\\\/es\\\/\"},{\"@type\":\"ListItem\",\"position\":2,\"name\":\"Nuestra ecoetiqueta\",\"item\":\"https:\\\/\\\/www.ekoenergy.org\\\/es\\\/ecolabel\\\/\"},{\"@type\":\"ListItem\",\"position\":3,\"name\":\"Criterios de EKOenerg\u00eda\",\"item\":\"https:\\\/\\\/www.ekoenergy.org\\\/es\\\/ecolabel\\\/criteria\\\/\"},{\"@type\":\"ListItem\",\"position\":4,\"name\":\"Electricidad renovable\"}]},{\"@type\":\"WebSite\",\"@id\":\"https:\\\/\\\/www.ekoenergy.org\\\/es\\\/#website\",\"url\":\"https:\\\/\\\/www.ekoenergy.org\\\/es\\\/\",\"name\":\"EKOenergy ecolabel\",\"description\":\"The global nonprofit ecolabel for renewable energy\",\"publisher\":{\"@id\":\"https:\\\/\\\/www.ekoenergy.org\\\/es\\\/#organization\"},\"potentialAction\":[{\"@type\":\"SearchAction\",\"target\":{\"@type\":\"EntryPoint\",\"urlTemplate\":\"https:\\\/\\\/www.ekoenergy.org\\\/es\\\/?s={search_term_string}\"},\"query-input\":{\"@type\":\"PropertyValueSpecification\",\"valueRequired\":true,\"valueName\":\"search_term_string\"}}],\"inLanguage\":\"es\"},{\"@type\":\"Organization\",\"@id\":\"https:\\\/\\\/www.ekoenergy.org\\\/es\\\/#organization\",\"name\":\"Not-for-profit Organisation EKOenergy\",\"url\":\"https:\\\/\\\/www.ekoenergy.org\\\/es\\\/\",\"logo\":{\"@type\":\"ImageObject\",\"inLanguage\":\"es\",\"@id\":\"https:\\\/\\\/www.ekoenergy.org\\\/es\\\/#\\\/schema\\\/logo\\\/image\\\/\",\"url\":\"https:\\\/\\\/www.ekoenergy.org\\\/wp-content\\\/uploads\\\/logo-EKOenergy-no-text.jpg\",\"contentUrl\":\"https:\\\/\\\/www.ekoenergy.org\\\/wp-content\\\/uploads\\\/logo-EKOenergy-no-text.jpg\",\"width\":1600,\"height\":1600,\"caption\":\"Not-for-profit Organisation EKOenergy\"},\"image\":{\"@id\":\"https:\\\/\\\/www.ekoenergy.org\\\/es\\\/#\\\/schema\\\/logo\\\/image\\\/\"},\"sameAs\":[\"https:\\\/\\\/www.facebook.com\\\/EKOenergy.ecolabel\\\/\",\"https:\\\/\\\/x.com\\\/EKOenergy_\",\"https:\\\/\\\/www.instagram.com\\\/ekoenergy\\\/\",\"https:\\\/\\\/www.linkedin.com\\\/company\\\/ekoenergy-ecolabel\\\/\",\"https:\\\/\\\/www.youtube.com\\\/EKOenergy-ecolabel\",\"https:\\\/\\\/en.wikipedia.org\\\/wiki\\\/EKOenergy\"]}]}<\/script>\n<!-- \/ Yoast SEO plugin. -->","yoast_head_json":{"title":"Electricidad renovable - EKOenergy ecolabel","description":"El texto \"EKOenergy - Criteria for electricity\" dicta las condiciones bajo las cuales la electricidad puede obtener la etiqueta EKOenerg\u00eda.","robots":{"index":"index","follow":"follow","max-snippet":"max-snippet:-1","max-image-preview":"max-image-preview:large","max-video-preview":"max-video-preview:-1"},"canonical":"https:\/\/www.ekoenergy.org\/es\/ecolabel\/criteria\/electricity\/","og_locale":"es_ES","og_type":"article","og_title":"Electricidad renovable - EKOenergy ecolabel","og_description":"El texto \"EKOenergy - Criteria for electricity\" dicta las condiciones bajo las cuales la electricidad puede obtener la etiqueta EKOenerg\u00eda.","og_url":"https:\/\/www.ekoenergy.org\/es\/ecolabel\/criteria\/electricity\/","og_site_name":"EKOenergy ecolabel","article_publisher":"https:\/\/www.facebook.com\/EKOenergy.ecolabel\/","article_modified_time":"2023-02-24T18:56:10+00:00","og_image":[{"width":1280,"height":609,"url":"https:\/\/www.ekoenergy.org\/wp-content\/uploads\/Featured-Sun-Wind.jpg","type":"image\/jpeg"}],"twitter_card":"summary_large_image","twitter_site":"@EKOenergy_","twitter_misc":{"Tiempo de lectura":"2 minutos"},"schema":{"@context":"https:\/\/schema.org","@graph":[{"@type":"WebPage","@id":"https:\/\/www.ekoenergy.org\/es\/ecolabel\/criteria\/electricity\/","url":"https:\/\/www.ekoenergy.org\/es\/ecolabel\/criteria\/electricity\/","name":"Electricidad renovable - EKOenergy ecolabel","isPartOf":{"@id":"https:\/\/www.ekoenergy.org\/es\/#website"},"primaryImageOfPage":{"@id":"https:\/\/www.ekoenergy.org\/es\/ecolabel\/criteria\/electricity\/#primaryimage"},"image":{"@id":"https:\/\/www.ekoenergy.org\/es\/ecolabel\/criteria\/electricity\/#primaryimage"},"thumbnailUrl":"https:\/\/www.ekoenergy.org\/wp-content\/uploads\/Featured-Sun-Wind.jpg","datePublished":"2019-12-04T13:35:35+00:00","dateModified":"2023-02-24T18:56:10+00:00","description":"El texto \"EKOenergy - Criteria for electricity\" dicta las condiciones bajo las cuales la electricidad puede obtener la etiqueta EKOenerg\u00eda.","breadcrumb":{"@id":"https:\/\/www.ekoenergy.org\/es\/ecolabel\/criteria\/electricity\/#breadcrumb"},"inLanguage":"es","potentialAction":[{"@type":"ReadAction","target":["https:\/\/www.ekoenergy.org\/es\/ecolabel\/criteria\/electricity\/"]}]},{"@type":"ImageObject","inLanguage":"es","@id":"https:\/\/www.ekoenergy.org\/es\/ecolabel\/criteria\/electricity\/#primaryimage","url":"https:\/\/www.ekoenergy.org\/wp-content\/uploads\/Featured-Sun-Wind.jpg","contentUrl":"https:\/\/www.ekoenergy.org\/wp-content\/uploads\/Featured-Sun-Wind.jpg","width":1280,"height":609},{"@type":"BreadcrumbList","@id":"https:\/\/www.ekoenergy.org\/es\/ecolabel\/criteria\/electricity\/#breadcrumb","itemListElement":[{"@type":"ListItem","position":1,"name":"Home","item":"https:\/\/www.ekoenergy.org\/es\/"},{"@type":"ListItem","position":2,"name":"Nuestra ecoetiqueta","item":"https:\/\/www.ekoenergy.org\/es\/ecolabel\/"},{"@type":"ListItem","position":3,"name":"Criterios de EKOenerg\u00eda","item":"https:\/\/www.ekoenergy.org\/es\/ecolabel\/criteria\/"},{"@type":"ListItem","position":4,"name":"Electricidad renovable"}]},{"@type":"WebSite","@id":"https:\/\/www.ekoenergy.org\/es\/#website","url":"https:\/\/www.ekoenergy.org\/es\/","name":"EKOenergy ecolabel","description":"The global nonprofit ecolabel for renewable energy","publisher":{"@id":"https:\/\/www.ekoenergy.org\/es\/#organization"},"potentialAction":[{"@type":"SearchAction","target":{"@type":"EntryPoint","urlTemplate":"https:\/\/www.ekoenergy.org\/es\/?s={search_term_string}"},"query-input":{"@type":"PropertyValueSpecification","valueRequired":true,"valueName":"search_term_string"}}],"inLanguage":"es"},{"@type":"Organization","@id":"https:\/\/www.ekoenergy.org\/es\/#organization","name":"Not-for-profit Organisation EKOenergy","url":"https:\/\/www.ekoenergy.org\/es\/","logo":{"@type":"ImageObject","inLanguage":"es","@id":"https:\/\/www.ekoenergy.org\/es\/#\/schema\/logo\/image\/","url":"https:\/\/www.ekoenergy.org\/wp-content\/uploads\/logo-EKOenergy-no-text.jpg","contentUrl":"https:\/\/www.ekoenergy.org\/wp-content\/uploads\/logo-EKOenergy-no-text.jpg","width":1600,"height":1600,"caption":"Not-for-profit Organisation EKOenergy"},"image":{"@id":"https:\/\/www.ekoenergy.org\/es\/#\/schema\/logo\/image\/"},"sameAs":["https:\/\/www.facebook.com\/EKOenergy.ecolabel\/","https:\/\/x.com\/EKOenergy_","https:\/\/www.instagram.com\/ekoenergy\/","https:\/\/www.linkedin.com\/company\/ekoenergy-ecolabel\/","https:\/\/www.youtube.com\/EKOenergy-ecolabel","https:\/\/en.wikipedia.org\/wiki\/EKOenergy"]}]}},"uagb_featured_image_src":{"full":["https:\/\/www.ekoenergy.org\/wp-content\/uploads\/Featured-Sun-Wind.jpg",1280,609,false],"thumbnail":["https:\/\/www.ekoenergy.org\/wp-content\/uploads\/Featured-Sun-Wind-150x150.jpg",150,150,true],"medium":["https:\/\/www.ekoenergy.org\/wp-content\/uploads\/Featured-Sun-Wind-320x152.jpg",320,152,true],"medium_large":["https:\/\/www.ekoenergy.org\/wp-content\/uploads\/Featured-Sun-Wind-768x365.jpg",768,365,true],"large":["https:\/\/www.ekoenergy.org\/wp-content\/uploads\/Featured-Sun-Wind-1024x487.jpg",1024,487,true],"1536x1536":["https:\/\/www.ekoenergy.org\/wp-content\/uploads\/Featured-Sun-Wind.jpg",1280,609,false],"2048x2048":["https:\/\/www.ekoenergy.org\/wp-content\/uploads\/Featured-Sun-Wind.jpg",1280,609,false]},"uagb_author_info":{"display_name":"EKOenergy ecolabel","author_link":"https:\/\/www.ekoenergy.org\/es\/author\/ekoenergy\/"},"uagb_comment_info":0,"uagb_excerpt":"Criterios de EKOenerg\u00eda para la electricidad El texto EKOenerg\u00eda \u2013 Estructura de gobierno y criterios para la electricidad dicta las condiciones bajo las cuales la electricidad puede obtener la etiqueta&nbsp;EKOenerg\u00eda. Describe: Para una visi\u00f3n general de los elementos principales de nuestros criterios, visite la p\u00e1gina de nuestra ecoetiqueta EKOenerg\u00eda. El mismo documento tambi\u00e9n describe como&hellip;","_links":{"self":[{"href":"https:\/\/www.ekoenergy.org\/es\/wp-json\/wp\/v2\/pages\/3195","targetHints":{"allow":["GET"]}}],"collection":[{"href":"https:\/\/www.ekoenergy.org\/es\/wp-json\/wp\/v2\/pages"}],"about":[{"href":"https:\/\/www.ekoenergy.org\/es\/wp-json\/wp\/v2\/types\/page"}],"author":[{"embeddable":true,"href":"https:\/\/www.ekoenergy.org\/es\/wp-json\/wp\/v2\/users\/17"}],"replies":[{"embeddable":true,"href":"https:\/\/www.ekoenergy.org\/es\/wp-json\/wp\/v2\/comments?post=3195"}],"version-history":[{"count":3,"href":"https:\/\/www.ekoenergy.org\/es\/wp-json\/wp\/v2\/pages\/3195\/revisions"}],"predecessor-version":[{"id":140617,"href":"https:\/\/www.ekoenergy.org\/es\/wp-json\/wp\/v2\/pages\/3195\/revisions\/140617"}],"up":[{"embeddable":true,"href":"https:\/\/www.ekoenergy.org\/es\/wp-json\/wp\/v2\/pages\/25323"}],"wp:featuredmedia":[{"embeddable":true,"href":"https:\/\/www.ekoenergy.org\/es\/wp-json\/wp\/v2\/media\/28480"}],"wp:attachment":[{"href":"https:\/\/www.ekoenergy.org\/es\/wp-json\/wp\/v2\/media?parent=3195"}],"curies":[{"name":"wp","href":"https:\/\/api.w.org\/{rel}","templated":true}]}}