{"id":3405,"date":"2019-12-04T14:00:02","date_gmt":"2019-12-04T14:00:02","guid":{"rendered":"https:\/\/www.ekoenergy.org\/extras\/downloads\/"},"modified":"2024-06-12T11:57:06","modified_gmt":"2024-06-12T08:57:06","slug":"downloadables","status":"publish","type":"page","link":"https:\/\/www.ekoenergy.org\/es\/extras\/downloadables\/","title":{"rendered":"Folletos y otros materiales descargables"},"content":{"rendered":"\n<h1 class=\"wp-block-heading\">Folletos, hojas informativas y otros materiales descargables<\/h1>\n\n\n\n<ul class=\"wp-block-list\">\n<li>Para folletos en otras lenguas, consulte <a href=\"https:\/\/www.ekoenergy.org\/extras\/downloadables\/\" target=\"_blank\" rel=\"noreferrer noopener\">la versi\u00f3n inglesa de nuestra web<\/a>. <\/li>\n\n\n\n<li>Para ver los folletos sobre los proyectos de energ\u00edas renovables que hemos financiado, consulte las \u00abhistorias del clima\u00bb en nuestra p\u00e1gina del <a href=\"https:\/\/www.ekoenergy.org\/es\/our-results\/climate-fund\/climate-leaflets\/\">Fondo Clim\u00e1tico<\/a>. Puede encontrar las \u00abhistorias de los r\u00edos\u00bb sobre los proyectos de restauraci\u00f3n de r\u00edos que hemos financiado en la p\u00e1gina del <a href=\"https:\/\/www.ekoenergy.org\/es\/our-results\/environmental-fund\/\">Fondo Ambiental<\/a>.<\/li>\n\n\n\n<li>\u00bfSab\u00edas que tenemos el c\u00f3mic <a href=\"https:\/\/www.ekoenergy.org\/extras\/ekoenergy-comic\/\">EKO-Sofia &#8211; introducci\u00f3n a la energ\u00eda verde<\/a>? Est\u00e1 disponible en 30 idiomas.<\/li>\n\n\n\n<li>Para la versi\u00f3n descargable de nuestros logos, contacte con nuestra <a href=\"https:\/\/www.ekoenergy.org\/es\/about-us\/contact-us\/\">Secretar\u00eda<\/a>. <\/li>\n<\/ul>\n\n\n\n<ul class=\"wp-block-list\">\n<li><\/li>\n<\/ul>\n\n\n\n<h2 class=\"wp-block-heading\">Espa\u00f1ol<\/h2>\n\n\n\n<ul class=\"wp-block-list\">\n<li><a href=\"https:\/\/www.ekoenergy.org\/wp-content\/uploads\/2024-10-reasons-spanish.pdf\" target=\"_blank\" rel=\"noreferrer noopener\">10 razones para elegir EKOenerg\u00eda<\/a> (1 p\u00e1gina, pdf)<\/li>\n\n\n\n<li><a href=\"https:\/\/www.ekoenergy.org\/wp-content\/uploads\/Leaflet-EKOenergy-1-page-2020-Spanish.pdf\" target=\"_blank\" rel=\"noreferrer noopener\">\u00bfPor qu\u00e9 elegir energ\u00eda renovable etiquetada como EKOenerg\u00eda?<\/a> (1 p\u00e1gina, pdf)<\/li>\n\n\n\n<li><a href=\"https:\/\/www.ekoenergy.org\/wp-content\/uploads\/General-Leaflet-EKOenergy-1-page-Spanish.pdf\" target=\"_blank\" rel=\"noreferrer noopener\">Folleto informativo sobre EKOenerg\u00eda<\/a> (1 p\u00e1gina, pdf)<\/li>\n\n\n\n<li>Memoria <a aria-label=\" (opens in a new tab)\" href=\"https:\/\/www.ekoenergy.org\/wp-content\/uploads\/5-Year-report-Spanish-2018.pdf\" target=\"_blank\" rel=\"noreferrer noopener\">Primeros cinco a\u00f1os 2013-2018<\/a> (10 p\u00e1ginas, pdf)<\/li>\n<\/ul>\n\n\n\n<h2 class=\"wp-block-heading\"><\/h2>\n","protected":false},"excerpt":{"rendered":"<p>Folletos, hojas informativas y otros materiales descargables Espa\u00f1ol<\/p>\n","protected":false},"author":17,"featured_media":32787,"parent":2748,"menu_order":2,"comment_status":"closed","ping_status":"closed","template":"","meta":{"inline_featured_image":false,"_uag_custom_page_level_css":"","site-sidebar-layout":"default","site-content-layout":"default","ast-site-content-layout":"default","site-content-style":"default","site-sidebar-style":"default","ast-global-header-display":"","ast-banner-title-visibility":"","ast-main-header-display":"","ast-hfb-above-header-display":"","ast-hfb-below-header-display":"","ast-hfb-mobile-header-display":"","site-post-title":"disabled","ast-breadcrumbs-content":"","ast-featured-img":"","footer-sml-layout":"","ast-disable-related-posts":"","theme-transparent-header-meta":"default","adv-header-id-meta":"","stick-header-meta":"default","header-above-stick-meta":"","header-main-stick-meta":"","header-below-stick-meta":"","astra-migrate-meta-layouts":"default","ast-page-background-enabled":"default","ast-page-background-meta":{"desktop":{"background-color":"","background-image":"","background-repeat":"repeat","background-position":"center center","background-size":"auto","background-attachment":"scroll","background-type":"","background-media":"","overlay-type":"","overlay-color":"","overlay-opacity":"","overlay-gradient":""},"tablet":{"background-color":"","background-image":"","background-repeat":"repeat","background-position":"center center","background-size":"auto","background-attachment":"scroll","background-type":"","background-media":"","overlay-type":"","overlay-color":"","overlay-opacity":"","overlay-gradient":""},"mobile":{"background-color":"","background-image":"","background-repeat":"repeat","background-position":"center center","background-size":"auto","background-attachment":"scroll","background-type":"","background-media":"","overlay-type":"","overlay-color":"","overlay-opacity":"","overlay-gradient":""}},"ast-content-background-meta":{"desktop":{"background-color":"var(--ast-global-color-5)","background-image":"","background-repeat":"repeat","background-position":"center center","background-size":"auto","background-attachment":"scroll","background-type":"","background-media":"","overlay-type":"","overlay-color":"","overlay-opacity":"","overlay-gradient":""},"tablet":{"background-color":"var(--ast-global-color-5)","background-image":"","background-repeat":"repeat","background-position":"center center","background-size":"auto","background-attachment":"scroll","background-type":"","background-media":"","overlay-type":"","overlay-color":"","overlay-opacity":"","overlay-gradient":""},"mobile":{"background-color":"var(--ast-global-color-5)","background-image":"","background-repeat":"repeat","background-position":"center center","background-size":"auto","background-attachment":"scroll","background-type":"","background-media":"","overlay-type":"","overlay-color":"","overlay-opacity":"","overlay-gradient":""}},"footnotes":""},"class_list":["post-3405","page","type-page","status-publish","has-post-thumbnail","hentry"],"yoast_head":"<!-- This site is optimized with the Yoast SEO plugin v27.3 - https:\/\/yoast.com\/product\/yoast-seo-wordpress\/ -->\n<title>Folletos y otros materiales descargables - EKOenergy ecolabel<\/title>\n<meta name=\"description\" content=\"Un resumen de los \u00faltimos folletos de EKOenerg\u00eda y otros materiales en muchos idiomas. No dude en ponerse en contacto con nosotros para obtener m\u00e1s informaci\u00f3n en su propio idioma.\" \/>\n<meta name=\"robots\" content=\"index, follow, max-snippet:-1, max-image-preview:large, max-video-preview:-1\" \/>\n<link rel=\"canonical\" href=\"https:\/\/www.ekoenergy.org\/es\/extras\/downloadables\/\" \/>\n<meta property=\"og:locale\" content=\"es_ES\" \/>\n<meta property=\"og:type\" content=\"article\" \/>\n<meta property=\"og:title\" content=\"Folletos y otros materiales descargables - EKOenergy ecolabel\" \/>\n<meta property=\"og:description\" content=\"Un resumen de los \u00faltimos folletos de EKOenerg\u00eda y otros materiales en muchos idiomas. No dude en ponerse en contacto con nosotros para obtener m\u00e1s informaci\u00f3n en su propio idioma.\" \/>\n<meta property=\"og:url\" content=\"https:\/\/www.ekoenergy.org\/es\/extras\/downloadables\/\" \/>\n<meta property=\"og:site_name\" content=\"EKOenergy ecolabel\" \/>\n<meta property=\"article:publisher\" content=\"https:\/\/www.facebook.com\/EKOenergy.ecolabel\/\" \/>\n<meta property=\"article:modified_time\" content=\"2024-06-12T08:57:06+00:00\" \/>\n<meta property=\"og:image\" content=\"https:\/\/www.ekoenergy.org\/wp-content\/uploads\/Featured-Leaflets.png\" \/>\n\t<meta property=\"og:image:width\" content=\"997\" \/>\n\t<meta property=\"og:image:height\" content=\"593\" \/>\n\t<meta property=\"og:image:type\" content=\"image\/png\" \/>\n<meta name=\"twitter:card\" content=\"summary_large_image\" \/>\n<meta name=\"twitter:site\" content=\"@EKOenergy_\" \/>\n<meta name=\"twitter:label1\" content=\"Tiempo de lectura\" \/>\n\t<meta name=\"twitter:data1\" content=\"1 minuto\" \/>\n<script type=\"application\/ld+json\" class=\"yoast-schema-graph\">{\"@context\":\"https:\\\/\\\/schema.org\",\"@graph\":[{\"@type\":\"WebPage\",\"@id\":\"https:\\\/\\\/www.ekoenergy.org\\\/es\\\/extras\\\/downloadables\\\/\",\"url\":\"https:\\\/\\\/www.ekoenergy.org\\\/es\\\/extras\\\/downloadables\\\/\",\"name\":\"Folletos y otros materiales descargables - EKOenergy ecolabel\",\"isPartOf\":{\"@id\":\"https:\\\/\\\/www.ekoenergy.org\\\/es\\\/#website\"},\"primaryImageOfPage\":{\"@id\":\"https:\\\/\\\/www.ekoenergy.org\\\/es\\\/extras\\\/downloadables\\\/#primaryimage\"},\"image\":{\"@id\":\"https:\\\/\\\/www.ekoenergy.org\\\/es\\\/extras\\\/downloadables\\\/#primaryimage\"},\"thumbnailUrl\":\"https:\\\/\\\/www.ekoenergy.org\\\/wp-content\\\/uploads\\\/Featured-Leaflets.png\",\"datePublished\":\"2019-12-04T14:00:02+00:00\",\"dateModified\":\"2024-06-12T08:57:06+00:00\",\"description\":\"Un resumen de los \u00faltimos folletos de EKOenerg\u00eda y otros materiales en muchos idiomas. No dude en ponerse en contacto con nosotros para obtener m\u00e1s informaci\u00f3n en su propio idioma.\",\"breadcrumb\":{\"@id\":\"https:\\\/\\\/www.ekoenergy.org\\\/es\\\/extras\\\/downloadables\\\/#breadcrumb\"},\"inLanguage\":\"es\",\"potentialAction\":[{\"@type\":\"ReadAction\",\"target\":[\"https:\\\/\\\/www.ekoenergy.org\\\/es\\\/extras\\\/downloadables\\\/\"]}]},{\"@type\":\"ImageObject\",\"inLanguage\":\"es\",\"@id\":\"https:\\\/\\\/www.ekoenergy.org\\\/es\\\/extras\\\/downloadables\\\/#primaryimage\",\"url\":\"https:\\\/\\\/www.ekoenergy.org\\\/wp-content\\\/uploads\\\/Featured-Leaflets.png\",\"contentUrl\":\"https:\\\/\\\/www.ekoenergy.org\\\/wp-content\\\/uploads\\\/Featured-Leaflets.png\",\"width\":997,\"height\":593},{\"@type\":\"BreadcrumbList\",\"@id\":\"https:\\\/\\\/www.ekoenergy.org\\\/es\\\/extras\\\/downloadables\\\/#breadcrumb\",\"itemListElement\":[{\"@type\":\"ListItem\",\"position\":1,\"name\":\"Home\",\"item\":\"https:\\\/\\\/www.ekoenergy.org\\\/es\\\/\"},{\"@type\":\"ListItem\",\"position\":2,\"name\":\"Extras\",\"item\":\"https:\\\/\\\/www.ekoenergy.org\\\/es\\\/extras\\\/\"},{\"@type\":\"ListItem\",\"position\":3,\"name\":\"Folletos y otros materiales descargables\"}]},{\"@type\":\"WebSite\",\"@id\":\"https:\\\/\\\/www.ekoenergy.org\\\/es\\\/#website\",\"url\":\"https:\\\/\\\/www.ekoenergy.org\\\/es\\\/\",\"name\":\"EKOenergy ecolabel\",\"description\":\"The global nonprofit ecolabel for renewable energy\",\"publisher\":{\"@id\":\"https:\\\/\\\/www.ekoenergy.org\\\/es\\\/#organization\"},\"potentialAction\":[{\"@type\":\"SearchAction\",\"target\":{\"@type\":\"EntryPoint\",\"urlTemplate\":\"https:\\\/\\\/www.ekoenergy.org\\\/es\\\/?s={search_term_string}\"},\"query-input\":{\"@type\":\"PropertyValueSpecification\",\"valueRequired\":true,\"valueName\":\"search_term_string\"}}],\"inLanguage\":\"es\"},{\"@type\":\"Organization\",\"@id\":\"https:\\\/\\\/www.ekoenergy.org\\\/es\\\/#organization\",\"name\":\"Not-for-profit Organisation EKOenergy\",\"url\":\"https:\\\/\\\/www.ekoenergy.org\\\/es\\\/\",\"logo\":{\"@type\":\"ImageObject\",\"inLanguage\":\"es\",\"@id\":\"https:\\\/\\\/www.ekoenergy.org\\\/es\\\/#\\\/schema\\\/logo\\\/image\\\/\",\"url\":\"https:\\\/\\\/www.ekoenergy.org\\\/wp-content\\\/uploads\\\/logo-EKOenergy-no-text.jpg\",\"contentUrl\":\"https:\\\/\\\/www.ekoenergy.org\\\/wp-content\\\/uploads\\\/logo-EKOenergy-no-text.jpg\",\"width\":1600,\"height\":1600,\"caption\":\"Not-for-profit Organisation EKOenergy\"},\"image\":{\"@id\":\"https:\\\/\\\/www.ekoenergy.org\\\/es\\\/#\\\/schema\\\/logo\\\/image\\\/\"},\"sameAs\":[\"https:\\\/\\\/www.facebook.com\\\/EKOenergy.ecolabel\\\/\",\"https:\\\/\\\/x.com\\\/EKOenergy_\",\"https:\\\/\\\/www.instagram.com\\\/ekoenergy\\\/\",\"https:\\\/\\\/www.linkedin.com\\\/company\\\/ekoenergy-ecolabel\\\/\",\"https:\\\/\\\/www.youtube.com\\\/EKOenergy-ecolabel\",\"https:\\\/\\\/en.wikipedia.org\\\/wiki\\\/EKOenergy\"]}]}<\/script>\n<!-- \/ Yoast SEO plugin. -->","yoast_head_json":{"title":"Folletos y otros materiales descargables - EKOenergy ecolabel","description":"Un resumen de los \u00faltimos folletos de EKOenerg\u00eda y otros materiales en muchos idiomas. No dude en ponerse en contacto con nosotros para obtener m\u00e1s informaci\u00f3n en su propio idioma.","robots":{"index":"index","follow":"follow","max-snippet":"max-snippet:-1","max-image-preview":"max-image-preview:large","max-video-preview":"max-video-preview:-1"},"canonical":"https:\/\/www.ekoenergy.org\/es\/extras\/downloadables\/","og_locale":"es_ES","og_type":"article","og_title":"Folletos y otros materiales descargables - EKOenergy ecolabel","og_description":"Un resumen de los \u00faltimos folletos de EKOenerg\u00eda y otros materiales en muchos idiomas. No dude en ponerse en contacto con nosotros para obtener m\u00e1s informaci\u00f3n en su propio idioma.","og_url":"https:\/\/www.ekoenergy.org\/es\/extras\/downloadables\/","og_site_name":"EKOenergy ecolabel","article_publisher":"https:\/\/www.facebook.com\/EKOenergy.ecolabel\/","article_modified_time":"2024-06-12T08:57:06+00:00","og_image":[{"width":997,"height":593,"url":"https:\/\/www.ekoenergy.org\/wp-content\/uploads\/Featured-Leaflets.png","type":"image\/png"}],"twitter_card":"summary_large_image","twitter_site":"@EKOenergy_","twitter_misc":{"Tiempo de lectura":"1 minuto"},"schema":{"@context":"https:\/\/schema.org","@graph":[{"@type":"WebPage","@id":"https:\/\/www.ekoenergy.org\/es\/extras\/downloadables\/","url":"https:\/\/www.ekoenergy.org\/es\/extras\/downloadables\/","name":"Folletos y otros materiales descargables - EKOenergy ecolabel","isPartOf":{"@id":"https:\/\/www.ekoenergy.org\/es\/#website"},"primaryImageOfPage":{"@id":"https:\/\/www.ekoenergy.org\/es\/extras\/downloadables\/#primaryimage"},"image":{"@id":"https:\/\/www.ekoenergy.org\/es\/extras\/downloadables\/#primaryimage"},"thumbnailUrl":"https:\/\/www.ekoenergy.org\/wp-content\/uploads\/Featured-Leaflets.png","datePublished":"2019-12-04T14:00:02+00:00","dateModified":"2024-06-12T08:57:06+00:00","description":"Un resumen de los \u00faltimos folletos de EKOenerg\u00eda y otros materiales en muchos idiomas. No dude en ponerse en contacto con nosotros para obtener m\u00e1s informaci\u00f3n en su propio idioma.","breadcrumb":{"@id":"https:\/\/www.ekoenergy.org\/es\/extras\/downloadables\/#breadcrumb"},"inLanguage":"es","potentialAction":[{"@type":"ReadAction","target":["https:\/\/www.ekoenergy.org\/es\/extras\/downloadables\/"]}]},{"@type":"ImageObject","inLanguage":"es","@id":"https:\/\/www.ekoenergy.org\/es\/extras\/downloadables\/#primaryimage","url":"https:\/\/www.ekoenergy.org\/wp-content\/uploads\/Featured-Leaflets.png","contentUrl":"https:\/\/www.ekoenergy.org\/wp-content\/uploads\/Featured-Leaflets.png","width":997,"height":593},{"@type":"BreadcrumbList","@id":"https:\/\/www.ekoenergy.org\/es\/extras\/downloadables\/#breadcrumb","itemListElement":[{"@type":"ListItem","position":1,"name":"Home","item":"https:\/\/www.ekoenergy.org\/es\/"},{"@type":"ListItem","position":2,"name":"Extras","item":"https:\/\/www.ekoenergy.org\/es\/extras\/"},{"@type":"ListItem","position":3,"name":"Folletos y otros materiales descargables"}]},{"@type":"WebSite","@id":"https:\/\/www.ekoenergy.org\/es\/#website","url":"https:\/\/www.ekoenergy.org\/es\/","name":"EKOenergy ecolabel","description":"The global nonprofit ecolabel for renewable energy","publisher":{"@id":"https:\/\/www.ekoenergy.org\/es\/#organization"},"potentialAction":[{"@type":"SearchAction","target":{"@type":"EntryPoint","urlTemplate":"https:\/\/www.ekoenergy.org\/es\/?s={search_term_string}"},"query-input":{"@type":"PropertyValueSpecification","valueRequired":true,"valueName":"search_term_string"}}],"inLanguage":"es"},{"@type":"Organization","@id":"https:\/\/www.ekoenergy.org\/es\/#organization","name":"Not-for-profit Organisation EKOenergy","url":"https:\/\/www.ekoenergy.org\/es\/","logo":{"@type":"ImageObject","inLanguage":"es","@id":"https:\/\/www.ekoenergy.org\/es\/#\/schema\/logo\/image\/","url":"https:\/\/www.ekoenergy.org\/wp-content\/uploads\/logo-EKOenergy-no-text.jpg","contentUrl":"https:\/\/www.ekoenergy.org\/wp-content\/uploads\/logo-EKOenergy-no-text.jpg","width":1600,"height":1600,"caption":"Not-for-profit Organisation EKOenergy"},"image":{"@id":"https:\/\/www.ekoenergy.org\/es\/#\/schema\/logo\/image\/"},"sameAs":["https:\/\/www.facebook.com\/EKOenergy.ecolabel\/","https:\/\/x.com\/EKOenergy_","https:\/\/www.instagram.com\/ekoenergy\/","https:\/\/www.linkedin.com\/company\/ekoenergy-ecolabel\/","https:\/\/www.youtube.com\/EKOenergy-ecolabel","https:\/\/en.wikipedia.org\/wiki\/EKOenergy"]}]}},"uagb_featured_image_src":{"full":["https:\/\/www.ekoenergy.org\/wp-content\/uploads\/Featured-Leaflets.png",997,593,false],"thumbnail":["https:\/\/www.ekoenergy.org\/wp-content\/uploads\/Featured-Leaflets-150x150.png",150,150,true],"medium":["https:\/\/www.ekoenergy.org\/wp-content\/uploads\/Featured-Leaflets-320x190.png",320,190,true],"medium_large":["https:\/\/www.ekoenergy.org\/wp-content\/uploads\/Featured-Leaflets-768x457.png",768,457,true],"large":["https:\/\/www.ekoenergy.org\/wp-content\/uploads\/Featured-Leaflets.png",997,593,false],"1536x1536":["https:\/\/www.ekoenergy.org\/wp-content\/uploads\/Featured-Leaflets.png",997,593,false],"2048x2048":["https:\/\/www.ekoenergy.org\/wp-content\/uploads\/Featured-Leaflets.png",997,593,false]},"uagb_author_info":{"display_name":"EKOenergy ecolabel","author_link":"https:\/\/www.ekoenergy.org\/es\/author\/ekoenergy\/"},"uagb_comment_info":0,"uagb_excerpt":"Folletos, hojas informativas y otros materiales descargables Espa\u00f1ol","_links":{"self":[{"href":"https:\/\/www.ekoenergy.org\/es\/wp-json\/wp\/v2\/pages\/3405","targetHints":{"allow":["GET"]}}],"collection":[{"href":"https:\/\/www.ekoenergy.org\/es\/wp-json\/wp\/v2\/pages"}],"about":[{"href":"https:\/\/www.ekoenergy.org\/es\/wp-json\/wp\/v2\/types\/page"}],"author":[{"embeddable":true,"href":"https:\/\/www.ekoenergy.org\/es\/wp-json\/wp\/v2\/users\/17"}],"replies":[{"embeddable":true,"href":"https:\/\/www.ekoenergy.org\/es\/wp-json\/wp\/v2\/comments?post=3405"}],"version-history":[{"count":2,"href":"https:\/\/www.ekoenergy.org\/es\/wp-json\/wp\/v2\/pages\/3405\/revisions"}],"predecessor-version":[{"id":161297,"href":"https:\/\/www.ekoenergy.org\/es\/wp-json\/wp\/v2\/pages\/3405\/revisions\/161297"}],"up":[{"embeddable":true,"href":"https:\/\/www.ekoenergy.org\/es\/wp-json\/wp\/v2\/pages\/2748"}],"wp:featuredmedia":[{"embeddable":true,"href":"https:\/\/www.ekoenergy.org\/es\/wp-json\/wp\/v2\/media\/32787"}],"wp:attachment":[{"href":"https:\/\/www.ekoenergy.org\/es\/wp-json\/wp\/v2\/media?parent=3405"}],"curies":[{"name":"wp","href":"https:\/\/api.w.org\/{rel}","templated":true}]}}