{"id":3479,"date":"2019-12-04T13:58:01","date_gmt":"2019-12-04T13:58:01","guid":{"rendered":"https:\/\/www.ekoenergy.org\/extras\/logo\/"},"modified":"2024-05-21T11:50:24","modified_gmt":"2024-05-21T08:50:24","slug":"logo","status":"publish","type":"page","link":"https:\/\/www.ekoenergy.org\/es\/extras\/logo\/","title":{"rendered":"Nuestro logo en sus comunicaciones"},"content":{"rendered":"\n<h1 class=\"wp-block-heading\">Comunicar con el logotipo de EKOenerg\u00eda &#8211; Libro de la marca<\/h1>\n\n\n\n<h2 class=\"wp-block-heading\">Aumente su impacto positivo inspirando a otros<\/h2>\n\n\n\n<p>Forme parte de la transici\u00f3n mundial hacia la energ\u00eda sostenible y renovable: \u00a1convi\u00e9rtase en <a href=\"https:\/\/www.ekoenergy.org\/es\/buying-ekoenergy\/\" target=\"_blank\" rel=\"noreferrer noopener\">usuario de EKOenerg\u00eda <\/a>y corra la voz!<\/p>\n\n\n\n<p>Los logos de EKOenerg\u00eda y materiales de comunicaci\u00f3n est\u00e1n disponibles en distintas lenguas. Los vendedores autorizados y los usuarios EKOenerg\u00eda pueden contactarnos a <a href=\"mailto:info@ekoenergy.org\">info<img decoding=\"async\" class=\"alignnone\" src=\"https:\/\/www.ekoenergy.org\/wp-content\/uploads\/small-EKOenergy-symbol-for-emails.jpg\" alt=\" \">ekoenergy.org<\/a> para tener acceso a los archivos.<\/p>\n\n\n\n<figure class=\"wp-block-image aligncenter size-full\"><img fetchpriority=\"high\" decoding=\"async\" width=\"1024\" height=\"341\" src=\"https:\/\/www.ekoenergy.org\/wp-content\/uploads\/2021_pic-for-thebrandbook-website.png\" alt=\"\" class=\"wp-image-109173\" srcset=\"https:\/\/www.ekoenergy.org\/wp-content\/uploads\/2021_pic-for-thebrandbook-website.png 1024w, https:\/\/www.ekoenergy.org\/wp-content\/uploads\/2021_pic-for-thebrandbook-website-320x107.png 320w, https:\/\/www.ekoenergy.org\/wp-content\/uploads\/2021_pic-for-thebrandbook-website-768x256.png 768w\" sizes=\"(max-width: 1024px) 100vw, 1024px\" \/><\/figure>\n\n\n\n<p>Cuando usa el logotipo de EKOenerg\u00eda en su comunicaci\u00f3n, demuestra que utiliza energ\u00eda renovable procedente de las instalaciones m\u00e1s ecol\u00f3gicas y, al mismo tiempo, inspira y anima a otros a comprometerse con las energ\u00edas renovables. Esto ayuda a acelerar la transici\u00f3n hacia un mundo 100% renovable y aumenta su impacto positivo m\u00e1s all\u00e1 de su propia elecci\u00f3n de energ\u00eda renovable.<\/p>\n\n\n\n<p>Dado que muchos optan por utilizar nuestro logotipo EKOenerg\u00eda, reconocido internacionalmente, nuestra red de energ\u00eda positiva est\u00e1 creciendo en muchos pa\u00edses.<\/p>\n\n\n\n<h2 class=\"wp-block-heading\">El logotipo de EKOenerg\u00eda en sus publicaciones y en sus productos y sitio web<\/h2>\n\n\n\n<p>Puede utilizar el logotipo de EKOenerg\u00eda en productos, en su sitio web, en materiales de marketing y comunicaci\u00f3n, en informes de sostenibilidad, en edificios (como tiendas y oficinas), etc.<\/p>\n\n\n\n<p>Informe a la Secretar\u00eda de EKOenerg\u00eda via <a href=\"mailto:info@ekoenergy.org\">info<img decoding=\"async\" width=\"12\" height=\"12\" class=\"wp-image-29167\" style=\"width: 12px;\" src=\"https:\/\/www.ekoenergy.org\/wp-content\/uploads\/small-EKOenergy-symbol-for-emails.jpg\" alt=\"\">ekoenergy.org<\/a> antes de utilizar nuestro nombre y\/o logotipo en su comunicaci\u00f3n, y recuerde seguir siempre las normas de nuestro libro de marca.<\/p>\n\n\n\n<h2 class=\"wp-block-heading\">Libro de la marca y recomendaciones<\/h2>\n\n\n\n<p>Nuestros vendedores autorizados y todos los consumidores de EKOenerg\u00eda son bienvenidos a utilizar el nombre y el logotipo de EKOenerg\u00eda, siempre que nos informen antes de utilizarlo por primera vez. Tambi\u00e9n agradecemos que nos mencionen y etiqueten en sus publicaciones en las redes sociales.<\/p>\n\n\n\n<p>No olvide consultar nuestro libro de marca para obtener m\u00e1s informaci\u00f3n y directrices sobre el uso de nuestro nombre y logotipo.<\/p>\n\n\n\n<p>Nuestro libro de marcas est\u00e1 disponible en los siguientes idiomas:<\/p>\n\n\n\n<ul class=\"wp-block-list\">\n<li>EN:\u00a0<a href=\"https:\/\/www.ekoenergy.org\/wp-content\/uploads\/EKOenergy_Brand_book_english.pdf\" target=\"_blank\" rel=\"noreferrer noopener\">EKOenergy\u2019s brand book \u2013 A guide for communication using the EKOenergy logo<\/a><\/li>\n\n\n\n<li>DE:\u00a0<a href=\"https:\/\/www.ekoenergy.org\/wp-content\/uploads\/EKOenergy-Brand-Book-German.pdf\" target=\"_blank\" rel=\"noreferrer noopener\">EKOenergie Brand Book \u2013 Ein Leitfaden f\u00fcr die Kommunikation unter Verwendung des EKOenergie-Logos<\/a><\/li>\n\n\n\n<li>ES:\u00a0<a href=\"https:\/\/www.ekoenergy.org\/wp-content\/uploads\/EKOenergy-Brand-Book-2022-Spanish.pdf\" target=\"_blank\" rel=\"noreferrer noopener\">Libro de la marca EKOenerg\u00eda \u2013 Una gu\u00eda para la comunicaci\u00f3n utilizando el logotipo de EKOenerg\u00eda<\/a><\/li>\n\n\n\n<li>FI:\u00a0<a href=\"https:\/\/www.ekoenergy.org\/wp-content\/uploads\/EKOenergy-Brand-book-Finnish.pdf\" target=\"_blank\" rel=\"noreferrer noopener\">EKOenergian br\u00e4ndikirja \u2013 Opas viestint\u00e4\u00e4n EKOenergia-logon avulla<\/a><\/li>\n\n\n\n<li>FR:\u00a0<a href=\"https:\/\/www.ekoenergy.org\/wp-content\/uploads\/Brand-Book_French.pdf\" target=\"_blank\" rel=\"noreferrer noopener\">Brand Book EKO\u00e9nergie \u2013 Le guide pour la communication utilisant le logo EKO\u00e9nergie<\/a><\/li>\n\n\n\n<li>IT:\u00a0<a href=\"https:\/\/www.ekoenergy.org\/wp-content\/uploads\/Brand_Book_Italian.pdf\" target=\"_blank\" rel=\"noreferrer noopener\">Brand Book EKOenergy \u2013 Guida all\u2019uso del marchio EKOenergy per la comunicazione<\/a><\/li>\n<\/ul>\n\n\n\n<p>Para un r\u00e1pido resumen de las principales normas y recomendaciones, consulte nuestro folleto \u00bfQu\u00e9 puede comunicar como usuario de EKOenerg\u00eda? Est\u00e1 disponible en los siguientes idiomas:<\/p>\n\n\n\n<ul class=\"wp-block-list\">\n<li>EN: <a href=\"https:\/\/www.ekoenergy.org\/wp-content\/uploads\/what-can-you-communicate-as-ekoenergy-user-leaflet.pdf\" target=\"_blank\" rel=\"noreferrer noopener\">What can you communicate as an EKOenergy user? <\/a><\/li>\n\n\n\n<li>DE: <a href=\"https:\/\/www.ekoenergy.org\/wp-content\/uploads\/what-can-you-communicate-as-ekoenergy-user-leaflet-German.pdf\" target=\"_blank\" rel=\"noreferrer noopener\">Wie kommunizieren Sie als EKOenergie-Nutzer?<\/a><\/li>\n\n\n\n<li>ES: <a href=\"https:\/\/www.ekoenergy.org\/wp-content\/uploads\/what-can-you-communicate-as-ekoenergy-user-leaflet-spanish.pdf\" target=\"_blank\" rel=\"noreferrer noopener\">\u00bfQu\u00e9 puede comunicar como usuario de EKOenerg\u00eda?<\/a><\/li>\n\n\n\n<li>FR: <a href=\"https:\/\/www.ekoenergy.org\/wp-content\/uploads\/what-can-you-communicate-as-ekoenergy-user-leaflet-French.pdf\" target=\"_blank\" rel=\"noreferrer noopener\">Que pouvez-vous communiquer en tant qu&#8217;utilisateur d&#8217;EKO\u00e9nergie?<\/a><\/li>\n<\/ul>\n\n\n\n<figure class=\"wp-block-image size-full\"><img decoding=\"async\" width=\"1024\" height=\"416\" src=\"https:\/\/www.ekoenergy.org\/wp-content\/uploads\/2021_pic-for-thebrandbook-website1.png\" alt=\"2021-examples-ekoenergy-logo\" class=\"wp-image-109273\" srcset=\"https:\/\/www.ekoenergy.org\/wp-content\/uploads\/2021_pic-for-thebrandbook-website1.png 1024w, https:\/\/www.ekoenergy.org\/wp-content\/uploads\/2021_pic-for-thebrandbook-website1-320x130.png 320w, https:\/\/www.ekoenergy.org\/wp-content\/uploads\/2021_pic-for-thebrandbook-website1-768x312.png 768w\" sizes=\"(max-width: 1024px) 100vw, 1024px\" \/><\/figure>\n\n\n\n<p>M\u00e1s ejemplos del uso de nuestro logo en&nbsp;<a href=\"https:\/\/flic.kr\/s\/aHskEHRwU7\">EKOenergy Flickr<\/a>.<\/p>\n\n\n\n<h2 class=\"wp-block-heading\">Cont\u00e1ctenos<\/h2>\n\n\n\n<p>\u00bfPreguntas? \u00bfComentarios? No dude en <a href=\"https:\/\/www.ekoenergy.org\/es\/about-us\/contact-us\/\">ponerse en contacto con nosotros,<\/a> le podemos ayudar en distintos idiomas.<\/p>\n","protected":false},"excerpt":{"rendered":"<p>Comunicar con el logotipo de EKOenerg\u00eda &#8211; Libro de la marca Aumente su impacto positivo inspirando a otros Forme parte de la transici\u00f3n mundial hacia la energ\u00eda sostenible y renovable: \u00a1convi\u00e9rtase en usuario de EKOenerg\u00eda y corra la voz! Los logos de EKOenerg\u00eda y materiales de comunicaci\u00f3n est\u00e1n disponibles en distintas lenguas. Los vendedores autorizados [&hellip;]<\/p>\n","protected":false},"author":17,"featured_media":32581,"parent":2748,"menu_order":1,"comment_status":"closed","ping_status":"closed","template":"","meta":{"inline_featured_image":false,"_uag_custom_page_level_css":"","site-sidebar-layout":"default","site-content-layout":"default","ast-site-content-layout":"default","site-content-style":"default","site-sidebar-style":"default","ast-global-header-display":"","ast-banner-title-visibility":"","ast-main-header-display":"","ast-hfb-above-header-display":"","ast-hfb-below-header-display":"","ast-hfb-mobile-header-display":"","site-post-title":"disabled","ast-breadcrumbs-content":"","ast-featured-img":"","footer-sml-layout":"","ast-disable-related-posts":"","theme-transparent-header-meta":"default","adv-header-id-meta":"","stick-header-meta":"default","header-above-stick-meta":"","header-main-stick-meta":"","header-below-stick-meta":"","astra-migrate-meta-layouts":"default","ast-page-background-enabled":"default","ast-page-background-meta":{"desktop":{"background-color":"","background-image":"","background-repeat":"repeat","background-position":"center center","background-size":"auto","background-attachment":"scroll","background-type":"","background-media":"","overlay-type":"","overlay-color":"","overlay-opacity":"","overlay-gradient":""},"tablet":{"background-color":"","background-image":"","background-repeat":"repeat","background-position":"center center","background-size":"auto","background-attachment":"scroll","background-type":"","background-media":"","overlay-type":"","overlay-color":"","overlay-opacity":"","overlay-gradient":""},"mobile":{"background-color":"","background-image":"","background-repeat":"repeat","background-position":"center center","background-size":"auto","background-attachment":"scroll","background-type":"","background-media":"","overlay-type":"","overlay-color":"","overlay-opacity":"","overlay-gradient":""}},"ast-content-background-meta":{"desktop":{"background-color":"var(--ast-global-color-5)","background-image":"","background-repeat":"repeat","background-position":"center center","background-size":"auto","background-attachment":"scroll","background-type":"","background-media":"","overlay-type":"","overlay-color":"","overlay-opacity":"","overlay-gradient":""},"tablet":{"background-color":"var(--ast-global-color-5)","background-image":"","background-repeat":"repeat","background-position":"center center","background-size":"auto","background-attachment":"scroll","background-type":"","background-media":"","overlay-type":"","overlay-color":"","overlay-opacity":"","overlay-gradient":""},"mobile":{"background-color":"var(--ast-global-color-5)","background-image":"","background-repeat":"repeat","background-position":"center center","background-size":"auto","background-attachment":"scroll","background-type":"","background-media":"","overlay-type":"","overlay-color":"","overlay-opacity":"","overlay-gradient":""}},"footnotes":""},"class_list":["post-3479","page","type-page","status-publish","has-post-thumbnail","hentry"],"yoast_head":"<!-- This site is optimized with the Yoast SEO plugin v27.3 - https:\/\/yoast.com\/product\/yoast-seo-wordpress\/ -->\n<title>Nuestro logo en sus comunicaciones - EKOenergy ecolabel<\/title>\n<meta name=\"description\" content=\"Nuestros vendedores autorizados y todos los consumidores de EKOenerg\u00eda pueden utilizar el nombre y logo de EKOenerg\u00eda.\" \/>\n<meta name=\"robots\" content=\"index, follow, max-snippet:-1, max-image-preview:large, max-video-preview:-1\" \/>\n<link rel=\"canonical\" href=\"https:\/\/www.ekoenergy.org\/es\/extras\/logo\/\" \/>\n<meta property=\"og:locale\" content=\"es_ES\" \/>\n<meta property=\"og:type\" content=\"article\" \/>\n<meta property=\"og:title\" content=\"Nuestro logo en sus comunicaciones - EKOenergy ecolabel\" \/>\n<meta property=\"og:description\" content=\"Nuestros vendedores autorizados y todos los consumidores de EKOenerg\u00eda pueden utilizar el nombre y logo de EKOenerg\u00eda.\" \/>\n<meta property=\"og:url\" content=\"https:\/\/www.ekoenergy.org\/es\/extras\/logo\/\" \/>\n<meta property=\"og:site_name\" content=\"EKOenergy ecolabel\" \/>\n<meta property=\"article:publisher\" content=\"https:\/\/www.facebook.com\/EKOenergy.ecolabel\/\" \/>\n<meta property=\"article:modified_time\" content=\"2024-05-21T08:50:24+00:00\" \/>\n<meta property=\"og:image\" content=\"https:\/\/www.ekoenergy.org\/wp-content\/uploads\/Featured-Bottles-with-EKOenergy-logo.jpg\" \/>\n\t<meta property=\"og:image:width\" content=\"957\" \/>\n\t<meta property=\"og:image:height\" content=\"636\" \/>\n\t<meta property=\"og:image:type\" content=\"image\/jpeg\" \/>\n<meta name=\"twitter:card\" content=\"summary_large_image\" \/>\n<meta name=\"twitter:site\" content=\"@EKOenergy_\" \/>\n<meta name=\"twitter:label1\" content=\"Tiempo de lectura\" \/>\n\t<meta name=\"twitter:data1\" content=\"4 minutos\" \/>\n<script type=\"application\/ld+json\" class=\"yoast-schema-graph\">{\"@context\":\"https:\\\/\\\/schema.org\",\"@graph\":[{\"@type\":\"WebPage\",\"@id\":\"https:\\\/\\\/www.ekoenergy.org\\\/es\\\/extras\\\/logo\\\/\",\"url\":\"https:\\\/\\\/www.ekoenergy.org\\\/es\\\/extras\\\/logo\\\/\",\"name\":\"Nuestro logo en sus comunicaciones - EKOenergy ecolabel\",\"isPartOf\":{\"@id\":\"https:\\\/\\\/www.ekoenergy.org\\\/es\\\/#website\"},\"primaryImageOfPage\":{\"@id\":\"https:\\\/\\\/www.ekoenergy.org\\\/es\\\/extras\\\/logo\\\/#primaryimage\"},\"image\":{\"@id\":\"https:\\\/\\\/www.ekoenergy.org\\\/es\\\/extras\\\/logo\\\/#primaryimage\"},\"thumbnailUrl\":\"https:\\\/\\\/www.ekoenergy.org\\\/wp-content\\\/uploads\\\/Featured-Bottles-with-EKOenergy-logo.jpg\",\"datePublished\":\"2019-12-04T13:58:01+00:00\",\"dateModified\":\"2024-05-21T08:50:24+00:00\",\"description\":\"Nuestros vendedores autorizados y todos los consumidores de EKOenerg\u00eda pueden utilizar el nombre y logo de EKOenerg\u00eda.\",\"breadcrumb\":{\"@id\":\"https:\\\/\\\/www.ekoenergy.org\\\/es\\\/extras\\\/logo\\\/#breadcrumb\"},\"inLanguage\":\"es\",\"potentialAction\":[{\"@type\":\"ReadAction\",\"target\":[\"https:\\\/\\\/www.ekoenergy.org\\\/es\\\/extras\\\/logo\\\/\"]}]},{\"@type\":\"ImageObject\",\"inLanguage\":\"es\",\"@id\":\"https:\\\/\\\/www.ekoenergy.org\\\/es\\\/extras\\\/logo\\\/#primaryimage\",\"url\":\"https:\\\/\\\/www.ekoenergy.org\\\/wp-content\\\/uploads\\\/Featured-Bottles-with-EKOenergy-logo.jpg\",\"contentUrl\":\"https:\\\/\\\/www.ekoenergy.org\\\/wp-content\\\/uploads\\\/Featured-Bottles-with-EKOenergy-logo.jpg\",\"width\":957,\"height\":636},{\"@type\":\"BreadcrumbList\",\"@id\":\"https:\\\/\\\/www.ekoenergy.org\\\/es\\\/extras\\\/logo\\\/#breadcrumb\",\"itemListElement\":[{\"@type\":\"ListItem\",\"position\":1,\"name\":\"Home\",\"item\":\"https:\\\/\\\/www.ekoenergy.org\\\/es\\\/\"},{\"@type\":\"ListItem\",\"position\":2,\"name\":\"Extras\",\"item\":\"https:\\\/\\\/www.ekoenergy.org\\\/es\\\/extras\\\/\"},{\"@type\":\"ListItem\",\"position\":3,\"name\":\"Nuestro logo en sus comunicaciones\"}]},{\"@type\":\"WebSite\",\"@id\":\"https:\\\/\\\/www.ekoenergy.org\\\/es\\\/#website\",\"url\":\"https:\\\/\\\/www.ekoenergy.org\\\/es\\\/\",\"name\":\"EKOenergy ecolabel\",\"description\":\"The global nonprofit ecolabel for renewable energy\",\"publisher\":{\"@id\":\"https:\\\/\\\/www.ekoenergy.org\\\/es\\\/#organization\"},\"potentialAction\":[{\"@type\":\"SearchAction\",\"target\":{\"@type\":\"EntryPoint\",\"urlTemplate\":\"https:\\\/\\\/www.ekoenergy.org\\\/es\\\/?s={search_term_string}\"},\"query-input\":{\"@type\":\"PropertyValueSpecification\",\"valueRequired\":true,\"valueName\":\"search_term_string\"}}],\"inLanguage\":\"es\"},{\"@type\":\"Organization\",\"@id\":\"https:\\\/\\\/www.ekoenergy.org\\\/es\\\/#organization\",\"name\":\"Not-for-profit Organisation EKOenergy\",\"url\":\"https:\\\/\\\/www.ekoenergy.org\\\/es\\\/\",\"logo\":{\"@type\":\"ImageObject\",\"inLanguage\":\"es\",\"@id\":\"https:\\\/\\\/www.ekoenergy.org\\\/es\\\/#\\\/schema\\\/logo\\\/image\\\/\",\"url\":\"https:\\\/\\\/www.ekoenergy.org\\\/wp-content\\\/uploads\\\/logo-EKOenergy-no-text.jpg\",\"contentUrl\":\"https:\\\/\\\/www.ekoenergy.org\\\/wp-content\\\/uploads\\\/logo-EKOenergy-no-text.jpg\",\"width\":1600,\"height\":1600,\"caption\":\"Not-for-profit Organisation EKOenergy\"},\"image\":{\"@id\":\"https:\\\/\\\/www.ekoenergy.org\\\/es\\\/#\\\/schema\\\/logo\\\/image\\\/\"},\"sameAs\":[\"https:\\\/\\\/www.facebook.com\\\/EKOenergy.ecolabel\\\/\",\"https:\\\/\\\/x.com\\\/EKOenergy_\",\"https:\\\/\\\/www.instagram.com\\\/ekoenergy\\\/\",\"https:\\\/\\\/www.linkedin.com\\\/company\\\/ekoenergy-ecolabel\\\/\",\"https:\\\/\\\/www.youtube.com\\\/EKOenergy-ecolabel\",\"https:\\\/\\\/en.wikipedia.org\\\/wiki\\\/EKOenergy\"]}]}<\/script>\n<!-- \/ Yoast SEO plugin. -->","yoast_head_json":{"title":"Nuestro logo en sus comunicaciones - EKOenergy ecolabel","description":"Nuestros vendedores autorizados y todos los consumidores de EKOenerg\u00eda pueden utilizar el nombre y logo de EKOenerg\u00eda.","robots":{"index":"index","follow":"follow","max-snippet":"max-snippet:-1","max-image-preview":"max-image-preview:large","max-video-preview":"max-video-preview:-1"},"canonical":"https:\/\/www.ekoenergy.org\/es\/extras\/logo\/","og_locale":"es_ES","og_type":"article","og_title":"Nuestro logo en sus comunicaciones - EKOenergy ecolabel","og_description":"Nuestros vendedores autorizados y todos los consumidores de EKOenerg\u00eda pueden utilizar el nombre y logo de EKOenerg\u00eda.","og_url":"https:\/\/www.ekoenergy.org\/es\/extras\/logo\/","og_site_name":"EKOenergy ecolabel","article_publisher":"https:\/\/www.facebook.com\/EKOenergy.ecolabel\/","article_modified_time":"2024-05-21T08:50:24+00:00","og_image":[{"width":957,"height":636,"url":"https:\/\/www.ekoenergy.org\/wp-content\/uploads\/Featured-Bottles-with-EKOenergy-logo.jpg","type":"image\/jpeg"}],"twitter_card":"summary_large_image","twitter_site":"@EKOenergy_","twitter_misc":{"Tiempo de lectura":"4 minutos"},"schema":{"@context":"https:\/\/schema.org","@graph":[{"@type":"WebPage","@id":"https:\/\/www.ekoenergy.org\/es\/extras\/logo\/","url":"https:\/\/www.ekoenergy.org\/es\/extras\/logo\/","name":"Nuestro logo en sus comunicaciones - EKOenergy ecolabel","isPartOf":{"@id":"https:\/\/www.ekoenergy.org\/es\/#website"},"primaryImageOfPage":{"@id":"https:\/\/www.ekoenergy.org\/es\/extras\/logo\/#primaryimage"},"image":{"@id":"https:\/\/www.ekoenergy.org\/es\/extras\/logo\/#primaryimage"},"thumbnailUrl":"https:\/\/www.ekoenergy.org\/wp-content\/uploads\/Featured-Bottles-with-EKOenergy-logo.jpg","datePublished":"2019-12-04T13:58:01+00:00","dateModified":"2024-05-21T08:50:24+00:00","description":"Nuestros vendedores autorizados y todos los consumidores de EKOenerg\u00eda pueden utilizar el nombre y logo de EKOenerg\u00eda.","breadcrumb":{"@id":"https:\/\/www.ekoenergy.org\/es\/extras\/logo\/#breadcrumb"},"inLanguage":"es","potentialAction":[{"@type":"ReadAction","target":["https:\/\/www.ekoenergy.org\/es\/extras\/logo\/"]}]},{"@type":"ImageObject","inLanguage":"es","@id":"https:\/\/www.ekoenergy.org\/es\/extras\/logo\/#primaryimage","url":"https:\/\/www.ekoenergy.org\/wp-content\/uploads\/Featured-Bottles-with-EKOenergy-logo.jpg","contentUrl":"https:\/\/www.ekoenergy.org\/wp-content\/uploads\/Featured-Bottles-with-EKOenergy-logo.jpg","width":957,"height":636},{"@type":"BreadcrumbList","@id":"https:\/\/www.ekoenergy.org\/es\/extras\/logo\/#breadcrumb","itemListElement":[{"@type":"ListItem","position":1,"name":"Home","item":"https:\/\/www.ekoenergy.org\/es\/"},{"@type":"ListItem","position":2,"name":"Extras","item":"https:\/\/www.ekoenergy.org\/es\/extras\/"},{"@type":"ListItem","position":3,"name":"Nuestro logo en sus comunicaciones"}]},{"@type":"WebSite","@id":"https:\/\/www.ekoenergy.org\/es\/#website","url":"https:\/\/www.ekoenergy.org\/es\/","name":"EKOenergy ecolabel","description":"The global nonprofit ecolabel for renewable energy","publisher":{"@id":"https:\/\/www.ekoenergy.org\/es\/#organization"},"potentialAction":[{"@type":"SearchAction","target":{"@type":"EntryPoint","urlTemplate":"https:\/\/www.ekoenergy.org\/es\/?s={search_term_string}"},"query-input":{"@type":"PropertyValueSpecification","valueRequired":true,"valueName":"search_term_string"}}],"inLanguage":"es"},{"@type":"Organization","@id":"https:\/\/www.ekoenergy.org\/es\/#organization","name":"Not-for-profit Organisation EKOenergy","url":"https:\/\/www.ekoenergy.org\/es\/","logo":{"@type":"ImageObject","inLanguage":"es","@id":"https:\/\/www.ekoenergy.org\/es\/#\/schema\/logo\/image\/","url":"https:\/\/www.ekoenergy.org\/wp-content\/uploads\/logo-EKOenergy-no-text.jpg","contentUrl":"https:\/\/www.ekoenergy.org\/wp-content\/uploads\/logo-EKOenergy-no-text.jpg","width":1600,"height":1600,"caption":"Not-for-profit Organisation EKOenergy"},"image":{"@id":"https:\/\/www.ekoenergy.org\/es\/#\/schema\/logo\/image\/"},"sameAs":["https:\/\/www.facebook.com\/EKOenergy.ecolabel\/","https:\/\/x.com\/EKOenergy_","https:\/\/www.instagram.com\/ekoenergy\/","https:\/\/www.linkedin.com\/company\/ekoenergy-ecolabel\/","https:\/\/www.youtube.com\/EKOenergy-ecolabel","https:\/\/en.wikipedia.org\/wiki\/EKOenergy"]}]}},"uagb_featured_image_src":{"full":["https:\/\/www.ekoenergy.org\/wp-content\/uploads\/Featured-Bottles-with-EKOenergy-logo.jpg",957,636,false],"thumbnail":["https:\/\/www.ekoenergy.org\/wp-content\/uploads\/Featured-Bottles-with-EKOenergy-logo-150x150.jpg",150,150,true],"medium":["https:\/\/www.ekoenergy.org\/wp-content\/uploads\/Featured-Bottles-with-EKOenergy-logo-320x213.jpg",320,213,true],"medium_large":["https:\/\/www.ekoenergy.org\/wp-content\/uploads\/Featured-Bottles-with-EKOenergy-logo-768x510.jpg",768,510,true],"large":["https:\/\/www.ekoenergy.org\/wp-content\/uploads\/Featured-Bottles-with-EKOenergy-logo.jpg",957,636,false],"1536x1536":["https:\/\/www.ekoenergy.org\/wp-content\/uploads\/Featured-Bottles-with-EKOenergy-logo.jpg",957,636,false],"2048x2048":["https:\/\/www.ekoenergy.org\/wp-content\/uploads\/Featured-Bottles-with-EKOenergy-logo.jpg",957,636,false]},"uagb_author_info":{"display_name":"EKOenergy ecolabel","author_link":"https:\/\/www.ekoenergy.org\/es\/author\/ekoenergy\/"},"uagb_comment_info":0,"uagb_excerpt":"Comunicar con el logotipo de EKOenerg\u00eda &#8211; Libro de la marca Aumente su impacto positivo inspirando a otros Forme parte de la transici\u00f3n mundial hacia la energ\u00eda sostenible y renovable: \u00a1convi\u00e9rtase en usuario de EKOenerg\u00eda y corra la voz! Los logos de EKOenerg\u00eda y materiales de comunicaci\u00f3n est\u00e1n disponibles en distintas lenguas. Los vendedores autorizados&hellip;","_links":{"self":[{"href":"https:\/\/www.ekoenergy.org\/es\/wp-json\/wp\/v2\/pages\/3479","targetHints":{"allow":["GET"]}}],"collection":[{"href":"https:\/\/www.ekoenergy.org\/es\/wp-json\/wp\/v2\/pages"}],"about":[{"href":"https:\/\/www.ekoenergy.org\/es\/wp-json\/wp\/v2\/types\/page"}],"author":[{"embeddable":true,"href":"https:\/\/www.ekoenergy.org\/es\/wp-json\/wp\/v2\/users\/17"}],"replies":[{"embeddable":true,"href":"https:\/\/www.ekoenergy.org\/es\/wp-json\/wp\/v2\/comments?post=3479"}],"version-history":[{"count":3,"href":"https:\/\/www.ekoenergy.org\/es\/wp-json\/wp\/v2\/pages\/3479\/revisions"}],"predecessor-version":[{"id":160692,"href":"https:\/\/www.ekoenergy.org\/es\/wp-json\/wp\/v2\/pages\/3479\/revisions\/160692"}],"up":[{"embeddable":true,"href":"https:\/\/www.ekoenergy.org\/es\/wp-json\/wp\/v2\/pages\/2748"}],"wp:featuredmedia":[{"embeddable":true,"href":"https:\/\/www.ekoenergy.org\/es\/wp-json\/wp\/v2\/media\/32581"}],"wp:attachment":[{"href":"https:\/\/www.ekoenergy.org\/es\/wp-json\/wp\/v2\/media?parent=3479"}],"curies":[{"name":"wp","href":"https:\/\/api.w.org\/{rel}","templated":true}]}}