{"id":3610,"date":"2019-12-04T13:53:51","date_gmt":"2019-12-04T13:53:51","guid":{"rendered":"https:\/\/www.ekoenergy.org\/our-results\/freshabit\/"},"modified":"2021-09-21T13:59:19","modified_gmt":"2021-09-21T10:59:19","slug":"freshabit","status":"publish","type":"page","link":"https:\/\/www.ekoenergy.org\/es\/our-results\/freshabit\/","title":{"rendered":"FRESHABIT LIFE para una energ\u00eda hidroel\u00e9ctrica m\u00e1s sostenible"},"content":{"rendered":"\n<h1 class=\"wp-block-heading\">Freshabit LIFE restaura los h\u00e1bitats de agua dulce en Finlandia<\/h1>\n\n\n\n<div class=\"wp-block-image\"><figure class=\"alignright size-large is-resized\"><img decoding=\"async\" src=\"https:\/\/www.ekoenergy.org\/wp-content\/uploads\/FRESHABIT-logo.png\" alt=\"FRESHABIT logo\" class=\"wp-image-13484\" width=\"202\" height=\"178\"\/><\/figure><\/div>\n\n\n\n<p>EKOenerg\u00eda y la Asociaci\u00f3n Finlandesa por la Conservaci\u00f3n de la Naturaleza (FANC, por sus siglas en ingl\u00e9s) participan en el proyecto LIFE de la UE para los h\u00e1bitats de agua dulce en 2016-2022. Mets\u00e4hallitus (el Servicio de Bosques y Parques de Finlandia) coordina este proyecto a gran escala. Otros socios incluyen autoridades estatales y locales, as\u00ed como organizaciones no gubernamentales. El objetivo del proyecto FRESHABIT es mejorar el estado ecol\u00f3gico de los lagos, r\u00edos y arroyos de Finlandia. Los m\u00e9todos utilizados van desde la restauraci\u00f3n de los r\u00edos hasta la educaci\u00f3n e investigaci\u00f3n medioambiental.<\/p>\n\n\n\n<h2 class=\"wp-block-heading\">\u00bfCu\u00e1l es el papel de EKOenerg\u00eda en el proyecto?<\/h2>\n\n\n\n<h3 class=\"wp-block-heading\">Comunicamos sobre el impacto de la energ\u00eda hidroel\u00e9ctrica<\/h3>\n\n\n\n<p>Durante el proyecto, difundimos informaci\u00f3n sobre los impactos de la energ\u00eda hidroel\u00e9ctrica en la naturaleza y sobre las posibilidades de mitigar esos impactos.<\/p>\n\n\n\n<ul class=\"wp-block-list\"><li>Organizamos un seminario sobre pasajes de peces.  Los materiales est\u00e1n disponibles en <a aria-label=\"sll.fi\/kalatieseminaari. (opens in a new tab)\" href=\"https:\/\/www.sll.fi\/mita-me-teemme\/vedet\/freshabit-life-vesistohanke\/tapahtumat-kalatieseminaari\" target=\"_blank\" rel=\"noreferrer noopener\">sll.fi\/kalatieseminaari.<\/a><\/li><li>Creamos una p\u00e1gina web de f\u00e1cil comprensi\u00f3n sobre los impactos de la energ\u00eda hidroel\u00e9ctrica en la naturaleza y como mitigarlos. La mayor parte de la p\u00e1gina web est\u00e1 en finland\u00e9s, pero algunas p\u00e1ginas tambi\u00e9n est\u00e1n disponibles en ingl\u00e9s. V\u00e9ase <a aria-label=\"www.vesivoimanluonto.org (opens in a new tab)\" href=\"https:\/\/www.vesivoimanluonto.org\" target=\"_blank\" rel=\"noreferrer noopener\">www.vesivoimanluonto.org<\/a><\/li><li>Nos reunimos anualmente con decenas de grandes consumidores de energ\u00eda y les animamos a que tengan en cuenta el impacto que su consumo de energ\u00eda tiene en la naturaleza. <\/li><li>Creamos una campa\u00f1a de energ\u00eda hidroel\u00e9ctrica en 2018. <\/li><\/ul>\n\n\n\n<h3 class=\"wp-block-heading\">Actualizamos los criterios de EKOenerg\u00eda para la energ\u00eda hidroel\u00e9ctrica<\/h3>\n\n\n\n<p>Como parte del proyecto Freshabit, hemos actualizado los criterios de energ\u00eda hidroel\u00e9ctrica de EKOenerg\u00eda. Vea la secci\u00f3n de <a href=\"https:\/\/www.ekoenergy.org\/es\/ecolabel\/criteria\/\">criterios de nuestra p\u00e1gina web.<\/a> <\/p>\n\n\n\n<h2 class=\"wp-block-heading\">LIFE?<\/h2>\n\n\n\n<div class=\"wp-block-image\"><figure class=\"alignleft size-large is-resized\"><img decoding=\"async\" src=\"https:\/\/www.ekoenergy.org\/wp-content\/uploads\/Logo_Life_Natura2000.jpg\" alt=\"Logo_Life_Natura2000\" class=\"wp-image-13332\" width=\"127\" height=\"203\"\/><\/figure><\/div>\n\n\n\n<p><em>El programa LIFE es el instrumento de financiaci\u00f3n de la UE para apoyar proyectos medioambientales y de cambio clim\u00e1tico. El componente de naturaleza y biodiversidad de LIFE cofinancia proyectos de mejores pr\u00e1cticas en materia de naturaleza. Se centra en la aplicaci\u00f3n de las directivas europeas sobre aves y h\u00e1bitats y en la gesti\u00f3n de la red Natura 2000. Natura 2000 es la red europea de zonas naturales importantes.<\/em><\/p>\n\n\n\n<p><em>Freshabit LIFE es el mayor proyecto LIFE jam\u00e1s realizado en Finlandia.<\/em><\/p>\n","protected":false},"excerpt":{"rendered":"<p>Freshabit LIFE restaura los h\u00e1bitats de agua dulce en Finlandia EKOenerg\u00eda y la Asociaci\u00f3n Finlandesa por la Conservaci\u00f3n de la Naturaleza (FANC, por sus siglas en ingl\u00e9s) participan en el proyecto LIFE de la UE para los h\u00e1bitats de agua dulce en 2016-2022. Mets\u00e4hallitus (el Servicio de Bosques y Parques de Finlandia) coordina este proyecto [&hellip;]<\/p>\n","protected":false},"author":17,"featured_media":38312,"parent":2795,"menu_order":4,"comment_status":"closed","ping_status":"closed","template":"","meta":{"inline_featured_image":false,"_uag_custom_page_level_css":"","site-sidebar-layout":"default","site-content-layout":"default","ast-site-content-layout":"default","site-content-style":"default","site-sidebar-style":"default","ast-global-header-display":"","ast-banner-title-visibility":"","ast-main-header-display":"","ast-hfb-above-header-display":"","ast-hfb-below-header-display":"","ast-hfb-mobile-header-display":"","site-post-title":"disabled","ast-breadcrumbs-content":"","ast-featured-img":"","footer-sml-layout":"","ast-disable-related-posts":"","theme-transparent-header-meta":"default","adv-header-id-meta":"","stick-header-meta":"default","header-above-stick-meta":"","header-main-stick-meta":"","header-below-stick-meta":"","astra-migrate-meta-layouts":"default","ast-page-background-enabled":"default","ast-page-background-meta":{"desktop":{"background-color":"","background-image":"","background-repeat":"repeat","background-position":"center center","background-size":"auto","background-attachment":"scroll","background-type":"","background-media":"","overlay-type":"","overlay-color":"","overlay-opacity":"","overlay-gradient":""},"tablet":{"background-color":"","background-image":"","background-repeat":"repeat","background-position":"center center","background-size":"auto","background-attachment":"scroll","background-type":"","background-media":"","overlay-type":"","overlay-color":"","overlay-opacity":"","overlay-gradient":""},"mobile":{"background-color":"","background-image":"","background-repeat":"repeat","background-position":"center center","background-size":"auto","background-attachment":"scroll","background-type":"","background-media":"","overlay-type":"","overlay-color":"","overlay-opacity":"","overlay-gradient":""}},"ast-content-background-meta":{"desktop":{"background-color":"var(--ast-global-color-5)","background-image":"","background-repeat":"repeat","background-position":"center center","background-size":"auto","background-attachment":"scroll","background-type":"","background-media":"","overlay-type":"","overlay-color":"","overlay-opacity":"","overlay-gradient":""},"tablet":{"background-color":"var(--ast-global-color-5)","background-image":"","background-repeat":"repeat","background-position":"center center","background-size":"auto","background-attachment":"scroll","background-type":"","background-media":"","overlay-type":"","overlay-color":"","overlay-opacity":"","overlay-gradient":""},"mobile":{"background-color":"var(--ast-global-color-5)","background-image":"","background-repeat":"repeat","background-position":"center center","background-size":"auto","background-attachment":"scroll","background-type":"","background-media":"","overlay-type":"","overlay-color":"","overlay-opacity":"","overlay-gradient":""}},"footnotes":""},"class_list":["post-3610","page","type-page","status-publish","has-post-thumbnail","hentry"],"yoast_head":"<!-- This site is optimized with the Yoast SEO plugin v27.5 - https:\/\/yoast.com\/product\/yoast-seo-wordpress\/ -->\n<title>FRESHABIT LIFE para una energ\u00eda hidroel\u00e9ctrica m\u00e1s sostenible - EKOenergy ecolabel<\/title>\n<meta name=\"description\" content=\"EKOenerg\u00eda y la Asociaci\u00f3n Finlandesa para la Conservaci\u00f3n de la Naturaleza (FANC, por sus siglas en ingl\u00e9s) participan en el proyecto LIFE de la UE para los h\u00e1bitats de agua dulce en 2016-2022.\" \/>\n<meta name=\"robots\" content=\"index, follow, max-snippet:-1, max-image-preview:large, max-video-preview:-1\" \/>\n<link rel=\"canonical\" href=\"https:\/\/www.ekoenergy.org\/es\/our-results\/freshabit\/\" \/>\n<meta property=\"og:locale\" content=\"es_ES\" \/>\n<meta property=\"og:type\" content=\"article\" \/>\n<meta property=\"og:title\" content=\"FRESHABIT LIFE para una energ\u00eda hidroel\u00e9ctrica m\u00e1s sostenible - EKOenergy ecolabel\" \/>\n<meta property=\"og:description\" content=\"EKOenerg\u00eda y la Asociaci\u00f3n Finlandesa para la Conservaci\u00f3n de la Naturaleza (FANC, por sus siglas en ingl\u00e9s) participan en el proyecto LIFE de la UE para los h\u00e1bitats de agua dulce en 2016-2022.\" \/>\n<meta property=\"og:url\" content=\"https:\/\/www.ekoenergy.org\/es\/our-results\/freshabit\/\" \/>\n<meta property=\"og:site_name\" content=\"EKOenergy ecolabel\" \/>\n<meta property=\"article:publisher\" content=\"https:\/\/www.facebook.com\/EKOenergy.ecolabel\/\" \/>\n<meta property=\"article:modified_time\" content=\"2021-09-21T10:59:19+00:00\" \/>\n<meta property=\"og:image\" content=\"https:\/\/www.ekoenergy.org\/wp-content\/uploads\/Featured-Hydropower-Freshabit.jpg\" \/>\n\t<meta property=\"og:image:width\" content=\"700\" \/>\n\t<meta property=\"og:image:height\" content=\"507\" \/>\n\t<meta property=\"og:image:type\" content=\"image\/jpeg\" \/>\n<meta name=\"twitter:card\" content=\"summary_large_image\" \/>\n<meta name=\"twitter:site\" content=\"@EKOenergy_\" \/>\n<meta name=\"twitter:label1\" content=\"Tiempo de lectura\" \/>\n\t<meta name=\"twitter:data1\" content=\"2 minutos\" \/>\n<script type=\"application\/ld+json\" class=\"yoast-schema-graph\">{\"@context\":\"https:\\\/\\\/schema.org\",\"@graph\":[{\"@type\":\"WebPage\",\"@id\":\"https:\\\/\\\/www.ekoenergy.org\\\/es\\\/our-results\\\/freshabit\\\/\",\"url\":\"https:\\\/\\\/www.ekoenergy.org\\\/es\\\/our-results\\\/freshabit\\\/\",\"name\":\"FRESHABIT LIFE para una energ\u00eda hidroel\u00e9ctrica m\u00e1s sostenible - EKOenergy ecolabel\",\"isPartOf\":{\"@id\":\"https:\\\/\\\/www.ekoenergy.org\\\/es\\\/#website\"},\"primaryImageOfPage\":{\"@id\":\"https:\\\/\\\/www.ekoenergy.org\\\/es\\\/our-results\\\/freshabit\\\/#primaryimage\"},\"image\":{\"@id\":\"https:\\\/\\\/www.ekoenergy.org\\\/es\\\/our-results\\\/freshabit\\\/#primaryimage\"},\"thumbnailUrl\":\"https:\\\/\\\/www.ekoenergy.org\\\/wp-content\\\/uploads\\\/post-River-restoration-ekoenergy-team-2019.jpg\",\"datePublished\":\"2019-12-04T13:53:51+00:00\",\"dateModified\":\"2021-09-21T10:59:19+00:00\",\"description\":\"EKOenerg\u00eda y la Asociaci\u00f3n Finlandesa para la Conservaci\u00f3n de la Naturaleza (FANC, por sus siglas en ingl\u00e9s) participan en el proyecto LIFE de la UE para los h\u00e1bitats de agua dulce en 2016-2022.\",\"breadcrumb\":{\"@id\":\"https:\\\/\\\/www.ekoenergy.org\\\/es\\\/our-results\\\/freshabit\\\/#breadcrumb\"},\"inLanguage\":\"es\",\"potentialAction\":[{\"@type\":\"ReadAction\",\"target\":[\"https:\\\/\\\/www.ekoenergy.org\\\/es\\\/our-results\\\/freshabit\\\/\"]}]},{\"@type\":\"ImageObject\",\"inLanguage\":\"es\",\"@id\":\"https:\\\/\\\/www.ekoenergy.org\\\/es\\\/our-results\\\/freshabit\\\/#primaryimage\",\"url\":\"https:\\\/\\\/www.ekoenergy.org\\\/wp-content\\\/uploads\\\/post-River-restoration-ekoenergy-team-2019.jpg\",\"contentUrl\":\"https:\\\/\\\/www.ekoenergy.org\\\/wp-content\\\/uploads\\\/post-River-restoration-ekoenergy-team-2019.jpg\",\"width\":720,\"height\":540},{\"@type\":\"BreadcrumbList\",\"@id\":\"https:\\\/\\\/www.ekoenergy.org\\\/es\\\/our-results\\\/freshabit\\\/#breadcrumb\",\"itemListElement\":[{\"@type\":\"ListItem\",\"position\":1,\"name\":\"Home\",\"item\":\"https:\\\/\\\/www.ekoenergy.org\\\/es\\\/\"},{\"@type\":\"ListItem\",\"position\":2,\"name\":\"Nuestros resultados\",\"item\":\"https:\\\/\\\/www.ekoenergy.org\\\/es\\\/our-results\\\/\"},{\"@type\":\"ListItem\",\"position\":3,\"name\":\"FRESHABIT LIFE para una energ\u00eda hidroel\u00e9ctrica m\u00e1s sostenible\"}]},{\"@type\":\"WebSite\",\"@id\":\"https:\\\/\\\/www.ekoenergy.org\\\/es\\\/#website\",\"url\":\"https:\\\/\\\/www.ekoenergy.org\\\/es\\\/\",\"name\":\"EKOenergy ecolabel\",\"description\":\"The global nonprofit ecolabel for renewable energy\",\"publisher\":{\"@id\":\"https:\\\/\\\/www.ekoenergy.org\\\/es\\\/#organization\"},\"potentialAction\":[{\"@type\":\"SearchAction\",\"target\":{\"@type\":\"EntryPoint\",\"urlTemplate\":\"https:\\\/\\\/www.ekoenergy.org\\\/es\\\/?s={search_term_string}\"},\"query-input\":{\"@type\":\"PropertyValueSpecification\",\"valueRequired\":true,\"valueName\":\"search_term_string\"}}],\"inLanguage\":\"es\"},{\"@type\":\"Organization\",\"@id\":\"https:\\\/\\\/www.ekoenergy.org\\\/es\\\/#organization\",\"name\":\"Not-for-profit Organisation EKOenergy\",\"url\":\"https:\\\/\\\/www.ekoenergy.org\\\/es\\\/\",\"logo\":{\"@type\":\"ImageObject\",\"inLanguage\":\"es\",\"@id\":\"https:\\\/\\\/www.ekoenergy.org\\\/es\\\/#\\\/schema\\\/logo\\\/image\\\/\",\"url\":\"https:\\\/\\\/www.ekoenergy.org\\\/wp-content\\\/uploads\\\/logo-EKOenergy-no-text.jpg\",\"contentUrl\":\"https:\\\/\\\/www.ekoenergy.org\\\/wp-content\\\/uploads\\\/logo-EKOenergy-no-text.jpg\",\"width\":1600,\"height\":1600,\"caption\":\"Not-for-profit Organisation EKOenergy\"},\"image\":{\"@id\":\"https:\\\/\\\/www.ekoenergy.org\\\/es\\\/#\\\/schema\\\/logo\\\/image\\\/\"},\"sameAs\":[\"https:\\\/\\\/www.facebook.com\\\/EKOenergy.ecolabel\\\/\",\"https:\\\/\\\/x.com\\\/EKOenergy_\",\"https:\\\/\\\/www.instagram.com\\\/ekoenergy\\\/\",\"https:\\\/\\\/www.linkedin.com\\\/company\\\/ekoenergy-ecolabel\\\/\",\"https:\\\/\\\/www.youtube.com\\\/EKOenergy-ecolabel\",\"https:\\\/\\\/en.wikipedia.org\\\/wiki\\\/EKOenergy\"]}]}<\/script>\n<!-- \/ Yoast SEO plugin. -->","yoast_head_json":{"title":"FRESHABIT LIFE para una energ\u00eda hidroel\u00e9ctrica m\u00e1s sostenible - EKOenergy ecolabel","description":"EKOenerg\u00eda y la Asociaci\u00f3n Finlandesa para la Conservaci\u00f3n de la Naturaleza (FANC, por sus siglas en ingl\u00e9s) participan en el proyecto LIFE de la UE para los h\u00e1bitats de agua dulce en 2016-2022.","robots":{"index":"index","follow":"follow","max-snippet":"max-snippet:-1","max-image-preview":"max-image-preview:large","max-video-preview":"max-video-preview:-1"},"canonical":"https:\/\/www.ekoenergy.org\/es\/our-results\/freshabit\/","og_locale":"es_ES","og_type":"article","og_title":"FRESHABIT LIFE para una energ\u00eda hidroel\u00e9ctrica m\u00e1s sostenible - EKOenergy ecolabel","og_description":"EKOenerg\u00eda y la Asociaci\u00f3n Finlandesa para la Conservaci\u00f3n de la Naturaleza (FANC, por sus siglas en ingl\u00e9s) participan en el proyecto LIFE de la UE para los h\u00e1bitats de agua dulce en 2016-2022.","og_url":"https:\/\/www.ekoenergy.org\/es\/our-results\/freshabit\/","og_site_name":"EKOenergy ecolabel","article_publisher":"https:\/\/www.facebook.com\/EKOenergy.ecolabel\/","article_modified_time":"2021-09-21T10:59:19+00:00","og_image":[{"width":700,"height":507,"url":"https:\/\/www.ekoenergy.org\/wp-content\/uploads\/Featured-Hydropower-Freshabit.jpg","type":"image\/jpeg"}],"twitter_card":"summary_large_image","twitter_site":"@EKOenergy_","twitter_misc":{"Tiempo de lectura":"2 minutos"},"schema":{"@context":"https:\/\/schema.org","@graph":[{"@type":"WebPage","@id":"https:\/\/www.ekoenergy.org\/es\/our-results\/freshabit\/","url":"https:\/\/www.ekoenergy.org\/es\/our-results\/freshabit\/","name":"FRESHABIT LIFE para una energ\u00eda hidroel\u00e9ctrica m\u00e1s sostenible - EKOenergy ecolabel","isPartOf":{"@id":"https:\/\/www.ekoenergy.org\/es\/#website"},"primaryImageOfPage":{"@id":"https:\/\/www.ekoenergy.org\/es\/our-results\/freshabit\/#primaryimage"},"image":{"@id":"https:\/\/www.ekoenergy.org\/es\/our-results\/freshabit\/#primaryimage"},"thumbnailUrl":"https:\/\/www.ekoenergy.org\/wp-content\/uploads\/post-River-restoration-ekoenergy-team-2019.jpg","datePublished":"2019-12-04T13:53:51+00:00","dateModified":"2021-09-21T10:59:19+00:00","description":"EKOenerg\u00eda y la Asociaci\u00f3n Finlandesa para la Conservaci\u00f3n de la Naturaleza (FANC, por sus siglas en ingl\u00e9s) participan en el proyecto LIFE de la UE para los h\u00e1bitats de agua dulce en 2016-2022.","breadcrumb":{"@id":"https:\/\/www.ekoenergy.org\/es\/our-results\/freshabit\/#breadcrumb"},"inLanguage":"es","potentialAction":[{"@type":"ReadAction","target":["https:\/\/www.ekoenergy.org\/es\/our-results\/freshabit\/"]}]},{"@type":"ImageObject","inLanguage":"es","@id":"https:\/\/www.ekoenergy.org\/es\/our-results\/freshabit\/#primaryimage","url":"https:\/\/www.ekoenergy.org\/wp-content\/uploads\/post-River-restoration-ekoenergy-team-2019.jpg","contentUrl":"https:\/\/www.ekoenergy.org\/wp-content\/uploads\/post-River-restoration-ekoenergy-team-2019.jpg","width":720,"height":540},{"@type":"BreadcrumbList","@id":"https:\/\/www.ekoenergy.org\/es\/our-results\/freshabit\/#breadcrumb","itemListElement":[{"@type":"ListItem","position":1,"name":"Home","item":"https:\/\/www.ekoenergy.org\/es\/"},{"@type":"ListItem","position":2,"name":"Nuestros resultados","item":"https:\/\/www.ekoenergy.org\/es\/our-results\/"},{"@type":"ListItem","position":3,"name":"FRESHABIT LIFE para una energ\u00eda hidroel\u00e9ctrica m\u00e1s sostenible"}]},{"@type":"WebSite","@id":"https:\/\/www.ekoenergy.org\/es\/#website","url":"https:\/\/www.ekoenergy.org\/es\/","name":"EKOenergy ecolabel","description":"The global nonprofit ecolabel for renewable energy","publisher":{"@id":"https:\/\/www.ekoenergy.org\/es\/#organization"},"potentialAction":[{"@type":"SearchAction","target":{"@type":"EntryPoint","urlTemplate":"https:\/\/www.ekoenergy.org\/es\/?s={search_term_string}"},"query-input":{"@type":"PropertyValueSpecification","valueRequired":true,"valueName":"search_term_string"}}],"inLanguage":"es"},{"@type":"Organization","@id":"https:\/\/www.ekoenergy.org\/es\/#organization","name":"Not-for-profit Organisation EKOenergy","url":"https:\/\/www.ekoenergy.org\/es\/","logo":{"@type":"ImageObject","inLanguage":"es","@id":"https:\/\/www.ekoenergy.org\/es\/#\/schema\/logo\/image\/","url":"https:\/\/www.ekoenergy.org\/wp-content\/uploads\/logo-EKOenergy-no-text.jpg","contentUrl":"https:\/\/www.ekoenergy.org\/wp-content\/uploads\/logo-EKOenergy-no-text.jpg","width":1600,"height":1600,"caption":"Not-for-profit Organisation EKOenergy"},"image":{"@id":"https:\/\/www.ekoenergy.org\/es\/#\/schema\/logo\/image\/"},"sameAs":["https:\/\/www.facebook.com\/EKOenergy.ecolabel\/","https:\/\/x.com\/EKOenergy_","https:\/\/www.instagram.com\/ekoenergy\/","https:\/\/www.linkedin.com\/company\/ekoenergy-ecolabel\/","https:\/\/www.youtube.com\/EKOenergy-ecolabel","https:\/\/en.wikipedia.org\/wiki\/EKOenergy"]}]}},"uagb_featured_image_src":{"full":["https:\/\/www.ekoenergy.org\/wp-content\/uploads\/post-River-restoration-ekoenergy-team-2019.jpg",720,540,false],"thumbnail":["https:\/\/www.ekoenergy.org\/wp-content\/uploads\/post-River-restoration-ekoenergy-team-2019-150x150.jpg",150,150,true],"medium":["https:\/\/www.ekoenergy.org\/wp-content\/uploads\/post-River-restoration-ekoenergy-team-2019-320x240.jpg",320,240,true],"medium_large":["https:\/\/www.ekoenergy.org\/wp-content\/uploads\/post-River-restoration-ekoenergy-team-2019.jpg",720,540,false],"large":["https:\/\/www.ekoenergy.org\/wp-content\/uploads\/post-River-restoration-ekoenergy-team-2019.jpg",720,540,false],"1536x1536":["https:\/\/www.ekoenergy.org\/wp-content\/uploads\/post-River-restoration-ekoenergy-team-2019.jpg",720,540,false],"2048x2048":["https:\/\/www.ekoenergy.org\/wp-content\/uploads\/post-River-restoration-ekoenergy-team-2019.jpg",720,540,false]},"uagb_author_info":{"display_name":"EKOenergy ecolabel","author_link":"https:\/\/www.ekoenergy.org\/es\/author\/ekoenergy\/"},"uagb_comment_info":0,"uagb_excerpt":"Freshabit LIFE restaura los h\u00e1bitats de agua dulce en Finlandia EKOenerg\u00eda y la Asociaci\u00f3n Finlandesa por la Conservaci\u00f3n de la Naturaleza (FANC, por sus siglas en ingl\u00e9s) participan en el proyecto LIFE de la UE para los h\u00e1bitats de agua dulce en 2016-2022. Mets\u00e4hallitus (el Servicio de Bosques y Parques de Finlandia) coordina este proyecto&hellip;","_links":{"self":[{"href":"https:\/\/www.ekoenergy.org\/es\/wp-json\/wp\/v2\/pages\/3610","targetHints":{"allow":["GET"]}}],"collection":[{"href":"https:\/\/www.ekoenergy.org\/es\/wp-json\/wp\/v2\/pages"}],"about":[{"href":"https:\/\/www.ekoenergy.org\/es\/wp-json\/wp\/v2\/types\/page"}],"author":[{"embeddable":true,"href":"https:\/\/www.ekoenergy.org\/es\/wp-json\/wp\/v2\/users\/17"}],"replies":[{"embeddable":true,"href":"https:\/\/www.ekoenergy.org\/es\/wp-json\/wp\/v2\/comments?post=3610"}],"version-history":[{"count":3,"href":"https:\/\/www.ekoenergy.org\/es\/wp-json\/wp\/v2\/pages\/3610\/revisions"}],"predecessor-version":[{"id":103985,"href":"https:\/\/www.ekoenergy.org\/es\/wp-json\/wp\/v2\/pages\/3610\/revisions\/103985"}],"up":[{"embeddable":true,"href":"https:\/\/www.ekoenergy.org\/es\/wp-json\/wp\/v2\/pages\/2795"}],"wp:featuredmedia":[{"embeddable":true,"href":"https:\/\/www.ekoenergy.org\/es\/wp-json\/wp\/v2\/media\/38312"}],"wp:attachment":[{"href":"https:\/\/www.ekoenergy.org\/es\/wp-json\/wp\/v2\/media?parent=3610"}],"curies":[{"name":"wp","href":"https:\/\/api.w.org\/{rel}","templated":true}]}}