{"id":2524,"date":"2019-12-04T13:23:54","date_gmt":"2019-12-04T13:23:54","guid":{"rendered":"https:\/\/www.ekoenergy.org\/about-us\/"},"modified":"2023-12-11T13:00:18","modified_gmt":"2023-12-11T11:00:18","slug":"about-us","status":"publish","type":"page","link":"https:\/\/www.ekoenergy.org\/et\/about-us\/","title":{"rendered":"Meist"},"content":{"rendered":"\n<h1 class=\"wp-block-heading\">Meie \u00f6kom\u00e4rgis<\/h1>\n\n\n\n<p>EKOenergia on energia \u00f6kom\u00e4rgis. \u00d6kom\u00e4rgise eesm\u00e4rk on abistada tarbijaid keerukal energiaturul orienteerumises. Pole \u00fcllatav, et EKOenergiana saab m\u00fc\u00fca vaid energiat taastuvatest energiaallikatest.  Kuid EKOenergia on rohkem kui vaid taastuvelekter. See t\u00e4idab t\u00e4iendavad  j\u00e4tkusuutlikkuse n\u00f5uded, mille on paika pannud EKOenergia v\u00f5rgustik ja osa energia hinnast investeeritakse uutesse taastuvenergia  projektidesse.<\/p>\n\n\n\n<p>EKOenergia m\u00e4rgis on ainus elektrim\u00e4rgis, mis on v\u00e4lja t\u00f6\u00f6tatud rahvusvahelise konsultatsiooni tulemusel, see t\u00f6\u00f6tab rahvusvahelise turu  jaoks ning on laialt tunnustatud.<\/p>\n\n\n\n<h2 class=\"wp-block-heading\">The nonprofit ecolabel<\/h2>\n\n\n\n<figure class=\"wp-block-embed is-type-video is-provider-youtube wp-block-embed-youtube alignright wp-embed-aspect-16-9 wp-has-aspect-ratio\"><div class=\"wp-block-embed__wrapper\">\n<iframe title=\"EKOenergy: the renewable energy ecolabel\" width=\"500\" height=\"281\" src=\"https:\/\/www.youtube.com\/embed\/h0_1__2Qg1M?feature=oembed\" frameborder=\"0\" allow=\"accelerometer; autoplay; clipboard-write; encrypted-media; gyroscope; picture-in-picture; web-share\" referrerpolicy=\"strict-origin-when-cross-origin\" allowfullscreen><\/iframe>\n<\/div><figcaption class=\"wp-element-caption\"><em>Watch our <a rel=\"noreferrer noopener\" href=\"https:\/\/www.youtube.com\/watch?v=h0_1__2Qg1M\" target=\"_blank\">intro to EKOenergy video here<\/a><\/em>. <\/figcaption><\/figure>\n\n\n\n<p>EKOenergy is an international not-for-profit ecolabel for energy (renewable electricity and renewable gas). <\/p>\n\n\n\n<p>In addition to being renewable, the energy sold with the EKOenergy label fulfils additional <a rel=\"noreferrer noopener\" aria-label=\" (opens in a new tab)\" href=\"https:\/\/www.ekoenergy.org\/ecolabel\/\" target=\"_blank\">sustainability criteria<\/a> and finances <a href=\"https:\/\/www.ekoenergy.org\/our-results\/climate-fund\/\">projects that combat energy poverty<\/a>. This way, the EKOenergy ecolabel brings additionality to renewable energy certificates such as Guarantees of Origin (GOs), RECs and I-RECs.<\/p>\n\n\n\n<p><a rel=\"noreferrer noopener\" href=\"https:\/\/ghgprotocol.org\/\" target=\"_blank\">The Greenhouse Gas Protocol<\/a>, LEED for green buildings, and <a rel=\"noreferrer noopener\" href=\"https:\/\/www.cdp.net\/en\" target=\"_blank\">CDP<\/a> describe the EKOenergy ecolabel as a good solution for consumers that want to be more sustainable.<\/p>\n\n\n\n<p>If you\u2019d like to <a href=\"https:\/\/www.ekoenergy.org\/buying-ekoenergy\/\">buy EKOenergy-labelled electricity<\/a> or <a href=\"https:\/\/www.ekoenergy.org\/ecolabel\/how-to-sell-ekoenergy\/\">sell EKOenergy-labelled renewables<\/a>, please <a href=\"https:\/\/www.ekoenergy.org\/about-us\/contact-us\/\">get in contact<\/a>.<\/p>\n\n\n\n<h3 class=\"wp-block-heading\">Our ecolabel is easy to use<\/h3>\n\n\n\n<p>We have licensed sellers around the world, making it easy to buy EKOenergy wherever you are. EKOenergy can be used for your home or for your company. If you\u2019d like to <a href=\"https:\/\/www.ekoenergy.org\/buying-ekoenergy\/\">buy EKOenergy-labelled electricity<\/a> or <a href=\"https:\/\/www.ekoenergy.org\/ecolabel\/how-to-sell-ekoenergy\/\">sell EKOenergy-labelled renewables<\/a>, please <a href=\"https:\/\/www.ekoenergy.org\/about-us\/contact-us\/\">get in contact<\/a>.<\/p>\n\n\n\n<h3 class=\"wp-block-heading\">Our ecolabel is a communication tool<\/h3>\n\n\n\n<figure class=\"wp-block-image alignleft size-medium\"><img fetchpriority=\"high\" decoding=\"async\" width=\"320\" height=\"179\" src=\"https:\/\/www.ekoenergy.org\/wp-content\/uploads\/\/EKOenergy-labelled-electricity-sticker-320x179.png\" alt=\"\" class=\"wp-image-123393\" srcset=\"https:\/\/www.ekoenergy.org\/wp-content\/uploads\/EKOenergy-labelled-electricity-sticker-320x179.png 320w, https:\/\/www.ekoenergy.org\/wp-content\/uploads\/EKOenergy-labelled-electricity-sticker-1024x572.png 1024w, https:\/\/www.ekoenergy.org\/wp-content\/uploads\/EKOenergy-labelled-electricity-sticker-768x429.png 768w, https:\/\/www.ekoenergy.org\/wp-content\/uploads\/EKOenergy-labelled-electricity-sticker-1536x858.png 1536w, https:\/\/www.ekoenergy.org\/wp-content\/uploads\/EKOenergy-labelled-electricity-sticker.png 1768w\" sizes=\"(max-width: 320px) 100vw, 320px\" \/><\/figure>\n\n\n\n<p>The EKOenergy label is an <a href=\"https:\/\/www.ekoenergy.org\/why-buy\/other-standards\/\">internationally recognised communication tool<\/a>. By using our logo, individuals and companies demonstrate their commitment to renewable energy and encourage others to do the same. This helps speed up the transition to a 100% renewable world. Users of EKOenergy-labelled energy can use the logo in their publications, on their buildings, and on products made with EKOenergy.<\/p>\n\n\n\n<p><a href=\"https:\/\/www.ekoenergy.org\/about-us\/contact-us\/\">Our international team<\/a> can answer your questions in many languages, and our materials are available in over 20 languages.<\/p>\n\n\n\n<h3 class=\"wp-block-heading\">Awards and nominations&nbsp;<\/h3>\n\n\n\n<figure class=\"wp-block-image alignright size-medium\"><img decoding=\"async\" width=\"320\" height=\"214\" src=\"https:\/\/www.ekoenergy.org\/wp-content\/uploads\/\/European-Citizens-Award-Ceremony-2021-320x214.jpg\" alt=\"\" class=\"wp-image-123670\" srcset=\"https:\/\/www.ekoenergy.org\/wp-content\/uploads\/European-Citizens-Award-Ceremony-2021-320x214.jpg 320w, https:\/\/www.ekoenergy.org\/wp-content\/uploads\/European-Citizens-Award-Ceremony-2021-1024x684.jpg 1024w, https:\/\/www.ekoenergy.org\/wp-content\/uploads\/European-Citizens-Award-Ceremony-2021-768x513.jpg 768w, https:\/\/www.ekoenergy.org\/wp-content\/uploads\/European-Citizens-Award-Ceremony-2021-1536x1026.jpg 1536w, https:\/\/www.ekoenergy.org\/wp-content\/uploads\/European-Citizens-Award-Ceremony-2021.jpg 1794w\" sizes=\"(max-width: 320px) 100vw, 320px\" \/><\/figure>\n\n\n\n<ul class=\"wp-block-list\">\n<li>EU Sustainable Energy (EUSEW) Award 2021, Merve G\u00fcng\u00f6r was a finalist for the Young Energy Trailblazer category for her work at EKOenergy.<\/li>\n\n\n\n<li>European Citizen\u2019s Prize 2020, awarded by the European Parliament in March 2021.<\/li>\n\n\n\n<li>Nordic Council Environment Award 2019 nomination.<\/li>\n\n\n\n<li>EU Sustainable Energy (EUSEW) Award 2018, finalist in the Young Energy Leaders&nbsp;category.<\/li>\n\n\n\n<li>EKOenergy was one of the winning projects selected as part of the \u201c100 projects for the climate\u201d initiative of the French Ministry of the Environment, Energy, and Sea in 2017.<\/li>\n\n\n\n<li>\u2018Taten f\u00fcr Morgen\u2019 award by the German Council for Sustainable Development. EKOenergy was one of the \u201cSustainability Projects 2017\u201d (Project Nachhaltigkeit), a renowned distinction for projects contributing to the Sustainable Development Goals.<\/li>\n\n\n\n<li>Good100 PremaGyan Award 2016 at GoodFestival in Switzerland.<\/li>\n<\/ul>\n\n\n\n<h2 class=\"wp-block-heading\">International cooperation<\/h2>\n\n\n\n<p>The EKOenergy ecolabel is an initiative of the Finnish Association for Nature Conservation and is supported by other environmental NGOs.&nbsp;<\/p>\n\n\n\n<p>We participate in the activities of and cooperate with many other organisations, including:<\/p>\n\n\n\n<ul class=\"wp-block-list\">\n<li><a href=\"https:\/\/climatenetwork.org\/#:~:text=Climate%20Action%20Network%20(CAN)%20is,achieve%20social%20and%20racial%20justice.\" target=\"_blank\" rel=\"noreferrer noopener\">Climate Action Network International (CAN Intl)<\/a><\/li>\n\n\n\n<li><a href=\"https:\/\/caneurope.org\/\" target=\"_blank\" rel=\"noreferrer noopener\">Climate Action Network (CAN) Europe<\/a><\/li>\n\n\n\n<li><a href=\"https:\/\/coalition.irena.org\/\" target=\"_blank\" rel=\"noreferrer noopener\">IRENA Coalition for Action<\/a><\/li>\n\n\n\n<li><a href=\"https:\/\/resource-platform.eu\/\" target=\"_blank\" rel=\"noreferrer noopener\">The RE-Source Platform<\/a><\/li>\n\n\n\n<li><a href=\"https:\/\/recs.org\/\" target=\"_blank\" rel=\"noreferrer noopener\">RECS Energy Certificate Association<\/a><\/li>\n\n\n\n<li><a href=\"https:\/\/eeb.org\/\" target=\"_blank\" rel=\"noreferrer noopener\">European Environmental Bureau (EEB)<\/a><\/li>\n<\/ul>\n","protected":false},"excerpt":{"rendered":"<p>Meie \u00f6kom\u00e4rgis EKOenergia on energia \u00f6kom\u00e4rgis. \u00d6kom\u00e4rgise eesm\u00e4rk on abistada tarbijaid keerukal energiaturul orienteerumises. Pole \u00fcllatav, et EKOenergiana saab m\u00fc\u00fca vaid energiat taastuvatest energiaallikatest. Kuid EKOenergia on rohkem kui vaid taastuvelekter. See t\u00e4idab t\u00e4iendavad j\u00e4tkusuutlikkuse n\u00f5uded, mille on paika pannud EKOenergia v\u00f5rgustik ja osa energia hinnast investeeritakse uutesse taastuvenergia projektidesse. EKOenergia m\u00e4rgis on ainus elektrim\u00e4rgis, [&hellip;]<\/p>\n","protected":false},"author":17,"featured_media":28113,"parent":0,"menu_order":0,"comment_status":"closed","ping_status":"closed","template":"","meta":{"inline_featured_image":false,"_uag_custom_page_level_css":"","site-sidebar-layout":"default","site-content-layout":"default","ast-site-content-layout":"default","site-content-style":"default","site-sidebar-style":"default","ast-global-header-display":"","ast-banner-title-visibility":"","ast-main-header-display":"","ast-hfb-above-header-display":"","ast-hfb-below-header-display":"","ast-hfb-mobile-header-display":"","site-post-title":"disabled","ast-breadcrumbs-content":"","ast-featured-img":"","footer-sml-layout":"","ast-disable-related-posts":"","theme-transparent-header-meta":"default","adv-header-id-meta":"","stick-header-meta":"default","header-above-stick-meta":"","header-main-stick-meta":"","header-below-stick-meta":"","astra-migrate-meta-layouts":"default","ast-page-background-enabled":"default","ast-page-background-meta":{"desktop":{"background-color":"","background-image":"","background-repeat":"repeat","background-position":"center center","background-size":"auto","background-attachment":"scroll","background-type":"","background-media":"","overlay-type":"","overlay-color":"","overlay-opacity":"","overlay-gradient":""},"tablet":{"background-color":"","background-image":"","background-repeat":"repeat","background-position":"center center","background-size":"auto","background-attachment":"scroll","background-type":"","background-media":"","overlay-type":"","overlay-color":"","overlay-opacity":"","overlay-gradient":""},"mobile":{"background-color":"","background-image":"","background-repeat":"repeat","background-position":"center center","background-size":"auto","background-attachment":"scroll","background-type":"","background-media":"","overlay-type":"","overlay-color":"","overlay-opacity":"","overlay-gradient":""}},"ast-content-background-meta":{"desktop":{"background-color":"var(--ast-global-color-5)","background-image":"","background-repeat":"repeat","background-position":"center center","background-size":"auto","background-attachment":"scroll","background-type":"","background-media":"","overlay-type":"","overlay-color":"","overlay-opacity":"","overlay-gradient":""},"tablet":{"background-color":"var(--ast-global-color-5)","background-image":"","background-repeat":"repeat","background-position":"center center","background-size":"auto","background-attachment":"scroll","background-type":"","background-media":"","overlay-type":"","overlay-color":"","overlay-opacity":"","overlay-gradient":""},"mobile":{"background-color":"var(--ast-global-color-5)","background-image":"","background-repeat":"repeat","background-position":"center center","background-size":"auto","background-attachment":"scroll","background-type":"","background-media":"","overlay-type":"","overlay-color":"","overlay-opacity":"","overlay-gradient":""}},"footnotes":""},"class_list":["post-2524","page","type-page","status-publish","has-post-thumbnail","hentry"],"yoast_head":"<!-- This site is optimized with the Yoast SEO plugin v27.5 - https:\/\/yoast.com\/product\/yoast-seo-wordpress\/ -->\n<title>About us- EKOenergy ecolabel<\/title>\n<meta name=\"description\" content=\"EKOenergy is an internationally recognised, nonprofit ecolabel for renewable electricity, gas, and heat. EKOenergy is 100% sustainable energy.\" \/>\n<meta name=\"robots\" content=\"index, follow, max-snippet:-1, max-image-preview:large, max-video-preview:-1\" \/>\n<link rel=\"canonical\" href=\"https:\/\/www.ekoenergy.org\/et\/about-us\/\" \/>\n<meta property=\"og:locale\" content=\"et_EE\" \/>\n<meta property=\"og:type\" content=\"article\" \/>\n<meta property=\"og:title\" content=\"About us- EKOenergy ecolabel\" \/>\n<meta property=\"og:description\" content=\"EKOenergy is an internationally recognised, nonprofit ecolabel for renewable electricity, gas, and heat. EKOenergy is 100% sustainable energy.\" \/>\n<meta property=\"og:url\" content=\"https:\/\/www.ekoenergy.org\/et\/about-us\/\" \/>\n<meta property=\"og:site_name\" content=\"EKOenergy ecolabel\" \/>\n<meta property=\"article:publisher\" content=\"https:\/\/www.facebook.com\/EKOenergy.ecolabel\/\" \/>\n<meta property=\"article:modified_time\" content=\"2023-12-11T11:00:18+00:00\" \/>\n<meta property=\"og:image\" content=\"https:\/\/www.ekoenergy.org\/wp-content\/uploads\/Featured-Chocolate-Made-With-EKOenergy.jpg\" \/>\n\t<meta property=\"og:image:width\" content=\"1197\" \/>\n\t<meta property=\"og:image:height\" content=\"600\" \/>\n\t<meta property=\"og:image:type\" content=\"image\/jpeg\" \/>\n<meta name=\"twitter:card\" content=\"summary_large_image\" \/>\n<meta name=\"twitter:site\" content=\"@EKOenergy_\" \/>\n<meta name=\"twitter:label1\" content=\"Est. reading time\" \/>\n\t<meta name=\"twitter:data1\" content=\"3 minutit\" \/>\n<script type=\"application\/ld+json\" class=\"yoast-schema-graph\">{\"@context\":\"https:\\\/\\\/schema.org\",\"@graph\":[{\"@type\":\"WebPage\",\"@id\":\"https:\\\/\\\/www.ekoenergy.org\\\/et\\\/about-us\\\/\",\"url\":\"https:\\\/\\\/www.ekoenergy.org\\\/et\\\/about-us\\\/\",\"name\":\"About us- EKOenergy ecolabel\",\"isPartOf\":{\"@id\":\"https:\\\/\\\/www.ekoenergy.org\\\/et\\\/#website\"},\"primaryImageOfPage\":{\"@id\":\"https:\\\/\\\/www.ekoenergy.org\\\/et\\\/about-us\\\/#primaryimage\"},\"image\":{\"@id\":\"https:\\\/\\\/www.ekoenergy.org\\\/et\\\/about-us\\\/#primaryimage\"},\"thumbnailUrl\":\"https:\\\/\\\/www.ekoenergy.org\\\/wp-content\\\/uploads\\\/Featured-Chocolate-Made-With-EKOenergy.jpg\",\"datePublished\":\"2019-12-04T13:23:54+00:00\",\"dateModified\":\"2023-12-11T11:00:18+00:00\",\"description\":\"EKOenergy is an internationally recognised, nonprofit ecolabel for renewable electricity, gas, and heat. EKOenergy is 100% sustainable energy.\",\"breadcrumb\":{\"@id\":\"https:\\\/\\\/www.ekoenergy.org\\\/et\\\/about-us\\\/#breadcrumb\"},\"inLanguage\":\"et\",\"potentialAction\":[{\"@type\":\"ReadAction\",\"target\":[\"https:\\\/\\\/www.ekoenergy.org\\\/et\\\/about-us\\\/\"]}]},{\"@type\":\"ImageObject\",\"inLanguage\":\"et\",\"@id\":\"https:\\\/\\\/www.ekoenergy.org\\\/et\\\/about-us\\\/#primaryimage\",\"url\":\"https:\\\/\\\/www.ekoenergy.org\\\/wp-content\\\/uploads\\\/Featured-Chocolate-Made-With-EKOenergy.jpg\",\"contentUrl\":\"https:\\\/\\\/www.ekoenergy.org\\\/wp-content\\\/uploads\\\/Featured-Chocolate-Made-With-EKOenergy.jpg\",\"width\":1197,\"height\":600},{\"@type\":\"BreadcrumbList\",\"@id\":\"https:\\\/\\\/www.ekoenergy.org\\\/et\\\/about-us\\\/#breadcrumb\",\"itemListElement\":[{\"@type\":\"ListItem\",\"position\":1,\"name\":\"Home\",\"item\":\"https:\\\/\\\/www.ekoenergy.org\\\/et\\\/\"},{\"@type\":\"ListItem\",\"position\":2,\"name\":\"Meist\"}]},{\"@type\":\"WebSite\",\"@id\":\"https:\\\/\\\/www.ekoenergy.org\\\/et\\\/#website\",\"url\":\"https:\\\/\\\/www.ekoenergy.org\\\/et\\\/\",\"name\":\"EKOenergy ecolabel\",\"description\":\"The global nonprofit ecolabel for renewable energy\",\"publisher\":{\"@id\":\"https:\\\/\\\/www.ekoenergy.org\\\/et\\\/#organization\"},\"potentialAction\":[{\"@type\":\"SearchAction\",\"target\":{\"@type\":\"EntryPoint\",\"urlTemplate\":\"https:\\\/\\\/www.ekoenergy.org\\\/et\\\/?s={search_term_string}\"},\"query-input\":{\"@type\":\"PropertyValueSpecification\",\"valueRequired\":true,\"valueName\":\"search_term_string\"}}],\"inLanguage\":\"et\"},{\"@type\":\"Organization\",\"@id\":\"https:\\\/\\\/www.ekoenergy.org\\\/et\\\/#organization\",\"name\":\"Not-for-profit Organisation EKOenergy\",\"url\":\"https:\\\/\\\/www.ekoenergy.org\\\/et\\\/\",\"logo\":{\"@type\":\"ImageObject\",\"inLanguage\":\"et\",\"@id\":\"https:\\\/\\\/www.ekoenergy.org\\\/et\\\/#\\\/schema\\\/logo\\\/image\\\/\",\"url\":\"https:\\\/\\\/www.ekoenergy.org\\\/wp-content\\\/uploads\\\/logo-EKOenergy-no-text.jpg\",\"contentUrl\":\"https:\\\/\\\/www.ekoenergy.org\\\/wp-content\\\/uploads\\\/logo-EKOenergy-no-text.jpg\",\"width\":1600,\"height\":1600,\"caption\":\"Not-for-profit Organisation EKOenergy\"},\"image\":{\"@id\":\"https:\\\/\\\/www.ekoenergy.org\\\/et\\\/#\\\/schema\\\/logo\\\/image\\\/\"},\"sameAs\":[\"https:\\\/\\\/www.facebook.com\\\/EKOenergy.ecolabel\\\/\",\"https:\\\/\\\/x.com\\\/EKOenergy_\",\"https:\\\/\\\/www.instagram.com\\\/ekoenergy\\\/\",\"https:\\\/\\\/www.linkedin.com\\\/company\\\/ekoenergy-ecolabel\\\/\",\"https:\\\/\\\/www.youtube.com\\\/EKOenergy-ecolabel\",\"https:\\\/\\\/en.wikipedia.org\\\/wiki\\\/EKOenergy\"]}]}<\/script>\n<!-- \/ Yoast SEO plugin. -->","yoast_head_json":{"title":"About us- EKOenergy ecolabel","description":"EKOenergy is an internationally recognised, nonprofit ecolabel for renewable electricity, gas, and heat. EKOenergy is 100% sustainable energy.","robots":{"index":"index","follow":"follow","max-snippet":"max-snippet:-1","max-image-preview":"max-image-preview:large","max-video-preview":"max-video-preview:-1"},"canonical":"https:\/\/www.ekoenergy.org\/et\/about-us\/","og_locale":"et_EE","og_type":"article","og_title":"About us- EKOenergy ecolabel","og_description":"EKOenergy is an internationally recognised, nonprofit ecolabel for renewable electricity, gas, and heat. EKOenergy is 100% sustainable energy.","og_url":"https:\/\/www.ekoenergy.org\/et\/about-us\/","og_site_name":"EKOenergy ecolabel","article_publisher":"https:\/\/www.facebook.com\/EKOenergy.ecolabel\/","article_modified_time":"2023-12-11T11:00:18+00:00","og_image":[{"width":1197,"height":600,"url":"https:\/\/www.ekoenergy.org\/wp-content\/uploads\/Featured-Chocolate-Made-With-EKOenergy.jpg","type":"image\/jpeg"}],"twitter_card":"summary_large_image","twitter_site":"@EKOenergy_","twitter_misc":{"Est. reading time":"3 minutit"},"schema":{"@context":"https:\/\/schema.org","@graph":[{"@type":"WebPage","@id":"https:\/\/www.ekoenergy.org\/et\/about-us\/","url":"https:\/\/www.ekoenergy.org\/et\/about-us\/","name":"About us- EKOenergy ecolabel","isPartOf":{"@id":"https:\/\/www.ekoenergy.org\/et\/#website"},"primaryImageOfPage":{"@id":"https:\/\/www.ekoenergy.org\/et\/about-us\/#primaryimage"},"image":{"@id":"https:\/\/www.ekoenergy.org\/et\/about-us\/#primaryimage"},"thumbnailUrl":"https:\/\/www.ekoenergy.org\/wp-content\/uploads\/Featured-Chocolate-Made-With-EKOenergy.jpg","datePublished":"2019-12-04T13:23:54+00:00","dateModified":"2023-12-11T11:00:18+00:00","description":"EKOenergy is an internationally recognised, nonprofit ecolabel for renewable electricity, gas, and heat. EKOenergy is 100% sustainable energy.","breadcrumb":{"@id":"https:\/\/www.ekoenergy.org\/et\/about-us\/#breadcrumb"},"inLanguage":"et","potentialAction":[{"@type":"ReadAction","target":["https:\/\/www.ekoenergy.org\/et\/about-us\/"]}]},{"@type":"ImageObject","inLanguage":"et","@id":"https:\/\/www.ekoenergy.org\/et\/about-us\/#primaryimage","url":"https:\/\/www.ekoenergy.org\/wp-content\/uploads\/Featured-Chocolate-Made-With-EKOenergy.jpg","contentUrl":"https:\/\/www.ekoenergy.org\/wp-content\/uploads\/Featured-Chocolate-Made-With-EKOenergy.jpg","width":1197,"height":600},{"@type":"BreadcrumbList","@id":"https:\/\/www.ekoenergy.org\/et\/about-us\/#breadcrumb","itemListElement":[{"@type":"ListItem","position":1,"name":"Home","item":"https:\/\/www.ekoenergy.org\/et\/"},{"@type":"ListItem","position":2,"name":"Meist"}]},{"@type":"WebSite","@id":"https:\/\/www.ekoenergy.org\/et\/#website","url":"https:\/\/www.ekoenergy.org\/et\/","name":"EKOenergy ecolabel","description":"The global nonprofit ecolabel for renewable energy","publisher":{"@id":"https:\/\/www.ekoenergy.org\/et\/#organization"},"potentialAction":[{"@type":"SearchAction","target":{"@type":"EntryPoint","urlTemplate":"https:\/\/www.ekoenergy.org\/et\/?s={search_term_string}"},"query-input":{"@type":"PropertyValueSpecification","valueRequired":true,"valueName":"search_term_string"}}],"inLanguage":"et"},{"@type":"Organization","@id":"https:\/\/www.ekoenergy.org\/et\/#organization","name":"Not-for-profit Organisation EKOenergy","url":"https:\/\/www.ekoenergy.org\/et\/","logo":{"@type":"ImageObject","inLanguage":"et","@id":"https:\/\/www.ekoenergy.org\/et\/#\/schema\/logo\/image\/","url":"https:\/\/www.ekoenergy.org\/wp-content\/uploads\/logo-EKOenergy-no-text.jpg","contentUrl":"https:\/\/www.ekoenergy.org\/wp-content\/uploads\/logo-EKOenergy-no-text.jpg","width":1600,"height":1600,"caption":"Not-for-profit Organisation EKOenergy"},"image":{"@id":"https:\/\/www.ekoenergy.org\/et\/#\/schema\/logo\/image\/"},"sameAs":["https:\/\/www.facebook.com\/EKOenergy.ecolabel\/","https:\/\/x.com\/EKOenergy_","https:\/\/www.instagram.com\/ekoenergy\/","https:\/\/www.linkedin.com\/company\/ekoenergy-ecolabel\/","https:\/\/www.youtube.com\/EKOenergy-ecolabel","https:\/\/en.wikipedia.org\/wiki\/EKOenergy"]}]}},"uagb_featured_image_src":{"full":["https:\/\/www.ekoenergy.org\/wp-content\/uploads\/Featured-Chocolate-Made-With-EKOenergy.jpg",1197,600,false],"thumbnail":["https:\/\/www.ekoenergy.org\/wp-content\/uploads\/Featured-Chocolate-Made-With-EKOenergy-150x150.jpg",150,150,true],"medium":["https:\/\/www.ekoenergy.org\/wp-content\/uploads\/Featured-Chocolate-Made-With-EKOenergy-320x160.jpg",320,160,true],"medium_large":["https:\/\/www.ekoenergy.org\/wp-content\/uploads\/Featured-Chocolate-Made-With-EKOenergy-768x385.jpg",768,385,true],"large":["https:\/\/www.ekoenergy.org\/wp-content\/uploads\/Featured-Chocolate-Made-With-EKOenergy-1024x513.jpg",1024,513,true],"1536x1536":["https:\/\/www.ekoenergy.org\/wp-content\/uploads\/Featured-Chocolate-Made-With-EKOenergy.jpg",1197,600,false],"2048x2048":["https:\/\/www.ekoenergy.org\/wp-content\/uploads\/Featured-Chocolate-Made-With-EKOenergy.jpg",1197,600,false]},"uagb_author_info":{"display_name":"EKOenergy ecolabel","author_link":"https:\/\/www.ekoenergy.org\/et\/author\/ekoenergy\/"},"uagb_comment_info":0,"uagb_excerpt":"Meie \u00f6kom\u00e4rgis EKOenergia on energia \u00f6kom\u00e4rgis. \u00d6kom\u00e4rgise eesm\u00e4rk on abistada tarbijaid keerukal energiaturul orienteerumises. Pole \u00fcllatav, et EKOenergiana saab m\u00fc\u00fca vaid energiat taastuvatest energiaallikatest. Kuid EKOenergia on rohkem kui vaid taastuvelekter. See t\u00e4idab t\u00e4iendavad j\u00e4tkusuutlikkuse n\u00f5uded, mille on paika pannud EKOenergia v\u00f5rgustik ja osa energia hinnast investeeritakse uutesse taastuvenergia projektidesse. EKOenergia m\u00e4rgis on ainus elektrim\u00e4rgis,&hellip;","_links":{"self":[{"href":"https:\/\/www.ekoenergy.org\/et\/wp-json\/wp\/v2\/pages\/2524","targetHints":{"allow":["GET"]}}],"collection":[{"href":"https:\/\/www.ekoenergy.org\/et\/wp-json\/wp\/v2\/pages"}],"about":[{"href":"https:\/\/www.ekoenergy.org\/et\/wp-json\/wp\/v2\/types\/page"}],"author":[{"embeddable":true,"href":"https:\/\/www.ekoenergy.org\/et\/wp-json\/wp\/v2\/users\/17"}],"replies":[{"embeddable":true,"href":"https:\/\/www.ekoenergy.org\/et\/wp-json\/wp\/v2\/comments?post=2524"}],"version-history":[{"count":3,"href":"https:\/\/www.ekoenergy.org\/et\/wp-json\/wp\/v2\/pages\/2524\/revisions"}],"predecessor-version":[{"id":155384,"href":"https:\/\/www.ekoenergy.org\/et\/wp-json\/wp\/v2\/pages\/2524\/revisions\/155384"}],"wp:featuredmedia":[{"embeddable":true,"href":"https:\/\/www.ekoenergy.org\/et\/wp-json\/wp\/v2\/media\/28113"}],"wp:attachment":[{"href":"https:\/\/www.ekoenergy.org\/et\/wp-json\/wp\/v2\/media?parent=2524"}],"curies":[{"name":"wp","href":"https:\/\/api.w.org\/{rel}","templated":true}]}}