{"id":3008,"date":"2019-12-04T13:44:34","date_gmt":"2019-12-04T13:44:34","guid":{"rendered":"https:\/\/www.ekoenergy.org\/why-buy\/carbon-footprinting\/"},"modified":"2022-09-28T17:37:38","modified_gmt":"2022-09-28T14:37:38","slug":"carbon-footprinting","status":"publish","type":"page","link":"https:\/\/www.ekoenergy.org\/et\/why-buy\/carbon-footprinting\/","title":{"rendered":"EKOenergy and carbon accounting"},"content":{"rendered":"\n<h1 class=\"wp-block-heading\">EKOenergy and carbon accounting<\/h1>\n\n\n\n<p>EKOenergy-labelled energy fulfils the conditions required for CDP reporting and is compatible with other reporting standards such as the Greenhouse Gas Protocol. See how these reporting initiatives refer to EKOenergy in the paragraphs hereafter. You can also find our summary of the Greenhouse Gas Protocol Scope 2 Guidance below.<\/p>\n\n\n\n<p>When communicating about EKOenergy use, carbon footprint shouldn\u2019t be the main focus, the other additional benefits and impacts that EKOenergy brings can be highlighted instead. Read more about the positive impact of EKOenergy on the <a href=\"https:\/\/www.ekoenergy.org\/buying-ekoenergy\/large-consumers\/\">EKOenergy for your company<\/a> webpage, or check out the <a href=\"https:\/\/www.ekoenergy.org\/wp-content\/uploads\/EKOenergy_Brand_book_english.pdf\" target=\"_blank\" rel=\"noreferrer noopener\">EKOenergy brand book<\/a> to learn more about how EKOenergy users can communicate about their choice.<\/p>\n\n\n\n<h2 class=\"wp-block-heading\">CDP<\/h2>\n\n\n\n<p><a rel=\"noreferrer noopener\" href=\"https:\/\/www.cdp.net\/\" target=\"_blank\">CDP<\/a> works with 6000 of the largest companies in the world. The organisation helps businesses calculate their carbon emissions and encourages them to develop effective carbon emission reduction strategies.<\/p>\n\n\n\n<p>On page 15 and 16 of its <a rel=\"noreferrer noopener\" aria-label=\" (opens in a new tab)\" href=\"https:\/\/www.ekoenergy.org\/wp-content\/uploads\/CDP-Accounting-of-Scope-2-Emissions_2017.pdf\" target=\"_blank\">technical notes for accounting of scope 2 emissions<\/a> (i.e. emissions related to the production of purchased electricity and heat), CDP explains how companies can do more:<\/p>\n\n\n\n<p>&#8220;<em>Ecolabels are a way for companies to do more with their purchases. The GHG Protocol Scope 2 Guidance mentions the EKOenergy label as an option, as it is a mark of quality which comes on top of tracking  certificates. Electricity sold with the EKOenergy label fulfils strict environmental criteria and raises funds for new renewable energy projects. Involvement, transparency, and \u2018deeds not words\u2019 are important principles of EKOenergy\u2019s work.<\/em>&#8220;<\/p>\n\n\n\n<h2 class=\"wp-block-heading\">Greenhouse Gas Protocol Scope 2 Guidance<\/h2>\n\n\n\n<figure class=\"wp-block-image alignright size-large\"><img fetchpriority=\"high\" decoding=\"async\" width=\"300\" height=\"280\" src=\"https:\/\/www.ekoenergy.org\/wp-content\/uploads\/Greenhouse_Gas_Protocol_logo.jpg\" alt=\"Greenhouse_Gas_Protocol_logo\" class=\"wp-image-11207\"\/><\/figure>\n\n\n\n<p>The <a href=\"https:\/\/ghgprotocol.org\/\" target=\"_blank\" rel=\"noreferrer noopener\">Greenhouse Gas Protocol<\/a> is a worldwide standard for carbon accounting. It is a joint product of the <a href=\"https:\/\/www.wri.org\/\" target=\"_blank\" rel=\"noreferrer noopener\">World Resources Institute<\/a> and the <a href=\"https:\/\/www.wbcsd.org\" target=\"_blank\" rel=\"noreferrer noopener\">World Business Council for Sustainable Development<\/a>.<\/p>\n\n\n\n<p>In January 2015, the Secretariat of the Greenhouse Gas Protocol published a Guidance on how to account for the carbon emissions of purchased&nbsp;electricity and heat. In \u2018carbon footprint terminology\u2019 these emissions are known as scope 2 emissions. Hence the name of the document: The Scope 2 Guidance.<\/p>\n\n\n\n<p>The Guidance refers to EKOenergy several times. Chapter 11, which encourages companies to go one step further, refers to EKOenergy\u2019s <a href=\"https:\/\/www.ekoenergy.org\/our-results\/climate-fund\/\">Climate Fund<\/a>.<\/p>\n\n\n\n<h3 class=\"wp-block-heading\">Summary of the Scope 2 Guidance<\/h3>\n\n\n\n<p>Our summary of the Greenhouse Gas Protocol Scope 2 Guidance is available in many languages. The document also contains a glossary.<\/p>\n\n\n\n<ul class=\"wp-block-list\"><li>CN \u2013 <a rel=\"noreferrer noopener\" aria-label=\" (opens in a new tab)\" href=\"https:\/\/www.ekoenergy.org\/wp-content\/uploads\/Summary_GHGprotocol_Scope2_Chinese.pdf\" target=\"_blank\">\u5916\u8d2d\u7535\u529b\u6e29\u5ba4\u6c14\u4f53\u6392\u653e\u7684\u7533\u62a5<\/a><\/li><li>CS \u2013 <a rel=\"noreferrer noopener\" aria-label=\" (opens in a new tab)\" href=\"https:\/\/www.ekoenergy.org\/wp-content\/uploads\/Summary_GHGprotocol_Scope2_Czech.pdf\" target=\"_blank\">Vykazov\u00e1n\u00ed emis\u00ed sklen\u00edkov\u00fdch plyn\u016f, kter\u00e9 jsou zp\u016fsobeny n\u00e1kupem elekt\u0159iny<\/a><\/li><li>DE \u2013 <a rel=\"noreferrer noopener\" aria-label=\" (opens in a new tab)\" href=\"https:\/\/www.ekoenergy.org\/wp-content\/uploads\/Summary_GHGprotocol_Scope2_German.pdf\" target=\"_blank\">Erstellen eines Klimabilanzberichts \u00fcber die durch gekauften Strom verursachten Treibhausgasemissionen<\/a><\/li><li>EN \u2013 <a rel=\"noreferrer noopener\" aria-label=\" (opens in a new tab)\" href=\"https:\/\/www.ekoenergy.org\/wp-content\/uploads\/Summary_GHGprotocol_Scope2.pdf\" target=\"_blank\">Reporting greenhouse gas emissions caused by purchased electricity<\/a><\/li><li>ES \u2013 <a rel=\"noreferrer noopener\" aria-label=\" (opens in a new tab)\" href=\"https:\/\/www.ekoenergy.org\/wp-content\/uploads\/Summary_GHGprotocol_Scope2_Spanish.pdf\" target=\"_blank\">Contabilidad de Gases de Efecto Invernadero producidos por la compra de electricidad<\/a><\/li><li>FI \u2013 <a rel=\"noreferrer noopener\" aria-label=\" (opens in a new tab)\" href=\"https:\/\/www.ekoenergy.org\/wp-content\/uploads\/Summary_GHGprotocol_Scope2_Finnish.pdf\" target=\"_blank\">Energiankulutuksesta aiheutuvien kasvihuonekaasup\u00e4\u00e4st\u00f6jen raportointi<\/a><\/li><li>FR \u2013 <a rel=\"noreferrer noopener\" aria-label=\" (opens in a new tab)\" href=\"https:\/\/www.ekoenergy.org\/wp-content\/uploads\/Summary_GHGprotocol_Scope2_French.pdf\" target=\"_blank\">Suivi et d\u00e9claration des \u00e9missions de gaz \u00e0 effet serre caus\u00e9es par l\u2019achat d\u2019\u00e9lectricit\u00e9<\/a><\/li><li>HU \u2013 <a rel=\"noreferrer noopener\" aria-label=\" (opens in a new tab)\" href=\"https:\/\/www.ekoenergy.org\/wp-content\/uploads\/Summary_GHGprotocol_Scope2_Hungarian.pdf\" target=\"_blank\">A v\u00e1s\u00e1rolt villamos energia okozta \u00fcvegh\u00e1zhat\u00e1s\u00fa g\u00e1z kibocs\u00e1t\u00e1s\u00e1nak elsz\u00e1mol\u00e1sa<\/a><\/li><li>IS \u2013 <a rel=\"noreferrer noopener\" aria-label=\" (opens in a new tab)\" href=\"https:\/\/www.ekoenergy.org\/wp-content\/uploads\/Summary_GHGProtocol_Scope2_Icelandic.pdf\" target=\"_blank\">Sk\u00fdrslugj\u00f6f um losun gr\u00f3\u00f0urh\u00fasaloftegunda af v\u00f6ldum a\u00f0keyptrar raforku<\/a><\/li><li>IT \u2013 <a rel=\"noreferrer noopener\" aria-label=\" (opens in a new tab)\" href=\"https:\/\/www.ekoenergy.org\/wp-content\/uploads\/Summary_GHGprotocol_Scope2_Italian.pdf\" target=\"_blank\">Report sulle emissioni di gas serra derivanti dal consumo di elettricit\u00e0<\/a><\/li><li>JP \u2013 <a rel=\"noreferrer noopener\" aria-label=\" (opens in a new tab)\" href=\"https:\/\/www.ekoenergy.org\/wp-content\/uploads\/Summary_GHGprotocol_Scope2_Japanese.pdf\" target=\"_blank\">\u96fb\u529b\u8cfc\u5165\u306b\u3088\u308a\u751f\u3058\u308b\u6e29\u5ba4\u52b9\u679c\u30ac\u30b9\u6392\u51fa\u306e\u5831\u544a\u306b\u3064\u3044\u3066<\/a><\/li><li>LV \u2013 <a rel=\"noreferrer noopener\" aria-label=\" (opens in a new tab)\" href=\"https:\/\/www.ekoenergy.org\/wp-content\/uploads\/Summary_GHGprotocol_Scope2_Latvian.pdf\" target=\"_blank\">Zi\u0146o\u0161ana par siltumn\u012bcefekta g\u0101zu izme\u0161iem, kurus rada iepirkt\u0101 elektroener\u0123ija<\/a><\/li><li>NL \u2013 <a rel=\"noreferrer noopener\" aria-label=\" (opens in a new tab)\" href=\"https:\/\/www.ekoenergy.org\/wp-content\/uploads\/Summary_GHGProtocol_Scope2_Dutch.pdf\" target=\"_blank\">Rapportage van broeikasgasemissies veroorzaakt door gekochte elektriciteit<\/a><\/li><li>PL \u2013 <a rel=\"noreferrer noopener\" aria-label=\" (opens in a new tab)\" href=\"https:\/\/www.ekoenergy.org\/wp-content\/uploads\/Summary_GHGprotocol_Scope2_Polish.pdf\" target=\"_blank\">Raportowanie emisji gaz\u00f3w cieplarnianych wynikaj\u0105cych z zakupu energii elektrycznej <\/a><\/li><li>PT \u2013 <a rel=\"noreferrer noopener\" aria-label=\" (opens in a new tab)\" href=\"https:\/\/www.ekoenergy.org\/wp-content\/uploads\/Summary_GHGprotocol_Scope2_Portuguese.pdf\" target=\"_blank\">Comunicar as emiss\u00f5es de gases com efeito de estufa provenientes da aquisi\u00e7\u00e3o de eletricidade<\/a><\/li><li>RU \u2013 <a rel=\"noreferrer noopener\" aria-label=\" (opens in a new tab)\" href=\"https:\/\/www.ekoenergy.org\/wp-content\/uploads\/Summary_GHGprotocol_Scope2_Russian.pdf\" target=\"_blank\">\u041e\u0442\u0447\u0435\u0442\u043d\u043e\u0441\u0442\u044c \u043e \u0432\u044b\u0431\u0440\u043e\u0441\u0430\u0445 \u043f\u0430\u0440\u043d\u0438\u043a\u043e\u0432\u043e\u0433\u043e \u0433\u0430\u0437\u0430, \u043f\u0440\u0438\u0447\u0438\u043d\u0435\u043d\u043d\u044b\u0445 \u043f\u043e\u043a\u0443\u043f\u043d\u044b\u043c \u044d\u043b\u0435\u043a\u0442\u0440\u0438\u0447\u0435\u0441\u0442\u0432\u043e\u043c <\/a><\/li><li>SQ \u2013 <a rel=\"noreferrer noopener\" href=\"https:\/\/www.ekoenergy.org\/wp-content\/uploads\/2014\/12\/Summary_GHGprotocol_Scope2_Albanian.pdf\" target=\"_blank\">Rapor<\/a><a rel=\"noreferrer noopener\" aria-label=\"t (opens in a new tab)\" href=\"https:\/\/www.ekoenergy.org\/wp-content\/uploads\/Summary_GHGprotocol_Scope2_Albanian.pdf\" target=\"_blank\">t<\/a><a href=\"https:\/\/www.ekoenergy.org\/wp-content\/uploads\/Summary_GHGprotocol_Scope2_Albanian.pdf\" target=\"_blank\" rel=\"noreferrer noopener\" aria-label=\" (opens in a new tab)\">imi i emitimit te gazit serr\u00eb t\u00eb shkaktuara nga blerja e energjis\u00eb elektrike<\/a><\/li><li>SV \u2013 <a rel=\"noreferrer noopener\" aria-label=\" (opens in a new tab)\" href=\"https:\/\/www.ekoenergy.org\/wp-content\/uploads\/Summary_GHGprotocol_Scope2_Swedish.pdf\" target=\"_blank\">Rapportering av v\u00e4xthusgasutsl\u00e4pp orsakade vid k\u00f6p av elektricitet<\/a><\/li><li>TR \u2013 <a rel=\"noreferrer noopener\" aria-label=\" (opens in a new tab)\" href=\"https:\/\/www.ekoenergy.org\/wp-content\/uploads\/Summary_GHGprotocol_Scope2_Turkish.pdf\" target=\"_blank\">Sat\u0131n al\u0131nan elektri\u011fin sebep oldu\u011fu sera gaz\u0131 emisyonlar\u0131n\u0131n raporlanmas\u0131<\/a><\/li><\/ul>\n","protected":false},"excerpt":{"rendered":"<p>EKOenergy and carbon accounting EKOenergy-labelled energy fulfils the conditions required for CDP reporting and is compatible with other reporting standards such as the Greenhouse Gas Protocol. See how these reporting initiatives refer to EKOenergy in the paragraphs hereafter. You can also find our summary of the Greenhouse Gas Protocol Scope 2 Guidance below. When communicating [&hellip;]<\/p>\n","protected":false},"author":17,"featured_media":29604,"parent":2645,"menu_order":2,"comment_status":"closed","ping_status":"closed","template":"","meta":{"inline_featured_image":false,"_uag_custom_page_level_css":"","site-sidebar-layout":"default","site-content-layout":"default","ast-site-content-layout":"default","site-content-style":"default","site-sidebar-style":"default","ast-global-header-display":"","ast-banner-title-visibility":"","ast-main-header-display":"","ast-hfb-above-header-display":"","ast-hfb-below-header-display":"","ast-hfb-mobile-header-display":"","site-post-title":"disabled","ast-breadcrumbs-content":"","ast-featured-img":"","footer-sml-layout":"","ast-disable-related-posts":"","theme-transparent-header-meta":"default","adv-header-id-meta":"","stick-header-meta":"default","header-above-stick-meta":"","header-main-stick-meta":"","header-below-stick-meta":"","astra-migrate-meta-layouts":"default","ast-page-background-enabled":"default","ast-page-background-meta":{"desktop":{"background-color":"","background-image":"","background-repeat":"repeat","background-position":"center center","background-size":"auto","background-attachment":"scroll","background-type":"","background-media":"","overlay-type":"","overlay-color":"","overlay-opacity":"","overlay-gradient":""},"tablet":{"background-color":"","background-image":"","background-repeat":"repeat","background-position":"center center","background-size":"auto","background-attachment":"scroll","background-type":"","background-media":"","overlay-type":"","overlay-color":"","overlay-opacity":"","overlay-gradient":""},"mobile":{"background-color":"","background-image":"","background-repeat":"repeat","background-position":"center center","background-size":"auto","background-attachment":"scroll","background-type":"","background-media":"","overlay-type":"","overlay-color":"","overlay-opacity":"","overlay-gradient":""}},"ast-content-background-meta":{"desktop":{"background-color":"var(--ast-global-color-5)","background-image":"","background-repeat":"repeat","background-position":"center center","background-size":"auto","background-attachment":"scroll","background-type":"","background-media":"","overlay-type":"","overlay-color":"","overlay-opacity":"","overlay-gradient":""},"tablet":{"background-color":"var(--ast-global-color-5)","background-image":"","background-repeat":"repeat","background-position":"center center","background-size":"auto","background-attachment":"scroll","background-type":"","background-media":"","overlay-type":"","overlay-color":"","overlay-opacity":"","overlay-gradient":""},"mobile":{"background-color":"var(--ast-global-color-5)","background-image":"","background-repeat":"repeat","background-position":"center center","background-size":"auto","background-attachment":"scroll","background-type":"","background-media":"","overlay-type":"","overlay-color":"","overlay-opacity":"","overlay-gradient":""}},"footnotes":""},"class_list":["post-3008","page","type-page","status-publish","has-post-thumbnail","hentry"],"yoast_head":"<!-- This site is optimized with the Yoast SEO plugin v27.3 - https:\/\/yoast.com\/product\/yoast-seo-wordpress\/ -->\n<title>EKOenergy and carbon accounting - EKOenergy ecolabel<\/title>\n<meta name=\"description\" content=\"EKOenergy-labelled energy fulfils the conditions required for CDP reporting as well as the requirements of the GHG Protocol.\" \/>\n<meta name=\"robots\" content=\"index, follow, max-snippet:-1, max-image-preview:large, max-video-preview:-1\" \/>\n<link rel=\"canonical\" href=\"https:\/\/www.ekoenergy.org\/et\/why-buy\/carbon-footprinting\/\" \/>\n<meta property=\"og:locale\" content=\"et_EE\" \/>\n<meta property=\"og:type\" content=\"article\" \/>\n<meta property=\"og:title\" content=\"EKOenergy and carbon accounting - EKOenergy ecolabel\" \/>\n<meta property=\"og:description\" content=\"EKOenergy-labelled energy fulfils the conditions required for CDP reporting as well as the requirements of the GHG Protocol.\" \/>\n<meta property=\"og:url\" content=\"https:\/\/www.ekoenergy.org\/et\/why-buy\/carbon-footprinting\/\" \/>\n<meta property=\"og:site_name\" content=\"EKOenergy ecolabel\" \/>\n<meta property=\"article:publisher\" content=\"https:\/\/www.facebook.com\/EKOenergy.ecolabel\/\" \/>\n<meta property=\"article:modified_time\" content=\"2022-09-28T14:37:38+00:00\" \/>\n<meta property=\"og:image\" content=\"https:\/\/www.ekoenergy.org\/wp-content\/uploads\/Featured-EKOenergy-Footprint.jpg\" \/>\n\t<meta property=\"og:image:width\" content=\"1080\" \/>\n\t<meta property=\"og:image:height\" content=\"698\" \/>\n\t<meta property=\"og:image:type\" content=\"image\/jpeg\" \/>\n<meta name=\"twitter:card\" content=\"summary_large_image\" \/>\n<meta name=\"twitter:site\" content=\"@EKOenergy_\" \/>\n<meta name=\"twitter:label1\" content=\"Est. reading time\" \/>\n\t<meta name=\"twitter:data1\" content=\"3 minutit\" \/>\n<script type=\"application\/ld+json\" class=\"yoast-schema-graph\">{\"@context\":\"https:\\\/\\\/schema.org\",\"@graph\":[{\"@type\":\"WebPage\",\"@id\":\"https:\\\/\\\/www.ekoenergy.org\\\/et\\\/why-buy\\\/carbon-footprinting\\\/\",\"url\":\"https:\\\/\\\/www.ekoenergy.org\\\/et\\\/why-buy\\\/carbon-footprinting\\\/\",\"name\":\"EKOenergy and carbon accounting - EKOenergy ecolabel\",\"isPartOf\":{\"@id\":\"https:\\\/\\\/www.ekoenergy.org\\\/et\\\/#website\"},\"primaryImageOfPage\":{\"@id\":\"https:\\\/\\\/www.ekoenergy.org\\\/et\\\/why-buy\\\/carbon-footprinting\\\/#primaryimage\"},\"image\":{\"@id\":\"https:\\\/\\\/www.ekoenergy.org\\\/et\\\/why-buy\\\/carbon-footprinting\\\/#primaryimage\"},\"thumbnailUrl\":\"https:\\\/\\\/www.ekoenergy.org\\\/wp-content\\\/uploads\\\/Featured-EKOenergy-Footprint.jpg\",\"datePublished\":\"2019-12-04T13:44:34+00:00\",\"dateModified\":\"2022-09-28T14:37:38+00:00\",\"description\":\"EKOenergy-labelled energy fulfils the conditions required for CDP reporting as well as the requirements of the GHG Protocol.\",\"breadcrumb\":{\"@id\":\"https:\\\/\\\/www.ekoenergy.org\\\/et\\\/why-buy\\\/carbon-footprinting\\\/#breadcrumb\"},\"inLanguage\":\"et\",\"potentialAction\":[{\"@type\":\"ReadAction\",\"target\":[\"https:\\\/\\\/www.ekoenergy.org\\\/et\\\/why-buy\\\/carbon-footprinting\\\/\"]}]},{\"@type\":\"ImageObject\",\"inLanguage\":\"et\",\"@id\":\"https:\\\/\\\/www.ekoenergy.org\\\/et\\\/why-buy\\\/carbon-footprinting\\\/#primaryimage\",\"url\":\"https:\\\/\\\/www.ekoenergy.org\\\/wp-content\\\/uploads\\\/Featured-EKOenergy-Footprint.jpg\",\"contentUrl\":\"https:\\\/\\\/www.ekoenergy.org\\\/wp-content\\\/uploads\\\/Featured-EKOenergy-Footprint.jpg\",\"width\":1080,\"height\":698},{\"@type\":\"BreadcrumbList\",\"@id\":\"https:\\\/\\\/www.ekoenergy.org\\\/et\\\/why-buy\\\/carbon-footprinting\\\/#breadcrumb\",\"itemListElement\":[{\"@type\":\"ListItem\",\"position\":1,\"name\":\"Home\",\"item\":\"https:\\\/\\\/www.ekoenergy.org\\\/et\\\/\"},{\"@type\":\"ListItem\",\"position\":2,\"name\":\"Why choose EKOenergy?\",\"item\":\"https:\\\/\\\/www.ekoenergy.org\\\/et\\\/why-buy\\\/\"},{\"@type\":\"ListItem\",\"position\":3,\"name\":\"EKOenergy and carbon accounting\"}]},{\"@type\":\"WebSite\",\"@id\":\"https:\\\/\\\/www.ekoenergy.org\\\/et\\\/#website\",\"url\":\"https:\\\/\\\/www.ekoenergy.org\\\/et\\\/\",\"name\":\"EKOenergy ecolabel\",\"description\":\"The global nonprofit ecolabel for renewable energy\",\"publisher\":{\"@id\":\"https:\\\/\\\/www.ekoenergy.org\\\/et\\\/#organization\"},\"potentialAction\":[{\"@type\":\"SearchAction\",\"target\":{\"@type\":\"EntryPoint\",\"urlTemplate\":\"https:\\\/\\\/www.ekoenergy.org\\\/et\\\/?s={search_term_string}\"},\"query-input\":{\"@type\":\"PropertyValueSpecification\",\"valueRequired\":true,\"valueName\":\"search_term_string\"}}],\"inLanguage\":\"et\"},{\"@type\":\"Organization\",\"@id\":\"https:\\\/\\\/www.ekoenergy.org\\\/et\\\/#organization\",\"name\":\"Not-for-profit Organisation EKOenergy\",\"url\":\"https:\\\/\\\/www.ekoenergy.org\\\/et\\\/\",\"logo\":{\"@type\":\"ImageObject\",\"inLanguage\":\"et\",\"@id\":\"https:\\\/\\\/www.ekoenergy.org\\\/et\\\/#\\\/schema\\\/logo\\\/image\\\/\",\"url\":\"https:\\\/\\\/www.ekoenergy.org\\\/wp-content\\\/uploads\\\/logo-EKOenergy-no-text.jpg\",\"contentUrl\":\"https:\\\/\\\/www.ekoenergy.org\\\/wp-content\\\/uploads\\\/logo-EKOenergy-no-text.jpg\",\"width\":1600,\"height\":1600,\"caption\":\"Not-for-profit Organisation EKOenergy\"},\"image\":{\"@id\":\"https:\\\/\\\/www.ekoenergy.org\\\/et\\\/#\\\/schema\\\/logo\\\/image\\\/\"},\"sameAs\":[\"https:\\\/\\\/www.facebook.com\\\/EKOenergy.ecolabel\\\/\",\"https:\\\/\\\/x.com\\\/EKOenergy_\",\"https:\\\/\\\/www.instagram.com\\\/ekoenergy\\\/\",\"https:\\\/\\\/www.linkedin.com\\\/company\\\/ekoenergy-ecolabel\\\/\",\"https:\\\/\\\/www.youtube.com\\\/EKOenergy-ecolabel\",\"https:\\\/\\\/en.wikipedia.org\\\/wiki\\\/EKOenergy\"]}]}<\/script>\n<!-- \/ Yoast SEO plugin. -->","yoast_head_json":{"title":"EKOenergy and carbon accounting - EKOenergy ecolabel","description":"EKOenergy-labelled energy fulfils the conditions required for CDP reporting as well as the requirements of the GHG Protocol.","robots":{"index":"index","follow":"follow","max-snippet":"max-snippet:-1","max-image-preview":"max-image-preview:large","max-video-preview":"max-video-preview:-1"},"canonical":"https:\/\/www.ekoenergy.org\/et\/why-buy\/carbon-footprinting\/","og_locale":"et_EE","og_type":"article","og_title":"EKOenergy and carbon accounting - EKOenergy ecolabel","og_description":"EKOenergy-labelled energy fulfils the conditions required for CDP reporting as well as the requirements of the GHG Protocol.","og_url":"https:\/\/www.ekoenergy.org\/et\/why-buy\/carbon-footprinting\/","og_site_name":"EKOenergy ecolabel","article_publisher":"https:\/\/www.facebook.com\/EKOenergy.ecolabel\/","article_modified_time":"2022-09-28T14:37:38+00:00","og_image":[{"width":1080,"height":698,"url":"https:\/\/www.ekoenergy.org\/wp-content\/uploads\/Featured-EKOenergy-Footprint.jpg","type":"image\/jpeg"}],"twitter_card":"summary_large_image","twitter_site":"@EKOenergy_","twitter_misc":{"Est. reading time":"3 minutit"},"schema":{"@context":"https:\/\/schema.org","@graph":[{"@type":"WebPage","@id":"https:\/\/www.ekoenergy.org\/et\/why-buy\/carbon-footprinting\/","url":"https:\/\/www.ekoenergy.org\/et\/why-buy\/carbon-footprinting\/","name":"EKOenergy and carbon accounting - EKOenergy ecolabel","isPartOf":{"@id":"https:\/\/www.ekoenergy.org\/et\/#website"},"primaryImageOfPage":{"@id":"https:\/\/www.ekoenergy.org\/et\/why-buy\/carbon-footprinting\/#primaryimage"},"image":{"@id":"https:\/\/www.ekoenergy.org\/et\/why-buy\/carbon-footprinting\/#primaryimage"},"thumbnailUrl":"https:\/\/www.ekoenergy.org\/wp-content\/uploads\/Featured-EKOenergy-Footprint.jpg","datePublished":"2019-12-04T13:44:34+00:00","dateModified":"2022-09-28T14:37:38+00:00","description":"EKOenergy-labelled energy fulfils the conditions required for CDP reporting as well as the requirements of the GHG Protocol.","breadcrumb":{"@id":"https:\/\/www.ekoenergy.org\/et\/why-buy\/carbon-footprinting\/#breadcrumb"},"inLanguage":"et","potentialAction":[{"@type":"ReadAction","target":["https:\/\/www.ekoenergy.org\/et\/why-buy\/carbon-footprinting\/"]}]},{"@type":"ImageObject","inLanguage":"et","@id":"https:\/\/www.ekoenergy.org\/et\/why-buy\/carbon-footprinting\/#primaryimage","url":"https:\/\/www.ekoenergy.org\/wp-content\/uploads\/Featured-EKOenergy-Footprint.jpg","contentUrl":"https:\/\/www.ekoenergy.org\/wp-content\/uploads\/Featured-EKOenergy-Footprint.jpg","width":1080,"height":698},{"@type":"BreadcrumbList","@id":"https:\/\/www.ekoenergy.org\/et\/why-buy\/carbon-footprinting\/#breadcrumb","itemListElement":[{"@type":"ListItem","position":1,"name":"Home","item":"https:\/\/www.ekoenergy.org\/et\/"},{"@type":"ListItem","position":2,"name":"Why choose EKOenergy?","item":"https:\/\/www.ekoenergy.org\/et\/why-buy\/"},{"@type":"ListItem","position":3,"name":"EKOenergy and carbon accounting"}]},{"@type":"WebSite","@id":"https:\/\/www.ekoenergy.org\/et\/#website","url":"https:\/\/www.ekoenergy.org\/et\/","name":"EKOenergy ecolabel","description":"The global nonprofit ecolabel for renewable energy","publisher":{"@id":"https:\/\/www.ekoenergy.org\/et\/#organization"},"potentialAction":[{"@type":"SearchAction","target":{"@type":"EntryPoint","urlTemplate":"https:\/\/www.ekoenergy.org\/et\/?s={search_term_string}"},"query-input":{"@type":"PropertyValueSpecification","valueRequired":true,"valueName":"search_term_string"}}],"inLanguage":"et"},{"@type":"Organization","@id":"https:\/\/www.ekoenergy.org\/et\/#organization","name":"Not-for-profit Organisation EKOenergy","url":"https:\/\/www.ekoenergy.org\/et\/","logo":{"@type":"ImageObject","inLanguage":"et","@id":"https:\/\/www.ekoenergy.org\/et\/#\/schema\/logo\/image\/","url":"https:\/\/www.ekoenergy.org\/wp-content\/uploads\/logo-EKOenergy-no-text.jpg","contentUrl":"https:\/\/www.ekoenergy.org\/wp-content\/uploads\/logo-EKOenergy-no-text.jpg","width":1600,"height":1600,"caption":"Not-for-profit Organisation EKOenergy"},"image":{"@id":"https:\/\/www.ekoenergy.org\/et\/#\/schema\/logo\/image\/"},"sameAs":["https:\/\/www.facebook.com\/EKOenergy.ecolabel\/","https:\/\/x.com\/EKOenergy_","https:\/\/www.instagram.com\/ekoenergy\/","https:\/\/www.linkedin.com\/company\/ekoenergy-ecolabel\/","https:\/\/www.youtube.com\/EKOenergy-ecolabel","https:\/\/en.wikipedia.org\/wiki\/EKOenergy"]}]}},"uagb_featured_image_src":{"full":["https:\/\/www.ekoenergy.org\/wp-content\/uploads\/Featured-EKOenergy-Footprint.jpg",1080,698,false],"thumbnail":["https:\/\/www.ekoenergy.org\/wp-content\/uploads\/Featured-EKOenergy-Footprint-150x150.jpg",150,150,true],"medium":["https:\/\/www.ekoenergy.org\/wp-content\/uploads\/Featured-EKOenergy-Footprint-320x207.jpg",320,207,true],"medium_large":["https:\/\/www.ekoenergy.org\/wp-content\/uploads\/Featured-EKOenergy-Footprint-768x496.jpg",768,496,true],"large":["https:\/\/www.ekoenergy.org\/wp-content\/uploads\/Featured-EKOenergy-Footprint-1024x662.jpg",1024,662,true],"1536x1536":["https:\/\/www.ekoenergy.org\/wp-content\/uploads\/Featured-EKOenergy-Footprint.jpg",1080,698,false],"2048x2048":["https:\/\/www.ekoenergy.org\/wp-content\/uploads\/Featured-EKOenergy-Footprint.jpg",1080,698,false]},"uagb_author_info":{"display_name":"EKOenergy ecolabel","author_link":"https:\/\/www.ekoenergy.org\/et\/author\/ekoenergy\/"},"uagb_comment_info":0,"uagb_excerpt":"EKOenergy and carbon accounting EKOenergy-labelled energy fulfils the conditions required for CDP reporting and is compatible with other reporting standards such as the Greenhouse Gas Protocol. See how these reporting initiatives refer to EKOenergy in the paragraphs hereafter. You can also find our summary of the Greenhouse Gas Protocol Scope 2 Guidance below. When communicating&hellip;","_links":{"self":[{"href":"https:\/\/www.ekoenergy.org\/et\/wp-json\/wp\/v2\/pages\/3008","targetHints":{"allow":["GET"]}}],"collection":[{"href":"https:\/\/www.ekoenergy.org\/et\/wp-json\/wp\/v2\/pages"}],"about":[{"href":"https:\/\/www.ekoenergy.org\/et\/wp-json\/wp\/v2\/types\/page"}],"author":[{"embeddable":true,"href":"https:\/\/www.ekoenergy.org\/et\/wp-json\/wp\/v2\/users\/17"}],"replies":[{"embeddable":true,"href":"https:\/\/www.ekoenergy.org\/et\/wp-json\/wp\/v2\/comments?post=3008"}],"version-history":[{"count":3,"href":"https:\/\/www.ekoenergy.org\/et\/wp-json\/wp\/v2\/pages\/3008\/revisions"}],"predecessor-version":[{"id":128393,"href":"https:\/\/www.ekoenergy.org\/et\/wp-json\/wp\/v2\/pages\/3008\/revisions\/128393"}],"up":[{"embeddable":true,"href":"https:\/\/www.ekoenergy.org\/et\/wp-json\/wp\/v2\/pages\/2645"}],"wp:featuredmedia":[{"embeddable":true,"href":"https:\/\/www.ekoenergy.org\/et\/wp-json\/wp\/v2\/media\/29604"}],"wp:attachment":[{"href":"https:\/\/www.ekoenergy.org\/et\/wp-json\/wp\/v2\/media?parent=3008"}],"curies":[{"name":"wp","href":"https:\/\/api.w.org\/{rel}","templated":true}]}}