{"id":2525,"date":"2019-12-04T13:23:54","date_gmt":"2019-12-04T13:23:54","guid":{"rendered":"https:\/\/www.ekoenergy.org\/about-us\/"},"modified":"2023-12-11T13:01:12","modified_gmt":"2023-12-11T11:01:12","slug":"about-us","status":"publish","type":"page","link":"https:\/\/www.ekoenergy.org\/fi\/about-us\/","title":{"rendered":"Tietoa meist\u00e4"},"content":{"rendered":"\n<h1 class=\"wp-block-heading\">Tietoa meist\u00e4<\/h1>\n\n\n\n<h2 class=\"wp-block-heading\">Voittoa tavoittelematon ymp\u00e4rist\u00f6merkki<\/h2>\n\n\n\n<figure class=\"wp-block-embed alignright is-type-video is-provider-youtube wp-block-embed-youtube wp-embed-aspect-16-9 wp-has-aspect-ratio\"><div class=\"wp-block-embed__wrapper\">\n<iframe title=\"EKOenergy: the renewable energy ecolabel\" width=\"500\" height=\"281\" src=\"https:\/\/www.youtube.com\/embed\/h0_1__2Qg1M?feature=oembed\" frameborder=\"0\" allow=\"accelerometer; autoplay; clipboard-write; encrypted-media; gyroscope; picture-in-picture; web-share\" referrerpolicy=\"strict-origin-when-cross-origin\" allowfullscreen><\/iframe>\n<\/div><figcaption class=\"wp-element-caption\"><em>Perehdy ymp\u00e4rist\u00f6merkkiin esityksemme avulla. Se on tekstitetty yli 20 kielelle.<\/em><\/figcaption><\/figure>\n\n\n\n<p>EKOenergia on kansainv\u00e4linen ja voittoa tavoittelematon ymp\u00e4rist\u00f6merkki energialle (uusiutuva s\u00e4hk\u00f6 sek\u00e4 uusiutuva kaasu, l\u00e4mp\u00f6 ja j\u00e4\u00e4hdytys).<\/p>\n\n\n\n<p>Uusiutuvuuden lis\u00e4ksi EKOenergia-merkitty energia t\u00e4ytt\u00e4\u00e4 my\u00f6s <a href=\"https:\/\/www.ekoenergy.org\/fi\/ecolabel\/\">kest\u00e4vyyskriteerimme<\/a> ja rahoittaa <a href=\"https:\/\/www.ekoenergy.org\/fi\/our-results\/climate-fund\/\">hankkeita, joilla torjutaan energiak\u00f6yhyytt\u00e4<\/a>.<\/p>\n\n\n\n<p>EKOenergia-ymp\u00e4rist\u00f6merkki voidaan yhdist\u00e4\u00e4 mihin tahansa hankintamenetelm\u00e4\u00e4n: EKOenergia-ymp\u00e4rist\u00f6merkki voidaan my\u00f6nt\u00e4\u00e4 muun muassa ekos\u00e4hk\u00f6tariffeille, s\u00e4hk\u00f6nhankintasopimuksille, eriytetyille energian j\u00e4ljitt\u00e4mistodistuksille kuten alkuper\u00e4takuille tai I-REC sertifikaateille sek\u00e4 paikan p\u00e4\u00e4ll\u00e4 tuotetulle energialle. EKOenergia lis\u00e4\u00e4 kuluttajien uusiutuvan energian valintojen my\u00f6nteisi\u00e4 vaikutuksia osto- ja kulutustavasta riippumatta.<\/p>\n\n\n\n<p><a href=\"https:\/\/ghgprotocol.org\/\" target=\"_blank\" rel=\"noreferrer noopener\">Greenhouse Gas Protocol<\/a>, vihre\u00e4n rakentamisen LEED-sertifikaatti, <a href=\"https:\/\/www.cdp.net\/en\" target=\"_blank\" rel=\"noreferrer noopener\">CDP<\/a>-j\u00e4rjest\u00f6 sek\u00e4 RE100-hanke kuvaavat EKOenergia-ymp\u00e4rist\u00f6merkki\u00e4 hyv\u00e4ksi ratkaisuksi kuluttajille, jotka haluavat tehd\u00e4 enemm\u00e4n. Suomessa EKOenergiaan viittaavat muun muassa Ekokompassi, Kirkon ymp\u00e4rist\u00f6diplomi ja monet eri alojen ymp\u00e4rist\u00f6j\u00e4rjestelm\u00e4t.<\/p>\n\n\n\n<h3 class=\"wp-block-heading\">Ymp\u00e4rist\u00f6merkki on helppo ratkaisu<\/h3>\n\n\n\n<p>EKOenergia-myyji\u00e4 on ymp\u00e4ri maailmaa, joten EKOenergiaa on helppo ostaa miss\u00e4 vain. Voit k\u00e4ytt\u00e4\u00e4 EKOenergiaa kotona tai yrityksess\u00e4si. Jos haluat <a href=\"https:\/\/www.ekoenergy.org\/fi\/buying-ekoenergy\/\">ostaa EKOenergia-ymp\u00e4rist\u00f6merkitty\u00e4 energiaa<\/a> tai <a href=\"https:\/\/www.ekoenergy.org\/fi\/ecolabel\/how-to-sell-ekoenergy\/\">myyd\u00e4<\/a> EKOenergia-merkitty\u00e4 uusiutuvaa energiaa, <a href=\"https:\/\/www.ekoenergy.org\/fi\/about-us\/contact-us\/\">otathan yhteytt\u00e4 meihin<\/a>.<\/p>\n\n\n\n<h3 class=\"wp-block-heading\">Ymp\u00e4rist\u00f6merkkimme on viestint\u00e4v\u00e4line<\/h3>\n\n\n\n<figure class=\"wp-block-image alignleft size-medium\"><img fetchpriority=\"high\" decoding=\"async\" width=\"320\" height=\"179\" src=\"https:\/\/www.ekoenergy.org\/wp-content\/uploads\/\/EKOenergy-labelled-electricity-sticker-320x179.png\" alt=\"\" class=\"wp-image-123394\" srcset=\"https:\/\/www.ekoenergy.org\/wp-content\/uploads\/EKOenergy-labelled-electricity-sticker-320x179.png 320w, https:\/\/www.ekoenergy.org\/wp-content\/uploads\/EKOenergy-labelled-electricity-sticker-1024x572.png 1024w, https:\/\/www.ekoenergy.org\/wp-content\/uploads\/EKOenergy-labelled-electricity-sticker-768x429.png 768w, https:\/\/www.ekoenergy.org\/wp-content\/uploads\/EKOenergy-labelled-electricity-sticker-1536x858.png 1536w, https:\/\/www.ekoenergy.org\/wp-content\/uploads\/EKOenergy-labelled-electricity-sticker.png 1768w\" sizes=\"(max-width: 320px) 100vw, 320px\" \/><\/figure>\n\n\n\n<p>EKOenergian ymp\u00e4rist\u00f6merkki on&nbsp;<a href=\"https:\/\/www.ekoenergy.org\/fi\/why-buy\/other-standards\/\">kansainv\u00e4lisesti tunnettu viestint\u00e4v\u00e4line<\/a>.  Logoamme k\u00e4ytt\u00e4m\u00e4ll\u00e4 yksityishenkil\u00f6t ja yritykset osoittavat sitoutuneensa uusiutuvaan energiaan ja kannustavat muita tekem\u00e4\u00e4n samoin. T\u00e4m\u00e4 auttaa nopeuttamaan siirtymist\u00e4 t\u00e4ysin uusiutuvaan maailmaan. EKOenergia-merkityn s\u00e4hk\u00f6n k\u00e4ytt\u00e4j\u00e4t saavat k\u00e4ytt\u00e4\u00e4 logoa julkaisuissaan, tiloissaan sek\u00e4 EKOenergialla valmistetuissa tuotteissaan. <\/p>\n\n\n\n<p><a href=\"https:\/\/www.ekoenergy.org\/fi\/about-us\/contact-us\/\">Kansainv\u00e4linen tiimimme<\/a>\u00a0osaa vastata kysymyksiisi monilla kielill\u00e4, ja materiaalimme ovat saatavilla yli 20 kielell\u00e4.<\/p>\n\n\n\n<h3 class=\"wp-block-heading\">Palkinnot ja ehdokkuudet&nbsp;<\/h3>\n\n\n\n<figure class=\"wp-block-image alignright size-medium\"><img decoding=\"async\" width=\"320\" height=\"214\" src=\"https:\/\/www.ekoenergy.org\/wp-content\/uploads\/\/European-Citizens-Award-Ceremony-2021-320x214.jpg\" alt=\"\" class=\"wp-image-123671\" srcset=\"https:\/\/www.ekoenergy.org\/wp-content\/uploads\/European-Citizens-Award-Ceremony-2021-320x214.jpg 320w, https:\/\/www.ekoenergy.org\/wp-content\/uploads\/European-Citizens-Award-Ceremony-2021-1024x684.jpg 1024w, https:\/\/www.ekoenergy.org\/wp-content\/uploads\/European-Citizens-Award-Ceremony-2021-768x513.jpg 768w, https:\/\/www.ekoenergy.org\/wp-content\/uploads\/European-Citizens-Award-Ceremony-2021-1536x1026.jpg 1536w, https:\/\/www.ekoenergy.org\/wp-content\/uploads\/European-Citizens-Award-Ceremony-2021.jpg 1794w\" sizes=\"(max-width: 320px) 100vw, 320px\" \/><\/figure>\n\n\n\n<ul class=\"wp-block-list\">\n<li>EKOenergia oli yksi vuoden 2022 GoodFestivalin voittajista.<\/li>\n\n\n\n<li>EU:n kest\u00e4v\u00e4n energian palkinto (EUSEW) 2021: Merve G\u00fcng\u00f6r oli yksi Nuori Energiaedell\u00e4k\u00e4vij\u00e4-kategorian finalisteista EKOenergialle tekem\u00e4ns\u00e4 ty\u00f6n ansiosta.<\/li>\n\n\n\n<li>European Citizen\u2019s Prize 2020, jonka Euroopan parlamentti my\u00f6nsi maaliskuussa 2021.<\/li>\n\n\n\n<li>Pohjoismaiden neuvoston ymp\u00e4rist\u00f6palkinnon ehdokkuus vuonna 2019.<\/li>\n\n\n\n<li>EU:n kest\u00e4v\u00e4n energian palkinto (EUSEW) 2018, finalisti nuorten energiajohtajien kategoriassa.<\/li>\n\n\n\n<li>EKOenergia oli yksi voittajahankkeista, jotka valittiin osaksi Ranskan ymp\u00e4rist\u00f6-, energia- ja meriministeri\u00f6n sadan ilmastohankkeen aloitetta vuonna 2017.<\/li>\n\n\n\n<li>Saksan kest\u00e4v\u00e4n kehityksen neuvoston my\u00f6nt\u00e4m\u00e4 Taten f\u00fcr Morgen -palkinto. EKOenergia oli yksi vuoden 2017 kest\u00e4v\u00e4n kehityksen hankkeista (Projekt Nachhaltigkeit). T\u00e4m\u00e4 on arvostettu tunnustus hankkeille, jotka edist\u00e4v\u00e4t Kest\u00e4v\u00e4n kehityksen tavoitteita.<\/li>\n\n\n\n<li>PremaGyan Good 100 -palkinto vuonna 2016 GoodFestival -tapahtumassa Sveitsiss\u00e4.<\/li>\n<\/ul>\n\n\n\n<h2 class=\"wp-block-heading\">Kansainv\u00e4linen yhteisty\u00f6<\/h2>\n\n\n\n<p>EKOenergia-ymp\u00e4rist\u00f6merkki on Suomen luonnonsuojeluliiton aloite, jota muut ymp\u00e4rist\u00f6j\u00e4rjest\u00f6t tukevat.&nbsp;<\/p>\n\n\n\n<p>Osallistumme monien organisaatioiden toimintaan ja teemme niiden kanssa yhteisty\u00f6t\u00e4. Niihin kuuluvat esimerkiksi:<\/p>\n\n\n\n<ul class=\"wp-block-list\">\n<li><a href=\"https:\/\/climatenetwork.org\/\" target=\"_blank\" rel=\"noreferrer noopener\">Climate Action Network International (CAN Intl)<\/a><\/li>\n\n\n\n<li><a href=\"https:\/\/caneurope.org\/\" target=\"_blank\" rel=\"noreferrer noopener\">Climate Action Network (CAN) Europe<\/a><\/li>\n\n\n\n<li><a href=\"https:\/\/coalition.irena.org\/\" target=\"_blank\" rel=\"noreferrer noopener\">IRENA Coalition for Action<\/a><\/li>\n\n\n\n<li><a href=\"https:\/\/resource-platform.eu\/\" target=\"_blank\" rel=\"noreferrer noopener\">The RE-Source Platform<\/a><\/li>\n\n\n\n<li><a href=\"https:\/\/recs.org\/\" target=\"_blank\" rel=\"noreferrer noopener\">RECS Energy Certificate Association<\/a><\/li>\n\n\n\n<li><a href=\"https:\/\/eeb.org\/\" target=\"_blank\" rel=\"noreferrer noopener\">European Environmental Bureau (EEB)<\/a><\/li>\n<\/ul>\n","protected":false},"excerpt":{"rendered":"<p>Tietoa meist\u00e4 Voittoa tavoittelematon ymp\u00e4rist\u00f6merkki EKOenergia on kansainv\u00e4linen ja voittoa tavoittelematon ymp\u00e4rist\u00f6merkki energialle (uusiutuva s\u00e4hk\u00f6 sek\u00e4 uusiutuva kaasu, l\u00e4mp\u00f6 ja j\u00e4\u00e4hdytys). Uusiutuvuuden lis\u00e4ksi EKOenergia-merkitty energia t\u00e4ytt\u00e4\u00e4 my\u00f6s kest\u00e4vyyskriteerimme ja rahoittaa hankkeita, joilla torjutaan energiak\u00f6yhyytt\u00e4. EKOenergia-ymp\u00e4rist\u00f6merkki voidaan yhdist\u00e4\u00e4 mihin tahansa hankintamenetelm\u00e4\u00e4n: EKOenergia-ymp\u00e4rist\u00f6merkki voidaan my\u00f6nt\u00e4\u00e4 muun muassa ekos\u00e4hk\u00f6tariffeille, s\u00e4hk\u00f6nhankintasopimuksille, eriytetyille energian j\u00e4ljitt\u00e4mistodistuksille kuten alkuper\u00e4takuille tai I-REC sertifikaateille [&hellip;]<\/p>\n","protected":false},"author":17,"featured_media":28114,"parent":0,"menu_order":0,"comment_status":"closed","ping_status":"closed","template":"","meta":{"inline_featured_image":false,"_uag_custom_page_level_css":"","site-sidebar-layout":"default","site-content-layout":"default","ast-site-content-layout":"default","site-content-style":"default","site-sidebar-style":"default","ast-global-header-display":"","ast-banner-title-visibility":"","ast-main-header-display":"","ast-hfb-above-header-display":"","ast-hfb-below-header-display":"","ast-hfb-mobile-header-display":"","site-post-title":"disabled","ast-breadcrumbs-content":"","ast-featured-img":"","footer-sml-layout":"","ast-disable-related-posts":"","theme-transparent-header-meta":"default","adv-header-id-meta":"","stick-header-meta":"default","header-above-stick-meta":"","header-main-stick-meta":"","header-below-stick-meta":"","astra-migrate-meta-layouts":"default","ast-page-background-enabled":"default","ast-page-background-meta":{"desktop":{"background-color":"","background-image":"","background-repeat":"repeat","background-position":"center center","background-size":"auto","background-attachment":"scroll","background-type":"","background-media":"","overlay-type":"","overlay-color":"","overlay-opacity":"","overlay-gradient":""},"tablet":{"background-color":"","background-image":"","background-repeat":"repeat","background-position":"center center","background-size":"auto","background-attachment":"scroll","background-type":"","background-media":"","overlay-type":"","overlay-color":"","overlay-opacity":"","overlay-gradient":""},"mobile":{"background-color":"","background-image":"","background-repeat":"repeat","background-position":"center center","background-size":"auto","background-attachment":"scroll","background-type":"","background-media":"","overlay-type":"","overlay-color":"","overlay-opacity":"","overlay-gradient":""}},"ast-content-background-meta":{"desktop":{"background-color":"var(--ast-global-color-5)","background-image":"","background-repeat":"repeat","background-position":"center center","background-size":"auto","background-attachment":"scroll","background-type":"","background-media":"","overlay-type":"","overlay-color":"","overlay-opacity":"","overlay-gradient":""},"tablet":{"background-color":"var(--ast-global-color-5)","background-image":"","background-repeat":"repeat","background-position":"center center","background-size":"auto","background-attachment":"scroll","background-type":"","background-media":"","overlay-type":"","overlay-color":"","overlay-opacity":"","overlay-gradient":""},"mobile":{"background-color":"var(--ast-global-color-5)","background-image":"","background-repeat":"repeat","background-position":"center center","background-size":"auto","background-attachment":"scroll","background-type":"","background-media":"","overlay-type":"","overlay-color":"","overlay-opacity":"","overlay-gradient":""}},"footnotes":""},"class_list":["post-2525","page","type-page","status-publish","has-post-thumbnail","hentry"],"yoast_head":"<!-- This site is optimized with the Yoast SEO plugin v27.3 - https:\/\/yoast.com\/product\/yoast-seo-wordpress\/ -->\n<title>Tietoa meist\u00e4- EKOenergy ecolabel<\/title>\n<meta name=\"description\" content=\"EKOenergia on maailmanlaajuinen, voittoa tavoittelematon ymp\u00e4rist\u00f6merkki uusiutuvalle s\u00e4hk\u00f6lle, kaasulle ja l\u00e4mm\u00f6lle.\" \/>\n<meta name=\"robots\" content=\"index, follow, max-snippet:-1, max-image-preview:large, max-video-preview:-1\" \/>\n<link rel=\"canonical\" href=\"https:\/\/www.ekoenergy.org\/fi\/about-us\/\" \/>\n<meta property=\"og:locale\" content=\"fi_FI\" \/>\n<meta property=\"og:type\" content=\"article\" \/>\n<meta property=\"og:title\" content=\"Tietoa meist\u00e4- EKOenergy ecolabel\" \/>\n<meta property=\"og:description\" content=\"EKOenergia on maailmanlaajuinen, voittoa tavoittelematon ymp\u00e4rist\u00f6merkki uusiutuvalle s\u00e4hk\u00f6lle, kaasulle ja l\u00e4mm\u00f6lle.\" \/>\n<meta property=\"og:url\" content=\"https:\/\/www.ekoenergy.org\/fi\/about-us\/\" \/>\n<meta property=\"og:site_name\" content=\"EKOenergy ecolabel\" \/>\n<meta property=\"article:publisher\" content=\"https:\/\/www.facebook.com\/EKOenergy.ecolabel\/\" \/>\n<meta property=\"article:modified_time\" content=\"2023-12-11T11:01:12+00:00\" \/>\n<meta property=\"og:image\" content=\"https:\/\/www.ekoenergy.org\/wp-content\/uploads\/Featured-Chocolate-Made-With-EKOenergy.jpg\" \/>\n\t<meta property=\"og:image:width\" content=\"1197\" \/>\n\t<meta property=\"og:image:height\" content=\"600\" \/>\n\t<meta property=\"og:image:type\" content=\"image\/jpeg\" \/>\n<meta name=\"twitter:card\" content=\"summary_large_image\" \/>\n<meta name=\"twitter:site\" content=\"@EKOenergy_\" \/>\n<meta name=\"twitter:label1\" content=\"Arvioitu lukuaika\" \/>\n\t<meta name=\"twitter:data1\" content=\"2 minuuttia\" \/>\n<script type=\"application\/ld+json\" class=\"yoast-schema-graph\">{\"@context\":\"https:\\\/\\\/schema.org\",\"@graph\":[{\"@type\":\"WebPage\",\"@id\":\"https:\\\/\\\/www.ekoenergy.org\\\/fi\\\/about-us\\\/\",\"url\":\"https:\\\/\\\/www.ekoenergy.org\\\/fi\\\/about-us\\\/\",\"name\":\"Tietoa meist\u00e4- EKOenergy ecolabel\",\"isPartOf\":{\"@id\":\"https:\\\/\\\/www.ekoenergy.org\\\/fi\\\/#website\"},\"primaryImageOfPage\":{\"@id\":\"https:\\\/\\\/www.ekoenergy.org\\\/fi\\\/about-us\\\/#primaryimage\"},\"image\":{\"@id\":\"https:\\\/\\\/www.ekoenergy.org\\\/fi\\\/about-us\\\/#primaryimage\"},\"thumbnailUrl\":\"https:\\\/\\\/www.ekoenergy.org\\\/wp-content\\\/uploads\\\/Featured-Chocolate-Made-With-EKOenergy.jpg\",\"datePublished\":\"2019-12-04T13:23:54+00:00\",\"dateModified\":\"2023-12-11T11:01:12+00:00\",\"description\":\"EKOenergia on maailmanlaajuinen, voittoa tavoittelematon ymp\u00e4rist\u00f6merkki uusiutuvalle s\u00e4hk\u00f6lle, kaasulle ja l\u00e4mm\u00f6lle.\",\"breadcrumb\":{\"@id\":\"https:\\\/\\\/www.ekoenergy.org\\\/fi\\\/about-us\\\/#breadcrumb\"},\"inLanguage\":\"fi\",\"potentialAction\":[{\"@type\":\"ReadAction\",\"target\":[\"https:\\\/\\\/www.ekoenergy.org\\\/fi\\\/about-us\\\/\"]}]},{\"@type\":\"ImageObject\",\"inLanguage\":\"fi\",\"@id\":\"https:\\\/\\\/www.ekoenergy.org\\\/fi\\\/about-us\\\/#primaryimage\",\"url\":\"https:\\\/\\\/www.ekoenergy.org\\\/wp-content\\\/uploads\\\/Featured-Chocolate-Made-With-EKOenergy.jpg\",\"contentUrl\":\"https:\\\/\\\/www.ekoenergy.org\\\/wp-content\\\/uploads\\\/Featured-Chocolate-Made-With-EKOenergy.jpg\",\"width\":1197,\"height\":600},{\"@type\":\"BreadcrumbList\",\"@id\":\"https:\\\/\\\/www.ekoenergy.org\\\/fi\\\/about-us\\\/#breadcrumb\",\"itemListElement\":[{\"@type\":\"ListItem\",\"position\":1,\"name\":\"Home\",\"item\":\"https:\\\/\\\/www.ekoenergy.org\\\/fi\\\/\"},{\"@type\":\"ListItem\",\"position\":2,\"name\":\"Tietoa meist\u00e4\"}]},{\"@type\":\"WebSite\",\"@id\":\"https:\\\/\\\/www.ekoenergy.org\\\/fi\\\/#website\",\"url\":\"https:\\\/\\\/www.ekoenergy.org\\\/fi\\\/\",\"name\":\"EKOenergy ecolabel\",\"description\":\"The global nonprofit ecolabel for renewable energy\",\"publisher\":{\"@id\":\"https:\\\/\\\/www.ekoenergy.org\\\/fi\\\/#organization\"},\"potentialAction\":[{\"@type\":\"SearchAction\",\"target\":{\"@type\":\"EntryPoint\",\"urlTemplate\":\"https:\\\/\\\/www.ekoenergy.org\\\/fi\\\/?s={search_term_string}\"},\"query-input\":{\"@type\":\"PropertyValueSpecification\",\"valueRequired\":true,\"valueName\":\"search_term_string\"}}],\"inLanguage\":\"fi\"},{\"@type\":\"Organization\",\"@id\":\"https:\\\/\\\/www.ekoenergy.org\\\/fi\\\/#organization\",\"name\":\"Not-for-profit Organisation EKOenergy\",\"url\":\"https:\\\/\\\/www.ekoenergy.org\\\/fi\\\/\",\"logo\":{\"@type\":\"ImageObject\",\"inLanguage\":\"fi\",\"@id\":\"https:\\\/\\\/www.ekoenergy.org\\\/fi\\\/#\\\/schema\\\/logo\\\/image\\\/\",\"url\":\"https:\\\/\\\/www.ekoenergy.org\\\/wp-content\\\/uploads\\\/logo-EKOenergy-no-text.jpg\",\"contentUrl\":\"https:\\\/\\\/www.ekoenergy.org\\\/wp-content\\\/uploads\\\/logo-EKOenergy-no-text.jpg\",\"width\":1600,\"height\":1600,\"caption\":\"Not-for-profit Organisation EKOenergy\"},\"image\":{\"@id\":\"https:\\\/\\\/www.ekoenergy.org\\\/fi\\\/#\\\/schema\\\/logo\\\/image\\\/\"},\"sameAs\":[\"https:\\\/\\\/www.facebook.com\\\/EKOenergy.ecolabel\\\/\",\"https:\\\/\\\/x.com\\\/EKOenergy_\",\"https:\\\/\\\/www.instagram.com\\\/ekoenergy\\\/\",\"https:\\\/\\\/www.linkedin.com\\\/company\\\/ekoenergy-ecolabel\\\/\",\"https:\\\/\\\/www.youtube.com\\\/EKOenergy-ecolabel\",\"https:\\\/\\\/en.wikipedia.org\\\/wiki\\\/EKOenergy\"]}]}<\/script>\n<!-- \/ Yoast SEO plugin. -->","yoast_head_json":{"title":"Tietoa meist\u00e4- EKOenergy ecolabel","description":"EKOenergia on maailmanlaajuinen, voittoa tavoittelematon ymp\u00e4rist\u00f6merkki uusiutuvalle s\u00e4hk\u00f6lle, kaasulle ja l\u00e4mm\u00f6lle.","robots":{"index":"index","follow":"follow","max-snippet":"max-snippet:-1","max-image-preview":"max-image-preview:large","max-video-preview":"max-video-preview:-1"},"canonical":"https:\/\/www.ekoenergy.org\/fi\/about-us\/","og_locale":"fi_FI","og_type":"article","og_title":"Tietoa meist\u00e4- EKOenergy ecolabel","og_description":"EKOenergia on maailmanlaajuinen, voittoa tavoittelematon ymp\u00e4rist\u00f6merkki uusiutuvalle s\u00e4hk\u00f6lle, kaasulle ja l\u00e4mm\u00f6lle.","og_url":"https:\/\/www.ekoenergy.org\/fi\/about-us\/","og_site_name":"EKOenergy ecolabel","article_publisher":"https:\/\/www.facebook.com\/EKOenergy.ecolabel\/","article_modified_time":"2023-12-11T11:01:12+00:00","og_image":[{"width":1197,"height":600,"url":"https:\/\/www.ekoenergy.org\/wp-content\/uploads\/Featured-Chocolate-Made-With-EKOenergy.jpg","type":"image\/jpeg"}],"twitter_card":"summary_large_image","twitter_site":"@EKOenergy_","twitter_misc":{"Arvioitu lukuaika":"2 minuuttia"},"schema":{"@context":"https:\/\/schema.org","@graph":[{"@type":"WebPage","@id":"https:\/\/www.ekoenergy.org\/fi\/about-us\/","url":"https:\/\/www.ekoenergy.org\/fi\/about-us\/","name":"Tietoa meist\u00e4- EKOenergy ecolabel","isPartOf":{"@id":"https:\/\/www.ekoenergy.org\/fi\/#website"},"primaryImageOfPage":{"@id":"https:\/\/www.ekoenergy.org\/fi\/about-us\/#primaryimage"},"image":{"@id":"https:\/\/www.ekoenergy.org\/fi\/about-us\/#primaryimage"},"thumbnailUrl":"https:\/\/www.ekoenergy.org\/wp-content\/uploads\/Featured-Chocolate-Made-With-EKOenergy.jpg","datePublished":"2019-12-04T13:23:54+00:00","dateModified":"2023-12-11T11:01:12+00:00","description":"EKOenergia on maailmanlaajuinen, voittoa tavoittelematon ymp\u00e4rist\u00f6merkki uusiutuvalle s\u00e4hk\u00f6lle, kaasulle ja l\u00e4mm\u00f6lle.","breadcrumb":{"@id":"https:\/\/www.ekoenergy.org\/fi\/about-us\/#breadcrumb"},"inLanguage":"fi","potentialAction":[{"@type":"ReadAction","target":["https:\/\/www.ekoenergy.org\/fi\/about-us\/"]}]},{"@type":"ImageObject","inLanguage":"fi","@id":"https:\/\/www.ekoenergy.org\/fi\/about-us\/#primaryimage","url":"https:\/\/www.ekoenergy.org\/wp-content\/uploads\/Featured-Chocolate-Made-With-EKOenergy.jpg","contentUrl":"https:\/\/www.ekoenergy.org\/wp-content\/uploads\/Featured-Chocolate-Made-With-EKOenergy.jpg","width":1197,"height":600},{"@type":"BreadcrumbList","@id":"https:\/\/www.ekoenergy.org\/fi\/about-us\/#breadcrumb","itemListElement":[{"@type":"ListItem","position":1,"name":"Home","item":"https:\/\/www.ekoenergy.org\/fi\/"},{"@type":"ListItem","position":2,"name":"Tietoa meist\u00e4"}]},{"@type":"WebSite","@id":"https:\/\/www.ekoenergy.org\/fi\/#website","url":"https:\/\/www.ekoenergy.org\/fi\/","name":"EKOenergy ecolabel","description":"The global nonprofit ecolabel for renewable energy","publisher":{"@id":"https:\/\/www.ekoenergy.org\/fi\/#organization"},"potentialAction":[{"@type":"SearchAction","target":{"@type":"EntryPoint","urlTemplate":"https:\/\/www.ekoenergy.org\/fi\/?s={search_term_string}"},"query-input":{"@type":"PropertyValueSpecification","valueRequired":true,"valueName":"search_term_string"}}],"inLanguage":"fi"},{"@type":"Organization","@id":"https:\/\/www.ekoenergy.org\/fi\/#organization","name":"Not-for-profit Organisation EKOenergy","url":"https:\/\/www.ekoenergy.org\/fi\/","logo":{"@type":"ImageObject","inLanguage":"fi","@id":"https:\/\/www.ekoenergy.org\/fi\/#\/schema\/logo\/image\/","url":"https:\/\/www.ekoenergy.org\/wp-content\/uploads\/logo-EKOenergy-no-text.jpg","contentUrl":"https:\/\/www.ekoenergy.org\/wp-content\/uploads\/logo-EKOenergy-no-text.jpg","width":1600,"height":1600,"caption":"Not-for-profit Organisation EKOenergy"},"image":{"@id":"https:\/\/www.ekoenergy.org\/fi\/#\/schema\/logo\/image\/"},"sameAs":["https:\/\/www.facebook.com\/EKOenergy.ecolabel\/","https:\/\/x.com\/EKOenergy_","https:\/\/www.instagram.com\/ekoenergy\/","https:\/\/www.linkedin.com\/company\/ekoenergy-ecolabel\/","https:\/\/www.youtube.com\/EKOenergy-ecolabel","https:\/\/en.wikipedia.org\/wiki\/EKOenergy"]}]}},"uagb_featured_image_src":{"full":["https:\/\/www.ekoenergy.org\/wp-content\/uploads\/Featured-Chocolate-Made-With-EKOenergy.jpg",1197,600,false],"thumbnail":["https:\/\/www.ekoenergy.org\/wp-content\/uploads\/Featured-Chocolate-Made-With-EKOenergy-150x150.jpg",150,150,true],"medium":["https:\/\/www.ekoenergy.org\/wp-content\/uploads\/Featured-Chocolate-Made-With-EKOenergy-320x160.jpg",320,160,true],"medium_large":["https:\/\/www.ekoenergy.org\/wp-content\/uploads\/Featured-Chocolate-Made-With-EKOenergy-768x385.jpg",768,385,true],"large":["https:\/\/www.ekoenergy.org\/wp-content\/uploads\/Featured-Chocolate-Made-With-EKOenergy-1024x513.jpg",1024,513,true],"1536x1536":["https:\/\/www.ekoenergy.org\/wp-content\/uploads\/Featured-Chocolate-Made-With-EKOenergy.jpg",1197,600,false],"2048x2048":["https:\/\/www.ekoenergy.org\/wp-content\/uploads\/Featured-Chocolate-Made-With-EKOenergy.jpg",1197,600,false]},"uagb_author_info":{"display_name":"EKOenergy ecolabel","author_link":"https:\/\/www.ekoenergy.org\/fi\/author\/ekoenergy\/"},"uagb_comment_info":0,"uagb_excerpt":"Tietoa meist\u00e4 Voittoa tavoittelematon ymp\u00e4rist\u00f6merkki EKOenergia on kansainv\u00e4linen ja voittoa tavoittelematon ymp\u00e4rist\u00f6merkki energialle (uusiutuva s\u00e4hk\u00f6 sek\u00e4 uusiutuva kaasu, l\u00e4mp\u00f6 ja j\u00e4\u00e4hdytys). Uusiutuvuuden lis\u00e4ksi EKOenergia-merkitty energia t\u00e4ytt\u00e4\u00e4 my\u00f6s kest\u00e4vyyskriteerimme ja rahoittaa hankkeita, joilla torjutaan energiak\u00f6yhyytt\u00e4. EKOenergia-ymp\u00e4rist\u00f6merkki voidaan yhdist\u00e4\u00e4 mihin tahansa hankintamenetelm\u00e4\u00e4n: EKOenergia-ymp\u00e4rist\u00f6merkki voidaan my\u00f6nt\u00e4\u00e4 muun muassa ekos\u00e4hk\u00f6tariffeille, s\u00e4hk\u00f6nhankintasopimuksille, eriytetyille energian j\u00e4ljitt\u00e4mistodistuksille kuten alkuper\u00e4takuille tai I-REC sertifikaateille&hellip;","_links":{"self":[{"href":"https:\/\/www.ekoenergy.org\/fi\/wp-json\/wp\/v2\/pages\/2525","targetHints":{"allow":["GET"]}}],"collection":[{"href":"https:\/\/www.ekoenergy.org\/fi\/wp-json\/wp\/v2\/pages"}],"about":[{"href":"https:\/\/www.ekoenergy.org\/fi\/wp-json\/wp\/v2\/types\/page"}],"author":[{"embeddable":true,"href":"https:\/\/www.ekoenergy.org\/fi\/wp-json\/wp\/v2\/users\/17"}],"replies":[{"embeddable":true,"href":"https:\/\/www.ekoenergy.org\/fi\/wp-json\/wp\/v2\/comments?post=2525"}],"version-history":[{"count":4,"href":"https:\/\/www.ekoenergy.org\/fi\/wp-json\/wp\/v2\/pages\/2525\/revisions"}],"predecessor-version":[{"id":155393,"href":"https:\/\/www.ekoenergy.org\/fi\/wp-json\/wp\/v2\/pages\/2525\/revisions\/155393"}],"wp:featuredmedia":[{"embeddable":true,"href":"https:\/\/www.ekoenergy.org\/fi\/wp-json\/wp\/v2\/media\/28114"}],"wp:attachment":[{"href":"https:\/\/www.ekoenergy.org\/fi\/wp-json\/wp\/v2\/media?parent=2525"}],"curies":[{"name":"wp","href":"https:\/\/api.w.org\/{rel}","templated":true}]}}