{"id":25300,"date":"2020-01-09T13:03:40","date_gmt":"2020-01-09T13:03:40","guid":{"rendered":"https:\/\/www.ekoenergy.org\/ecolabel\/criteria\/"},"modified":"2023-02-17T10:25:36","modified_gmt":"2023-02-17T08:25:36","slug":"criteria","status":"publish","type":"page","link":"https:\/\/www.ekoenergy.org\/fi\/ecolabel\/criteria\/","title":{"rendered":"EKOenergian kriteerit"},"content":{"rendered":"\n<h1 class=\"wp-block-heading\">EKOenergian kriteerit<\/h1>\n\n\n\n<p>Kansainv\u00e4lisesti tunnustettu ymp\u00e4rist\u00f6merkkimme auttaa kuluttajia l\u00f6yt\u00e4m\u00e4\u00e4n <a href=\"https:\/\/www.ekoenergy.org\/fi\/ecolabel\/\">kest\u00e4vimm\u00e4n uusiutuvan energian muodon ja saamaan aikaan positiivisia lis\u00e4isvaikutuksia.<\/a><\/p>\n\n\n\n<p>EKOenergia-merkki my\u00f6nnet\u00e4\u00e4n uusiutuvalle energialle, ei yrityksille tai tuotantolaitteille. <\/p>\n\n\n\n<p><a href=\"https:\/\/www.ekoenergy.org\/fi\/ecolabel\/criteria\/electricity\/\">S\u00e4hk\u00f6lle<\/a>, <a href=\"https:\/\/www.ekoenergy.org\/fi\/ecolabel\/criteria\/ekoenergy-gas\/\">kaasulle<\/a> sek\u00e4 <a href=\"https:\/\/www.ekoenergy.org\/fi\/ecolabel\/criteria\/renewable-heat\/\">l\u00e4mm\u00f6lle ja j\u00e4\u00e4hdytykselle<\/a> on omat kriteerins\u00e4.<\/p>\n\n\n\n<div class=\"wp-block-columns is-layout-flex wp-container-core-columns-is-layout-28f84493 wp-block-columns-is-layout-flex\">\n<div class=\"wp-block-column is-layout-flow wp-block-column-is-layout-flow\">\n<figure class=\"wp-block-image aligncenter size-medium is-resized hover-image\"><a href=\"https:\/\/www.ekoenergy.org\/fi\/ecolabel\/criteria\/electricity\/\"><img decoding=\"async\" src=\"https:\/\/www.ekoenergy.org\/wp-content\/uploads\/\/criteria-icon-electricity-light-bulb-320x320.png\" alt=\"\" class=\"wp-image-37894\" width=\"160\" height=\"160\" srcset=\"https:\/\/www.ekoenergy.org\/wp-content\/uploads\/criteria-icon-electricity-light-bulb-320x320.png 320w, https:\/\/www.ekoenergy.org\/wp-content\/uploads\/criteria-icon-electricity-light-bulb-150x150.png 150w, https:\/\/www.ekoenergy.org\/wp-content\/uploads\/criteria-icon-electricity-light-bulb.png 512w\" sizes=\"(max-width: 160px) 100vw, 160px\" \/><\/a><figcaption class=\"wp-element-caption\"><a href=\"https:\/\/www.ekoenergy.org\/fi\/ecolabel\/criteria\/electricity\/\">S\u00e4hk\u00f6<\/a><\/figcaption><\/figure>\n<\/div>\n\n\n\n<div class=\"wp-block-column is-layout-flow wp-block-column-is-layout-flow\">\n<figure class=\"wp-block-image aligncenter size-medium is-resized hover-image\"><a href=\"https:\/\/www.ekoenergy.org\/fi\/ecolabel\/criteria\/ekoenergy-gas\/\"><img decoding=\"async\" src=\"https:\/\/www.ekoenergy.org\/wp-content\/uploads\/\/criteria-icon-gasoline-320x320.png\" alt=\"\" class=\"wp-image-37879\" width=\"160\" height=\"160\" srcset=\"https:\/\/www.ekoenergy.org\/wp-content\/uploads\/criteria-icon-gasoline-320x320.png 320w, https:\/\/www.ekoenergy.org\/wp-content\/uploads\/criteria-icon-gasoline-150x150.png 150w, https:\/\/www.ekoenergy.org\/wp-content\/uploads\/criteria-icon-gasoline.png 512w\" sizes=\"(max-width: 160px) 100vw, 160px\" \/><\/a><figcaption class=\"wp-element-caption\"><a href=\"https:\/\/www.ekoenergy.org\/fi\/ecolabel\/criteria\/ekoenergy-gas\/\">Kaasu<\/a><\/figcaption><\/figure>\n<\/div>\n\n\n\n<div class=\"wp-block-column is-layout-flow wp-block-column-is-layout-flow\">\n<figure class=\"wp-block-image aligncenter size-medium is-resized hover-image\"><a href=\"https:\/\/www.ekoenergy.org\/fi\/ecolabel\/criteria\/renewable-heat\/\"><img decoding=\"async\" src=\"https:\/\/www.ekoenergy.org\/wp-content\/uploads\/\/criteria-icon-heat-bonfire-320x320.png\" alt=\"\" class=\"wp-image-37924\" width=\"160\" height=\"160\" srcset=\"https:\/\/www.ekoenergy.org\/wp-content\/uploads\/criteria-icon-heat-bonfire-320x320.png 320w, https:\/\/www.ekoenergy.org\/wp-content\/uploads\/criteria-icon-heat-bonfire-150x150.png 150w, https:\/\/www.ekoenergy.org\/wp-content\/uploads\/criteria-icon-heat-bonfire.png 512w\" sizes=\"(max-width: 160px) 100vw, 160px\" \/><\/a><figcaption class=\"wp-element-caption\"><a href=\"https:\/\/www.ekoenergy.org\/fi\/ecolabel\/criteria\/renewable-heat\/\">L\u00e4mp\u00f6 ja j\u00e4\u00e4hdytys<\/a><\/figcaption><\/figure>\n<\/div>\n<\/div>\n\n\n\n<p><\/p>\n\n\n\n<p>Kriteereiss\u00e4mme asetetaan s\u00e4\u00e4nn\u00f6t, jotka k\u00e4sittelev\u00e4t energiantuotannon vaikutusta luontoon, ottavat huomioon seurannan ja kaksinkertaisen laskennan est\u00e4misen sek\u00e4 tarjoavat positiivisia lis\u00e4isvaikutuksia ymp\u00e4rist\u00f6n hyv\u00e4ksi ja energiak\u00f6yhyyden v\u00e4hent\u00e4miseksi.<\/p>\n\n\n\n<p>Voit lukea lis\u00e4tietietoa <a href=\"https:\/\/www.ekoenergy.org\/fi\/ecolabel\/criteria\/ppas-and-onsite-installations\/\">paikan p\u00e4\u00e4ll\u00e4 tuotetusta ja s\u00e4hk\u00f6nhankintasopimuksienkautta hankitusta s\u00e4hk\u00f6st\u00e4<\/a> sek\u00e4 <a href=\"https:\/\/www.ekoenergy.org\/fi\/ecolabel\/criteria\/tracking\/\">energian j\u00e4ljitett\u00e4vyydest\u00e4<\/a> n\u00e4iden aiheiden omilta alasivuilta.<\/p>\n\n\n\n<p>EKOenergian kriteerit tulivat voimaan 2013. EKOenergian kriteerien kehitt\u00e4misess\u00e4 ja hyv\u00e4ksymisess\u00e4 noudatetaan <a href=\"https:\/\/www.isealalliance.org\/defining-credible-practice\/iseal-codes-good-practice\" target=\"_blank\" rel=\"noreferrer noopener\">ISEALin standardointis\u00e4\u00e4nt\u00f6j\u00e4<\/a>. Ne perustuvat asianomaisten sidosryhmien aktiiviseen kuulemiseen ja parhaisiin k\u00e4yt\u00e4nt\u00f6ihin. P\u00e4ivitykset vaativat EKOenergian perustaneiden ymp\u00e4rist\u00f6j\u00e4rjest\u00f6jen ja Suomen luonnonsuojeluliiton hallituksen hyv\u00e4ksynn\u00e4n.<\/p>\n\n\n\n<p>EKOenergia tekee vuosittain tarkastuksia varmistaakseen, ett\u00e4 kaikki logolla merkitty energia t\u00e4ytt\u00e4\u00e4 vaatimuksemme.<\/p>\n\n\n\n<div style=\"height:20px\" aria-hidden=\"true\" class=\"wp-block-spacer\"><\/div>\n\n\n\n<p><em>(Kuvakkeet tehnyt&nbsp;<a href=\"https:\/\/www.flaticon.com\/authors\/icongeek26\" target=\"_blank\" rel=\"noreferrer noopener\">congeek26<\/a> &nbsp;sivustolta <a href=\"https:\/\/www.flaticon.com\/\" target=\"_blank\" rel=\"noreferrer noopener\">www.flaticon.com<\/a>)<\/em><\/p>\n","protected":false},"excerpt":{"rendered":"<p>EKOenergian kriteerit Kansainv\u00e4lisesti tunnustettu ymp\u00e4rist\u00f6merkkimme auttaa kuluttajia l\u00f6yt\u00e4m\u00e4\u00e4n kest\u00e4vimm\u00e4n uusiutuvan energian muodon ja saamaan aikaan positiivisia lis\u00e4isvaikutuksia. EKOenergia-merkki my\u00f6nnet\u00e4\u00e4n uusiutuvalle energialle, ei yrityksille tai tuotantolaitteille. S\u00e4hk\u00f6lle, kaasulle sek\u00e4 l\u00e4mm\u00f6lle ja j\u00e4\u00e4hdytykselle on omat kriteerins\u00e4. Kriteereiss\u00e4mme asetetaan s\u00e4\u00e4nn\u00f6t, jotka k\u00e4sittelev\u00e4t energiantuotannon vaikutusta luontoon, ottavat huomioon seurannan ja kaksinkertaisen laskennan est\u00e4misen sek\u00e4 tarjoavat positiivisia lis\u00e4isvaikutuksia ymp\u00e4rist\u00f6n hyv\u00e4ksi [&hellip;]<\/p>\n","protected":false},"author":17,"featured_media":28342,"parent":2688,"menu_order":1,"comment_status":"closed","ping_status":"closed","template":"","meta":{"inline_featured_image":false,"_uag_custom_page_level_css":"","site-sidebar-layout":"default","site-content-layout":"default","ast-site-content-layout":"default","site-content-style":"default","site-sidebar-style":"default","ast-global-header-display":"","ast-banner-title-visibility":"","ast-main-header-display":"","ast-hfb-above-header-display":"","ast-hfb-below-header-display":"","ast-hfb-mobile-header-display":"","site-post-title":"disabled","ast-breadcrumbs-content":"","ast-featured-img":"","footer-sml-layout":"","ast-disable-related-posts":"","theme-transparent-header-meta":"default","adv-header-id-meta":"","stick-header-meta":"default","header-above-stick-meta":"","header-main-stick-meta":"","header-below-stick-meta":"","astra-migrate-meta-layouts":"default","ast-page-background-enabled":"default","ast-page-background-meta":{"desktop":{"background-color":"","background-image":"","background-repeat":"repeat","background-position":"center center","background-size":"auto","background-attachment":"scroll","background-type":"","background-media":"","overlay-type":"","overlay-color":"","overlay-opacity":"","overlay-gradient":""},"tablet":{"background-color":"","background-image":"","background-repeat":"repeat","background-position":"center center","background-size":"auto","background-attachment":"scroll","background-type":"","background-media":"","overlay-type":"","overlay-color":"","overlay-opacity":"","overlay-gradient":""},"mobile":{"background-color":"","background-image":"","background-repeat":"repeat","background-position":"center center","background-size":"auto","background-attachment":"scroll","background-type":"","background-media":"","overlay-type":"","overlay-color":"","overlay-opacity":"","overlay-gradient":""}},"ast-content-background-meta":{"desktop":{"background-color":"var(--ast-global-color-5)","background-image":"","background-repeat":"repeat","background-position":"center center","background-size":"auto","background-attachment":"scroll","background-type":"","background-media":"","overlay-type":"","overlay-color":"","overlay-opacity":"","overlay-gradient":""},"tablet":{"background-color":"var(--ast-global-color-5)","background-image":"","background-repeat":"repeat","background-position":"center center","background-size":"auto","background-attachment":"scroll","background-type":"","background-media":"","overlay-type":"","overlay-color":"","overlay-opacity":"","overlay-gradient":""},"mobile":{"background-color":"var(--ast-global-color-5)","background-image":"","background-repeat":"repeat","background-position":"center center","background-size":"auto","background-attachment":"scroll","background-type":"","background-media":"","overlay-type":"","overlay-color":"","overlay-opacity":"","overlay-gradient":""}},"footnotes":""},"class_list":["post-25300","page","type-page","status-publish","has-post-thumbnail","hentry"],"yoast_head":"<!-- This site is optimized with the Yoast SEO plugin v27.3 - https:\/\/yoast.com\/product\/yoast-seo-wordpress\/ -->\n<title>EKOenergian kriteerit - EKOenergy ecolabel<\/title>\n<meta name=\"description\" content=\"T\u00e4st\u00e4 osiosta l\u00f6yd\u00e4t EKOenergia-ymp\u00e4rist\u00f6merkin kriteerit. N\u00e4m\u00e4 koskevat mm. alkuper\u00e4n j\u00e4ljitt\u00e4mist\u00e4, kest\u00e4vyytt\u00e4, lis\u00e4isyytt\u00e4 ja auditointia.\" \/>\n<meta name=\"robots\" content=\"index, follow, max-snippet:-1, max-image-preview:large, max-video-preview:-1\" \/>\n<link rel=\"canonical\" href=\"https:\/\/www.ekoenergy.org\/fi\/ecolabel\/criteria\/\" \/>\n<meta property=\"og:locale\" content=\"fi_FI\" \/>\n<meta property=\"og:type\" content=\"article\" \/>\n<meta property=\"og:title\" content=\"EKOenergian kriteerit - EKOenergy ecolabel\" \/>\n<meta property=\"og:description\" content=\"T\u00e4st\u00e4 osiosta l\u00f6yd\u00e4t EKOenergia-ymp\u00e4rist\u00f6merkin kriteerit. N\u00e4m\u00e4 koskevat mm. alkuper\u00e4n j\u00e4ljitt\u00e4mist\u00e4, kest\u00e4vyytt\u00e4, lis\u00e4isyytt\u00e4 ja auditointia.\" \/>\n<meta property=\"og:url\" content=\"https:\/\/www.ekoenergy.org\/fi\/ecolabel\/criteria\/\" \/>\n<meta property=\"og:site_name\" content=\"EKOenergy ecolabel\" \/>\n<meta property=\"article:publisher\" content=\"https:\/\/www.facebook.com\/EKOenergy.ecolabel\/\" \/>\n<meta property=\"article:modified_time\" content=\"2023-02-17T08:25:36+00:00\" \/>\n<meta property=\"og:image\" content=\"https:\/\/www.ekoenergy.org\/wp-content\/uploads\/Featured-Renewable-Energy.jpg\" \/>\n\t<meta property=\"og:image:width\" content=\"1280\" \/>\n\t<meta property=\"og:image:height\" content=\"853\" \/>\n\t<meta property=\"og:image:type\" content=\"image\/jpeg\" \/>\n<meta name=\"twitter:card\" content=\"summary_large_image\" \/>\n<meta name=\"twitter:site\" content=\"@EKOenergy_\" \/>\n<meta name=\"twitter:label1\" content=\"Arvioitu lukuaika\" \/>\n\t<meta name=\"twitter:data1\" content=\"2 minuuttia\" \/>\n<script type=\"application\/ld+json\" class=\"yoast-schema-graph\">{\"@context\":\"https:\\\/\\\/schema.org\",\"@graph\":[{\"@type\":\"WebPage\",\"@id\":\"https:\\\/\\\/www.ekoenergy.org\\\/fi\\\/ecolabel\\\/criteria\\\/\",\"url\":\"https:\\\/\\\/www.ekoenergy.org\\\/fi\\\/ecolabel\\\/criteria\\\/\",\"name\":\"EKOenergian kriteerit - EKOenergy ecolabel\",\"isPartOf\":{\"@id\":\"https:\\\/\\\/www.ekoenergy.org\\\/fi\\\/#website\"},\"primaryImageOfPage\":{\"@id\":\"https:\\\/\\\/www.ekoenergy.org\\\/fi\\\/ecolabel\\\/criteria\\\/#primaryimage\"},\"image\":{\"@id\":\"https:\\\/\\\/www.ekoenergy.org\\\/fi\\\/ecolabel\\\/criteria\\\/#primaryimage\"},\"thumbnailUrl\":\"https:\\\/\\\/www.ekoenergy.org\\\/wp-content\\\/uploads\\\/Featured-Renewable-Energy.jpg\",\"datePublished\":\"2020-01-09T13:03:40+00:00\",\"dateModified\":\"2023-02-17T08:25:36+00:00\",\"description\":\"T\u00e4st\u00e4 osiosta l\u00f6yd\u00e4t EKOenergia-ymp\u00e4rist\u00f6merkin kriteerit. N\u00e4m\u00e4 koskevat mm. alkuper\u00e4n j\u00e4ljitt\u00e4mist\u00e4, kest\u00e4vyytt\u00e4, lis\u00e4isyytt\u00e4 ja auditointia.\",\"breadcrumb\":{\"@id\":\"https:\\\/\\\/www.ekoenergy.org\\\/fi\\\/ecolabel\\\/criteria\\\/#breadcrumb\"},\"inLanguage\":\"fi\",\"potentialAction\":[{\"@type\":\"ReadAction\",\"target\":[\"https:\\\/\\\/www.ekoenergy.org\\\/fi\\\/ecolabel\\\/criteria\\\/\"]}]},{\"@type\":\"ImageObject\",\"inLanguage\":\"fi\",\"@id\":\"https:\\\/\\\/www.ekoenergy.org\\\/fi\\\/ecolabel\\\/criteria\\\/#primaryimage\",\"url\":\"https:\\\/\\\/www.ekoenergy.org\\\/wp-content\\\/uploads\\\/Featured-Renewable-Energy.jpg\",\"contentUrl\":\"https:\\\/\\\/www.ekoenergy.org\\\/wp-content\\\/uploads\\\/Featured-Renewable-Energy.jpg\",\"width\":1280,\"height\":853},{\"@type\":\"BreadcrumbList\",\"@id\":\"https:\\\/\\\/www.ekoenergy.org\\\/fi\\\/ecolabel\\\/criteria\\\/#breadcrumb\",\"itemListElement\":[{\"@type\":\"ListItem\",\"position\":1,\"name\":\"Home\",\"item\":\"https:\\\/\\\/www.ekoenergy.org\\\/fi\\\/\"},{\"@type\":\"ListItem\",\"position\":2,\"name\":\"Ymp\u00e4rist\u00f6merkki\",\"item\":\"https:\\\/\\\/www.ekoenergy.org\\\/fi\\\/ecolabel\\\/\"},{\"@type\":\"ListItem\",\"position\":3,\"name\":\"EKOenergian kriteerit\"}]},{\"@type\":\"WebSite\",\"@id\":\"https:\\\/\\\/www.ekoenergy.org\\\/fi\\\/#website\",\"url\":\"https:\\\/\\\/www.ekoenergy.org\\\/fi\\\/\",\"name\":\"EKOenergy ecolabel\",\"description\":\"The global nonprofit ecolabel for renewable energy\",\"publisher\":{\"@id\":\"https:\\\/\\\/www.ekoenergy.org\\\/fi\\\/#organization\"},\"potentialAction\":[{\"@type\":\"SearchAction\",\"target\":{\"@type\":\"EntryPoint\",\"urlTemplate\":\"https:\\\/\\\/www.ekoenergy.org\\\/fi\\\/?s={search_term_string}\"},\"query-input\":{\"@type\":\"PropertyValueSpecification\",\"valueRequired\":true,\"valueName\":\"search_term_string\"}}],\"inLanguage\":\"fi\"},{\"@type\":\"Organization\",\"@id\":\"https:\\\/\\\/www.ekoenergy.org\\\/fi\\\/#organization\",\"name\":\"Not-for-profit Organisation EKOenergy\",\"url\":\"https:\\\/\\\/www.ekoenergy.org\\\/fi\\\/\",\"logo\":{\"@type\":\"ImageObject\",\"inLanguage\":\"fi\",\"@id\":\"https:\\\/\\\/www.ekoenergy.org\\\/fi\\\/#\\\/schema\\\/logo\\\/image\\\/\",\"url\":\"https:\\\/\\\/www.ekoenergy.org\\\/wp-content\\\/uploads\\\/logo-EKOenergy-no-text.jpg\",\"contentUrl\":\"https:\\\/\\\/www.ekoenergy.org\\\/wp-content\\\/uploads\\\/logo-EKOenergy-no-text.jpg\",\"width\":1600,\"height\":1600,\"caption\":\"Not-for-profit Organisation EKOenergy\"},\"image\":{\"@id\":\"https:\\\/\\\/www.ekoenergy.org\\\/fi\\\/#\\\/schema\\\/logo\\\/image\\\/\"},\"sameAs\":[\"https:\\\/\\\/www.facebook.com\\\/EKOenergy.ecolabel\\\/\",\"https:\\\/\\\/x.com\\\/EKOenergy_\",\"https:\\\/\\\/www.instagram.com\\\/ekoenergy\\\/\",\"https:\\\/\\\/www.linkedin.com\\\/company\\\/ekoenergy-ecolabel\\\/\",\"https:\\\/\\\/www.youtube.com\\\/EKOenergy-ecolabel\",\"https:\\\/\\\/en.wikipedia.org\\\/wiki\\\/EKOenergy\"]}]}<\/script>\n<!-- \/ Yoast SEO plugin. -->","yoast_head_json":{"title":"EKOenergian kriteerit - EKOenergy ecolabel","description":"T\u00e4st\u00e4 osiosta l\u00f6yd\u00e4t EKOenergia-ymp\u00e4rist\u00f6merkin kriteerit. N\u00e4m\u00e4 koskevat mm. alkuper\u00e4n j\u00e4ljitt\u00e4mist\u00e4, kest\u00e4vyytt\u00e4, lis\u00e4isyytt\u00e4 ja auditointia.","robots":{"index":"index","follow":"follow","max-snippet":"max-snippet:-1","max-image-preview":"max-image-preview:large","max-video-preview":"max-video-preview:-1"},"canonical":"https:\/\/www.ekoenergy.org\/fi\/ecolabel\/criteria\/","og_locale":"fi_FI","og_type":"article","og_title":"EKOenergian kriteerit - EKOenergy ecolabel","og_description":"T\u00e4st\u00e4 osiosta l\u00f6yd\u00e4t EKOenergia-ymp\u00e4rist\u00f6merkin kriteerit. N\u00e4m\u00e4 koskevat mm. alkuper\u00e4n j\u00e4ljitt\u00e4mist\u00e4, kest\u00e4vyytt\u00e4, lis\u00e4isyytt\u00e4 ja auditointia.","og_url":"https:\/\/www.ekoenergy.org\/fi\/ecolabel\/criteria\/","og_site_name":"EKOenergy ecolabel","article_publisher":"https:\/\/www.facebook.com\/EKOenergy.ecolabel\/","article_modified_time":"2023-02-17T08:25:36+00:00","og_image":[{"width":1280,"height":853,"url":"https:\/\/www.ekoenergy.org\/wp-content\/uploads\/Featured-Renewable-Energy.jpg","type":"image\/jpeg"}],"twitter_card":"summary_large_image","twitter_site":"@EKOenergy_","twitter_misc":{"Arvioitu lukuaika":"2 minuuttia"},"schema":{"@context":"https:\/\/schema.org","@graph":[{"@type":"WebPage","@id":"https:\/\/www.ekoenergy.org\/fi\/ecolabel\/criteria\/","url":"https:\/\/www.ekoenergy.org\/fi\/ecolabel\/criteria\/","name":"EKOenergian kriteerit - EKOenergy ecolabel","isPartOf":{"@id":"https:\/\/www.ekoenergy.org\/fi\/#website"},"primaryImageOfPage":{"@id":"https:\/\/www.ekoenergy.org\/fi\/ecolabel\/criteria\/#primaryimage"},"image":{"@id":"https:\/\/www.ekoenergy.org\/fi\/ecolabel\/criteria\/#primaryimage"},"thumbnailUrl":"https:\/\/www.ekoenergy.org\/wp-content\/uploads\/Featured-Renewable-Energy.jpg","datePublished":"2020-01-09T13:03:40+00:00","dateModified":"2023-02-17T08:25:36+00:00","description":"T\u00e4st\u00e4 osiosta l\u00f6yd\u00e4t EKOenergia-ymp\u00e4rist\u00f6merkin kriteerit. N\u00e4m\u00e4 koskevat mm. alkuper\u00e4n j\u00e4ljitt\u00e4mist\u00e4, kest\u00e4vyytt\u00e4, lis\u00e4isyytt\u00e4 ja auditointia.","breadcrumb":{"@id":"https:\/\/www.ekoenergy.org\/fi\/ecolabel\/criteria\/#breadcrumb"},"inLanguage":"fi","potentialAction":[{"@type":"ReadAction","target":["https:\/\/www.ekoenergy.org\/fi\/ecolabel\/criteria\/"]}]},{"@type":"ImageObject","inLanguage":"fi","@id":"https:\/\/www.ekoenergy.org\/fi\/ecolabel\/criteria\/#primaryimage","url":"https:\/\/www.ekoenergy.org\/wp-content\/uploads\/Featured-Renewable-Energy.jpg","contentUrl":"https:\/\/www.ekoenergy.org\/wp-content\/uploads\/Featured-Renewable-Energy.jpg","width":1280,"height":853},{"@type":"BreadcrumbList","@id":"https:\/\/www.ekoenergy.org\/fi\/ecolabel\/criteria\/#breadcrumb","itemListElement":[{"@type":"ListItem","position":1,"name":"Home","item":"https:\/\/www.ekoenergy.org\/fi\/"},{"@type":"ListItem","position":2,"name":"Ymp\u00e4rist\u00f6merkki","item":"https:\/\/www.ekoenergy.org\/fi\/ecolabel\/"},{"@type":"ListItem","position":3,"name":"EKOenergian kriteerit"}]},{"@type":"WebSite","@id":"https:\/\/www.ekoenergy.org\/fi\/#website","url":"https:\/\/www.ekoenergy.org\/fi\/","name":"EKOenergy ecolabel","description":"The global nonprofit ecolabel for renewable energy","publisher":{"@id":"https:\/\/www.ekoenergy.org\/fi\/#organization"},"potentialAction":[{"@type":"SearchAction","target":{"@type":"EntryPoint","urlTemplate":"https:\/\/www.ekoenergy.org\/fi\/?s={search_term_string}"},"query-input":{"@type":"PropertyValueSpecification","valueRequired":true,"valueName":"search_term_string"}}],"inLanguage":"fi"},{"@type":"Organization","@id":"https:\/\/www.ekoenergy.org\/fi\/#organization","name":"Not-for-profit Organisation EKOenergy","url":"https:\/\/www.ekoenergy.org\/fi\/","logo":{"@type":"ImageObject","inLanguage":"fi","@id":"https:\/\/www.ekoenergy.org\/fi\/#\/schema\/logo\/image\/","url":"https:\/\/www.ekoenergy.org\/wp-content\/uploads\/logo-EKOenergy-no-text.jpg","contentUrl":"https:\/\/www.ekoenergy.org\/wp-content\/uploads\/logo-EKOenergy-no-text.jpg","width":1600,"height":1600,"caption":"Not-for-profit Organisation EKOenergy"},"image":{"@id":"https:\/\/www.ekoenergy.org\/fi\/#\/schema\/logo\/image\/"},"sameAs":["https:\/\/www.facebook.com\/EKOenergy.ecolabel\/","https:\/\/x.com\/EKOenergy_","https:\/\/www.instagram.com\/ekoenergy\/","https:\/\/www.linkedin.com\/company\/ekoenergy-ecolabel\/","https:\/\/www.youtube.com\/EKOenergy-ecolabel","https:\/\/en.wikipedia.org\/wiki\/EKOenergy"]}]}},"uagb_featured_image_src":{"full":["https:\/\/www.ekoenergy.org\/wp-content\/uploads\/Featured-Renewable-Energy.jpg",1280,853,false],"thumbnail":["https:\/\/www.ekoenergy.org\/wp-content\/uploads\/Featured-Renewable-Energy-150x150.jpg",150,150,true],"medium":["https:\/\/www.ekoenergy.org\/wp-content\/uploads\/Featured-Renewable-Energy-320x213.jpg",320,213,true],"medium_large":["https:\/\/www.ekoenergy.org\/wp-content\/uploads\/Featured-Renewable-Energy-768x512.jpg",768,512,true],"large":["https:\/\/www.ekoenergy.org\/wp-content\/uploads\/Featured-Renewable-Energy-1024x682.jpg",1024,682,true],"1536x1536":["https:\/\/www.ekoenergy.org\/wp-content\/uploads\/Featured-Renewable-Energy.jpg",1280,853,false],"2048x2048":["https:\/\/www.ekoenergy.org\/wp-content\/uploads\/Featured-Renewable-Energy.jpg",1280,853,false]},"uagb_author_info":{"display_name":"EKOenergy ecolabel","author_link":"https:\/\/www.ekoenergy.org\/fi\/author\/ekoenergy\/"},"uagb_comment_info":0,"uagb_excerpt":"EKOenergian kriteerit Kansainv\u00e4lisesti tunnustettu ymp\u00e4rist\u00f6merkkimme auttaa kuluttajia l\u00f6yt\u00e4m\u00e4\u00e4n kest\u00e4vimm\u00e4n uusiutuvan energian muodon ja saamaan aikaan positiivisia lis\u00e4isvaikutuksia. EKOenergia-merkki my\u00f6nnet\u00e4\u00e4n uusiutuvalle energialle, ei yrityksille tai tuotantolaitteille. S\u00e4hk\u00f6lle, kaasulle sek\u00e4 l\u00e4mm\u00f6lle ja j\u00e4\u00e4hdytykselle on omat kriteerins\u00e4. Kriteereiss\u00e4mme asetetaan s\u00e4\u00e4nn\u00f6t, jotka k\u00e4sittelev\u00e4t energiantuotannon vaikutusta luontoon, ottavat huomioon seurannan ja kaksinkertaisen laskennan est\u00e4misen sek\u00e4 tarjoavat positiivisia lis\u00e4isvaikutuksia ymp\u00e4rist\u00f6n hyv\u00e4ksi&hellip;","_links":{"self":[{"href":"https:\/\/www.ekoenergy.org\/fi\/wp-json\/wp\/v2\/pages\/25300","targetHints":{"allow":["GET"]}}],"collection":[{"href":"https:\/\/www.ekoenergy.org\/fi\/wp-json\/wp\/v2\/pages"}],"about":[{"href":"https:\/\/www.ekoenergy.org\/fi\/wp-json\/wp\/v2\/types\/page"}],"author":[{"embeddable":true,"href":"https:\/\/www.ekoenergy.org\/fi\/wp-json\/wp\/v2\/users\/17"}],"replies":[{"embeddable":true,"href":"https:\/\/www.ekoenergy.org\/fi\/wp-json\/wp\/v2\/comments?post=25300"}],"version-history":[{"count":3,"href":"https:\/\/www.ekoenergy.org\/fi\/wp-json\/wp\/v2\/pages\/25300\/revisions"}],"predecessor-version":[{"id":140453,"href":"https:\/\/www.ekoenergy.org\/fi\/wp-json\/wp\/v2\/pages\/25300\/revisions\/140453"}],"up":[{"embeddable":true,"href":"https:\/\/www.ekoenergy.org\/fi\/wp-json\/wp\/v2\/pages\/2688"}],"wp:featuredmedia":[{"embeddable":true,"href":"https:\/\/www.ekoenergy.org\/fi\/wp-json\/wp\/v2\/media\/28342"}],"wp:attachment":[{"href":"https:\/\/www.ekoenergy.org\/fi\/wp-json\/wp\/v2\/media?parent=25300"}],"curies":[{"name":"wp","href":"https:\/\/api.w.org\/{rel}","templated":true}]}}