{"id":2604,"date":"2019-12-04T13:45:50","date_gmt":"2019-12-04T13:45:50","guid":{"rendered":"https:\/\/www.ekoenergy.org\/buying-ekoenergy\/"},"modified":"2022-11-14T20:41:58","modified_gmt":"2022-11-14T18:41:58","slug":"buying-ekoenergy","status":"publish","type":"page","link":"https:\/\/www.ekoenergy.org\/fi\/buying-ekoenergy\/","title":{"rendered":"Vaihda EKOenergiaan"},"content":{"rendered":"\n<h1 class=\"wp-block-heading\">Osta EKOenergiaa kotiisi, m\u00f6killesi, ty\u00f6paikkaasi&#8230; <\/h1>\n\n\n\n<figure class=\"wp-block-image alignwide size-large\"><img fetchpriority=\"high\" decoding=\"async\" width=\"1024\" height=\"389\" src=\"https:\/\/www.ekoenergy.org\/wp-content\/uploads\/\/EKOenergy-logo-in-front-of-sea-1024x389.jpg\" alt=\"EKOenergy logo in front of sea\" class=\"wp-image-12200\" srcset=\"https:\/\/www.ekoenergy.org\/wp-content\/uploads\/EKOenergy-logo-in-front-of-sea-1024x389.jpg 1024w, https:\/\/www.ekoenergy.org\/wp-content\/uploads\/EKOenergy-logo-in-front-of-sea-320x122.jpg 320w, https:\/\/www.ekoenergy.org\/wp-content\/uploads\/EKOenergy-logo-in-front-of-sea-768x292.jpg 768w, https:\/\/www.ekoenergy.org\/wp-content\/uploads\/EKOenergy-logo-in-front-of-sea.jpg 1315w\" sizes=\"(max-width: 1024px) 100vw, 1024px\" \/><\/figure>\n\n\n\n<div style=\"height:20px\" aria-hidden=\"true\" class=\"wp-block-spacer\"><\/div>\n\n\n\n<p><strong>EKOenergian ostaminen on:<\/strong><\/p>\n\n\n\n<ul class=\"wp-block-list\">\n<li>Edullista. Suomessa Vaasa EMG:n tutkimusten mukaan EKOenergia on ollut viime vuosina keskim\u00e4\u00e4rin noin 2% kalliimpaa kotitalouksille kuin sekas\u00e4hk\u00f6. Edullisin EKOenergia-merkitty s\u00e4hk\u00f6 on ollut aina sekas\u00e4hk\u00f6tuotteiden keskim\u00e4\u00e4r\u00e4isi\u00e4 tarjoushintoja edullisempi.<\/li>\n\n\n\n<li>Sinun tapasi n\u00e4ytt\u00e4\u00e4, ett\u00e4 v\u00e4lit\u00e4t planeettamme tulevaisuudesta.<\/li>\n\n\n\n<li>Selv\u00e4 signaali poliitikoille ja tuottajille siit\u00e4, millaiseen energiantuotantoon meid\u00e4n tulee investoida.<\/li>\n<\/ul>\n\n\n\n<p><strong>Suomessa EKOenergian ostaminen on helppoa.<\/strong> Ota yhteytt\u00e4 <a href=\"https:\/\/www.ekoenergy.org\/fi\/buying-ekoenergy\/ask-for-an-offer\/\">EKOenergiaa myyviin yrityksiin<\/a><\/p>\n\n\n\n<p><strong>Lis\u00e4tietoja:<\/strong><\/p>\n\n\n\n<ul class=\"wp-block-list\">\n<li><a href=\"https:\/\/www.ekoenergy.org\/wp-content\/uploads\/10-reasons-to-choose-EKOenergy-leaflet-Finnish.pdf\" target=\"_blank\" rel=\"noreferrer noopener\">10 syyt\u00e4 valita EKOenergia-ymp\u00e4rist\u00f6merkki<\/a> (pdf, 1 sivu)<\/li>\n\n\n\n<li><a aria-label=\"EKOenergia-merkityn sa\u0308hko\u0308n ostajan opas yrityksille, ja\u0308rjesto\u0308ille ja tapahtumille (opens in a new tab)\" href=\"https:\/\/www.ekoenergy.org\/wp-content\/uploads\/Guide-For-Consumers-EKOenergia-Helppo-Ilmastoteko-Finnish.pdf\" target=\"_blank\" rel=\"noreferrer noopener\">EKOenergia-merkityn sa\u0308hko\u0308n ostajan opas yrityksille, ja\u0308rjesto\u0308ille ja tapahtumille<\/a> (pdf)<\/li>\n<\/ul>\n","protected":false},"excerpt":{"rendered":"<p>Osta EKOenergiaa kotiisi, m\u00f6killesi, ty\u00f6paikkaasi&#8230; EKOenergian ostaminen on: Suomessa EKOenergian ostaminen on helppoa. Ota yhteytt\u00e4 EKOenergiaa myyviin yrityksiin Lis\u00e4tietoja:<\/p>\n","protected":false},"author":2,"featured_media":51684,"parent":0,"menu_order":0,"comment_status":"closed","ping_status":"closed","template":"","meta":{"inline_featured_image":false,"_uag_custom_page_level_css":"","site-sidebar-layout":"default","site-content-layout":"default","ast-site-content-layout":"default","site-content-style":"default","site-sidebar-style":"default","ast-global-header-display":"","ast-banner-title-visibility":"","ast-main-header-display":"","ast-hfb-above-header-display":"","ast-hfb-below-header-display":"","ast-hfb-mobile-header-display":"","site-post-title":"disabled","ast-breadcrumbs-content":"","ast-featured-img":"","footer-sml-layout":"","ast-disable-related-posts":"","theme-transparent-header-meta":"default","adv-header-id-meta":"","stick-header-meta":"default","header-above-stick-meta":"","header-main-stick-meta":"","header-below-stick-meta":"","astra-migrate-meta-layouts":"default","ast-page-background-enabled":"default","ast-page-background-meta":{"desktop":{"background-color":"","background-image":"","background-repeat":"repeat","background-position":"center center","background-size":"auto","background-attachment":"scroll","background-type":"","background-media":"","overlay-type":"","overlay-color":"","overlay-opacity":"","overlay-gradient":""},"tablet":{"background-color":"","background-image":"","background-repeat":"repeat","background-position":"center center","background-size":"auto","background-attachment":"scroll","background-type":"","background-media":"","overlay-type":"","overlay-color":"","overlay-opacity":"","overlay-gradient":""},"mobile":{"background-color":"","background-image":"","background-repeat":"repeat","background-position":"center center","background-size":"auto","background-attachment":"scroll","background-type":"","background-media":"","overlay-type":"","overlay-color":"","overlay-opacity":"","overlay-gradient":""}},"ast-content-background-meta":{"desktop":{"background-color":"var(--ast-global-color-5)","background-image":"","background-repeat":"repeat","background-position":"center center","background-size":"auto","background-attachment":"scroll","background-type":"","background-media":"","overlay-type":"","overlay-color":"","overlay-opacity":"","overlay-gradient":""},"tablet":{"background-color":"var(--ast-global-color-5)","background-image":"","background-repeat":"repeat","background-position":"center center","background-size":"auto","background-attachment":"scroll","background-type":"","background-media":"","overlay-type":"","overlay-color":"","overlay-opacity":"","overlay-gradient":""},"mobile":{"background-color":"var(--ast-global-color-5)","background-image":"","background-repeat":"repeat","background-position":"center center","background-size":"auto","background-attachment":"scroll","background-type":"","background-media":"","overlay-type":"","overlay-color":"","overlay-opacity":"","overlay-gradient":""}},"footnotes":""},"class_list":["post-2604","page","type-page","status-publish","has-post-thumbnail","hentry"],"yoast_head":"<!-- This site is optimized with the Yoast SEO plugin v27.3 - https:\/\/yoast.com\/product\/yoast-seo-wordpress\/ -->\n<title>Vaihda EKOenergiaan - EKOenergy ecolabel<\/title>\n<meta name=\"description\" content=\"EKOenergian ostaminen on helppoa. Voit ostaa EKOenergiaa t\u00e4ytt\u00e4m\u00e4ll\u00e4 tarjouspyynt\u00f6lomakkeen tai ottamalla yhteytt\u00e4 EKOenergiaa myyviin yhti\u00f6ihin.\" \/>\n<meta name=\"robots\" content=\"index, follow, max-snippet:-1, max-image-preview:large, max-video-preview:-1\" \/>\n<link rel=\"canonical\" href=\"https:\/\/www.ekoenergy.org\/fi\/buying-ekoenergy\/\" \/>\n<meta property=\"og:locale\" content=\"fi_FI\" \/>\n<meta property=\"og:type\" content=\"article\" \/>\n<meta property=\"og:title\" content=\"Vaihda EKOenergiaan - EKOenergy ecolabel\" \/>\n<meta property=\"og:description\" content=\"EKOenergian ostaminen on helppoa. Voit ostaa EKOenergiaa t\u00e4ytt\u00e4m\u00e4ll\u00e4 tarjouspyynt\u00f6lomakkeen tai ottamalla yhteytt\u00e4 EKOenergiaa myyviin yhti\u00f6ihin.\" \/>\n<meta property=\"og:url\" content=\"https:\/\/www.ekoenergy.org\/fi\/buying-ekoenergy\/\" \/>\n<meta property=\"og:site_name\" content=\"EKOenergy ecolabel\" \/>\n<meta property=\"article:publisher\" content=\"https:\/\/www.facebook.com\/EKOenergy.ecolabel\/\" \/>\n<meta property=\"article:modified_time\" content=\"2022-11-14T18:41:58+00:00\" \/>\n<meta property=\"og:image\" content=\"https:\/\/www.ekoenergy.org\/wp-content\/uploads\/Featured-picture-how-to-buy-EKOenergy.png\" \/>\n\t<meta property=\"og:image:width\" content=\"1214\" \/>\n\t<meta property=\"og:image:height\" content=\"675\" \/>\n\t<meta property=\"og:image:type\" content=\"image\/png\" \/>\n<meta name=\"twitter:card\" content=\"summary_large_image\" \/>\n<meta name=\"twitter:site\" content=\"@EKOenergy_\" \/>\n<meta name=\"twitter:label1\" content=\"Arvioitu lukuaika\" \/>\n\t<meta name=\"twitter:data1\" content=\"1 minuutti\" \/>\n<script type=\"application\/ld+json\" class=\"yoast-schema-graph\">{\"@context\":\"https:\\\/\\\/schema.org\",\"@graph\":[{\"@type\":\"WebPage\",\"@id\":\"https:\\\/\\\/www.ekoenergy.org\\\/fi\\\/buying-ekoenergy\\\/\",\"url\":\"https:\\\/\\\/www.ekoenergy.org\\\/fi\\\/buying-ekoenergy\\\/\",\"name\":\"Vaihda EKOenergiaan - EKOenergy ecolabel\",\"isPartOf\":{\"@id\":\"https:\\\/\\\/www.ekoenergy.org\\\/fi\\\/#website\"},\"primaryImageOfPage\":{\"@id\":\"https:\\\/\\\/www.ekoenergy.org\\\/fi\\\/buying-ekoenergy\\\/#primaryimage\"},\"image\":{\"@id\":\"https:\\\/\\\/www.ekoenergy.org\\\/fi\\\/buying-ekoenergy\\\/#primaryimage\"},\"thumbnailUrl\":\"https:\\\/\\\/www.ekoenergy.org\\\/wp-content\\\/uploads\\\/Featured-picture-how-to-buy-EKOenergy.png\",\"datePublished\":\"2019-12-04T13:45:50+00:00\",\"dateModified\":\"2022-11-14T18:41:58+00:00\",\"description\":\"EKOenergian ostaminen on helppoa. Voit ostaa EKOenergiaa t\u00e4ytt\u00e4m\u00e4ll\u00e4 tarjouspyynt\u00f6lomakkeen tai ottamalla yhteytt\u00e4 EKOenergiaa myyviin yhti\u00f6ihin.\",\"breadcrumb\":{\"@id\":\"https:\\\/\\\/www.ekoenergy.org\\\/fi\\\/buying-ekoenergy\\\/#breadcrumb\"},\"inLanguage\":\"fi\",\"potentialAction\":[{\"@type\":\"ReadAction\",\"target\":[\"https:\\\/\\\/www.ekoenergy.org\\\/fi\\\/buying-ekoenergy\\\/\"]}]},{\"@type\":\"ImageObject\",\"inLanguage\":\"fi\",\"@id\":\"https:\\\/\\\/www.ekoenergy.org\\\/fi\\\/buying-ekoenergy\\\/#primaryimage\",\"url\":\"https:\\\/\\\/www.ekoenergy.org\\\/wp-content\\\/uploads\\\/Featured-picture-how-to-buy-EKOenergy.png\",\"contentUrl\":\"https:\\\/\\\/www.ekoenergy.org\\\/wp-content\\\/uploads\\\/Featured-picture-how-to-buy-EKOenergy.png\",\"width\":1214,\"height\":675},{\"@type\":\"BreadcrumbList\",\"@id\":\"https:\\\/\\\/www.ekoenergy.org\\\/fi\\\/buying-ekoenergy\\\/#breadcrumb\",\"itemListElement\":[{\"@type\":\"ListItem\",\"position\":1,\"name\":\"Home\",\"item\":\"https:\\\/\\\/www.ekoenergy.org\\\/fi\\\/\"},{\"@type\":\"ListItem\",\"position\":2,\"name\":\"Vaihda EKOenergiaan\"}]},{\"@type\":\"WebSite\",\"@id\":\"https:\\\/\\\/www.ekoenergy.org\\\/fi\\\/#website\",\"url\":\"https:\\\/\\\/www.ekoenergy.org\\\/fi\\\/\",\"name\":\"EKOenergy ecolabel\",\"description\":\"The global nonprofit ecolabel for renewable energy\",\"publisher\":{\"@id\":\"https:\\\/\\\/www.ekoenergy.org\\\/fi\\\/#organization\"},\"potentialAction\":[{\"@type\":\"SearchAction\",\"target\":{\"@type\":\"EntryPoint\",\"urlTemplate\":\"https:\\\/\\\/www.ekoenergy.org\\\/fi\\\/?s={search_term_string}\"},\"query-input\":{\"@type\":\"PropertyValueSpecification\",\"valueRequired\":true,\"valueName\":\"search_term_string\"}}],\"inLanguage\":\"fi\"},{\"@type\":\"Organization\",\"@id\":\"https:\\\/\\\/www.ekoenergy.org\\\/fi\\\/#organization\",\"name\":\"Not-for-profit Organisation EKOenergy\",\"url\":\"https:\\\/\\\/www.ekoenergy.org\\\/fi\\\/\",\"logo\":{\"@type\":\"ImageObject\",\"inLanguage\":\"fi\",\"@id\":\"https:\\\/\\\/www.ekoenergy.org\\\/fi\\\/#\\\/schema\\\/logo\\\/image\\\/\",\"url\":\"https:\\\/\\\/www.ekoenergy.org\\\/wp-content\\\/uploads\\\/logo-EKOenergy-no-text.jpg\",\"contentUrl\":\"https:\\\/\\\/www.ekoenergy.org\\\/wp-content\\\/uploads\\\/logo-EKOenergy-no-text.jpg\",\"width\":1600,\"height\":1600,\"caption\":\"Not-for-profit Organisation EKOenergy\"},\"image\":{\"@id\":\"https:\\\/\\\/www.ekoenergy.org\\\/fi\\\/#\\\/schema\\\/logo\\\/image\\\/\"},\"sameAs\":[\"https:\\\/\\\/www.facebook.com\\\/EKOenergy.ecolabel\\\/\",\"https:\\\/\\\/x.com\\\/EKOenergy_\",\"https:\\\/\\\/www.instagram.com\\\/ekoenergy\\\/\",\"https:\\\/\\\/www.linkedin.com\\\/company\\\/ekoenergy-ecolabel\\\/\",\"https:\\\/\\\/www.youtube.com\\\/EKOenergy-ecolabel\",\"https:\\\/\\\/en.wikipedia.org\\\/wiki\\\/EKOenergy\"]}]}<\/script>\n<!-- \/ Yoast SEO plugin. -->","yoast_head_json":{"title":"Vaihda EKOenergiaan - EKOenergy ecolabel","description":"EKOenergian ostaminen on helppoa. Voit ostaa EKOenergiaa t\u00e4ytt\u00e4m\u00e4ll\u00e4 tarjouspyynt\u00f6lomakkeen tai ottamalla yhteytt\u00e4 EKOenergiaa myyviin yhti\u00f6ihin.","robots":{"index":"index","follow":"follow","max-snippet":"max-snippet:-1","max-image-preview":"max-image-preview:large","max-video-preview":"max-video-preview:-1"},"canonical":"https:\/\/www.ekoenergy.org\/fi\/buying-ekoenergy\/","og_locale":"fi_FI","og_type":"article","og_title":"Vaihda EKOenergiaan - EKOenergy ecolabel","og_description":"EKOenergian ostaminen on helppoa. Voit ostaa EKOenergiaa t\u00e4ytt\u00e4m\u00e4ll\u00e4 tarjouspyynt\u00f6lomakkeen tai ottamalla yhteytt\u00e4 EKOenergiaa myyviin yhti\u00f6ihin.","og_url":"https:\/\/www.ekoenergy.org\/fi\/buying-ekoenergy\/","og_site_name":"EKOenergy ecolabel","article_publisher":"https:\/\/www.facebook.com\/EKOenergy.ecolabel\/","article_modified_time":"2022-11-14T18:41:58+00:00","og_image":[{"width":1214,"height":675,"url":"https:\/\/www.ekoenergy.org\/wp-content\/uploads\/Featured-picture-how-to-buy-EKOenergy.png","type":"image\/png"}],"twitter_card":"summary_large_image","twitter_site":"@EKOenergy_","twitter_misc":{"Arvioitu lukuaika":"1 minuutti"},"schema":{"@context":"https:\/\/schema.org","@graph":[{"@type":"WebPage","@id":"https:\/\/www.ekoenergy.org\/fi\/buying-ekoenergy\/","url":"https:\/\/www.ekoenergy.org\/fi\/buying-ekoenergy\/","name":"Vaihda EKOenergiaan - EKOenergy ecolabel","isPartOf":{"@id":"https:\/\/www.ekoenergy.org\/fi\/#website"},"primaryImageOfPage":{"@id":"https:\/\/www.ekoenergy.org\/fi\/buying-ekoenergy\/#primaryimage"},"image":{"@id":"https:\/\/www.ekoenergy.org\/fi\/buying-ekoenergy\/#primaryimage"},"thumbnailUrl":"https:\/\/www.ekoenergy.org\/wp-content\/uploads\/Featured-picture-how-to-buy-EKOenergy.png","datePublished":"2019-12-04T13:45:50+00:00","dateModified":"2022-11-14T18:41:58+00:00","description":"EKOenergian ostaminen on helppoa. Voit ostaa EKOenergiaa t\u00e4ytt\u00e4m\u00e4ll\u00e4 tarjouspyynt\u00f6lomakkeen tai ottamalla yhteytt\u00e4 EKOenergiaa myyviin yhti\u00f6ihin.","breadcrumb":{"@id":"https:\/\/www.ekoenergy.org\/fi\/buying-ekoenergy\/#breadcrumb"},"inLanguage":"fi","potentialAction":[{"@type":"ReadAction","target":["https:\/\/www.ekoenergy.org\/fi\/buying-ekoenergy\/"]}]},{"@type":"ImageObject","inLanguage":"fi","@id":"https:\/\/www.ekoenergy.org\/fi\/buying-ekoenergy\/#primaryimage","url":"https:\/\/www.ekoenergy.org\/wp-content\/uploads\/Featured-picture-how-to-buy-EKOenergy.png","contentUrl":"https:\/\/www.ekoenergy.org\/wp-content\/uploads\/Featured-picture-how-to-buy-EKOenergy.png","width":1214,"height":675},{"@type":"BreadcrumbList","@id":"https:\/\/www.ekoenergy.org\/fi\/buying-ekoenergy\/#breadcrumb","itemListElement":[{"@type":"ListItem","position":1,"name":"Home","item":"https:\/\/www.ekoenergy.org\/fi\/"},{"@type":"ListItem","position":2,"name":"Vaihda EKOenergiaan"}]},{"@type":"WebSite","@id":"https:\/\/www.ekoenergy.org\/fi\/#website","url":"https:\/\/www.ekoenergy.org\/fi\/","name":"EKOenergy ecolabel","description":"The global nonprofit ecolabel for renewable energy","publisher":{"@id":"https:\/\/www.ekoenergy.org\/fi\/#organization"},"potentialAction":[{"@type":"SearchAction","target":{"@type":"EntryPoint","urlTemplate":"https:\/\/www.ekoenergy.org\/fi\/?s={search_term_string}"},"query-input":{"@type":"PropertyValueSpecification","valueRequired":true,"valueName":"search_term_string"}}],"inLanguage":"fi"},{"@type":"Organization","@id":"https:\/\/www.ekoenergy.org\/fi\/#organization","name":"Not-for-profit Organisation EKOenergy","url":"https:\/\/www.ekoenergy.org\/fi\/","logo":{"@type":"ImageObject","inLanguage":"fi","@id":"https:\/\/www.ekoenergy.org\/fi\/#\/schema\/logo\/image\/","url":"https:\/\/www.ekoenergy.org\/wp-content\/uploads\/logo-EKOenergy-no-text.jpg","contentUrl":"https:\/\/www.ekoenergy.org\/wp-content\/uploads\/logo-EKOenergy-no-text.jpg","width":1600,"height":1600,"caption":"Not-for-profit Organisation EKOenergy"},"image":{"@id":"https:\/\/www.ekoenergy.org\/fi\/#\/schema\/logo\/image\/"},"sameAs":["https:\/\/www.facebook.com\/EKOenergy.ecolabel\/","https:\/\/x.com\/EKOenergy_","https:\/\/www.instagram.com\/ekoenergy\/","https:\/\/www.linkedin.com\/company\/ekoenergy-ecolabel\/","https:\/\/www.youtube.com\/EKOenergy-ecolabel","https:\/\/en.wikipedia.org\/wiki\/EKOenergy"]}]}},"uagb_featured_image_src":{"full":["https:\/\/www.ekoenergy.org\/wp-content\/uploads\/Featured-picture-how-to-buy-EKOenergy.png",1214,675,false],"thumbnail":["https:\/\/www.ekoenergy.org\/wp-content\/uploads\/Featured-picture-how-to-buy-EKOenergy-150x150.png",150,150,true],"medium":["https:\/\/www.ekoenergy.org\/wp-content\/uploads\/Featured-picture-how-to-buy-EKOenergy-320x178.png",320,178,true],"medium_large":["https:\/\/www.ekoenergy.org\/wp-content\/uploads\/Featured-picture-how-to-buy-EKOenergy-768x427.png",768,427,true],"large":["https:\/\/www.ekoenergy.org\/wp-content\/uploads\/Featured-picture-how-to-buy-EKOenergy-1024x569.png",1024,569,true],"1536x1536":["https:\/\/www.ekoenergy.org\/wp-content\/uploads\/Featured-picture-how-to-buy-EKOenergy.png",1214,675,false],"2048x2048":["https:\/\/www.ekoenergy.org\/wp-content\/uploads\/Featured-picture-how-to-buy-EKOenergy.png",1214,675,false]},"uagb_author_info":{"display_name":"Steven Vanholme","author_link":"https:\/\/www.ekoenergy.org\/fi\/author\/svanholme\/"},"uagb_comment_info":0,"uagb_excerpt":"Osta EKOenergiaa kotiisi, m\u00f6killesi, ty\u00f6paikkaasi&#8230; EKOenergian ostaminen on: Suomessa EKOenergian ostaminen on helppoa. Ota yhteytt\u00e4 EKOenergiaa myyviin yrityksiin Lis\u00e4tietoja:","_links":{"self":[{"href":"https:\/\/www.ekoenergy.org\/fi\/wp-json\/wp\/v2\/pages\/2604","targetHints":{"allow":["GET"]}}],"collection":[{"href":"https:\/\/www.ekoenergy.org\/fi\/wp-json\/wp\/v2\/pages"}],"about":[{"href":"https:\/\/www.ekoenergy.org\/fi\/wp-json\/wp\/v2\/types\/page"}],"author":[{"embeddable":true,"href":"https:\/\/www.ekoenergy.org\/fi\/wp-json\/wp\/v2\/users\/2"}],"replies":[{"embeddable":true,"href":"https:\/\/www.ekoenergy.org\/fi\/wp-json\/wp\/v2\/comments?post=2604"}],"version-history":[{"count":3,"href":"https:\/\/www.ekoenergy.org\/fi\/wp-json\/wp\/v2\/pages\/2604\/revisions"}],"predecessor-version":[{"id":133461,"href":"https:\/\/www.ekoenergy.org\/fi\/wp-json\/wp\/v2\/pages\/2604\/revisions\/133461"}],"wp:featuredmedia":[{"embeddable":true,"href":"https:\/\/www.ekoenergy.org\/fi\/wp-json\/wp\/v2\/media\/51684"}],"wp:attachment":[{"href":"https:\/\/www.ekoenergy.org\/fi\/wp-json\/wp\/v2\/media?parent=2604"}],"curies":[{"name":"wp","href":"https:\/\/api.w.org\/{rel}","templated":true}]}}