{"id":2725,"date":"2019-12-04T13:56:52","date_gmt":"2019-12-04T13:56:52","guid":{"rendered":"https:\/\/www.ekoenergy.org\/extras\/"},"modified":"2021-11-11T09:38:42","modified_gmt":"2021-11-11T07:38:42","slug":"extras","status":"publish","type":"page","link":"https:\/\/www.ekoenergy.org\/fi\/extras\/","title":{"rendered":"More"},"content":{"rendered":"\n<h1 class=\"wp-block-heading\">Viestinta\u0308materiaalit<\/h1>\n\n\n\n<p>Logomme on <a href=\"https:\/\/www.ekoenergy.org\/fi\/why-buy\/other-standards\/\">kansainva\u0308lisesti tunnustettu viestinta\u0308va\u0308line<\/a>. EKOenergia-merkityn energian ka\u0308ytta\u0308ja\u0308t voivat ka\u0308ytta\u0308a\u0308 logoa julkaisuissaan, rakennuksissaan ja EKOenergialla valmistetuissa tuotteissa.<\/p>\n\n\n\n<div class=\"wp-block-columns is-layout-flex wp-container-core-columns-is-layout-28f84493 wp-block-columns-is-layout-flex\">\n<div class=\"wp-block-column is-layout-flow wp-block-column-is-layout-flow\">\n<div class=\"wp-block-image hover-image\"><figure class=\"aligncenter size-thumbnail\"><a href=\"https:\/\/www.ekoenergy.org\/extras\/logo\/logos\/\"><img decoding=\"async\" width=\"150\" height=\"150\" src=\"https:\/\/www.ekoenergy.org\/wp-content\/uploads\/\/Thumbnail-more-logo-150x150.jpg\" alt=\"\" class=\"wp-image-39740\" srcset=\"https:\/\/www.ekoenergy.org\/wp-content\/uploads\/Thumbnail-more-logo-150x150.jpg 150w, https:\/\/www.ekoenergy.org\/wp-content\/uploads\/Thumbnail-more-logo-320x320.jpg 320w, https:\/\/www.ekoenergy.org\/wp-content\/uploads\/Thumbnail-more-logo.jpg 429w\" sizes=\"(max-width: 150px) 100vw, 150px\" \/><\/a><figcaption><em>EKOenergian logo eri kielilla\u0308<\/em><\/figcaption><\/figure><\/div>\n\n\n\n<p class=\"has-text-align-center\" style=\"font-size:14px\"><em> <\/em><\/p>\n<\/div>\n\n\n\n<div class=\"wp-block-column is-layout-flow wp-block-column-is-layout-flow\">\n<div class=\"wp-block-image hover-image\"><figure class=\"aligncenter size-thumbnail\"><a href=\"https:\/\/www.ekoenergy.org\/extras\/downloadables\/\"><img decoding=\"async\" width=\"150\" height=\"150\" src=\"https:\/\/www.ekoenergy.org\/wp-content\/uploads\/\/Thumbnail-More-Leaflets-150x150.jpg\" alt=\"\" class=\"wp-image-39687\" srcset=\"https:\/\/www.ekoenergy.org\/wp-content\/uploads\/Thumbnail-More-Leaflets-150x150.jpg 150w, https:\/\/www.ekoenergy.org\/wp-content\/uploads\/Thumbnail-More-Leaflets-320x319.jpg 320w, https:\/\/www.ekoenergy.org\/wp-content\/uploads\/Thumbnail-More-Leaflets.jpg 558w\" sizes=\"(max-width: 150px) 100vw, 150px\" \/><\/a><figcaption> <em>Esitteita\u0308 ja infolehtia\u0308 eri kielilla\u0308  <\/em><\/figcaption><\/figure><\/div>\n<\/div>\n\n\n\n<div class=\"wp-block-column is-layout-flow wp-block-column-is-layout-flow\">\n<div class=\"wp-block-image hover-image\"><figure class=\"aligncenter size-thumbnail\"><a href=\"https:\/\/www.ekoenergy.org\/wp-content\/uploads\/EKOenergy-Brand-book-Finnish.pdf\" target=\"_blank\" rel=\"noreferrer noopener\"><img decoding=\"async\" width=\"150\" height=\"150\" src=\"https:\/\/www.ekoenergy.org\/wp-content\/uploads\/\/Thumbnail-more-use-of-the-logo-150x150.jpg\" alt=\"\" class=\"wp-image-39671\" srcset=\"https:\/\/www.ekoenergy.org\/wp-content\/uploads\/Thumbnail-more-use-of-the-logo-150x150.jpg 150w, https:\/\/www.ekoenergy.org\/wp-content\/uploads\/Thumbnail-more-use-of-the-logo-320x320.jpg 320w, https:\/\/www.ekoenergy.org\/wp-content\/uploads\/Thumbnail-more-use-of-the-logo.jpg 540w\" sizes=\"(max-width: 150px) 100vw, 150px\" \/><\/a><figcaption><em>Kuinka ka\u0308ytta\u0308a\u0308 logoa: EKOenergian bra\u0308ndikirja<\/em><\/figcaption><\/figure><\/div>\n\n\n\n<p class=\"has-text-align-center\" style=\"font-size:14px\"><em> <\/em><\/p>\n<\/div>\n\n\n\n<div class=\"wp-block-column is-layout-flow wp-block-column-is-layout-flow\">\n<div class=\"wp-block-image hover-image\"><figure class=\"aligncenter size-thumbnail\"><a href=\"https:\/\/www.ekoenergy.org\/extras\/downloadables\/ekoenergy-comic\/\"><img loading=\"lazy\" decoding=\"async\" width=\"150\" height=\"150\" src=\"https:\/\/www.ekoenergy.org\/wp-content\/uploads\/\/Thumbnail-More-Comic-150x150.jpg\" alt=\"\" class=\"wp-image-39656\" srcset=\"https:\/\/www.ekoenergy.org\/wp-content\/uploads\/Thumbnail-More-Comic-150x150.jpg 150w, https:\/\/www.ekoenergy.org\/wp-content\/uploads\/Thumbnail-More-Comic-320x319.jpg 320w, https:\/\/www.ekoenergy.org\/wp-content\/uploads\/Thumbnail-More-Comic.jpg 535w\" sizes=\"(max-width: 150px) 100vw, 150px\" \/><\/a><figcaption><em>Sarjakuva EKOenergiasta, saatavilla 30 eri kielella\u0308 <\/em><\/figcaption><\/figure><\/div>\n\n\n\n<p class=\"has-text-align-center\" style=\"font-size:14px\"><em> <\/em><\/p>\n<\/div>\n<\/div>\n\n\n\n<h2 class=\"wp-block-heading\">Videoita EKOenergian YouTube kanavalla<\/h2>\n\n\n\n<ul class=\"wp-block-list\"><li>EKOenergia YouTubessa: <a aria-label=\"https:\/\/www.youtube.com\/EKOenergy-ecolabel (opens in a new tab)\" href=\"https:\/\/www.youtube.com\/EKOenergy-ecolabel\" target=\"_blank\" rel=\"noreferrer noopener\">https:\/\/www.youtube.com\/EKOenergy-ecolabel<\/a><\/li><\/ul>\n\n\n\n<figure class=\"wp-block-embed is-type-video is-provider-youtube wp-block-embed-youtube wp-embed-aspect-16-9 wp-has-aspect-ratio\"><div class=\"wp-block-embed__wrapper\">\n<iframe title=\"EKOenergy for breweries - Switch to EKOenergy-labelled energy and use our logo on your products\" width=\"500\" height=\"281\" src=\"https:\/\/www.youtube.com\/embed\/Pv0AXqAkAxw?feature=oembed\" frameborder=\"0\" allow=\"accelerometer; autoplay; clipboard-write; encrypted-media; gyroscope; picture-in-picture; web-share\" referrerpolicy=\"strict-origin-when-cross-origin\" allowfullscreen><\/iframe>\n<\/div><\/figure>\n\n\n\n<h2 class=\"wp-block-heading\">Kuvia EKOenergian Flickr sivuilla: <\/h2>\n\n\n\n<ul class=\"wp-block-list\"><li>EKOenergian albumit Flickr:ssa: <a aria-label=\"EKOenergy Ecolabel (opens in a new tab)\" href=\"https:\/\/www.flickr.com\/photos\/124763508@N03\/albums\/with\/72157671315955646\" target=\"_blank\" rel=\"noreferrer noopener\">EKOenergy Ecolabel<\/a><\/li><\/ul>\n\n\n\n<p><\/p>\n","protected":false},"excerpt":{"rendered":"<p>Viestinta\u0308materiaalit Logomme on kansainva\u0308lisesti tunnustettu viestinta\u0308va\u0308line. EKOenergia-merkityn energian ka\u0308ytta\u0308ja\u0308t voivat ka\u0308ytta\u0308a\u0308 logoa julkaisuissaan, rakennuksissaan ja EKOenergialla valmistetuissa tuotteissa. Videoita EKOenergian YouTube kanavalla EKOenergia YouTubessa: https:\/\/www.youtube.com\/EKOenergy-ecolabel Kuvia EKOenergian Flickr sivuilla: EKOenergian albumit Flickr:ssa: EKOenergy Ecolabel<\/p>\n","protected":false},"author":17,"featured_media":32461,"parent":0,"menu_order":0,"comment_status":"closed","ping_status":"closed","template":"","meta":{"inline_featured_image":false,"_uag_custom_page_level_css":"","site-sidebar-layout":"default","site-content-layout":"default","ast-site-content-layout":"default","site-content-style":"default","site-sidebar-style":"default","ast-global-header-display":"","ast-banner-title-visibility":"","ast-main-header-display":"","ast-hfb-above-header-display":"","ast-hfb-below-header-display":"","ast-hfb-mobile-header-display":"","site-post-title":"disabled","ast-breadcrumbs-content":"","ast-featured-img":"","footer-sml-layout":"","ast-disable-related-posts":"","theme-transparent-header-meta":"default","adv-header-id-meta":"","stick-header-meta":"default","header-above-stick-meta":"","header-main-stick-meta":"","header-below-stick-meta":"","astra-migrate-meta-layouts":"default","ast-page-background-enabled":"default","ast-page-background-meta":{"desktop":{"background-color":"","background-image":"","background-repeat":"repeat","background-position":"center center","background-size":"auto","background-attachment":"scroll","background-type":"","background-media":"","overlay-type":"","overlay-color":"","overlay-opacity":"","overlay-gradient":""},"tablet":{"background-color":"","background-image":"","background-repeat":"repeat","background-position":"center center","background-size":"auto","background-attachment":"scroll","background-type":"","background-media":"","overlay-type":"","overlay-color":"","overlay-opacity":"","overlay-gradient":""},"mobile":{"background-color":"","background-image":"","background-repeat":"repeat","background-position":"center center","background-size":"auto","background-attachment":"scroll","background-type":"","background-media":"","overlay-type":"","overlay-color":"","overlay-opacity":"","overlay-gradient":""}},"ast-content-background-meta":{"desktop":{"background-color":"var(--ast-global-color-5)","background-image":"","background-repeat":"repeat","background-position":"center center","background-size":"auto","background-attachment":"scroll","background-type":"","background-media":"","overlay-type":"","overlay-color":"","overlay-opacity":"","overlay-gradient":""},"tablet":{"background-color":"var(--ast-global-color-5)","background-image":"","background-repeat":"repeat","background-position":"center center","background-size":"auto","background-attachment":"scroll","background-type":"","background-media":"","overlay-type":"","overlay-color":"","overlay-opacity":"","overlay-gradient":""},"mobile":{"background-color":"var(--ast-global-color-5)","background-image":"","background-repeat":"repeat","background-position":"center center","background-size":"auto","background-attachment":"scroll","background-type":"","background-media":"","overlay-type":"","overlay-color":"","overlay-opacity":"","overlay-gradient":""}},"footnotes":""},"class_list":["post-2725","page","type-page","status-publish","has-post-thumbnail","hentry"],"yoast_head":"<!-- This site is optimized with the Yoast SEO plugin v27.3 - https:\/\/yoast.com\/product\/yoast-seo-wordpress\/ -->\n<title>More - EKOenergy ecolabel<\/title>\n<meta name=\"description\" content=\"Logomme on kansainva\u0308lisesti tunnustettu viestinta\u0308va\u0308line. EKOenergia-merkityn energian ka\u0308ytta\u0308ja\u0308t voivat ka\u0308ytta\u0308a\u0308 logoa viestinn\u00e4ss\u00e4\u00e4n.\" \/>\n<meta name=\"robots\" content=\"index, follow, max-snippet:-1, max-image-preview:large, max-video-preview:-1\" \/>\n<link rel=\"canonical\" href=\"https:\/\/www.ekoenergy.org\/fi\/extras\/\" \/>\n<meta property=\"og:locale\" content=\"fi_FI\" \/>\n<meta property=\"og:type\" content=\"article\" \/>\n<meta property=\"og:title\" content=\"More - EKOenergy ecolabel\" \/>\n<meta property=\"og:description\" content=\"Logomme on kansainva\u0308lisesti tunnustettu viestinta\u0308va\u0308line. EKOenergia-merkityn energian ka\u0308ytta\u0308ja\u0308t voivat ka\u0308ytta\u0308a\u0308 logoa viestinn\u00e4ss\u00e4\u00e4n.\" \/>\n<meta property=\"og:url\" content=\"https:\/\/www.ekoenergy.org\/fi\/extras\/\" \/>\n<meta property=\"og:site_name\" content=\"EKOenergy ecolabel\" \/>\n<meta property=\"article:publisher\" content=\"https:\/\/www.facebook.com\/EKOenergy.ecolabel\/\" \/>\n<meta property=\"article:modified_time\" content=\"2021-11-11T07:38:42+00:00\" \/>\n<meta property=\"og:image\" content=\"https:\/\/www.ekoenergy.org\/wp-content\/uploads\/Featured-EKOenergy-megaphone.jpg\" \/>\n\t<meta property=\"og:image:width\" content=\"697\" \/>\n\t<meta property=\"og:image:height\" content=\"510\" \/>\n\t<meta property=\"og:image:type\" content=\"image\/jpeg\" \/>\n<meta name=\"twitter:card\" content=\"summary_large_image\" \/>\n<meta name=\"twitter:site\" content=\"@EKOenergy_\" \/>\n<meta name=\"twitter:label1\" content=\"Arvioitu lukuaika\" \/>\n\t<meta name=\"twitter:data1\" content=\"2 minuuttia\" \/>\n<script type=\"application\/ld+json\" class=\"yoast-schema-graph\">{\"@context\":\"https:\\\/\\\/schema.org\",\"@graph\":[{\"@type\":\"WebPage\",\"@id\":\"https:\\\/\\\/www.ekoenergy.org\\\/fi\\\/extras\\\/\",\"url\":\"https:\\\/\\\/www.ekoenergy.org\\\/fi\\\/extras\\\/\",\"name\":\"More - EKOenergy ecolabel\",\"isPartOf\":{\"@id\":\"https:\\\/\\\/www.ekoenergy.org\\\/fi\\\/#website\"},\"primaryImageOfPage\":{\"@id\":\"https:\\\/\\\/www.ekoenergy.org\\\/fi\\\/extras\\\/#primaryimage\"},\"image\":{\"@id\":\"https:\\\/\\\/www.ekoenergy.org\\\/fi\\\/extras\\\/#primaryimage\"},\"thumbnailUrl\":\"https:\\\/\\\/www.ekoenergy.org\\\/wp-content\\\/uploads\\\/Featured-EKOenergy-megaphone.jpg\",\"datePublished\":\"2019-12-04T13:56:52+00:00\",\"dateModified\":\"2021-11-11T07:38:42+00:00\",\"description\":\"Logomme on kansainva\u0308lisesti tunnustettu viestinta\u0308va\u0308line. EKOenergia-merkityn energian ka\u0308ytta\u0308ja\u0308t voivat ka\u0308ytta\u0308a\u0308 logoa viestinn\u00e4ss\u00e4\u00e4n.\",\"breadcrumb\":{\"@id\":\"https:\\\/\\\/www.ekoenergy.org\\\/fi\\\/extras\\\/#breadcrumb\"},\"inLanguage\":\"fi\",\"potentialAction\":[{\"@type\":\"ReadAction\",\"target\":[\"https:\\\/\\\/www.ekoenergy.org\\\/fi\\\/extras\\\/\"]}]},{\"@type\":\"ImageObject\",\"inLanguage\":\"fi\",\"@id\":\"https:\\\/\\\/www.ekoenergy.org\\\/fi\\\/extras\\\/#primaryimage\",\"url\":\"https:\\\/\\\/www.ekoenergy.org\\\/wp-content\\\/uploads\\\/Featured-EKOenergy-megaphone.jpg\",\"contentUrl\":\"https:\\\/\\\/www.ekoenergy.org\\\/wp-content\\\/uploads\\\/Featured-EKOenergy-megaphone.jpg\",\"width\":697,\"height\":510},{\"@type\":\"BreadcrumbList\",\"@id\":\"https:\\\/\\\/www.ekoenergy.org\\\/fi\\\/extras\\\/#breadcrumb\",\"itemListElement\":[{\"@type\":\"ListItem\",\"position\":1,\"name\":\"Home\",\"item\":\"https:\\\/\\\/www.ekoenergy.org\\\/fi\\\/\"},{\"@type\":\"ListItem\",\"position\":2,\"name\":\"More\"}]},{\"@type\":\"WebSite\",\"@id\":\"https:\\\/\\\/www.ekoenergy.org\\\/fi\\\/#website\",\"url\":\"https:\\\/\\\/www.ekoenergy.org\\\/fi\\\/\",\"name\":\"EKOenergy ecolabel\",\"description\":\"The global nonprofit ecolabel for renewable energy\",\"publisher\":{\"@id\":\"https:\\\/\\\/www.ekoenergy.org\\\/fi\\\/#organization\"},\"potentialAction\":[{\"@type\":\"SearchAction\",\"target\":{\"@type\":\"EntryPoint\",\"urlTemplate\":\"https:\\\/\\\/www.ekoenergy.org\\\/fi\\\/?s={search_term_string}\"},\"query-input\":{\"@type\":\"PropertyValueSpecification\",\"valueRequired\":true,\"valueName\":\"search_term_string\"}}],\"inLanguage\":\"fi\"},{\"@type\":\"Organization\",\"@id\":\"https:\\\/\\\/www.ekoenergy.org\\\/fi\\\/#organization\",\"name\":\"Not-for-profit Organisation EKOenergy\",\"url\":\"https:\\\/\\\/www.ekoenergy.org\\\/fi\\\/\",\"logo\":{\"@type\":\"ImageObject\",\"inLanguage\":\"fi\",\"@id\":\"https:\\\/\\\/www.ekoenergy.org\\\/fi\\\/#\\\/schema\\\/logo\\\/image\\\/\",\"url\":\"https:\\\/\\\/www.ekoenergy.org\\\/wp-content\\\/uploads\\\/logo-EKOenergy-no-text.jpg\",\"contentUrl\":\"https:\\\/\\\/www.ekoenergy.org\\\/wp-content\\\/uploads\\\/logo-EKOenergy-no-text.jpg\",\"width\":1600,\"height\":1600,\"caption\":\"Not-for-profit Organisation EKOenergy\"},\"image\":{\"@id\":\"https:\\\/\\\/www.ekoenergy.org\\\/fi\\\/#\\\/schema\\\/logo\\\/image\\\/\"},\"sameAs\":[\"https:\\\/\\\/www.facebook.com\\\/EKOenergy.ecolabel\\\/\",\"https:\\\/\\\/x.com\\\/EKOenergy_\",\"https:\\\/\\\/www.instagram.com\\\/ekoenergy\\\/\",\"https:\\\/\\\/www.linkedin.com\\\/company\\\/ekoenergy-ecolabel\\\/\",\"https:\\\/\\\/www.youtube.com\\\/EKOenergy-ecolabel\",\"https:\\\/\\\/en.wikipedia.org\\\/wiki\\\/EKOenergy\"]}]}<\/script>\n<!-- \/ Yoast SEO plugin. -->","yoast_head_json":{"title":"More - EKOenergy ecolabel","description":"Logomme on kansainva\u0308lisesti tunnustettu viestinta\u0308va\u0308line. EKOenergia-merkityn energian ka\u0308ytta\u0308ja\u0308t voivat ka\u0308ytta\u0308a\u0308 logoa viestinn\u00e4ss\u00e4\u00e4n.","robots":{"index":"index","follow":"follow","max-snippet":"max-snippet:-1","max-image-preview":"max-image-preview:large","max-video-preview":"max-video-preview:-1"},"canonical":"https:\/\/www.ekoenergy.org\/fi\/extras\/","og_locale":"fi_FI","og_type":"article","og_title":"More - EKOenergy ecolabel","og_description":"Logomme on kansainva\u0308lisesti tunnustettu viestinta\u0308va\u0308line. EKOenergia-merkityn energian ka\u0308ytta\u0308ja\u0308t voivat ka\u0308ytta\u0308a\u0308 logoa viestinn\u00e4ss\u00e4\u00e4n.","og_url":"https:\/\/www.ekoenergy.org\/fi\/extras\/","og_site_name":"EKOenergy ecolabel","article_publisher":"https:\/\/www.facebook.com\/EKOenergy.ecolabel\/","article_modified_time":"2021-11-11T07:38:42+00:00","og_image":[{"width":697,"height":510,"url":"https:\/\/www.ekoenergy.org\/wp-content\/uploads\/Featured-EKOenergy-megaphone.jpg","type":"image\/jpeg"}],"twitter_card":"summary_large_image","twitter_site":"@EKOenergy_","twitter_misc":{"Arvioitu lukuaika":"2 minuuttia"},"schema":{"@context":"https:\/\/schema.org","@graph":[{"@type":"WebPage","@id":"https:\/\/www.ekoenergy.org\/fi\/extras\/","url":"https:\/\/www.ekoenergy.org\/fi\/extras\/","name":"More - EKOenergy ecolabel","isPartOf":{"@id":"https:\/\/www.ekoenergy.org\/fi\/#website"},"primaryImageOfPage":{"@id":"https:\/\/www.ekoenergy.org\/fi\/extras\/#primaryimage"},"image":{"@id":"https:\/\/www.ekoenergy.org\/fi\/extras\/#primaryimage"},"thumbnailUrl":"https:\/\/www.ekoenergy.org\/wp-content\/uploads\/Featured-EKOenergy-megaphone.jpg","datePublished":"2019-12-04T13:56:52+00:00","dateModified":"2021-11-11T07:38:42+00:00","description":"Logomme on kansainva\u0308lisesti tunnustettu viestinta\u0308va\u0308line. EKOenergia-merkityn energian ka\u0308ytta\u0308ja\u0308t voivat ka\u0308ytta\u0308a\u0308 logoa viestinn\u00e4ss\u00e4\u00e4n.","breadcrumb":{"@id":"https:\/\/www.ekoenergy.org\/fi\/extras\/#breadcrumb"},"inLanguage":"fi","potentialAction":[{"@type":"ReadAction","target":["https:\/\/www.ekoenergy.org\/fi\/extras\/"]}]},{"@type":"ImageObject","inLanguage":"fi","@id":"https:\/\/www.ekoenergy.org\/fi\/extras\/#primaryimage","url":"https:\/\/www.ekoenergy.org\/wp-content\/uploads\/Featured-EKOenergy-megaphone.jpg","contentUrl":"https:\/\/www.ekoenergy.org\/wp-content\/uploads\/Featured-EKOenergy-megaphone.jpg","width":697,"height":510},{"@type":"BreadcrumbList","@id":"https:\/\/www.ekoenergy.org\/fi\/extras\/#breadcrumb","itemListElement":[{"@type":"ListItem","position":1,"name":"Home","item":"https:\/\/www.ekoenergy.org\/fi\/"},{"@type":"ListItem","position":2,"name":"More"}]},{"@type":"WebSite","@id":"https:\/\/www.ekoenergy.org\/fi\/#website","url":"https:\/\/www.ekoenergy.org\/fi\/","name":"EKOenergy ecolabel","description":"The global nonprofit ecolabel for renewable energy","publisher":{"@id":"https:\/\/www.ekoenergy.org\/fi\/#organization"},"potentialAction":[{"@type":"SearchAction","target":{"@type":"EntryPoint","urlTemplate":"https:\/\/www.ekoenergy.org\/fi\/?s={search_term_string}"},"query-input":{"@type":"PropertyValueSpecification","valueRequired":true,"valueName":"search_term_string"}}],"inLanguage":"fi"},{"@type":"Organization","@id":"https:\/\/www.ekoenergy.org\/fi\/#organization","name":"Not-for-profit Organisation EKOenergy","url":"https:\/\/www.ekoenergy.org\/fi\/","logo":{"@type":"ImageObject","inLanguage":"fi","@id":"https:\/\/www.ekoenergy.org\/fi\/#\/schema\/logo\/image\/","url":"https:\/\/www.ekoenergy.org\/wp-content\/uploads\/logo-EKOenergy-no-text.jpg","contentUrl":"https:\/\/www.ekoenergy.org\/wp-content\/uploads\/logo-EKOenergy-no-text.jpg","width":1600,"height":1600,"caption":"Not-for-profit Organisation EKOenergy"},"image":{"@id":"https:\/\/www.ekoenergy.org\/fi\/#\/schema\/logo\/image\/"},"sameAs":["https:\/\/www.facebook.com\/EKOenergy.ecolabel\/","https:\/\/x.com\/EKOenergy_","https:\/\/www.instagram.com\/ekoenergy\/","https:\/\/www.linkedin.com\/company\/ekoenergy-ecolabel\/","https:\/\/www.youtube.com\/EKOenergy-ecolabel","https:\/\/en.wikipedia.org\/wiki\/EKOenergy"]}]}},"uagb_featured_image_src":{"full":["https:\/\/www.ekoenergy.org\/wp-content\/uploads\/Featured-EKOenergy-megaphone.jpg",697,510,false],"thumbnail":["https:\/\/www.ekoenergy.org\/wp-content\/uploads\/Featured-EKOenergy-megaphone-150x150.jpg",150,150,true],"medium":["https:\/\/www.ekoenergy.org\/wp-content\/uploads\/Featured-EKOenergy-megaphone-320x234.jpg",320,234,true],"medium_large":["https:\/\/www.ekoenergy.org\/wp-content\/uploads\/Featured-EKOenergy-megaphone.jpg",697,510,false],"large":["https:\/\/www.ekoenergy.org\/wp-content\/uploads\/Featured-EKOenergy-megaphone.jpg",697,510,false],"1536x1536":["https:\/\/www.ekoenergy.org\/wp-content\/uploads\/Featured-EKOenergy-megaphone.jpg",697,510,false],"2048x2048":["https:\/\/www.ekoenergy.org\/wp-content\/uploads\/Featured-EKOenergy-megaphone.jpg",697,510,false]},"uagb_author_info":{"display_name":"EKOenergy ecolabel","author_link":"https:\/\/www.ekoenergy.org\/fi\/author\/ekoenergy\/"},"uagb_comment_info":0,"uagb_excerpt":"Viestinta\u0308materiaalit Logomme on kansainva\u0308lisesti tunnustettu viestinta\u0308va\u0308line. EKOenergia-merkityn energian ka\u0308ytta\u0308ja\u0308t voivat ka\u0308ytta\u0308a\u0308 logoa julkaisuissaan, rakennuksissaan ja EKOenergialla valmistetuissa tuotteissa. Videoita EKOenergian YouTube kanavalla EKOenergia YouTubessa: https:\/\/www.youtube.com\/EKOenergy-ecolabel Kuvia EKOenergian Flickr sivuilla: EKOenergian albumit Flickr:ssa: EKOenergy Ecolabel","_links":{"self":[{"href":"https:\/\/www.ekoenergy.org\/fi\/wp-json\/wp\/v2\/pages\/2725","targetHints":{"allow":["GET"]}}],"collection":[{"href":"https:\/\/www.ekoenergy.org\/fi\/wp-json\/wp\/v2\/pages"}],"about":[{"href":"https:\/\/www.ekoenergy.org\/fi\/wp-json\/wp\/v2\/types\/page"}],"author":[{"embeddable":true,"href":"https:\/\/www.ekoenergy.org\/fi\/wp-json\/wp\/v2\/users\/17"}],"replies":[{"embeddable":true,"href":"https:\/\/www.ekoenergy.org\/fi\/wp-json\/wp\/v2\/comments?post=2725"}],"version-history":[{"count":3,"href":"https:\/\/www.ekoenergy.org\/fi\/wp-json\/wp\/v2\/pages\/2725\/revisions"}],"predecessor-version":[{"id":107574,"href":"https:\/\/www.ekoenergy.org\/fi\/wp-json\/wp\/v2\/pages\/2725\/revisions\/107574"}],"wp:featuredmedia":[{"embeddable":true,"href":"https:\/\/www.ekoenergy.org\/fi\/wp-json\/wp\/v2\/media\/32461"}],"wp:attachment":[{"href":"https:\/\/www.ekoenergy.org\/fi\/wp-json\/wp\/v2\/media?parent=2725"}],"curies":[{"name":"wp","href":"https:\/\/api.w.org\/{rel}","templated":true}]}}