{"id":2809,"date":"2019-12-04T13:51:33","date_gmt":"2019-12-04T13:51:33","guid":{"rendered":"https:\/\/www.ekoenergy.org\/our-results\/"},"modified":"2026-02-13T17:39:55","modified_gmt":"2026-02-13T15:39:55","slug":"our-results","status":"publish","type":"page","link":"https:\/\/www.ekoenergy.org\/fi\/our-results\/","title":{"rendered":"Tuloksemme"},"content":{"rendered":"\n<h1 class=\"wp-block-heading\">Tuloksemme<\/h1>\n\n\n\n<figure class=\"wp-block-image alignright size-medium\"><img fetchpriority=\"high\" decoding=\"async\" width=\"320\" height=\"365\" src=\"https:\/\/www.ekoenergy.org\/wp-content\/uploads\/\/One-label-17-goals-SDGsEKOenergy-Sustainable-Development-Goals-320x365.png\" alt=\"\" class=\"wp-image-181747\" srcset=\"https:\/\/www.ekoenergy.org\/wp-content\/uploads\/One-label-17-goals-SDGsEKOenergy-Sustainable-Development-Goals-320x365.png 320w, https:\/\/www.ekoenergy.org\/wp-content\/uploads\/One-label-17-goals-SDGsEKOenergy-Sustainable-Development-Goals-898x1024.png 898w, https:\/\/www.ekoenergy.org\/wp-content\/uploads\/One-label-17-goals-SDGsEKOenergy-Sustainable-Development-Goals-768x876.png 768w, https:\/\/www.ekoenergy.org\/wp-content\/uploads\/One-label-17-goals-SDGsEKOenergy-Sustainable-Development-Goals-1346x1536.png 1346w, https:\/\/www.ekoenergy.org\/wp-content\/uploads\/One-label-17-goals-SDGsEKOenergy-Sustainable-Development-Goals.png 1554w\" sizes=\"(max-width: 320px) 100vw, 320px\" \/><\/figure>\n\n\n\n<p>EKOenergia pyrkii suojelemaan luontoa ja torjumaan ilmastonmuutosta erityisesti auttamalla energiankuluttajia siirtym\u00e4\u00e4n t\u00e4ysin kest\u00e4v\u00e4\u00e4n ja uusiutuvaan energiaan. Olemme p\u00e4\u00e4sseet pitk\u00e4lle sitten perustamisemme vuonna 2013. <\/p>\n\n\n\n<p>Pyrimme lis\u00e4\u00e4m\u00e4\u00e4n uusiutuvaa energiaa maailmanlaajuisesti olemalla yhteydess\u00e4 suuriin energiankuluttajiin sek\u00e4 tekem\u00e4ll\u00e4 yhteisty\u00f6t\u00e4 ymp\u00e4rist\u00f6j\u00e4rjest\u00f6jen ja yritysten yhteiskuntavastuuseen keskittyvien verkostojen kanssa. <a href=\"https:\/\/www.ekoenergy.org\/fi\/our-results\/climate-fund\/\">Ilmastorahastomme<\/a> varoilla rahoitetaan uusiutuvan energian projekteja kehittyviss\u00e4 maissa, ja niiden tavoitteena on energiak\u00f6yhyyden helpottaminen. <a href=\"https:\/\/www.ekoenergy.org\/fi\/our-results\/environmental-fund\/\">Virtavesirahastomme<\/a> kautta rahoitamme vahingoittuneiden jokiekosysteemien ennallistamishankkeita.<\/p>\n\n\n\n<p>Jos haluat perehty\u00e4 tarkemmin siihen, miten EKOenergia-ymp\u00e4rist\u00f6merkki edist\u00e4\u00e4 kest\u00e4v\u00e4n kehityksen tavoitteiden saavuttamista, voit tutustua Yhdistyneiden kansakuntien taloudellisten ja sosiaalisten asioiden osaston <a href=\"https:\/\/www.ekoenergy.org\/fi\/ekoenergy-is-featured-in-un-desa-sdg-publication\/\">SDG Good Practices<\/a> -julkaisuun.<\/p>\n\n\n\n<h2 class=\"wp-block-heading\">Ty\u00f6kaluja kuluttajien vaikutusty\u00f6h\u00f6n<\/h2>\n\n\n\n<p>Monissa paikoissa ymp\u00e4ri maailman kuluttajien rooli energiamarkkinoilla on hyvin rajallinen. Monille on vaikeaa tai jopa mahdotonta valita vihre\u00e4\u00e4 energiaa tai osallistua aktiivisesti energiamurrokseen. EKOenergia on mukana kehitt\u00e4m\u00e4ss\u00e4 v\u00e4lineit\u00e4, jotka tarjoavat kuluttajille enemm\u00e4n vaihtoehtoja. Alla muutamia t\u00e4rkeimpi\u00e4 saavutuksiamme:<\/p>\n\n\n\n<ul class=\"wp-block-list\">\n<li>Osallistuimme merkitt\u00e4v\u00e4ll\u00e4 tavalla Greenhouse Gas Protocol Scope 2 Guidance -ohjeistuksen kehitt\u00e4miseen. Olemme laatineet t\u00e4st\u00e4 tekstist\u00e4 <a href=\"https:\/\/www.ekoenergy.org\/fi\/why-buy\/carbon-footprinting\/\">tiivistelm\u00e4n maakohtaisine tietoineen 19 kielell\u00e4<\/a>. <\/li>\n\n\n\n<li>Olimme ensimm\u00e4isten joukossa hyv\u00e4ksym\u00e4ss\u00e4 I-REC:n, joka on uusiutuvan energian sertifikaattien kansainv\u00e4linen standardi. I-REC mahdollistaa energian j\u00e4ljitt\u00e4misen Euroopan ja Yhdysvaltojen ulkopuolella, ja olimme ensimm\u00e4isten joukossa soveltamassa standardia esimerkiksi Kiinassa ja Brasiliassa.<\/li>\n\n\n\n<li>Olemme laatineet paljon tiedotusmateriaalia vihre\u00e4st\u00e4 energiasta yleisesti ja erityisesti uusiutuvan s\u00e4hk\u00f6n ostamisesta. Monet julkaisumme ovat saatavilla useilla eri kielill\u00e4. Teimme esimerkiksi verkkokurssin <a href=\"https:\/\/youtu.be\/udpm6taiDcQ\" target=\"_blank\" rel=\"noreferrer noopener\">Green Power \u2013 buying renewable electricity for LEED and carbon accounting<\/a> yhteisty\u00f6ss\u00e4 LEEDin ja USGBCn (Yhdysvaltain vihre\u00e4n rakentamisen neuvosto) kanssa, ja se on saatavana nelj\u00e4ll\u00e4 kielell\u00e4. <\/li>\n<\/ul>\n\n\n\n<h2 class=\"wp-block-heading\">T\u00e4ysin kest\u00e4v\u00e4\u00e4n kehitykseen perustuvan maailman tukeminen<\/h2>\n\n\n\n<p>EKOenergia-merkki toimii v\u00e4lineen\u00e4, jolla edistet\u00e4\u00e4n uusiutuvan energian k\u00e4ytt\u00f6\u00e4. EKOenergia-merkitty\u00e4 s\u00e4hk\u00f6\u00e4 on nyt <strong>saatavilla yli 60 maassa maailmanlaajuisesti<\/strong>. Yh\u00e4 useammat yritykset viestiv\u00e4t aktiivisesti sitoutumisestaan ymp\u00e4rist\u00f6\u00e4 suojelevaan kest\u00e4v\u00e4\u00e4n energiaan.<\/p>\n\n\n\n<p>Kun n\u00e4kyvyytemme ja my\u00f6nteinen vaikutuksemme kasvaa, voimme panostaa entist\u00e4 enemm\u00e4n siihen, ett\u00e4 uusiutuvista energial\u00e4hteist\u00e4 tulisi normi. Konkreettisten tulosten lis\u00e4ksi edist\u00e4mme uusiutuvien energial\u00e4hteiden k\u00e4ytt\u00f6\u00e4 keinona tukea ilmastotoimia.<\/p>\n\n\n\n<p>Olemme j\u00e4senen\u00e4&nbsp;<a href=\"https:\/\/www.caneurope.org\/\" target=\"_blank\" rel=\"noreferrer noopener\">Climate Action Network (Europe)<\/a> -j\u00e4rjest\u00f6ss\u00e4, <a href=\"https:\/\/www.go100re.net\/\" target=\"_blank\" rel=\"noreferrer noopener\">Global 100% RE<\/a> -kampanjassa sek\u00e4 <a href=\"n Coalition for Actio\" target=\"_blank\" rel=\"noreferrer noopener\">IRENA&#8217;s Coalition for Action<\/a> -hankkeessa. Olemme olleet mukana laatimassa useita asiakirjoja ja julkaisuja, jotka k\u00e4sittelev\u00e4t t\u00e4ysin uusiutuviin energial\u00e4hteisiin perustuvan maailman toteutettavuutta, ja tuemme toimia ja kampanjoita, joilla vastustetaan fossiilisten polttoaineiden tukia.  <\/p>\n\n\n\n<h2 class=\"wp-block-heading\">Luonnon monimuotoisuuden suojelu<\/h2>\n\n\n\n<figure class=\"wp-block-image alignleft size-medium\"><img decoding=\"async\" width=\"320\" height=\"240\" src=\"https:\/\/www.ekoenergy.org\/wp-content\/uploads\/\/River_restoration_vihti-people-on-bridge--320x240.jpg\" alt=\"River_restoration_vihti people on bridge\" class=\"wp-image-13335\" srcset=\"https:\/\/www.ekoenergy.org\/wp-content\/uploads\/River_restoration_vihti-people-on-bridge--320x240.jpg 320w, https:\/\/www.ekoenergy.org\/wp-content\/uploads\/River_restoration_vihti-people-on-bridge-.jpg 640w\" sizes=\"(max-width: 320px) 100vw, 320px\" \/><\/figure>\n\n\n\n<p>Keskustelemme s\u00e4\u00e4nn\u00f6llisesti energiayhti\u00f6iden ja energiankuluttajien kanssa energiantuotannon vaikutuksista luontoon. Freshabit LIFE -hankkeen j\u00e4senen\u00e4 avasimme <a aria-label=\" (opens in a new tab)\" href=\"https:\/\/www.vesivoimanluonto.org\/fi\" target=\"_blank\" rel=\"noreferrer noopener\">Vesivoiman luonto<\/a> -verkkosivuston, jolla on paljon tietoa siit\u00e4, miten vesivoima vaikuttaa jokien ekosysteemeihin.<\/p>\n\n\n\n<p>K\u00e4ytt\u00e4m\u00e4ll\u00e4 EKOenergia-merkitty\u00e4 energiaa suuret yritysasiakkaat voivat yhdist\u00e4\u00e4 hiilidioksidip\u00e4\u00e4st\u00f6jen v\u00e4hent\u00e4mistavoitteensa sek\u00e4 sitoumuksensa luonnon ja sen monimuotoisuuden suojelemiseen (&#8221;Business and biodiversity&#8221;).<\/p>\n\n\n\n<p>Rahoitamme erilaisia hankkeita, joilla pyrit\u00e4\u00e4n edist\u00e4m\u00e4\u00e4n jokien biologista monimuotoisuutta. Jokaisesta myydyst\u00e4 EKOenergia-merkityst\u00e4 vesivoimamegawattitunnista maksetaan v\u00e4hint\u00e4\u00e4n 0,10 \u20ac (kymmenen sentti\u00e4) EKOenergian Virtavesirahastoon. N\u00e4ill\u00e4 varoilla rahoitetaan hankkeita, joissa keskityt\u00e4\u00e4n muun muassa kalojen vaellusesteiden poistamiseen sek\u00e4 kutualueiden ennallistamiseen. Voit lukea aiheesta lis\u00e4\u00e4 <a href=\"https:\/\/www.ekoenergy.org\/fi\/our-results\/environmental-fund\/\">Virtavesirahasto<\/a>-sivulta.<\/p>\n\n\n\n<h2 class=\"wp-block-heading\">Puhtaan energian hankkeet k\u00f6yhyyden lievitt\u00e4miseksi<\/h2>\n\n\n\n<figure class=\"wp-block-image alignright size-large\"><img decoding=\"async\" width=\"150\" height=\"150\" src=\"https:\/\/www.ekoenergy.org\/wp-content\/uploads\/Solar_panels_installing_on_roof_Myanmar.jpg\" alt=\"Solar_panels_installing_on_roof_Myanmar\" class=\"wp-image-13385\"\/><\/figure>\n\n\n\n<p>Jokaista EKOenergia-merkitty\u00e4 megawattituntia kohden ohjataan v\u00e4hint\u00e4\u00e4n 0,10 \u20ac (kymmenen sentti\u00e4) Ilmastorahastoomme. N\u00e4ill\u00e4 varoilla rahoitamme uusia puhtaan energian hankkeita (p\u00e4\u00e4asiassa aurinkoenergiahankkeita), joilla lievitet\u00e4\u00e4n energiak\u00f6yhyytt\u00e4.<\/p>\n\n\n\n<p>N\u00e4m\u00e4 hankkeet edist\u00e4v\u00e4t my\u00f6s YK:n kest\u00e4v\u00e4n kehityksen tavoitteiden toteutumista. Voit lukea lis\u00e4\u00e4 siit\u00e4, miten EKOenergia edist\u00e4\u00e4 globaalien tavoitteiden saavuttamista, tutustumalla Yhdistyneiden kansakuntien taloudellisten ja sosiaalisten asioiden osaston <a href=\"https:\/\/www.ekoenergy.org\/fi\/ekoenergy-is-featured-in-un-desa-sdg-publication\/\">SDG Good Practices<\/a> -julkaisuun.<\/p>\n\n\n\n<p>Lue lis\u00e4\u00e4 t\u00e4llaisista hankkeista <a href=\"https:\/\/www.ekoenergy.org\/fi\/our-results\/climate-fund\/\">Ilmastorahasto<\/a>-sivulta. <\/p>\n\n\n\n<h2 class=\"wp-block-heading\">Auta meit\u00e4 tekem\u00e4\u00e4n enemm\u00e4n<\/h2>\n\n\n\n<p>N\u00e4m\u00e4 tulokset eiv\u00e4t olisi mahdollisia ilman sinun tukeasi, sill\u00e4 t\u00e4llaiset hankkeet ovat riippuvaisia tuhansista EKOenergia-merkityn s\u00e4hk\u00f6n kuluttajista. Voit auttaa meit\u00e4 saamaan aikaan enemm\u00e4n vaihtamalla itse EKOenergia-merkittyyn energiaan sek\u00e4 vakuuttamalla yst\u00e4v\u00e4si ja kollegasi tekem\u00e4\u00e4n samoin.<\/p>\n\n\n\n<p>Saat lis\u00e4tietoja seuraamalla meit\u00e4 <a href=\"https:\/\/www.facebook.com\/EKOenergy.ecolabel\" target=\"_blank\" rel=\"noreferrer noopener\">Facebookissa<\/a>, <a href=\"https:\/\/twitter.com\/EKOenergy_\" target=\"_blank\" rel=\"noreferrer noopener\">Twitteriss\u00e4<\/a>, <a href=\"https:\/\/www.instagram.com\/ekoenergy\/\" target=\"_blank\" rel=\"noreferrer noopener\"> Instagramissa<\/a>, <a href=\"https:\/\/www.youtube.com\/channel\/UCJtqduD7ghXHFM0uU06J7TA\" target=\"_blank\" rel=\"noreferrer noopener\">YouTubessa<\/a> tai <a href=\"https:\/\/www.linkedin.com\/company\/ekoenergy-ecolabel\/\" target=\"_blank\" rel=\"noreferrer noopener\">LinkedIniss\u00e4<\/a>.<\/p>\n","protected":false},"excerpt":{"rendered":"<p>Tuloksemme EKOenergia pyrkii suojelemaan luontoa ja torjumaan ilmastonmuutosta erityisesti auttamalla energiankuluttajia siirtym\u00e4\u00e4n t\u00e4ysin kest\u00e4v\u00e4\u00e4n ja uusiutuvaan energiaan. Olemme p\u00e4\u00e4sseet pitk\u00e4lle sitten perustamisemme vuonna 2013. Pyrimme lis\u00e4\u00e4m\u00e4\u00e4n uusiutuvaa energiaa maailmanlaajuisesti olemalla yhteydess\u00e4 suuriin energiankuluttajiin sek\u00e4 tekem\u00e4ll\u00e4 yhteisty\u00f6t\u00e4 ymp\u00e4rist\u00f6j\u00e4rjest\u00f6jen ja yritysten yhteiskuntavastuuseen keskittyvien verkostojen kanssa. Ilmastorahastomme varoilla rahoitetaan uusiutuvan energian projekteja kehittyviss\u00e4 maissa, ja niiden tavoitteena on [&hellip;]<\/p>\n","protected":false},"author":17,"featured_media":94076,"parent":0,"menu_order":0,"comment_status":"closed","ping_status":"closed","template":"","meta":{"inline_featured_image":false,"_uag_custom_page_level_css":"","site-sidebar-layout":"default","site-content-layout":"default","ast-site-content-layout":"default","site-content-style":"default","site-sidebar-style":"default","ast-global-header-display":"","ast-banner-title-visibility":"","ast-main-header-display":"","ast-hfb-above-header-display":"","ast-hfb-below-header-display":"","ast-hfb-mobile-header-display":"","site-post-title":"disabled","ast-breadcrumbs-content":"","ast-featured-img":"","footer-sml-layout":"","ast-disable-related-posts":"","theme-transparent-header-meta":"default","adv-header-id-meta":"","stick-header-meta":"default","header-above-stick-meta":"","header-main-stick-meta":"","header-below-stick-meta":"","astra-migrate-meta-layouts":"set","ast-page-background-enabled":"default","ast-page-background-meta":{"desktop":{"background-color":"","background-image":"","background-repeat":"repeat","background-position":"center center","background-size":"auto","background-attachment":"scroll","background-type":"","background-media":"","overlay-type":"","overlay-color":"","overlay-opacity":"","overlay-gradient":""},"tablet":{"background-color":"","background-image":"","background-repeat":"repeat","background-position":"center center","background-size":"auto","background-attachment":"scroll","background-type":"","background-media":"","overlay-type":"","overlay-color":"","overlay-opacity":"","overlay-gradient":""},"mobile":{"background-color":"","background-image":"","background-repeat":"repeat","background-position":"center center","background-size":"auto","background-attachment":"scroll","background-type":"","background-media":"","overlay-type":"","overlay-color":"","overlay-opacity":"","overlay-gradient":""}},"ast-content-background-meta":{"desktop":{"background-color":"var(--ast-global-color-5)","background-image":"","background-repeat":"repeat","background-position":"center center","background-size":"auto","background-attachment":"scroll","background-type":"","background-media":"","overlay-type":"","overlay-color":"","overlay-opacity":"","overlay-gradient":""},"tablet":{"background-color":"var(--ast-global-color-5)","background-image":"","background-repeat":"repeat","background-position":"center center","background-size":"auto","background-attachment":"scroll","background-type":"","background-media":"","overlay-type":"","overlay-color":"","overlay-opacity":"","overlay-gradient":""},"mobile":{"background-color":"var(--ast-global-color-5)","background-image":"","background-repeat":"repeat","background-position":"center center","background-size":"auto","background-attachment":"scroll","background-type":"","background-media":"","overlay-type":"","overlay-color":"","overlay-opacity":"","overlay-gradient":""}},"footnotes":""},"class_list":["post-2809","page","type-page","status-publish","has-post-thumbnail","hentry"],"yoast_head":"<!-- This site is optimized with the Yoast SEO plugin v27.3 - https:\/\/yoast.com\/product\/yoast-seo-wordpress\/ -->\n<title>Tuloksemme - EKOenergy ecolabel<\/title>\n<meta name=\"description\" content=\"EKOenergian kanssa suojelemme luontoa ja edist\u00e4mme ymp\u00e4rist\u00f6- ja ilmastoyst\u00e4v\u00e4llista energiaa monin tavoin.\" \/>\n<meta name=\"robots\" content=\"index, follow, max-snippet:-1, max-image-preview:large, max-video-preview:-1\" \/>\n<link rel=\"canonical\" href=\"https:\/\/www.ekoenergy.org\/fi\/our-results\/\" \/>\n<meta property=\"og:locale\" content=\"fi_FI\" \/>\n<meta property=\"og:type\" content=\"article\" \/>\n<meta property=\"og:title\" content=\"Tuloksemme - EKOenergy ecolabel\" \/>\n<meta property=\"og:description\" content=\"EKOenergian kanssa suojelemme luontoa ja edist\u00e4mme ymp\u00e4rist\u00f6- ja ilmastoyst\u00e4v\u00e4llista energiaa monin tavoin.\" \/>\n<meta property=\"og:url\" content=\"https:\/\/www.ekoenergy.org\/fi\/our-results\/\" \/>\n<meta property=\"og:site_name\" content=\"EKOenergy ecolabel\" \/>\n<meta property=\"article:publisher\" content=\"https:\/\/www.facebook.com\/EKOenergy.ecolabel\/\" \/>\n<meta property=\"article:modified_time\" content=\"2026-02-13T15:39:55+00:00\" \/>\n<meta property=\"og:image\" content=\"https:\/\/www.ekoenergy.org\/wp-content\/uploads\/One-label-six-goals.jpg\" \/>\n\t<meta property=\"og:image:width\" content=\"1272\" \/>\n\t<meta property=\"og:image:height\" content=\"831\" \/>\n\t<meta property=\"og:image:type\" content=\"image\/jpeg\" \/>\n<meta name=\"twitter:card\" content=\"summary_large_image\" \/>\n<meta name=\"twitter:site\" content=\"@EKOenergy_\" \/>\n<meta name=\"twitter:label1\" content=\"Arvioitu lukuaika\" \/>\n\t<meta name=\"twitter:data1\" content=\"4 minuuttia\" \/>\n<script type=\"application\/ld+json\" class=\"yoast-schema-graph\">{\"@context\":\"https:\\\/\\\/schema.org\",\"@graph\":[{\"@type\":\"WebPage\",\"@id\":\"https:\\\/\\\/www.ekoenergy.org\\\/fi\\\/our-results\\\/\",\"url\":\"https:\\\/\\\/www.ekoenergy.org\\\/fi\\\/our-results\\\/\",\"name\":\"Tuloksemme - EKOenergy ecolabel\",\"isPartOf\":{\"@id\":\"https:\\\/\\\/www.ekoenergy.org\\\/fi\\\/#website\"},\"primaryImageOfPage\":{\"@id\":\"https:\\\/\\\/www.ekoenergy.org\\\/fi\\\/our-results\\\/#primaryimage\"},\"image\":{\"@id\":\"https:\\\/\\\/www.ekoenergy.org\\\/fi\\\/our-results\\\/#primaryimage\"},\"thumbnailUrl\":\"https:\\\/\\\/www.ekoenergy.org\\\/wp-content\\\/uploads\\\/One-label-six-goals.jpg\",\"datePublished\":\"2019-12-04T13:51:33+00:00\",\"dateModified\":\"2026-02-13T15:39:55+00:00\",\"description\":\"EKOenergian kanssa suojelemme luontoa ja edist\u00e4mme ymp\u00e4rist\u00f6- ja ilmastoyst\u00e4v\u00e4llista energiaa monin tavoin.\",\"breadcrumb\":{\"@id\":\"https:\\\/\\\/www.ekoenergy.org\\\/fi\\\/our-results\\\/#breadcrumb\"},\"inLanguage\":\"fi\",\"potentialAction\":[{\"@type\":\"ReadAction\",\"target\":[\"https:\\\/\\\/www.ekoenergy.org\\\/fi\\\/our-results\\\/\"]}]},{\"@type\":\"ImageObject\",\"inLanguage\":\"fi\",\"@id\":\"https:\\\/\\\/www.ekoenergy.org\\\/fi\\\/our-results\\\/#primaryimage\",\"url\":\"https:\\\/\\\/www.ekoenergy.org\\\/wp-content\\\/uploads\\\/One-label-six-goals.jpg\",\"contentUrl\":\"https:\\\/\\\/www.ekoenergy.org\\\/wp-content\\\/uploads\\\/One-label-six-goals.jpg\",\"width\":1272,\"height\":831,\"caption\":\"EKOenergy: One label, six goals SDGs\"},{\"@type\":\"BreadcrumbList\",\"@id\":\"https:\\\/\\\/www.ekoenergy.org\\\/fi\\\/our-results\\\/#breadcrumb\",\"itemListElement\":[{\"@type\":\"ListItem\",\"position\":1,\"name\":\"Home\",\"item\":\"https:\\\/\\\/www.ekoenergy.org\\\/fi\\\/\"},{\"@type\":\"ListItem\",\"position\":2,\"name\":\"Tuloksemme\"}]},{\"@type\":\"WebSite\",\"@id\":\"https:\\\/\\\/www.ekoenergy.org\\\/fi\\\/#website\",\"url\":\"https:\\\/\\\/www.ekoenergy.org\\\/fi\\\/\",\"name\":\"EKOenergy ecolabel\",\"description\":\"The global nonprofit ecolabel for renewable energy\",\"publisher\":{\"@id\":\"https:\\\/\\\/www.ekoenergy.org\\\/fi\\\/#organization\"},\"potentialAction\":[{\"@type\":\"SearchAction\",\"target\":{\"@type\":\"EntryPoint\",\"urlTemplate\":\"https:\\\/\\\/www.ekoenergy.org\\\/fi\\\/?s={search_term_string}\"},\"query-input\":{\"@type\":\"PropertyValueSpecification\",\"valueRequired\":true,\"valueName\":\"search_term_string\"}}],\"inLanguage\":\"fi\"},{\"@type\":\"Organization\",\"@id\":\"https:\\\/\\\/www.ekoenergy.org\\\/fi\\\/#organization\",\"name\":\"Not-for-profit Organisation EKOenergy\",\"url\":\"https:\\\/\\\/www.ekoenergy.org\\\/fi\\\/\",\"logo\":{\"@type\":\"ImageObject\",\"inLanguage\":\"fi\",\"@id\":\"https:\\\/\\\/www.ekoenergy.org\\\/fi\\\/#\\\/schema\\\/logo\\\/image\\\/\",\"url\":\"https:\\\/\\\/www.ekoenergy.org\\\/wp-content\\\/uploads\\\/logo-EKOenergy-no-text.jpg\",\"contentUrl\":\"https:\\\/\\\/www.ekoenergy.org\\\/wp-content\\\/uploads\\\/logo-EKOenergy-no-text.jpg\",\"width\":1600,\"height\":1600,\"caption\":\"Not-for-profit Organisation EKOenergy\"},\"image\":{\"@id\":\"https:\\\/\\\/www.ekoenergy.org\\\/fi\\\/#\\\/schema\\\/logo\\\/image\\\/\"},\"sameAs\":[\"https:\\\/\\\/www.facebook.com\\\/EKOenergy.ecolabel\\\/\",\"https:\\\/\\\/x.com\\\/EKOenergy_\",\"https:\\\/\\\/www.instagram.com\\\/ekoenergy\\\/\",\"https:\\\/\\\/www.linkedin.com\\\/company\\\/ekoenergy-ecolabel\\\/\",\"https:\\\/\\\/www.youtube.com\\\/EKOenergy-ecolabel\",\"https:\\\/\\\/en.wikipedia.org\\\/wiki\\\/EKOenergy\"]}]}<\/script>\n<!-- \/ Yoast SEO plugin. -->","yoast_head_json":{"title":"Tuloksemme - EKOenergy ecolabel","description":"EKOenergian kanssa suojelemme luontoa ja edist\u00e4mme ymp\u00e4rist\u00f6- ja ilmastoyst\u00e4v\u00e4llista energiaa monin tavoin.","robots":{"index":"index","follow":"follow","max-snippet":"max-snippet:-1","max-image-preview":"max-image-preview:large","max-video-preview":"max-video-preview:-1"},"canonical":"https:\/\/www.ekoenergy.org\/fi\/our-results\/","og_locale":"fi_FI","og_type":"article","og_title":"Tuloksemme - EKOenergy ecolabel","og_description":"EKOenergian kanssa suojelemme luontoa ja edist\u00e4mme ymp\u00e4rist\u00f6- ja ilmastoyst\u00e4v\u00e4llista energiaa monin tavoin.","og_url":"https:\/\/www.ekoenergy.org\/fi\/our-results\/","og_site_name":"EKOenergy ecolabel","article_publisher":"https:\/\/www.facebook.com\/EKOenergy.ecolabel\/","article_modified_time":"2026-02-13T15:39:55+00:00","og_image":[{"width":1272,"height":831,"url":"https:\/\/www.ekoenergy.org\/wp-content\/uploads\/One-label-six-goals.jpg","type":"image\/jpeg"}],"twitter_card":"summary_large_image","twitter_site":"@EKOenergy_","twitter_misc":{"Arvioitu lukuaika":"4 minuuttia"},"schema":{"@context":"https:\/\/schema.org","@graph":[{"@type":"WebPage","@id":"https:\/\/www.ekoenergy.org\/fi\/our-results\/","url":"https:\/\/www.ekoenergy.org\/fi\/our-results\/","name":"Tuloksemme - EKOenergy ecolabel","isPartOf":{"@id":"https:\/\/www.ekoenergy.org\/fi\/#website"},"primaryImageOfPage":{"@id":"https:\/\/www.ekoenergy.org\/fi\/our-results\/#primaryimage"},"image":{"@id":"https:\/\/www.ekoenergy.org\/fi\/our-results\/#primaryimage"},"thumbnailUrl":"https:\/\/www.ekoenergy.org\/wp-content\/uploads\/One-label-six-goals.jpg","datePublished":"2019-12-04T13:51:33+00:00","dateModified":"2026-02-13T15:39:55+00:00","description":"EKOenergian kanssa suojelemme luontoa ja edist\u00e4mme ymp\u00e4rist\u00f6- ja ilmastoyst\u00e4v\u00e4llista energiaa monin tavoin.","breadcrumb":{"@id":"https:\/\/www.ekoenergy.org\/fi\/our-results\/#breadcrumb"},"inLanguage":"fi","potentialAction":[{"@type":"ReadAction","target":["https:\/\/www.ekoenergy.org\/fi\/our-results\/"]}]},{"@type":"ImageObject","inLanguage":"fi","@id":"https:\/\/www.ekoenergy.org\/fi\/our-results\/#primaryimage","url":"https:\/\/www.ekoenergy.org\/wp-content\/uploads\/One-label-six-goals.jpg","contentUrl":"https:\/\/www.ekoenergy.org\/wp-content\/uploads\/One-label-six-goals.jpg","width":1272,"height":831,"caption":"EKOenergy: One label, six goals SDGs"},{"@type":"BreadcrumbList","@id":"https:\/\/www.ekoenergy.org\/fi\/our-results\/#breadcrumb","itemListElement":[{"@type":"ListItem","position":1,"name":"Home","item":"https:\/\/www.ekoenergy.org\/fi\/"},{"@type":"ListItem","position":2,"name":"Tuloksemme"}]},{"@type":"WebSite","@id":"https:\/\/www.ekoenergy.org\/fi\/#website","url":"https:\/\/www.ekoenergy.org\/fi\/","name":"EKOenergy ecolabel","description":"The global nonprofit ecolabel for renewable energy","publisher":{"@id":"https:\/\/www.ekoenergy.org\/fi\/#organization"},"potentialAction":[{"@type":"SearchAction","target":{"@type":"EntryPoint","urlTemplate":"https:\/\/www.ekoenergy.org\/fi\/?s={search_term_string}"},"query-input":{"@type":"PropertyValueSpecification","valueRequired":true,"valueName":"search_term_string"}}],"inLanguage":"fi"},{"@type":"Organization","@id":"https:\/\/www.ekoenergy.org\/fi\/#organization","name":"Not-for-profit Organisation EKOenergy","url":"https:\/\/www.ekoenergy.org\/fi\/","logo":{"@type":"ImageObject","inLanguage":"fi","@id":"https:\/\/www.ekoenergy.org\/fi\/#\/schema\/logo\/image\/","url":"https:\/\/www.ekoenergy.org\/wp-content\/uploads\/logo-EKOenergy-no-text.jpg","contentUrl":"https:\/\/www.ekoenergy.org\/wp-content\/uploads\/logo-EKOenergy-no-text.jpg","width":1600,"height":1600,"caption":"Not-for-profit Organisation EKOenergy"},"image":{"@id":"https:\/\/www.ekoenergy.org\/fi\/#\/schema\/logo\/image\/"},"sameAs":["https:\/\/www.facebook.com\/EKOenergy.ecolabel\/","https:\/\/x.com\/EKOenergy_","https:\/\/www.instagram.com\/ekoenergy\/","https:\/\/www.linkedin.com\/company\/ekoenergy-ecolabel\/","https:\/\/www.youtube.com\/EKOenergy-ecolabel","https:\/\/en.wikipedia.org\/wiki\/EKOenergy"]}]}},"uagb_featured_image_src":{"full":["https:\/\/www.ekoenergy.org\/wp-content\/uploads\/One-label-six-goals.jpg",1272,831,false],"thumbnail":["https:\/\/www.ekoenergy.org\/wp-content\/uploads\/One-label-six-goals-150x150.jpg",150,150,true],"medium":["https:\/\/www.ekoenergy.org\/wp-content\/uploads\/One-label-six-goals-320x209.jpg",320,209,true],"medium_large":["https:\/\/www.ekoenergy.org\/wp-content\/uploads\/One-label-six-goals-768x502.jpg",768,502,true],"large":["https:\/\/www.ekoenergy.org\/wp-content\/uploads\/One-label-six-goals-1024x669.jpg",1024,669,true],"1536x1536":["https:\/\/www.ekoenergy.org\/wp-content\/uploads\/One-label-six-goals.jpg",1272,831,false],"2048x2048":["https:\/\/www.ekoenergy.org\/wp-content\/uploads\/One-label-six-goals.jpg",1272,831,false]},"uagb_author_info":{"display_name":"EKOenergy ecolabel","author_link":"https:\/\/www.ekoenergy.org\/fi\/author\/ekoenergy\/"},"uagb_comment_info":0,"uagb_excerpt":"Tuloksemme EKOenergia pyrkii suojelemaan luontoa ja torjumaan ilmastonmuutosta erityisesti auttamalla energiankuluttajia siirtym\u00e4\u00e4n t\u00e4ysin kest\u00e4v\u00e4\u00e4n ja uusiutuvaan energiaan. Olemme p\u00e4\u00e4sseet pitk\u00e4lle sitten perustamisemme vuonna 2013. Pyrimme lis\u00e4\u00e4m\u00e4\u00e4n uusiutuvaa energiaa maailmanlaajuisesti olemalla yhteydess\u00e4 suuriin energiankuluttajiin sek\u00e4 tekem\u00e4ll\u00e4 yhteisty\u00f6t\u00e4 ymp\u00e4rist\u00f6j\u00e4rjest\u00f6jen ja yritysten yhteiskuntavastuuseen keskittyvien verkostojen kanssa. Ilmastorahastomme varoilla rahoitetaan uusiutuvan energian projekteja kehittyviss\u00e4 maissa, ja niiden tavoitteena on&hellip;","_links":{"self":[{"href":"https:\/\/www.ekoenergy.org\/fi\/wp-json\/wp\/v2\/pages\/2809","targetHints":{"allow":["GET"]}}],"collection":[{"href":"https:\/\/www.ekoenergy.org\/fi\/wp-json\/wp\/v2\/pages"}],"about":[{"href":"https:\/\/www.ekoenergy.org\/fi\/wp-json\/wp\/v2\/types\/page"}],"author":[{"embeddable":true,"href":"https:\/\/www.ekoenergy.org\/fi\/wp-json\/wp\/v2\/users\/17"}],"replies":[{"embeddable":true,"href":"https:\/\/www.ekoenergy.org\/fi\/wp-json\/wp\/v2\/comments?post=2809"}],"version-history":[{"count":3,"href":"https:\/\/www.ekoenergy.org\/fi\/wp-json\/wp\/v2\/pages\/2809\/revisions"}],"predecessor-version":[{"id":181778,"href":"https:\/\/www.ekoenergy.org\/fi\/wp-json\/wp\/v2\/pages\/2809\/revisions\/181778"}],"wp:featuredmedia":[{"embeddable":true,"href":"https:\/\/www.ekoenergy.org\/fi\/wp-json\/wp\/v2\/media\/94076"}],"wp:attachment":[{"href":"https:\/\/www.ekoenergy.org\/fi\/wp-json\/wp\/v2\/media?parent=2809"}],"curies":[{"name":"wp","href":"https:\/\/api.w.org\/{rel}","templated":true}]}}