{"id":2888,"date":"2019-12-04T13:26:04","date_gmt":"2019-12-04T13:26:04","guid":{"rendered":"https:\/\/www.ekoenergy.org\/about-us\/our-vision-and-mission\/"},"modified":"2023-02-01T13:37:28","modified_gmt":"2023-02-01T11:37:28","slug":"our-vision-and-mission","status":"publish","type":"page","link":"https:\/\/www.ekoenergy.org\/fi\/about-us\/our-vision-and-mission\/","title":{"rendered":"Visio ja missio"},"content":{"rendered":"\n<h1 class=\"wp-block-heading\">Visio ja missio<\/h1>\n\n\n\n<figure class=\"wp-block-image alignright size-full is-resized\"><img fetchpriority=\"high\" decoding=\"async\" src=\"https:\/\/www.ekoenergy.org\/wp-content\/uploads\/EKOenergy_logo_animals_plants.jpg\" alt=\"\" class=\"wp-image-6893\" width=\"363\" height=\"295\"\/><\/figure>\n\n\n\n<p>Ilmastokriisiin on suhtauduttava koko maailmaa uhkaavana kriisin\u00e4. Meid\u00e4n on toimittava NYT kasvihuonekaasup\u00e4\u00e4st\u00f6j\u00e4mme merkitt\u00e4v\u00e4\u00e4n v\u00e4hent\u00e4miseen, jotta voimme rajoittaa globaalin l\u00e4mp\u00f6tilannousun korkeintaan 1,5 celsiusasteeseen verrattuna esiteolliseen tasoon.<\/p>\n\n\n\n<p>Ilmastokriisin vastaiset toimet ovat ainoa toivomme s\u00e4ilytt\u00e4\u00e4 planeettamme lajien ja elinymp\u00e4rist\u00f6jen kirjo, joka tekee maapallosta meille elinkelpoisen. L\u00e4mp\u00f6tilannousun rajoittaminen on avainasemassa my\u00f6s sosiaalisen kest\u00e4vyyden turvaamisessa, kuten k\u00f6yhyyden v\u00e4hent\u00e4misess\u00e4 ja paremman maailman luomisessa my\u00f6s tuleville sukupolville.<\/p>\n\n\n\n<h2 class=\"wp-block-heading\">Visiomme<\/h2>\n\n\n\n<p>Visionamme on maailma, jossa energiaa tuotetaan ja kulutetaan vastuullisesti. T\u00e4llaisessa maailmassa el\u00e4mme luontoa ja sen monimuotoisuutta kunnioittaen ja olemme saavuttaneet <a href=\"https:\/\/www.un.org\/sustainabledevelopment\/sustainable-development-goals\/\" target=\"_blank\" rel=\"noreferrer noopener\">YK:n kest\u00e4v\u00e4n kehityksen tavoitteet<\/a>.<\/p>\n\n\n\n<h2 class=\"wp-block-heading\">Missiomme<\/h2>\n\n\n\n<p>Missiomme on k\u00e4ytt\u00e4\u00e4 <a href=\"https:\/\/www.ekoenergy.org\/fi\/ecolabel\/\">ymp\u00e4rist\u00f6merkki\u00e4mme<\/a> ty\u00f6kaluna, jolla edist\u00e4mme kest\u00e4vimpi\u00e4 energiamuotoja ja ker\u00e4\u00e4mme varoja ilmaston ja luonnon monimuotoisuuden suojeluun.<\/p>\n\n\n\n<p>Filosofiamme on: ei puhetta, vaan tekoja. Paras tapa saada aikaan tarvittavia yhteiskunnallisia muutoksia on tarttua toimeen omissa el\u00e4miss\u00e4mme.<\/p>\n\n\n\n<h2 class=\"wp-block-heading\">Tavoitteemme<\/h2>\n\n\n\n<ul class=\"wp-block-list\">\n<li>Vauhdittaa siirtym\u00e4\u00e4 100-prosenttisesti uusiutuvaan energiaan.<\/li>\n\n\n\n<li>Lis\u00e4t\u00e4 tietoa ja keskustelua uusiutuvasta energiasta ja luonnon monimuotoisuudesta \u2013 sek\u00e4 suuren yleis\u00f6n ett\u00e4 erityisesti p\u00e4\u00e4tt\u00e4jien ja suurten yrityskuluttajien keskuudessa.<\/li>\n\n\n\n<li>Kehitt\u00e4\u00e4 ja markkinoida <a href=\"https:\/\/www.ekoenergy.org\/fi\/ecolabel\/\">EKOenergia-merkki\u00e4<\/a> kannustaaksemme kest\u00e4v\u00e4\u00e4n energiantuotantoon ja auttaaksemme kuluttajia l\u00f6yt\u00e4m\u00e4\u00e4n kest\u00e4v\u00e4sti tuotettua energiaa.<\/li>\n\n\n\n<li>Suojella paikallisia ekosysteemej\u00e4 ja ennallistaa virtavesien elinymp\u00e4rist\u00f6j\u00e4 <a href=\"https:\/\/www.ekoenergy.org\/fi\/our-results\/environmental-fund\/\">Virtavesirahastomme<\/a> avulla.<\/li>\n\n\n\n<li>Tarjota puhdasta energiaa ja lievitt\u00e4\u00e4 energiak\u00f6yhyytt\u00e4 kehitysmaissa <a href=\"https:\/\/www.ekoenergy.org\/fi\/our-results\/climate-fund\/\">Ilmastorahastomme<\/a> avulla.<\/li>\n\n\n\n<li>Muodostaa kumppanuuksia ja tehd\u00e4 yhteisty\u00f6t\u00e4 muiden ymp\u00e4rist\u00f6j\u00e4rjest\u00f6jen kanssa, toistemme ponnisteluja t\u00e4ydent\u00e4en.<\/li>\n\n\n\n<li>Auttaa saavuttamaan YK:n kest\u00e4v\u00e4n kehityksen tavoitteet.<\/li>\n<\/ul>\n","protected":false},"excerpt":{"rendered":"<p>Visio ja missio Ilmastokriisiin on suhtauduttava koko maailmaa uhkaavana kriisin\u00e4. Meid\u00e4n on toimittava NYT kasvihuonekaasup\u00e4\u00e4st\u00f6j\u00e4mme merkitt\u00e4v\u00e4\u00e4n v\u00e4hent\u00e4miseen, jotta voimme rajoittaa globaalin l\u00e4mp\u00f6tilannousun korkeintaan 1,5 celsiusasteeseen verrattuna esiteolliseen tasoon. Ilmastokriisin vastaiset toimet ovat ainoa toivomme s\u00e4ilytt\u00e4\u00e4 planeettamme lajien ja elinymp\u00e4rist\u00f6jen kirjo, joka tekee maapallosta meille elinkelpoisen. L\u00e4mp\u00f6tilannousun rajoittaminen on avainasemassa my\u00f6s sosiaalisen kest\u00e4vyyden turvaamisessa, kuten k\u00f6yhyyden [&hellip;]<\/p>\n","protected":false},"author":2,"featured_media":28076,"parent":2525,"menu_order":1,"comment_status":"closed","ping_status":"closed","template":"","meta":{"inline_featured_image":false,"_uag_custom_page_level_css":"","site-sidebar-layout":"default","site-content-layout":"default","ast-site-content-layout":"default","site-content-style":"default","site-sidebar-style":"default","ast-global-header-display":"","ast-banner-title-visibility":"","ast-main-header-display":"","ast-hfb-above-header-display":"","ast-hfb-below-header-display":"","ast-hfb-mobile-header-display":"","site-post-title":"disabled","ast-breadcrumbs-content":"","ast-featured-img":"","footer-sml-layout":"","ast-disable-related-posts":"","theme-transparent-header-meta":"default","adv-header-id-meta":"","stick-header-meta":"default","header-above-stick-meta":"","header-main-stick-meta":"","header-below-stick-meta":"","astra-migrate-meta-layouts":"default","ast-page-background-enabled":"default","ast-page-background-meta":{"desktop":{"background-color":"","background-image":"","background-repeat":"repeat","background-position":"center center","background-size":"auto","background-attachment":"scroll","background-type":"","background-media":"","overlay-type":"","overlay-color":"","overlay-opacity":"","overlay-gradient":""},"tablet":{"background-color":"","background-image":"","background-repeat":"repeat","background-position":"center center","background-size":"auto","background-attachment":"scroll","background-type":"","background-media":"","overlay-type":"","overlay-color":"","overlay-opacity":"","overlay-gradient":""},"mobile":{"background-color":"","background-image":"","background-repeat":"repeat","background-position":"center center","background-size":"auto","background-attachment":"scroll","background-type":"","background-media":"","overlay-type":"","overlay-color":"","overlay-opacity":"","overlay-gradient":""}},"ast-content-background-meta":{"desktop":{"background-color":"var(--ast-global-color-5)","background-image":"","background-repeat":"repeat","background-position":"center center","background-size":"auto","background-attachment":"scroll","background-type":"","background-media":"","overlay-type":"","overlay-color":"","overlay-opacity":"","overlay-gradient":""},"tablet":{"background-color":"var(--ast-global-color-5)","background-image":"","background-repeat":"repeat","background-position":"center center","background-size":"auto","background-attachment":"scroll","background-type":"","background-media":"","overlay-type":"","overlay-color":"","overlay-opacity":"","overlay-gradient":""},"mobile":{"background-color":"var(--ast-global-color-5)","background-image":"","background-repeat":"repeat","background-position":"center center","background-size":"auto","background-attachment":"scroll","background-type":"","background-media":"","overlay-type":"","overlay-color":"","overlay-opacity":"","overlay-gradient":""}},"footnotes":""},"class_list":["post-2888","page","type-page","status-publish","has-post-thumbnail","hentry"],"yoast_head":"<!-- This site is optimized with the Yoast SEO plugin v27.5 - https:\/\/yoast.com\/product\/yoast-seo-wordpress\/ -->\n<title>Visio ja missio - EKOenergy ecolabel<\/title>\n<meta name=\"description\" content=\"Visionamme on maailma, jossa energiaa tuotetaan vastuullisesti, luontoa ja sen monimuotoisuutta kunnioittaen.\" \/>\n<meta name=\"robots\" content=\"index, follow, max-snippet:-1, max-image-preview:large, max-video-preview:-1\" \/>\n<link rel=\"canonical\" href=\"https:\/\/www.ekoenergy.org\/fi\/about-us\/our-vision-and-mission\/\" \/>\n<meta property=\"og:locale\" content=\"fi_FI\" \/>\n<meta property=\"og:type\" content=\"article\" \/>\n<meta property=\"og:title\" content=\"Visio ja missio - EKOenergy ecolabel\" \/>\n<meta property=\"og:description\" content=\"Visionamme on maailma, jossa energiaa tuotetaan vastuullisesti, luontoa ja sen monimuotoisuutta kunnioittaen.\" \/>\n<meta property=\"og:url\" content=\"https:\/\/www.ekoenergy.org\/fi\/about-us\/our-vision-and-mission\/\" \/>\n<meta property=\"og:site_name\" content=\"EKOenergy ecolabel\" \/>\n<meta property=\"article:publisher\" content=\"https:\/\/www.facebook.com\/EKOenergy.ecolabel\/\" \/>\n<meta property=\"article:modified_time\" content=\"2023-02-01T11:37:28+00:00\" \/>\n<meta property=\"og:image\" content=\"https:\/\/www.ekoenergy.org\/wp-content\/uploads\/Featured-EKOenergy-at-Climate-March-1.jpg\" \/>\n\t<meta property=\"og:image:width\" content=\"866\" \/>\n\t<meta property=\"og:image:height\" content=\"650\" \/>\n\t<meta property=\"og:image:type\" content=\"image\/jpeg\" \/>\n<meta name=\"twitter:card\" content=\"summary_large_image\" \/>\n<meta name=\"twitter:site\" content=\"@EKOenergy_\" \/>\n<meta name=\"twitter:label1\" content=\"Arvioitu lukuaika\" \/>\n\t<meta name=\"twitter:data1\" content=\"2 minuuttia\" \/>\n<script type=\"application\/ld+json\" class=\"yoast-schema-graph\">{\"@context\":\"https:\\\/\\\/schema.org\",\"@graph\":[{\"@type\":\"WebPage\",\"@id\":\"https:\\\/\\\/www.ekoenergy.org\\\/fi\\\/about-us\\\/our-vision-and-mission\\\/\",\"url\":\"https:\\\/\\\/www.ekoenergy.org\\\/fi\\\/about-us\\\/our-vision-and-mission\\\/\",\"name\":\"Visio ja missio - EKOenergy ecolabel\",\"isPartOf\":{\"@id\":\"https:\\\/\\\/www.ekoenergy.org\\\/fi\\\/#website\"},\"primaryImageOfPage\":{\"@id\":\"https:\\\/\\\/www.ekoenergy.org\\\/fi\\\/about-us\\\/our-vision-and-mission\\\/#primaryimage\"},\"image\":{\"@id\":\"https:\\\/\\\/www.ekoenergy.org\\\/fi\\\/about-us\\\/our-vision-and-mission\\\/#primaryimage\"},\"thumbnailUrl\":\"https:\\\/\\\/www.ekoenergy.org\\\/wp-content\\\/uploads\\\/Featured-EKOenergy-at-Climate-March-1.jpg\",\"datePublished\":\"2019-12-04T13:26:04+00:00\",\"dateModified\":\"2023-02-01T11:37:28+00:00\",\"description\":\"Visionamme on maailma, jossa energiaa tuotetaan vastuullisesti, luontoa ja sen monimuotoisuutta kunnioittaen.\",\"breadcrumb\":{\"@id\":\"https:\\\/\\\/www.ekoenergy.org\\\/fi\\\/about-us\\\/our-vision-and-mission\\\/#breadcrumb\"},\"inLanguage\":\"fi\",\"potentialAction\":[{\"@type\":\"ReadAction\",\"target\":[\"https:\\\/\\\/www.ekoenergy.org\\\/fi\\\/about-us\\\/our-vision-and-mission\\\/\"]}]},{\"@type\":\"ImageObject\",\"inLanguage\":\"fi\",\"@id\":\"https:\\\/\\\/www.ekoenergy.org\\\/fi\\\/about-us\\\/our-vision-and-mission\\\/#primaryimage\",\"url\":\"https:\\\/\\\/www.ekoenergy.org\\\/wp-content\\\/uploads\\\/Featured-EKOenergy-at-Climate-March-1.jpg\",\"contentUrl\":\"https:\\\/\\\/www.ekoenergy.org\\\/wp-content\\\/uploads\\\/Featured-EKOenergy-at-Climate-March-1.jpg\",\"width\":866,\"height\":650},{\"@type\":\"BreadcrumbList\",\"@id\":\"https:\\\/\\\/www.ekoenergy.org\\\/fi\\\/about-us\\\/our-vision-and-mission\\\/#breadcrumb\",\"itemListElement\":[{\"@type\":\"ListItem\",\"position\":1,\"name\":\"Home\",\"item\":\"https:\\\/\\\/www.ekoenergy.org\\\/fi\\\/\"},{\"@type\":\"ListItem\",\"position\":2,\"name\":\"Tietoa meist\u00e4\",\"item\":\"https:\\\/\\\/www.ekoenergy.org\\\/fi\\\/about-us\\\/\"},{\"@type\":\"ListItem\",\"position\":3,\"name\":\"Visio ja missio\"}]},{\"@type\":\"WebSite\",\"@id\":\"https:\\\/\\\/www.ekoenergy.org\\\/fi\\\/#website\",\"url\":\"https:\\\/\\\/www.ekoenergy.org\\\/fi\\\/\",\"name\":\"EKOenergy ecolabel\",\"description\":\"The global nonprofit ecolabel for renewable energy\",\"publisher\":{\"@id\":\"https:\\\/\\\/www.ekoenergy.org\\\/fi\\\/#organization\"},\"potentialAction\":[{\"@type\":\"SearchAction\",\"target\":{\"@type\":\"EntryPoint\",\"urlTemplate\":\"https:\\\/\\\/www.ekoenergy.org\\\/fi\\\/?s={search_term_string}\"},\"query-input\":{\"@type\":\"PropertyValueSpecification\",\"valueRequired\":true,\"valueName\":\"search_term_string\"}}],\"inLanguage\":\"fi\"},{\"@type\":\"Organization\",\"@id\":\"https:\\\/\\\/www.ekoenergy.org\\\/fi\\\/#organization\",\"name\":\"Not-for-profit Organisation EKOenergy\",\"url\":\"https:\\\/\\\/www.ekoenergy.org\\\/fi\\\/\",\"logo\":{\"@type\":\"ImageObject\",\"inLanguage\":\"fi\",\"@id\":\"https:\\\/\\\/www.ekoenergy.org\\\/fi\\\/#\\\/schema\\\/logo\\\/image\\\/\",\"url\":\"https:\\\/\\\/www.ekoenergy.org\\\/wp-content\\\/uploads\\\/logo-EKOenergy-no-text.jpg\",\"contentUrl\":\"https:\\\/\\\/www.ekoenergy.org\\\/wp-content\\\/uploads\\\/logo-EKOenergy-no-text.jpg\",\"width\":1600,\"height\":1600,\"caption\":\"Not-for-profit Organisation EKOenergy\"},\"image\":{\"@id\":\"https:\\\/\\\/www.ekoenergy.org\\\/fi\\\/#\\\/schema\\\/logo\\\/image\\\/\"},\"sameAs\":[\"https:\\\/\\\/www.facebook.com\\\/EKOenergy.ecolabel\\\/\",\"https:\\\/\\\/x.com\\\/EKOenergy_\",\"https:\\\/\\\/www.instagram.com\\\/ekoenergy\\\/\",\"https:\\\/\\\/www.linkedin.com\\\/company\\\/ekoenergy-ecolabel\\\/\",\"https:\\\/\\\/www.youtube.com\\\/EKOenergy-ecolabel\",\"https:\\\/\\\/en.wikipedia.org\\\/wiki\\\/EKOenergy\"]}]}<\/script>\n<!-- \/ Yoast SEO plugin. -->","yoast_head_json":{"title":"Visio ja missio - EKOenergy ecolabel","description":"Visionamme on maailma, jossa energiaa tuotetaan vastuullisesti, luontoa ja sen monimuotoisuutta kunnioittaen.","robots":{"index":"index","follow":"follow","max-snippet":"max-snippet:-1","max-image-preview":"max-image-preview:large","max-video-preview":"max-video-preview:-1"},"canonical":"https:\/\/www.ekoenergy.org\/fi\/about-us\/our-vision-and-mission\/","og_locale":"fi_FI","og_type":"article","og_title":"Visio ja missio - EKOenergy ecolabel","og_description":"Visionamme on maailma, jossa energiaa tuotetaan vastuullisesti, luontoa ja sen monimuotoisuutta kunnioittaen.","og_url":"https:\/\/www.ekoenergy.org\/fi\/about-us\/our-vision-and-mission\/","og_site_name":"EKOenergy ecolabel","article_publisher":"https:\/\/www.facebook.com\/EKOenergy.ecolabel\/","article_modified_time":"2023-02-01T11:37:28+00:00","og_image":[{"width":866,"height":650,"url":"https:\/\/www.ekoenergy.org\/wp-content\/uploads\/Featured-EKOenergy-at-Climate-March-1.jpg","type":"image\/jpeg"}],"twitter_card":"summary_large_image","twitter_site":"@EKOenergy_","twitter_misc":{"Arvioitu lukuaika":"2 minuuttia"},"schema":{"@context":"https:\/\/schema.org","@graph":[{"@type":"WebPage","@id":"https:\/\/www.ekoenergy.org\/fi\/about-us\/our-vision-and-mission\/","url":"https:\/\/www.ekoenergy.org\/fi\/about-us\/our-vision-and-mission\/","name":"Visio ja missio - EKOenergy ecolabel","isPartOf":{"@id":"https:\/\/www.ekoenergy.org\/fi\/#website"},"primaryImageOfPage":{"@id":"https:\/\/www.ekoenergy.org\/fi\/about-us\/our-vision-and-mission\/#primaryimage"},"image":{"@id":"https:\/\/www.ekoenergy.org\/fi\/about-us\/our-vision-and-mission\/#primaryimage"},"thumbnailUrl":"https:\/\/www.ekoenergy.org\/wp-content\/uploads\/Featured-EKOenergy-at-Climate-March-1.jpg","datePublished":"2019-12-04T13:26:04+00:00","dateModified":"2023-02-01T11:37:28+00:00","description":"Visionamme on maailma, jossa energiaa tuotetaan vastuullisesti, luontoa ja sen monimuotoisuutta kunnioittaen.","breadcrumb":{"@id":"https:\/\/www.ekoenergy.org\/fi\/about-us\/our-vision-and-mission\/#breadcrumb"},"inLanguage":"fi","potentialAction":[{"@type":"ReadAction","target":["https:\/\/www.ekoenergy.org\/fi\/about-us\/our-vision-and-mission\/"]}]},{"@type":"ImageObject","inLanguage":"fi","@id":"https:\/\/www.ekoenergy.org\/fi\/about-us\/our-vision-and-mission\/#primaryimage","url":"https:\/\/www.ekoenergy.org\/wp-content\/uploads\/Featured-EKOenergy-at-Climate-March-1.jpg","contentUrl":"https:\/\/www.ekoenergy.org\/wp-content\/uploads\/Featured-EKOenergy-at-Climate-March-1.jpg","width":866,"height":650},{"@type":"BreadcrumbList","@id":"https:\/\/www.ekoenergy.org\/fi\/about-us\/our-vision-and-mission\/#breadcrumb","itemListElement":[{"@type":"ListItem","position":1,"name":"Home","item":"https:\/\/www.ekoenergy.org\/fi\/"},{"@type":"ListItem","position":2,"name":"Tietoa meist\u00e4","item":"https:\/\/www.ekoenergy.org\/fi\/about-us\/"},{"@type":"ListItem","position":3,"name":"Visio ja missio"}]},{"@type":"WebSite","@id":"https:\/\/www.ekoenergy.org\/fi\/#website","url":"https:\/\/www.ekoenergy.org\/fi\/","name":"EKOenergy ecolabel","description":"The global nonprofit ecolabel for renewable energy","publisher":{"@id":"https:\/\/www.ekoenergy.org\/fi\/#organization"},"potentialAction":[{"@type":"SearchAction","target":{"@type":"EntryPoint","urlTemplate":"https:\/\/www.ekoenergy.org\/fi\/?s={search_term_string}"},"query-input":{"@type":"PropertyValueSpecification","valueRequired":true,"valueName":"search_term_string"}}],"inLanguage":"fi"},{"@type":"Organization","@id":"https:\/\/www.ekoenergy.org\/fi\/#organization","name":"Not-for-profit Organisation EKOenergy","url":"https:\/\/www.ekoenergy.org\/fi\/","logo":{"@type":"ImageObject","inLanguage":"fi","@id":"https:\/\/www.ekoenergy.org\/fi\/#\/schema\/logo\/image\/","url":"https:\/\/www.ekoenergy.org\/wp-content\/uploads\/logo-EKOenergy-no-text.jpg","contentUrl":"https:\/\/www.ekoenergy.org\/wp-content\/uploads\/logo-EKOenergy-no-text.jpg","width":1600,"height":1600,"caption":"Not-for-profit Organisation EKOenergy"},"image":{"@id":"https:\/\/www.ekoenergy.org\/fi\/#\/schema\/logo\/image\/"},"sameAs":["https:\/\/www.facebook.com\/EKOenergy.ecolabel\/","https:\/\/x.com\/EKOenergy_","https:\/\/www.instagram.com\/ekoenergy\/","https:\/\/www.linkedin.com\/company\/ekoenergy-ecolabel\/","https:\/\/www.youtube.com\/EKOenergy-ecolabel","https:\/\/en.wikipedia.org\/wiki\/EKOenergy"]}]}},"uagb_featured_image_src":{"full":["https:\/\/www.ekoenergy.org\/wp-content\/uploads\/Featured-EKOenergy-at-Climate-March-1.jpg",866,650,false],"thumbnail":["https:\/\/www.ekoenergy.org\/wp-content\/uploads\/Featured-EKOenergy-at-Climate-March-1-150x150.jpg",150,150,true],"medium":["https:\/\/www.ekoenergy.org\/wp-content\/uploads\/Featured-EKOenergy-at-Climate-March-1-320x240.jpg",320,240,true],"medium_large":["https:\/\/www.ekoenergy.org\/wp-content\/uploads\/Featured-EKOenergy-at-Climate-March-1-768x576.jpg",768,576,true],"large":["https:\/\/www.ekoenergy.org\/wp-content\/uploads\/Featured-EKOenergy-at-Climate-March-1.jpg",866,650,false],"1536x1536":["https:\/\/www.ekoenergy.org\/wp-content\/uploads\/Featured-EKOenergy-at-Climate-March-1.jpg",866,650,false],"2048x2048":["https:\/\/www.ekoenergy.org\/wp-content\/uploads\/Featured-EKOenergy-at-Climate-March-1.jpg",866,650,false]},"uagb_author_info":{"display_name":"Steven Vanholme","author_link":"https:\/\/www.ekoenergy.org\/fi\/author\/svanholme\/"},"uagb_comment_info":0,"uagb_excerpt":"Visio ja missio Ilmastokriisiin on suhtauduttava koko maailmaa uhkaavana kriisin\u00e4. Meid\u00e4n on toimittava NYT kasvihuonekaasup\u00e4\u00e4st\u00f6j\u00e4mme merkitt\u00e4v\u00e4\u00e4n v\u00e4hent\u00e4miseen, jotta voimme rajoittaa globaalin l\u00e4mp\u00f6tilannousun korkeintaan 1,5 celsiusasteeseen verrattuna esiteolliseen tasoon. Ilmastokriisin vastaiset toimet ovat ainoa toivomme s\u00e4ilytt\u00e4\u00e4 planeettamme lajien ja elinymp\u00e4rist\u00f6jen kirjo, joka tekee maapallosta meille elinkelpoisen. L\u00e4mp\u00f6tilannousun rajoittaminen on avainasemassa my\u00f6s sosiaalisen kest\u00e4vyyden turvaamisessa, kuten k\u00f6yhyyden&hellip;","_links":{"self":[{"href":"https:\/\/www.ekoenergy.org\/fi\/wp-json\/wp\/v2\/pages\/2888","targetHints":{"allow":["GET"]}}],"collection":[{"href":"https:\/\/www.ekoenergy.org\/fi\/wp-json\/wp\/v2\/pages"}],"about":[{"href":"https:\/\/www.ekoenergy.org\/fi\/wp-json\/wp\/v2\/types\/page"}],"author":[{"embeddable":true,"href":"https:\/\/www.ekoenergy.org\/fi\/wp-json\/wp\/v2\/users\/2"}],"replies":[{"embeddable":true,"href":"https:\/\/www.ekoenergy.org\/fi\/wp-json\/wp\/v2\/comments?post=2888"}],"version-history":[{"count":2,"href":"https:\/\/www.ekoenergy.org\/fi\/wp-json\/wp\/v2\/pages\/2888\/revisions"}],"predecessor-version":[{"id":139770,"href":"https:\/\/www.ekoenergy.org\/fi\/wp-json\/wp\/v2\/pages\/2888\/revisions\/139770"}],"up":[{"embeddable":true,"href":"https:\/\/www.ekoenergy.org\/fi\/wp-json\/wp\/v2\/pages\/2525"}],"wp:featuredmedia":[{"embeddable":true,"href":"https:\/\/www.ekoenergy.org\/fi\/wp-json\/wp\/v2\/media\/28076"}],"wp:attachment":[{"href":"https:\/\/www.ekoenergy.org\/fi\/wp-json\/wp\/v2\/media?parent=2888"}],"curies":[{"name":"wp","href":"https:\/\/api.w.org\/{rel}","templated":true}]}}