{"id":3456,"date":"2019-12-04T13:58:01","date_gmt":"2019-12-04T13:58:01","guid":{"rendered":"https:\/\/www.ekoenergy.org\/extras\/logo\/"},"modified":"2022-12-14T11:05:18","modified_gmt":"2022-12-14T09:05:18","slug":"logo","status":"publish","type":"page","link":"https:\/\/www.ekoenergy.org\/fi\/extras\/logo\/","title":{"rendered":"Logomme viestinn\u00e4ss\u00e4si"},"content":{"rendered":"\n<h1 class=\"wp-block-heading\">Viestint\u00e4 EKOenergia-logon avulla \u2013 Br\u00e4ndikirja<\/h1>\n\n\n\n<h2 class=\"wp-block-heading\">Tehosta positiivista vaikutustasi inspiroimalla muita<\/h2>\n\n\n\n<p>Ryhdy osaksi maailmanlaajuista kest\u00e4v\u00e4n ja uusiutuvan energian siirtym\u00e4\u00e4: <a href=\"https:\/\/www.ekoenergy.org\/fi\/buying-ekoenergy\/\">ryhdy EKOenergian k\u00e4ytt\u00e4j\u00e4ksi<\/a> ja levit\u00e4 sanaa!<\/p>\n\n\n\n<p>EKOenergian logo ja viestint\u00e4materiaalit ovat saatavilla monilla kielill\u00e4 ja eri muodoissa. EKOenergian valtuutetut myyj\u00e4t ja EKOenergia-merkityn energian k\u00e4ytt\u00e4j\u00e4t voivat ottaa meihin yhteytt\u00e4 osoitteessa <a href=\"mailto:info@ekoenergy.org\" target=\"_blank\" rel=\"noreferrer noopener\">info<img decoding=\"async\" class=\"alignnone\" src=\"https:\/\/www.ekoenergy.org\/wp-content\/uploads\/small-EKOenergy-symbol-for-emails.jpg\" alt=\" \">ekoenergy.org<\/a> saadakseen p\u00e4\u00e4syn n\u00e4ihin materiaaleihin.<\/p>\n\n\n\n<figure class=\"wp-block-image aligncenter size-full\"><img fetchpriority=\"high\" decoding=\"async\" width=\"1024\" height=\"341\" src=\"https:\/\/www.ekoenergy.org\/wp-content\/uploads\/2021_pic-for-thebrandbook-website.png\" alt=\"\" class=\"wp-image-109162\" srcset=\"https:\/\/www.ekoenergy.org\/wp-content\/uploads\/2021_pic-for-thebrandbook-website.png 1024w, https:\/\/www.ekoenergy.org\/wp-content\/uploads\/2021_pic-for-thebrandbook-website-320x107.png 320w, https:\/\/www.ekoenergy.org\/wp-content\/uploads\/2021_pic-for-thebrandbook-website-768x256.png 768w\" sizes=\"(max-width: 1024px) 100vw, 1024px\" \/><\/figure>\n\n\n\n<div style=\"height:20px\" aria-hidden=\"true\" class=\"wp-block-spacer\"><\/div>\n\n\n\n<p>Kun k\u00e4yt\u00e4t EKOenergia-logoa viestinn\u00e4ss\u00e4si, osoitat k\u00e4ytt\u00e4v\u00e4si ymp\u00e4rist\u00f6yst\u00e4v\u00e4llisimmist\u00e4 laitoksista per\u00e4isin olevaa uusiutuvaa energiaa, ja samalla innostat ja rohkaiset muita sitoutumaan uusiutuvaan energiaan. T\u00e4m\u00e4 auttaa nopeuttamaan siirtymist\u00e4 kokonaan uusiutuvaan energiaan perustuvaan maailmaan ja tehostaa my\u00f6nteist\u00e4 vaikutustasi uusiutuvan energian valintasi ohella.<\/p>\n\n\n\n<p>Koska monet k\u00e4ytt\u00e4v\u00e4t kansainv\u00e4lisesti tunnettua EKOenergia-logoamme, positiivisen energian verkostomme kasvaa monissa maissa!<\/p>\n\n\n\n<h2 class=\"wp-block-heading\">EKOenergian logo julkaisuissasi, tuotteissasi ja verkkosivustollasi<\/h2>\n\n\n\n<p>Voit k\u00e4ytt\u00e4\u00e4 EKOenergia-logoa tuotteissasi, verkkosivustollasi, markkinointi- ja viestint\u00e4materiaaleissasi, kest\u00e4v\u00e4n kehityksen raporteissasi, rakennuksissa (kuten myym\u00e4l\u00f6iss\u00e4 ja toimistoissa) ja monissa muissa paikoissa.<\/p>\n\n\n\n<p>Ilmoita EKOenergian sihteerist\u00f6lle osoitteeseen <a href=\"mailto:info@ekoenergy.org\" target=\"_blank\" rel=\"noreferrer noopener\">info<img decoding=\"async\" class=\"alignnone\" src=\"https:\/\/www.ekoenergy.org\/wp-content\/uploads\/small-EKOenergy-symbol-for-emails.jpg\" alt=\" \">ekoenergy.org<\/a> ennen kuin k\u00e4yt\u00e4t nime\u00e4mme tai logoamme viestinn\u00e4ss\u00e4si, ja muista aina noudattaa br\u00e4ndikirjamme s\u00e4\u00e4nt\u00f6j\u00e4.<\/p>\n\n\n\n<h2 class=\"wp-block-heading\">Br\u00e4ndikirja ja suositukset<\/h2>\n\n\n\n<p>Valtuutetut myyj\u00e4mme ja kaikki EKOenergian kuluttajat saavat mielell\u00e4\u00e4n k\u00e4ytt\u00e4\u00e4 EKOenergian nime\u00e4 ja logoa edellytt\u00e4en, ett\u00e4 he ilmoittavat siit\u00e4 meille ennen ensimm\u00e4ist\u00e4 k\u00e4ytt\u00f6kertaa. Arvostamme my\u00f6s, jos mainitset ja merkitset meid\u00e4t sosiaalisen median viestinn\u00e4ss\u00e4si.<\/p>\n\n\n\n<p>Muista tutustua br\u00e4ndikirjaamme, josta saat lis\u00e4tietoja ja ohjeita nimemme ja logomme k\u00e4ytt\u00f6\u00f6n.<\/p>\n\n\n\n<p>Br\u00e4ndikirjamme on saatavilla seuraavilla kielill\u00e4:<\/p>\n\n\n\n<ul class=\"wp-block-list\">\n<li>FI: <a href=\"https:\/\/www.ekoenergy.org\/wp-content\/uploads\/EKOenergy-Brand-book-Finnish.pdf\" target=\"_blank\" rel=\"noreferrer noopener\">EKOenergian br\u00e4ndikirja &#8211; Opas viestint\u00e4\u00e4n EKOenergia-logon avulla<\/a><\/li>\n\n\n\n<li>EN: <a href=\"https:\/\/www.ekoenergy.org\/wp-content\/uploads\/EKOenergy_Brand_book_english.pdf\" target=\"_blank\" rel=\"noreferrer noopener\">EKOenergy&#8217;s brand book &#8211; A guide for communication using the EKOenergy logo<\/a>  <\/li>\n\n\n\n<li>DE: <a rel=\"noreferrer noopener\" href=\"https:\/\/www.ekoenergy.org\/wp-content\/uploads\/EKOenergy-Brand-Book-German.pdf\" target=\"_blank\">EKOenergie Brand Book &#8211; Ein Leitfaden f\u00fcr die Kommunikation unter Verwendung des EKOenergie-Logos<\/a><\/li>\n\n\n\n<li>ES: <a rel=\"noreferrer noopener\" href=\"https:\/\/www.ekoenergy.org\/wp-content\/uploads\/EKOenergy-Brand-Book-2022-Spanish.pdf\" target=\"_blank\">Libro de la marca EKOenerg\u00eda &#8211; Una gu\u00eda para la comunicaci\u00f3n utilizando el logotipo de EKOenerg\u00eda<\/a><\/li>\n\n\n\n<li>FR: <a href=\"https:\/\/www.ekoenergy.org\/wp-content\/uploads\/EKOenergy-Brandbook-French.pdf\" target=\"_blank\" rel=\"noreferrer noopener\">Brand Book EKO\u00e9nergie &#8211; Le guide pour la communication utilisant le logo EKO\u00e9nergie<\/a><\/li>\n\n\n\n<li>IT: <a href=\"https:\/\/www.ekoenergy.org\/wp-content\/uploads\/Brand_Book_Italian.pdf\" target=\"_blank\" rel=\"noreferrer noopener\">Brand Book EKOenergy &#8211; Guida all&#8217;uso del marchio EKOenergy per la comunicazione<\/a><\/li>\n\n\n\n<li>RU: <a href=\"https:\/\/www.ekoenergy.org\/wp-content\/uploads\/EKOenergy-Brand-Book-Russian.pdf\" target=\"_blank\" rel=\"noreferrer noopener\">\u0411\u0440\u0435\u043d\u0434\u0431\u0443\u043a \u042d\u041a\u041e\u044d\u043d\u0435\u0440\u0433\u0438\u0438 \u2013 \u0413\u0438\u0434 \u043f\u043e \u0438\u0441\u043f\u043e\u043b\u044c\u0437\u043e\u0432\u0430\u043d\u0438\u044e \u043b\u043e\u0433\u043e\u0442\u0438\u043f\u0430 \u042d\u041a\u041e\u044d\u043d\u0435\u0440\u0433\u0438\u0438<\/a><\/li>\n<\/ul>\n\n\n\n<p>Nopean katsauksen t\u00e4rkeimmist\u00e4 s\u00e4\u00e4nn\u00f6ist\u00e4 ja suosituksista saat yksisivuisesta ohjeestamme\u00a0&#8221;<a href=\"https:\/\/www.ekoenergy.org\/wp-content\/uploads\/what-can-you-communicate-as-ekoenergy-user-leaflet.pdf\" target=\"_blank\" rel=\"noreferrer noopener\">What can you communicate as an EKOenergy user?<\/a>&#8221;.\u00a0Se on saatavana seuraavilla kielill\u00e4:<\/p>\n\n\n\n<ul class=\"wp-block-list\">\n<li>EN: <a href=\"https:\/\/www.ekoenergy.org\/wp-content\/uploads\/what-can-you-communicate-as-ekoenergy-user-leaflet.pdf\" target=\"_blank\" rel=\"noreferrer noopener\">What can you communicate as an EKOenergy user?<\/a><\/li>\n\n\n\n<li>DE: <a href=\"https:\/\/www.ekoenergy.org\/wp-content\/uploads\/what-can-you-communicate-as-ekoenergy-user-leaflet-German.pdf\" target=\"_blank\" rel=\"noreferrer noopener\">Wie kommunizieren Sie als EKOenergie-Nutzer?<\/a><\/li>\n\n\n\n<li>ES: <a href=\"https:\/\/www.ekoenergy.org\/wp-content\/uploads\/what-can-you-communicate-as-ekoenergy-user-leaflet-spanish.pdf\" target=\"_blank\" rel=\"noreferrer noopener\">\u00bfQu\u00e9 puede comunicar como usuario de EKOenerg\u00eda?<\/a><\/li>\n\n\n\n<li>FR: <a href=\"https:\/\/www.ekoenergy.org\/wp-content\/uploads\/what-can-you-communicate-as-ekoenergy-user-leaflet-French.pdf\" target=\"_blank\" rel=\"noreferrer noopener\">Que pouvez-vous communiquer en tant qu\u2019utilisateur d\u2019EKO\u00e9nergie?<\/a><\/li>\n<\/ul>\n\n\n\n<figure class=\"wp-block-image size-full\"><img decoding=\"async\" width=\"1024\" height=\"416\" src=\"https:\/\/www.ekoenergy.org\/wp-content\/uploads\/2021_pic-for-thebrandbook-website1.png\" alt=\"2021-examples-ekoenergy-logo\" class=\"wp-image-109262\" srcset=\"https:\/\/www.ekoenergy.org\/wp-content\/uploads\/2021_pic-for-thebrandbook-website1.png 1024w, https:\/\/www.ekoenergy.org\/wp-content\/uploads\/2021_pic-for-thebrandbook-website1-320x130.png 320w, https:\/\/www.ekoenergy.org\/wp-content\/uploads\/2021_pic-for-thebrandbook-website1-768x312.png 768w\" sizes=\"(max-width: 1024px) 100vw, 1024px\" \/><\/figure>\n\n\n\n<p>Lis\u00e4\u00e4 esimerkkej\u00e4 muiden tavasta k\u00e4ytt\u00e4\u00e4 logoamme l\u00f6yd\u00e4t\u00a0<a href=\"https:\/\/flic.kr\/s\/aHskEHRwU7\">EKOenergian Flickr-sivulta<\/a>.<\/p>\n\n\n\n<h2 class=\"wp-block-heading\">Ota yhteytt\u00e4<\/h2>\n\n\n\n<p>Her\u00e4sik\u00f6 kysytt\u00e4v\u00e4\u00e4? Tai onko sinulla kommentoitavaa? Vai kenties ajatuksia?\u00a0<a href=\"https:\/\/www.ekoenergy.org\/fi\/about-us\/contact-us\/\">Ota rohkeasti yhteytt\u00e4<\/a>. Autamme mielell\u00e4mme eri kielill\u00e4.   <\/p>\n","protected":false},"excerpt":{"rendered":"<p>Viestint\u00e4 EKOenergia-logon avulla \u2013 Br\u00e4ndikirja Tehosta positiivista vaikutustasi inspiroimalla muita Ryhdy osaksi maailmanlaajuista kest\u00e4v\u00e4n ja uusiutuvan energian siirtym\u00e4\u00e4: ryhdy EKOenergian k\u00e4ytt\u00e4j\u00e4ksi ja levit\u00e4 sanaa! EKOenergian logo ja viestint\u00e4materiaalit ovat saatavilla monilla kielill\u00e4 ja eri muodoissa. EKOenergian valtuutetut myyj\u00e4t ja EKOenergia-merkityn energian k\u00e4ytt\u00e4j\u00e4t voivat ottaa meihin yhteytt\u00e4 osoitteessa infoekoenergy.org saadakseen p\u00e4\u00e4syn n\u00e4ihin materiaaleihin. Kun k\u00e4yt\u00e4t EKOenergia-logoa [&hellip;]<\/p>\n","protected":false},"author":17,"featured_media":32574,"parent":2725,"menu_order":1,"comment_status":"closed","ping_status":"closed","template":"","meta":{"inline_featured_image":false,"_uag_custom_page_level_css":"","site-sidebar-layout":"default","site-content-layout":"default","ast-site-content-layout":"default","site-content-style":"default","site-sidebar-style":"default","ast-global-header-display":"","ast-banner-title-visibility":"","ast-main-header-display":"","ast-hfb-above-header-display":"","ast-hfb-below-header-display":"","ast-hfb-mobile-header-display":"","site-post-title":"disabled","ast-breadcrumbs-content":"","ast-featured-img":"","footer-sml-layout":"","ast-disable-related-posts":"","theme-transparent-header-meta":"default","adv-header-id-meta":"","stick-header-meta":"default","header-above-stick-meta":"","header-main-stick-meta":"","header-below-stick-meta":"","astra-migrate-meta-layouts":"default","ast-page-background-enabled":"default","ast-page-background-meta":{"desktop":{"background-color":"","background-image":"","background-repeat":"repeat","background-position":"center center","background-size":"auto","background-attachment":"scroll","background-type":"","background-media":"","overlay-type":"","overlay-color":"","overlay-opacity":"","overlay-gradient":""},"tablet":{"background-color":"","background-image":"","background-repeat":"repeat","background-position":"center center","background-size":"auto","background-attachment":"scroll","background-type":"","background-media":"","overlay-type":"","overlay-color":"","overlay-opacity":"","overlay-gradient":""},"mobile":{"background-color":"","background-image":"","background-repeat":"repeat","background-position":"center center","background-size":"auto","background-attachment":"scroll","background-type":"","background-media":"","overlay-type":"","overlay-color":"","overlay-opacity":"","overlay-gradient":""}},"ast-content-background-meta":{"desktop":{"background-color":"var(--ast-global-color-5)","background-image":"","background-repeat":"repeat","background-position":"center center","background-size":"auto","background-attachment":"scroll","background-type":"","background-media":"","overlay-type":"","overlay-color":"","overlay-opacity":"","overlay-gradient":""},"tablet":{"background-color":"var(--ast-global-color-5)","background-image":"","background-repeat":"repeat","background-position":"center center","background-size":"auto","background-attachment":"scroll","background-type":"","background-media":"","overlay-type":"","overlay-color":"","overlay-opacity":"","overlay-gradient":""},"mobile":{"background-color":"var(--ast-global-color-5)","background-image":"","background-repeat":"repeat","background-position":"center center","background-size":"auto","background-attachment":"scroll","background-type":"","background-media":"","overlay-type":"","overlay-color":"","overlay-opacity":"","overlay-gradient":""}},"footnotes":""},"class_list":["post-3456","page","type-page","status-publish","has-post-thumbnail","hentry"],"yoast_head":"<!-- This site is optimized with the Yoast SEO plugin v27.3 - https:\/\/yoast.com\/product\/yoast-seo-wordpress\/ -->\n<title>Logomme viestinn\u00e4ss\u00e4si - EKOenergy ecolabel<\/title>\n<meta name=\"description\" content=\"EKOenergian k\u00e4ytt\u00e4j\u00e4n\u00e4 voit k\u00e4ytt\u00e4\u00e4 logoamme viestinn\u00e4ss\u00e4nne ja tuotteissanne. L\u00f6yd\u00e4t esimerkkej\u00e4 ja br\u00e4ndikirjan t\u00e4\u00e4lt\u00e4.\" \/>\n<meta name=\"robots\" content=\"index, follow, max-snippet:-1, max-image-preview:large, max-video-preview:-1\" \/>\n<link rel=\"canonical\" href=\"https:\/\/www.ekoenergy.org\/fi\/extras\/logo\/\" \/>\n<meta property=\"og:locale\" content=\"fi_FI\" \/>\n<meta property=\"og:type\" content=\"article\" \/>\n<meta property=\"og:title\" content=\"Logomme viestinn\u00e4ss\u00e4si - EKOenergy ecolabel\" \/>\n<meta property=\"og:description\" content=\"EKOenergian k\u00e4ytt\u00e4j\u00e4n\u00e4 voit k\u00e4ytt\u00e4\u00e4 logoamme viestinn\u00e4ss\u00e4nne ja tuotteissanne. L\u00f6yd\u00e4t esimerkkej\u00e4 ja br\u00e4ndikirjan t\u00e4\u00e4lt\u00e4.\" \/>\n<meta property=\"og:url\" content=\"https:\/\/www.ekoenergy.org\/fi\/extras\/logo\/\" \/>\n<meta property=\"og:site_name\" content=\"EKOenergy ecolabel\" \/>\n<meta property=\"article:publisher\" content=\"https:\/\/www.facebook.com\/EKOenergy.ecolabel\/\" \/>\n<meta property=\"article:modified_time\" content=\"2022-12-14T09:05:18+00:00\" \/>\n<meta property=\"og:image\" content=\"https:\/\/www.ekoenergy.org\/wp-content\/uploads\/Featured-Bottles-with-EKOenergy-logo.jpg\" \/>\n\t<meta property=\"og:image:width\" content=\"957\" \/>\n\t<meta property=\"og:image:height\" content=\"636\" \/>\n\t<meta property=\"og:image:type\" content=\"image\/jpeg\" \/>\n<meta name=\"twitter:card\" content=\"summary_large_image\" \/>\n<meta name=\"twitter:site\" content=\"@EKOenergy_\" \/>\n<meta name=\"twitter:label1\" content=\"Arvioitu lukuaika\" \/>\n\t<meta name=\"twitter:data1\" content=\"3 minuuttia\" \/>\n<script type=\"application\/ld+json\" class=\"yoast-schema-graph\">{\"@context\":\"https:\\\/\\\/schema.org\",\"@graph\":[{\"@type\":\"WebPage\",\"@id\":\"https:\\\/\\\/www.ekoenergy.org\\\/fi\\\/extras\\\/logo\\\/\",\"url\":\"https:\\\/\\\/www.ekoenergy.org\\\/fi\\\/extras\\\/logo\\\/\",\"name\":\"Logomme viestinn\u00e4ss\u00e4si - EKOenergy ecolabel\",\"isPartOf\":{\"@id\":\"https:\\\/\\\/www.ekoenergy.org\\\/fi\\\/#website\"},\"primaryImageOfPage\":{\"@id\":\"https:\\\/\\\/www.ekoenergy.org\\\/fi\\\/extras\\\/logo\\\/#primaryimage\"},\"image\":{\"@id\":\"https:\\\/\\\/www.ekoenergy.org\\\/fi\\\/extras\\\/logo\\\/#primaryimage\"},\"thumbnailUrl\":\"https:\\\/\\\/www.ekoenergy.org\\\/wp-content\\\/uploads\\\/Featured-Bottles-with-EKOenergy-logo.jpg\",\"datePublished\":\"2019-12-04T13:58:01+00:00\",\"dateModified\":\"2022-12-14T09:05:18+00:00\",\"description\":\"EKOenergian k\u00e4ytt\u00e4j\u00e4n\u00e4 voit k\u00e4ytt\u00e4\u00e4 logoamme viestinn\u00e4ss\u00e4nne ja tuotteissanne. L\u00f6yd\u00e4t esimerkkej\u00e4 ja br\u00e4ndikirjan t\u00e4\u00e4lt\u00e4.\",\"breadcrumb\":{\"@id\":\"https:\\\/\\\/www.ekoenergy.org\\\/fi\\\/extras\\\/logo\\\/#breadcrumb\"},\"inLanguage\":\"fi\",\"potentialAction\":[{\"@type\":\"ReadAction\",\"target\":[\"https:\\\/\\\/www.ekoenergy.org\\\/fi\\\/extras\\\/logo\\\/\"]}]},{\"@type\":\"ImageObject\",\"inLanguage\":\"fi\",\"@id\":\"https:\\\/\\\/www.ekoenergy.org\\\/fi\\\/extras\\\/logo\\\/#primaryimage\",\"url\":\"https:\\\/\\\/www.ekoenergy.org\\\/wp-content\\\/uploads\\\/Featured-Bottles-with-EKOenergy-logo.jpg\",\"contentUrl\":\"https:\\\/\\\/www.ekoenergy.org\\\/wp-content\\\/uploads\\\/Featured-Bottles-with-EKOenergy-logo.jpg\",\"width\":957,\"height\":636},{\"@type\":\"BreadcrumbList\",\"@id\":\"https:\\\/\\\/www.ekoenergy.org\\\/fi\\\/extras\\\/logo\\\/#breadcrumb\",\"itemListElement\":[{\"@type\":\"ListItem\",\"position\":1,\"name\":\"Home\",\"item\":\"https:\\\/\\\/www.ekoenergy.org\\\/fi\\\/\"},{\"@type\":\"ListItem\",\"position\":2,\"name\":\"More\",\"item\":\"https:\\\/\\\/www.ekoenergy.org\\\/fi\\\/extras\\\/\"},{\"@type\":\"ListItem\",\"position\":3,\"name\":\"Logomme viestinn\u00e4ss\u00e4si\"}]},{\"@type\":\"WebSite\",\"@id\":\"https:\\\/\\\/www.ekoenergy.org\\\/fi\\\/#website\",\"url\":\"https:\\\/\\\/www.ekoenergy.org\\\/fi\\\/\",\"name\":\"EKOenergy ecolabel\",\"description\":\"The global nonprofit ecolabel for renewable energy\",\"publisher\":{\"@id\":\"https:\\\/\\\/www.ekoenergy.org\\\/fi\\\/#organization\"},\"potentialAction\":[{\"@type\":\"SearchAction\",\"target\":{\"@type\":\"EntryPoint\",\"urlTemplate\":\"https:\\\/\\\/www.ekoenergy.org\\\/fi\\\/?s={search_term_string}\"},\"query-input\":{\"@type\":\"PropertyValueSpecification\",\"valueRequired\":true,\"valueName\":\"search_term_string\"}}],\"inLanguage\":\"fi\"},{\"@type\":\"Organization\",\"@id\":\"https:\\\/\\\/www.ekoenergy.org\\\/fi\\\/#organization\",\"name\":\"Not-for-profit Organisation EKOenergy\",\"url\":\"https:\\\/\\\/www.ekoenergy.org\\\/fi\\\/\",\"logo\":{\"@type\":\"ImageObject\",\"inLanguage\":\"fi\",\"@id\":\"https:\\\/\\\/www.ekoenergy.org\\\/fi\\\/#\\\/schema\\\/logo\\\/image\\\/\",\"url\":\"https:\\\/\\\/www.ekoenergy.org\\\/wp-content\\\/uploads\\\/logo-EKOenergy-no-text.jpg\",\"contentUrl\":\"https:\\\/\\\/www.ekoenergy.org\\\/wp-content\\\/uploads\\\/logo-EKOenergy-no-text.jpg\",\"width\":1600,\"height\":1600,\"caption\":\"Not-for-profit Organisation EKOenergy\"},\"image\":{\"@id\":\"https:\\\/\\\/www.ekoenergy.org\\\/fi\\\/#\\\/schema\\\/logo\\\/image\\\/\"},\"sameAs\":[\"https:\\\/\\\/www.facebook.com\\\/EKOenergy.ecolabel\\\/\",\"https:\\\/\\\/x.com\\\/EKOenergy_\",\"https:\\\/\\\/www.instagram.com\\\/ekoenergy\\\/\",\"https:\\\/\\\/www.linkedin.com\\\/company\\\/ekoenergy-ecolabel\\\/\",\"https:\\\/\\\/www.youtube.com\\\/EKOenergy-ecolabel\",\"https:\\\/\\\/en.wikipedia.org\\\/wiki\\\/EKOenergy\"]}]}<\/script>\n<!-- \/ Yoast SEO plugin. -->","yoast_head_json":{"title":"Logomme viestinn\u00e4ss\u00e4si - EKOenergy ecolabel","description":"EKOenergian k\u00e4ytt\u00e4j\u00e4n\u00e4 voit k\u00e4ytt\u00e4\u00e4 logoamme viestinn\u00e4ss\u00e4nne ja tuotteissanne. L\u00f6yd\u00e4t esimerkkej\u00e4 ja br\u00e4ndikirjan t\u00e4\u00e4lt\u00e4.","robots":{"index":"index","follow":"follow","max-snippet":"max-snippet:-1","max-image-preview":"max-image-preview:large","max-video-preview":"max-video-preview:-1"},"canonical":"https:\/\/www.ekoenergy.org\/fi\/extras\/logo\/","og_locale":"fi_FI","og_type":"article","og_title":"Logomme viestinn\u00e4ss\u00e4si - EKOenergy ecolabel","og_description":"EKOenergian k\u00e4ytt\u00e4j\u00e4n\u00e4 voit k\u00e4ytt\u00e4\u00e4 logoamme viestinn\u00e4ss\u00e4nne ja tuotteissanne. L\u00f6yd\u00e4t esimerkkej\u00e4 ja br\u00e4ndikirjan t\u00e4\u00e4lt\u00e4.","og_url":"https:\/\/www.ekoenergy.org\/fi\/extras\/logo\/","og_site_name":"EKOenergy ecolabel","article_publisher":"https:\/\/www.facebook.com\/EKOenergy.ecolabel\/","article_modified_time":"2022-12-14T09:05:18+00:00","og_image":[{"width":957,"height":636,"url":"https:\/\/www.ekoenergy.org\/wp-content\/uploads\/Featured-Bottles-with-EKOenergy-logo.jpg","type":"image\/jpeg"}],"twitter_card":"summary_large_image","twitter_site":"@EKOenergy_","twitter_misc":{"Arvioitu lukuaika":"3 minuuttia"},"schema":{"@context":"https:\/\/schema.org","@graph":[{"@type":"WebPage","@id":"https:\/\/www.ekoenergy.org\/fi\/extras\/logo\/","url":"https:\/\/www.ekoenergy.org\/fi\/extras\/logo\/","name":"Logomme viestinn\u00e4ss\u00e4si - EKOenergy ecolabel","isPartOf":{"@id":"https:\/\/www.ekoenergy.org\/fi\/#website"},"primaryImageOfPage":{"@id":"https:\/\/www.ekoenergy.org\/fi\/extras\/logo\/#primaryimage"},"image":{"@id":"https:\/\/www.ekoenergy.org\/fi\/extras\/logo\/#primaryimage"},"thumbnailUrl":"https:\/\/www.ekoenergy.org\/wp-content\/uploads\/Featured-Bottles-with-EKOenergy-logo.jpg","datePublished":"2019-12-04T13:58:01+00:00","dateModified":"2022-12-14T09:05:18+00:00","description":"EKOenergian k\u00e4ytt\u00e4j\u00e4n\u00e4 voit k\u00e4ytt\u00e4\u00e4 logoamme viestinn\u00e4ss\u00e4nne ja tuotteissanne. L\u00f6yd\u00e4t esimerkkej\u00e4 ja br\u00e4ndikirjan t\u00e4\u00e4lt\u00e4.","breadcrumb":{"@id":"https:\/\/www.ekoenergy.org\/fi\/extras\/logo\/#breadcrumb"},"inLanguage":"fi","potentialAction":[{"@type":"ReadAction","target":["https:\/\/www.ekoenergy.org\/fi\/extras\/logo\/"]}]},{"@type":"ImageObject","inLanguage":"fi","@id":"https:\/\/www.ekoenergy.org\/fi\/extras\/logo\/#primaryimage","url":"https:\/\/www.ekoenergy.org\/wp-content\/uploads\/Featured-Bottles-with-EKOenergy-logo.jpg","contentUrl":"https:\/\/www.ekoenergy.org\/wp-content\/uploads\/Featured-Bottles-with-EKOenergy-logo.jpg","width":957,"height":636},{"@type":"BreadcrumbList","@id":"https:\/\/www.ekoenergy.org\/fi\/extras\/logo\/#breadcrumb","itemListElement":[{"@type":"ListItem","position":1,"name":"Home","item":"https:\/\/www.ekoenergy.org\/fi\/"},{"@type":"ListItem","position":2,"name":"More","item":"https:\/\/www.ekoenergy.org\/fi\/extras\/"},{"@type":"ListItem","position":3,"name":"Logomme viestinn\u00e4ss\u00e4si"}]},{"@type":"WebSite","@id":"https:\/\/www.ekoenergy.org\/fi\/#website","url":"https:\/\/www.ekoenergy.org\/fi\/","name":"EKOenergy ecolabel","description":"The global nonprofit ecolabel for renewable energy","publisher":{"@id":"https:\/\/www.ekoenergy.org\/fi\/#organization"},"potentialAction":[{"@type":"SearchAction","target":{"@type":"EntryPoint","urlTemplate":"https:\/\/www.ekoenergy.org\/fi\/?s={search_term_string}"},"query-input":{"@type":"PropertyValueSpecification","valueRequired":true,"valueName":"search_term_string"}}],"inLanguage":"fi"},{"@type":"Organization","@id":"https:\/\/www.ekoenergy.org\/fi\/#organization","name":"Not-for-profit Organisation EKOenergy","url":"https:\/\/www.ekoenergy.org\/fi\/","logo":{"@type":"ImageObject","inLanguage":"fi","@id":"https:\/\/www.ekoenergy.org\/fi\/#\/schema\/logo\/image\/","url":"https:\/\/www.ekoenergy.org\/wp-content\/uploads\/logo-EKOenergy-no-text.jpg","contentUrl":"https:\/\/www.ekoenergy.org\/wp-content\/uploads\/logo-EKOenergy-no-text.jpg","width":1600,"height":1600,"caption":"Not-for-profit Organisation EKOenergy"},"image":{"@id":"https:\/\/www.ekoenergy.org\/fi\/#\/schema\/logo\/image\/"},"sameAs":["https:\/\/www.facebook.com\/EKOenergy.ecolabel\/","https:\/\/x.com\/EKOenergy_","https:\/\/www.instagram.com\/ekoenergy\/","https:\/\/www.linkedin.com\/company\/ekoenergy-ecolabel\/","https:\/\/www.youtube.com\/EKOenergy-ecolabel","https:\/\/en.wikipedia.org\/wiki\/EKOenergy"]}]}},"uagb_featured_image_src":{"full":["https:\/\/www.ekoenergy.org\/wp-content\/uploads\/Featured-Bottles-with-EKOenergy-logo.jpg",957,636,false],"thumbnail":["https:\/\/www.ekoenergy.org\/wp-content\/uploads\/Featured-Bottles-with-EKOenergy-logo-150x150.jpg",150,150,true],"medium":["https:\/\/www.ekoenergy.org\/wp-content\/uploads\/Featured-Bottles-with-EKOenergy-logo-320x213.jpg",320,213,true],"medium_large":["https:\/\/www.ekoenergy.org\/wp-content\/uploads\/Featured-Bottles-with-EKOenergy-logo-768x510.jpg",768,510,true],"large":["https:\/\/www.ekoenergy.org\/wp-content\/uploads\/Featured-Bottles-with-EKOenergy-logo.jpg",957,636,false],"1536x1536":["https:\/\/www.ekoenergy.org\/wp-content\/uploads\/Featured-Bottles-with-EKOenergy-logo.jpg",957,636,false],"2048x2048":["https:\/\/www.ekoenergy.org\/wp-content\/uploads\/Featured-Bottles-with-EKOenergy-logo.jpg",957,636,false]},"uagb_author_info":{"display_name":"EKOenergy ecolabel","author_link":"https:\/\/www.ekoenergy.org\/fi\/author\/ekoenergy\/"},"uagb_comment_info":0,"uagb_excerpt":"Viestint\u00e4 EKOenergia-logon avulla \u2013 Br\u00e4ndikirja Tehosta positiivista vaikutustasi inspiroimalla muita Ryhdy osaksi maailmanlaajuista kest\u00e4v\u00e4n ja uusiutuvan energian siirtym\u00e4\u00e4: ryhdy EKOenergian k\u00e4ytt\u00e4j\u00e4ksi ja levit\u00e4 sanaa! EKOenergian logo ja viestint\u00e4materiaalit ovat saatavilla monilla kielill\u00e4 ja eri muodoissa. EKOenergian valtuutetut myyj\u00e4t ja EKOenergia-merkityn energian k\u00e4ytt\u00e4j\u00e4t voivat ottaa meihin yhteytt\u00e4 osoitteessa infoekoenergy.org saadakseen p\u00e4\u00e4syn n\u00e4ihin materiaaleihin. Kun k\u00e4yt\u00e4t EKOenergia-logoa&hellip;","_links":{"self":[{"href":"https:\/\/www.ekoenergy.org\/fi\/wp-json\/wp\/v2\/pages\/3456","targetHints":{"allow":["GET"]}}],"collection":[{"href":"https:\/\/www.ekoenergy.org\/fi\/wp-json\/wp\/v2\/pages"}],"about":[{"href":"https:\/\/www.ekoenergy.org\/fi\/wp-json\/wp\/v2\/types\/page"}],"author":[{"embeddable":true,"href":"https:\/\/www.ekoenergy.org\/fi\/wp-json\/wp\/v2\/users\/17"}],"replies":[{"embeddable":true,"href":"https:\/\/www.ekoenergy.org\/fi\/wp-json\/wp\/v2\/comments?post=3456"}],"version-history":[{"count":2,"href":"https:\/\/www.ekoenergy.org\/fi\/wp-json\/wp\/v2\/pages\/3456\/revisions"}],"predecessor-version":[{"id":135837,"href":"https:\/\/www.ekoenergy.org\/fi\/wp-json\/wp\/v2\/pages\/3456\/revisions\/135837"}],"up":[{"embeddable":true,"href":"https:\/\/www.ekoenergy.org\/fi\/wp-json\/wp\/v2\/pages\/2725"}],"wp:featuredmedia":[{"embeddable":true,"href":"https:\/\/www.ekoenergy.org\/fi\/wp-json\/wp\/v2\/media\/32574"}],"wp:attachment":[{"href":"https:\/\/www.ekoenergy.org\/fi\/wp-json\/wp\/v2\/media?parent=3456"}],"curies":[{"name":"wp","href":"https:\/\/api.w.org\/{rel}","templated":true}]}}