{"id":3624,"date":"2019-12-04T13:53:51","date_gmt":"2019-12-04T13:53:51","guid":{"rendered":"https:\/\/www.ekoenergy.org\/our-results\/freshabit\/"},"modified":"2021-11-11T09:20:22","modified_gmt":"2021-11-11T07:20:22","slug":"freshabit","status":"publish","type":"page","link":"https:\/\/www.ekoenergy.org\/fi\/our-results\/freshabit\/","title":{"rendered":"Freshabit LIFE IP -vesist\u00f6hanke"},"content":{"rendered":"\n<h1 class=\"wp-block-heading\">Freshabit LIFE IP -hankkeella parannetaanvesist\u00f6jen tilaa Suomessa<\/h1>\n\n\n\n<div class=\"wp-block-image\"><figure class=\"alignright size-large is-resized\"><img decoding=\"async\" src=\"https:\/\/www.ekoenergy.org\/wp-content\/uploads\/FRESHABIT-logo.png\" alt=\"FRESHABIT logo\" class=\"wp-image-13461\" width=\"202\" height=\"178\"\/><\/figure><\/div>\n\n\n\n<p>EKOenergia ja Suomen luonnonsuojeluliitto osallistuvat vuosina 2016-2022 EU:n LIFE-ymp\u00e4rist\u00f6rahaston vesist\u00f6hankkeeseen. Koko Suomen kattavaa suurhanketta koordinoi Mets\u00e4hallitus ja mukana on viranomaistahoja, tutkimuslaitoksia ja ymp\u00e4rist\u00f6j\u00e4rjest\u00f6j\u00e4. Hankkeessa parannetaan Suomen Natura 2000 -verkoston vesialueiden kuten j\u00e4rvien, jokien ja pienvesien tilaa monin keinoin, jotka ulottuvat ymp\u00e4rist\u00f6kasvatuksesta ja tutkimusty\u00f6st\u00e4 k\u00e4yt\u00e4nn\u00f6n kunnostust\u00f6ihin.<\/p>\n\n\n\n<h2 class=\"wp-block-heading\">Mit\u00e4 EKOenergia tekee hankkeessa?<\/h2>\n\n\n\n<h3 class=\"wp-block-heading\">Tiedotamme vesivoiman aiheuttamista luontovaikutuksista<\/h3>\n\n\n\n<p>Vesivoimalla on Suomessa maine p\u00e4\u00e4st\u00f6tt\u00f6m\u00e4n\u00e4 ja ymp\u00e4rist\u00f6yst\u00e4v\u00e4llisen\u00e4 energiamuotona. Jokien valjastaminen on kuitenkin aiheuttanut suuria haittoja vesiluonnolle. Hankkeen aikana lis\u00e4\u00e4mme yleist\u00e4 tietoisuutta vesivoiman luontohaitoista ja niiden korjaamisesta.<\/p>\n\n\n\n<ul class=\"wp-block-list\"><li>J\u00e4rjestimme 6. lokakuuta 2017 <strong>Kalatieseminaarin<\/strong>,  jossa k\u00e4siteltiin erilaisten kalateiden ja luonnonmukaisten ohitusuomien  mahdollisuuksia v\u00e4hent\u00e4\u00e4 vesivoiman aiheuttamia haittoja vesiluonnolle.  Videoimme seminaarin asiantuntijaluennot, jotka ovat edelleen  katsottavissa osoitteessa <a href=\"https:\/\/www.sll.fi\/kalatieseminaari\">sll.fi\/kalatieseminaari<\/a>. <\/li><li>Tuotimme yleistajuisen verkkosivuston, jonka avulla lukija ymm\u00e4rt\u00e4\u00e4  vesivoiman vaikutukset vesiluontoomme sek\u00e4 keinot, joilla niit\u00e4 voidaan korjata: <a rel=\"noreferrer noopener\" aria-label=\"www.vesivoimanluonto.org\/fi (opens in a new tab)\" href=\"https:\/\/www.vesivoimanluonto.org\/fi\/\" target=\"_blank\">www.vesivoimanluonto.org\/fi<\/a> <\/li><li>Tapaamme vuosittain kymmeni\u00e4 <strong>s\u00e4hk\u00f6n suurkuluttajia<\/strong>,  kuten yksityisi\u00e4 ja valtion omistamia yrityksi\u00e4, ja kerromme heille  vesivoiman aiheuttamista luontohaitoista. Kannustamme yrityksi\u00e4  v\u00e4hent\u00e4m\u00e4\u00e4n oman toimintansa ymp\u00e4rist\u00f6vaikutuksia vaihtamalla  s\u00e4hk\u00f6sopimuksensa sekas\u00e4hk\u00f6st\u00e4 tai tavanomaisesta vesis\u00e4hk\u00f6st\u00e4  EKOenergia-merkittyyn s\u00e4hk\u00f6\u00f6n.<\/li><li>K\u00e4ynnistimme vuonna 2018 tiedotuskampanjan vesivoiman  luontovaikutuksista ja niiden v\u00e4hent\u00e4misest\u00e4. Kampanja suunnataan sek\u00e4 kotitalouksille ett\u00e4 s\u00e4hk\u00f6n suurkuluttajille. Verkkosivuston lis\u00e4ksi  tuotimme <a href=\"https:\/\/www.vesivoimanluonto.org\/wp-content\/uploads\/Freshabit-Hydropower-leaflet-FINNISH.pdf\" target=\"_blank\" rel=\"noreferrer noopener\" aria-label=\" (opens in a new tab)\">Hyv\u00e4 tiet\u00e4\u00e4 vesivoimasta&nbsp;<\/a>-esitteen, jota jaettiin tilaisuuksissa ja tapaamisissa.&nbsp; Vesitalous-lehti julkaisi&nbsp; artikkelin <a href=\"https:\/\/www.ekoenergy.org\/wp-content\/uploads\/Article-for-Finnish-version-Freshabit-Vesitalous-2018-6-Tunnetaanko-Vesivoiman-Luontovaikutukset.pdf\" target=\"_blank\" rel=\"noreferrer noopener\" aria-label=\" (opens in a new tab)\">Tunnetaanko vesivoiman luontovaikutukset?<\/a> jossa k\u00e4siteltiin tiedon v\u00e4littymist\u00e4 tutkijoilta kansalaisille ja kuluttajille. <\/li><\/ul>\n\n\n\n<h3 class=\"wp-block-heading\">Uudistamme EKOenergia-merkityn vesivoiman kriteerit<\/h3>\n\n\n\n<p>Koska kaikki vesivoima ei ole ekologisesti kest\u00e4v\u00e4\u00e4, tarvitaan \nkriteerit, jotka m\u00e4\u00e4rittelev\u00e4t millaiset vesivoimalaitokset voidaan \nhyv\u00e4ksy\u00e4 EKOenergia-merkityn vesis\u00e4hk\u00f6n tuottajiksi. Hankkeen aikana \nselkeyt\u00e4mme ja uudistamme vesivoimakriteerimme.<\/p>\n\n\n\n<p>Taustaselvityksen\u00e4 analysoimme nykyiset kriteerimme ja vertasimme \nniit\u00e4 muihin vesivoiman ymp\u00e4rist\u00f6merkkeihin. Haastattelimme kotimaisia \nja ulkomaisia virtavesi- ja vesivoima-asiantuntijoita. <\/p>\n\n\n\n<p>Tulosten pohjalta luomme ehdotuksen uusiksi kriteereiksi, joiden toimivuutta on tarkoitus mallintaa viidess\u00e4 vesivoimalaitoksessa ennen lopullista hyv\u00e4ksynt\u00e4\u00e4.<\/p>\n\n\n\n<h3 class=\"wp-block-heading\">Virtavesirahasto<\/h3>\n\n\n\n<p>EKOenergian Ymp\u00e4rist\u00f6rahastosta tuetaan vuosittain hankkeita, joilla v\u00e4hennet\u00e4\u00e4n ja kompensoidaan vesivoiman aiheuttamia haittoja luonnolle. Hankkeen aikana kehit\u00e4mme rahastolle entist\u00e4 toimivampia toimintatapoja ja rahaston nimi uudistui Virtavesirahastoksi vuonna 2018.<\/p>\n\n\n\n<h2 class=\"wp-block-heading\"><strong>Lue lis\u00e4\u00e4 hankkeesta<\/strong><\/h2>\n\n\n\n<ul class=\"wp-block-list\"><li>Mets\u00e4hallituksen hankesivut: <a href=\"https:\/\/www.metsa.fi\/freshabit\" target=\"_blank\" rel=\"noreferrer noopener\" aria-label=\" (opens in a new tab)\">metsa.fi\/freshabit<\/a><\/li><li>Suomen luonnonsuojeluliiton hankesivut: <a href=\"https:\/\/www.sll.fi\/freshabit\" target=\"_blank\" rel=\"noreferrer noopener\" aria-label=\" (opens in a new tab)\">sll.fi\/freshabit<\/a><\/li><\/ul>\n\n\n\n<h2 class=\"wp-block-heading\">LIFE?<\/h2>\n\n\n\n<div class=\"wp-block-image\"><figure class=\"alignleft size-large is-resized\"><img decoding=\"async\" src=\"https:\/\/www.ekoenergy.org\/wp-content\/uploads\/Logo_Life_Natura2000.jpg\" alt=\"Logo_Life_Natura2000\" class=\"wp-image-13309\" width=\"127\" height=\"203\"\/><\/figure><\/div>\n\n\n\n<p>LIFE on Euroopan Unionin ymp\u00e4rist\u00f6alan rahoitusj\u00e4rjestelm\u00e4. LIFE \nYmp\u00e4rist\u00f6\/Luonto -hankkeet toteuttavat EU:n lintu- ja \nluontotyyppidirektiivej\u00e4 sek\u00e4 suojelualueiden Natura 2000 -verkostoa.<\/p>\n\n\n\n<p>Freshabit LIFE IP -hanke on integroitu LIFE-hanke. Se on \nEU-historiamme suurin rahallinen panostus koskaan EU:lta Suomen \nymp\u00e4rist\u00f6nsuojeluun.<\/p>\n\n\n\n<p><\/p>\n","protected":false},"excerpt":{"rendered":"<p>Freshabit LIFE IP -hankkeella parannetaanvesist\u00f6jen tilaa Suomessa EKOenergia ja Suomen luonnonsuojeluliitto osallistuvat vuosina 2016-2022 EU:n LIFE-ymp\u00e4rist\u00f6rahaston vesist\u00f6hankkeeseen. Koko Suomen kattavaa suurhanketta koordinoi Mets\u00e4hallitus ja mukana on viranomaistahoja, tutkimuslaitoksia ja ymp\u00e4rist\u00f6j\u00e4rjest\u00f6j\u00e4. Hankkeessa parannetaan Suomen Natura 2000 -verkoston vesialueiden kuten j\u00e4rvien, jokien ja pienvesien tilaa monin keinoin, jotka ulottuvat ymp\u00e4rist\u00f6kasvatuksesta ja tutkimusty\u00f6st\u00e4 k\u00e4yt\u00e4nn\u00f6n kunnostust\u00f6ihin. Mit\u00e4 EKOenergia tekee [&hellip;]<\/p>\n","protected":false},"author":17,"featured_media":38305,"parent":2809,"menu_order":4,"comment_status":"closed","ping_status":"closed","template":"","meta":{"inline_featured_image":false,"_uag_custom_page_level_css":"","site-sidebar-layout":"default","site-content-layout":"default","ast-site-content-layout":"default","site-content-style":"default","site-sidebar-style":"default","ast-global-header-display":"","ast-banner-title-visibility":"","ast-main-header-display":"","ast-hfb-above-header-display":"","ast-hfb-below-header-display":"","ast-hfb-mobile-header-display":"","site-post-title":"disabled","ast-breadcrumbs-content":"","ast-featured-img":"","footer-sml-layout":"","ast-disable-related-posts":"","theme-transparent-header-meta":"default","adv-header-id-meta":"","stick-header-meta":"default","header-above-stick-meta":"","header-main-stick-meta":"","header-below-stick-meta":"","astra-migrate-meta-layouts":"default","ast-page-background-enabled":"default","ast-page-background-meta":{"desktop":{"background-color":"","background-image":"","background-repeat":"repeat","background-position":"center center","background-size":"auto","background-attachment":"scroll","background-type":"","background-media":"","overlay-type":"","overlay-color":"","overlay-opacity":"","overlay-gradient":""},"tablet":{"background-color":"","background-image":"","background-repeat":"repeat","background-position":"center center","background-size":"auto","background-attachment":"scroll","background-type":"","background-media":"","overlay-type":"","overlay-color":"","overlay-opacity":"","overlay-gradient":""},"mobile":{"background-color":"","background-image":"","background-repeat":"repeat","background-position":"center center","background-size":"auto","background-attachment":"scroll","background-type":"","background-media":"","overlay-type":"","overlay-color":"","overlay-opacity":"","overlay-gradient":""}},"ast-content-background-meta":{"desktop":{"background-color":"var(--ast-global-color-5)","background-image":"","background-repeat":"repeat","background-position":"center center","background-size":"auto","background-attachment":"scroll","background-type":"","background-media":"","overlay-type":"","overlay-color":"","overlay-opacity":"","overlay-gradient":""},"tablet":{"background-color":"var(--ast-global-color-5)","background-image":"","background-repeat":"repeat","background-position":"center center","background-size":"auto","background-attachment":"scroll","background-type":"","background-media":"","overlay-type":"","overlay-color":"","overlay-opacity":"","overlay-gradient":""},"mobile":{"background-color":"var(--ast-global-color-5)","background-image":"","background-repeat":"repeat","background-position":"center center","background-size":"auto","background-attachment":"scroll","background-type":"","background-media":"","overlay-type":"","overlay-color":"","overlay-opacity":"","overlay-gradient":""}},"footnotes":""},"class_list":["post-3624","page","type-page","status-publish","has-post-thumbnail","hentry"],"yoast_head":"<!-- This site is optimized with the Yoast SEO plugin v27.3 - https:\/\/yoast.com\/product\/yoast-seo-wordpress\/ -->\n<title>Freshabit LIFE IP -vesist\u00f6hanke - EKOenergy ecolabel<\/title>\n<meta name=\"description\" content=\"EKOenergia ja Suomen luonnonsuojeluliitto osallistuvat Freshabit LIFE vesist\u00f6hankkeeseen. Hanketta koordinoi Mets\u00e4hallitus.\" \/>\n<meta name=\"robots\" content=\"index, follow, max-snippet:-1, max-image-preview:large, max-video-preview:-1\" \/>\n<link rel=\"canonical\" href=\"https:\/\/www.ekoenergy.org\/fi\/our-results\/freshabit\/\" \/>\n<meta property=\"og:locale\" content=\"fi_FI\" \/>\n<meta property=\"og:type\" content=\"article\" \/>\n<meta property=\"og:title\" content=\"Freshabit LIFE IP -vesist\u00f6hanke - EKOenergy ecolabel\" \/>\n<meta property=\"og:description\" content=\"EKOenergia ja Suomen luonnonsuojeluliitto osallistuvat Freshabit LIFE vesist\u00f6hankkeeseen. Hanketta koordinoi Mets\u00e4hallitus.\" \/>\n<meta property=\"og:url\" content=\"https:\/\/www.ekoenergy.org\/fi\/our-results\/freshabit\/\" \/>\n<meta property=\"og:site_name\" content=\"EKOenergy ecolabel\" \/>\n<meta property=\"article:publisher\" content=\"https:\/\/www.facebook.com\/EKOenergy.ecolabel\/\" \/>\n<meta property=\"article:modified_time\" content=\"2021-11-11T07:20:22+00:00\" \/>\n<meta property=\"og:image\" content=\"https:\/\/www.ekoenergy.org\/wp-content\/uploads\/Featured-Hydropower-Freshabit.jpg\" \/>\n\t<meta property=\"og:image:width\" content=\"700\" \/>\n\t<meta property=\"og:image:height\" content=\"507\" \/>\n\t<meta property=\"og:image:type\" content=\"image\/jpeg\" \/>\n<meta name=\"twitter:card\" content=\"summary_large_image\" \/>\n<meta name=\"twitter:site\" content=\"@EKOenergy_\" \/>\n<meta name=\"twitter:label1\" content=\"Arvioitu lukuaika\" \/>\n\t<meta name=\"twitter:data1\" content=\"2 minuuttia\" \/>\n<script type=\"application\/ld+json\" class=\"yoast-schema-graph\">{\"@context\":\"https:\\\/\\\/schema.org\",\"@graph\":[{\"@type\":\"WebPage\",\"@id\":\"https:\\\/\\\/www.ekoenergy.org\\\/fi\\\/our-results\\\/freshabit\\\/\",\"url\":\"https:\\\/\\\/www.ekoenergy.org\\\/fi\\\/our-results\\\/freshabit\\\/\",\"name\":\"Freshabit LIFE IP -vesist\u00f6hanke - EKOenergy ecolabel\",\"isPartOf\":{\"@id\":\"https:\\\/\\\/www.ekoenergy.org\\\/fi\\\/#website\"},\"primaryImageOfPage\":{\"@id\":\"https:\\\/\\\/www.ekoenergy.org\\\/fi\\\/our-results\\\/freshabit\\\/#primaryimage\"},\"image\":{\"@id\":\"https:\\\/\\\/www.ekoenergy.org\\\/fi\\\/our-results\\\/freshabit\\\/#primaryimage\"},\"thumbnailUrl\":\"https:\\\/\\\/www.ekoenergy.org\\\/wp-content\\\/uploads\\\/post-River-restoration-ekoenergy-team-2019.jpg\",\"datePublished\":\"2019-12-04T13:53:51+00:00\",\"dateModified\":\"2021-11-11T07:20:22+00:00\",\"description\":\"EKOenergia ja Suomen luonnonsuojeluliitto osallistuvat Freshabit LIFE vesist\u00f6hankkeeseen. Hanketta koordinoi Mets\u00e4hallitus.\",\"breadcrumb\":{\"@id\":\"https:\\\/\\\/www.ekoenergy.org\\\/fi\\\/our-results\\\/freshabit\\\/#breadcrumb\"},\"inLanguage\":\"fi\",\"potentialAction\":[{\"@type\":\"ReadAction\",\"target\":[\"https:\\\/\\\/www.ekoenergy.org\\\/fi\\\/our-results\\\/freshabit\\\/\"]}]},{\"@type\":\"ImageObject\",\"inLanguage\":\"fi\",\"@id\":\"https:\\\/\\\/www.ekoenergy.org\\\/fi\\\/our-results\\\/freshabit\\\/#primaryimage\",\"url\":\"https:\\\/\\\/www.ekoenergy.org\\\/wp-content\\\/uploads\\\/post-River-restoration-ekoenergy-team-2019.jpg\",\"contentUrl\":\"https:\\\/\\\/www.ekoenergy.org\\\/wp-content\\\/uploads\\\/post-River-restoration-ekoenergy-team-2019.jpg\",\"width\":720,\"height\":540},{\"@type\":\"BreadcrumbList\",\"@id\":\"https:\\\/\\\/www.ekoenergy.org\\\/fi\\\/our-results\\\/freshabit\\\/#breadcrumb\",\"itemListElement\":[{\"@type\":\"ListItem\",\"position\":1,\"name\":\"Home\",\"item\":\"https:\\\/\\\/www.ekoenergy.org\\\/fi\\\/\"},{\"@type\":\"ListItem\",\"position\":2,\"name\":\"Tuloksemme\",\"item\":\"https:\\\/\\\/www.ekoenergy.org\\\/fi\\\/our-results\\\/\"},{\"@type\":\"ListItem\",\"position\":3,\"name\":\"Freshabit LIFE IP -vesist\u00f6hanke\"}]},{\"@type\":\"WebSite\",\"@id\":\"https:\\\/\\\/www.ekoenergy.org\\\/fi\\\/#website\",\"url\":\"https:\\\/\\\/www.ekoenergy.org\\\/fi\\\/\",\"name\":\"EKOenergy ecolabel\",\"description\":\"The global nonprofit ecolabel for renewable energy\",\"publisher\":{\"@id\":\"https:\\\/\\\/www.ekoenergy.org\\\/fi\\\/#organization\"},\"potentialAction\":[{\"@type\":\"SearchAction\",\"target\":{\"@type\":\"EntryPoint\",\"urlTemplate\":\"https:\\\/\\\/www.ekoenergy.org\\\/fi\\\/?s={search_term_string}\"},\"query-input\":{\"@type\":\"PropertyValueSpecification\",\"valueRequired\":true,\"valueName\":\"search_term_string\"}}],\"inLanguage\":\"fi\"},{\"@type\":\"Organization\",\"@id\":\"https:\\\/\\\/www.ekoenergy.org\\\/fi\\\/#organization\",\"name\":\"Not-for-profit Organisation EKOenergy\",\"url\":\"https:\\\/\\\/www.ekoenergy.org\\\/fi\\\/\",\"logo\":{\"@type\":\"ImageObject\",\"inLanguage\":\"fi\",\"@id\":\"https:\\\/\\\/www.ekoenergy.org\\\/fi\\\/#\\\/schema\\\/logo\\\/image\\\/\",\"url\":\"https:\\\/\\\/www.ekoenergy.org\\\/wp-content\\\/uploads\\\/logo-EKOenergy-no-text.jpg\",\"contentUrl\":\"https:\\\/\\\/www.ekoenergy.org\\\/wp-content\\\/uploads\\\/logo-EKOenergy-no-text.jpg\",\"width\":1600,\"height\":1600,\"caption\":\"Not-for-profit Organisation EKOenergy\"},\"image\":{\"@id\":\"https:\\\/\\\/www.ekoenergy.org\\\/fi\\\/#\\\/schema\\\/logo\\\/image\\\/\"},\"sameAs\":[\"https:\\\/\\\/www.facebook.com\\\/EKOenergy.ecolabel\\\/\",\"https:\\\/\\\/x.com\\\/EKOenergy_\",\"https:\\\/\\\/www.instagram.com\\\/ekoenergy\\\/\",\"https:\\\/\\\/www.linkedin.com\\\/company\\\/ekoenergy-ecolabel\\\/\",\"https:\\\/\\\/www.youtube.com\\\/EKOenergy-ecolabel\",\"https:\\\/\\\/en.wikipedia.org\\\/wiki\\\/EKOenergy\"]}]}<\/script>\n<!-- \/ Yoast SEO plugin. -->","yoast_head_json":{"title":"Freshabit LIFE IP -vesist\u00f6hanke - EKOenergy ecolabel","description":"EKOenergia ja Suomen luonnonsuojeluliitto osallistuvat Freshabit LIFE vesist\u00f6hankkeeseen. Hanketta koordinoi Mets\u00e4hallitus.","robots":{"index":"index","follow":"follow","max-snippet":"max-snippet:-1","max-image-preview":"max-image-preview:large","max-video-preview":"max-video-preview:-1"},"canonical":"https:\/\/www.ekoenergy.org\/fi\/our-results\/freshabit\/","og_locale":"fi_FI","og_type":"article","og_title":"Freshabit LIFE IP -vesist\u00f6hanke - EKOenergy ecolabel","og_description":"EKOenergia ja Suomen luonnonsuojeluliitto osallistuvat Freshabit LIFE vesist\u00f6hankkeeseen. Hanketta koordinoi Mets\u00e4hallitus.","og_url":"https:\/\/www.ekoenergy.org\/fi\/our-results\/freshabit\/","og_site_name":"EKOenergy ecolabel","article_publisher":"https:\/\/www.facebook.com\/EKOenergy.ecolabel\/","article_modified_time":"2021-11-11T07:20:22+00:00","og_image":[{"width":700,"height":507,"url":"https:\/\/www.ekoenergy.org\/wp-content\/uploads\/Featured-Hydropower-Freshabit.jpg","type":"image\/jpeg"}],"twitter_card":"summary_large_image","twitter_site":"@EKOenergy_","twitter_misc":{"Arvioitu lukuaika":"2 minuuttia"},"schema":{"@context":"https:\/\/schema.org","@graph":[{"@type":"WebPage","@id":"https:\/\/www.ekoenergy.org\/fi\/our-results\/freshabit\/","url":"https:\/\/www.ekoenergy.org\/fi\/our-results\/freshabit\/","name":"Freshabit LIFE IP -vesist\u00f6hanke - EKOenergy ecolabel","isPartOf":{"@id":"https:\/\/www.ekoenergy.org\/fi\/#website"},"primaryImageOfPage":{"@id":"https:\/\/www.ekoenergy.org\/fi\/our-results\/freshabit\/#primaryimage"},"image":{"@id":"https:\/\/www.ekoenergy.org\/fi\/our-results\/freshabit\/#primaryimage"},"thumbnailUrl":"https:\/\/www.ekoenergy.org\/wp-content\/uploads\/post-River-restoration-ekoenergy-team-2019.jpg","datePublished":"2019-12-04T13:53:51+00:00","dateModified":"2021-11-11T07:20:22+00:00","description":"EKOenergia ja Suomen luonnonsuojeluliitto osallistuvat Freshabit LIFE vesist\u00f6hankkeeseen. Hanketta koordinoi Mets\u00e4hallitus.","breadcrumb":{"@id":"https:\/\/www.ekoenergy.org\/fi\/our-results\/freshabit\/#breadcrumb"},"inLanguage":"fi","potentialAction":[{"@type":"ReadAction","target":["https:\/\/www.ekoenergy.org\/fi\/our-results\/freshabit\/"]}]},{"@type":"ImageObject","inLanguage":"fi","@id":"https:\/\/www.ekoenergy.org\/fi\/our-results\/freshabit\/#primaryimage","url":"https:\/\/www.ekoenergy.org\/wp-content\/uploads\/post-River-restoration-ekoenergy-team-2019.jpg","contentUrl":"https:\/\/www.ekoenergy.org\/wp-content\/uploads\/post-River-restoration-ekoenergy-team-2019.jpg","width":720,"height":540},{"@type":"BreadcrumbList","@id":"https:\/\/www.ekoenergy.org\/fi\/our-results\/freshabit\/#breadcrumb","itemListElement":[{"@type":"ListItem","position":1,"name":"Home","item":"https:\/\/www.ekoenergy.org\/fi\/"},{"@type":"ListItem","position":2,"name":"Tuloksemme","item":"https:\/\/www.ekoenergy.org\/fi\/our-results\/"},{"@type":"ListItem","position":3,"name":"Freshabit LIFE IP -vesist\u00f6hanke"}]},{"@type":"WebSite","@id":"https:\/\/www.ekoenergy.org\/fi\/#website","url":"https:\/\/www.ekoenergy.org\/fi\/","name":"EKOenergy ecolabel","description":"The global nonprofit ecolabel for renewable energy","publisher":{"@id":"https:\/\/www.ekoenergy.org\/fi\/#organization"},"potentialAction":[{"@type":"SearchAction","target":{"@type":"EntryPoint","urlTemplate":"https:\/\/www.ekoenergy.org\/fi\/?s={search_term_string}"},"query-input":{"@type":"PropertyValueSpecification","valueRequired":true,"valueName":"search_term_string"}}],"inLanguage":"fi"},{"@type":"Organization","@id":"https:\/\/www.ekoenergy.org\/fi\/#organization","name":"Not-for-profit Organisation EKOenergy","url":"https:\/\/www.ekoenergy.org\/fi\/","logo":{"@type":"ImageObject","inLanguage":"fi","@id":"https:\/\/www.ekoenergy.org\/fi\/#\/schema\/logo\/image\/","url":"https:\/\/www.ekoenergy.org\/wp-content\/uploads\/logo-EKOenergy-no-text.jpg","contentUrl":"https:\/\/www.ekoenergy.org\/wp-content\/uploads\/logo-EKOenergy-no-text.jpg","width":1600,"height":1600,"caption":"Not-for-profit Organisation EKOenergy"},"image":{"@id":"https:\/\/www.ekoenergy.org\/fi\/#\/schema\/logo\/image\/"},"sameAs":["https:\/\/www.facebook.com\/EKOenergy.ecolabel\/","https:\/\/x.com\/EKOenergy_","https:\/\/www.instagram.com\/ekoenergy\/","https:\/\/www.linkedin.com\/company\/ekoenergy-ecolabel\/","https:\/\/www.youtube.com\/EKOenergy-ecolabel","https:\/\/en.wikipedia.org\/wiki\/EKOenergy"]}]}},"uagb_featured_image_src":{"full":["https:\/\/www.ekoenergy.org\/wp-content\/uploads\/post-River-restoration-ekoenergy-team-2019.jpg",720,540,false],"thumbnail":["https:\/\/www.ekoenergy.org\/wp-content\/uploads\/post-River-restoration-ekoenergy-team-2019-150x150.jpg",150,150,true],"medium":["https:\/\/www.ekoenergy.org\/wp-content\/uploads\/post-River-restoration-ekoenergy-team-2019-320x240.jpg",320,240,true],"medium_large":["https:\/\/www.ekoenergy.org\/wp-content\/uploads\/post-River-restoration-ekoenergy-team-2019.jpg",720,540,false],"large":["https:\/\/www.ekoenergy.org\/wp-content\/uploads\/post-River-restoration-ekoenergy-team-2019.jpg",720,540,false],"1536x1536":["https:\/\/www.ekoenergy.org\/wp-content\/uploads\/post-River-restoration-ekoenergy-team-2019.jpg",720,540,false],"2048x2048":["https:\/\/www.ekoenergy.org\/wp-content\/uploads\/post-River-restoration-ekoenergy-team-2019.jpg",720,540,false]},"uagb_author_info":{"display_name":"EKOenergy ecolabel","author_link":"https:\/\/www.ekoenergy.org\/fi\/author\/ekoenergy\/"},"uagb_comment_info":0,"uagb_excerpt":"Freshabit LIFE IP -hankkeella parannetaanvesist\u00f6jen tilaa Suomessa EKOenergia ja Suomen luonnonsuojeluliitto osallistuvat vuosina 2016-2022 EU:n LIFE-ymp\u00e4rist\u00f6rahaston vesist\u00f6hankkeeseen. Koko Suomen kattavaa suurhanketta koordinoi Mets\u00e4hallitus ja mukana on viranomaistahoja, tutkimuslaitoksia ja ymp\u00e4rist\u00f6j\u00e4rjest\u00f6j\u00e4. Hankkeessa parannetaan Suomen Natura 2000 -verkoston vesialueiden kuten j\u00e4rvien, jokien ja pienvesien tilaa monin keinoin, jotka ulottuvat ymp\u00e4rist\u00f6kasvatuksesta ja tutkimusty\u00f6st\u00e4 k\u00e4yt\u00e4nn\u00f6n kunnostust\u00f6ihin. Mit\u00e4 EKOenergia tekee&hellip;","_links":{"self":[{"href":"https:\/\/www.ekoenergy.org\/fi\/wp-json\/wp\/v2\/pages\/3624","targetHints":{"allow":["GET"]}}],"collection":[{"href":"https:\/\/www.ekoenergy.org\/fi\/wp-json\/wp\/v2\/pages"}],"about":[{"href":"https:\/\/www.ekoenergy.org\/fi\/wp-json\/wp\/v2\/types\/page"}],"author":[{"embeddable":true,"href":"https:\/\/www.ekoenergy.org\/fi\/wp-json\/wp\/v2\/users\/17"}],"replies":[{"embeddable":true,"href":"https:\/\/www.ekoenergy.org\/fi\/wp-json\/wp\/v2\/comments?post=3624"}],"version-history":[{"count":3,"href":"https:\/\/www.ekoenergy.org\/fi\/wp-json\/wp\/v2\/pages\/3624\/revisions"}],"predecessor-version":[{"id":107568,"href":"https:\/\/www.ekoenergy.org\/fi\/wp-json\/wp\/v2\/pages\/3624\/revisions\/107568"}],"up":[{"embeddable":true,"href":"https:\/\/www.ekoenergy.org\/fi\/wp-json\/wp\/v2\/pages\/2809"}],"wp:featuredmedia":[{"embeddable":true,"href":"https:\/\/www.ekoenergy.org\/fi\/wp-json\/wp\/v2\/media\/38305"}],"wp:attachment":[{"href":"https:\/\/www.ekoenergy.org\/fi\/wp-json\/wp\/v2\/media?parent=3624"}],"curies":[{"name":"wp","href":"https:\/\/api.w.org\/{rel}","templated":true}]}}