{"id":3745,"date":"2019-12-04T13:50:29","date_gmt":"2019-12-04T13:50:29","guid":{"rendered":"https:\/\/www.ekoenergy.org\/buying-ekoenergy\/licensees\/"},"modified":"2023-12-28T18:49:46","modified_gmt":"2023-12-28T16:49:46","slug":"licensees","status":"publish","type":"page","link":"https:\/\/www.ekoenergy.org\/fi\/buying-ekoenergy\/licensees\/","title":{"rendered":"Valtuutetut myyj\u00e4t"},"content":{"rendered":"\n<h1 class=\"wp-block-heading\" id=\"yritykset-joilla-on-lupa-myyda-ekoenergia-merkittya-energiaa\">EKOenergian valtuutetut myyj\u00e4t<\/h1>\n\n\n\n<p>Vain EKOenergia-sopimuksen allekirjoittaneet yritykset voivat tarjota EKOenergia-merkitty\u00e4 energiaa. EKOenergian sihteerist\u00f6 tarkistaa vuosittain, t\u00e4ytt\u00e4\u00e4k\u00f6 merkill\u00e4mme myyty energia kaikki vaatimuksemme.<\/p>\n\n\n\n<p>Valtuutettujen myyjien ryhm\u00e4 koostuu energiamyyjist\u00e4, s\u00e4hk\u00f6nhankintasopimusten (PPA) konsulteista, alkuper\u00e4takuumyyjist\u00e4 ja aurinkoj\u00e4rjestelmien asentajista. Osa listalla olevista toimijoista toimii vain tietyss\u00e4 maassa tai tietyll\u00e4 alueella, mutta monet niist\u00e4 voivat auttaa energiankuluttajia kaikkialla maailmassa.<\/p>\n\n\n\n<ul class=\"wp-block-list\">\n<li><a href=\"https:\/\/www.ekoenergy.org\/wp-content\/uploads\/List-of-all-Authorised-EKOenergy-Sellers.pdf\" target=\"_blank\" rel=\"noreferrer noopener\">Luettelo EKOenergian valtuutetuista myyjist\u00e4<\/a> (PDF, 400 kt). <\/li>\n<\/ul>\n\n\n\n<p>L\u00f6yd\u00e4t erillisen katsauksen suomalaisista valtuutetuista myyjist\u00e4 <a href=\"https:\/\/www.ekoenergy.org\/fi\/buying-ekoenergy\/ask-for-an-offer\/\">Ota yhteytt\u00e4 EKOenergia-myyj\u00e4\u00e4n<\/a> -sivulta.<\/p>\n\n\n\n<figure class=\"wp-block-image alignright size-medium\"><img fetchpriority=\"high\" decoding=\"async\" width=\"320\" height=\"220\" src=\"https:\/\/www.ekoenergy.org\/wp-content\/uploads\/\/EKOenergy-contract-being-signed-320x220.jpg\" alt=\"\" class=\"wp-image-30518\" srcset=\"https:\/\/www.ekoenergy.org\/wp-content\/uploads\/EKOenergy-contract-being-signed-320x220.jpg 320w, https:\/\/www.ekoenergy.org\/wp-content\/uploads\/EKOenergy-contract-being-signed-1024x703.jpg 1024w, https:\/\/www.ekoenergy.org\/wp-content\/uploads\/EKOenergy-contract-being-signed-768x527.jpg 768w, https:\/\/www.ekoenergy.org\/wp-content\/uploads\/EKOenergy-contract-being-signed.jpg 1306w\" sizes=\"(max-width: 320px) 100vw, 320px\" \/><\/figure>\n\n\n\n<p>Jos energiantoimittajasi tai kest\u00e4v\u00e4n kehityksen konsulttisi ei ole valtuutettujen myyjien listalla, voit auttaa meit\u00e4 kertomalla ymp\u00e4rist\u00f6merkist\u00e4mme heille ja kannustamalla heit\u00e4 tarjoamaan my\u00f6s EKOenergiaa. He voivat ottaa meihin yhteytt\u00e4 milloin tahansa s\u00e4hk\u00f6postitse: <a href=\"mailto:info@ekoenergy.org\">info<img decoding=\"async\" class=\"top\" src=\"https:\/\/www.ekoenergy.org\/wp-content\/uploads\/small-EKOenergy-symbol-for-emails.jpg\" alt=\" \">ekoenergy.org<\/a>. Opastamme heid\u00e4t mielell\u00e4mme prosessin l\u00e4pi.<\/p>\n\n\n\n<p>Muista, ett\u00e4 <strong>EKOenergia-merkki my\u00f6nnet\u00e4\u00e4n energialle, ei energiayhti\u00f6ille<\/strong>. <strong>L\u00e4hes kaikki valtuutetut myyj\u00e4mme myyv\u00e4t vain osan kokonaismyynnist\u00e4\u00e4n EKOenergia-ymp\u00e4rist\u00f6merkill\u00e4 ja usein vain sellaisille kuluttajille, jotka nimenomaisesti pyyt\u00e4v\u00e4t EKOenergiaa<\/strong>. Varmista siis, ett\u00e4 valitset oikean myyj\u00e4n lis\u00e4ksi my\u00f6s EKOenergia-merkityn tuotteen, eli energiatuotteen, joka t\u00e4ytt\u00e4\u00e4 ymp\u00e4rist\u00f6nsuojelulliset kest\u00e4vyyskriteerit ja edist\u00e4\u00e4 ilmastotoimia.<\/p>\n","protected":false},"excerpt":{"rendered":"<p>EKOenergian valtuutetut myyj\u00e4t Vain EKOenergia-sopimuksen allekirjoittaneet yritykset voivat tarjota EKOenergia-merkitty\u00e4 energiaa. EKOenergian sihteerist\u00f6 tarkistaa vuosittain, t\u00e4ytt\u00e4\u00e4k\u00f6 merkill\u00e4mme myyty energia kaikki vaatimuksemme. Valtuutettujen myyjien ryhm\u00e4 koostuu energiamyyjist\u00e4, s\u00e4hk\u00f6nhankintasopimusten (PPA) konsulteista, alkuper\u00e4takuumyyjist\u00e4 ja aurinkoj\u00e4rjestelmien asentajista. Osa listalla olevista toimijoista toimii vain tietyss\u00e4 maassa tai tietyll\u00e4 alueella, mutta monet niist\u00e4 voivat auttaa energiankuluttajia kaikkialla maailmassa. L\u00f6yd\u00e4t erillisen katsauksen [&hellip;]<\/p>\n","protected":false},"author":17,"featured_media":30518,"parent":2604,"menu_order":3,"comment_status":"closed","ping_status":"closed","template":"","meta":{"inline_featured_image":false,"_uag_custom_page_level_css":"","site-sidebar-layout":"default","site-content-layout":"default","ast-site-content-layout":"default","site-content-style":"default","site-sidebar-style":"default","ast-global-header-display":"","ast-banner-title-visibility":"","ast-main-header-display":"","ast-hfb-above-header-display":"","ast-hfb-below-header-display":"","ast-hfb-mobile-header-display":"","site-post-title":"disabled","ast-breadcrumbs-content":"","ast-featured-img":"","footer-sml-layout":"","ast-disable-related-posts":"","theme-transparent-header-meta":"default","adv-header-id-meta":"","stick-header-meta":"default","header-above-stick-meta":"","header-main-stick-meta":"","header-below-stick-meta":"","astra-migrate-meta-layouts":"default","ast-page-background-enabled":"default","ast-page-background-meta":{"desktop":{"background-color":"","background-image":"","background-repeat":"repeat","background-position":"center center","background-size":"auto","background-attachment":"scroll","background-type":"","background-media":"","overlay-type":"","overlay-color":"","overlay-opacity":"","overlay-gradient":""},"tablet":{"background-color":"","background-image":"","background-repeat":"repeat","background-position":"center center","background-size":"auto","background-attachment":"scroll","background-type":"","background-media":"","overlay-type":"","overlay-color":"","overlay-opacity":"","overlay-gradient":""},"mobile":{"background-color":"","background-image":"","background-repeat":"repeat","background-position":"center center","background-size":"auto","background-attachment":"scroll","background-type":"","background-media":"","overlay-type":"","overlay-color":"","overlay-opacity":"","overlay-gradient":""}},"ast-content-background-meta":{"desktop":{"background-color":"var(--ast-global-color-5)","background-image":"","background-repeat":"repeat","background-position":"center center","background-size":"auto","background-attachment":"scroll","background-type":"","background-media":"","overlay-type":"","overlay-color":"","overlay-opacity":"","overlay-gradient":""},"tablet":{"background-color":"var(--ast-global-color-5)","background-image":"","background-repeat":"repeat","background-position":"center center","background-size":"auto","background-attachment":"scroll","background-type":"","background-media":"","overlay-type":"","overlay-color":"","overlay-opacity":"","overlay-gradient":""},"mobile":{"background-color":"var(--ast-global-color-5)","background-image":"","background-repeat":"repeat","background-position":"center center","background-size":"auto","background-attachment":"scroll","background-type":"","background-media":"","overlay-type":"","overlay-color":"","overlay-opacity":"","overlay-gradient":""}},"footnotes":""},"class_list":["post-3745","page","type-page","status-publish","has-post-thumbnail","hentry"],"yoast_head":"<!-- This site is optimized with the Yoast SEO plugin v27.3 - https:\/\/yoast.com\/product\/yoast-seo-wordpress\/ -->\n<title>Valtuutetut myyj\u00e4t - EKOenergy ecolabel<\/title>\n<meta name=\"description\" content=\"Vain EKOenergia-sopimuksen allekirjoittaneet yritykset voivat tarjota ja myyd\u00e4 EKOenergiaa. T\u00e4lt\u00e4 sivulta l\u00f6ytyv\u00e4t valtuutetut myyj\u00e4t.\" \/>\n<meta name=\"robots\" content=\"index, follow, max-snippet:-1, max-image-preview:large, max-video-preview:-1\" \/>\n<link rel=\"canonical\" href=\"https:\/\/www.ekoenergy.org\/fi\/buying-ekoenergy\/licensees\/\" \/>\n<meta property=\"og:locale\" content=\"fi_FI\" \/>\n<meta property=\"og:type\" content=\"article\" \/>\n<meta property=\"og:title\" content=\"Valtuutetut myyj\u00e4t - EKOenergy ecolabel\" \/>\n<meta property=\"og:description\" content=\"Vain EKOenergia-sopimuksen allekirjoittaneet yritykset voivat tarjota ja myyd\u00e4 EKOenergiaa. T\u00e4lt\u00e4 sivulta l\u00f6ytyv\u00e4t valtuutetut myyj\u00e4t.\" \/>\n<meta property=\"og:url\" content=\"https:\/\/www.ekoenergy.org\/fi\/buying-ekoenergy\/licensees\/\" \/>\n<meta property=\"og:site_name\" content=\"EKOenergy ecolabel\" \/>\n<meta property=\"article:publisher\" content=\"https:\/\/www.facebook.com\/EKOenergy.ecolabel\/\" \/>\n<meta property=\"article:modified_time\" content=\"2023-12-28T16:49:46+00:00\" \/>\n<meta property=\"og:image\" content=\"https:\/\/www.ekoenergy.org\/wp-content\/uploads\/EKOenergy-contract-being-signed.jpg\" \/>\n\t<meta property=\"og:image:width\" content=\"1306\" \/>\n\t<meta property=\"og:image:height\" content=\"896\" \/>\n\t<meta property=\"og:image:type\" content=\"image\/jpeg\" \/>\n<meta name=\"twitter:card\" content=\"summary_large_image\" \/>\n<meta name=\"twitter:site\" content=\"@EKOenergy_\" \/>\n<meta name=\"twitter:label1\" content=\"Arvioitu lukuaika\" \/>\n\t<meta name=\"twitter:data1\" content=\"2 minuuttia\" \/>\n<script type=\"application\/ld+json\" class=\"yoast-schema-graph\">{\"@context\":\"https:\\\/\\\/schema.org\",\"@graph\":[{\"@type\":\"WebPage\",\"@id\":\"https:\\\/\\\/www.ekoenergy.org\\\/fi\\\/buying-ekoenergy\\\/licensees\\\/\",\"url\":\"https:\\\/\\\/www.ekoenergy.org\\\/fi\\\/buying-ekoenergy\\\/licensees\\\/\",\"name\":\"Valtuutetut myyj\u00e4t - EKOenergy ecolabel\",\"isPartOf\":{\"@id\":\"https:\\\/\\\/www.ekoenergy.org\\\/fi\\\/#website\"},\"primaryImageOfPage\":{\"@id\":\"https:\\\/\\\/www.ekoenergy.org\\\/fi\\\/buying-ekoenergy\\\/licensees\\\/#primaryimage\"},\"image\":{\"@id\":\"https:\\\/\\\/www.ekoenergy.org\\\/fi\\\/buying-ekoenergy\\\/licensees\\\/#primaryimage\"},\"thumbnailUrl\":\"https:\\\/\\\/www.ekoenergy.org\\\/wp-content\\\/uploads\\\/EKOenergy-contract-being-signed.jpg\",\"datePublished\":\"2019-12-04T13:50:29+00:00\",\"dateModified\":\"2023-12-28T16:49:46+00:00\",\"description\":\"Vain EKOenergia-sopimuksen allekirjoittaneet yritykset voivat tarjota ja myyd\u00e4 EKOenergiaa. T\u00e4lt\u00e4 sivulta l\u00f6ytyv\u00e4t valtuutetut myyj\u00e4t.\",\"breadcrumb\":{\"@id\":\"https:\\\/\\\/www.ekoenergy.org\\\/fi\\\/buying-ekoenergy\\\/licensees\\\/#breadcrumb\"},\"inLanguage\":\"fi\",\"potentialAction\":[{\"@type\":\"ReadAction\",\"target\":[\"https:\\\/\\\/www.ekoenergy.org\\\/fi\\\/buying-ekoenergy\\\/licensees\\\/\"]}]},{\"@type\":\"ImageObject\",\"inLanguage\":\"fi\",\"@id\":\"https:\\\/\\\/www.ekoenergy.org\\\/fi\\\/buying-ekoenergy\\\/licensees\\\/#primaryimage\",\"url\":\"https:\\\/\\\/www.ekoenergy.org\\\/wp-content\\\/uploads\\\/EKOenergy-contract-being-signed.jpg\",\"contentUrl\":\"https:\\\/\\\/www.ekoenergy.org\\\/wp-content\\\/uploads\\\/EKOenergy-contract-being-signed.jpg\",\"width\":1306,\"height\":896},{\"@type\":\"BreadcrumbList\",\"@id\":\"https:\\\/\\\/www.ekoenergy.org\\\/fi\\\/buying-ekoenergy\\\/licensees\\\/#breadcrumb\",\"itemListElement\":[{\"@type\":\"ListItem\",\"position\":1,\"name\":\"Home\",\"item\":\"https:\\\/\\\/www.ekoenergy.org\\\/fi\\\/\"},{\"@type\":\"ListItem\",\"position\":2,\"name\":\"Vaihda EKOenergiaan\",\"item\":\"https:\\\/\\\/www.ekoenergy.org\\\/fi\\\/buying-ekoenergy\\\/\"},{\"@type\":\"ListItem\",\"position\":3,\"name\":\"Valtuutetut myyj\u00e4t\"}]},{\"@type\":\"WebSite\",\"@id\":\"https:\\\/\\\/www.ekoenergy.org\\\/fi\\\/#website\",\"url\":\"https:\\\/\\\/www.ekoenergy.org\\\/fi\\\/\",\"name\":\"EKOenergy ecolabel\",\"description\":\"The global nonprofit ecolabel for renewable energy\",\"publisher\":{\"@id\":\"https:\\\/\\\/www.ekoenergy.org\\\/fi\\\/#organization\"},\"potentialAction\":[{\"@type\":\"SearchAction\",\"target\":{\"@type\":\"EntryPoint\",\"urlTemplate\":\"https:\\\/\\\/www.ekoenergy.org\\\/fi\\\/?s={search_term_string}\"},\"query-input\":{\"@type\":\"PropertyValueSpecification\",\"valueRequired\":true,\"valueName\":\"search_term_string\"}}],\"inLanguage\":\"fi\"},{\"@type\":\"Organization\",\"@id\":\"https:\\\/\\\/www.ekoenergy.org\\\/fi\\\/#organization\",\"name\":\"Not-for-profit Organisation EKOenergy\",\"url\":\"https:\\\/\\\/www.ekoenergy.org\\\/fi\\\/\",\"logo\":{\"@type\":\"ImageObject\",\"inLanguage\":\"fi\",\"@id\":\"https:\\\/\\\/www.ekoenergy.org\\\/fi\\\/#\\\/schema\\\/logo\\\/image\\\/\",\"url\":\"https:\\\/\\\/www.ekoenergy.org\\\/wp-content\\\/uploads\\\/logo-EKOenergy-no-text.jpg\",\"contentUrl\":\"https:\\\/\\\/www.ekoenergy.org\\\/wp-content\\\/uploads\\\/logo-EKOenergy-no-text.jpg\",\"width\":1600,\"height\":1600,\"caption\":\"Not-for-profit Organisation EKOenergy\"},\"image\":{\"@id\":\"https:\\\/\\\/www.ekoenergy.org\\\/fi\\\/#\\\/schema\\\/logo\\\/image\\\/\"},\"sameAs\":[\"https:\\\/\\\/www.facebook.com\\\/EKOenergy.ecolabel\\\/\",\"https:\\\/\\\/x.com\\\/EKOenergy_\",\"https:\\\/\\\/www.instagram.com\\\/ekoenergy\\\/\",\"https:\\\/\\\/www.linkedin.com\\\/company\\\/ekoenergy-ecolabel\\\/\",\"https:\\\/\\\/www.youtube.com\\\/EKOenergy-ecolabel\",\"https:\\\/\\\/en.wikipedia.org\\\/wiki\\\/EKOenergy\"]}]}<\/script>\n<!-- \/ Yoast SEO plugin. -->","yoast_head_json":{"title":"Valtuutetut myyj\u00e4t - EKOenergy ecolabel","description":"Vain EKOenergia-sopimuksen allekirjoittaneet yritykset voivat tarjota ja myyd\u00e4 EKOenergiaa. T\u00e4lt\u00e4 sivulta l\u00f6ytyv\u00e4t valtuutetut myyj\u00e4t.","robots":{"index":"index","follow":"follow","max-snippet":"max-snippet:-1","max-image-preview":"max-image-preview:large","max-video-preview":"max-video-preview:-1"},"canonical":"https:\/\/www.ekoenergy.org\/fi\/buying-ekoenergy\/licensees\/","og_locale":"fi_FI","og_type":"article","og_title":"Valtuutetut myyj\u00e4t - EKOenergy ecolabel","og_description":"Vain EKOenergia-sopimuksen allekirjoittaneet yritykset voivat tarjota ja myyd\u00e4 EKOenergiaa. T\u00e4lt\u00e4 sivulta l\u00f6ytyv\u00e4t valtuutetut myyj\u00e4t.","og_url":"https:\/\/www.ekoenergy.org\/fi\/buying-ekoenergy\/licensees\/","og_site_name":"EKOenergy ecolabel","article_publisher":"https:\/\/www.facebook.com\/EKOenergy.ecolabel\/","article_modified_time":"2023-12-28T16:49:46+00:00","og_image":[{"width":1306,"height":896,"url":"https:\/\/www.ekoenergy.org\/wp-content\/uploads\/EKOenergy-contract-being-signed.jpg","type":"image\/jpeg"}],"twitter_card":"summary_large_image","twitter_site":"@EKOenergy_","twitter_misc":{"Arvioitu lukuaika":"2 minuuttia"},"schema":{"@context":"https:\/\/schema.org","@graph":[{"@type":"WebPage","@id":"https:\/\/www.ekoenergy.org\/fi\/buying-ekoenergy\/licensees\/","url":"https:\/\/www.ekoenergy.org\/fi\/buying-ekoenergy\/licensees\/","name":"Valtuutetut myyj\u00e4t - EKOenergy ecolabel","isPartOf":{"@id":"https:\/\/www.ekoenergy.org\/fi\/#website"},"primaryImageOfPage":{"@id":"https:\/\/www.ekoenergy.org\/fi\/buying-ekoenergy\/licensees\/#primaryimage"},"image":{"@id":"https:\/\/www.ekoenergy.org\/fi\/buying-ekoenergy\/licensees\/#primaryimage"},"thumbnailUrl":"https:\/\/www.ekoenergy.org\/wp-content\/uploads\/EKOenergy-contract-being-signed.jpg","datePublished":"2019-12-04T13:50:29+00:00","dateModified":"2023-12-28T16:49:46+00:00","description":"Vain EKOenergia-sopimuksen allekirjoittaneet yritykset voivat tarjota ja myyd\u00e4 EKOenergiaa. T\u00e4lt\u00e4 sivulta l\u00f6ytyv\u00e4t valtuutetut myyj\u00e4t.","breadcrumb":{"@id":"https:\/\/www.ekoenergy.org\/fi\/buying-ekoenergy\/licensees\/#breadcrumb"},"inLanguage":"fi","potentialAction":[{"@type":"ReadAction","target":["https:\/\/www.ekoenergy.org\/fi\/buying-ekoenergy\/licensees\/"]}]},{"@type":"ImageObject","inLanguage":"fi","@id":"https:\/\/www.ekoenergy.org\/fi\/buying-ekoenergy\/licensees\/#primaryimage","url":"https:\/\/www.ekoenergy.org\/wp-content\/uploads\/EKOenergy-contract-being-signed.jpg","contentUrl":"https:\/\/www.ekoenergy.org\/wp-content\/uploads\/EKOenergy-contract-being-signed.jpg","width":1306,"height":896},{"@type":"BreadcrumbList","@id":"https:\/\/www.ekoenergy.org\/fi\/buying-ekoenergy\/licensees\/#breadcrumb","itemListElement":[{"@type":"ListItem","position":1,"name":"Home","item":"https:\/\/www.ekoenergy.org\/fi\/"},{"@type":"ListItem","position":2,"name":"Vaihda EKOenergiaan","item":"https:\/\/www.ekoenergy.org\/fi\/buying-ekoenergy\/"},{"@type":"ListItem","position":3,"name":"Valtuutetut myyj\u00e4t"}]},{"@type":"WebSite","@id":"https:\/\/www.ekoenergy.org\/fi\/#website","url":"https:\/\/www.ekoenergy.org\/fi\/","name":"EKOenergy ecolabel","description":"The global nonprofit ecolabel for renewable energy","publisher":{"@id":"https:\/\/www.ekoenergy.org\/fi\/#organization"},"potentialAction":[{"@type":"SearchAction","target":{"@type":"EntryPoint","urlTemplate":"https:\/\/www.ekoenergy.org\/fi\/?s={search_term_string}"},"query-input":{"@type":"PropertyValueSpecification","valueRequired":true,"valueName":"search_term_string"}}],"inLanguage":"fi"},{"@type":"Organization","@id":"https:\/\/www.ekoenergy.org\/fi\/#organization","name":"Not-for-profit Organisation EKOenergy","url":"https:\/\/www.ekoenergy.org\/fi\/","logo":{"@type":"ImageObject","inLanguage":"fi","@id":"https:\/\/www.ekoenergy.org\/fi\/#\/schema\/logo\/image\/","url":"https:\/\/www.ekoenergy.org\/wp-content\/uploads\/logo-EKOenergy-no-text.jpg","contentUrl":"https:\/\/www.ekoenergy.org\/wp-content\/uploads\/logo-EKOenergy-no-text.jpg","width":1600,"height":1600,"caption":"Not-for-profit Organisation EKOenergy"},"image":{"@id":"https:\/\/www.ekoenergy.org\/fi\/#\/schema\/logo\/image\/"},"sameAs":["https:\/\/www.facebook.com\/EKOenergy.ecolabel\/","https:\/\/x.com\/EKOenergy_","https:\/\/www.instagram.com\/ekoenergy\/","https:\/\/www.linkedin.com\/company\/ekoenergy-ecolabel\/","https:\/\/www.youtube.com\/EKOenergy-ecolabel","https:\/\/en.wikipedia.org\/wiki\/EKOenergy"]}]}},"uagb_featured_image_src":{"full":["https:\/\/www.ekoenergy.org\/wp-content\/uploads\/EKOenergy-contract-being-signed.jpg",1306,896,false],"thumbnail":["https:\/\/www.ekoenergy.org\/wp-content\/uploads\/EKOenergy-contract-being-signed-150x150.jpg",150,150,true],"medium":["https:\/\/www.ekoenergy.org\/wp-content\/uploads\/EKOenergy-contract-being-signed-320x220.jpg",320,220,true],"medium_large":["https:\/\/www.ekoenergy.org\/wp-content\/uploads\/EKOenergy-contract-being-signed-768x527.jpg",768,527,true],"large":["https:\/\/www.ekoenergy.org\/wp-content\/uploads\/EKOenergy-contract-being-signed-1024x703.jpg",1024,703,true],"1536x1536":["https:\/\/www.ekoenergy.org\/wp-content\/uploads\/EKOenergy-contract-being-signed.jpg",1306,896,false],"2048x2048":["https:\/\/www.ekoenergy.org\/wp-content\/uploads\/EKOenergy-contract-being-signed.jpg",1306,896,false]},"uagb_author_info":{"display_name":"EKOenergy ecolabel","author_link":"https:\/\/www.ekoenergy.org\/fi\/author\/ekoenergy\/"},"uagb_comment_info":0,"uagb_excerpt":"EKOenergian valtuutetut myyj\u00e4t Vain EKOenergia-sopimuksen allekirjoittaneet yritykset voivat tarjota EKOenergia-merkitty\u00e4 energiaa. EKOenergian sihteerist\u00f6 tarkistaa vuosittain, t\u00e4ytt\u00e4\u00e4k\u00f6 merkill\u00e4mme myyty energia kaikki vaatimuksemme. Valtuutettujen myyjien ryhm\u00e4 koostuu energiamyyjist\u00e4, s\u00e4hk\u00f6nhankintasopimusten (PPA) konsulteista, alkuper\u00e4takuumyyjist\u00e4 ja aurinkoj\u00e4rjestelmien asentajista. Osa listalla olevista toimijoista toimii vain tietyss\u00e4 maassa tai tietyll\u00e4 alueella, mutta monet niist\u00e4 voivat auttaa energiankuluttajia kaikkialla maailmassa. L\u00f6yd\u00e4t erillisen katsauksen&hellip;","_links":{"self":[{"href":"https:\/\/www.ekoenergy.org\/fi\/wp-json\/wp\/v2\/pages\/3745","targetHints":{"allow":["GET"]}}],"collection":[{"href":"https:\/\/www.ekoenergy.org\/fi\/wp-json\/wp\/v2\/pages"}],"about":[{"href":"https:\/\/www.ekoenergy.org\/fi\/wp-json\/wp\/v2\/types\/page"}],"author":[{"embeddable":true,"href":"https:\/\/www.ekoenergy.org\/fi\/wp-json\/wp\/v2\/users\/17"}],"replies":[{"embeddable":true,"href":"https:\/\/www.ekoenergy.org\/fi\/wp-json\/wp\/v2\/comments?post=3745"}],"version-history":[{"count":2,"href":"https:\/\/www.ekoenergy.org\/fi\/wp-json\/wp\/v2\/pages\/3745\/revisions"}],"predecessor-version":[{"id":156105,"href":"https:\/\/www.ekoenergy.org\/fi\/wp-json\/wp\/v2\/pages\/3745\/revisions\/156105"}],"up":[{"embeddable":true,"href":"https:\/\/www.ekoenergy.org\/fi\/wp-json\/wp\/v2\/pages\/2604"}],"wp:featuredmedia":[{"embeddable":true,"href":"https:\/\/www.ekoenergy.org\/fi\/wp-json\/wp\/v2\/media\/30518"}],"wp:attachment":[{"href":"https:\/\/www.ekoenergy.org\/fi\/wp-json\/wp\/v2\/media?parent=3745"}],"curies":[{"name":"wp","href":"https:\/\/api.w.org\/{rel}","templated":true}]}}