{"id":3947,"date":"2019-12-04T13:42:39","date_gmt":"2019-12-04T13:42:39","guid":{"rendered":"https:\/\/www.ekoenergy.org\/ecolabel\/how-to-sell-ekoenergy\/agreement\/"},"modified":"2022-12-29T22:16:23","modified_gmt":"2022-12-29T20:16:23","slug":"agreement","status":"publish","type":"page","link":"https:\/\/www.ekoenergy.org\/fi\/ecolabel\/how-to-sell-ekoenergy\/agreement\/","title":{"rendered":"EKOenergia-sopimus"},"content":{"rendered":"\n<h1 class=\"wp-block-heading\"><a href=\"https:\/\/www.ekoenergy.org\/fi\/ecolabel\/how-to-sell-ekoenergy\/agreement\/\">EKOenergia-sopimu<\/a>s (\u201dlisenssisopimus\u201d)<\/h1>\n\n\n\n<p>Saadaksesi oikeuden myyd\u00e4 EKOenergiaa tulosta, t\u00e4yt\u00e4 ja allekirjoita Lisenssisopimus. <\/p>\n\n\n\n<p>L\u00e4het\u00e4 t\u00e4ytetty ja allekirjoitettu Lisenssisopimus EKOenergian <a href=\"https:\/\/www.ekoenergy.org\/fi\/about-us\/contact-us\/\">sihteerist\u00f6lle<\/a>.  Kun EKOenergia on allekirjoittanut sopimuksen, saat siit\u00e4 kopion s\u00e4hk\u00f6postiisi ja yrityksesi listataan EKOenergian <a href=\"https:\/\/www.ekoenergy.org\/fi\/buying-ekoenergy\/licensees\/\">verkkosivuille<\/a>. <\/p>\n\n\n\n<p>Jos haluat sopimuksesta oman paperisen version, l\u00e4het\u00e4 meille kaksi t\u00e4ytetty\u00e4 ja allekirjoitettua kopiota Lisenssisopimuksessa postitse.<\/p>\n\n\n\n<ul class=\"wp-block-list\">\n<li>EN: <a href=\"https:\/\/www.ekoenergy.org\/wp-content\/uploads\/EKOenergy_Licence_Agreement.pdf\" target=\"_blank\" rel=\"noreferrer noopener\">EKOenergy Agreement<\/a> (pdf)<\/li>\n\n\n\n<li>FI:&nbsp;<a aria-label=\" (opens in a new tab)\" href=\"https:\/\/www.ekoenergy.org\/wp-content\/uploads\/Licence_Agreement_Finnish.pdf\" target=\"_blank\" rel=\"noreferrer noopener\">EKOenergia-sopimus<\/a> (pdf)<\/li>\n<\/ul>\n\n\n\n<h2 class=\"wp-block-heading\">EKOenergia-sopimus muilla kielill\u00e4<\/h2>\n\n\n\n<ul class=\"wp-block-list\">\n<li>CN: <a href=\"https:\/\/www.ekoenergy.org\/wp-content\/uploads\/Licence-Agreement-Chinese.pdf\" target=\"_blank\" rel=\"noreferrer noopener\">\u6388\u6743\u5408\u7ea6 \u2013 \u9488\u5bf9EKOenergy\u751f\u6001\u6807\u7b7e\u7684\u4f7f\u7528\u89c4\u5b9a<\/a> (pdf)<\/li>\n\n\n\n<li>DE: <a href=\"https:\/\/www.ekoenergy.org\/wp-content\/uploads\/Licence_agreement_German.pdf\" target=\"_blank\" rel=\"noreferrer noopener\">EKOenergie Vereinbarung<\/a> (pdf)<\/li>\n\n\n\n<li>ES: <a href=\"https:\/\/www.ekoenergy.org\/wp-content\/uploads\/EKOenergy-Agreement-Spanish.pdf\" target=\"_blank\" rel=\"noreferrer noopener\">Acuerdo de EKOenerg\u00eda<\/a>&nbsp;(pdf)<\/li>\n\n\n\n<li>FR: <a href=\"https:\/\/www.ekoenergy.org\/wp-content\/uploads\/Licence-Agreement-French.pdf\" target=\"_blank\" rel=\"noreferrer noopener\">Contrat EKO\u00e9nergie<\/a> (pdf)<\/li>\n\n\n\n<li>IT: <a href=\"https:\/\/www.ekoenergy.org\/wp-content\/uploads\/Licence-Agreement-Italian.pdf\" target=\"_blank\" rel=\"noreferrer noopener\">Contratto di EKOenergy<\/a> (pdf)<\/li>\n\n\n\n<li>RU: <a href=\"https:\/\/www.ekoenergy.org\/wp-content\/uploads\/EKOenergy_Licence_Agreement_Russian.pdf\" target=\"_blank\" rel=\"noreferrer noopener\">\u0421\u043e\u0433\u043b\u0430\u0448\u0435\u043d\u0438\u0435 \u043e\u0431 \u042d\u041a\u041e\u044d\u043d\u0435\u0440\u0433\u0438\u0438<\/a> (pdf)<\/li>\n<\/ul>\n","protected":false},"excerpt":{"rendered":"<p>EKOenergia-sopimus (\u201dlisenssisopimus\u201d) Saadaksesi oikeuden myyd\u00e4 EKOenergiaa tulosta, t\u00e4yt\u00e4 ja allekirjoita Lisenssisopimus. L\u00e4het\u00e4 t\u00e4ytetty ja allekirjoitettu Lisenssisopimus EKOenergian sihteerist\u00f6lle. Kun EKOenergia on allekirjoittanut sopimuksen, saat siit\u00e4 kopion s\u00e4hk\u00f6postiisi ja yrityksesi listataan EKOenergian verkkosivuille. Jos haluat sopimuksesta oman paperisen version, l\u00e4het\u00e4 meille kaksi t\u00e4ytetty\u00e4 ja allekirjoitettua kopiota Lisenssisopimuksessa postitse. EKOenergia-sopimus muilla kielill\u00e4<\/p>\n","protected":false},"author":2,"featured_media":29057,"parent":3093,"menu_order":1,"comment_status":"closed","ping_status":"closed","template":"","meta":{"inline_featured_image":false,"_uag_custom_page_level_css":"","site-sidebar-layout":"default","site-content-layout":"default","ast-site-content-layout":"default","site-content-style":"default","site-sidebar-style":"default","ast-global-header-display":"","ast-banner-title-visibility":"","ast-main-header-display":"","ast-hfb-above-header-display":"","ast-hfb-below-header-display":"","ast-hfb-mobile-header-display":"","site-post-title":"disabled","ast-breadcrumbs-content":"","ast-featured-img":"","footer-sml-layout":"","ast-disable-related-posts":"","theme-transparent-header-meta":"default","adv-header-id-meta":"","stick-header-meta":"default","header-above-stick-meta":"","header-main-stick-meta":"","header-below-stick-meta":"","astra-migrate-meta-layouts":"default","ast-page-background-enabled":"default","ast-page-background-meta":{"desktop":{"background-color":"","background-image":"","background-repeat":"repeat","background-position":"center center","background-size":"auto","background-attachment":"scroll","background-type":"","background-media":"","overlay-type":"","overlay-color":"","overlay-opacity":"","overlay-gradient":""},"tablet":{"background-color":"","background-image":"","background-repeat":"repeat","background-position":"center center","background-size":"auto","background-attachment":"scroll","background-type":"","background-media":"","overlay-type":"","overlay-color":"","overlay-opacity":"","overlay-gradient":""},"mobile":{"background-color":"","background-image":"","background-repeat":"repeat","background-position":"center center","background-size":"auto","background-attachment":"scroll","background-type":"","background-media":"","overlay-type":"","overlay-color":"","overlay-opacity":"","overlay-gradient":""}},"ast-content-background-meta":{"desktop":{"background-color":"var(--ast-global-color-5)","background-image":"","background-repeat":"repeat","background-position":"center center","background-size":"auto","background-attachment":"scroll","background-type":"","background-media":"","overlay-type":"","overlay-color":"","overlay-opacity":"","overlay-gradient":""},"tablet":{"background-color":"var(--ast-global-color-5)","background-image":"","background-repeat":"repeat","background-position":"center center","background-size":"auto","background-attachment":"scroll","background-type":"","background-media":"","overlay-type":"","overlay-color":"","overlay-opacity":"","overlay-gradient":""},"mobile":{"background-color":"var(--ast-global-color-5)","background-image":"","background-repeat":"repeat","background-position":"center center","background-size":"auto","background-attachment":"scroll","background-type":"","background-media":"","overlay-type":"","overlay-color":"","overlay-opacity":"","overlay-gradient":""}},"footnotes":""},"class_list":["post-3947","page","type-page","status-publish","has-post-thumbnail","hentry"],"yoast_head":"<!-- This site is optimized with the Yoast SEO plugin v27.3 - https:\/\/yoast.com\/product\/yoast-seo-wordpress\/ -->\n<title>EKOenergia-sopimus - EKOenergy ecolabel<\/title>\n<meta name=\"description\" content=\"T\u00e4lt\u00e4 sivulta l\u00f6yd\u00e4t EKOenergia-sopimuksen (&quot;lisenssisopimus&quot;). Saadaksesi oikeuden myyd\u00e4 EKOenergiaa, t\u00e4yt\u00e4 ja allekirjoita t\u00e4m\u00e4 sopimus.\" \/>\n<meta name=\"robots\" content=\"index, follow, max-snippet:-1, max-image-preview:large, max-video-preview:-1\" \/>\n<link rel=\"canonical\" href=\"https:\/\/www.ekoenergy.org\/fi\/ecolabel\/how-to-sell-ekoenergy\/agreement\/\" \/>\n<meta property=\"og:locale\" content=\"fi_FI\" \/>\n<meta property=\"og:type\" content=\"article\" \/>\n<meta property=\"og:title\" content=\"EKOenergia-sopimus - EKOenergy ecolabel\" \/>\n<meta property=\"og:description\" content=\"T\u00e4lt\u00e4 sivulta l\u00f6yd\u00e4t EKOenergia-sopimuksen (&quot;lisenssisopimus&quot;). Saadaksesi oikeuden myyd\u00e4 EKOenergiaa, t\u00e4yt\u00e4 ja allekirjoita t\u00e4m\u00e4 sopimus.\" \/>\n<meta property=\"og:url\" content=\"https:\/\/www.ekoenergy.org\/fi\/ecolabel\/how-to-sell-ekoenergy\/agreement\/\" \/>\n<meta property=\"og:site_name\" content=\"EKOenergy ecolabel\" \/>\n<meta property=\"article:publisher\" content=\"https:\/\/www.facebook.com\/EKOenergy.ecolabel\/\" \/>\n<meta property=\"article:modified_time\" content=\"2022-12-29T20:16:23+00:00\" \/>\n<meta property=\"og:image\" content=\"https:\/\/www.ekoenergy.org\/wp-content\/uploads\/Featured-Signing-Agreement.jpg\" \/>\n\t<meta property=\"og:image:width\" content=\"1200\" \/>\n\t<meta property=\"og:image:height\" content=\"610\" \/>\n\t<meta property=\"og:image:type\" content=\"image\/jpeg\" \/>\n<meta name=\"twitter:card\" content=\"summary_large_image\" \/>\n<meta name=\"twitter:site\" content=\"@EKOenergy_\" \/>\n<meta name=\"twitter:label1\" content=\"Arvioitu lukuaika\" \/>\n\t<meta name=\"twitter:data1\" content=\"1 minuutti\" \/>\n<script type=\"application\/ld+json\" class=\"yoast-schema-graph\">{\"@context\":\"https:\\\/\\\/schema.org\",\"@graph\":[{\"@type\":\"WebPage\",\"@id\":\"https:\\\/\\\/www.ekoenergy.org\\\/fi\\\/ecolabel\\\/how-to-sell-ekoenergy\\\/agreement\\\/\",\"url\":\"https:\\\/\\\/www.ekoenergy.org\\\/fi\\\/ecolabel\\\/how-to-sell-ekoenergy\\\/agreement\\\/\",\"name\":\"EKOenergia-sopimus - EKOenergy ecolabel\",\"isPartOf\":{\"@id\":\"https:\\\/\\\/www.ekoenergy.org\\\/fi\\\/#website\"},\"primaryImageOfPage\":{\"@id\":\"https:\\\/\\\/www.ekoenergy.org\\\/fi\\\/ecolabel\\\/how-to-sell-ekoenergy\\\/agreement\\\/#primaryimage\"},\"image\":{\"@id\":\"https:\\\/\\\/www.ekoenergy.org\\\/fi\\\/ecolabel\\\/how-to-sell-ekoenergy\\\/agreement\\\/#primaryimage\"},\"thumbnailUrl\":\"https:\\\/\\\/www.ekoenergy.org\\\/wp-content\\\/uploads\\\/Featured-Signing-Agreement.jpg\",\"datePublished\":\"2019-12-04T13:42:39+00:00\",\"dateModified\":\"2022-12-29T20:16:23+00:00\",\"description\":\"T\u00e4lt\u00e4 sivulta l\u00f6yd\u00e4t EKOenergia-sopimuksen (\\\"lisenssisopimus\\\"). Saadaksesi oikeuden myyd\u00e4 EKOenergiaa, t\u00e4yt\u00e4 ja allekirjoita t\u00e4m\u00e4 sopimus.\",\"breadcrumb\":{\"@id\":\"https:\\\/\\\/www.ekoenergy.org\\\/fi\\\/ecolabel\\\/how-to-sell-ekoenergy\\\/agreement\\\/#breadcrumb\"},\"inLanguage\":\"fi\",\"potentialAction\":[{\"@type\":\"ReadAction\",\"target\":[\"https:\\\/\\\/www.ekoenergy.org\\\/fi\\\/ecolabel\\\/how-to-sell-ekoenergy\\\/agreement\\\/\"]}]},{\"@type\":\"ImageObject\",\"inLanguage\":\"fi\",\"@id\":\"https:\\\/\\\/www.ekoenergy.org\\\/fi\\\/ecolabel\\\/how-to-sell-ekoenergy\\\/agreement\\\/#primaryimage\",\"url\":\"https:\\\/\\\/www.ekoenergy.org\\\/wp-content\\\/uploads\\\/Featured-Signing-Agreement.jpg\",\"contentUrl\":\"https:\\\/\\\/www.ekoenergy.org\\\/wp-content\\\/uploads\\\/Featured-Signing-Agreement.jpg\",\"width\":1200,\"height\":610},{\"@type\":\"BreadcrumbList\",\"@id\":\"https:\\\/\\\/www.ekoenergy.org\\\/fi\\\/ecolabel\\\/how-to-sell-ekoenergy\\\/agreement\\\/#breadcrumb\",\"itemListElement\":[{\"@type\":\"ListItem\",\"position\":1,\"name\":\"Home\",\"item\":\"https:\\\/\\\/www.ekoenergy.org\\\/fi\\\/\"},{\"@type\":\"ListItem\",\"position\":2,\"name\":\"Ymp\u00e4rist\u00f6merkki\",\"item\":\"https:\\\/\\\/www.ekoenergy.org\\\/fi\\\/ecolabel\\\/\"},{\"@type\":\"ListItem\",\"position\":3,\"name\":\"Miten EKOenergiaa myyd\u00e4\u00e4n?\",\"item\":\"https:\\\/\\\/www.ekoenergy.org\\\/fi\\\/ecolabel\\\/how-to-sell-ekoenergy\\\/\"},{\"@type\":\"ListItem\",\"position\":4,\"name\":\"EKOenergia-sopimus\"}]},{\"@type\":\"WebSite\",\"@id\":\"https:\\\/\\\/www.ekoenergy.org\\\/fi\\\/#website\",\"url\":\"https:\\\/\\\/www.ekoenergy.org\\\/fi\\\/\",\"name\":\"EKOenergy ecolabel\",\"description\":\"The global nonprofit ecolabel for renewable energy\",\"publisher\":{\"@id\":\"https:\\\/\\\/www.ekoenergy.org\\\/fi\\\/#organization\"},\"potentialAction\":[{\"@type\":\"SearchAction\",\"target\":{\"@type\":\"EntryPoint\",\"urlTemplate\":\"https:\\\/\\\/www.ekoenergy.org\\\/fi\\\/?s={search_term_string}\"},\"query-input\":{\"@type\":\"PropertyValueSpecification\",\"valueRequired\":true,\"valueName\":\"search_term_string\"}}],\"inLanguage\":\"fi\"},{\"@type\":\"Organization\",\"@id\":\"https:\\\/\\\/www.ekoenergy.org\\\/fi\\\/#organization\",\"name\":\"Not-for-profit Organisation EKOenergy\",\"url\":\"https:\\\/\\\/www.ekoenergy.org\\\/fi\\\/\",\"logo\":{\"@type\":\"ImageObject\",\"inLanguage\":\"fi\",\"@id\":\"https:\\\/\\\/www.ekoenergy.org\\\/fi\\\/#\\\/schema\\\/logo\\\/image\\\/\",\"url\":\"https:\\\/\\\/www.ekoenergy.org\\\/wp-content\\\/uploads\\\/logo-EKOenergy-no-text.jpg\",\"contentUrl\":\"https:\\\/\\\/www.ekoenergy.org\\\/wp-content\\\/uploads\\\/logo-EKOenergy-no-text.jpg\",\"width\":1600,\"height\":1600,\"caption\":\"Not-for-profit Organisation EKOenergy\"},\"image\":{\"@id\":\"https:\\\/\\\/www.ekoenergy.org\\\/fi\\\/#\\\/schema\\\/logo\\\/image\\\/\"},\"sameAs\":[\"https:\\\/\\\/www.facebook.com\\\/EKOenergy.ecolabel\\\/\",\"https:\\\/\\\/x.com\\\/EKOenergy_\",\"https:\\\/\\\/www.instagram.com\\\/ekoenergy\\\/\",\"https:\\\/\\\/www.linkedin.com\\\/company\\\/ekoenergy-ecolabel\\\/\",\"https:\\\/\\\/www.youtube.com\\\/EKOenergy-ecolabel\",\"https:\\\/\\\/en.wikipedia.org\\\/wiki\\\/EKOenergy\"]}]}<\/script>\n<!-- \/ Yoast SEO plugin. -->","yoast_head_json":{"title":"EKOenergia-sopimus - EKOenergy ecolabel","description":"T\u00e4lt\u00e4 sivulta l\u00f6yd\u00e4t EKOenergia-sopimuksen (\"lisenssisopimus\"). Saadaksesi oikeuden myyd\u00e4 EKOenergiaa, t\u00e4yt\u00e4 ja allekirjoita t\u00e4m\u00e4 sopimus.","robots":{"index":"index","follow":"follow","max-snippet":"max-snippet:-1","max-image-preview":"max-image-preview:large","max-video-preview":"max-video-preview:-1"},"canonical":"https:\/\/www.ekoenergy.org\/fi\/ecolabel\/how-to-sell-ekoenergy\/agreement\/","og_locale":"fi_FI","og_type":"article","og_title":"EKOenergia-sopimus - EKOenergy ecolabel","og_description":"T\u00e4lt\u00e4 sivulta l\u00f6yd\u00e4t EKOenergia-sopimuksen (\"lisenssisopimus\"). Saadaksesi oikeuden myyd\u00e4 EKOenergiaa, t\u00e4yt\u00e4 ja allekirjoita t\u00e4m\u00e4 sopimus.","og_url":"https:\/\/www.ekoenergy.org\/fi\/ecolabel\/how-to-sell-ekoenergy\/agreement\/","og_site_name":"EKOenergy ecolabel","article_publisher":"https:\/\/www.facebook.com\/EKOenergy.ecolabel\/","article_modified_time":"2022-12-29T20:16:23+00:00","og_image":[{"width":1200,"height":610,"url":"https:\/\/www.ekoenergy.org\/wp-content\/uploads\/Featured-Signing-Agreement.jpg","type":"image\/jpeg"}],"twitter_card":"summary_large_image","twitter_site":"@EKOenergy_","twitter_misc":{"Arvioitu lukuaika":"1 minuutti"},"schema":{"@context":"https:\/\/schema.org","@graph":[{"@type":"WebPage","@id":"https:\/\/www.ekoenergy.org\/fi\/ecolabel\/how-to-sell-ekoenergy\/agreement\/","url":"https:\/\/www.ekoenergy.org\/fi\/ecolabel\/how-to-sell-ekoenergy\/agreement\/","name":"EKOenergia-sopimus - EKOenergy ecolabel","isPartOf":{"@id":"https:\/\/www.ekoenergy.org\/fi\/#website"},"primaryImageOfPage":{"@id":"https:\/\/www.ekoenergy.org\/fi\/ecolabel\/how-to-sell-ekoenergy\/agreement\/#primaryimage"},"image":{"@id":"https:\/\/www.ekoenergy.org\/fi\/ecolabel\/how-to-sell-ekoenergy\/agreement\/#primaryimage"},"thumbnailUrl":"https:\/\/www.ekoenergy.org\/wp-content\/uploads\/Featured-Signing-Agreement.jpg","datePublished":"2019-12-04T13:42:39+00:00","dateModified":"2022-12-29T20:16:23+00:00","description":"T\u00e4lt\u00e4 sivulta l\u00f6yd\u00e4t EKOenergia-sopimuksen (\"lisenssisopimus\"). Saadaksesi oikeuden myyd\u00e4 EKOenergiaa, t\u00e4yt\u00e4 ja allekirjoita t\u00e4m\u00e4 sopimus.","breadcrumb":{"@id":"https:\/\/www.ekoenergy.org\/fi\/ecolabel\/how-to-sell-ekoenergy\/agreement\/#breadcrumb"},"inLanguage":"fi","potentialAction":[{"@type":"ReadAction","target":["https:\/\/www.ekoenergy.org\/fi\/ecolabel\/how-to-sell-ekoenergy\/agreement\/"]}]},{"@type":"ImageObject","inLanguage":"fi","@id":"https:\/\/www.ekoenergy.org\/fi\/ecolabel\/how-to-sell-ekoenergy\/agreement\/#primaryimage","url":"https:\/\/www.ekoenergy.org\/wp-content\/uploads\/Featured-Signing-Agreement.jpg","contentUrl":"https:\/\/www.ekoenergy.org\/wp-content\/uploads\/Featured-Signing-Agreement.jpg","width":1200,"height":610},{"@type":"BreadcrumbList","@id":"https:\/\/www.ekoenergy.org\/fi\/ecolabel\/how-to-sell-ekoenergy\/agreement\/#breadcrumb","itemListElement":[{"@type":"ListItem","position":1,"name":"Home","item":"https:\/\/www.ekoenergy.org\/fi\/"},{"@type":"ListItem","position":2,"name":"Ymp\u00e4rist\u00f6merkki","item":"https:\/\/www.ekoenergy.org\/fi\/ecolabel\/"},{"@type":"ListItem","position":3,"name":"Miten EKOenergiaa myyd\u00e4\u00e4n?","item":"https:\/\/www.ekoenergy.org\/fi\/ecolabel\/how-to-sell-ekoenergy\/"},{"@type":"ListItem","position":4,"name":"EKOenergia-sopimus"}]},{"@type":"WebSite","@id":"https:\/\/www.ekoenergy.org\/fi\/#website","url":"https:\/\/www.ekoenergy.org\/fi\/","name":"EKOenergy ecolabel","description":"The global nonprofit ecolabel for renewable energy","publisher":{"@id":"https:\/\/www.ekoenergy.org\/fi\/#organization"},"potentialAction":[{"@type":"SearchAction","target":{"@type":"EntryPoint","urlTemplate":"https:\/\/www.ekoenergy.org\/fi\/?s={search_term_string}"},"query-input":{"@type":"PropertyValueSpecification","valueRequired":true,"valueName":"search_term_string"}}],"inLanguage":"fi"},{"@type":"Organization","@id":"https:\/\/www.ekoenergy.org\/fi\/#organization","name":"Not-for-profit Organisation EKOenergy","url":"https:\/\/www.ekoenergy.org\/fi\/","logo":{"@type":"ImageObject","inLanguage":"fi","@id":"https:\/\/www.ekoenergy.org\/fi\/#\/schema\/logo\/image\/","url":"https:\/\/www.ekoenergy.org\/wp-content\/uploads\/logo-EKOenergy-no-text.jpg","contentUrl":"https:\/\/www.ekoenergy.org\/wp-content\/uploads\/logo-EKOenergy-no-text.jpg","width":1600,"height":1600,"caption":"Not-for-profit Organisation EKOenergy"},"image":{"@id":"https:\/\/www.ekoenergy.org\/fi\/#\/schema\/logo\/image\/"},"sameAs":["https:\/\/www.facebook.com\/EKOenergy.ecolabel\/","https:\/\/x.com\/EKOenergy_","https:\/\/www.instagram.com\/ekoenergy\/","https:\/\/www.linkedin.com\/company\/ekoenergy-ecolabel\/","https:\/\/www.youtube.com\/EKOenergy-ecolabel","https:\/\/en.wikipedia.org\/wiki\/EKOenergy"]}]}},"uagb_featured_image_src":{"full":["https:\/\/www.ekoenergy.org\/wp-content\/uploads\/Featured-Signing-Agreement.jpg",1200,610,false],"thumbnail":["https:\/\/www.ekoenergy.org\/wp-content\/uploads\/Featured-Signing-Agreement-150x150.jpg",150,150,true],"medium":["https:\/\/www.ekoenergy.org\/wp-content\/uploads\/Featured-Signing-Agreement-320x163.jpg",320,163,true],"medium_large":["https:\/\/www.ekoenergy.org\/wp-content\/uploads\/Featured-Signing-Agreement-768x390.jpg",768,390,true],"large":["https:\/\/www.ekoenergy.org\/wp-content\/uploads\/Featured-Signing-Agreement-1024x521.jpg",1024,521,true],"1536x1536":["https:\/\/www.ekoenergy.org\/wp-content\/uploads\/Featured-Signing-Agreement.jpg",1200,610,false],"2048x2048":["https:\/\/www.ekoenergy.org\/wp-content\/uploads\/Featured-Signing-Agreement.jpg",1200,610,false]},"uagb_author_info":{"display_name":"Steven Vanholme","author_link":"https:\/\/www.ekoenergy.org\/fi\/author\/svanholme\/"},"uagb_comment_info":0,"uagb_excerpt":"EKOenergia-sopimus (\u201dlisenssisopimus\u201d) Saadaksesi oikeuden myyd\u00e4 EKOenergiaa tulosta, t\u00e4yt\u00e4 ja allekirjoita Lisenssisopimus. L\u00e4het\u00e4 t\u00e4ytetty ja allekirjoitettu Lisenssisopimus EKOenergian sihteerist\u00f6lle. Kun EKOenergia on allekirjoittanut sopimuksen, saat siit\u00e4 kopion s\u00e4hk\u00f6postiisi ja yrityksesi listataan EKOenergian verkkosivuille. Jos haluat sopimuksesta oman paperisen version, l\u00e4het\u00e4 meille kaksi t\u00e4ytetty\u00e4 ja allekirjoitettua kopiota Lisenssisopimuksessa postitse. EKOenergia-sopimus muilla kielill\u00e4","_links":{"self":[{"href":"https:\/\/www.ekoenergy.org\/fi\/wp-json\/wp\/v2\/pages\/3947","targetHints":{"allow":["GET"]}}],"collection":[{"href":"https:\/\/www.ekoenergy.org\/fi\/wp-json\/wp\/v2\/pages"}],"about":[{"href":"https:\/\/www.ekoenergy.org\/fi\/wp-json\/wp\/v2\/types\/page"}],"author":[{"embeddable":true,"href":"https:\/\/www.ekoenergy.org\/fi\/wp-json\/wp\/v2\/users\/2"}],"replies":[{"embeddable":true,"href":"https:\/\/www.ekoenergy.org\/fi\/wp-json\/wp\/v2\/comments?post=3947"}],"version-history":[{"count":3,"href":"https:\/\/www.ekoenergy.org\/fi\/wp-json\/wp\/v2\/pages\/3947\/revisions"}],"predecessor-version":[{"id":136475,"href":"https:\/\/www.ekoenergy.org\/fi\/wp-json\/wp\/v2\/pages\/3947\/revisions\/136475"}],"up":[{"embeddable":true,"href":"https:\/\/www.ekoenergy.org\/fi\/wp-json\/wp\/v2\/pages\/3093"}],"wp:featuredmedia":[{"embeddable":true,"href":"https:\/\/www.ekoenergy.org\/fi\/wp-json\/wp\/v2\/media\/29057"}],"wp:attachment":[{"href":"https:\/\/www.ekoenergy.org\/fi\/wp-json\/wp\/v2\/media?parent=3947"}],"curies":[{"name":"wp","href":"https:\/\/api.w.org\/{rel}","templated":true}]}}