{"id":25301,"date":"2020-01-09T13:03:40","date_gmt":"2020-01-09T13:03:40","guid":{"rendered":"https:\/\/www.ekoenergy.org\/ecolabel\/criteria\/"},"modified":"2023-02-20T12:06:54","modified_gmt":"2023-02-20T10:06:54","slug":"criteria","status":"publish","type":"page","link":"https:\/\/www.ekoenergy.org\/fr\/ecolabel\/criteria\/","title":{"rendered":"Les crit\u00e8res d&rsquo;EKO\u00e9nergie"},"content":{"rendered":"\n<h1 class=\"wp-block-heading\">Les crit\u00e8res d&rsquo;EKO\u00e9nergie<\/h1>\n\n\n\n<p>Notre \u00e9colabel, reconnu au niveau international, <a href=\"https:\/\/www.ekoenergy.org\/fr\/ecolabel\/\">aide les consommateurs \u00e0 trouver l&rsquo;\u00e9nergie renouvelable la plus durable<\/a> et \u00e0 avoir un impact positif suppl\u00e9mentaire.<\/p>\n\n\n\n<p><\/p>\n\n\n\n<p>EKO\u00e9nergie est un label pour les \u00e9nergies renouvelables, et non pour les entreprises ou les dispositifs de production. <\/p>\n\n\n\n<p><\/p>\n\n\n\n<p>Voici les crit\u00e8res pour <a href=\"https:\/\/www.ekoenergy.org\/fr\/ecolabel\/criteria\/electricity\/\" target=\"_blank\" rel=\"noreferrer noopener\">l&rsquo;\u00e9lectricit\u00e9<\/a>, le <a href=\"https:\/\/www.ekoenergy.org\/fr\/ecolabel\/criteria\/ekoenergy-gas\/\" target=\"_blank\" rel=\"noreferrer noopener\">gaz<\/a>, la <a href=\"https:\/\/www.ekoenergy.org\/fr\/ecolabel\/criteria\/renewable-heat\/\" target=\"_blank\" rel=\"noreferrer noopener\">chaleur et le froid<\/a>.<\/p>\n\n\n\n<div class=\"wp-block-columns is-layout-flex wp-container-core-columns-is-layout-28f84493 wp-block-columns-is-layout-flex\">\n<div class=\"wp-block-column is-layout-flow wp-block-column-is-layout-flow\">\n<figure class=\"wp-block-image aligncenter size-medium is-resized hover-image\"><a href=\"https:\/\/www.ekoenergy.org\/fr\/ecolabel\/criteria\/electricity\/\"><img decoding=\"async\" src=\"https:\/\/www.ekoenergy.org\/wp-content\/uploads\/\/criteria-icon-electricity-light-bulb-320x320.png\" alt=\"\" class=\"wp-image-37894\" width=\"160\" height=\"160\" srcset=\"https:\/\/www.ekoenergy.org\/wp-content\/uploads\/criteria-icon-electricity-light-bulb-320x320.png 320w, https:\/\/www.ekoenergy.org\/wp-content\/uploads\/criteria-icon-electricity-light-bulb-150x150.png 150w, https:\/\/www.ekoenergy.org\/wp-content\/uploads\/criteria-icon-electricity-light-bulb.png 512w\" sizes=\"(max-width: 160px) 100vw, 160px\" \/><\/a><figcaption class=\"wp-element-caption\"><a href=\"https:\/\/www.ekoenergy.org\/fr\/ecolabel\/criteria\/electricity\/\">\u00c9lectricit\u00e9<\/a><\/figcaption><\/figure>\n<\/div>\n\n\n\n<div class=\"wp-block-column is-layout-flow wp-block-column-is-layout-flow\">\n<figure class=\"wp-block-image aligncenter size-medium is-resized hover-image\"><a href=\"https:\/\/www.ekoenergy.org\/fr\/ecolabel\/criteria\/ekoenergy-gas\/\"><img decoding=\"async\" src=\"https:\/\/www.ekoenergy.org\/wp-content\/uploads\/\/criteria-icon-gasoline-320x320.png\" alt=\"\" class=\"wp-image-37879\" width=\"160\" height=\"160\" srcset=\"https:\/\/www.ekoenergy.org\/wp-content\/uploads\/criteria-icon-gasoline-320x320.png 320w, https:\/\/www.ekoenergy.org\/wp-content\/uploads\/criteria-icon-gasoline-150x150.png 150w, https:\/\/www.ekoenergy.org\/wp-content\/uploads\/criteria-icon-gasoline.png 512w\" sizes=\"(max-width: 160px) 100vw, 160px\" \/><\/a><figcaption class=\"wp-element-caption\"><a href=\"https:\/\/www.ekoenergy.org\/fr\/ecolabel\/criteria\/ekoenergy-gas\/\">Gaz<\/a><\/figcaption><\/figure>\n<\/div>\n\n\n\n<div class=\"wp-block-column is-layout-flow wp-block-column-is-layout-flow\">\n<figure class=\"wp-block-image aligncenter size-medium is-resized hover-image\"><a href=\"https:\/\/www.ekoenergy.org\/fr\/ecolabel\/criteria\/renewable-heat\/\"><img decoding=\"async\" src=\"https:\/\/www.ekoenergy.org\/wp-content\/uploads\/\/criteria-icon-heat-bonfire-320x320.png\" alt=\"\" class=\"wp-image-37924\" width=\"160\" height=\"160\" srcset=\"https:\/\/www.ekoenergy.org\/wp-content\/uploads\/criteria-icon-heat-bonfire-320x320.png 320w, https:\/\/www.ekoenergy.org\/wp-content\/uploads\/criteria-icon-heat-bonfire-150x150.png 150w, https:\/\/www.ekoenergy.org\/wp-content\/uploads\/criteria-icon-heat-bonfire.png 512w\" sizes=\"(max-width: 160px) 100vw, 160px\" \/><\/a><figcaption class=\"wp-element-caption\"><a href=\"https:\/\/www.ekoenergy.org\/fr\/ecolabel\/criteria\/renewable-heat\/\">Chaleur &amp; Froid <\/a><\/figcaption><\/figure>\n<\/div>\n<\/div>\n\n\n\n<p>Nos crit\u00e8res tiennent compte de l&rsquo;impact de la production \u00e9nerg\u00e9tique sur l&rsquo;environnement, du suivi et de l&rsquo;\u00e9vitement du double comptage, et ils cr\u00e9ent un impact additionnel positif sur l&rsquo;environnement ainsi que sur les personnes affect\u00e9es par la pauvret\u00e9 \u00e9nerg\u00e9tique.<\/p>\n\n\n\n<p><\/p>\n\n\n\n<p>Pour plus de clart\u00e9, nous avons rassembl\u00e9 les informations sur l&rsquo;\u00e9nergie provenant <a href=\"https:\/\/www.ekoenergy.org\/fr\/ecolabel\/criteria\/on-site-installations\/\" target=\"_blank\" rel=\"noreferrer noopener\">d&rsquo;installations sur site et les PPA<\/a> et sur le <a href=\"https:\/\/www.ekoenergy.org\/fr\/ecolabel\/criteria\/tracking\/\" target=\"_blank\" rel=\"noreferrer noopener\">suivi<\/a> dans des sous-sections d\u00e9di\u00e9es.<\/p>\n\n\n\n<p><\/p>\n\n\n\n<p>Les crit\u00e8res EKO\u00e9nergie sont entr\u00e9s en application en 2013. L&rsquo;\u00e9laboration et l&rsquo;approbation des crit\u00e8res d&rsquo;EKO\u00e9nergie suivent les r\u00e8gles du <a href=\"https:\/\/www.isealalliance.org\/defining-credible-practice\/iseal-codes-good-practice\" target=\"_blank\" rel=\"noreferrer noopener\">code de normalisation de l&rsquo;ISEAL<\/a> (ISEAL <em>Standard-setting Code<\/em> en anglais). Ils sont bas\u00e9s sur une consultation active de tous les groupes de parties prenantes concern\u00e9s et sur les meilleures pratiques. Leur mise \u00e0 jour ne peut survenir qu&rsquo;avec l&rsquo;accord des organisations membres du r\u00e9seau EKO\u00e9nergie, et l&rsquo;approbation du conseil de direction de l&rsquo;Association Finlandaise de Conservation de la Nature.<\/p>\n\n\n\n<p><\/p>\n\n\n\n<p>EKO\u00e9nergie organise un audit annuel, assurant que toute l&rsquo;\u00e9nergie vendue avec l&rsquo;\u00e9colabel r\u00e9pond aux crit\u00e8res \u00e9tablis.<\/p>\n\n\n\n<div style=\"height:31px\" aria-hidden=\"true\" class=\"wp-block-spacer\"><\/div>\n\n\n\n<p><em>(Ic\u00f4nes r\u00e9alis\u00e9es par <a aria-label=\" (opens in a new tab)\" href=\"https:\/\/www.flaticon.com\/authors\/icongeek26\" target=\"_blank\" rel=\"noreferrer noopener\">Icongeek26<\/a> sur <a aria-label=\" (opens in a new tab)\" href=\"https:\/\/www.flaticon.com\/\" target=\"_blank\" rel=\"noreferrer noopener\">www.flaticon.com<\/a><\/em>)<\/p>\n","protected":false},"excerpt":{"rendered":"<p>Les crit\u00e8res d&rsquo;EKO\u00e9nergie Notre \u00e9colabel, reconnu au niveau international, aide les consommateurs \u00e0 trouver l&rsquo;\u00e9nergie renouvelable la plus durable et \u00e0 avoir un impact positif suppl\u00e9mentaire. EKO\u00e9nergie est un label pour les \u00e9nergies renouvelables, et non pour les entreprises ou les dispositifs de production. Voici les crit\u00e8res pour l&rsquo;\u00e9lectricit\u00e9, le gaz, la chaleur et le [&hellip;]<\/p>\n","protected":false},"author":17,"featured_media":28343,"parent":2689,"menu_order":1,"comment_status":"closed","ping_status":"closed","template":"","meta":{"inline_featured_image":false,"_uag_custom_page_level_css":"","site-sidebar-layout":"default","site-content-layout":"default","ast-site-content-layout":"default","site-content-style":"default","site-sidebar-style":"default","ast-global-header-display":"","ast-banner-title-visibility":"","ast-main-header-display":"","ast-hfb-above-header-display":"","ast-hfb-below-header-display":"","ast-hfb-mobile-header-display":"","site-post-title":"disabled","ast-breadcrumbs-content":"","ast-featured-img":"","footer-sml-layout":"","ast-disable-related-posts":"","theme-transparent-header-meta":"default","adv-header-id-meta":"","stick-header-meta":"default","header-above-stick-meta":"","header-main-stick-meta":"","header-below-stick-meta":"","astra-migrate-meta-layouts":"default","ast-page-background-enabled":"default","ast-page-background-meta":{"desktop":{"background-color":"","background-image":"","background-repeat":"repeat","background-position":"center center","background-size":"auto","background-attachment":"scroll","background-type":"","background-media":"","overlay-type":"","overlay-color":"","overlay-opacity":"","overlay-gradient":""},"tablet":{"background-color":"","background-image":"","background-repeat":"repeat","background-position":"center center","background-size":"auto","background-attachment":"scroll","background-type":"","background-media":"","overlay-type":"","overlay-color":"","overlay-opacity":"","overlay-gradient":""},"mobile":{"background-color":"","background-image":"","background-repeat":"repeat","background-position":"center center","background-size":"auto","background-attachment":"scroll","background-type":"","background-media":"","overlay-type":"","overlay-color":"","overlay-opacity":"","overlay-gradient":""}},"ast-content-background-meta":{"desktop":{"background-color":"var(--ast-global-color-5)","background-image":"","background-repeat":"repeat","background-position":"center center","background-size":"auto","background-attachment":"scroll","background-type":"","background-media":"","overlay-type":"","overlay-color":"","overlay-opacity":"","overlay-gradient":""},"tablet":{"background-color":"var(--ast-global-color-5)","background-image":"","background-repeat":"repeat","background-position":"center center","background-size":"auto","background-attachment":"scroll","background-type":"","background-media":"","overlay-type":"","overlay-color":"","overlay-opacity":"","overlay-gradient":""},"mobile":{"background-color":"var(--ast-global-color-5)","background-image":"","background-repeat":"repeat","background-position":"center center","background-size":"auto","background-attachment":"scroll","background-type":"","background-media":"","overlay-type":"","overlay-color":"","overlay-opacity":"","overlay-gradient":""}},"footnotes":""},"class_list":["post-25301","page","type-page","status-publish","has-post-thumbnail","hentry"],"yoast_head":"<!-- This site is optimized with the Yoast SEO plugin v27.5 - https:\/\/yoast.com\/product\/yoast-seo-wordpress\/ -->\n<title>Les crit\u00e8res d&#039;EKO\u00e9nergie - EKOenergy ecolabel<\/title>\n<meta name=\"description\" content=\"Nos catalogues de crit\u00e8res d\u00e9crivent dans quelles conditions l&#039;\u00e9lectricit\u00e9, le gaz, la chaleur et le froid peuvent \u00eatre labellis\u00e9s EKO\u00e9nergie.\" \/>\n<meta name=\"robots\" content=\"index, follow, max-snippet:-1, max-image-preview:large, max-video-preview:-1\" \/>\n<link rel=\"canonical\" href=\"https:\/\/www.ekoenergy.org\/fr\/ecolabel\/criteria\/\" \/>\n<meta property=\"og:locale\" content=\"fr_FR\" \/>\n<meta property=\"og:type\" content=\"article\" \/>\n<meta property=\"og:title\" content=\"Les crit\u00e8res d&#039;EKO\u00e9nergie - EKOenergy ecolabel\" \/>\n<meta property=\"og:description\" content=\"Nos catalogues de crit\u00e8res d\u00e9crivent dans quelles conditions l&#039;\u00e9lectricit\u00e9, le gaz, la chaleur et le froid peuvent \u00eatre labellis\u00e9s EKO\u00e9nergie.\" \/>\n<meta property=\"og:url\" content=\"https:\/\/www.ekoenergy.org\/fr\/ecolabel\/criteria\/\" \/>\n<meta property=\"og:site_name\" content=\"EKOenergy ecolabel\" \/>\n<meta property=\"article:publisher\" content=\"https:\/\/www.facebook.com\/EKOenergy.ecolabel\/\" \/>\n<meta property=\"article:modified_time\" content=\"2023-02-20T10:06:54+00:00\" \/>\n<meta property=\"og:image\" content=\"https:\/\/www.ekoenergy.org\/wp-content\/uploads\/Featured-Renewable-Energy.jpg\" \/>\n\t<meta property=\"og:image:width\" content=\"1280\" \/>\n\t<meta property=\"og:image:height\" content=\"853\" \/>\n\t<meta property=\"og:image:type\" content=\"image\/jpeg\" \/>\n<meta name=\"twitter:card\" content=\"summary_large_image\" \/>\n<meta name=\"twitter:site\" content=\"@EKOenergy_\" \/>\n<meta name=\"twitter:label1\" content=\"Dur\u00e9e de lecture estim\u00e9e\" \/>\n\t<meta name=\"twitter:data1\" content=\"2 minutes\" \/>\n<script type=\"application\/ld+json\" class=\"yoast-schema-graph\">{\"@context\":\"https:\\\/\\\/schema.org\",\"@graph\":[{\"@type\":\"WebPage\",\"@id\":\"https:\\\/\\\/www.ekoenergy.org\\\/fr\\\/ecolabel\\\/criteria\\\/\",\"url\":\"https:\\\/\\\/www.ekoenergy.org\\\/fr\\\/ecolabel\\\/criteria\\\/\",\"name\":\"Les crit\u00e8res d'EKO\u00e9nergie - EKOenergy ecolabel\",\"isPartOf\":{\"@id\":\"https:\\\/\\\/www.ekoenergy.org\\\/fr\\\/#website\"},\"primaryImageOfPage\":{\"@id\":\"https:\\\/\\\/www.ekoenergy.org\\\/fr\\\/ecolabel\\\/criteria\\\/#primaryimage\"},\"image\":{\"@id\":\"https:\\\/\\\/www.ekoenergy.org\\\/fr\\\/ecolabel\\\/criteria\\\/#primaryimage\"},\"thumbnailUrl\":\"https:\\\/\\\/www.ekoenergy.org\\\/wp-content\\\/uploads\\\/Featured-Renewable-Energy.jpg\",\"datePublished\":\"2020-01-09T13:03:40+00:00\",\"dateModified\":\"2023-02-20T10:06:54+00:00\",\"description\":\"Nos catalogues de crit\u00e8res d\u00e9crivent dans quelles conditions l'\u00e9lectricit\u00e9, le gaz, la chaleur et le froid peuvent \u00eatre labellis\u00e9s EKO\u00e9nergie.\",\"breadcrumb\":{\"@id\":\"https:\\\/\\\/www.ekoenergy.org\\\/fr\\\/ecolabel\\\/criteria\\\/#breadcrumb\"},\"inLanguage\":\"fr-FR\",\"potentialAction\":[{\"@type\":\"ReadAction\",\"target\":[\"https:\\\/\\\/www.ekoenergy.org\\\/fr\\\/ecolabel\\\/criteria\\\/\"]}]},{\"@type\":\"ImageObject\",\"inLanguage\":\"fr-FR\",\"@id\":\"https:\\\/\\\/www.ekoenergy.org\\\/fr\\\/ecolabel\\\/criteria\\\/#primaryimage\",\"url\":\"https:\\\/\\\/www.ekoenergy.org\\\/wp-content\\\/uploads\\\/Featured-Renewable-Energy.jpg\",\"contentUrl\":\"https:\\\/\\\/www.ekoenergy.org\\\/wp-content\\\/uploads\\\/Featured-Renewable-Energy.jpg\",\"width\":1280,\"height\":853},{\"@type\":\"BreadcrumbList\",\"@id\":\"https:\\\/\\\/www.ekoenergy.org\\\/fr\\\/ecolabel\\\/criteria\\\/#breadcrumb\",\"itemListElement\":[{\"@type\":\"ListItem\",\"position\":1,\"name\":\"Home\",\"item\":\"https:\\\/\\\/www.ekoenergy.org\\\/fr\\\/\"},{\"@type\":\"ListItem\",\"position\":2,\"name\":\"Notre \u00e9colabel\",\"item\":\"https:\\\/\\\/www.ekoenergy.org\\\/fr\\\/ecolabel\\\/\"},{\"@type\":\"ListItem\",\"position\":3,\"name\":\"Les crit\u00e8res d&#8217;EKO\u00e9nergie\"}]},{\"@type\":\"WebSite\",\"@id\":\"https:\\\/\\\/www.ekoenergy.org\\\/fr\\\/#website\",\"url\":\"https:\\\/\\\/www.ekoenergy.org\\\/fr\\\/\",\"name\":\"EKOenergy ecolabel\",\"description\":\"The global nonprofit ecolabel for renewable energy\",\"publisher\":{\"@id\":\"https:\\\/\\\/www.ekoenergy.org\\\/fr\\\/#organization\"},\"potentialAction\":[{\"@type\":\"SearchAction\",\"target\":{\"@type\":\"EntryPoint\",\"urlTemplate\":\"https:\\\/\\\/www.ekoenergy.org\\\/fr\\\/?s={search_term_string}\"},\"query-input\":{\"@type\":\"PropertyValueSpecification\",\"valueRequired\":true,\"valueName\":\"search_term_string\"}}],\"inLanguage\":\"fr-FR\"},{\"@type\":\"Organization\",\"@id\":\"https:\\\/\\\/www.ekoenergy.org\\\/fr\\\/#organization\",\"name\":\"Not-for-profit Organisation EKOenergy\",\"url\":\"https:\\\/\\\/www.ekoenergy.org\\\/fr\\\/\",\"logo\":{\"@type\":\"ImageObject\",\"inLanguage\":\"fr-FR\",\"@id\":\"https:\\\/\\\/www.ekoenergy.org\\\/fr\\\/#\\\/schema\\\/logo\\\/image\\\/\",\"url\":\"https:\\\/\\\/www.ekoenergy.org\\\/wp-content\\\/uploads\\\/logo-EKOenergy-no-text.jpg\",\"contentUrl\":\"https:\\\/\\\/www.ekoenergy.org\\\/wp-content\\\/uploads\\\/logo-EKOenergy-no-text.jpg\",\"width\":1600,\"height\":1600,\"caption\":\"Not-for-profit Organisation EKOenergy\"},\"image\":{\"@id\":\"https:\\\/\\\/www.ekoenergy.org\\\/fr\\\/#\\\/schema\\\/logo\\\/image\\\/\"},\"sameAs\":[\"https:\\\/\\\/www.facebook.com\\\/EKOenergy.ecolabel\\\/\",\"https:\\\/\\\/x.com\\\/EKOenergy_\",\"https:\\\/\\\/www.instagram.com\\\/ekoenergy\\\/\",\"https:\\\/\\\/www.linkedin.com\\\/company\\\/ekoenergy-ecolabel\\\/\",\"https:\\\/\\\/www.youtube.com\\\/EKOenergy-ecolabel\",\"https:\\\/\\\/en.wikipedia.org\\\/wiki\\\/EKOenergy\"]}]}<\/script>\n<!-- \/ Yoast SEO plugin. -->","yoast_head_json":{"title":"Les crit\u00e8res d'EKO\u00e9nergie - EKOenergy ecolabel","description":"Nos catalogues de crit\u00e8res d\u00e9crivent dans quelles conditions l'\u00e9lectricit\u00e9, le gaz, la chaleur et le froid peuvent \u00eatre labellis\u00e9s EKO\u00e9nergie.","robots":{"index":"index","follow":"follow","max-snippet":"max-snippet:-1","max-image-preview":"max-image-preview:large","max-video-preview":"max-video-preview:-1"},"canonical":"https:\/\/www.ekoenergy.org\/fr\/ecolabel\/criteria\/","og_locale":"fr_FR","og_type":"article","og_title":"Les crit\u00e8res d'EKO\u00e9nergie - EKOenergy ecolabel","og_description":"Nos catalogues de crit\u00e8res d\u00e9crivent dans quelles conditions l'\u00e9lectricit\u00e9, le gaz, la chaleur et le froid peuvent \u00eatre labellis\u00e9s EKO\u00e9nergie.","og_url":"https:\/\/www.ekoenergy.org\/fr\/ecolabel\/criteria\/","og_site_name":"EKOenergy ecolabel","article_publisher":"https:\/\/www.facebook.com\/EKOenergy.ecolabel\/","article_modified_time":"2023-02-20T10:06:54+00:00","og_image":[{"width":1280,"height":853,"url":"https:\/\/www.ekoenergy.org\/wp-content\/uploads\/Featured-Renewable-Energy.jpg","type":"image\/jpeg"}],"twitter_card":"summary_large_image","twitter_site":"@EKOenergy_","twitter_misc":{"Dur\u00e9e de lecture estim\u00e9e":"2 minutes"},"schema":{"@context":"https:\/\/schema.org","@graph":[{"@type":"WebPage","@id":"https:\/\/www.ekoenergy.org\/fr\/ecolabel\/criteria\/","url":"https:\/\/www.ekoenergy.org\/fr\/ecolabel\/criteria\/","name":"Les crit\u00e8res d'EKO\u00e9nergie - EKOenergy ecolabel","isPartOf":{"@id":"https:\/\/www.ekoenergy.org\/fr\/#website"},"primaryImageOfPage":{"@id":"https:\/\/www.ekoenergy.org\/fr\/ecolabel\/criteria\/#primaryimage"},"image":{"@id":"https:\/\/www.ekoenergy.org\/fr\/ecolabel\/criteria\/#primaryimage"},"thumbnailUrl":"https:\/\/www.ekoenergy.org\/wp-content\/uploads\/Featured-Renewable-Energy.jpg","datePublished":"2020-01-09T13:03:40+00:00","dateModified":"2023-02-20T10:06:54+00:00","description":"Nos catalogues de crit\u00e8res d\u00e9crivent dans quelles conditions l'\u00e9lectricit\u00e9, le gaz, la chaleur et le froid peuvent \u00eatre labellis\u00e9s EKO\u00e9nergie.","breadcrumb":{"@id":"https:\/\/www.ekoenergy.org\/fr\/ecolabel\/criteria\/#breadcrumb"},"inLanguage":"fr-FR","potentialAction":[{"@type":"ReadAction","target":["https:\/\/www.ekoenergy.org\/fr\/ecolabel\/criteria\/"]}]},{"@type":"ImageObject","inLanguage":"fr-FR","@id":"https:\/\/www.ekoenergy.org\/fr\/ecolabel\/criteria\/#primaryimage","url":"https:\/\/www.ekoenergy.org\/wp-content\/uploads\/Featured-Renewable-Energy.jpg","contentUrl":"https:\/\/www.ekoenergy.org\/wp-content\/uploads\/Featured-Renewable-Energy.jpg","width":1280,"height":853},{"@type":"BreadcrumbList","@id":"https:\/\/www.ekoenergy.org\/fr\/ecolabel\/criteria\/#breadcrumb","itemListElement":[{"@type":"ListItem","position":1,"name":"Home","item":"https:\/\/www.ekoenergy.org\/fr\/"},{"@type":"ListItem","position":2,"name":"Notre \u00e9colabel","item":"https:\/\/www.ekoenergy.org\/fr\/ecolabel\/"},{"@type":"ListItem","position":3,"name":"Les crit\u00e8res d&#8217;EKO\u00e9nergie"}]},{"@type":"WebSite","@id":"https:\/\/www.ekoenergy.org\/fr\/#website","url":"https:\/\/www.ekoenergy.org\/fr\/","name":"EKOenergy ecolabel","description":"The global nonprofit ecolabel for renewable energy","publisher":{"@id":"https:\/\/www.ekoenergy.org\/fr\/#organization"},"potentialAction":[{"@type":"SearchAction","target":{"@type":"EntryPoint","urlTemplate":"https:\/\/www.ekoenergy.org\/fr\/?s={search_term_string}"},"query-input":{"@type":"PropertyValueSpecification","valueRequired":true,"valueName":"search_term_string"}}],"inLanguage":"fr-FR"},{"@type":"Organization","@id":"https:\/\/www.ekoenergy.org\/fr\/#organization","name":"Not-for-profit Organisation EKOenergy","url":"https:\/\/www.ekoenergy.org\/fr\/","logo":{"@type":"ImageObject","inLanguage":"fr-FR","@id":"https:\/\/www.ekoenergy.org\/fr\/#\/schema\/logo\/image\/","url":"https:\/\/www.ekoenergy.org\/wp-content\/uploads\/logo-EKOenergy-no-text.jpg","contentUrl":"https:\/\/www.ekoenergy.org\/wp-content\/uploads\/logo-EKOenergy-no-text.jpg","width":1600,"height":1600,"caption":"Not-for-profit Organisation EKOenergy"},"image":{"@id":"https:\/\/www.ekoenergy.org\/fr\/#\/schema\/logo\/image\/"},"sameAs":["https:\/\/www.facebook.com\/EKOenergy.ecolabel\/","https:\/\/x.com\/EKOenergy_","https:\/\/www.instagram.com\/ekoenergy\/","https:\/\/www.linkedin.com\/company\/ekoenergy-ecolabel\/","https:\/\/www.youtube.com\/EKOenergy-ecolabel","https:\/\/en.wikipedia.org\/wiki\/EKOenergy"]}]}},"uagb_featured_image_src":{"full":["https:\/\/www.ekoenergy.org\/wp-content\/uploads\/Featured-Renewable-Energy.jpg",1280,853,false],"thumbnail":["https:\/\/www.ekoenergy.org\/wp-content\/uploads\/Featured-Renewable-Energy-150x150.jpg",150,150,true],"medium":["https:\/\/www.ekoenergy.org\/wp-content\/uploads\/Featured-Renewable-Energy-320x213.jpg",320,213,true],"medium_large":["https:\/\/www.ekoenergy.org\/wp-content\/uploads\/Featured-Renewable-Energy-768x512.jpg",768,512,true],"large":["https:\/\/www.ekoenergy.org\/wp-content\/uploads\/Featured-Renewable-Energy-1024x682.jpg",1024,682,true],"1536x1536":["https:\/\/www.ekoenergy.org\/wp-content\/uploads\/Featured-Renewable-Energy.jpg",1280,853,false],"2048x2048":["https:\/\/www.ekoenergy.org\/wp-content\/uploads\/Featured-Renewable-Energy.jpg",1280,853,false]},"uagb_author_info":{"display_name":"EKOenergy ecolabel","author_link":"https:\/\/www.ekoenergy.org\/fr\/author\/ekoenergy\/"},"uagb_comment_info":0,"uagb_excerpt":"Les crit\u00e8res d&rsquo;EKO\u00e9nergie Notre \u00e9colabel, reconnu au niveau international, aide les consommateurs \u00e0 trouver l&rsquo;\u00e9nergie renouvelable la plus durable et \u00e0 avoir un impact positif suppl\u00e9mentaire. EKO\u00e9nergie est un label pour les \u00e9nergies renouvelables, et non pour les entreprises ou les dispositifs de production. Voici les crit\u00e8res pour l&rsquo;\u00e9lectricit\u00e9, le gaz, la chaleur et le\u2026","_links":{"self":[{"href":"https:\/\/www.ekoenergy.org\/fr\/wp-json\/wp\/v2\/pages\/25301","targetHints":{"allow":["GET"]}}],"collection":[{"href":"https:\/\/www.ekoenergy.org\/fr\/wp-json\/wp\/v2\/pages"}],"about":[{"href":"https:\/\/www.ekoenergy.org\/fr\/wp-json\/wp\/v2\/types\/page"}],"author":[{"embeddable":true,"href":"https:\/\/www.ekoenergy.org\/fr\/wp-json\/wp\/v2\/users\/17"}],"replies":[{"embeddable":true,"href":"https:\/\/www.ekoenergy.org\/fr\/wp-json\/wp\/v2\/comments?post=25301"}],"version-history":[{"count":3,"href":"https:\/\/www.ekoenergy.org\/fr\/wp-json\/wp\/v2\/pages\/25301\/revisions"}],"predecessor-version":[{"id":140559,"href":"https:\/\/www.ekoenergy.org\/fr\/wp-json\/wp\/v2\/pages\/25301\/revisions\/140559"}],"up":[{"embeddable":true,"href":"https:\/\/www.ekoenergy.org\/fr\/wp-json\/wp\/v2\/pages\/2689"}],"wp:featuredmedia":[{"embeddable":true,"href":"https:\/\/www.ekoenergy.org\/fr\/wp-json\/wp\/v2\/media\/28343"}],"wp:attachment":[{"href":"https:\/\/www.ekoenergy.org\/fr\/wp-json\/wp\/v2\/media?parent=25301"}],"curies":[{"name":"wp","href":"https:\/\/api.w.org\/{rel}","templated":true}]}}