{"id":2889,"date":"2019-12-04T13:26:04","date_gmt":"2019-12-04T13:26:04","guid":{"rendered":"https:\/\/www.ekoenergy.org\/about-us\/our-vision-and-mission\/"},"modified":"2023-02-01T14:27:19","modified_gmt":"2023-02-01T12:27:19","slug":"our-vision-and-mission","status":"publish","type":"page","link":"https:\/\/www.ekoenergy.org\/fr\/about-us\/our-vision-and-mission\/","title":{"rendered":"Vision &#038; Mission"},"content":{"rendered":"\n<h1 class=\"wp-block-heading\">Vision &amp; Mission<\/h1>\n\n\n\n<figure class=\"wp-block-image alignright size-full is-resized\"><img fetchpriority=\"high\" decoding=\"async\" src=\"https:\/\/www.ekoenergy.org\/wp-content\/uploads\/EKOenergy_logo_animals_plants.jpg\" alt=\"\" class=\"wp-image-6894\" width=\"363\" height=\"295\"\/><\/figure>\n\n\n\n<p>Le monde doit prendre conscience de la crise climatique comme d\u2019une v\u00e9ritable crise. Nous devons agir MAINTENANT afin de r\u00e9duire drastiquement nos \u00e9missions de gaz \u00e0 effet de serre et ainsi limiter le r\u00e9chauffement climatique \u00e0 une augmentation maximale de 1,5\u00b0C par rapport aux niveaux pr\u00e9industriels.<\/p>\n\n\n\n<p>En effet, il s\u2019agit de la seule voie possible afin d\u2019esp\u00e9rer pr\u00e9server l\u2019ensemble des \u00e9cosyst\u00e8mes et des esp\u00e8ces qui font du monde un endroit si accueillant et \u00e9panouissant pour la vie. La lutte contre le changement climatique est essentielle pour contribuer \u00e0 l\u2019\u00e9radication de la pauvret\u00e9 et \u00e0 la cr\u00e9ation d\u2019un monde meilleur pour les g\u00e9n\u00e9rations futures.<\/p>\n\n\n\n<h2 class=\"wp-block-heading\">Notre vision<\/h2>\n\n\n\n<p>Un monde dans lequel l\u2019\u00e9nergie est produite et consomm\u00e9e de mani\u00e8re durable. Un monde dans lequel nous vivons en harmonie avec la nature et la biodiversit\u00e9, et o\u00f9 les <a href=\"https:\/\/www.un.org\/sustainabledevelopment\/fr\/\" target=\"_blank\" rel=\"noreferrer noopener\">Objectifs de d\u00e9veloppement durable<\/a> des Nations Unies ont \u00e9t\u00e9 atteints.<\/p>\n\n\n\n<h2 class=\"wp-block-heading\">Notre mission<\/h2>\n\n\n\n<p>Utiliser notre <a href=\"https:\/\/www.ekoenergy.org\/fr\/ecolabel\/\">\u00e9colabel<\/a> pour promouvoir les formes d\u2019\u00e9nergies les plus durables, et lever des fonds pour une meilleure protection du climat et de la biodiversit\u00e9.<\/p>\n\n\n\n<p>\u00ab Des actions plus que des discours \u00bb est notre philosophie. Nous pensons que la r\u00e9alisation de changements politiques majeurs passe d&rsquo;abord par des actions concr\u00e8tes dans nos propres vies.<\/p>\n\n\n\n<h2 class=\"wp-block-heading\">Nos objectifs <\/h2>\n\n\n\n<ul class=\"wp-block-list\">\n<li>Acc\u00e9l\u00e9rer la transition vers 100% d&rsquo;\u00e9nergies renouvelables.<\/li>\n\n\n\n<li>Accro\u00eetre la connaissance et les discours autour des \u00e9nergies renouvelables et de la biodiversit\u00e9 parmi le grand public, les dirigeants, et les grandes corporations consommatrices d&rsquo;\u00e9nergie en particulier.<\/li>\n\n\n\n<li>D\u00e9velopper et promouvoir le <a href=\"https:\/\/www.ekoenergy.org\/fr\/ecolabel\/\">label EKO\u00e9nergie<\/a> pour encourager la production d\u2019\u00e9nergie durable, et aider les consommateurs \u00e0 trouver cette \u00e9nergie.<\/li>\n\n\n\n<li>Prot\u00e9ger les \u00e9cosyst\u00e8mes locaux et restaurer les cours d&rsquo;eau en tant qu&rsquo;habitat naturel gr\u00e2ce \u00e0 notre <a href=\"https:\/\/www.ekoenergy.org\/fr\/our-results\/environmental-fund\/\">Fonds pour l\u2019Environnement<\/a>.<\/li>\n\n\n\n<li>Fournir un acc\u00e8s aux \u00e9nergies renouvelables et r\u00e9duire la pr\u00e9carit\u00e9 \u00e9nerg\u00e9tique dans les pays en d\u00e9veloppement gr\u00e2ce \u00e0 notre <a href=\"https:\/\/www.ekoenergy.org\/fr\/our-results\/climate-fund\/\">Fonds pour le Climat<\/a>.<\/li>\n\n\n\n<li>D\u00e9velopper des partenariats et coop\u00e9rer avec d\u2019autres ONG environnementales afin que nos efforts se compl\u00e8tent mutuellement.<\/li>\n\n\n\n<li>Aider \u00e0 r\u00e9aliser les Objectifs de d\u00e9veloppement durable.<\/li>\n<\/ul>\n","protected":false},"excerpt":{"rendered":"<p>Vision &amp; Mission Le monde doit prendre conscience de la crise climatique comme d\u2019une v\u00e9ritable crise. Nous devons agir MAINTENANT afin de r\u00e9duire drastiquement nos \u00e9missions de gaz \u00e0 effet de serre et ainsi limiter le r\u00e9chauffement climatique \u00e0 une augmentation maximale de 1,5\u00b0C par rapport aux niveaux pr\u00e9industriels. En effet, il s\u2019agit de la [&hellip;]<\/p>\n","protected":false},"author":17,"featured_media":28077,"parent":2526,"menu_order":1,"comment_status":"closed","ping_status":"closed","template":"","meta":{"inline_featured_image":false,"_uag_custom_page_level_css":"","site-sidebar-layout":"default","site-content-layout":"default","ast-site-content-layout":"default","site-content-style":"default","site-sidebar-style":"default","ast-global-header-display":"","ast-banner-title-visibility":"","ast-main-header-display":"","ast-hfb-above-header-display":"","ast-hfb-below-header-display":"","ast-hfb-mobile-header-display":"","site-post-title":"disabled","ast-breadcrumbs-content":"","ast-featured-img":"","footer-sml-layout":"","ast-disable-related-posts":"","theme-transparent-header-meta":"default","adv-header-id-meta":"","stick-header-meta":"default","header-above-stick-meta":"","header-main-stick-meta":"","header-below-stick-meta":"","astra-migrate-meta-layouts":"default","ast-page-background-enabled":"default","ast-page-background-meta":{"desktop":{"background-color":"","background-image":"","background-repeat":"repeat","background-position":"center center","background-size":"auto","background-attachment":"scroll","background-type":"","background-media":"","overlay-type":"","overlay-color":"","overlay-opacity":"","overlay-gradient":""},"tablet":{"background-color":"","background-image":"","background-repeat":"repeat","background-position":"center center","background-size":"auto","background-attachment":"scroll","background-type":"","background-media":"","overlay-type":"","overlay-color":"","overlay-opacity":"","overlay-gradient":""},"mobile":{"background-color":"","background-image":"","background-repeat":"repeat","background-position":"center center","background-size":"auto","background-attachment":"scroll","background-type":"","background-media":"","overlay-type":"","overlay-color":"","overlay-opacity":"","overlay-gradient":""}},"ast-content-background-meta":{"desktop":{"background-color":"var(--ast-global-color-5)","background-image":"","background-repeat":"repeat","background-position":"center center","background-size":"auto","background-attachment":"scroll","background-type":"","background-media":"","overlay-type":"","overlay-color":"","overlay-opacity":"","overlay-gradient":""},"tablet":{"background-color":"var(--ast-global-color-5)","background-image":"","background-repeat":"repeat","background-position":"center center","background-size":"auto","background-attachment":"scroll","background-type":"","background-media":"","overlay-type":"","overlay-color":"","overlay-opacity":"","overlay-gradient":""},"mobile":{"background-color":"var(--ast-global-color-5)","background-image":"","background-repeat":"repeat","background-position":"center center","background-size":"auto","background-attachment":"scroll","background-type":"","background-media":"","overlay-type":"","overlay-color":"","overlay-opacity":"","overlay-gradient":""}},"footnotes":""},"class_list":["post-2889","page","type-page","status-publish","has-post-thumbnail","hentry"],"yoast_head":"<!-- This site is optimized with the Yoast SEO plugin v27.5 - https:\/\/yoast.com\/product\/yoast-seo-wordpress\/ -->\n<title>Vision &amp; Mission - EKOenergy ecolabel<\/title>\n<meta name=\"description\" content=\"Le label EKO\u00e9nergie est un outil de promotion des \u00e9nergies renouvelables et de la solidarit\u00e9 internationale en mati\u00e8re de lutte pour l&#039;acc\u00e8s \u00e0 l&#039;\u00e9nergie via son fonds pour la protection du climat.\" \/>\n<meta name=\"robots\" content=\"index, follow, max-snippet:-1, max-image-preview:large, max-video-preview:-1\" \/>\n<link rel=\"canonical\" href=\"https:\/\/www.ekoenergy.org\/fr\/about-us\/our-vision-and-mission\/\" \/>\n<meta property=\"og:locale\" content=\"fr_FR\" \/>\n<meta property=\"og:type\" content=\"article\" \/>\n<meta property=\"og:title\" content=\"Vision &amp; Mission - EKOenergy ecolabel\" \/>\n<meta property=\"og:description\" content=\"Le label EKO\u00e9nergie est un outil de promotion des \u00e9nergies renouvelables et de la solidarit\u00e9 internationale en mati\u00e8re de lutte pour l&#039;acc\u00e8s \u00e0 l&#039;\u00e9nergie via son fonds pour la protection du climat.\" \/>\n<meta property=\"og:url\" content=\"https:\/\/www.ekoenergy.org\/fr\/about-us\/our-vision-and-mission\/\" \/>\n<meta property=\"og:site_name\" content=\"EKOenergy ecolabel\" \/>\n<meta property=\"article:publisher\" content=\"https:\/\/www.facebook.com\/EKOenergy.ecolabel\/\" \/>\n<meta property=\"article:modified_time\" content=\"2023-02-01T12:27:19+00:00\" \/>\n<meta property=\"og:image\" content=\"https:\/\/www.ekoenergy.org\/wp-content\/uploads\/Featured-EKOenergy-at-Climate-March-1.jpg\" \/>\n\t<meta property=\"og:image:width\" content=\"866\" \/>\n\t<meta property=\"og:image:height\" content=\"650\" \/>\n\t<meta property=\"og:image:type\" content=\"image\/jpeg\" \/>\n<meta name=\"twitter:card\" content=\"summary_large_image\" \/>\n<meta name=\"twitter:site\" content=\"@EKOenergy_\" \/>\n<meta name=\"twitter:label1\" content=\"Dur\u00e9e de lecture estim\u00e9e\" \/>\n\t<meta name=\"twitter:data1\" content=\"2 minutes\" \/>\n<script type=\"application\/ld+json\" class=\"yoast-schema-graph\">{\"@context\":\"https:\\\/\\\/schema.org\",\"@graph\":[{\"@type\":\"WebPage\",\"@id\":\"https:\\\/\\\/www.ekoenergy.org\\\/fr\\\/about-us\\\/our-vision-and-mission\\\/\",\"url\":\"https:\\\/\\\/www.ekoenergy.org\\\/fr\\\/about-us\\\/our-vision-and-mission\\\/\",\"name\":\"Vision & Mission - EKOenergy ecolabel\",\"isPartOf\":{\"@id\":\"https:\\\/\\\/www.ekoenergy.org\\\/fr\\\/#website\"},\"primaryImageOfPage\":{\"@id\":\"https:\\\/\\\/www.ekoenergy.org\\\/fr\\\/about-us\\\/our-vision-and-mission\\\/#primaryimage\"},\"image\":{\"@id\":\"https:\\\/\\\/www.ekoenergy.org\\\/fr\\\/about-us\\\/our-vision-and-mission\\\/#primaryimage\"},\"thumbnailUrl\":\"https:\\\/\\\/www.ekoenergy.org\\\/wp-content\\\/uploads\\\/Featured-EKOenergy-at-Climate-March-1.jpg\",\"datePublished\":\"2019-12-04T13:26:04+00:00\",\"dateModified\":\"2023-02-01T12:27:19+00:00\",\"description\":\"Le label EKO\u00e9nergie est un outil de promotion des \u00e9nergies renouvelables et de la solidarit\u00e9 internationale en mati\u00e8re de lutte pour l'acc\u00e8s \u00e0 l'\u00e9nergie via son fonds pour la protection du climat.\",\"breadcrumb\":{\"@id\":\"https:\\\/\\\/www.ekoenergy.org\\\/fr\\\/about-us\\\/our-vision-and-mission\\\/#breadcrumb\"},\"inLanguage\":\"fr-FR\",\"potentialAction\":[{\"@type\":\"ReadAction\",\"target\":[\"https:\\\/\\\/www.ekoenergy.org\\\/fr\\\/about-us\\\/our-vision-and-mission\\\/\"]}]},{\"@type\":\"ImageObject\",\"inLanguage\":\"fr-FR\",\"@id\":\"https:\\\/\\\/www.ekoenergy.org\\\/fr\\\/about-us\\\/our-vision-and-mission\\\/#primaryimage\",\"url\":\"https:\\\/\\\/www.ekoenergy.org\\\/wp-content\\\/uploads\\\/Featured-EKOenergy-at-Climate-March-1.jpg\",\"contentUrl\":\"https:\\\/\\\/www.ekoenergy.org\\\/wp-content\\\/uploads\\\/Featured-EKOenergy-at-Climate-March-1.jpg\",\"width\":866,\"height\":650},{\"@type\":\"BreadcrumbList\",\"@id\":\"https:\\\/\\\/www.ekoenergy.org\\\/fr\\\/about-us\\\/our-vision-and-mission\\\/#breadcrumb\",\"itemListElement\":[{\"@type\":\"ListItem\",\"position\":1,\"name\":\"Home\",\"item\":\"https:\\\/\\\/www.ekoenergy.org\\\/fr\\\/\"},{\"@type\":\"ListItem\",\"position\":2,\"name\":\"Qui sommes nous?\",\"item\":\"https:\\\/\\\/www.ekoenergy.org\\\/fr\\\/about-us\\\/\"},{\"@type\":\"ListItem\",\"position\":3,\"name\":\"Vision &#038; Mission\"}]},{\"@type\":\"WebSite\",\"@id\":\"https:\\\/\\\/www.ekoenergy.org\\\/fr\\\/#website\",\"url\":\"https:\\\/\\\/www.ekoenergy.org\\\/fr\\\/\",\"name\":\"EKOenergy ecolabel\",\"description\":\"The global nonprofit ecolabel for renewable energy\",\"publisher\":{\"@id\":\"https:\\\/\\\/www.ekoenergy.org\\\/fr\\\/#organization\"},\"potentialAction\":[{\"@type\":\"SearchAction\",\"target\":{\"@type\":\"EntryPoint\",\"urlTemplate\":\"https:\\\/\\\/www.ekoenergy.org\\\/fr\\\/?s={search_term_string}\"},\"query-input\":{\"@type\":\"PropertyValueSpecification\",\"valueRequired\":true,\"valueName\":\"search_term_string\"}}],\"inLanguage\":\"fr-FR\"},{\"@type\":\"Organization\",\"@id\":\"https:\\\/\\\/www.ekoenergy.org\\\/fr\\\/#organization\",\"name\":\"Not-for-profit Organisation EKOenergy\",\"url\":\"https:\\\/\\\/www.ekoenergy.org\\\/fr\\\/\",\"logo\":{\"@type\":\"ImageObject\",\"inLanguage\":\"fr-FR\",\"@id\":\"https:\\\/\\\/www.ekoenergy.org\\\/fr\\\/#\\\/schema\\\/logo\\\/image\\\/\",\"url\":\"https:\\\/\\\/www.ekoenergy.org\\\/wp-content\\\/uploads\\\/logo-EKOenergy-no-text.jpg\",\"contentUrl\":\"https:\\\/\\\/www.ekoenergy.org\\\/wp-content\\\/uploads\\\/logo-EKOenergy-no-text.jpg\",\"width\":1600,\"height\":1600,\"caption\":\"Not-for-profit Organisation EKOenergy\"},\"image\":{\"@id\":\"https:\\\/\\\/www.ekoenergy.org\\\/fr\\\/#\\\/schema\\\/logo\\\/image\\\/\"},\"sameAs\":[\"https:\\\/\\\/www.facebook.com\\\/EKOenergy.ecolabel\\\/\",\"https:\\\/\\\/x.com\\\/EKOenergy_\",\"https:\\\/\\\/www.instagram.com\\\/ekoenergy\\\/\",\"https:\\\/\\\/www.linkedin.com\\\/company\\\/ekoenergy-ecolabel\\\/\",\"https:\\\/\\\/www.youtube.com\\\/EKOenergy-ecolabel\",\"https:\\\/\\\/en.wikipedia.org\\\/wiki\\\/EKOenergy\"]}]}<\/script>\n<!-- \/ Yoast SEO plugin. -->","yoast_head_json":{"title":"Vision & Mission - EKOenergy ecolabel","description":"Le label EKO\u00e9nergie est un outil de promotion des \u00e9nergies renouvelables et de la solidarit\u00e9 internationale en mati\u00e8re de lutte pour l'acc\u00e8s \u00e0 l'\u00e9nergie via son fonds pour la protection du climat.","robots":{"index":"index","follow":"follow","max-snippet":"max-snippet:-1","max-image-preview":"max-image-preview:large","max-video-preview":"max-video-preview:-1"},"canonical":"https:\/\/www.ekoenergy.org\/fr\/about-us\/our-vision-and-mission\/","og_locale":"fr_FR","og_type":"article","og_title":"Vision & Mission - EKOenergy ecolabel","og_description":"Le label EKO\u00e9nergie est un outil de promotion des \u00e9nergies renouvelables et de la solidarit\u00e9 internationale en mati\u00e8re de lutte pour l'acc\u00e8s \u00e0 l'\u00e9nergie via son fonds pour la protection du climat.","og_url":"https:\/\/www.ekoenergy.org\/fr\/about-us\/our-vision-and-mission\/","og_site_name":"EKOenergy ecolabel","article_publisher":"https:\/\/www.facebook.com\/EKOenergy.ecolabel\/","article_modified_time":"2023-02-01T12:27:19+00:00","og_image":[{"width":866,"height":650,"url":"https:\/\/www.ekoenergy.org\/wp-content\/uploads\/Featured-EKOenergy-at-Climate-March-1.jpg","type":"image\/jpeg"}],"twitter_card":"summary_large_image","twitter_site":"@EKOenergy_","twitter_misc":{"Dur\u00e9e de lecture estim\u00e9e":"2 minutes"},"schema":{"@context":"https:\/\/schema.org","@graph":[{"@type":"WebPage","@id":"https:\/\/www.ekoenergy.org\/fr\/about-us\/our-vision-and-mission\/","url":"https:\/\/www.ekoenergy.org\/fr\/about-us\/our-vision-and-mission\/","name":"Vision & Mission - EKOenergy ecolabel","isPartOf":{"@id":"https:\/\/www.ekoenergy.org\/fr\/#website"},"primaryImageOfPage":{"@id":"https:\/\/www.ekoenergy.org\/fr\/about-us\/our-vision-and-mission\/#primaryimage"},"image":{"@id":"https:\/\/www.ekoenergy.org\/fr\/about-us\/our-vision-and-mission\/#primaryimage"},"thumbnailUrl":"https:\/\/www.ekoenergy.org\/wp-content\/uploads\/Featured-EKOenergy-at-Climate-March-1.jpg","datePublished":"2019-12-04T13:26:04+00:00","dateModified":"2023-02-01T12:27:19+00:00","description":"Le label EKO\u00e9nergie est un outil de promotion des \u00e9nergies renouvelables et de la solidarit\u00e9 internationale en mati\u00e8re de lutte pour l'acc\u00e8s \u00e0 l'\u00e9nergie via son fonds pour la protection du climat.","breadcrumb":{"@id":"https:\/\/www.ekoenergy.org\/fr\/about-us\/our-vision-and-mission\/#breadcrumb"},"inLanguage":"fr-FR","potentialAction":[{"@type":"ReadAction","target":["https:\/\/www.ekoenergy.org\/fr\/about-us\/our-vision-and-mission\/"]}]},{"@type":"ImageObject","inLanguage":"fr-FR","@id":"https:\/\/www.ekoenergy.org\/fr\/about-us\/our-vision-and-mission\/#primaryimage","url":"https:\/\/www.ekoenergy.org\/wp-content\/uploads\/Featured-EKOenergy-at-Climate-March-1.jpg","contentUrl":"https:\/\/www.ekoenergy.org\/wp-content\/uploads\/Featured-EKOenergy-at-Climate-March-1.jpg","width":866,"height":650},{"@type":"BreadcrumbList","@id":"https:\/\/www.ekoenergy.org\/fr\/about-us\/our-vision-and-mission\/#breadcrumb","itemListElement":[{"@type":"ListItem","position":1,"name":"Home","item":"https:\/\/www.ekoenergy.org\/fr\/"},{"@type":"ListItem","position":2,"name":"Qui sommes nous?","item":"https:\/\/www.ekoenergy.org\/fr\/about-us\/"},{"@type":"ListItem","position":3,"name":"Vision &#038; Mission"}]},{"@type":"WebSite","@id":"https:\/\/www.ekoenergy.org\/fr\/#website","url":"https:\/\/www.ekoenergy.org\/fr\/","name":"EKOenergy ecolabel","description":"The global nonprofit ecolabel for renewable energy","publisher":{"@id":"https:\/\/www.ekoenergy.org\/fr\/#organization"},"potentialAction":[{"@type":"SearchAction","target":{"@type":"EntryPoint","urlTemplate":"https:\/\/www.ekoenergy.org\/fr\/?s={search_term_string}"},"query-input":{"@type":"PropertyValueSpecification","valueRequired":true,"valueName":"search_term_string"}}],"inLanguage":"fr-FR"},{"@type":"Organization","@id":"https:\/\/www.ekoenergy.org\/fr\/#organization","name":"Not-for-profit Organisation EKOenergy","url":"https:\/\/www.ekoenergy.org\/fr\/","logo":{"@type":"ImageObject","inLanguage":"fr-FR","@id":"https:\/\/www.ekoenergy.org\/fr\/#\/schema\/logo\/image\/","url":"https:\/\/www.ekoenergy.org\/wp-content\/uploads\/logo-EKOenergy-no-text.jpg","contentUrl":"https:\/\/www.ekoenergy.org\/wp-content\/uploads\/logo-EKOenergy-no-text.jpg","width":1600,"height":1600,"caption":"Not-for-profit Organisation EKOenergy"},"image":{"@id":"https:\/\/www.ekoenergy.org\/fr\/#\/schema\/logo\/image\/"},"sameAs":["https:\/\/www.facebook.com\/EKOenergy.ecolabel\/","https:\/\/x.com\/EKOenergy_","https:\/\/www.instagram.com\/ekoenergy\/","https:\/\/www.linkedin.com\/company\/ekoenergy-ecolabel\/","https:\/\/www.youtube.com\/EKOenergy-ecolabel","https:\/\/en.wikipedia.org\/wiki\/EKOenergy"]}]}},"uagb_featured_image_src":{"full":["https:\/\/www.ekoenergy.org\/wp-content\/uploads\/Featured-EKOenergy-at-Climate-March-1.jpg",866,650,false],"thumbnail":["https:\/\/www.ekoenergy.org\/wp-content\/uploads\/Featured-EKOenergy-at-Climate-March-1-150x150.jpg",150,150,true],"medium":["https:\/\/www.ekoenergy.org\/wp-content\/uploads\/Featured-EKOenergy-at-Climate-March-1-320x240.jpg",320,240,true],"medium_large":["https:\/\/www.ekoenergy.org\/wp-content\/uploads\/Featured-EKOenergy-at-Climate-March-1-768x576.jpg",768,576,true],"large":["https:\/\/www.ekoenergy.org\/wp-content\/uploads\/Featured-EKOenergy-at-Climate-March-1.jpg",866,650,false],"1536x1536":["https:\/\/www.ekoenergy.org\/wp-content\/uploads\/Featured-EKOenergy-at-Climate-March-1.jpg",866,650,false],"2048x2048":["https:\/\/www.ekoenergy.org\/wp-content\/uploads\/Featured-EKOenergy-at-Climate-March-1.jpg",866,650,false]},"uagb_author_info":{"display_name":"EKOenergy ecolabel","author_link":"https:\/\/www.ekoenergy.org\/fr\/author\/ekoenergy\/"},"uagb_comment_info":0,"uagb_excerpt":"Vision &amp; Mission Le monde doit prendre conscience de la crise climatique comme d\u2019une v\u00e9ritable crise. Nous devons agir MAINTENANT afin de r\u00e9duire drastiquement nos \u00e9missions de gaz \u00e0 effet de serre et ainsi limiter le r\u00e9chauffement climatique \u00e0 une augmentation maximale de 1,5\u00b0C par rapport aux niveaux pr\u00e9industriels. En effet, il s\u2019agit de la\u2026","_links":{"self":[{"href":"https:\/\/www.ekoenergy.org\/fr\/wp-json\/wp\/v2\/pages\/2889","targetHints":{"allow":["GET"]}}],"collection":[{"href":"https:\/\/www.ekoenergy.org\/fr\/wp-json\/wp\/v2\/pages"}],"about":[{"href":"https:\/\/www.ekoenergy.org\/fr\/wp-json\/wp\/v2\/types\/page"}],"author":[{"embeddable":true,"href":"https:\/\/www.ekoenergy.org\/fr\/wp-json\/wp\/v2\/users\/17"}],"replies":[{"embeddable":true,"href":"https:\/\/www.ekoenergy.org\/fr\/wp-json\/wp\/v2\/comments?post=2889"}],"version-history":[{"count":3,"href":"https:\/\/www.ekoenergy.org\/fr\/wp-json\/wp\/v2\/pages\/2889\/revisions"}],"predecessor-version":[{"id":139800,"href":"https:\/\/www.ekoenergy.org\/fr\/wp-json\/wp\/v2\/pages\/2889\/revisions\/139800"}],"up":[{"embeddable":true,"href":"https:\/\/www.ekoenergy.org\/fr\/wp-json\/wp\/v2\/pages\/2526"}],"wp:featuredmedia":[{"embeddable":true,"href":"https:\/\/www.ekoenergy.org\/fr\/wp-json\/wp\/v2\/media\/28077"}],"wp:attachment":[{"href":"https:\/\/www.ekoenergy.org\/fr\/wp-json\/wp\/v2\/media?parent=2889"}],"curies":[{"name":"wp","href":"https:\/\/api.w.org\/{rel}","templated":true}]}}