{"id":3625,"date":"2019-12-04T13:53:51","date_gmt":"2019-12-04T13:53:51","guid":{"rendered":"https:\/\/www.ekoenergy.org\/our-results\/freshabit\/"},"modified":"2021-09-27T16:26:06","modified_gmt":"2021-09-27T13:26:06","slug":"freshabit","status":"publish","type":"page","link":"https:\/\/www.ekoenergy.org\/fr\/our-results\/freshabit\/","title":{"rendered":"FRESHABIT LIFE pour une hydro\u00e9lectricit\u00e9 plus durable"},"content":{"rendered":"\n<h1 class=\"wp-block-heading\">Le projet FRESHABIT LIFE am\u00e9liore l\u2019\u00e9tat des habitats d\u2019eau douce en Finlande<\/h1>\n\n\n\n<div class=\"wp-block-image\"><figure class=\"alignright size-large is-resized\"><img decoding=\"async\" src=\"https:\/\/www.ekoenergy.org\/wp-content\/uploads\/FRESHABIT-logo.png\" alt=\"FRESHABIT logo\" class=\"wp-image-13462\" width=\"202\" height=\"178\"\/><\/figure><\/div>\n\n\n\n<p>EKO\u00e9nergie et l\u2019Association Finlandaise pour la Conservation de la Nature (FANC) jouent un r\u00f4le majeur dans le projet LIFE financ\u00e9 par l\u2019Union Europ\u00e9enne pour les habitats d\u2019eau douce en 2016-2022. Mets\u00e4hallitus (le service des for\u00eats et des parcs en Finlande) coordonne ce projet de grande envergure qui couvre l\u2019ensemble de la Finlande. Les autorit\u00e9s nationales et locales ainsi que les organisations non-gouvernementales contribuent \u00e9galement au projet. L\u2019objectif du projet FRESHABIT LIFE est d\u2019am\u00e9liorer l\u2019\u00e9tat des lacs, des rivi\u00e8res et des ruisseaux par diverses m\u00e9thodes, qui vont des travaux de restauration des rivi\u00e8res \u00e0 l\u2019\u00e9ducation environnementale et \u00e0 la recherche.<\/p>\n\n\n\n<h2 class=\"wp-block-heading\"><strong>Quel est le r\u00f4le d\u2019EKO\u00e9nergie dans le projet ?<\/strong><\/h2>\n\n\n\n<h3 class=\"wp-block-heading\">Communiquer sur l&rsquo;impact de l&rsquo;hydro\u00e9lectricit\u00e9<\/h3>\n\n\n\n<p>Au cours du projet, nous diffusons des informations sur les impacts de l\u2019hydro\u00e9lectricit\u00e9 sur la nature et sur les possibilit\u00e9s d\u2019en att\u00e9nuer les impacts.<\/p>\n\n\n\n<ul class=\"wp-block-list\"><li>Nous avons organis\u00e9 un s\u00e9minaire sur les passes \u00e0 poissons. Les documents sont disponibles sur le site <a rel=\"noreferrer noopener\" href=\"https:\/\/www.sll.fi\/mita-me-teemme\/vedet\/freshabit-life-vesistohanke\/tapahtumat-kalatieseminaari\" target=\"_blank\">sll.fi\/kalatieseminaari<\/a>.<\/li><li>Nous avons cr\u00e9\u00e9 un site web pour comprendre les impacts de l\u2019hydro\u00e9lectricit\u00e9 sur la nature et sur les moyens de les att\u00e9nuer. Une partie du site est en finnois, mais certaines pages sont \u00e9galement disponibles en anglais. \u00c0 d\u00e9couvrir sur\u00a0<a aria-label=\"www.vesivoimanluonto.org (opens in a new tab)\" rel=\"noreferrer noopener\" href=\"https:\/\/www.vesivoimanluonto.org\" target=\"_blank\">www.vesivoimanluonto.org<\/a><\/li><li>Nous rencontrons chaque ann\u00e9e un certain nombre de grands consommateurs d\u2019\u00e9nergie et les encourageons \u00e0 prendre en compte l\u2019impact de leur consommation d\u2019\u00e9nergie sur la nature.<\/li><li>Nous avons mis en place une campagne sur l\u2019hydro\u00e9lectricit\u00e9 en 2018.<\/li><\/ul>\n\n\n\n<h3 class=\"wp-block-heading\">Mise \u00e0 jour des crit\u00e8res EKO\u00e9nergie pour l&rsquo;hydro\u00e9lectricit\u00e9 <\/h3>\n\n\n\n<p>Dans le cadre du projet FRESHABIT LIFE, nous avons actualis\u00e9 les crit\u00e8res d&rsquo;EKO\u00e9nergie en mati\u00e8re d&rsquo;\u00e9nergie hydraulique. Pour consulter ces nouveaux crit\u00e8res, voir le chapitre 8.3.C de nos <a href=\"https:\/\/www.ekoenergy.org\/fr\/ecolabel\/criteria\/electricity\/\">crit\u00e8res<\/a> pour l&rsquo;\u00e9lectricit\u00e9 labellis\u00e9e EKO\u00e9nergie.<\/p>\n\n\n\n<h2 class=\"wp-block-heading\">Qu&rsquo;est-ce que LIFE?<\/h2>\n\n\n\n<div class=\"wp-block-image\"><figure class=\"alignleft size-large is-resized\"><img decoding=\"async\" src=\"https:\/\/www.ekoenergy.org\/wp-content\/uploads\/Logo_Life_Natura2000.jpg\" alt=\"Logo_Life_Natura2000\" class=\"wp-image-13310\" width=\"127\" height=\"203\"\/><\/figure><\/div>\n\n\n\n<p><\/p>\n\n\n\n<p>Le programme LIFE est l\u2019instrument de financement de l\u2019Union Europ\u00e9enne pour soutenir des projets li\u00e9s \u00e0 l&rsquo;environnement et au changement climatique. Le volet \u00ab\u00a0Nature et biodiversit\u00e9\u00a0\u00bb de LIFE cofinance des projets de bonnes pratiques dans le domaine de protection de la nature. Il se focalise sur la mise en \u0153uvre des directives europ\u00e9ennes \u00ab\u00a0Oiseaux\u00a0\u00bb et \u00ab\u00a0Habitats\u00a0\u00bb ainsi que sur la gestion du r\u00e9seau Natura 2000. Natura 2000 est le r\u00e9seau europ\u00e9en des zones naturelles importantes.<\/p>\n\n\n\n<p>Freshabit Life est le plus grand projet LIFE jamais r\u00e9alis\u00e9 en Finlande.<\/p>\n","protected":false},"excerpt":{"rendered":"<p>Le projet FRESHABIT LIFE am\u00e9liore l\u2019\u00e9tat des habitats d\u2019eau douce en Finlande EKO\u00e9nergie et l\u2019Association Finlandaise pour la Conservation de la Nature (FANC) jouent un r\u00f4le majeur dans le projet LIFE financ\u00e9 par l\u2019Union Europ\u00e9enne pour les habitats d\u2019eau douce en 2016-2022. Mets\u00e4hallitus (le service des for\u00eats et des parcs en Finlande) coordonne ce projet [&hellip;]<\/p>\n","protected":false},"author":17,"featured_media":38306,"parent":2810,"menu_order":4,"comment_status":"closed","ping_status":"closed","template":"","meta":{"inline_featured_image":false,"_uag_custom_page_level_css":"","site-sidebar-layout":"default","site-content-layout":"default","ast-site-content-layout":"default","site-content-style":"default","site-sidebar-style":"default","ast-global-header-display":"","ast-banner-title-visibility":"","ast-main-header-display":"","ast-hfb-above-header-display":"","ast-hfb-below-header-display":"","ast-hfb-mobile-header-display":"","site-post-title":"disabled","ast-breadcrumbs-content":"","ast-featured-img":"","footer-sml-layout":"","ast-disable-related-posts":"","theme-transparent-header-meta":"default","adv-header-id-meta":"","stick-header-meta":"default","header-above-stick-meta":"","header-main-stick-meta":"","header-below-stick-meta":"","astra-migrate-meta-layouts":"default","ast-page-background-enabled":"default","ast-page-background-meta":{"desktop":{"background-color":"","background-image":"","background-repeat":"repeat","background-position":"center center","background-size":"auto","background-attachment":"scroll","background-type":"","background-media":"","overlay-type":"","overlay-color":"","overlay-opacity":"","overlay-gradient":""},"tablet":{"background-color":"","background-image":"","background-repeat":"repeat","background-position":"center center","background-size":"auto","background-attachment":"scroll","background-type":"","background-media":"","overlay-type":"","overlay-color":"","overlay-opacity":"","overlay-gradient":""},"mobile":{"background-color":"","background-image":"","background-repeat":"repeat","background-position":"center center","background-size":"auto","background-attachment":"scroll","background-type":"","background-media":"","overlay-type":"","overlay-color":"","overlay-opacity":"","overlay-gradient":""}},"ast-content-background-meta":{"desktop":{"background-color":"var(--ast-global-color-5)","background-image":"","background-repeat":"repeat","background-position":"center center","background-size":"auto","background-attachment":"scroll","background-type":"","background-media":"","overlay-type":"","overlay-color":"","overlay-opacity":"","overlay-gradient":""},"tablet":{"background-color":"var(--ast-global-color-5)","background-image":"","background-repeat":"repeat","background-position":"center center","background-size":"auto","background-attachment":"scroll","background-type":"","background-media":"","overlay-type":"","overlay-color":"","overlay-opacity":"","overlay-gradient":""},"mobile":{"background-color":"var(--ast-global-color-5)","background-image":"","background-repeat":"repeat","background-position":"center center","background-size":"auto","background-attachment":"scroll","background-type":"","background-media":"","overlay-type":"","overlay-color":"","overlay-opacity":"","overlay-gradient":""}},"footnotes":""},"class_list":["post-3625","page","type-page","status-publish","has-post-thumbnail","hentry"],"yoast_head":"<!-- This site is optimized with the Yoast SEO plugin v27.5 - https:\/\/yoast.com\/product\/yoast-seo-wordpress\/ -->\n<title>FRESHABIT LIFE pour une hydro\u00e9lectricit\u00e9 plus durable - EKOenergy ecolabel<\/title>\n<meta name=\"description\" content=\"EKOenergy et l&#039;Association Finlandaise pour la Conservation de la Nature (FANC) participent au projet LIFE de l&#039;UE pour les habitats d&#039;eau douce en 2016-2022. Gr\u00e2ce \u00e0 notre Fonds pour l&#039;Environnement, nous finan\u00e7ons des projets de restauration des rivi\u00e8res afin d&#039;att\u00e9nuer l&#039;impact de la production d&#039;\u00e9nergie hydro\u00e9lectrique sur la nature.\" \/>\n<meta name=\"robots\" content=\"index, follow, max-snippet:-1, max-image-preview:large, max-video-preview:-1\" \/>\n<link rel=\"canonical\" href=\"https:\/\/www.ekoenergy.org\/fr\/our-results\/freshabit\/\" \/>\n<meta property=\"og:locale\" content=\"fr_FR\" \/>\n<meta property=\"og:type\" content=\"article\" \/>\n<meta property=\"og:title\" content=\"FRESHABIT LIFE pour une hydro\u00e9lectricit\u00e9 plus durable - EKOenergy ecolabel\" \/>\n<meta property=\"og:description\" content=\"EKOenergy et l&#039;Association Finlandaise pour la Conservation de la Nature (FANC) participent au projet LIFE de l&#039;UE pour les habitats d&#039;eau douce en 2016-2022. Gr\u00e2ce \u00e0 notre Fonds pour l&#039;Environnement, nous finan\u00e7ons des projets de restauration des rivi\u00e8res afin d&#039;att\u00e9nuer l&#039;impact de la production d&#039;\u00e9nergie hydro\u00e9lectrique sur la nature.\" \/>\n<meta property=\"og:url\" content=\"https:\/\/www.ekoenergy.org\/fr\/our-results\/freshabit\/\" \/>\n<meta property=\"og:site_name\" content=\"EKOenergy ecolabel\" \/>\n<meta property=\"article:publisher\" content=\"https:\/\/www.facebook.com\/EKOenergy.ecolabel\/\" \/>\n<meta property=\"article:modified_time\" content=\"2021-09-27T13:26:06+00:00\" \/>\n<meta property=\"og:image\" content=\"https:\/\/www.ekoenergy.org\/wp-content\/uploads\/Featured-Hydropower-Freshabit.jpg\" \/>\n\t<meta property=\"og:image:width\" content=\"700\" \/>\n\t<meta property=\"og:image:height\" content=\"507\" \/>\n\t<meta property=\"og:image:type\" content=\"image\/jpeg\" \/>\n<meta name=\"twitter:card\" content=\"summary_large_image\" \/>\n<meta name=\"twitter:site\" content=\"@EKOenergy_\" \/>\n<meta name=\"twitter:label1\" content=\"Dur\u00e9e de lecture estim\u00e9e\" \/>\n\t<meta name=\"twitter:data1\" content=\"3 minutes\" \/>\n<script type=\"application\/ld+json\" class=\"yoast-schema-graph\">{\"@context\":\"https:\\\/\\\/schema.org\",\"@graph\":[{\"@type\":\"WebPage\",\"@id\":\"https:\\\/\\\/www.ekoenergy.org\\\/fr\\\/our-results\\\/freshabit\\\/\",\"url\":\"https:\\\/\\\/www.ekoenergy.org\\\/fr\\\/our-results\\\/freshabit\\\/\",\"name\":\"FRESHABIT LIFE pour une hydro\u00e9lectricit\u00e9 plus durable - EKOenergy ecolabel\",\"isPartOf\":{\"@id\":\"https:\\\/\\\/www.ekoenergy.org\\\/fr\\\/#website\"},\"primaryImageOfPage\":{\"@id\":\"https:\\\/\\\/www.ekoenergy.org\\\/fr\\\/our-results\\\/freshabit\\\/#primaryimage\"},\"image\":{\"@id\":\"https:\\\/\\\/www.ekoenergy.org\\\/fr\\\/our-results\\\/freshabit\\\/#primaryimage\"},\"thumbnailUrl\":\"https:\\\/\\\/www.ekoenergy.org\\\/wp-content\\\/uploads\\\/post-River-restoration-ekoenergy-team-2019.jpg\",\"datePublished\":\"2019-12-04T13:53:51+00:00\",\"dateModified\":\"2021-09-27T13:26:06+00:00\",\"description\":\"EKOenergy et l'Association Finlandaise pour la Conservation de la Nature (FANC) participent au projet LIFE de l'UE pour les habitats d'eau douce en 2016-2022. Gr\u00e2ce \u00e0 notre Fonds pour l'Environnement, nous finan\u00e7ons des projets de restauration des rivi\u00e8res afin d'att\u00e9nuer l'impact de la production d'\u00e9nergie hydro\u00e9lectrique sur la nature.\",\"breadcrumb\":{\"@id\":\"https:\\\/\\\/www.ekoenergy.org\\\/fr\\\/our-results\\\/freshabit\\\/#breadcrumb\"},\"inLanguage\":\"fr-FR\",\"potentialAction\":[{\"@type\":\"ReadAction\",\"target\":[\"https:\\\/\\\/www.ekoenergy.org\\\/fr\\\/our-results\\\/freshabit\\\/\"]}]},{\"@type\":\"ImageObject\",\"inLanguage\":\"fr-FR\",\"@id\":\"https:\\\/\\\/www.ekoenergy.org\\\/fr\\\/our-results\\\/freshabit\\\/#primaryimage\",\"url\":\"https:\\\/\\\/www.ekoenergy.org\\\/wp-content\\\/uploads\\\/post-River-restoration-ekoenergy-team-2019.jpg\",\"contentUrl\":\"https:\\\/\\\/www.ekoenergy.org\\\/wp-content\\\/uploads\\\/post-River-restoration-ekoenergy-team-2019.jpg\",\"width\":720,\"height\":540},{\"@type\":\"BreadcrumbList\",\"@id\":\"https:\\\/\\\/www.ekoenergy.org\\\/fr\\\/our-results\\\/freshabit\\\/#breadcrumb\",\"itemListElement\":[{\"@type\":\"ListItem\",\"position\":1,\"name\":\"Home\",\"item\":\"https:\\\/\\\/www.ekoenergy.org\\\/fr\\\/\"},{\"@type\":\"ListItem\",\"position\":2,\"name\":\"Nos r\u00e9sultats\",\"item\":\"https:\\\/\\\/www.ekoenergy.org\\\/fr\\\/our-results\\\/\"},{\"@type\":\"ListItem\",\"position\":3,\"name\":\"FRESHABIT LIFE pour une hydro\u00e9lectricit\u00e9 plus durable\"}]},{\"@type\":\"WebSite\",\"@id\":\"https:\\\/\\\/www.ekoenergy.org\\\/fr\\\/#website\",\"url\":\"https:\\\/\\\/www.ekoenergy.org\\\/fr\\\/\",\"name\":\"EKOenergy ecolabel\",\"description\":\"The global nonprofit ecolabel for renewable energy\",\"publisher\":{\"@id\":\"https:\\\/\\\/www.ekoenergy.org\\\/fr\\\/#organization\"},\"potentialAction\":[{\"@type\":\"SearchAction\",\"target\":{\"@type\":\"EntryPoint\",\"urlTemplate\":\"https:\\\/\\\/www.ekoenergy.org\\\/fr\\\/?s={search_term_string}\"},\"query-input\":{\"@type\":\"PropertyValueSpecification\",\"valueRequired\":true,\"valueName\":\"search_term_string\"}}],\"inLanguage\":\"fr-FR\"},{\"@type\":\"Organization\",\"@id\":\"https:\\\/\\\/www.ekoenergy.org\\\/fr\\\/#organization\",\"name\":\"Not-for-profit Organisation EKOenergy\",\"url\":\"https:\\\/\\\/www.ekoenergy.org\\\/fr\\\/\",\"logo\":{\"@type\":\"ImageObject\",\"inLanguage\":\"fr-FR\",\"@id\":\"https:\\\/\\\/www.ekoenergy.org\\\/fr\\\/#\\\/schema\\\/logo\\\/image\\\/\",\"url\":\"https:\\\/\\\/www.ekoenergy.org\\\/wp-content\\\/uploads\\\/logo-EKOenergy-no-text.jpg\",\"contentUrl\":\"https:\\\/\\\/www.ekoenergy.org\\\/wp-content\\\/uploads\\\/logo-EKOenergy-no-text.jpg\",\"width\":1600,\"height\":1600,\"caption\":\"Not-for-profit Organisation EKOenergy\"},\"image\":{\"@id\":\"https:\\\/\\\/www.ekoenergy.org\\\/fr\\\/#\\\/schema\\\/logo\\\/image\\\/\"},\"sameAs\":[\"https:\\\/\\\/www.facebook.com\\\/EKOenergy.ecolabel\\\/\",\"https:\\\/\\\/x.com\\\/EKOenergy_\",\"https:\\\/\\\/www.instagram.com\\\/ekoenergy\\\/\",\"https:\\\/\\\/www.linkedin.com\\\/company\\\/ekoenergy-ecolabel\\\/\",\"https:\\\/\\\/www.youtube.com\\\/EKOenergy-ecolabel\",\"https:\\\/\\\/en.wikipedia.org\\\/wiki\\\/EKOenergy\"]}]}<\/script>\n<!-- \/ Yoast SEO plugin. -->","yoast_head_json":{"title":"FRESHABIT LIFE pour une hydro\u00e9lectricit\u00e9 plus durable - EKOenergy ecolabel","description":"EKOenergy et l'Association Finlandaise pour la Conservation de la Nature (FANC) participent au projet LIFE de l'UE pour les habitats d'eau douce en 2016-2022. Gr\u00e2ce \u00e0 notre Fonds pour l'Environnement, nous finan\u00e7ons des projets de restauration des rivi\u00e8res afin d'att\u00e9nuer l'impact de la production d'\u00e9nergie hydro\u00e9lectrique sur la nature.","robots":{"index":"index","follow":"follow","max-snippet":"max-snippet:-1","max-image-preview":"max-image-preview:large","max-video-preview":"max-video-preview:-1"},"canonical":"https:\/\/www.ekoenergy.org\/fr\/our-results\/freshabit\/","og_locale":"fr_FR","og_type":"article","og_title":"FRESHABIT LIFE pour une hydro\u00e9lectricit\u00e9 plus durable - EKOenergy ecolabel","og_description":"EKOenergy et l'Association Finlandaise pour la Conservation de la Nature (FANC) participent au projet LIFE de l'UE pour les habitats d'eau douce en 2016-2022. Gr\u00e2ce \u00e0 notre Fonds pour l'Environnement, nous finan\u00e7ons des projets de restauration des rivi\u00e8res afin d'att\u00e9nuer l'impact de la production d'\u00e9nergie hydro\u00e9lectrique sur la nature.","og_url":"https:\/\/www.ekoenergy.org\/fr\/our-results\/freshabit\/","og_site_name":"EKOenergy ecolabel","article_publisher":"https:\/\/www.facebook.com\/EKOenergy.ecolabel\/","article_modified_time":"2021-09-27T13:26:06+00:00","og_image":[{"width":700,"height":507,"url":"https:\/\/www.ekoenergy.org\/wp-content\/uploads\/Featured-Hydropower-Freshabit.jpg","type":"image\/jpeg"}],"twitter_card":"summary_large_image","twitter_site":"@EKOenergy_","twitter_misc":{"Dur\u00e9e de lecture estim\u00e9e":"3 minutes"},"schema":{"@context":"https:\/\/schema.org","@graph":[{"@type":"WebPage","@id":"https:\/\/www.ekoenergy.org\/fr\/our-results\/freshabit\/","url":"https:\/\/www.ekoenergy.org\/fr\/our-results\/freshabit\/","name":"FRESHABIT LIFE pour une hydro\u00e9lectricit\u00e9 plus durable - EKOenergy ecolabel","isPartOf":{"@id":"https:\/\/www.ekoenergy.org\/fr\/#website"},"primaryImageOfPage":{"@id":"https:\/\/www.ekoenergy.org\/fr\/our-results\/freshabit\/#primaryimage"},"image":{"@id":"https:\/\/www.ekoenergy.org\/fr\/our-results\/freshabit\/#primaryimage"},"thumbnailUrl":"https:\/\/www.ekoenergy.org\/wp-content\/uploads\/post-River-restoration-ekoenergy-team-2019.jpg","datePublished":"2019-12-04T13:53:51+00:00","dateModified":"2021-09-27T13:26:06+00:00","description":"EKOenergy et l'Association Finlandaise pour la Conservation de la Nature (FANC) participent au projet LIFE de l'UE pour les habitats d'eau douce en 2016-2022. Gr\u00e2ce \u00e0 notre Fonds pour l'Environnement, nous finan\u00e7ons des projets de restauration des rivi\u00e8res afin d'att\u00e9nuer l'impact de la production d'\u00e9nergie hydro\u00e9lectrique sur la nature.","breadcrumb":{"@id":"https:\/\/www.ekoenergy.org\/fr\/our-results\/freshabit\/#breadcrumb"},"inLanguage":"fr-FR","potentialAction":[{"@type":"ReadAction","target":["https:\/\/www.ekoenergy.org\/fr\/our-results\/freshabit\/"]}]},{"@type":"ImageObject","inLanguage":"fr-FR","@id":"https:\/\/www.ekoenergy.org\/fr\/our-results\/freshabit\/#primaryimage","url":"https:\/\/www.ekoenergy.org\/wp-content\/uploads\/post-River-restoration-ekoenergy-team-2019.jpg","contentUrl":"https:\/\/www.ekoenergy.org\/wp-content\/uploads\/post-River-restoration-ekoenergy-team-2019.jpg","width":720,"height":540},{"@type":"BreadcrumbList","@id":"https:\/\/www.ekoenergy.org\/fr\/our-results\/freshabit\/#breadcrumb","itemListElement":[{"@type":"ListItem","position":1,"name":"Home","item":"https:\/\/www.ekoenergy.org\/fr\/"},{"@type":"ListItem","position":2,"name":"Nos r\u00e9sultats","item":"https:\/\/www.ekoenergy.org\/fr\/our-results\/"},{"@type":"ListItem","position":3,"name":"FRESHABIT LIFE pour une hydro\u00e9lectricit\u00e9 plus durable"}]},{"@type":"WebSite","@id":"https:\/\/www.ekoenergy.org\/fr\/#website","url":"https:\/\/www.ekoenergy.org\/fr\/","name":"EKOenergy ecolabel","description":"The global nonprofit ecolabel for renewable energy","publisher":{"@id":"https:\/\/www.ekoenergy.org\/fr\/#organization"},"potentialAction":[{"@type":"SearchAction","target":{"@type":"EntryPoint","urlTemplate":"https:\/\/www.ekoenergy.org\/fr\/?s={search_term_string}"},"query-input":{"@type":"PropertyValueSpecification","valueRequired":true,"valueName":"search_term_string"}}],"inLanguage":"fr-FR"},{"@type":"Organization","@id":"https:\/\/www.ekoenergy.org\/fr\/#organization","name":"Not-for-profit Organisation EKOenergy","url":"https:\/\/www.ekoenergy.org\/fr\/","logo":{"@type":"ImageObject","inLanguage":"fr-FR","@id":"https:\/\/www.ekoenergy.org\/fr\/#\/schema\/logo\/image\/","url":"https:\/\/www.ekoenergy.org\/wp-content\/uploads\/logo-EKOenergy-no-text.jpg","contentUrl":"https:\/\/www.ekoenergy.org\/wp-content\/uploads\/logo-EKOenergy-no-text.jpg","width":1600,"height":1600,"caption":"Not-for-profit Organisation EKOenergy"},"image":{"@id":"https:\/\/www.ekoenergy.org\/fr\/#\/schema\/logo\/image\/"},"sameAs":["https:\/\/www.facebook.com\/EKOenergy.ecolabel\/","https:\/\/x.com\/EKOenergy_","https:\/\/www.instagram.com\/ekoenergy\/","https:\/\/www.linkedin.com\/company\/ekoenergy-ecolabel\/","https:\/\/www.youtube.com\/EKOenergy-ecolabel","https:\/\/en.wikipedia.org\/wiki\/EKOenergy"]}]}},"uagb_featured_image_src":{"full":["https:\/\/www.ekoenergy.org\/wp-content\/uploads\/post-River-restoration-ekoenergy-team-2019.jpg",720,540,false],"thumbnail":["https:\/\/www.ekoenergy.org\/wp-content\/uploads\/post-River-restoration-ekoenergy-team-2019-150x150.jpg",150,150,true],"medium":["https:\/\/www.ekoenergy.org\/wp-content\/uploads\/post-River-restoration-ekoenergy-team-2019-320x240.jpg",320,240,true],"medium_large":["https:\/\/www.ekoenergy.org\/wp-content\/uploads\/post-River-restoration-ekoenergy-team-2019.jpg",720,540,false],"large":["https:\/\/www.ekoenergy.org\/wp-content\/uploads\/post-River-restoration-ekoenergy-team-2019.jpg",720,540,false],"1536x1536":["https:\/\/www.ekoenergy.org\/wp-content\/uploads\/post-River-restoration-ekoenergy-team-2019.jpg",720,540,false],"2048x2048":["https:\/\/www.ekoenergy.org\/wp-content\/uploads\/post-River-restoration-ekoenergy-team-2019.jpg",720,540,false]},"uagb_author_info":{"display_name":"EKOenergy ecolabel","author_link":"https:\/\/www.ekoenergy.org\/fr\/author\/ekoenergy\/"},"uagb_comment_info":0,"uagb_excerpt":"Le projet FRESHABIT LIFE am\u00e9liore l\u2019\u00e9tat des habitats d\u2019eau douce en Finlande EKO\u00e9nergie et l\u2019Association Finlandaise pour la Conservation de la Nature (FANC) jouent un r\u00f4le majeur dans le projet LIFE financ\u00e9 par l\u2019Union Europ\u00e9enne pour les habitats d\u2019eau douce en 2016-2022. Mets\u00e4hallitus (le service des for\u00eats et des parcs en Finlande) coordonne ce projet\u2026","_links":{"self":[{"href":"https:\/\/www.ekoenergy.org\/fr\/wp-json\/wp\/v2\/pages\/3625","targetHints":{"allow":["GET"]}}],"collection":[{"href":"https:\/\/www.ekoenergy.org\/fr\/wp-json\/wp\/v2\/pages"}],"about":[{"href":"https:\/\/www.ekoenergy.org\/fr\/wp-json\/wp\/v2\/types\/page"}],"author":[{"embeddable":true,"href":"https:\/\/www.ekoenergy.org\/fr\/wp-json\/wp\/v2\/users\/17"}],"replies":[{"embeddable":true,"href":"https:\/\/www.ekoenergy.org\/fr\/wp-json\/wp\/v2\/comments?post=3625"}],"version-history":[{"count":3,"href":"https:\/\/www.ekoenergy.org\/fr\/wp-json\/wp\/v2\/pages\/3625\/revisions"}],"predecessor-version":[{"id":104543,"href":"https:\/\/www.ekoenergy.org\/fr\/wp-json\/wp\/v2\/pages\/3625\/revisions\/104543"}],"up":[{"embeddable":true,"href":"https:\/\/www.ekoenergy.org\/fr\/wp-json\/wp\/v2\/pages\/2810"}],"wp:featuredmedia":[{"embeddable":true,"href":"https:\/\/www.ekoenergy.org\/fr\/wp-json\/wp\/v2\/media\/38306"}],"wp:attachment":[{"href":"https:\/\/www.ekoenergy.org\/fr\/wp-json\/wp\/v2\/media?parent=3625"}],"curies":[{"name":"wp","href":"https:\/\/api.w.org\/{rel}","templated":true}]}}