{"id":4074,"date":"2019-12-04T13:38:28","date_gmt":"2019-12-04T13:38:28","guid":{"rendered":"https:\/\/www.ekoenergy.org\/ecolabel\/official-text\/renewable-heat\/"},"modified":"2023-03-14T14:03:52","modified_gmt":"2023-03-14T12:03:52","slug":"renewable-heat","status":"publish","type":"page","link":"https:\/\/www.ekoenergy.org\/fr\/ecolabel\/criteria\/renewable-heat\/","title":{"rendered":"Chaleur renouvelable"},"content":{"rendered":"\n<h1 class=\"wp-block-heading\">Chaleur et froid renouvelables<\/h1>\n\n\n\n<figure class=\"wp-block-image alignright size-medium\"><img fetchpriority=\"high\" decoding=\"async\" width=\"320\" height=\"200\" src=\"https:\/\/www.ekoenergy.org\/wp-content\/uploads\/\/Absorption-heat-pump-Commons-Wikimedia-320x200.jpg\" alt=\"\" class=\"wp-image-28689\" srcset=\"https:\/\/www.ekoenergy.org\/wp-content\/uploads\/Absorption-heat-pump-Commons-Wikimedia-320x200.jpg 320w, https:\/\/www.ekoenergy.org\/wp-content\/uploads\/Absorption-heat-pump-Commons-Wikimedia-768x480.jpg 768w, https:\/\/www.ekoenergy.org\/wp-content\/uploads\/Absorption-heat-pump-Commons-Wikimedia.jpg 1024w\" sizes=\"(max-width: 320px) 100vw, 320px\" \/><\/figure>\n\n\n\n<p class=\"has-text-align-left\">Les types de chaleur suivants peuvent obtenir l&rsquo;\u00e9colabel EKO\u00e9nergie :<\/p>\n\n\n\n<ul class=\"wp-block-list\">\n<li>La chaleur produite avec des types durables de bio\u00e9nergie et \u00e0 partir d&rsquo;installations d&rsquo;\u00e9nergie 100% renouvelable.<\/li>\n\n\n\n<li>La chaleur produite par des pompes \u00e0 chaleur aliment\u00e9es par des \u00e9nergies renouvelables durables et ayant un coefficient de performance saisonnier (SCOP) de 3,40 ou plus.<\/li>\n\n\n\n<li>La chaleur r\u00e9cup\u00e9r\u00e9e de chaleur et de froid r\u00e9siduels, c&rsquo;est-\u00e0-dire la chaleur ou le froid in\u00e9vitables qui seraient dissip\u00e9s inutilement dans l&rsquo;air ou l&rsquo;eau. Les installations de r\u00e9cup\u00e9ration de chaleur doivent utiliser des \u00e9nergies renouvelables durables. La chaleur r\u00e9siduelle provenant des installations de production d&rsquo;\u00e9nergie fossile et nucl\u00e9aire est dans tous les cas exclue.<\/li>\n\n\n\n<li>La chaleur g\u00e9othermique ou la chaleur solaire provenant d&rsquo;installations qui remplissent nos crit\u00e8res de durabilit\u00e9.<\/li>\n\n\n\n<li>La chaleur produite avec du gaz renouvelable \u00e9ligible \u00e0 EKO\u00e9nergie.<\/li>\n<\/ul>\n\n\n\n<p>Pour chaque MWh de chaleur labellis\u00e9 EKO\u00e9nergie, une contribution de 0,10 \u20ac (dix centimes) est vers\u00e9e au <a href=\"https:\/\/www.ekoenergy.org\/fr\/our-results\/climate-fund\/\">Fonds pour le Climat<\/a> d&rsquo;EKO\u00e9nergie. Le Fonds pour le Climat accorde des financements pour la mise en \u0153uvre de projets d&rsquo;\u00e9nergie renouvelable dans les pays en d\u00e9veloppement. Tous les projets financ\u00e9s contribuent \u00e0 la r\u00e9alisation des Objectifs de D\u00e9veloppement Durable des Nations unies.<\/p>\n\n\n\n<p>Nos crit\u00e8res portent \u00e9galement sur la fiabilit\u00e9 du suivi et sur la pr\u00e9vention du double comptage. <\/p>\n\n\n\n<p>Les m\u00eames r\u00e8gles s&rsquo;appliquent, le cas \u00e9ch\u00e9ant, au froid.<\/p>\n\n\n\n<h2 class=\"wp-block-heading\">Crit\u00e8res<\/h2>\n\n\n\n<ul class=\"wp-block-list\">\n<li>FR:&nbsp;<a href=\"https:\/\/www.ekoenergy.org\/wp-content\/uploads\/EKOenergy-criteria-for-heat-French.pdf\" target=\"_blank\" rel=\"noreferrer noopener\">Les crit\u00e8res d\u2019EKO\u00e9nergie en mati\u00e8re de chaleur et de froid renouvelables<\/a>&nbsp;(pdf)<\/li>\n\n\n\n<li>EN:&nbsp;<a href=\"https:\/\/www.ekoenergy.org\/wp-content\/uploads\/EKOenergy-criteria-for-heat-and-cold-English.pdf\" target=\"_blank\" rel=\"noreferrer noopener\">EKOenergy\u2019s criteria for renewable heat and cold<\/a>&nbsp;(pdf)<\/li>\n\n\n\n<li>ES:&nbsp;<a href=\"https:\/\/www.ekoenergy.org\/wp-content\/uploads\/EKOenergy-criteria-for-heat-Spanish.pdf\" target=\"_blank\" rel=\"noreferrer noopener\">Criterios de EKOenerg\u00eda para calor y fr\u00edo renovables<\/a>&nbsp;(pdf)<\/li>\n\n\n\n<li>FI:&nbsp;<a href=\"https:\/\/www.ekoenergy.org\/wp-content\/uploads\/EKOenergy-criteria-for-heat-Finnish.pdf\" target=\"_blank\" rel=\"noreferrer noopener\">EKOenergian kriteerit uusiutuvalle l\u00e4mm\u00f6lle ja j\u00e4\u00e4hdytykselle&nbsp;<\/a>(pdf)<\/li>\n\n\n\n<li>IT:&nbsp;<a href=\"https:\/\/www.ekoenergy.org\/wp-content\/uploads\/EKOenergy-heat-criteria-Italian.pdf\" target=\"_blank\" rel=\"noreferrer noopener\">Criteri di EKOenergy per il calore e il freddo da fonti rinnovabili<\/a>&nbsp;(pdf)<\/li>\n\n\n\n<li>RU:<a href=\"http:\/\/www.ekoenergy.org\/wp-content\/uploads\/EKOenergy-criteria-for-heat-Russian-3.pdf\" target=\"_blank\" rel=\"noreferrer noopener\">&nbsp;\u041a\u0440\u0438\u0442\u0435\u0440\u0438\u0438 \u042d\u041a\u041e\u044d\u043d\u0435\u0440\u0433\u0438\u0438 \u043f\u043e \u0432\u043e\u0437\u043e\u0431\u043d\u043e\u0432\u043b\u044f\u0435\u043c\u044b\u043c \u0438\u0441\u0442\u043e\u0447\u043d\u0438\u043a\u0430\u043c \u0442\u0435\u043f\u043b\u0430 \u0438 \u0445\u043e\u043b\u043e\u0434\u0430<\/a>&nbsp;(pdf)<\/li>\n<\/ul>\n\n\n\n<p>Vous souhaitez lancer la chaleur labellis\u00e9e EKO\u00e9nergie dans votre pays ? <a href=\"https:\/\/www.ekoenergy.org\/fr\/about-us\/contact-us\/\">Contactez-nous<\/a> pour plus d&rsquo;informations !<\/p>\n","protected":false},"excerpt":{"rendered":"<p>Chaleur et froid renouvelables Les types de chaleur suivants peuvent obtenir l&rsquo;\u00e9colabel EKO\u00e9nergie : Pour chaque MWh de chaleur labellis\u00e9 EKO\u00e9nergie, une contribution de 0,10 \u20ac (dix centimes) est vers\u00e9e au Fonds pour le Climat d&rsquo;EKO\u00e9nergie. Le Fonds pour le Climat accorde des financements pour la mise en \u0153uvre de projets d&rsquo;\u00e9nergie renouvelable dans les [&hellip;]<\/p>\n","protected":false},"author":2,"featured_media":28689,"parent":25301,"menu_order":4,"comment_status":"closed","ping_status":"closed","template":"","meta":{"inline_featured_image":false,"_uag_custom_page_level_css":"","site-sidebar-layout":"default","site-content-layout":"default","ast-site-content-layout":"default","site-content-style":"default","site-sidebar-style":"default","ast-global-header-display":"","ast-banner-title-visibility":"","ast-main-header-display":"","ast-hfb-above-header-display":"","ast-hfb-below-header-display":"","ast-hfb-mobile-header-display":"","site-post-title":"disabled","ast-breadcrumbs-content":"","ast-featured-img":"","footer-sml-layout":"","ast-disable-related-posts":"","theme-transparent-header-meta":"default","adv-header-id-meta":"","stick-header-meta":"default","header-above-stick-meta":"","header-main-stick-meta":"","header-below-stick-meta":"","astra-migrate-meta-layouts":"default","ast-page-background-enabled":"default","ast-page-background-meta":{"desktop":{"background-color":"","background-image":"","background-repeat":"repeat","background-position":"center center","background-size":"auto","background-attachment":"scroll","background-type":"","background-media":"","overlay-type":"","overlay-color":"","overlay-opacity":"","overlay-gradient":""},"tablet":{"background-color":"","background-image":"","background-repeat":"repeat","background-position":"center center","background-size":"auto","background-attachment":"scroll","background-type":"","background-media":"","overlay-type":"","overlay-color":"","overlay-opacity":"","overlay-gradient":""},"mobile":{"background-color":"","background-image":"","background-repeat":"repeat","background-position":"center center","background-size":"auto","background-attachment":"scroll","background-type":"","background-media":"","overlay-type":"","overlay-color":"","overlay-opacity":"","overlay-gradient":""}},"ast-content-background-meta":{"desktop":{"background-color":"var(--ast-global-color-5)","background-image":"","background-repeat":"repeat","background-position":"center center","background-size":"auto","background-attachment":"scroll","background-type":"","background-media":"","overlay-type":"","overlay-color":"","overlay-opacity":"","overlay-gradient":""},"tablet":{"background-color":"var(--ast-global-color-5)","background-image":"","background-repeat":"repeat","background-position":"center center","background-size":"auto","background-attachment":"scroll","background-type":"","background-media":"","overlay-type":"","overlay-color":"","overlay-opacity":"","overlay-gradient":""},"mobile":{"background-color":"var(--ast-global-color-5)","background-image":"","background-repeat":"repeat","background-position":"center center","background-size":"auto","background-attachment":"scroll","background-type":"","background-media":"","overlay-type":"","overlay-color":"","overlay-opacity":"","overlay-gradient":""}},"footnotes":""},"class_list":["post-4074","page","type-page","status-publish","has-post-thumbnail","hentry"],"yoast_head":"<!-- This site is optimized with the Yoast SEO plugin v27.3 - https:\/\/yoast.com\/product\/yoast-seo-wordpress\/ -->\n<title>Chaleur renouvelable - EKOenergy ecolabel<\/title>\n<meta name=\"description\" content=\"En savoir plus sur les crit\u00e8res d&#039;EKO\u00e9nergie pour la chaleur durable et renouvelable, comme la chaleur g\u00e9n\u00e9r\u00e9e par la bio\u00e9nergie durable et les pompes \u00e0 chaleur.\" \/>\n<meta name=\"robots\" content=\"index, follow, max-snippet:-1, max-image-preview:large, max-video-preview:-1\" \/>\n<link rel=\"canonical\" href=\"https:\/\/www.ekoenergy.org\/fr\/ecolabel\/criteria\/renewable-heat\/\" \/>\n<meta property=\"og:locale\" content=\"fr_FR\" \/>\n<meta property=\"og:type\" content=\"article\" \/>\n<meta property=\"og:title\" content=\"Chaleur renouvelable - EKOenergy ecolabel\" \/>\n<meta property=\"og:description\" content=\"En savoir plus sur les crit\u00e8res d&#039;EKO\u00e9nergie pour la chaleur durable et renouvelable, comme la chaleur g\u00e9n\u00e9r\u00e9e par la bio\u00e9nergie durable et les pompes \u00e0 chaleur.\" \/>\n<meta property=\"og:url\" content=\"https:\/\/www.ekoenergy.org\/fr\/ecolabel\/criteria\/renewable-heat\/\" \/>\n<meta property=\"og:site_name\" content=\"EKOenergy ecolabel\" \/>\n<meta property=\"article:publisher\" content=\"https:\/\/www.facebook.com\/EKOenergy.ecolabel\/\" \/>\n<meta property=\"article:modified_time\" content=\"2023-03-14T12:03:52+00:00\" \/>\n<meta property=\"og:image\" content=\"https:\/\/www.ekoenergy.org\/wp-content\/uploads\/Absorption-heat-pump-Commons-Wikimedia.jpg\" \/>\n\t<meta property=\"og:image:width\" content=\"1024\" \/>\n\t<meta property=\"og:image:height\" content=\"640\" \/>\n\t<meta property=\"og:image:type\" content=\"image\/jpeg\" \/>\n<meta name=\"twitter:card\" content=\"summary_large_image\" \/>\n<meta name=\"twitter:site\" content=\"@EKOenergy_\" \/>\n<meta name=\"twitter:label1\" content=\"Dur\u00e9e de lecture estim\u00e9e\" \/>\n\t<meta name=\"twitter:data1\" content=\"2 minutes\" \/>\n<script type=\"application\/ld+json\" class=\"yoast-schema-graph\">{\"@context\":\"https:\\\/\\\/schema.org\",\"@graph\":[{\"@type\":\"WebPage\",\"@id\":\"https:\\\/\\\/www.ekoenergy.org\\\/fr\\\/ecolabel\\\/criteria\\\/renewable-heat\\\/\",\"url\":\"https:\\\/\\\/www.ekoenergy.org\\\/fr\\\/ecolabel\\\/criteria\\\/renewable-heat\\\/\",\"name\":\"Chaleur renouvelable - EKOenergy ecolabel\",\"isPartOf\":{\"@id\":\"https:\\\/\\\/www.ekoenergy.org\\\/fr\\\/#website\"},\"primaryImageOfPage\":{\"@id\":\"https:\\\/\\\/www.ekoenergy.org\\\/fr\\\/ecolabel\\\/criteria\\\/renewable-heat\\\/#primaryimage\"},\"image\":{\"@id\":\"https:\\\/\\\/www.ekoenergy.org\\\/fr\\\/ecolabel\\\/criteria\\\/renewable-heat\\\/#primaryimage\"},\"thumbnailUrl\":\"https:\\\/\\\/www.ekoenergy.org\\\/wp-content\\\/uploads\\\/Absorption-heat-pump-Commons-Wikimedia.jpg\",\"datePublished\":\"2019-12-04T13:38:28+00:00\",\"dateModified\":\"2023-03-14T12:03:52+00:00\",\"description\":\"En savoir plus sur les crit\u00e8res d'EKO\u00e9nergie pour la chaleur durable et renouvelable, comme la chaleur g\u00e9n\u00e9r\u00e9e par la bio\u00e9nergie durable et les pompes \u00e0 chaleur.\",\"breadcrumb\":{\"@id\":\"https:\\\/\\\/www.ekoenergy.org\\\/fr\\\/ecolabel\\\/criteria\\\/renewable-heat\\\/#breadcrumb\"},\"inLanguage\":\"fr-FR\",\"potentialAction\":[{\"@type\":\"ReadAction\",\"target\":[\"https:\\\/\\\/www.ekoenergy.org\\\/fr\\\/ecolabel\\\/criteria\\\/renewable-heat\\\/\"]}]},{\"@type\":\"ImageObject\",\"inLanguage\":\"fr-FR\",\"@id\":\"https:\\\/\\\/www.ekoenergy.org\\\/fr\\\/ecolabel\\\/criteria\\\/renewable-heat\\\/#primaryimage\",\"url\":\"https:\\\/\\\/www.ekoenergy.org\\\/wp-content\\\/uploads\\\/Absorption-heat-pump-Commons-Wikimedia.jpg\",\"contentUrl\":\"https:\\\/\\\/www.ekoenergy.org\\\/wp-content\\\/uploads\\\/Absorption-heat-pump-Commons-Wikimedia.jpg\",\"width\":1024,\"height\":640},{\"@type\":\"BreadcrumbList\",\"@id\":\"https:\\\/\\\/www.ekoenergy.org\\\/fr\\\/ecolabel\\\/criteria\\\/renewable-heat\\\/#breadcrumb\",\"itemListElement\":[{\"@type\":\"ListItem\",\"position\":1,\"name\":\"Home\",\"item\":\"https:\\\/\\\/www.ekoenergy.org\\\/fr\\\/\"},{\"@type\":\"ListItem\",\"position\":2,\"name\":\"Notre \u00e9colabel\",\"item\":\"https:\\\/\\\/www.ekoenergy.org\\\/fr\\\/ecolabel\\\/\"},{\"@type\":\"ListItem\",\"position\":3,\"name\":\"Les crit\u00e8res d&#8217;EKO\u00e9nergie\",\"item\":\"https:\\\/\\\/www.ekoenergy.org\\\/fr\\\/ecolabel\\\/criteria\\\/\"},{\"@type\":\"ListItem\",\"position\":4,\"name\":\"Chaleur renouvelable\"}]},{\"@type\":\"WebSite\",\"@id\":\"https:\\\/\\\/www.ekoenergy.org\\\/fr\\\/#website\",\"url\":\"https:\\\/\\\/www.ekoenergy.org\\\/fr\\\/\",\"name\":\"EKOenergy ecolabel\",\"description\":\"The global nonprofit ecolabel for renewable energy\",\"publisher\":{\"@id\":\"https:\\\/\\\/www.ekoenergy.org\\\/fr\\\/#organization\"},\"potentialAction\":[{\"@type\":\"SearchAction\",\"target\":{\"@type\":\"EntryPoint\",\"urlTemplate\":\"https:\\\/\\\/www.ekoenergy.org\\\/fr\\\/?s={search_term_string}\"},\"query-input\":{\"@type\":\"PropertyValueSpecification\",\"valueRequired\":true,\"valueName\":\"search_term_string\"}}],\"inLanguage\":\"fr-FR\"},{\"@type\":\"Organization\",\"@id\":\"https:\\\/\\\/www.ekoenergy.org\\\/fr\\\/#organization\",\"name\":\"Not-for-profit Organisation EKOenergy\",\"url\":\"https:\\\/\\\/www.ekoenergy.org\\\/fr\\\/\",\"logo\":{\"@type\":\"ImageObject\",\"inLanguage\":\"fr-FR\",\"@id\":\"https:\\\/\\\/www.ekoenergy.org\\\/fr\\\/#\\\/schema\\\/logo\\\/image\\\/\",\"url\":\"https:\\\/\\\/www.ekoenergy.org\\\/wp-content\\\/uploads\\\/logo-EKOenergy-no-text.jpg\",\"contentUrl\":\"https:\\\/\\\/www.ekoenergy.org\\\/wp-content\\\/uploads\\\/logo-EKOenergy-no-text.jpg\",\"width\":1600,\"height\":1600,\"caption\":\"Not-for-profit Organisation EKOenergy\"},\"image\":{\"@id\":\"https:\\\/\\\/www.ekoenergy.org\\\/fr\\\/#\\\/schema\\\/logo\\\/image\\\/\"},\"sameAs\":[\"https:\\\/\\\/www.facebook.com\\\/EKOenergy.ecolabel\\\/\",\"https:\\\/\\\/x.com\\\/EKOenergy_\",\"https:\\\/\\\/www.instagram.com\\\/ekoenergy\\\/\",\"https:\\\/\\\/www.linkedin.com\\\/company\\\/ekoenergy-ecolabel\\\/\",\"https:\\\/\\\/www.youtube.com\\\/EKOenergy-ecolabel\",\"https:\\\/\\\/en.wikipedia.org\\\/wiki\\\/EKOenergy\"]}]}<\/script>\n<!-- \/ Yoast SEO plugin. -->","yoast_head_json":{"title":"Chaleur renouvelable - EKOenergy ecolabel","description":"En savoir plus sur les crit\u00e8res d'EKO\u00e9nergie pour la chaleur durable et renouvelable, comme la chaleur g\u00e9n\u00e9r\u00e9e par la bio\u00e9nergie durable et les pompes \u00e0 chaleur.","robots":{"index":"index","follow":"follow","max-snippet":"max-snippet:-1","max-image-preview":"max-image-preview:large","max-video-preview":"max-video-preview:-1"},"canonical":"https:\/\/www.ekoenergy.org\/fr\/ecolabel\/criteria\/renewable-heat\/","og_locale":"fr_FR","og_type":"article","og_title":"Chaleur renouvelable - EKOenergy ecolabel","og_description":"En savoir plus sur les crit\u00e8res d'EKO\u00e9nergie pour la chaleur durable et renouvelable, comme la chaleur g\u00e9n\u00e9r\u00e9e par la bio\u00e9nergie durable et les pompes \u00e0 chaleur.","og_url":"https:\/\/www.ekoenergy.org\/fr\/ecolabel\/criteria\/renewable-heat\/","og_site_name":"EKOenergy ecolabel","article_publisher":"https:\/\/www.facebook.com\/EKOenergy.ecolabel\/","article_modified_time":"2023-03-14T12:03:52+00:00","og_image":[{"width":1024,"height":640,"url":"https:\/\/www.ekoenergy.org\/wp-content\/uploads\/Absorption-heat-pump-Commons-Wikimedia.jpg","type":"image\/jpeg"}],"twitter_card":"summary_large_image","twitter_site":"@EKOenergy_","twitter_misc":{"Dur\u00e9e de lecture estim\u00e9e":"2 minutes"},"schema":{"@context":"https:\/\/schema.org","@graph":[{"@type":"WebPage","@id":"https:\/\/www.ekoenergy.org\/fr\/ecolabel\/criteria\/renewable-heat\/","url":"https:\/\/www.ekoenergy.org\/fr\/ecolabel\/criteria\/renewable-heat\/","name":"Chaleur renouvelable - EKOenergy ecolabel","isPartOf":{"@id":"https:\/\/www.ekoenergy.org\/fr\/#website"},"primaryImageOfPage":{"@id":"https:\/\/www.ekoenergy.org\/fr\/ecolabel\/criteria\/renewable-heat\/#primaryimage"},"image":{"@id":"https:\/\/www.ekoenergy.org\/fr\/ecolabel\/criteria\/renewable-heat\/#primaryimage"},"thumbnailUrl":"https:\/\/www.ekoenergy.org\/wp-content\/uploads\/Absorption-heat-pump-Commons-Wikimedia.jpg","datePublished":"2019-12-04T13:38:28+00:00","dateModified":"2023-03-14T12:03:52+00:00","description":"En savoir plus sur les crit\u00e8res d'EKO\u00e9nergie pour la chaleur durable et renouvelable, comme la chaleur g\u00e9n\u00e9r\u00e9e par la bio\u00e9nergie durable et les pompes \u00e0 chaleur.","breadcrumb":{"@id":"https:\/\/www.ekoenergy.org\/fr\/ecolabel\/criteria\/renewable-heat\/#breadcrumb"},"inLanguage":"fr-FR","potentialAction":[{"@type":"ReadAction","target":["https:\/\/www.ekoenergy.org\/fr\/ecolabel\/criteria\/renewable-heat\/"]}]},{"@type":"ImageObject","inLanguage":"fr-FR","@id":"https:\/\/www.ekoenergy.org\/fr\/ecolabel\/criteria\/renewable-heat\/#primaryimage","url":"https:\/\/www.ekoenergy.org\/wp-content\/uploads\/Absorption-heat-pump-Commons-Wikimedia.jpg","contentUrl":"https:\/\/www.ekoenergy.org\/wp-content\/uploads\/Absorption-heat-pump-Commons-Wikimedia.jpg","width":1024,"height":640},{"@type":"BreadcrumbList","@id":"https:\/\/www.ekoenergy.org\/fr\/ecolabel\/criteria\/renewable-heat\/#breadcrumb","itemListElement":[{"@type":"ListItem","position":1,"name":"Home","item":"https:\/\/www.ekoenergy.org\/fr\/"},{"@type":"ListItem","position":2,"name":"Notre \u00e9colabel","item":"https:\/\/www.ekoenergy.org\/fr\/ecolabel\/"},{"@type":"ListItem","position":3,"name":"Les crit\u00e8res d&#8217;EKO\u00e9nergie","item":"https:\/\/www.ekoenergy.org\/fr\/ecolabel\/criteria\/"},{"@type":"ListItem","position":4,"name":"Chaleur renouvelable"}]},{"@type":"WebSite","@id":"https:\/\/www.ekoenergy.org\/fr\/#website","url":"https:\/\/www.ekoenergy.org\/fr\/","name":"EKOenergy ecolabel","description":"The global nonprofit ecolabel for renewable energy","publisher":{"@id":"https:\/\/www.ekoenergy.org\/fr\/#organization"},"potentialAction":[{"@type":"SearchAction","target":{"@type":"EntryPoint","urlTemplate":"https:\/\/www.ekoenergy.org\/fr\/?s={search_term_string}"},"query-input":{"@type":"PropertyValueSpecification","valueRequired":true,"valueName":"search_term_string"}}],"inLanguage":"fr-FR"},{"@type":"Organization","@id":"https:\/\/www.ekoenergy.org\/fr\/#organization","name":"Not-for-profit Organisation EKOenergy","url":"https:\/\/www.ekoenergy.org\/fr\/","logo":{"@type":"ImageObject","inLanguage":"fr-FR","@id":"https:\/\/www.ekoenergy.org\/fr\/#\/schema\/logo\/image\/","url":"https:\/\/www.ekoenergy.org\/wp-content\/uploads\/logo-EKOenergy-no-text.jpg","contentUrl":"https:\/\/www.ekoenergy.org\/wp-content\/uploads\/logo-EKOenergy-no-text.jpg","width":1600,"height":1600,"caption":"Not-for-profit Organisation EKOenergy"},"image":{"@id":"https:\/\/www.ekoenergy.org\/fr\/#\/schema\/logo\/image\/"},"sameAs":["https:\/\/www.facebook.com\/EKOenergy.ecolabel\/","https:\/\/x.com\/EKOenergy_","https:\/\/www.instagram.com\/ekoenergy\/","https:\/\/www.linkedin.com\/company\/ekoenergy-ecolabel\/","https:\/\/www.youtube.com\/EKOenergy-ecolabel","https:\/\/en.wikipedia.org\/wiki\/EKOenergy"]}]}},"uagb_featured_image_src":{"full":["https:\/\/www.ekoenergy.org\/wp-content\/uploads\/Absorption-heat-pump-Commons-Wikimedia.jpg",1024,640,false],"thumbnail":["https:\/\/www.ekoenergy.org\/wp-content\/uploads\/Absorption-heat-pump-Commons-Wikimedia-150x150.jpg",150,150,true],"medium":["https:\/\/www.ekoenergy.org\/wp-content\/uploads\/Absorption-heat-pump-Commons-Wikimedia-320x200.jpg",320,200,true],"medium_large":["https:\/\/www.ekoenergy.org\/wp-content\/uploads\/Absorption-heat-pump-Commons-Wikimedia-768x480.jpg",768,480,true],"large":["https:\/\/www.ekoenergy.org\/wp-content\/uploads\/Absorption-heat-pump-Commons-Wikimedia.jpg",1024,640,false],"1536x1536":["https:\/\/www.ekoenergy.org\/wp-content\/uploads\/Absorption-heat-pump-Commons-Wikimedia.jpg",1024,640,false],"2048x2048":["https:\/\/www.ekoenergy.org\/wp-content\/uploads\/Absorption-heat-pump-Commons-Wikimedia.jpg",1024,640,false]},"uagb_author_info":{"display_name":"Steven Vanholme","author_link":"https:\/\/www.ekoenergy.org\/fr\/author\/svanholme\/"},"uagb_comment_info":0,"uagb_excerpt":"Chaleur et froid renouvelables Les types de chaleur suivants peuvent obtenir l&rsquo;\u00e9colabel EKO\u00e9nergie : Pour chaque MWh de chaleur labellis\u00e9 EKO\u00e9nergie, une contribution de 0,10 \u20ac (dix centimes) est vers\u00e9e au Fonds pour le Climat d&rsquo;EKO\u00e9nergie. Le Fonds pour le Climat accorde des financements pour la mise en \u0153uvre de projets d&rsquo;\u00e9nergie renouvelable dans les\u2026","_links":{"self":[{"href":"https:\/\/www.ekoenergy.org\/fr\/wp-json\/wp\/v2\/pages\/4074","targetHints":{"allow":["GET"]}}],"collection":[{"href":"https:\/\/www.ekoenergy.org\/fr\/wp-json\/wp\/v2\/pages"}],"about":[{"href":"https:\/\/www.ekoenergy.org\/fr\/wp-json\/wp\/v2\/types\/page"}],"author":[{"embeddable":true,"href":"https:\/\/www.ekoenergy.org\/fr\/wp-json\/wp\/v2\/users\/2"}],"replies":[{"embeddable":true,"href":"https:\/\/www.ekoenergy.org\/fr\/wp-json\/wp\/v2\/comments?post=4074"}],"version-history":[{"count":3,"href":"https:\/\/www.ekoenergy.org\/fr\/wp-json\/wp\/v2\/pages\/4074\/revisions"}],"predecessor-version":[{"id":141200,"href":"https:\/\/www.ekoenergy.org\/fr\/wp-json\/wp\/v2\/pages\/4074\/revisions\/141200"}],"up":[{"embeddable":true,"href":"https:\/\/www.ekoenergy.org\/fr\/wp-json\/wp\/v2\/pages\/25301"}],"wp:featuredmedia":[{"embeddable":true,"href":"https:\/\/www.ekoenergy.org\/fr\/wp-json\/wp\/v2\/media\/28689"}],"wp:attachment":[{"href":"https:\/\/www.ekoenergy.org\/fr\/wp-json\/wp\/v2\/media?parent=4074"}],"curies":[{"name":"wp","href":"https:\/\/api.w.org\/{rel}","templated":true}]}}