{"id":100284,"date":"2021-08-11T18:05:27","date_gmt":"2021-08-11T15:05:27","guid":{"rendered":"https:\/\/www.ekoenergy.org\/?page_id=100284"},"modified":"2023-10-11T12:39:23","modified_gmt":"2023-10-11T09:39:23","slug":"governance-and-decision-making","status":"publish","type":"page","link":"https:\/\/www.ekoenergy.org\/it\/about-us\/governance-and-decision-making\/","title":{"rendered":"Governance"},"content":{"rendered":"\n<h2 class=\"wp-block-heading\">Un&#8217;iniziativa no-profit di diverse ONG ambientaliste <\/h2>\n\n\n\n<figure class=\"wp-block-image alignright size-medium\"><img fetchpriority=\"high\" decoding=\"async\" width=\"320\" height=\"193\" src=\"https:\/\/www.ekoenergy.org\/wp-content\/uploads\/\/Meeting-Pixabay-RonaldCandonga-Featured-Image-Governance-320x193.jpg\" alt=\"\" class=\"wp-image-100414\" srcset=\"https:\/\/www.ekoenergy.org\/wp-content\/uploads\/Meeting-Pixabay-RonaldCandonga-Featured-Image-Governance-320x193.jpg 320w, https:\/\/www.ekoenergy.org\/wp-content\/uploads\/Meeting-Pixabay-RonaldCandonga-Featured-Image-Governance-1024x617.jpg 1024w, https:\/\/www.ekoenergy.org\/wp-content\/uploads\/Meeting-Pixabay-RonaldCandonga-Featured-Image-Governance-768x463.jpg 768w, https:\/\/www.ekoenergy.org\/wp-content\/uploads\/Meeting-Pixabay-RonaldCandonga-Featured-Image-Governance.jpg 1280w\" sizes=\"(max-width: 320px) 100vw, 320px\" \/><\/figure>\n\n\n\n<p>EKOenergy \u00e8 un&#8217;iniziativa no-profit internazionale dell&#8217;<a href=\"https:\/\/www.sll.fi\/en\" target=\"_blank\" rel=\"noreferrer noopener\">Associazione Finlandese per la Conservazione della Natura<\/a> ed \u00e8 sviluppata e gestita in partnership con diverse altre organizzazioni ambientali. L&#8217;Associazione Finlandese per la Conservazione della Natura \u00e8 la pi\u00f9 grande ONG nel settore ambientale in Finlandia.<\/p>\n\n\n\n<p>EKOenergy lavora in stretta collaborazione con organizzazioni internazionali, come ad esempio il Climate Action Network International, Climate Action Network Europe, EEB e IRENA Coalition for Action.&nbsp;<\/p>\n\n\n\n<h2 class=\"wp-block-heading\">Processo decisionale <\/h2>\n\n\n\n<p>Le decisioni riguardo i Criteri di EKOenergy e riguardo il Fondo per il Clima e il Fondo per l&#8217;Ambiente:<\/p>\n\n\n\n<ul class=\"wp-block-list\">\n<li>Sono basate sulla consultazione di tutti i gruppi di stakeholders.<\/li>\n\n\n\n<li>Sono prese dal Gruppo Direttivo di EKOenergy, nominato dal Consiglio dell&#8217;Associazione Finlandese per la Conservazione della Natura.<\/li>\n\n\n\n<li>Diventano effettive dopo essere state approvate dal Consiglio Internazionale di EKOenergy, che \u00e8 composto da ONG ambientaliste, come descritto nel capitolo 3 del documento <a href=\"https:\/\/www.ekoenergy.org\/it\/ecolabel\/criteria\/electricity\/\">EKOenergy &#8211; Struttura della governance e criteri per l&#8217;elettricit\u00e0<\/a>.<\/li>\n<\/ul>\n\n\n\n<p>Al momento, le organizzazioni che hanno diritto di voto nel Consiglio Internazionale di EKOenergy includono:<\/p>\n\n\n\n<ul class=\"wp-block-list\">\n<li>Bariq 21, Algeria<\/li>\n\n\n\n<li>Bluelink, Bulgaria&nbsp;<\/li>\n\n\n\n<li>Center for sustainability and advanced education, Macedonia del Nord<\/li>\n\n\n\n<li>Ecocity, Grecia<\/li>\n\n\n\n<li>Ecoserveis, Spagna<\/li>\n\n\n\n<li>Estonian Fund for Nature, Estonia<\/li>\n\n\n\n<li>Energiaklub, Ungheria<\/li>\n\n\n\n<li>Good Energies Alliance Ireland, Irlanda<\/li>\n\n\n\n<li>Institute for Environmental Policy, Albania<\/li>\n\n\n\n<li>Institute for Nature Conservation in Albania, Albania&nbsp;<\/li>\n\n\n\n<li>KADOS, Turchia<\/li>\n\n\n\n<li>Latvian Fund for Nature (LDF), Lettonia<\/li>\n\n\n\n<li>National Energy Foundation, UK<\/li>\n\n\n\n<li>Observ&#8217;ER, Francia<\/li>\n\n\n\n<li>Prijatelji prirode Eko Element, Bosnia e Erzegovina<\/li>\n\n\n\n<li>Quercus, Portogallo<\/li>\n\n\n\n<li>Spectri, Georgia<\/li>\n\n\n\n<li>Terre des Jeunes Nord-Ouest Cameroun, Camerun<\/li>\n\n\n\n<li>Vindhyan Ecology and Natural History Foundation, India<\/li>\n\n\n\n<li>&nbsp;Wise, Olanda <\/li>\n\n\n\n<li>&nbsp;Za\u013c\u0101 br\u012bv\u012bba&nbsp;&#8211; Green Liberty, Lettonia<\/li>\n<\/ul>\n\n\n\n<p><\/p>\n\n\n\n<p>Nel momento in cui prendiamo decisioni, coinvolgiamo attivamente esperti provenienti da diversi settori. In aggiunta al nostro Gruppo Consultivo, ci avvaliamo di una giuria di esperti per selezionare progetti da finanziare tramite il nostro Fondo per il Clima, una giuria per la selezione dei progetti del Fondo per l&#8217;Ambiente, e gruppi di lavoro occasionali per coprire specifici argomenti.<\/p>\n\n\n\n<p><\/p>\n\n\n\n<p>Se vuoi entrare a far parte di uno di questi organi consultivi, contattaci a <a href=\"mailto:info@ekoenergy.org\" target=\"_blank\" rel=\"noreferrer noopener\">info@ekoenergy.org<\/a>.<\/p>\n\n\n\n<p><\/p>\n\n\n\n<h2 class=\"wp-block-heading\">Segretariato e amministrazione <\/h2>\n\n\n\n<p><a href=\"https:\/\/www.ekoenergy.org\/it\/about-us\/contact-us\/\">Il segretariato di EKOenergy<\/a> \u00e8 incorporato nella Policy Unit ambientale dell&#8217;Associazione Finlandese per la Conservazione della Natura. La nostra contabilit\u00e0 ricade sotto quella dell&#8217;Associazione Finlandese per la Conservazione della Natura e viene revisionata annualmente da contabili esterni all&#8217;associazione.<\/p>\n\n\n\n<p><\/p>\n","protected":false},"excerpt":{"rendered":"<p>Un&#8217;iniziativa no-profit di diverse ONG ambientaliste EKOenergy \u00e8 un&#8217;iniziativa no-profit internazionale dell&#8217;Associazione Finlandese per la Conservazione della Natura ed \u00e8 sviluppata e gestita in partnership con diverse altre organizzazioni ambientali. L&#8217;Associazione Finlandese per la Conservazione della Natura \u00e8 la pi\u00f9 grande ONG nel settore ambientale in Finlandia. EKOenergy lavora in stretta collaborazione con organizzazioni internazionali, [&hellip;]<\/p>\n","protected":false},"author":2,"featured_media":100414,"parent":2534,"menu_order":2,"comment_status":"closed","ping_status":"closed","template":"","meta":{"inline_featured_image":false,"_uag_custom_page_level_css":"","site-sidebar-layout":"default","site-content-layout":"default","ast-site-content-layout":"default","site-content-style":"default","site-sidebar-style":"default","ast-global-header-display":"","ast-banner-title-visibility":"","ast-main-header-display":"","ast-hfb-above-header-display":"","ast-hfb-below-header-display":"","ast-hfb-mobile-header-display":"","site-post-title":"","ast-breadcrumbs-content":"","ast-featured-img":"","footer-sml-layout":"","ast-disable-related-posts":"","theme-transparent-header-meta":"default","adv-header-id-meta":"","stick-header-meta":"default","header-above-stick-meta":"","header-main-stick-meta":"","header-below-stick-meta":"","astra-migrate-meta-layouts":"default","ast-page-background-enabled":"default","ast-page-background-meta":{"desktop":{"background-color":"","background-image":"","background-repeat":"repeat","background-position":"center center","background-size":"auto","background-attachment":"scroll","background-type":"","background-media":"","overlay-type":"","overlay-color":"","overlay-opacity":"","overlay-gradient":""},"tablet":{"background-color":"","background-image":"","background-repeat":"repeat","background-position":"center center","background-size":"auto","background-attachment":"scroll","background-type":"","background-media":"","overlay-type":"","overlay-color":"","overlay-opacity":"","overlay-gradient":""},"mobile":{"background-color":"","background-image":"","background-repeat":"repeat","background-position":"center center","background-size":"auto","background-attachment":"scroll","background-type":"","background-media":"","overlay-type":"","overlay-color":"","overlay-opacity":"","overlay-gradient":""}},"ast-content-background-meta":{"desktop":{"background-color":"var(--ast-global-color-5)","background-image":"","background-repeat":"repeat","background-position":"center center","background-size":"auto","background-attachment":"scroll","background-type":"","background-media":"","overlay-type":"","overlay-color":"","overlay-opacity":"","overlay-gradient":""},"tablet":{"background-color":"var(--ast-global-color-5)","background-image":"","background-repeat":"repeat","background-position":"center center","background-size":"auto","background-attachment":"scroll","background-type":"","background-media":"","overlay-type":"","overlay-color":"","overlay-opacity":"","overlay-gradient":""},"mobile":{"background-color":"var(--ast-global-color-5)","background-image":"","background-repeat":"repeat","background-position":"center center","background-size":"auto","background-attachment":"scroll","background-type":"","background-media":"","overlay-type":"","overlay-color":"","overlay-opacity":"","overlay-gradient":""}},"footnotes":""},"class_list":["post-100284","page","type-page","status-publish","has-post-thumbnail","hentry"],"yoast_head":"<!-- This site is optimized with the Yoast SEO plugin v27.3 - https:\/\/yoast.com\/product\/yoast-seo-wordpress\/ -->\n<title>Governance - EKOenergy ecolabel<\/title>\n<meta name=\"description\" content=\"EKOenergy \u00e8 un&#039;iniziativa internazionale dell&#039;Associazione Finlandese per la Conservazione della Natura, creata in associazione con altre ONG.\" \/>\n<meta name=\"robots\" content=\"index, follow, max-snippet:-1, max-image-preview:large, max-video-preview:-1\" \/>\n<link rel=\"canonical\" href=\"https:\/\/www.ekoenergy.org\/it\/about-us\/governance-and-decision-making\/\" \/>\n<meta property=\"og:locale\" content=\"it_IT\" \/>\n<meta property=\"og:type\" content=\"article\" \/>\n<meta property=\"og:title\" content=\"Governance - EKOenergy ecolabel\" \/>\n<meta property=\"og:description\" content=\"EKOenergy \u00e8 un&#039;iniziativa internazionale dell&#039;Associazione Finlandese per la Conservazione della Natura, creata in associazione con altre ONG.\" \/>\n<meta property=\"og:url\" content=\"https:\/\/www.ekoenergy.org\/it\/about-us\/governance-and-decision-making\/\" \/>\n<meta property=\"og:site_name\" content=\"EKOenergy ecolabel\" \/>\n<meta property=\"article:publisher\" content=\"https:\/\/www.facebook.com\/EKOenergy.ecolabel\/\" \/>\n<meta property=\"article:modified_time\" content=\"2023-10-11T09:39:23+00:00\" \/>\n<meta property=\"og:image\" content=\"https:\/\/www.ekoenergy.org\/wp-content\/uploads\/Meeting-Pixabay-RonaldCandonga-Featured-Image-Governance.jpg\" \/>\n\t<meta property=\"og:image:width\" content=\"1280\" \/>\n\t<meta property=\"og:image:height\" content=\"771\" \/>\n\t<meta property=\"og:image:type\" content=\"image\/jpeg\" \/>\n<meta name=\"twitter:card\" content=\"summary_large_image\" \/>\n<meta name=\"twitter:site\" content=\"@EKOenergy_\" \/>\n<meta name=\"twitter:label1\" content=\"Tempo di lettura stimato\" \/>\n\t<meta name=\"twitter:data1\" content=\"2 minuti\" \/>\n<script type=\"application\/ld+json\" class=\"yoast-schema-graph\">{\"@context\":\"https:\\\/\\\/schema.org\",\"@graph\":[{\"@type\":\"WebPage\",\"@id\":\"https:\\\/\\\/www.ekoenergy.org\\\/it\\\/about-us\\\/governance-and-decision-making\\\/\",\"url\":\"https:\\\/\\\/www.ekoenergy.org\\\/it\\\/about-us\\\/governance-and-decision-making\\\/\",\"name\":\"Governance - EKOenergy ecolabel\",\"isPartOf\":{\"@id\":\"https:\\\/\\\/www.ekoenergy.org\\\/it\\\/#website\"},\"primaryImageOfPage\":{\"@id\":\"https:\\\/\\\/www.ekoenergy.org\\\/it\\\/about-us\\\/governance-and-decision-making\\\/#primaryimage\"},\"image\":{\"@id\":\"https:\\\/\\\/www.ekoenergy.org\\\/it\\\/about-us\\\/governance-and-decision-making\\\/#primaryimage\"},\"thumbnailUrl\":\"https:\\\/\\\/www.ekoenergy.org\\\/wp-content\\\/uploads\\\/Meeting-Pixabay-RonaldCandonga-Featured-Image-Governance.jpg\",\"datePublished\":\"2021-08-11T15:05:27+00:00\",\"dateModified\":\"2023-10-11T09:39:23+00:00\",\"description\":\"EKOenergy \u00e8 un'iniziativa internazionale dell'Associazione Finlandese per la Conservazione della Natura, creata in associazione con altre ONG.\",\"breadcrumb\":{\"@id\":\"https:\\\/\\\/www.ekoenergy.org\\\/it\\\/about-us\\\/governance-and-decision-making\\\/#breadcrumb\"},\"inLanguage\":\"it-IT\",\"potentialAction\":[{\"@type\":\"ReadAction\",\"target\":[\"https:\\\/\\\/www.ekoenergy.org\\\/it\\\/about-us\\\/governance-and-decision-making\\\/\"]}]},{\"@type\":\"ImageObject\",\"inLanguage\":\"it-IT\",\"@id\":\"https:\\\/\\\/www.ekoenergy.org\\\/it\\\/about-us\\\/governance-and-decision-making\\\/#primaryimage\",\"url\":\"https:\\\/\\\/www.ekoenergy.org\\\/wp-content\\\/uploads\\\/Meeting-Pixabay-RonaldCandonga-Featured-Image-Governance.jpg\",\"contentUrl\":\"https:\\\/\\\/www.ekoenergy.org\\\/wp-content\\\/uploads\\\/Meeting-Pixabay-RonaldCandonga-Featured-Image-Governance.jpg\",\"width\":1280,\"height\":771},{\"@type\":\"BreadcrumbList\",\"@id\":\"https:\\\/\\\/www.ekoenergy.org\\\/it\\\/about-us\\\/governance-and-decision-making\\\/#breadcrumb\",\"itemListElement\":[{\"@type\":\"ListItem\",\"position\":1,\"name\":\"Home\",\"item\":\"https:\\\/\\\/www.ekoenergy.org\\\/it\\\/\"},{\"@type\":\"ListItem\",\"position\":2,\"name\":\"Chi siamo\",\"item\":\"https:\\\/\\\/www.ekoenergy.org\\\/it\\\/about-us\\\/\"},{\"@type\":\"ListItem\",\"position\":3,\"name\":\"Governance\"}]},{\"@type\":\"WebSite\",\"@id\":\"https:\\\/\\\/www.ekoenergy.org\\\/it\\\/#website\",\"url\":\"https:\\\/\\\/www.ekoenergy.org\\\/it\\\/\",\"name\":\"EKOenergy ecolabel\",\"description\":\"The global nonprofit ecolabel for renewable energy\",\"publisher\":{\"@id\":\"https:\\\/\\\/www.ekoenergy.org\\\/it\\\/#organization\"},\"potentialAction\":[{\"@type\":\"SearchAction\",\"target\":{\"@type\":\"EntryPoint\",\"urlTemplate\":\"https:\\\/\\\/www.ekoenergy.org\\\/it\\\/?s={search_term_string}\"},\"query-input\":{\"@type\":\"PropertyValueSpecification\",\"valueRequired\":true,\"valueName\":\"search_term_string\"}}],\"inLanguage\":\"it-IT\"},{\"@type\":\"Organization\",\"@id\":\"https:\\\/\\\/www.ekoenergy.org\\\/it\\\/#organization\",\"name\":\"Not-for-profit Organisation EKOenergy\",\"url\":\"https:\\\/\\\/www.ekoenergy.org\\\/it\\\/\",\"logo\":{\"@type\":\"ImageObject\",\"inLanguage\":\"it-IT\",\"@id\":\"https:\\\/\\\/www.ekoenergy.org\\\/it\\\/#\\\/schema\\\/logo\\\/image\\\/\",\"url\":\"https:\\\/\\\/www.ekoenergy.org\\\/wp-content\\\/uploads\\\/logo-EKOenergy-no-text.jpg\",\"contentUrl\":\"https:\\\/\\\/www.ekoenergy.org\\\/wp-content\\\/uploads\\\/logo-EKOenergy-no-text.jpg\",\"width\":1600,\"height\":1600,\"caption\":\"Not-for-profit Organisation EKOenergy\"},\"image\":{\"@id\":\"https:\\\/\\\/www.ekoenergy.org\\\/it\\\/#\\\/schema\\\/logo\\\/image\\\/\"},\"sameAs\":[\"https:\\\/\\\/www.facebook.com\\\/EKOenergy.ecolabel\\\/\",\"https:\\\/\\\/x.com\\\/EKOenergy_\",\"https:\\\/\\\/www.instagram.com\\\/ekoenergy\\\/\",\"https:\\\/\\\/www.linkedin.com\\\/company\\\/ekoenergy-ecolabel\\\/\",\"https:\\\/\\\/www.youtube.com\\\/EKOenergy-ecolabel\",\"https:\\\/\\\/en.wikipedia.org\\\/wiki\\\/EKOenergy\"]}]}<\/script>\n<!-- \/ Yoast SEO plugin. -->","yoast_head_json":{"title":"Governance - EKOenergy ecolabel","description":"EKOenergy \u00e8 un'iniziativa internazionale dell'Associazione Finlandese per la Conservazione della Natura, creata in associazione con altre ONG.","robots":{"index":"index","follow":"follow","max-snippet":"max-snippet:-1","max-image-preview":"max-image-preview:large","max-video-preview":"max-video-preview:-1"},"canonical":"https:\/\/www.ekoenergy.org\/it\/about-us\/governance-and-decision-making\/","og_locale":"it_IT","og_type":"article","og_title":"Governance - EKOenergy ecolabel","og_description":"EKOenergy \u00e8 un'iniziativa internazionale dell'Associazione Finlandese per la Conservazione della Natura, creata in associazione con altre ONG.","og_url":"https:\/\/www.ekoenergy.org\/it\/about-us\/governance-and-decision-making\/","og_site_name":"EKOenergy ecolabel","article_publisher":"https:\/\/www.facebook.com\/EKOenergy.ecolabel\/","article_modified_time":"2023-10-11T09:39:23+00:00","og_image":[{"width":1280,"height":771,"url":"https:\/\/www.ekoenergy.org\/wp-content\/uploads\/Meeting-Pixabay-RonaldCandonga-Featured-Image-Governance.jpg","type":"image\/jpeg"}],"twitter_card":"summary_large_image","twitter_site":"@EKOenergy_","twitter_misc":{"Tempo di lettura stimato":"2 minuti"},"schema":{"@context":"https:\/\/schema.org","@graph":[{"@type":"WebPage","@id":"https:\/\/www.ekoenergy.org\/it\/about-us\/governance-and-decision-making\/","url":"https:\/\/www.ekoenergy.org\/it\/about-us\/governance-and-decision-making\/","name":"Governance - EKOenergy ecolabel","isPartOf":{"@id":"https:\/\/www.ekoenergy.org\/it\/#website"},"primaryImageOfPage":{"@id":"https:\/\/www.ekoenergy.org\/it\/about-us\/governance-and-decision-making\/#primaryimage"},"image":{"@id":"https:\/\/www.ekoenergy.org\/it\/about-us\/governance-and-decision-making\/#primaryimage"},"thumbnailUrl":"https:\/\/www.ekoenergy.org\/wp-content\/uploads\/Meeting-Pixabay-RonaldCandonga-Featured-Image-Governance.jpg","datePublished":"2021-08-11T15:05:27+00:00","dateModified":"2023-10-11T09:39:23+00:00","description":"EKOenergy \u00e8 un'iniziativa internazionale dell'Associazione Finlandese per la Conservazione della Natura, creata in associazione con altre ONG.","breadcrumb":{"@id":"https:\/\/www.ekoenergy.org\/it\/about-us\/governance-and-decision-making\/#breadcrumb"},"inLanguage":"it-IT","potentialAction":[{"@type":"ReadAction","target":["https:\/\/www.ekoenergy.org\/it\/about-us\/governance-and-decision-making\/"]}]},{"@type":"ImageObject","inLanguage":"it-IT","@id":"https:\/\/www.ekoenergy.org\/it\/about-us\/governance-and-decision-making\/#primaryimage","url":"https:\/\/www.ekoenergy.org\/wp-content\/uploads\/Meeting-Pixabay-RonaldCandonga-Featured-Image-Governance.jpg","contentUrl":"https:\/\/www.ekoenergy.org\/wp-content\/uploads\/Meeting-Pixabay-RonaldCandonga-Featured-Image-Governance.jpg","width":1280,"height":771},{"@type":"BreadcrumbList","@id":"https:\/\/www.ekoenergy.org\/it\/about-us\/governance-and-decision-making\/#breadcrumb","itemListElement":[{"@type":"ListItem","position":1,"name":"Home","item":"https:\/\/www.ekoenergy.org\/it\/"},{"@type":"ListItem","position":2,"name":"Chi siamo","item":"https:\/\/www.ekoenergy.org\/it\/about-us\/"},{"@type":"ListItem","position":3,"name":"Governance"}]},{"@type":"WebSite","@id":"https:\/\/www.ekoenergy.org\/it\/#website","url":"https:\/\/www.ekoenergy.org\/it\/","name":"EKOenergy ecolabel","description":"The global nonprofit ecolabel for renewable energy","publisher":{"@id":"https:\/\/www.ekoenergy.org\/it\/#organization"},"potentialAction":[{"@type":"SearchAction","target":{"@type":"EntryPoint","urlTemplate":"https:\/\/www.ekoenergy.org\/it\/?s={search_term_string}"},"query-input":{"@type":"PropertyValueSpecification","valueRequired":true,"valueName":"search_term_string"}}],"inLanguage":"it-IT"},{"@type":"Organization","@id":"https:\/\/www.ekoenergy.org\/it\/#organization","name":"Not-for-profit Organisation EKOenergy","url":"https:\/\/www.ekoenergy.org\/it\/","logo":{"@type":"ImageObject","inLanguage":"it-IT","@id":"https:\/\/www.ekoenergy.org\/it\/#\/schema\/logo\/image\/","url":"https:\/\/www.ekoenergy.org\/wp-content\/uploads\/logo-EKOenergy-no-text.jpg","contentUrl":"https:\/\/www.ekoenergy.org\/wp-content\/uploads\/logo-EKOenergy-no-text.jpg","width":1600,"height":1600,"caption":"Not-for-profit Organisation EKOenergy"},"image":{"@id":"https:\/\/www.ekoenergy.org\/it\/#\/schema\/logo\/image\/"},"sameAs":["https:\/\/www.facebook.com\/EKOenergy.ecolabel\/","https:\/\/x.com\/EKOenergy_","https:\/\/www.instagram.com\/ekoenergy\/","https:\/\/www.linkedin.com\/company\/ekoenergy-ecolabel\/","https:\/\/www.youtube.com\/EKOenergy-ecolabel","https:\/\/en.wikipedia.org\/wiki\/EKOenergy"]}]}},"uagb_featured_image_src":{"full":["https:\/\/www.ekoenergy.org\/wp-content\/uploads\/Meeting-Pixabay-RonaldCandonga-Featured-Image-Governance.jpg",1280,771,false],"thumbnail":["https:\/\/www.ekoenergy.org\/wp-content\/uploads\/Meeting-Pixabay-RonaldCandonga-Featured-Image-Governance-150x150.jpg",150,150,true],"medium":["https:\/\/www.ekoenergy.org\/wp-content\/uploads\/Meeting-Pixabay-RonaldCandonga-Featured-Image-Governance-320x193.jpg",320,193,true],"medium_large":["https:\/\/www.ekoenergy.org\/wp-content\/uploads\/Meeting-Pixabay-RonaldCandonga-Featured-Image-Governance-768x463.jpg",768,463,true],"large":["https:\/\/www.ekoenergy.org\/wp-content\/uploads\/Meeting-Pixabay-RonaldCandonga-Featured-Image-Governance-1024x617.jpg",1024,617,true],"1536x1536":["https:\/\/www.ekoenergy.org\/wp-content\/uploads\/Meeting-Pixabay-RonaldCandonga-Featured-Image-Governance.jpg",1280,771,false],"2048x2048":["https:\/\/www.ekoenergy.org\/wp-content\/uploads\/Meeting-Pixabay-RonaldCandonga-Featured-Image-Governance.jpg",1280,771,false]},"uagb_author_info":{"display_name":"Steven Vanholme","author_link":"https:\/\/www.ekoenergy.org\/it\/author\/svanholme\/"},"uagb_comment_info":0,"uagb_excerpt":"Un&#8217;iniziativa no-profit di diverse ONG ambientaliste EKOenergy \u00e8 un&#8217;iniziativa no-profit internazionale dell&#8217;Associazione Finlandese per la Conservazione della Natura ed \u00e8 sviluppata e gestita in partnership con diverse altre organizzazioni ambientali. L&#8217;Associazione Finlandese per la Conservazione della Natura \u00e8 la pi\u00f9 grande ONG nel settore ambientale in Finlandia. EKOenergy lavora in stretta collaborazione con organizzazioni internazionali,&hellip;","_links":{"self":[{"href":"https:\/\/www.ekoenergy.org\/it\/wp-json\/wp\/v2\/pages\/100284","targetHints":{"allow":["GET"]}}],"collection":[{"href":"https:\/\/www.ekoenergy.org\/it\/wp-json\/wp\/v2\/pages"}],"about":[{"href":"https:\/\/www.ekoenergy.org\/it\/wp-json\/wp\/v2\/types\/page"}],"author":[{"embeddable":true,"href":"https:\/\/www.ekoenergy.org\/it\/wp-json\/wp\/v2\/users\/2"}],"replies":[{"embeddable":true,"href":"https:\/\/www.ekoenergy.org\/it\/wp-json\/wp\/v2\/comments?post=100284"}],"version-history":[{"count":2,"href":"https:\/\/www.ekoenergy.org\/it\/wp-json\/wp\/v2\/pages\/100284\/revisions"}],"predecessor-version":[{"id":151463,"href":"https:\/\/www.ekoenergy.org\/it\/wp-json\/wp\/v2\/pages\/100284\/revisions\/151463"}],"up":[{"embeddable":true,"href":"https:\/\/www.ekoenergy.org\/it\/wp-json\/wp\/v2\/pages\/2534"}],"wp:featuredmedia":[{"embeddable":true,"href":"https:\/\/www.ekoenergy.org\/it\/wp-json\/wp\/v2\/media\/100414"}],"wp:attachment":[{"href":"https:\/\/www.ekoenergy.org\/it\/wp-json\/wp\/v2\/media?parent=100284"}],"curies":[{"name":"wp","href":"https:\/\/api.w.org\/{rel}","templated":true}]}}