{"id":2534,"date":"2019-12-04T13:23:54","date_gmt":"2019-12-04T13:23:54","guid":{"rendered":"https:\/\/www.ekoenergy.org\/about-us\/"},"modified":"2023-12-11T13:03:48","modified_gmt":"2023-12-11T11:03:48","slug":"about-us","status":"publish","type":"page","link":"https:\/\/www.ekoenergy.org\/it\/about-us\/","title":{"rendered":"Chi siamo"},"content":{"rendered":"\n<h1 class=\"wp-block-heading\">Chi siamo<\/h1>\n\n\n\n<h2 class=\"wp-block-heading\">La nostra etichetta no-profit<\/h2>\n\n\n\n<figure class=\"wp-block-embed alignright is-type-video is-provider-youtube wp-block-embed-youtube wp-embed-aspect-16-9 wp-has-aspect-ratio\"><div class=\"wp-block-embed__wrapper\">\n<iframe title=\"EKOenergy: the renewable energy ecolabel\" width=\"500\" height=\"281\" src=\"https:\/\/www.youtube.com\/embed\/h0_1__2Qg1M?feature=oembed\" frameborder=\"0\" allow=\"accelerometer; autoplay; clipboard-write; encrypted-media; gyroscope; picture-in-picture; web-share\" referrerpolicy=\"strict-origin-when-cross-origin\" allowfullscreen><\/iframe>\n<\/div><figcaption class=\"wp-element-caption\"><em>Scopri di pi\u00f9 sulla nostra etichetta guardando la presentazione &#8211; <\/em>sottotitoli disponibili in pi\u00f9 di 20 lingue <\/figcaption><\/figure>\n\n\n\n<p>EKOenergy \u00e8 un&#8217;eco-etichetta internazionale no-profit per l&#8217;energia (elettricit\u00e0, gas, calore e freddo rinnovabili). <\/p>\n\n\n\n<p>L&#8217;energia a marchio EKOenergy, oltre ad essere al 100% rinnovabile, soddisfa rigidi <a href=\"https:\/\/www.ekoenergy.org\/it\/ecolabel\/\">criteri di sostenibilit\u00e0 ambientale<\/a>&nbsp;e&nbsp;<a href=\"https:\/\/www.ekoenergy.org\/it\/our-results\/climate-fund\/\">finanzia progetti<\/a> contro la povert\u00e0 energetica. <\/p>\n\n\n\n<p>L&#8217;etichetta EKOenergy pu\u00f2 essere combinata a qualsiasi mezzo di approvvigionamento: tariffe per l&#8217;elettricit\u00e0 verde, Power Purchasing Agreements (PPAs), certificati energetici disaggregati come GOs, RECs, I-RECs e altri. Anche l&#8217;energia prodotta da installazioni in loco pu\u00f2 portare l&#8217;etichetta EKOenergy. EKOenergy apporta valori aggiuntivi positivi alla scelta dell&#8217;energia rinnovabile, a prescindere dal metodo di acquisto o consumo dell&#8217;energia.<\/p>\n\n\n\n<p>Il&nbsp;<a href=\"https:\/\/ghgprotocol.org\/\" target=\"_blank\" rel=\"noreferrer noopener\">Greenhouse Gas Protocol<\/a>, il&nbsp;<a href=\"https:\/\/www.cdp.net\/en\" target=\"_blank\" rel=\"noreferrer noopener\">CDP<\/a>, la certificazione LEED per gli edifici sostenibili e <a href=\"https:\/\/www.there100.org\/\" target=\"_blank\" rel=\"noreferrer noopener\">RE100<\/a> descrivono l&#8217;etichetta EKOenergy come un&#8217;ottima soluzione per i consumatori che vorrebbero fare un <a href=\"https:\/\/www.ekoenergy.org\/it\/why-buy\/other-standards\/\">passo decisivo verso la sostenibilit\u00e0<\/a>. <\/p>\n\n\n\n<p><\/p>\n\n\n\n<h3 class=\"wp-block-heading\">Facile da usare<\/h3>\n\n\n\n<p>I nostri fornitori autorizzati sono presenti in tutto il mondo. Questo rende semplice acquistare energia EKOenergy dovunque ti trovi. EKOenergy pu\u00f2 essere utilizzata per la tua casa o per la tua compagnia. Se sei interessato a acquistare <a href=\"https:\/\/www.ekoenergy.org\/it\/buying-ekoenergy\/\">elettricit\u00e0 con marchio EKOenergy<\/a> o <a href=\"https:\/\/www.ekoenergy.org\/it\/ecolabel\/how-to-sell-ekoenergy\/\">vendere energia rinnovabile con marchio EKOenergy<\/a>, non esitare a <a href=\"https:\/\/www.ekoenergy.org\/it\/about-us\/contact-us\/\">contattarci<\/a>.<\/p>\n\n\n\n<p><\/p>\n\n\n\n<h3 class=\"wp-block-heading\">Efficace strumento di comunicazione<\/h3>\n\n\n\n<figure class=\"wp-block-image alignleft size-medium\"><img fetchpriority=\"high\" decoding=\"async\" width=\"320\" height=\"179\" src=\"https:\/\/www.ekoenergy.org\/wp-content\/uploads\/\/EKOenergy-labelled-electricity-sticker-320x179.png\" alt=\"\" class=\"wp-image-123397\" srcset=\"https:\/\/www.ekoenergy.org\/wp-content\/uploads\/EKOenergy-labelled-electricity-sticker-320x179.png 320w, https:\/\/www.ekoenergy.org\/wp-content\/uploads\/EKOenergy-labelled-electricity-sticker-1024x572.png 1024w, https:\/\/www.ekoenergy.org\/wp-content\/uploads\/EKOenergy-labelled-electricity-sticker-768x429.png 768w, https:\/\/www.ekoenergy.org\/wp-content\/uploads\/EKOenergy-labelled-electricity-sticker-1536x858.png 1536w, https:\/\/www.ekoenergy.org\/wp-content\/uploads\/EKOenergy-labelled-electricity-sticker.png 1768w\" sizes=\"(max-width: 320px) 100vw, 320px\" \/><\/figure>\n\n\n\n<p>Il marchio EKOenergy \u00e8 uno <a href=\"https:\/\/www.ekoenergy.org\/it\/why-buy\/other-standards\/\">strumento di comunicazione riconosciuto a livello internazionale<\/a>. Utilizzando il nostro logo, i singoli e le compagnie possono dimostrare il loro impegno verso l&#8217;energia rinnovabile ed incoraggiare altri a fare lo stesso. Questo aiuta a velocizzare la transazione verso un mondo 100% rinnovabile. I consumatori EKOenergy possono utilizzare il logo nelle loro pubblicazioni, negli uffici, o direttamente sui prodotti realizzati con energia EKOenergy. <\/p>\n\n\n\n<p>Il <a href=\"https:\/\/www.ekoenergy.org\/it\/about-us\/contact-us\/\">nostro team internazionale<\/a> \u00e8 pronto a rispondere alle vostre domande in diverse lingue e i <a href=\"https:\/\/www.ekoenergy.org\/extras\/downloadables\/\">nostri materiali<\/a> sono disponibili in pi\u00f9 di 20 lingue.<\/p>\n\n\n\n<p><\/p>\n\n\n\n<h3 class=\"wp-block-heading\">Premi e nominations&nbsp;<\/h3>\n\n\n\n<figure class=\"wp-block-image alignright size-medium\"><img decoding=\"async\" width=\"320\" height=\"214\" src=\"https:\/\/www.ekoenergy.org\/wp-content\/uploads\/\/European-Citizens-Award-Ceremony-2021-320x214.jpg\" alt=\"\" class=\"wp-image-123674\" srcset=\"https:\/\/www.ekoenergy.org\/wp-content\/uploads\/European-Citizens-Award-Ceremony-2021-320x214.jpg 320w, https:\/\/www.ekoenergy.org\/wp-content\/uploads\/European-Citizens-Award-Ceremony-2021-1024x684.jpg 1024w, https:\/\/www.ekoenergy.org\/wp-content\/uploads\/European-Citizens-Award-Ceremony-2021-768x513.jpg 768w, https:\/\/www.ekoenergy.org\/wp-content\/uploads\/European-Citizens-Award-Ceremony-2021-1536x1026.jpg 1536w, https:\/\/www.ekoenergy.org\/wp-content\/uploads\/European-Citizens-Award-Ceremony-2021.jpg 1794w\" sizes=\"(max-width: 320px) 100vw, 320px\" \/><\/figure>\n\n\n\n<ul class=\"wp-block-list\">\n<li>EKOenergy \u00e8 stato uno dei vincitori del premio Good100 all&#8217;edizione 2022 del GoodFestival in Svizzera<\/li>\n\n\n\n<li>Premio EU Sustainable Energy (EUSEW) 2021: Merve G\u00fcng\u00f6r \u00e8 stata finalista nella categoria Young Energy Trailblazer per il suo lavoro da EKOenergy.<\/li>\n\n\n\n<li>Premio European Citizen\u2019s 2020: premiati dal Parlamento Europeo a Marzo 2021.<\/li>\n\n\n\n<li>Nominati al premio Nordic Council Environment 2019.<\/li>\n\n\n\n<li>Premio EU Sustainable Energy (EUSEW) 2018: finalisti nella categoria Young Energy Leaders.<\/li>\n\n\n\n<li>EKOenergy \u00e8 tra i progetti vincitori selezionati come parte dell&#8217;iniziativa \u201c100 progetti per il clima\u201d del Ministero Francese dell&#8217;Ambiente, Energia, e Mare nel 2017.<\/li>\n\n\n\n<li>Premio \u2018Taten f\u00fcr Morgen\u2019 da parte del Consiglio Tedesco per lo Sviluppo Sostenibile. EKOenergy era uno dei \u201cSustainability Projects 2017\u201d (Projekt Nachhaltigkeit), una rinomata distinzione per i progetti che contribuiscono agli Obiettivi di Sviluppo Sostenibile.<\/li>\n\n\n\n<li>Premio Good100 PremaGyan 2016 al GoodFestival in Svizzera.<\/li>\n<\/ul>\n\n\n\n<p><\/p>\n\n\n\n<h2 class=\"wp-block-heading\">Cooperazione internazionale<\/h2>\n\n\n\n<p>L&#8217;etichetta EKOenergy \u00e8 un&#8217;iniziativa dell&#8217;Associazione Finlandese per la Conservazione della Natura (Suomen luonnonsuojeluliitto) ed \u00e8 supportata da diverse altre ONG ambientaliste.&nbsp;<\/p>\n\n\n\n<p>Partecipiamo alle attivit\u00e0 di e cooperiamo con diverse altre organizzazioni, comprese:<\/p>\n\n\n\n<ul class=\"wp-block-list\">\n<li><a href=\"https:\/\/climatenetwork.org\/#:~:text=Climate%20Action%20Network%20(CAN)%20is,achieve%20social%20and%20racial%20justice.\" target=\"_blank\" rel=\"noreferrer noopener\">Climate Action Network International (CAN Intl)<\/a><\/li>\n\n\n\n<li><a href=\"https:\/\/caneurope.org\/\" target=\"_blank\" rel=\"noreferrer noopener\">Climate Action Network (CAN) Europe<\/a><\/li>\n\n\n\n<li><a href=\"https:\/\/coalition.irena.org\/\" target=\"_blank\" rel=\"noreferrer noopener\">IRENA Coalition for Action<\/a><\/li>\n\n\n\n<li><a href=\"https:\/\/resource-platform.eu\/\" target=\"_blank\" rel=\"noreferrer noopener\">The RE-Source Platform<\/a><\/li>\n\n\n\n<li><a href=\"https:\/\/recs.org\/\" target=\"_blank\" rel=\"noreferrer noopener\">RECS Energy Certificate Association<\/a><\/li>\n\n\n\n<li><a href=\"https:\/\/eeb.org\/\" target=\"_blank\" rel=\"noreferrer noopener\">European Environmental Bureau (EEB)<\/a><\/li>\n<\/ul>\n\n\n\n<div class=\"wp-block-columns is-layout-flex wp-container-core-columns-is-layout-28f84493 wp-block-columns-is-layout-flex\"><\/div>\n","protected":false},"excerpt":{"rendered":"<p>Chi siamo La nostra etichetta no-profit EKOenergy \u00e8 un&#8217;eco-etichetta internazionale no-profit per l&#8217;energia (elettricit\u00e0, gas, calore e freddo rinnovabili). L&#8217;energia a marchio EKOenergy, oltre ad essere al 100% rinnovabile, soddisfa rigidi criteri di sostenibilit\u00e0 ambientale&nbsp;e&nbsp;finanzia progetti contro la povert\u00e0 energetica. L&#8217;etichetta EKOenergy pu\u00f2 essere combinata a qualsiasi mezzo di approvvigionamento: tariffe per l&#8217;elettricit\u00e0 verde, Power [&hellip;]<\/p>\n","protected":false},"author":17,"featured_media":28123,"parent":0,"menu_order":0,"comment_status":"closed","ping_status":"closed","template":"","meta":{"inline_featured_image":false,"_uag_custom_page_level_css":"","site-sidebar-layout":"default","site-content-layout":"default","ast-site-content-layout":"default","site-content-style":"default","site-sidebar-style":"default","ast-global-header-display":"","ast-banner-title-visibility":"","ast-main-header-display":"","ast-hfb-above-header-display":"","ast-hfb-below-header-display":"","ast-hfb-mobile-header-display":"","site-post-title":"disabled","ast-breadcrumbs-content":"","ast-featured-img":"","footer-sml-layout":"","ast-disable-related-posts":"","theme-transparent-header-meta":"default","adv-header-id-meta":"","stick-header-meta":"default","header-above-stick-meta":"","header-main-stick-meta":"","header-below-stick-meta":"","astra-migrate-meta-layouts":"default","ast-page-background-enabled":"default","ast-page-background-meta":{"desktop":{"background-color":"","background-image":"","background-repeat":"repeat","background-position":"center center","background-size":"auto","background-attachment":"scroll","background-type":"","background-media":"","overlay-type":"","overlay-color":"","overlay-opacity":"","overlay-gradient":""},"tablet":{"background-color":"","background-image":"","background-repeat":"repeat","background-position":"center center","background-size":"auto","background-attachment":"scroll","background-type":"","background-media":"","overlay-type":"","overlay-color":"","overlay-opacity":"","overlay-gradient":""},"mobile":{"background-color":"","background-image":"","background-repeat":"repeat","background-position":"center center","background-size":"auto","background-attachment":"scroll","background-type":"","background-media":"","overlay-type":"","overlay-color":"","overlay-opacity":"","overlay-gradient":""}},"ast-content-background-meta":{"desktop":{"background-color":"var(--ast-global-color-5)","background-image":"","background-repeat":"repeat","background-position":"center center","background-size":"auto","background-attachment":"scroll","background-type":"","background-media":"","overlay-type":"","overlay-color":"","overlay-opacity":"","overlay-gradient":""},"tablet":{"background-color":"var(--ast-global-color-5)","background-image":"","background-repeat":"repeat","background-position":"center center","background-size":"auto","background-attachment":"scroll","background-type":"","background-media":"","overlay-type":"","overlay-color":"","overlay-opacity":"","overlay-gradient":""},"mobile":{"background-color":"var(--ast-global-color-5)","background-image":"","background-repeat":"repeat","background-position":"center center","background-size":"auto","background-attachment":"scroll","background-type":"","background-media":"","overlay-type":"","overlay-color":"","overlay-opacity":"","overlay-gradient":""}},"footnotes":""},"class_list":["post-2534","page","type-page","status-publish","has-post-thumbnail","hentry"],"yoast_head":"<!-- This site is optimized with the Yoast SEO plugin v27.3 - https:\/\/yoast.com\/product\/yoast-seo-wordpress\/ -->\n<title>About us - EKOenergy ecolabel<\/title>\n<meta name=\"description\" content=\"EKOenergy \u00e8 un&#039;etichetta ecologica no-profit per l&#039;energia (elettricit\u00e0, gas e calore) rinnovabile riconosciuta a livello internazionale.\" \/>\n<meta name=\"robots\" content=\"index, follow, max-snippet:-1, max-image-preview:large, max-video-preview:-1\" \/>\n<link rel=\"canonical\" href=\"https:\/\/www.ekoenergy.org\/it\/about-us\/\" \/>\n<meta property=\"og:locale\" content=\"it_IT\" \/>\n<meta property=\"og:type\" content=\"article\" \/>\n<meta property=\"og:title\" content=\"About us - EKOenergy ecolabel\" \/>\n<meta property=\"og:description\" content=\"EKOenergy \u00e8 un&#039;etichetta ecologica no-profit per l&#039;energia (elettricit\u00e0, gas e calore) rinnovabile riconosciuta a livello internazionale.\" \/>\n<meta property=\"og:url\" content=\"https:\/\/www.ekoenergy.org\/it\/about-us\/\" \/>\n<meta property=\"og:site_name\" content=\"EKOenergy ecolabel\" \/>\n<meta property=\"article:publisher\" content=\"https:\/\/www.facebook.com\/EKOenergy.ecolabel\/\" \/>\n<meta property=\"article:modified_time\" content=\"2023-12-11T11:03:48+00:00\" \/>\n<meta property=\"og:image\" content=\"https:\/\/www.ekoenergy.org\/wp-content\/uploads\/Featured-Chocolate-Made-With-EKOenergy.jpg\" \/>\n\t<meta property=\"og:image:width\" content=\"1197\" \/>\n\t<meta property=\"og:image:height\" content=\"600\" \/>\n\t<meta property=\"og:image:type\" content=\"image\/jpeg\" \/>\n<meta name=\"twitter:card\" content=\"summary_large_image\" \/>\n<meta name=\"twitter:site\" content=\"@EKOenergy_\" \/>\n<meta name=\"twitter:label1\" content=\"Tempo di lettura stimato\" \/>\n\t<meta name=\"twitter:data1\" content=\"4 minuti\" \/>\n<script type=\"application\/ld+json\" class=\"yoast-schema-graph\">{\"@context\":\"https:\\\/\\\/schema.org\",\"@graph\":[{\"@type\":\"WebPage\",\"@id\":\"https:\\\/\\\/www.ekoenergy.org\\\/it\\\/about-us\\\/\",\"url\":\"https:\\\/\\\/www.ekoenergy.org\\\/it\\\/about-us\\\/\",\"name\":\"About us - EKOenergy ecolabel\",\"isPartOf\":{\"@id\":\"https:\\\/\\\/www.ekoenergy.org\\\/it\\\/#website\"},\"primaryImageOfPage\":{\"@id\":\"https:\\\/\\\/www.ekoenergy.org\\\/it\\\/about-us\\\/#primaryimage\"},\"image\":{\"@id\":\"https:\\\/\\\/www.ekoenergy.org\\\/it\\\/about-us\\\/#primaryimage\"},\"thumbnailUrl\":\"https:\\\/\\\/www.ekoenergy.org\\\/wp-content\\\/uploads\\\/Featured-Chocolate-Made-With-EKOenergy.jpg\",\"datePublished\":\"2019-12-04T13:23:54+00:00\",\"dateModified\":\"2023-12-11T11:03:48+00:00\",\"description\":\"EKOenergy \u00e8 un'etichetta ecologica no-profit per l'energia (elettricit\u00e0, gas e calore) rinnovabile riconosciuta a livello internazionale.\",\"breadcrumb\":{\"@id\":\"https:\\\/\\\/www.ekoenergy.org\\\/it\\\/about-us\\\/#breadcrumb\"},\"inLanguage\":\"it-IT\",\"potentialAction\":[{\"@type\":\"ReadAction\",\"target\":[\"https:\\\/\\\/www.ekoenergy.org\\\/it\\\/about-us\\\/\"]}]},{\"@type\":\"ImageObject\",\"inLanguage\":\"it-IT\",\"@id\":\"https:\\\/\\\/www.ekoenergy.org\\\/it\\\/about-us\\\/#primaryimage\",\"url\":\"https:\\\/\\\/www.ekoenergy.org\\\/wp-content\\\/uploads\\\/Featured-Chocolate-Made-With-EKOenergy.jpg\",\"contentUrl\":\"https:\\\/\\\/www.ekoenergy.org\\\/wp-content\\\/uploads\\\/Featured-Chocolate-Made-With-EKOenergy.jpg\",\"width\":1197,\"height\":600},{\"@type\":\"BreadcrumbList\",\"@id\":\"https:\\\/\\\/www.ekoenergy.org\\\/it\\\/about-us\\\/#breadcrumb\",\"itemListElement\":[{\"@type\":\"ListItem\",\"position\":1,\"name\":\"Home\",\"item\":\"https:\\\/\\\/www.ekoenergy.org\\\/it\\\/\"},{\"@type\":\"ListItem\",\"position\":2,\"name\":\"Chi siamo\"}]},{\"@type\":\"WebSite\",\"@id\":\"https:\\\/\\\/www.ekoenergy.org\\\/it\\\/#website\",\"url\":\"https:\\\/\\\/www.ekoenergy.org\\\/it\\\/\",\"name\":\"EKOenergy ecolabel\",\"description\":\"The global nonprofit ecolabel for renewable energy\",\"publisher\":{\"@id\":\"https:\\\/\\\/www.ekoenergy.org\\\/it\\\/#organization\"},\"potentialAction\":[{\"@type\":\"SearchAction\",\"target\":{\"@type\":\"EntryPoint\",\"urlTemplate\":\"https:\\\/\\\/www.ekoenergy.org\\\/it\\\/?s={search_term_string}\"},\"query-input\":{\"@type\":\"PropertyValueSpecification\",\"valueRequired\":true,\"valueName\":\"search_term_string\"}}],\"inLanguage\":\"it-IT\"},{\"@type\":\"Organization\",\"@id\":\"https:\\\/\\\/www.ekoenergy.org\\\/it\\\/#organization\",\"name\":\"Not-for-profit Organisation EKOenergy\",\"url\":\"https:\\\/\\\/www.ekoenergy.org\\\/it\\\/\",\"logo\":{\"@type\":\"ImageObject\",\"inLanguage\":\"it-IT\",\"@id\":\"https:\\\/\\\/www.ekoenergy.org\\\/it\\\/#\\\/schema\\\/logo\\\/image\\\/\",\"url\":\"https:\\\/\\\/www.ekoenergy.org\\\/wp-content\\\/uploads\\\/logo-EKOenergy-no-text.jpg\",\"contentUrl\":\"https:\\\/\\\/www.ekoenergy.org\\\/wp-content\\\/uploads\\\/logo-EKOenergy-no-text.jpg\",\"width\":1600,\"height\":1600,\"caption\":\"Not-for-profit Organisation EKOenergy\"},\"image\":{\"@id\":\"https:\\\/\\\/www.ekoenergy.org\\\/it\\\/#\\\/schema\\\/logo\\\/image\\\/\"},\"sameAs\":[\"https:\\\/\\\/www.facebook.com\\\/EKOenergy.ecolabel\\\/\",\"https:\\\/\\\/x.com\\\/EKOenergy_\",\"https:\\\/\\\/www.instagram.com\\\/ekoenergy\\\/\",\"https:\\\/\\\/www.linkedin.com\\\/company\\\/ekoenergy-ecolabel\\\/\",\"https:\\\/\\\/www.youtube.com\\\/EKOenergy-ecolabel\",\"https:\\\/\\\/en.wikipedia.org\\\/wiki\\\/EKOenergy\"]}]}<\/script>\n<!-- \/ Yoast SEO plugin. -->","yoast_head_json":{"title":"About us - EKOenergy ecolabel","description":"EKOenergy \u00e8 un'etichetta ecologica no-profit per l'energia (elettricit\u00e0, gas e calore) rinnovabile riconosciuta a livello internazionale.","robots":{"index":"index","follow":"follow","max-snippet":"max-snippet:-1","max-image-preview":"max-image-preview:large","max-video-preview":"max-video-preview:-1"},"canonical":"https:\/\/www.ekoenergy.org\/it\/about-us\/","og_locale":"it_IT","og_type":"article","og_title":"About us - EKOenergy ecolabel","og_description":"EKOenergy \u00e8 un'etichetta ecologica no-profit per l'energia (elettricit\u00e0, gas e calore) rinnovabile riconosciuta a livello internazionale.","og_url":"https:\/\/www.ekoenergy.org\/it\/about-us\/","og_site_name":"EKOenergy ecolabel","article_publisher":"https:\/\/www.facebook.com\/EKOenergy.ecolabel\/","article_modified_time":"2023-12-11T11:03:48+00:00","og_image":[{"width":1197,"height":600,"url":"https:\/\/www.ekoenergy.org\/wp-content\/uploads\/Featured-Chocolate-Made-With-EKOenergy.jpg","type":"image\/jpeg"}],"twitter_card":"summary_large_image","twitter_site":"@EKOenergy_","twitter_misc":{"Tempo di lettura stimato":"4 minuti"},"schema":{"@context":"https:\/\/schema.org","@graph":[{"@type":"WebPage","@id":"https:\/\/www.ekoenergy.org\/it\/about-us\/","url":"https:\/\/www.ekoenergy.org\/it\/about-us\/","name":"About us - EKOenergy ecolabel","isPartOf":{"@id":"https:\/\/www.ekoenergy.org\/it\/#website"},"primaryImageOfPage":{"@id":"https:\/\/www.ekoenergy.org\/it\/about-us\/#primaryimage"},"image":{"@id":"https:\/\/www.ekoenergy.org\/it\/about-us\/#primaryimage"},"thumbnailUrl":"https:\/\/www.ekoenergy.org\/wp-content\/uploads\/Featured-Chocolate-Made-With-EKOenergy.jpg","datePublished":"2019-12-04T13:23:54+00:00","dateModified":"2023-12-11T11:03:48+00:00","description":"EKOenergy \u00e8 un'etichetta ecologica no-profit per l'energia (elettricit\u00e0, gas e calore) rinnovabile riconosciuta a livello internazionale.","breadcrumb":{"@id":"https:\/\/www.ekoenergy.org\/it\/about-us\/#breadcrumb"},"inLanguage":"it-IT","potentialAction":[{"@type":"ReadAction","target":["https:\/\/www.ekoenergy.org\/it\/about-us\/"]}]},{"@type":"ImageObject","inLanguage":"it-IT","@id":"https:\/\/www.ekoenergy.org\/it\/about-us\/#primaryimage","url":"https:\/\/www.ekoenergy.org\/wp-content\/uploads\/Featured-Chocolate-Made-With-EKOenergy.jpg","contentUrl":"https:\/\/www.ekoenergy.org\/wp-content\/uploads\/Featured-Chocolate-Made-With-EKOenergy.jpg","width":1197,"height":600},{"@type":"BreadcrumbList","@id":"https:\/\/www.ekoenergy.org\/it\/about-us\/#breadcrumb","itemListElement":[{"@type":"ListItem","position":1,"name":"Home","item":"https:\/\/www.ekoenergy.org\/it\/"},{"@type":"ListItem","position":2,"name":"Chi siamo"}]},{"@type":"WebSite","@id":"https:\/\/www.ekoenergy.org\/it\/#website","url":"https:\/\/www.ekoenergy.org\/it\/","name":"EKOenergy ecolabel","description":"The global nonprofit ecolabel for renewable energy","publisher":{"@id":"https:\/\/www.ekoenergy.org\/it\/#organization"},"potentialAction":[{"@type":"SearchAction","target":{"@type":"EntryPoint","urlTemplate":"https:\/\/www.ekoenergy.org\/it\/?s={search_term_string}"},"query-input":{"@type":"PropertyValueSpecification","valueRequired":true,"valueName":"search_term_string"}}],"inLanguage":"it-IT"},{"@type":"Organization","@id":"https:\/\/www.ekoenergy.org\/it\/#organization","name":"Not-for-profit Organisation EKOenergy","url":"https:\/\/www.ekoenergy.org\/it\/","logo":{"@type":"ImageObject","inLanguage":"it-IT","@id":"https:\/\/www.ekoenergy.org\/it\/#\/schema\/logo\/image\/","url":"https:\/\/www.ekoenergy.org\/wp-content\/uploads\/logo-EKOenergy-no-text.jpg","contentUrl":"https:\/\/www.ekoenergy.org\/wp-content\/uploads\/logo-EKOenergy-no-text.jpg","width":1600,"height":1600,"caption":"Not-for-profit Organisation EKOenergy"},"image":{"@id":"https:\/\/www.ekoenergy.org\/it\/#\/schema\/logo\/image\/"},"sameAs":["https:\/\/www.facebook.com\/EKOenergy.ecolabel\/","https:\/\/x.com\/EKOenergy_","https:\/\/www.instagram.com\/ekoenergy\/","https:\/\/www.linkedin.com\/company\/ekoenergy-ecolabel\/","https:\/\/www.youtube.com\/EKOenergy-ecolabel","https:\/\/en.wikipedia.org\/wiki\/EKOenergy"]}]}},"uagb_featured_image_src":{"full":["https:\/\/www.ekoenergy.org\/wp-content\/uploads\/Featured-Chocolate-Made-With-EKOenergy.jpg",1197,600,false],"thumbnail":["https:\/\/www.ekoenergy.org\/wp-content\/uploads\/Featured-Chocolate-Made-With-EKOenergy-150x150.jpg",150,150,true],"medium":["https:\/\/www.ekoenergy.org\/wp-content\/uploads\/Featured-Chocolate-Made-With-EKOenergy-320x160.jpg",320,160,true],"medium_large":["https:\/\/www.ekoenergy.org\/wp-content\/uploads\/Featured-Chocolate-Made-With-EKOenergy-768x385.jpg",768,385,true],"large":["https:\/\/www.ekoenergy.org\/wp-content\/uploads\/Featured-Chocolate-Made-With-EKOenergy-1024x513.jpg",1024,513,true],"1536x1536":["https:\/\/www.ekoenergy.org\/wp-content\/uploads\/Featured-Chocolate-Made-With-EKOenergy.jpg",1197,600,false],"2048x2048":["https:\/\/www.ekoenergy.org\/wp-content\/uploads\/Featured-Chocolate-Made-With-EKOenergy.jpg",1197,600,false]},"uagb_author_info":{"display_name":"EKOenergy ecolabel","author_link":"https:\/\/www.ekoenergy.org\/it\/author\/ekoenergy\/"},"uagb_comment_info":0,"uagb_excerpt":"Chi siamo La nostra etichetta no-profit EKOenergy \u00e8 un&#8217;eco-etichetta internazionale no-profit per l&#8217;energia (elettricit\u00e0, gas, calore e freddo rinnovabili). L&#8217;energia a marchio EKOenergy, oltre ad essere al 100% rinnovabile, soddisfa rigidi criteri di sostenibilit\u00e0 ambientale&nbsp;e&nbsp;finanzia progetti contro la povert\u00e0 energetica. L&#8217;etichetta EKOenergy pu\u00f2 essere combinata a qualsiasi mezzo di approvvigionamento: tariffe per l&#8217;elettricit\u00e0 verde, Power&hellip;","_links":{"self":[{"href":"https:\/\/www.ekoenergy.org\/it\/wp-json\/wp\/v2\/pages\/2534","targetHints":{"allow":["GET"]}}],"collection":[{"href":"https:\/\/www.ekoenergy.org\/it\/wp-json\/wp\/v2\/pages"}],"about":[{"href":"https:\/\/www.ekoenergy.org\/it\/wp-json\/wp\/v2\/types\/page"}],"author":[{"embeddable":true,"href":"https:\/\/www.ekoenergy.org\/it\/wp-json\/wp\/v2\/users\/17"}],"replies":[{"embeddable":true,"href":"https:\/\/www.ekoenergy.org\/it\/wp-json\/wp\/v2\/comments?post=2534"}],"version-history":[{"count":3,"href":"https:\/\/www.ekoenergy.org\/it\/wp-json\/wp\/v2\/pages\/2534\/revisions"}],"predecessor-version":[{"id":155389,"href":"https:\/\/www.ekoenergy.org\/it\/wp-json\/wp\/v2\/pages\/2534\/revisions\/155389"}],"wp:featuredmedia":[{"embeddable":true,"href":"https:\/\/www.ekoenergy.org\/it\/wp-json\/wp\/v2\/media\/28123"}],"wp:attachment":[{"href":"https:\/\/www.ekoenergy.org\/it\/wp-json\/wp\/v2\/media?parent=2534"}],"curies":[{"name":"wp","href":"https:\/\/api.w.org\/{rel}","templated":true}]}}