{"id":3139,"date":"2019-12-04T13:41:02","date_gmt":"2019-12-04T13:41:02","guid":{"rendered":"https:\/\/www.ekoenergy.org\/ecolabel\/power-plants\/"},"modified":"2023-08-29T16:25:43","modified_gmt":"2023-08-29T13:25:43","slug":"power-plants","status":"publish","type":"page","link":"https:\/\/www.ekoenergy.org\/it\/ecolabel\/power-plants\/","title":{"rendered":"Centrali approvate"},"content":{"rendered":"\n<h1 class=\"wp-block-heading\">La provenienza dell&#8217;energia a marchio EKOenergy<\/h1>\n\n\n\n<div style=\"height:20px\" aria-hidden=\"true\" class=\"wp-block-spacer\"><\/div>\n\n\n\n<p>EKOenergy non certifica le centrali di produzione, n\u00e9 funge da etichetta per la produzione di energia. Solo i volumi venduti\/consumati possono essere etichettati come EKOenergy. Tuttavia, prendiamo in considerazione anche l&#8217;origine dell&#8217;energia.<\/p>\n\n\n\n<p>L&#8217;energia, per essere venduta venduta o consumata con marchio EKOenergy, deve soddisfare i nostri criteri di sostenibilit\u00e0. Questi criteri prendono in considerazione l&#8217;impatto che la produzione di energia ha sull&#8217;ambiente. Ad esempio, accettiamo installazioni eoliche solo se le turbine si trovano al di fuori di importanti aree per la biodiversit\u00e0, ed energia idroelettrica solamente da installazioni che garantiscono un flusso continuo e sono funzionali alla migrazione ittica. <\/p>\n\n\n\n<p>Dai un&#8217;occhiata ai nostri <a href=\"https:\/\/www.ekoenergy.org\/it\/ecolabel\/\">Criteri di Sostenibilit\u00e0<\/a>!<\/p>\n\n\n\n<p><\/p>\n\n\n\n<h2 class=\"wp-block-heading\">Migliaia di installazioni approvate in tutto il mondo <\/h2>\n\n\n\n<p>L&#8217;eco-etichetta EKOenergy \u00e8 correntemente utilizzata in pi\u00f9 di 70 paesi e<strong> l&#8217;elettricit\u00e0 con marchio EKOenergy proviene da pi\u00f9 di 1000 installazioni approvate<\/strong>. Nella maggior parte dei casi, EKOenergy proviene da installazioni situate nello stesso paese dove ne avviene il consumo, o paesi limitrofi. La prossimit\u00e0 dipende dalle preferenze del consumatore. Lavoriamo a stretto contatto con i nostri venditori autorizzati per venire incontro alle loro richieste addizionali o alle aspettative dei clienti.<\/p>\n\n\n\n<p>Per informazione generale, \u00e8 possibile vedere la posizione di alcune delle installazioni pre-approvate sulla mappa sottostante. Si prega di notare che non si tratta di un elenco completo, ma solo di un numero limitato di impianti.<\/p>\n\n\n\n<p>I venditori autorizzati di EKOenergy hanno accesso al database di EKOdirect, dove \u00e8 possibile visualizzare tutti gli impianti pre-approvati e presentare le richieste di pre-approvazione.<\/p>\n\n\n\n<p><\/p>\n\n\n\n<div style=\"height:20px\" aria-hidden=\"true\" class=\"wp-block-spacer\"><\/div>\n\n\n\n<iframe id=\"footer-map\" style=\"width: 100%; height: 480px;\" src=\"https:\/\/www.google.com\/maps\/d\/u\/1\/embed?mid=1v2soqM8yXyeVY_Q31Rn98WhcLT0aVlbr\" width=\"640\" height=\"480\"><\/iframe>\n\n\n\n<p><\/p>\n","protected":false},"excerpt":{"rendered":"<p>La provenienza dell&#8217;energia a marchio EKOenergy EKOenergy non certifica le centrali di produzione, n\u00e9 funge da etichetta per la produzione di energia. Solo i volumi venduti\/consumati possono essere etichettati come EKOenergy. Tuttavia, prendiamo in considerazione anche l&#8217;origine dell&#8217;energia. L&#8217;energia, per essere venduta venduta o consumata con marchio EKOenergy, deve soddisfare i nostri criteri di sostenibilit\u00e0. [&hellip;]<\/p>\n","protected":false},"author":2,"featured_media":124675,"parent":2697,"menu_order":2,"comment_status":"closed","ping_status":"closed","template":"","meta":{"inline_featured_image":false,"_uag_custom_page_level_css":"","site-sidebar-layout":"default","site-content-layout":"default","ast-site-content-layout":"default","site-content-style":"default","site-sidebar-style":"default","ast-global-header-display":"","ast-banner-title-visibility":"","ast-main-header-display":"","ast-hfb-above-header-display":"","ast-hfb-below-header-display":"","ast-hfb-mobile-header-display":"","site-post-title":"disabled","ast-breadcrumbs-content":"","ast-featured-img":"","footer-sml-layout":"","ast-disable-related-posts":"","theme-transparent-header-meta":"default","adv-header-id-meta":"","stick-header-meta":"default","header-above-stick-meta":"","header-main-stick-meta":"","header-below-stick-meta":"","astra-migrate-meta-layouts":"default","ast-page-background-enabled":"default","ast-page-background-meta":{"desktop":{"background-color":"","background-image":"","background-repeat":"repeat","background-position":"center center","background-size":"auto","background-attachment":"scroll","background-type":"","background-media":"","overlay-type":"","overlay-color":"","overlay-opacity":"","overlay-gradient":""},"tablet":{"background-color":"","background-image":"","background-repeat":"repeat","background-position":"center center","background-size":"auto","background-attachment":"scroll","background-type":"","background-media":"","overlay-type":"","overlay-color":"","overlay-opacity":"","overlay-gradient":""},"mobile":{"background-color":"","background-image":"","background-repeat":"repeat","background-position":"center center","background-size":"auto","background-attachment":"scroll","background-type":"","background-media":"","overlay-type":"","overlay-color":"","overlay-opacity":"","overlay-gradient":""}},"ast-content-background-meta":{"desktop":{"background-color":"var(--ast-global-color-5)","background-image":"","background-repeat":"repeat","background-position":"center center","background-size":"auto","background-attachment":"scroll","background-type":"","background-media":"","overlay-type":"","overlay-color":"","overlay-opacity":"","overlay-gradient":""},"tablet":{"background-color":"var(--ast-global-color-5)","background-image":"","background-repeat":"repeat","background-position":"center center","background-size":"auto","background-attachment":"scroll","background-type":"","background-media":"","overlay-type":"","overlay-color":"","overlay-opacity":"","overlay-gradient":""},"mobile":{"background-color":"var(--ast-global-color-5)","background-image":"","background-repeat":"repeat","background-position":"center center","background-size":"auto","background-attachment":"scroll","background-type":"","background-media":"","overlay-type":"","overlay-color":"","overlay-opacity":"","overlay-gradient":""}},"footnotes":""},"class_list":["post-3139","page","type-page","status-publish","has-post-thumbnail","hentry"],"yoast_head":"<!-- This site is optimized with the Yoast SEO plugin v27.3 - https:\/\/yoast.com\/product\/yoast-seo-wordpress\/ -->\n<title>Centrali approvate - EKOenergy ecolabel<\/title>\n<meta name=\"description\" content=\"We take into account the origin of energy. Only electricity from power plants that fulfill our sustainability criteria can be sold with our ecolabel.\" \/>\n<meta name=\"robots\" content=\"index, follow, max-snippet:-1, max-image-preview:large, max-video-preview:-1\" \/>\n<link rel=\"canonical\" href=\"https:\/\/www.ekoenergy.org\/it\/ecolabel\/power-plants\/\" \/>\n<meta property=\"og:locale\" content=\"it_IT\" \/>\n<meta property=\"og:type\" content=\"article\" \/>\n<meta property=\"og:title\" content=\"Centrali approvate - EKOenergy ecolabel\" \/>\n<meta property=\"og:description\" content=\"We take into account the origin of energy. Only electricity from power plants that fulfill our sustainability criteria can be sold with our ecolabel.\" \/>\n<meta property=\"og:url\" content=\"https:\/\/www.ekoenergy.org\/it\/ecolabel\/power-plants\/\" \/>\n<meta property=\"og:site_name\" content=\"EKOenergy ecolabel\" \/>\n<meta property=\"article:publisher\" content=\"https:\/\/www.facebook.com\/EKOenergy.ecolabel\/\" \/>\n<meta property=\"article:modified_time\" content=\"2023-08-29T13:25:43+00:00\" \/>\n<meta property=\"og:image\" content=\"https:\/\/www.ekoenergy.org\/wp-content\/uploads\/wind-turbines-Pixabay-distelAPPArath.jpg\" \/>\n\t<meta property=\"og:image:width\" content=\"1280\" \/>\n\t<meta property=\"og:image:height\" content=\"855\" \/>\n\t<meta property=\"og:image:type\" content=\"image\/jpeg\" \/>\n<meta name=\"twitter:card\" content=\"summary_large_image\" \/>\n<meta name=\"twitter:site\" content=\"@EKOenergy_\" \/>\n<meta name=\"twitter:label1\" content=\"Tempo di lettura stimato\" \/>\n\t<meta name=\"twitter:data1\" content=\"2 minuti\" \/>\n<script type=\"application\/ld+json\" class=\"yoast-schema-graph\">{\"@context\":\"https:\\\/\\\/schema.org\",\"@graph\":[{\"@type\":\"WebPage\",\"@id\":\"https:\\\/\\\/www.ekoenergy.org\\\/it\\\/ecolabel\\\/power-plants\\\/\",\"url\":\"https:\\\/\\\/www.ekoenergy.org\\\/it\\\/ecolabel\\\/power-plants\\\/\",\"name\":\"Centrali approvate - EKOenergy ecolabel\",\"isPartOf\":{\"@id\":\"https:\\\/\\\/www.ekoenergy.org\\\/it\\\/#website\"},\"primaryImageOfPage\":{\"@id\":\"https:\\\/\\\/www.ekoenergy.org\\\/it\\\/ecolabel\\\/power-plants\\\/#primaryimage\"},\"image\":{\"@id\":\"https:\\\/\\\/www.ekoenergy.org\\\/it\\\/ecolabel\\\/power-plants\\\/#primaryimage\"},\"thumbnailUrl\":\"https:\\\/\\\/www.ekoenergy.org\\\/wp-content\\\/uploads\\\/wind-turbines-Pixabay-distelAPPArath.jpg\",\"datePublished\":\"2019-12-04T13:41:02+00:00\",\"dateModified\":\"2023-08-29T13:25:43+00:00\",\"description\":\"We take into account the origin of energy. Only electricity from power plants that fulfill our sustainability criteria can be sold with our ecolabel.\",\"breadcrumb\":{\"@id\":\"https:\\\/\\\/www.ekoenergy.org\\\/it\\\/ecolabel\\\/power-plants\\\/#breadcrumb\"},\"inLanguage\":\"it-IT\",\"potentialAction\":[{\"@type\":\"ReadAction\",\"target\":[\"https:\\\/\\\/www.ekoenergy.org\\\/it\\\/ecolabel\\\/power-plants\\\/\"]}]},{\"@type\":\"ImageObject\",\"inLanguage\":\"it-IT\",\"@id\":\"https:\\\/\\\/www.ekoenergy.org\\\/it\\\/ecolabel\\\/power-plants\\\/#primaryimage\",\"url\":\"https:\\\/\\\/www.ekoenergy.org\\\/wp-content\\\/uploads\\\/wind-turbines-Pixabay-distelAPPArath.jpg\",\"contentUrl\":\"https:\\\/\\\/www.ekoenergy.org\\\/wp-content\\\/uploads\\\/wind-turbines-Pixabay-distelAPPArath.jpg\",\"width\":1280,\"height\":855},{\"@type\":\"BreadcrumbList\",\"@id\":\"https:\\\/\\\/www.ekoenergy.org\\\/it\\\/ecolabel\\\/power-plants\\\/#breadcrumb\",\"itemListElement\":[{\"@type\":\"ListItem\",\"position\":1,\"name\":\"Home\",\"item\":\"https:\\\/\\\/www.ekoenergy.org\\\/it\\\/\"},{\"@type\":\"ListItem\",\"position\":2,\"name\":\"Il marchio\",\"item\":\"https:\\\/\\\/www.ekoenergy.org\\\/it\\\/ecolabel\\\/\"},{\"@type\":\"ListItem\",\"position\":3,\"name\":\"Centrali approvate\"}]},{\"@type\":\"WebSite\",\"@id\":\"https:\\\/\\\/www.ekoenergy.org\\\/it\\\/#website\",\"url\":\"https:\\\/\\\/www.ekoenergy.org\\\/it\\\/\",\"name\":\"EKOenergy ecolabel\",\"description\":\"The global nonprofit ecolabel for renewable energy\",\"publisher\":{\"@id\":\"https:\\\/\\\/www.ekoenergy.org\\\/it\\\/#organization\"},\"potentialAction\":[{\"@type\":\"SearchAction\",\"target\":{\"@type\":\"EntryPoint\",\"urlTemplate\":\"https:\\\/\\\/www.ekoenergy.org\\\/it\\\/?s={search_term_string}\"},\"query-input\":{\"@type\":\"PropertyValueSpecification\",\"valueRequired\":true,\"valueName\":\"search_term_string\"}}],\"inLanguage\":\"it-IT\"},{\"@type\":\"Organization\",\"@id\":\"https:\\\/\\\/www.ekoenergy.org\\\/it\\\/#organization\",\"name\":\"Not-for-profit Organisation EKOenergy\",\"url\":\"https:\\\/\\\/www.ekoenergy.org\\\/it\\\/\",\"logo\":{\"@type\":\"ImageObject\",\"inLanguage\":\"it-IT\",\"@id\":\"https:\\\/\\\/www.ekoenergy.org\\\/it\\\/#\\\/schema\\\/logo\\\/image\\\/\",\"url\":\"https:\\\/\\\/www.ekoenergy.org\\\/wp-content\\\/uploads\\\/logo-EKOenergy-no-text.jpg\",\"contentUrl\":\"https:\\\/\\\/www.ekoenergy.org\\\/wp-content\\\/uploads\\\/logo-EKOenergy-no-text.jpg\",\"width\":1600,\"height\":1600,\"caption\":\"Not-for-profit Organisation EKOenergy\"},\"image\":{\"@id\":\"https:\\\/\\\/www.ekoenergy.org\\\/it\\\/#\\\/schema\\\/logo\\\/image\\\/\"},\"sameAs\":[\"https:\\\/\\\/www.facebook.com\\\/EKOenergy.ecolabel\\\/\",\"https:\\\/\\\/x.com\\\/EKOenergy_\",\"https:\\\/\\\/www.instagram.com\\\/ekoenergy\\\/\",\"https:\\\/\\\/www.linkedin.com\\\/company\\\/ekoenergy-ecolabel\\\/\",\"https:\\\/\\\/www.youtube.com\\\/EKOenergy-ecolabel\",\"https:\\\/\\\/en.wikipedia.org\\\/wiki\\\/EKOenergy\"]}]}<\/script>\n<!-- \/ Yoast SEO plugin. -->","yoast_head_json":{"title":"Centrali approvate - EKOenergy ecolabel","description":"We take into account the origin of energy. Only electricity from power plants that fulfill our sustainability criteria can be sold with our ecolabel.","robots":{"index":"index","follow":"follow","max-snippet":"max-snippet:-1","max-image-preview":"max-image-preview:large","max-video-preview":"max-video-preview:-1"},"canonical":"https:\/\/www.ekoenergy.org\/it\/ecolabel\/power-plants\/","og_locale":"it_IT","og_type":"article","og_title":"Centrali approvate - EKOenergy ecolabel","og_description":"We take into account the origin of energy. Only electricity from power plants that fulfill our sustainability criteria can be sold with our ecolabel.","og_url":"https:\/\/www.ekoenergy.org\/it\/ecolabel\/power-plants\/","og_site_name":"EKOenergy ecolabel","article_publisher":"https:\/\/www.facebook.com\/EKOenergy.ecolabel\/","article_modified_time":"2023-08-29T13:25:43+00:00","og_image":[{"width":1280,"height":855,"url":"https:\/\/www.ekoenergy.org\/wp-content\/uploads\/wind-turbines-Pixabay-distelAPPArath.jpg","type":"image\/jpeg"}],"twitter_card":"summary_large_image","twitter_site":"@EKOenergy_","twitter_misc":{"Tempo di lettura stimato":"2 minuti"},"schema":{"@context":"https:\/\/schema.org","@graph":[{"@type":"WebPage","@id":"https:\/\/www.ekoenergy.org\/it\/ecolabel\/power-plants\/","url":"https:\/\/www.ekoenergy.org\/it\/ecolabel\/power-plants\/","name":"Centrali approvate - EKOenergy ecolabel","isPartOf":{"@id":"https:\/\/www.ekoenergy.org\/it\/#website"},"primaryImageOfPage":{"@id":"https:\/\/www.ekoenergy.org\/it\/ecolabel\/power-plants\/#primaryimage"},"image":{"@id":"https:\/\/www.ekoenergy.org\/it\/ecolabel\/power-plants\/#primaryimage"},"thumbnailUrl":"https:\/\/www.ekoenergy.org\/wp-content\/uploads\/wind-turbines-Pixabay-distelAPPArath.jpg","datePublished":"2019-12-04T13:41:02+00:00","dateModified":"2023-08-29T13:25:43+00:00","description":"We take into account the origin of energy. Only electricity from power plants that fulfill our sustainability criteria can be sold with our ecolabel.","breadcrumb":{"@id":"https:\/\/www.ekoenergy.org\/it\/ecolabel\/power-plants\/#breadcrumb"},"inLanguage":"it-IT","potentialAction":[{"@type":"ReadAction","target":["https:\/\/www.ekoenergy.org\/it\/ecolabel\/power-plants\/"]}]},{"@type":"ImageObject","inLanguage":"it-IT","@id":"https:\/\/www.ekoenergy.org\/it\/ecolabel\/power-plants\/#primaryimage","url":"https:\/\/www.ekoenergy.org\/wp-content\/uploads\/wind-turbines-Pixabay-distelAPPArath.jpg","contentUrl":"https:\/\/www.ekoenergy.org\/wp-content\/uploads\/wind-turbines-Pixabay-distelAPPArath.jpg","width":1280,"height":855},{"@type":"BreadcrumbList","@id":"https:\/\/www.ekoenergy.org\/it\/ecolabel\/power-plants\/#breadcrumb","itemListElement":[{"@type":"ListItem","position":1,"name":"Home","item":"https:\/\/www.ekoenergy.org\/it\/"},{"@type":"ListItem","position":2,"name":"Il marchio","item":"https:\/\/www.ekoenergy.org\/it\/ecolabel\/"},{"@type":"ListItem","position":3,"name":"Centrali approvate"}]},{"@type":"WebSite","@id":"https:\/\/www.ekoenergy.org\/it\/#website","url":"https:\/\/www.ekoenergy.org\/it\/","name":"EKOenergy ecolabel","description":"The global nonprofit ecolabel for renewable energy","publisher":{"@id":"https:\/\/www.ekoenergy.org\/it\/#organization"},"potentialAction":[{"@type":"SearchAction","target":{"@type":"EntryPoint","urlTemplate":"https:\/\/www.ekoenergy.org\/it\/?s={search_term_string}"},"query-input":{"@type":"PropertyValueSpecification","valueRequired":true,"valueName":"search_term_string"}}],"inLanguage":"it-IT"},{"@type":"Organization","@id":"https:\/\/www.ekoenergy.org\/it\/#organization","name":"Not-for-profit Organisation EKOenergy","url":"https:\/\/www.ekoenergy.org\/it\/","logo":{"@type":"ImageObject","inLanguage":"it-IT","@id":"https:\/\/www.ekoenergy.org\/it\/#\/schema\/logo\/image\/","url":"https:\/\/www.ekoenergy.org\/wp-content\/uploads\/logo-EKOenergy-no-text.jpg","contentUrl":"https:\/\/www.ekoenergy.org\/wp-content\/uploads\/logo-EKOenergy-no-text.jpg","width":1600,"height":1600,"caption":"Not-for-profit Organisation EKOenergy"},"image":{"@id":"https:\/\/www.ekoenergy.org\/it\/#\/schema\/logo\/image\/"},"sameAs":["https:\/\/www.facebook.com\/EKOenergy.ecolabel\/","https:\/\/x.com\/EKOenergy_","https:\/\/www.instagram.com\/ekoenergy\/","https:\/\/www.linkedin.com\/company\/ekoenergy-ecolabel\/","https:\/\/www.youtube.com\/EKOenergy-ecolabel","https:\/\/en.wikipedia.org\/wiki\/EKOenergy"]}]}},"uagb_featured_image_src":{"full":["https:\/\/www.ekoenergy.org\/wp-content\/uploads\/wind-turbines-Pixabay-distelAPPArath.jpg",1280,855,false],"thumbnail":["https:\/\/www.ekoenergy.org\/wp-content\/uploads\/wind-turbines-Pixabay-distelAPPArath-150x150.jpg",150,150,true],"medium":["https:\/\/www.ekoenergy.org\/wp-content\/uploads\/wind-turbines-Pixabay-distelAPPArath-320x214.jpg",320,214,true],"medium_large":["https:\/\/www.ekoenergy.org\/wp-content\/uploads\/wind-turbines-Pixabay-distelAPPArath-768x513.jpg",768,513,true],"large":["https:\/\/www.ekoenergy.org\/wp-content\/uploads\/wind-turbines-Pixabay-distelAPPArath-1024x684.jpg",1024,684,true],"1536x1536":["https:\/\/www.ekoenergy.org\/wp-content\/uploads\/wind-turbines-Pixabay-distelAPPArath.jpg",1280,855,false],"2048x2048":["https:\/\/www.ekoenergy.org\/wp-content\/uploads\/wind-turbines-Pixabay-distelAPPArath.jpg",1280,855,false]},"uagb_author_info":{"display_name":"Steven Vanholme","author_link":"https:\/\/www.ekoenergy.org\/it\/author\/svanholme\/"},"uagb_comment_info":0,"uagb_excerpt":"La provenienza dell&#8217;energia a marchio EKOenergy EKOenergy non certifica le centrali di produzione, n\u00e9 funge da etichetta per la produzione di energia. Solo i volumi venduti\/consumati possono essere etichettati come EKOenergy. Tuttavia, prendiamo in considerazione anche l&#8217;origine dell&#8217;energia. L&#8217;energia, per essere venduta venduta o consumata con marchio EKOenergy, deve soddisfare i nostri criteri di sostenibilit\u00e0.&hellip;","_links":{"self":[{"href":"https:\/\/www.ekoenergy.org\/it\/wp-json\/wp\/v2\/pages\/3139","targetHints":{"allow":["GET"]}}],"collection":[{"href":"https:\/\/www.ekoenergy.org\/it\/wp-json\/wp\/v2\/pages"}],"about":[{"href":"https:\/\/www.ekoenergy.org\/it\/wp-json\/wp\/v2\/types\/page"}],"author":[{"embeddable":true,"href":"https:\/\/www.ekoenergy.org\/it\/wp-json\/wp\/v2\/users\/2"}],"replies":[{"embeddable":true,"href":"https:\/\/www.ekoenergy.org\/it\/wp-json\/wp\/v2\/comments?post=3139"}],"version-history":[{"count":3,"href":"https:\/\/www.ekoenergy.org\/it\/wp-json\/wp\/v2\/pages\/3139\/revisions"}],"predecessor-version":[{"id":150358,"href":"https:\/\/www.ekoenergy.org\/it\/wp-json\/wp\/v2\/pages\/3139\/revisions\/150358"}],"up":[{"embeddable":true,"href":"https:\/\/www.ekoenergy.org\/it\/wp-json\/wp\/v2\/pages\/2697"}],"wp:featuredmedia":[{"embeddable":true,"href":"https:\/\/www.ekoenergy.org\/it\/wp-json\/wp\/v2\/media\/124675"}],"wp:attachment":[{"href":"https:\/\/www.ekoenergy.org\/it\/wp-json\/wp\/v2\/media?parent=3139"}],"curies":[{"name":"wp","href":"https:\/\/api.w.org\/{rel}","templated":true}]}}