{"id":3633,"date":"2019-12-04T13:53:51","date_gmt":"2019-12-04T13:53:51","guid":{"rendered":"https:\/\/www.ekoenergy.org\/our-results\/freshabit\/"},"modified":"2020-02-27T17:08:14","modified_gmt":"2020-02-27T17:08:14","slug":"freshabit","status":"publish","type":"page","link":"https:\/\/www.ekoenergy.org\/it\/our-results\/freshabit\/","title":{"rendered":"Progetto Freshabit LIFE"},"content":{"rendered":"\n<h1 class=\"wp-block-heading\">Energia idroelettrica pi\u00f9 sostenibile: FRESHABIT LIFE<\/h1>\n\n\n\n<div class=\"wp-block-image\"><figure class=\"alignright size-large is-resized\"><img decoding=\"async\" src=\"https:\/\/www.ekoenergy.org\/wp-content\/uploads\/FRESHABIT-logo.png\" alt=\"FRESHABIT logo\" class=\"wp-image-13470\" width=\"202\" height=\"178\"\/><\/figure><\/div>\n\n\n\n<p>EKOenergy e l&#8217;Associazione Finlandese per la Salvaguardia della Natura (FANC) partecipano al progetto europeo <em>Freshabit Life<\/em> 2016-2022. Il progetto ha lo scopo di migliorare lo stato, la gestione e l&#8217;uso delle risorse di acqua dolce in Finlandia. Le modalit\u00e0 con cui verr\u00e0 realizzato il progetto sono diverse, tra cui riqualificazioni fluviali, educazione ambientale e ricerca. Il progetto, nel quale sono incluse autorit\u00e0 nazionali, locali e organizzazioni non governative, \u00e8 coordinato da <em>Mets\u00e4hallitus<\/em>, ente che si occupa della gestione delle foreste in Finlandia.<\/p>\n\n\n\n<h2 class=\"wp-block-heading\">Il nostro ruolo all&#8217;interno del progetto<\/h2>\n\n\n\n<h3 class=\"wp-block-heading\">Informazioni chiare e corrette<\/h3>\n\n\n\n<p>Diffondiamo informazioni chiare e corrette sugli impatti che l&#8217;energia idroelettrica causa sulla natura e sulle possibilit\u00e0 di mitigarli.<\/p>\n\n\n\n<ul class=\"wp-block-list\"><li>Abbiamo organizzato un seminario sui passaggi ittici. Il materiale \u00e8 disponibile alla pagina <a rel=\"noreferrer noopener\" href=\"https:\/\/www.sll.fi\/mita-me-teemme\/vedet\/freshabit-life-vesistohanke\/tapahtumat-kalatieseminaari\" target=\"_blank\">sll.fi\/kalatieseminaari<\/a>.<\/li><li>Abbiamo realizzato un sito web di facile comprensione riguardante gli impatti dell&#8217;energia idroelettrica. La maggior parte del sito \u00e8 in finlandese, ma alcune pagine sono disponibili anche in inglese. Dai un&#8217;occhiata al sito <a rel=\"noreferrer noopener\" aria-label=\"www.vesivoimanluonto.org (opens in a new tab)\" href=\"https:\/\/www.vesivoimanluonto.org\" target=\"_blank\">www.vesivoimanluonto.org<\/a>.<\/li><li>Ogni anno incontriamo decine di consumatori e li incoraggiamo a tenere conto dell&#8217;impatto che il loro consumo energetico causa sull&#8217;ambiente. <\/li><li>Abbiamo avviato una campagna riguardante l&#8217;energia idroelettrica nel 2018. <\/li><\/ul>\n\n\n\n<h3 class=\"wp-block-heading\">Nuovi criteri per l&#8217;energia idroelettrica<\/h3>\n\n\n\n<p>In quanto organizzazione parte del progetto <em>Freshabit<\/em>, abbiamo aggiornato i criteri per l&#8217;energia idroelettrica di EKOenergy nel 2020. Visita la pagina &#8220;<a href=\"https:\/\/www.ekoenergy.org\/it\/ecolabel\/criteria\/electricity\/\">Criteri EKOenergy per l\u2019elettricit\u00e0<\/a>&#8220;.<\/p>\n\n\n\n<h2 class=\"wp-block-heading\">Il programma LIFE<\/h2>\n\n\n\n<div class=\"wp-block-image\"><figure class=\"alignleft size-large is-resized\"><img decoding=\"async\" src=\"https:\/\/www.ekoenergy.org\/wp-content\/uploads\/Logo_Life_Natura2000.jpg\" alt=\"Logo_Life_Natura2000\" class=\"wp-image-13318\" width=\"127\" height=\"203\"\/><\/figure><\/div>\n\n\n\n<p><em>Il programma LIFE \u00e8 lo strumento di finanziamento dell&#8217;UE per sostenere progetti per l&#8217;ambiente e contrastare il cambiamento climatico. La componente &#8220;Natura e Biodiversit\u00e0&#8221; di LIFE cofinanzia progetti di best practices per la natura. Si concentra sull&#8217;attuazione delle Direttive Uccelli e Habitat dell&#8217;UE e sulla gestione della rete Natura 2000. Natura 2000 \u00e8 la rete europea di siti di interesse comunitario e di zone di protezione speciale<\/em>.<\/p>\n\n\n\n<p><em>Freshabit LIFE \u00e8 il pi\u00f9 grande progetto LIFE realizzato finora in Finlandia.<\/em><\/p>\n","protected":false},"excerpt":{"rendered":"<p>Energia idroelettrica pi\u00f9 sostenibile: FRESHABIT LIFE EKOenergy e l&#8217;Associazione Finlandese per la Salvaguardia della Natura (FANC) partecipano al progetto europeo Freshabit Life 2016-2022. Il progetto ha lo scopo di migliorare lo stato, la gestione e l&#8217;uso delle risorse di acqua dolce in Finlandia. Le modalit\u00e0 con cui verr\u00e0 realizzato il progetto sono diverse, tra cui [&hellip;]<\/p>\n","protected":false},"author":17,"featured_media":38308,"parent":2818,"menu_order":4,"comment_status":"closed","ping_status":"closed","template":"","meta":{"inline_featured_image":false,"_uag_custom_page_level_css":"","site-sidebar-layout":"default","site-content-layout":"default","ast-site-content-layout":"default","site-content-style":"default","site-sidebar-style":"default","ast-global-header-display":"","ast-banner-title-visibility":"","ast-main-header-display":"","ast-hfb-above-header-display":"","ast-hfb-below-header-display":"","ast-hfb-mobile-header-display":"","site-post-title":"disabled","ast-breadcrumbs-content":"","ast-featured-img":"","footer-sml-layout":"","ast-disable-related-posts":"","theme-transparent-header-meta":"default","adv-header-id-meta":"","stick-header-meta":"default","header-above-stick-meta":"","header-main-stick-meta":"","header-below-stick-meta":"","astra-migrate-meta-layouts":"default","ast-page-background-enabled":"default","ast-page-background-meta":{"desktop":{"background-color":"","background-image":"","background-repeat":"repeat","background-position":"center center","background-size":"auto","background-attachment":"scroll","background-type":"","background-media":"","overlay-type":"","overlay-color":"","overlay-opacity":"","overlay-gradient":""},"tablet":{"background-color":"","background-image":"","background-repeat":"repeat","background-position":"center center","background-size":"auto","background-attachment":"scroll","background-type":"","background-media":"","overlay-type":"","overlay-color":"","overlay-opacity":"","overlay-gradient":""},"mobile":{"background-color":"","background-image":"","background-repeat":"repeat","background-position":"center center","background-size":"auto","background-attachment":"scroll","background-type":"","background-media":"","overlay-type":"","overlay-color":"","overlay-opacity":"","overlay-gradient":""}},"ast-content-background-meta":{"desktop":{"background-color":"var(--ast-global-color-5)","background-image":"","background-repeat":"repeat","background-position":"center center","background-size":"auto","background-attachment":"scroll","background-type":"","background-media":"","overlay-type":"","overlay-color":"","overlay-opacity":"","overlay-gradient":""},"tablet":{"background-color":"var(--ast-global-color-5)","background-image":"","background-repeat":"repeat","background-position":"center center","background-size":"auto","background-attachment":"scroll","background-type":"","background-media":"","overlay-type":"","overlay-color":"","overlay-opacity":"","overlay-gradient":""},"mobile":{"background-color":"var(--ast-global-color-5)","background-image":"","background-repeat":"repeat","background-position":"center center","background-size":"auto","background-attachment":"scroll","background-type":"","background-media":"","overlay-type":"","overlay-color":"","overlay-opacity":"","overlay-gradient":""}},"footnotes":""},"class_list":["post-3633","page","type-page","status-publish","has-post-thumbnail","hentry"],"yoast_head":"<!-- This site is optimized with the Yoast SEO plugin v27.5 - https:\/\/yoast.com\/product\/yoast-seo-wordpress\/ -->\n<title>Progetto Freshabit LIFE - EKOenergy ecolabel<\/title>\n<meta name=\"description\" content=\"EKOenergy e l&#039;Associazione Finlandese per la Salvaguardia della Natura (FANC) partecipano al progetto europeo Freshabit Life 2016-2022.\" \/>\n<meta name=\"robots\" content=\"index, follow, max-snippet:-1, max-image-preview:large, max-video-preview:-1\" \/>\n<link rel=\"canonical\" href=\"https:\/\/www.ekoenergy.org\/it\/our-results\/freshabit\/\" \/>\n<meta property=\"og:locale\" content=\"it_IT\" \/>\n<meta property=\"og:type\" content=\"article\" \/>\n<meta property=\"og:title\" content=\"Progetto Freshabit LIFE - EKOenergy ecolabel\" \/>\n<meta property=\"og:description\" content=\"EKOenergy e l&#039;Associazione Finlandese per la Salvaguardia della Natura (FANC) partecipano al progetto europeo Freshabit Life 2016-2022.\" \/>\n<meta property=\"og:url\" content=\"https:\/\/www.ekoenergy.org\/it\/our-results\/freshabit\/\" \/>\n<meta property=\"og:site_name\" content=\"EKOenergy ecolabel\" \/>\n<meta property=\"article:publisher\" content=\"https:\/\/www.facebook.com\/EKOenergy.ecolabel\/\" \/>\n<meta property=\"article:modified_time\" content=\"2020-02-27T17:08:14+00:00\" \/>\n<meta property=\"og:image\" content=\"https:\/\/www.ekoenergy.org\/wp-content\/uploads\/Featured-Hydropower-Freshabit.jpg\" \/>\n\t<meta property=\"og:image:width\" content=\"700\" \/>\n\t<meta property=\"og:image:height\" content=\"507\" \/>\n\t<meta property=\"og:image:type\" content=\"image\/jpeg\" \/>\n<meta name=\"twitter:card\" content=\"summary_large_image\" \/>\n<meta name=\"twitter:site\" content=\"@EKOenergy_\" \/>\n<meta name=\"twitter:label1\" content=\"Tempo di lettura stimato\" \/>\n\t<meta name=\"twitter:data1\" content=\"2 minuti\" \/>\n<script type=\"application\/ld+json\" class=\"yoast-schema-graph\">{\"@context\":\"https:\\\/\\\/schema.org\",\"@graph\":[{\"@type\":\"WebPage\",\"@id\":\"https:\\\/\\\/www.ekoenergy.org\\\/it\\\/our-results\\\/freshabit\\\/\",\"url\":\"https:\\\/\\\/www.ekoenergy.org\\\/it\\\/our-results\\\/freshabit\\\/\",\"name\":\"Progetto Freshabit LIFE - EKOenergy ecolabel\",\"isPartOf\":{\"@id\":\"https:\\\/\\\/www.ekoenergy.org\\\/it\\\/#website\"},\"primaryImageOfPage\":{\"@id\":\"https:\\\/\\\/www.ekoenergy.org\\\/it\\\/our-results\\\/freshabit\\\/#primaryimage\"},\"image\":{\"@id\":\"https:\\\/\\\/www.ekoenergy.org\\\/it\\\/our-results\\\/freshabit\\\/#primaryimage\"},\"thumbnailUrl\":\"https:\\\/\\\/www.ekoenergy.org\\\/wp-content\\\/uploads\\\/post-River-restoration-ekoenergy-team-2019.jpg\",\"datePublished\":\"2019-12-04T13:53:51+00:00\",\"dateModified\":\"2020-02-27T17:08:14+00:00\",\"description\":\"EKOenergy e l'Associazione Finlandese per la Salvaguardia della Natura (FANC) partecipano al progetto europeo Freshabit Life 2016-2022.\",\"breadcrumb\":{\"@id\":\"https:\\\/\\\/www.ekoenergy.org\\\/it\\\/our-results\\\/freshabit\\\/#breadcrumb\"},\"inLanguage\":\"it-IT\",\"potentialAction\":[{\"@type\":\"ReadAction\",\"target\":[\"https:\\\/\\\/www.ekoenergy.org\\\/it\\\/our-results\\\/freshabit\\\/\"]}]},{\"@type\":\"ImageObject\",\"inLanguage\":\"it-IT\",\"@id\":\"https:\\\/\\\/www.ekoenergy.org\\\/it\\\/our-results\\\/freshabit\\\/#primaryimage\",\"url\":\"https:\\\/\\\/www.ekoenergy.org\\\/wp-content\\\/uploads\\\/post-River-restoration-ekoenergy-team-2019.jpg\",\"contentUrl\":\"https:\\\/\\\/www.ekoenergy.org\\\/wp-content\\\/uploads\\\/post-River-restoration-ekoenergy-team-2019.jpg\",\"width\":720,\"height\":540},{\"@type\":\"BreadcrumbList\",\"@id\":\"https:\\\/\\\/www.ekoenergy.org\\\/it\\\/our-results\\\/freshabit\\\/#breadcrumb\",\"itemListElement\":[{\"@type\":\"ListItem\",\"position\":1,\"name\":\"Home\",\"item\":\"https:\\\/\\\/www.ekoenergy.org\\\/it\\\/\"},{\"@type\":\"ListItem\",\"position\":2,\"name\":\"Risultati\",\"item\":\"https:\\\/\\\/www.ekoenergy.org\\\/it\\\/our-results\\\/\"},{\"@type\":\"ListItem\",\"position\":3,\"name\":\"Progetto Freshabit LIFE\"}]},{\"@type\":\"WebSite\",\"@id\":\"https:\\\/\\\/www.ekoenergy.org\\\/it\\\/#website\",\"url\":\"https:\\\/\\\/www.ekoenergy.org\\\/it\\\/\",\"name\":\"EKOenergy ecolabel\",\"description\":\"The global nonprofit ecolabel for renewable energy\",\"publisher\":{\"@id\":\"https:\\\/\\\/www.ekoenergy.org\\\/it\\\/#organization\"},\"potentialAction\":[{\"@type\":\"SearchAction\",\"target\":{\"@type\":\"EntryPoint\",\"urlTemplate\":\"https:\\\/\\\/www.ekoenergy.org\\\/it\\\/?s={search_term_string}\"},\"query-input\":{\"@type\":\"PropertyValueSpecification\",\"valueRequired\":true,\"valueName\":\"search_term_string\"}}],\"inLanguage\":\"it-IT\"},{\"@type\":\"Organization\",\"@id\":\"https:\\\/\\\/www.ekoenergy.org\\\/it\\\/#organization\",\"name\":\"Not-for-profit Organisation EKOenergy\",\"url\":\"https:\\\/\\\/www.ekoenergy.org\\\/it\\\/\",\"logo\":{\"@type\":\"ImageObject\",\"inLanguage\":\"it-IT\",\"@id\":\"https:\\\/\\\/www.ekoenergy.org\\\/it\\\/#\\\/schema\\\/logo\\\/image\\\/\",\"url\":\"https:\\\/\\\/www.ekoenergy.org\\\/wp-content\\\/uploads\\\/logo-EKOenergy-no-text.jpg\",\"contentUrl\":\"https:\\\/\\\/www.ekoenergy.org\\\/wp-content\\\/uploads\\\/logo-EKOenergy-no-text.jpg\",\"width\":1600,\"height\":1600,\"caption\":\"Not-for-profit Organisation EKOenergy\"},\"image\":{\"@id\":\"https:\\\/\\\/www.ekoenergy.org\\\/it\\\/#\\\/schema\\\/logo\\\/image\\\/\"},\"sameAs\":[\"https:\\\/\\\/www.facebook.com\\\/EKOenergy.ecolabel\\\/\",\"https:\\\/\\\/x.com\\\/EKOenergy_\",\"https:\\\/\\\/www.instagram.com\\\/ekoenergy\\\/\",\"https:\\\/\\\/www.linkedin.com\\\/company\\\/ekoenergy-ecolabel\\\/\",\"https:\\\/\\\/www.youtube.com\\\/EKOenergy-ecolabel\",\"https:\\\/\\\/en.wikipedia.org\\\/wiki\\\/EKOenergy\"]}]}<\/script>\n<!-- \/ Yoast SEO plugin. -->","yoast_head_json":{"title":"Progetto Freshabit LIFE - EKOenergy ecolabel","description":"EKOenergy e l'Associazione Finlandese per la Salvaguardia della Natura (FANC) partecipano al progetto europeo Freshabit Life 2016-2022.","robots":{"index":"index","follow":"follow","max-snippet":"max-snippet:-1","max-image-preview":"max-image-preview:large","max-video-preview":"max-video-preview:-1"},"canonical":"https:\/\/www.ekoenergy.org\/it\/our-results\/freshabit\/","og_locale":"it_IT","og_type":"article","og_title":"Progetto Freshabit LIFE - EKOenergy ecolabel","og_description":"EKOenergy e l'Associazione Finlandese per la Salvaguardia della Natura (FANC) partecipano al progetto europeo Freshabit Life 2016-2022.","og_url":"https:\/\/www.ekoenergy.org\/it\/our-results\/freshabit\/","og_site_name":"EKOenergy ecolabel","article_publisher":"https:\/\/www.facebook.com\/EKOenergy.ecolabel\/","article_modified_time":"2020-02-27T17:08:14+00:00","og_image":[{"width":700,"height":507,"url":"https:\/\/www.ekoenergy.org\/wp-content\/uploads\/Featured-Hydropower-Freshabit.jpg","type":"image\/jpeg"}],"twitter_card":"summary_large_image","twitter_site":"@EKOenergy_","twitter_misc":{"Tempo di lettura stimato":"2 minuti"},"schema":{"@context":"https:\/\/schema.org","@graph":[{"@type":"WebPage","@id":"https:\/\/www.ekoenergy.org\/it\/our-results\/freshabit\/","url":"https:\/\/www.ekoenergy.org\/it\/our-results\/freshabit\/","name":"Progetto Freshabit LIFE - EKOenergy ecolabel","isPartOf":{"@id":"https:\/\/www.ekoenergy.org\/it\/#website"},"primaryImageOfPage":{"@id":"https:\/\/www.ekoenergy.org\/it\/our-results\/freshabit\/#primaryimage"},"image":{"@id":"https:\/\/www.ekoenergy.org\/it\/our-results\/freshabit\/#primaryimage"},"thumbnailUrl":"https:\/\/www.ekoenergy.org\/wp-content\/uploads\/post-River-restoration-ekoenergy-team-2019.jpg","datePublished":"2019-12-04T13:53:51+00:00","dateModified":"2020-02-27T17:08:14+00:00","description":"EKOenergy e l'Associazione Finlandese per la Salvaguardia della Natura (FANC) partecipano al progetto europeo Freshabit Life 2016-2022.","breadcrumb":{"@id":"https:\/\/www.ekoenergy.org\/it\/our-results\/freshabit\/#breadcrumb"},"inLanguage":"it-IT","potentialAction":[{"@type":"ReadAction","target":["https:\/\/www.ekoenergy.org\/it\/our-results\/freshabit\/"]}]},{"@type":"ImageObject","inLanguage":"it-IT","@id":"https:\/\/www.ekoenergy.org\/it\/our-results\/freshabit\/#primaryimage","url":"https:\/\/www.ekoenergy.org\/wp-content\/uploads\/post-River-restoration-ekoenergy-team-2019.jpg","contentUrl":"https:\/\/www.ekoenergy.org\/wp-content\/uploads\/post-River-restoration-ekoenergy-team-2019.jpg","width":720,"height":540},{"@type":"BreadcrumbList","@id":"https:\/\/www.ekoenergy.org\/it\/our-results\/freshabit\/#breadcrumb","itemListElement":[{"@type":"ListItem","position":1,"name":"Home","item":"https:\/\/www.ekoenergy.org\/it\/"},{"@type":"ListItem","position":2,"name":"Risultati","item":"https:\/\/www.ekoenergy.org\/it\/our-results\/"},{"@type":"ListItem","position":3,"name":"Progetto Freshabit LIFE"}]},{"@type":"WebSite","@id":"https:\/\/www.ekoenergy.org\/it\/#website","url":"https:\/\/www.ekoenergy.org\/it\/","name":"EKOenergy ecolabel","description":"The global nonprofit ecolabel for renewable energy","publisher":{"@id":"https:\/\/www.ekoenergy.org\/it\/#organization"},"potentialAction":[{"@type":"SearchAction","target":{"@type":"EntryPoint","urlTemplate":"https:\/\/www.ekoenergy.org\/it\/?s={search_term_string}"},"query-input":{"@type":"PropertyValueSpecification","valueRequired":true,"valueName":"search_term_string"}}],"inLanguage":"it-IT"},{"@type":"Organization","@id":"https:\/\/www.ekoenergy.org\/it\/#organization","name":"Not-for-profit Organisation EKOenergy","url":"https:\/\/www.ekoenergy.org\/it\/","logo":{"@type":"ImageObject","inLanguage":"it-IT","@id":"https:\/\/www.ekoenergy.org\/it\/#\/schema\/logo\/image\/","url":"https:\/\/www.ekoenergy.org\/wp-content\/uploads\/logo-EKOenergy-no-text.jpg","contentUrl":"https:\/\/www.ekoenergy.org\/wp-content\/uploads\/logo-EKOenergy-no-text.jpg","width":1600,"height":1600,"caption":"Not-for-profit Organisation EKOenergy"},"image":{"@id":"https:\/\/www.ekoenergy.org\/it\/#\/schema\/logo\/image\/"},"sameAs":["https:\/\/www.facebook.com\/EKOenergy.ecolabel\/","https:\/\/x.com\/EKOenergy_","https:\/\/www.instagram.com\/ekoenergy\/","https:\/\/www.linkedin.com\/company\/ekoenergy-ecolabel\/","https:\/\/www.youtube.com\/EKOenergy-ecolabel","https:\/\/en.wikipedia.org\/wiki\/EKOenergy"]}]}},"uagb_featured_image_src":{"full":["https:\/\/www.ekoenergy.org\/wp-content\/uploads\/post-River-restoration-ekoenergy-team-2019.jpg",720,540,false],"thumbnail":["https:\/\/www.ekoenergy.org\/wp-content\/uploads\/post-River-restoration-ekoenergy-team-2019-150x150.jpg",150,150,true],"medium":["https:\/\/www.ekoenergy.org\/wp-content\/uploads\/post-River-restoration-ekoenergy-team-2019-320x240.jpg",320,240,true],"medium_large":["https:\/\/www.ekoenergy.org\/wp-content\/uploads\/post-River-restoration-ekoenergy-team-2019.jpg",720,540,false],"large":["https:\/\/www.ekoenergy.org\/wp-content\/uploads\/post-River-restoration-ekoenergy-team-2019.jpg",720,540,false],"1536x1536":["https:\/\/www.ekoenergy.org\/wp-content\/uploads\/post-River-restoration-ekoenergy-team-2019.jpg",720,540,false],"2048x2048":["https:\/\/www.ekoenergy.org\/wp-content\/uploads\/post-River-restoration-ekoenergy-team-2019.jpg",720,540,false]},"uagb_author_info":{"display_name":"EKOenergy ecolabel","author_link":"https:\/\/www.ekoenergy.org\/it\/author\/ekoenergy\/"},"uagb_comment_info":0,"uagb_excerpt":"Energia idroelettrica pi\u00f9 sostenibile: FRESHABIT LIFE EKOenergy e l&#8217;Associazione Finlandese per la Salvaguardia della Natura (FANC) partecipano al progetto europeo Freshabit Life 2016-2022. Il progetto ha lo scopo di migliorare lo stato, la gestione e l&#8217;uso delle risorse di acqua dolce in Finlandia. Le modalit\u00e0 con cui verr\u00e0 realizzato il progetto sono diverse, tra cui&hellip;","_links":{"self":[{"href":"https:\/\/www.ekoenergy.org\/it\/wp-json\/wp\/v2\/pages\/3633","targetHints":{"allow":["GET"]}}],"collection":[{"href":"https:\/\/www.ekoenergy.org\/it\/wp-json\/wp\/v2\/pages"}],"about":[{"href":"https:\/\/www.ekoenergy.org\/it\/wp-json\/wp\/v2\/types\/page"}],"author":[{"embeddable":true,"href":"https:\/\/www.ekoenergy.org\/it\/wp-json\/wp\/v2\/users\/17"}],"replies":[{"embeddable":true,"href":"https:\/\/www.ekoenergy.org\/it\/wp-json\/wp\/v2\/comments?post=3633"}],"version-history":[{"count":11,"href":"https:\/\/www.ekoenergy.org\/it\/wp-json\/wp\/v2\/pages\/3633\/revisions"}],"predecessor-version":[{"id":58405,"href":"https:\/\/www.ekoenergy.org\/it\/wp-json\/wp\/v2\/pages\/3633\/revisions\/58405"}],"up":[{"embeddable":true,"href":"https:\/\/www.ekoenergy.org\/it\/wp-json\/wp\/v2\/pages\/2818"}],"wp:featuredmedia":[{"embeddable":true,"href":"https:\/\/www.ekoenergy.org\/it\/wp-json\/wp\/v2\/media\/38308"}],"wp:attachment":[{"href":"https:\/\/www.ekoenergy.org\/it\/wp-json\/wp\/v2\/media?parent=3633"}],"curies":[{"name":"wp","href":"https:\/\/api.w.org\/{rel}","templated":true}]}}