{"id":3466,"date":"2019-12-04T13:58:01","date_gmt":"2019-12-04T13:58:01","guid":{"rendered":"https:\/\/www.ekoenergy.org\/extras\/logo\/"},"modified":"2023-11-29T15:36:51","modified_gmt":"2023-11-29T13:36:51","slug":"logo","status":"publish","type":"page","link":"https:\/\/www.ekoenergy.org\/ja\/extras\/logo\/","title":{"rendered":"Our logo in your communication"},"content":{"rendered":"\n<h1 class=\"wp-block-heading\">Communicating with the EKOenergy logo &#8211; Brand book<\/h1>\n\n\n\n<h2 class=\"wp-block-heading\">Increase your positive impact by inspiring others<\/h2>\n\n\n\n<p>Become part of the worldwide transition towards sustainable, renewable energy: <a href=\"https:\/\/www.ekoenergy.org\/ja\/buying-ekoenergy\/\">become an EKOenergy user<\/a>, and spread the word to others! <\/p>\n\n\n\n<p>EKOenergy\u2019s logo and communication materials are available in many languages and formats. EKOenergy&#8217;s authorised sellers and users of EKOenergy-labelled energy can contact us at <a href=\"mailto:info@ekoenergy.org\">info<img decoding=\"async\" class=\"alignnone\" src=\"https:\/\/www.ekoenergy.org\/wp-content\/uploads\/small-EKOenergy-symbol-for-emails.jpg\" alt=\" \">ekoenergy.org<\/a> to get access to these materials.<\/p>\n\n\n\n<figure class=\"wp-block-image aligncenter size-full\"><img fetchpriority=\"high\" decoding=\"async\" width=\"1024\" height=\"341\" src=\"https:\/\/www.ekoenergy.org\/wp-content\/uploads\/2021_pic-for-thebrandbook-website.png\" alt=\"\" class=\"wp-image-109155\" srcset=\"https:\/\/www.ekoenergy.org\/wp-content\/uploads\/2021_pic-for-thebrandbook-website.png 1024w, https:\/\/www.ekoenergy.org\/wp-content\/uploads\/2021_pic-for-thebrandbook-website-320x107.png 320w, https:\/\/www.ekoenergy.org\/wp-content\/uploads\/2021_pic-for-thebrandbook-website-768x256.png 768w\" sizes=\"(max-width: 1024px) 100vw, 1024px\" \/><\/figure>\n\n\n\n<div style=\"height:20px\" aria-hidden=\"true\" class=\"wp-block-spacer\"><\/div>\n\n\n\n<p>When you use the EKOenergy logo in your communication, you show that you are using renewable energy that comes from the most eco-friendly installations and at the same time you inspire and encourage others to commit to renewable energy. This helps to speed up the transition to a 100% renewable world and increases your positive impact beyond your own choice of renewable energy. <\/p>\n\n\n\n<p>As many choose to use our internationally recognised EKOenergy logo, our network of positive energy is growing in many countries!<\/p>\n\n\n\n<h2 class=\"wp-block-heading\">EKOenergy&#8217;s logo in your publications and on your products and website<\/h2>\n\n\n\n<p>You can use the EKOenergy logo on products, your website, marketing and communication materials, sustainability reports, buildings (such as shops and offices), and more.<\/p>\n\n\n\n<p>Inform EKOenergy&#8217;s Secretariat via <a href=\"mailto:info@ekoenergy.org\">info<img decoding=\"async\" width=\"12\" height=\"12\" class=\"wp-image-29167\" style=\"width: 12px;\" src=\"https:\/\/www.ekoenergy.org\/wp-content\/uploads\/small-EKOenergy-symbol-for-emails.jpg\" alt=\"\">ekoenergy.org<\/a> before using our name and\/or logo in your communication, and remember to always follow the rules of our brand book.<\/p>\n\n\n\n<h2 class=\"wp-block-heading\">Brand book and recommendations<\/h2>\n\n\n\n<p>Our authorised sellers and all EKOenergy consumers are welcome to use the EKOenergy name and logo, given that they inform us before using it for the first time. We appreciate it when you mention and tag us in your social media posts too.<\/p>\n\n\n\n<p>Remember to check out our brand book for additional information and guidelines on how to use our name and logo. <\/p>\n\n\n\n<p>Our brand book is available in the following languages:<\/p>\n\n\n\n<ul class=\"wp-block-list\">\n<li>EN: <a href=\"https:\/\/www.ekoenergy.org\/wp-content\/uploads\/EKOenergy_Brand_book_english.pdf\" target=\"_blank\" rel=\"noreferrer noopener\">EKOenergy&#8217;s brand book &#8211; A guide for communication using the EKOenergy logo<\/a>  <\/li>\n\n\n\n<li>DE: <a href=\"https:\/\/www.ekoenergy.org\/wp-content\/uploads\/EKOenergy-Brand-Book-German.pdf\" target=\"_blank\" rel=\"noreferrer noopener\">EKOenergie Brand Book &#8211; Ein Leitfaden f\u00fcr die Kommunikation unter Verwendung des EKOenergie-Logos<\/a><\/li>\n\n\n\n<li>ES: <a href=\"https:\/\/www.ekoenergy.org\/wp-content\/uploads\/EKOenergy-Brand-Book-2022-Spanish.pdf\" target=\"_blank\" rel=\"noreferrer noopener\">Libro de la marca EKOenerg\u00eda &#8211; Una gu\u00eda para la comunicaci\u00f3n utilizando el logotipo de EKOenerg\u00eda<\/a><\/li>\n\n\n\n<li>FI: <a href=\"https:\/\/www.ekoenergy.org\/wp-content\/uploads\/EKOenergy-Brand-book-Finnish.pdf\" target=\"_blank\" rel=\"noreferrer noopener\">EKOenergian br\u00e4ndikirja &#8211; Opas viestint\u00e4\u00e4n EKOenergia-logon avulla<\/a><\/li>\n\n\n\n<li>FR: <a href=\"https:\/\/www.ekoenergy.org\/wp-content\/uploads\/EKOenergy-Brandbook-French.pdf\" target=\"_blank\" rel=\"noreferrer noopener\">Brand Book EKO\u00e9nergie &#8211; Le guide pour la communication utilisant le logo EKO\u00e9nergie<\/a><\/li>\n\n\n\n<li>IT: <a href=\"https:\/\/www.ekoenergy.org\/wp-content\/uploads\/Brand_Book_Italian.pdf\" target=\"_blank\" rel=\"noreferrer noopener\">Brand Book EKOenergy &#8211; Guida all&#8217;uso del marchio EKOenergy per la comunicazione<\/a><\/li>\n\n\n\n<li>RU: <a href=\"https:\/\/www.ekoenergy.org\/wp-content\/uploads\/EKOenergy-Brand-Book-Russian.pdf\" target=\"_blank\" rel=\"noreferrer noopener\">\u0411\u0440\u0435\u043d\u0434\u0431\u0443\u043a \u042d\u041a\u041e\u044d\u043d\u0435\u0440\u0433\u0438\u0438 &#8211; \u0413\u0438\u0434 \u043f\u043e \u0438\u0441\u043f\u043e\u043b\u044c\u0437\u043e\u0432\u0430\u043d\u0438\u044e \u043b\u043e\u0433\u043e\u0442\u0438\u043f\u0430 \u042d\u041a\u041e\u044d\u043d\u0435\u0440\u0433\u0438\u0438<\/a><\/li>\n<\/ul>\n\n\n\n<p>For a quick overview of the main rules and recommendations, see our one-pager, which is available in the following languages: <\/p>\n\n\n\n<ul class=\"wp-block-list\">\n<li>EN: <a href=\"https:\/\/www.ekoenergy.org\/wp-content\/uploads\/what-can-you-communicate-as-ekoenergy-user-leaflet.pdf\" target=\"_blank\" rel=\"noreferrer noopener\">What can you communicate as an EKOenergy user? <\/a><\/li>\n\n\n\n<li>DE: <a href=\"https:\/\/www.ekoenergy.org\/wp-content\/uploads\/what-can-you-communicate-as-ekoenergy-user-leaflet-German.pdf\" target=\"_blank\" rel=\"noreferrer noopener\">Wie kommunizieren Sie als EKOenergie-Nutzer?<\/a><\/li>\n\n\n\n<li>ES: <a href=\"https:\/\/www.ekoenergy.org\/wp-content\/uploads\/what-can-you-communicate-as-ekoenergy-user-leaflet-spanish.pdf\" target=\"_blank\" rel=\"noreferrer noopener\">\u00bfQu\u00e9 puede comunicar como usuario de EKOenerg\u00eda?<\/a><\/li>\n\n\n\n<li>FR: <a href=\"https:\/\/www.ekoenergy.org\/wp-content\/uploads\/what-can-you-communicate-as-ekoenergy-user-leaflet-French.pdf\" target=\"_blank\" rel=\"noreferrer noopener\">Que pouvez-vous communiquer en tant qu&#8217;utilisateur d&#8217;EKO\u00e9nergie?<\/a><\/li>\n\n\n\n<li>IT: <a href=\"https:\/\/www.ekoenergy.org\/wp-content\/uploads\/what-can-you-communicate-as-ekoenergy-user-leaflet-Italian.pdf\" target=\"_blank\" rel=\"noreferrer noopener\">Cosa potete comunicare in quanto consumatori EKOenergy?<\/a><\/li>\n<\/ul>\n\n\n\n<figure class=\"wp-block-image size-full\"><img decoding=\"async\" width=\"1024\" height=\"416\" src=\"https:\/\/www.ekoenergy.org\/wp-content\/uploads\/2021_pic-for-thebrandbook-website1.png\" alt=\"2021-examples-ekoenergy-logo\" class=\"wp-image-109255\" srcset=\"https:\/\/www.ekoenergy.org\/wp-content\/uploads\/2021_pic-for-thebrandbook-website1.png 1024w, https:\/\/www.ekoenergy.org\/wp-content\/uploads\/2021_pic-for-thebrandbook-website1-320x130.png 320w, https:\/\/www.ekoenergy.org\/wp-content\/uploads\/2021_pic-for-thebrandbook-website1-768x312.png 768w\" sizes=\"(max-width: 1024px) 100vw, 1024px\" \/><\/figure>\n\n\n\n<p>You can find more examples of how others are using our logo on <a href=\"https:\/\/flic.kr\/s\/aHskEHRwU7\" target=\"_blank\" rel=\"noreferrer noopener\">EKOenergy&#8217;s Flickr page<\/a>.<\/p>\n\n\n\n<h2 class=\"wp-block-heading\">Contact us<\/h2>\n\n\n\n<p>Questions? Comments? Thoughts? <a href=\"https:\/\/www.ekoenergy.org\/ja\/about-us\/contact-us\/\">Feel free to get in touch<\/a>. We are happy to help in various languages.<\/p>\n","protected":false},"excerpt":{"rendered":"<p>Communicating with the EKOenergy logo &#8211; Brand boo [&hellip;]<\/p>\n","protected":false},"author":17,"featured_media":32578,"parent":2735,"menu_order":1,"comment_status":"closed","ping_status":"closed","template":"","meta":{"inline_featured_image":false,"_uag_custom_page_level_css":"","site-sidebar-layout":"default","site-content-layout":"default","ast-site-content-layout":"default","site-content-style":"default","site-sidebar-style":"default","ast-global-header-display":"","ast-banner-title-visibility":"","ast-main-header-display":"","ast-hfb-above-header-display":"","ast-hfb-below-header-display":"","ast-hfb-mobile-header-display":"","site-post-title":"disabled","ast-breadcrumbs-content":"","ast-featured-img":"","footer-sml-layout":"","ast-disable-related-posts":"","theme-transparent-header-meta":"default","adv-header-id-meta":"","stick-header-meta":"default","header-above-stick-meta":"","header-main-stick-meta":"","header-below-stick-meta":"","astra-migrate-meta-layouts":"default","ast-page-background-enabled":"default","ast-page-background-meta":{"desktop":{"background-color":"","background-image":"","background-repeat":"repeat","background-position":"center center","background-size":"auto","background-attachment":"scroll","background-type":"","background-media":"","overlay-type":"","overlay-color":"","overlay-opacity":"","overlay-gradient":""},"tablet":{"background-color":"","background-image":"","background-repeat":"repeat","background-position":"center center","background-size":"auto","background-attachment":"scroll","background-type":"","background-media":"","overlay-type":"","overlay-color":"","overlay-opacity":"","overlay-gradient":""},"mobile":{"background-color":"","background-image":"","background-repeat":"repeat","background-position":"center center","background-size":"auto","background-attachment":"scroll","background-type":"","background-media":"","overlay-type":"","overlay-color":"","overlay-opacity":"","overlay-gradient":""}},"ast-content-background-meta":{"desktop":{"background-color":"var(--ast-global-color-5)","background-image":"","background-repeat":"repeat","background-position":"center center","background-size":"auto","background-attachment":"scroll","background-type":"","background-media":"","overlay-type":"","overlay-color":"","overlay-opacity":"","overlay-gradient":""},"tablet":{"background-color":"var(--ast-global-color-5)","background-image":"","background-repeat":"repeat","background-position":"center center","background-size":"auto","background-attachment":"scroll","background-type":"","background-media":"","overlay-type":"","overlay-color":"","overlay-opacity":"","overlay-gradient":""},"mobile":{"background-color":"var(--ast-global-color-5)","background-image":"","background-repeat":"repeat","background-position":"center center","background-size":"auto","background-attachment":"scroll","background-type":"","background-media":"","overlay-type":"","overlay-color":"","overlay-opacity":"","overlay-gradient":""}},"footnotes":""},"class_list":["post-3466","page","type-page","status-publish","has-post-thumbnail","hentry"],"yoast_head":"<!-- This site is optimized with the Yoast SEO plugin v27.3 - https:\/\/yoast.com\/product\/yoast-seo-wordpress\/ -->\n<title>Our logo in your communication - EKOenergy ecolabel<\/title>\n<meta name=\"description\" content=\"Users of EKOenergy-labelled energy can use the logo in their publications, on their buildings, and on products made with EKOenergy.\" \/>\n<meta name=\"robots\" content=\"index, follow, max-snippet:-1, max-image-preview:large, max-video-preview:-1\" \/>\n<link rel=\"canonical\" href=\"https:\/\/www.ekoenergy.org\/ja\/extras\/logo\/\" \/>\n<meta property=\"og:locale\" content=\"ja_JP\" \/>\n<meta property=\"og:type\" content=\"article\" \/>\n<meta property=\"og:title\" content=\"Our logo in your communication - EKOenergy ecolabel\" \/>\n<meta property=\"og:description\" content=\"Users of EKOenergy-labelled energy can use the logo in their publications, on their buildings, and on products made with EKOenergy.\" \/>\n<meta property=\"og:url\" content=\"https:\/\/www.ekoenergy.org\/ja\/extras\/logo\/\" \/>\n<meta property=\"og:site_name\" content=\"EKOenergy ecolabel\" \/>\n<meta property=\"article:publisher\" content=\"https:\/\/www.facebook.com\/EKOenergy.ecolabel\/\" \/>\n<meta property=\"article:modified_time\" content=\"2023-11-29T13:36:51+00:00\" \/>\n<meta property=\"og:image\" content=\"https:\/\/www.ekoenergy.org\/wp-content\/uploads\/Featured-Bottles-with-EKOenergy-logo.jpg\" \/>\n\t<meta property=\"og:image:width\" content=\"957\" \/>\n\t<meta property=\"og:image:height\" content=\"636\" \/>\n\t<meta property=\"og:image:type\" content=\"image\/jpeg\" \/>\n<meta name=\"twitter:card\" content=\"summary_large_image\" \/>\n<meta name=\"twitter:site\" content=\"@EKOenergy_\" \/>\n<meta name=\"twitter:label1\" content=\"\u63a8\u5b9a\u8aad\u307f\u53d6\u308a\u6642\u9593\" \/>\n\t<meta name=\"twitter:data1\" content=\"3\u5206\" \/>\n<script type=\"application\/ld+json\" class=\"yoast-schema-graph\">{\"@context\":\"https:\\\/\\\/schema.org\",\"@graph\":[{\"@type\":\"WebPage\",\"@id\":\"https:\\\/\\\/www.ekoenergy.org\\\/ja\\\/extras\\\/logo\\\/\",\"url\":\"https:\\\/\\\/www.ekoenergy.org\\\/ja\\\/extras\\\/logo\\\/\",\"name\":\"Our logo in your communication - EKOenergy ecolabel\",\"isPartOf\":{\"@id\":\"https:\\\/\\\/www.ekoenergy.org\\\/ja\\\/#website\"},\"primaryImageOfPage\":{\"@id\":\"https:\\\/\\\/www.ekoenergy.org\\\/ja\\\/extras\\\/logo\\\/#primaryimage\"},\"image\":{\"@id\":\"https:\\\/\\\/www.ekoenergy.org\\\/ja\\\/extras\\\/logo\\\/#primaryimage\"},\"thumbnailUrl\":\"https:\\\/\\\/www.ekoenergy.org\\\/wp-content\\\/uploads\\\/Featured-Bottles-with-EKOenergy-logo.jpg\",\"datePublished\":\"2019-12-04T13:58:01+00:00\",\"dateModified\":\"2023-11-29T13:36:51+00:00\",\"description\":\"Users of EKOenergy-labelled energy can use the logo in their publications, on their buildings, and on products made with EKOenergy.\",\"breadcrumb\":{\"@id\":\"https:\\\/\\\/www.ekoenergy.org\\\/ja\\\/extras\\\/logo\\\/#breadcrumb\"},\"inLanguage\":\"ja\",\"potentialAction\":[{\"@type\":\"ReadAction\",\"target\":[\"https:\\\/\\\/www.ekoenergy.org\\\/ja\\\/extras\\\/logo\\\/\"]}]},{\"@type\":\"ImageObject\",\"inLanguage\":\"ja\",\"@id\":\"https:\\\/\\\/www.ekoenergy.org\\\/ja\\\/extras\\\/logo\\\/#primaryimage\",\"url\":\"https:\\\/\\\/www.ekoenergy.org\\\/wp-content\\\/uploads\\\/Featured-Bottles-with-EKOenergy-logo.jpg\",\"contentUrl\":\"https:\\\/\\\/www.ekoenergy.org\\\/wp-content\\\/uploads\\\/Featured-Bottles-with-EKOenergy-logo.jpg\",\"width\":957,\"height\":636},{\"@type\":\"BreadcrumbList\",\"@id\":\"https:\\\/\\\/www.ekoenergy.org\\\/ja\\\/extras\\\/logo\\\/#breadcrumb\",\"itemListElement\":[{\"@type\":\"ListItem\",\"position\":1,\"name\":\"Home\",\"item\":\"https:\\\/\\\/www.ekoenergy.org\\\/ja\\\/\"},{\"@type\":\"ListItem\",\"position\":2,\"name\":\"\u79c1\u305f\u3061\u306e\u30ed\u30b4\u3092\u4f7f\u3063\u305f\u30b3\u30df\u30e5\u30cb\u30b1\u30fc\u30b7\u30e7\u30f3\",\"item\":\"https:\\\/\\\/www.ekoenergy.org\\\/ja\\\/extras\\\/\"},{\"@type\":\"ListItem\",\"position\":3,\"name\":\"Our logo in your communication\"}]},{\"@type\":\"WebSite\",\"@id\":\"https:\\\/\\\/www.ekoenergy.org\\\/ja\\\/#website\",\"url\":\"https:\\\/\\\/www.ekoenergy.org\\\/ja\\\/\",\"name\":\"EKOenergy ecolabel\",\"description\":\"The global nonprofit ecolabel for renewable energy\",\"publisher\":{\"@id\":\"https:\\\/\\\/www.ekoenergy.org\\\/ja\\\/#organization\"},\"potentialAction\":[{\"@type\":\"SearchAction\",\"target\":{\"@type\":\"EntryPoint\",\"urlTemplate\":\"https:\\\/\\\/www.ekoenergy.org\\\/ja\\\/?s={search_term_string}\"},\"query-input\":{\"@type\":\"PropertyValueSpecification\",\"valueRequired\":true,\"valueName\":\"search_term_string\"}}],\"inLanguage\":\"ja\"},{\"@type\":\"Organization\",\"@id\":\"https:\\\/\\\/www.ekoenergy.org\\\/ja\\\/#organization\",\"name\":\"Not-for-profit Organisation EKOenergy\",\"url\":\"https:\\\/\\\/www.ekoenergy.org\\\/ja\\\/\",\"logo\":{\"@type\":\"ImageObject\",\"inLanguage\":\"ja\",\"@id\":\"https:\\\/\\\/www.ekoenergy.org\\\/ja\\\/#\\\/schema\\\/logo\\\/image\\\/\",\"url\":\"https:\\\/\\\/www.ekoenergy.org\\\/wp-content\\\/uploads\\\/logo-EKOenergy-no-text.jpg\",\"contentUrl\":\"https:\\\/\\\/www.ekoenergy.org\\\/wp-content\\\/uploads\\\/logo-EKOenergy-no-text.jpg\",\"width\":1600,\"height\":1600,\"caption\":\"Not-for-profit Organisation EKOenergy\"},\"image\":{\"@id\":\"https:\\\/\\\/www.ekoenergy.org\\\/ja\\\/#\\\/schema\\\/logo\\\/image\\\/\"},\"sameAs\":[\"https:\\\/\\\/www.facebook.com\\\/EKOenergy.ecolabel\\\/\",\"https:\\\/\\\/x.com\\\/EKOenergy_\",\"https:\\\/\\\/www.instagram.com\\\/ekoenergy\\\/\",\"https:\\\/\\\/www.linkedin.com\\\/company\\\/ekoenergy-ecolabel\\\/\",\"https:\\\/\\\/www.youtube.com\\\/EKOenergy-ecolabel\",\"https:\\\/\\\/en.wikipedia.org\\\/wiki\\\/EKOenergy\"]}]}<\/script>\n<!-- \/ Yoast SEO plugin. -->","yoast_head_json":{"title":"Our logo in your communication - EKOenergy ecolabel","description":"Users of EKOenergy-labelled energy can use the logo in their publications, on their buildings, and on products made with EKOenergy.","robots":{"index":"index","follow":"follow","max-snippet":"max-snippet:-1","max-image-preview":"max-image-preview:large","max-video-preview":"max-video-preview:-1"},"canonical":"https:\/\/www.ekoenergy.org\/ja\/extras\/logo\/","og_locale":"ja_JP","og_type":"article","og_title":"Our logo in your communication - EKOenergy ecolabel","og_description":"Users of EKOenergy-labelled energy can use the logo in their publications, on their buildings, and on products made with EKOenergy.","og_url":"https:\/\/www.ekoenergy.org\/ja\/extras\/logo\/","og_site_name":"EKOenergy ecolabel","article_publisher":"https:\/\/www.facebook.com\/EKOenergy.ecolabel\/","article_modified_time":"2023-11-29T13:36:51+00:00","og_image":[{"width":957,"height":636,"url":"https:\/\/www.ekoenergy.org\/wp-content\/uploads\/Featured-Bottles-with-EKOenergy-logo.jpg","type":"image\/jpeg"}],"twitter_card":"summary_large_image","twitter_site":"@EKOenergy_","twitter_misc":{"\u63a8\u5b9a\u8aad\u307f\u53d6\u308a\u6642\u9593":"3\u5206"},"schema":{"@context":"https:\/\/schema.org","@graph":[{"@type":"WebPage","@id":"https:\/\/www.ekoenergy.org\/ja\/extras\/logo\/","url":"https:\/\/www.ekoenergy.org\/ja\/extras\/logo\/","name":"Our logo in your communication - EKOenergy ecolabel","isPartOf":{"@id":"https:\/\/www.ekoenergy.org\/ja\/#website"},"primaryImageOfPage":{"@id":"https:\/\/www.ekoenergy.org\/ja\/extras\/logo\/#primaryimage"},"image":{"@id":"https:\/\/www.ekoenergy.org\/ja\/extras\/logo\/#primaryimage"},"thumbnailUrl":"https:\/\/www.ekoenergy.org\/wp-content\/uploads\/Featured-Bottles-with-EKOenergy-logo.jpg","datePublished":"2019-12-04T13:58:01+00:00","dateModified":"2023-11-29T13:36:51+00:00","description":"Users of EKOenergy-labelled energy can use the logo in their publications, on their buildings, and on products made with EKOenergy.","breadcrumb":{"@id":"https:\/\/www.ekoenergy.org\/ja\/extras\/logo\/#breadcrumb"},"inLanguage":"ja","potentialAction":[{"@type":"ReadAction","target":["https:\/\/www.ekoenergy.org\/ja\/extras\/logo\/"]}]},{"@type":"ImageObject","inLanguage":"ja","@id":"https:\/\/www.ekoenergy.org\/ja\/extras\/logo\/#primaryimage","url":"https:\/\/www.ekoenergy.org\/wp-content\/uploads\/Featured-Bottles-with-EKOenergy-logo.jpg","contentUrl":"https:\/\/www.ekoenergy.org\/wp-content\/uploads\/Featured-Bottles-with-EKOenergy-logo.jpg","width":957,"height":636},{"@type":"BreadcrumbList","@id":"https:\/\/www.ekoenergy.org\/ja\/extras\/logo\/#breadcrumb","itemListElement":[{"@type":"ListItem","position":1,"name":"Home","item":"https:\/\/www.ekoenergy.org\/ja\/"},{"@type":"ListItem","position":2,"name":"\u79c1\u305f\u3061\u306e\u30ed\u30b4\u3092\u4f7f\u3063\u305f\u30b3\u30df\u30e5\u30cb\u30b1\u30fc\u30b7\u30e7\u30f3","item":"https:\/\/www.ekoenergy.org\/ja\/extras\/"},{"@type":"ListItem","position":3,"name":"Our logo in your communication"}]},{"@type":"WebSite","@id":"https:\/\/www.ekoenergy.org\/ja\/#website","url":"https:\/\/www.ekoenergy.org\/ja\/","name":"EKOenergy ecolabel","description":"The global nonprofit ecolabel for renewable energy","publisher":{"@id":"https:\/\/www.ekoenergy.org\/ja\/#organization"},"potentialAction":[{"@type":"SearchAction","target":{"@type":"EntryPoint","urlTemplate":"https:\/\/www.ekoenergy.org\/ja\/?s={search_term_string}"},"query-input":{"@type":"PropertyValueSpecification","valueRequired":true,"valueName":"search_term_string"}}],"inLanguage":"ja"},{"@type":"Organization","@id":"https:\/\/www.ekoenergy.org\/ja\/#organization","name":"Not-for-profit Organisation EKOenergy","url":"https:\/\/www.ekoenergy.org\/ja\/","logo":{"@type":"ImageObject","inLanguage":"ja","@id":"https:\/\/www.ekoenergy.org\/ja\/#\/schema\/logo\/image\/","url":"https:\/\/www.ekoenergy.org\/wp-content\/uploads\/logo-EKOenergy-no-text.jpg","contentUrl":"https:\/\/www.ekoenergy.org\/wp-content\/uploads\/logo-EKOenergy-no-text.jpg","width":1600,"height":1600,"caption":"Not-for-profit Organisation EKOenergy"},"image":{"@id":"https:\/\/www.ekoenergy.org\/ja\/#\/schema\/logo\/image\/"},"sameAs":["https:\/\/www.facebook.com\/EKOenergy.ecolabel\/","https:\/\/x.com\/EKOenergy_","https:\/\/www.instagram.com\/ekoenergy\/","https:\/\/www.linkedin.com\/company\/ekoenergy-ecolabel\/","https:\/\/www.youtube.com\/EKOenergy-ecolabel","https:\/\/en.wikipedia.org\/wiki\/EKOenergy"]}]}},"uagb_featured_image_src":{"full":["https:\/\/www.ekoenergy.org\/wp-content\/uploads\/Featured-Bottles-with-EKOenergy-logo.jpg",957,636,false],"thumbnail":["https:\/\/www.ekoenergy.org\/wp-content\/uploads\/Featured-Bottles-with-EKOenergy-logo-150x150.jpg",150,150,true],"medium":["https:\/\/www.ekoenergy.org\/wp-content\/uploads\/Featured-Bottles-with-EKOenergy-logo-320x213.jpg",320,213,true],"medium_large":["https:\/\/www.ekoenergy.org\/wp-content\/uploads\/Featured-Bottles-with-EKOenergy-logo-768x510.jpg",768,510,true],"large":["https:\/\/www.ekoenergy.org\/wp-content\/uploads\/Featured-Bottles-with-EKOenergy-logo.jpg",957,636,false],"1536x1536":["https:\/\/www.ekoenergy.org\/wp-content\/uploads\/Featured-Bottles-with-EKOenergy-logo.jpg",957,636,false],"2048x2048":["https:\/\/www.ekoenergy.org\/wp-content\/uploads\/Featured-Bottles-with-EKOenergy-logo.jpg",957,636,false]},"uagb_author_info":{"display_name":"EKOenergy ecolabel","author_link":"https:\/\/www.ekoenergy.org\/ja\/author\/ekoenergy\/"},"uagb_comment_info":0,"uagb_excerpt":"Communicating with the EKOenergy logo &#8211; Brand boo&hellip;","_links":{"self":[{"href":"https:\/\/www.ekoenergy.org\/ja\/wp-json\/wp\/v2\/pages\/3466","targetHints":{"allow":["GET"]}}],"collection":[{"href":"https:\/\/www.ekoenergy.org\/ja\/wp-json\/wp\/v2\/pages"}],"about":[{"href":"https:\/\/www.ekoenergy.org\/ja\/wp-json\/wp\/v2\/types\/page"}],"author":[{"embeddable":true,"href":"https:\/\/www.ekoenergy.org\/ja\/wp-json\/wp\/v2\/users\/17"}],"replies":[{"embeddable":true,"href":"https:\/\/www.ekoenergy.org\/ja\/wp-json\/wp\/v2\/comments?post=3466"}],"version-history":[{"count":3,"href":"https:\/\/www.ekoenergy.org\/ja\/wp-json\/wp\/v2\/pages\/3466\/revisions"}],"predecessor-version":[{"id":153779,"href":"https:\/\/www.ekoenergy.org\/ja\/wp-json\/wp\/v2\/pages\/3466\/revisions\/153779"}],"up":[{"embeddable":true,"href":"https:\/\/www.ekoenergy.org\/ja\/wp-json\/wp\/v2\/pages\/2735"}],"wp:featuredmedia":[{"embeddable":true,"href":"https:\/\/www.ekoenergy.org\/ja\/wp-json\/wp\/v2\/media\/32578"}],"wp:attachment":[{"href":"https:\/\/www.ekoenergy.org\/ja\/wp-json\/wp\/v2\/media?parent=3466"}],"curies":[{"name":"wp","href":"https:\/\/api.w.org\/{rel}","templated":true}]}}