{"id":3348,"date":"2019-12-04T14:01:06","date_gmt":"2019-12-04T14:01:06","guid":{"rendered":"https:\/\/www.ekoenergy.org\/extras\/ekoenergy-comic\/"},"modified":"2024-08-14T15:11:48","modified_gmt":"2024-08-14T12:11:48","slug":"ekoenergy-comic","status":"publish","type":"page","link":"https:\/\/www.ekoenergy.org\/lt\/extras\/downloadables\/ekoenergy-comic\/","title":{"rendered":"EKOenergy comic"},"content":{"rendered":"\n<h1 class=\"wp-block-heading\">EKO-Sofia, a comic about the energy transition<\/h1>\n\n\n\n<div class=\"wp-block-image\"><figure class=\"alignright size-large is-resized\"><img fetchpriority=\"high\" decoding=\"async\" src=\"https:\/\/www.ekoenergy.org\/wp-content\/uploads\/\/EKOenergy-comic-cover-725x1024.jpg\" alt=\"\" class=\"wp-image-32964\" width=\"363\" height=\"512\" srcset=\"https:\/\/www.ekoenergy.org\/wp-content\/uploads\/EKOenergy-comic-cover-725x1024.jpg 725w, https:\/\/www.ekoenergy.org\/wp-content\/uploads\/EKOenergy-comic-cover-320x452.jpg 320w, https:\/\/www.ekoenergy.org\/wp-content\/uploads\/EKOenergy-comic-cover-768x1085.jpg 768w, https:\/\/www.ekoenergy.org\/wp-content\/uploads\/EKOenergy-comic-cover-1087x1536.jpg 1087w, https:\/\/www.ekoenergy.org\/wp-content\/uploads\/EKOenergy-comic-cover.jpg 1241w\" sizes=\"(max-width: 363px) 100vw, 363px\" \/><\/figure><\/div>\n\n\n\n<p>This story follows the fight between a coal company, Fossilia, and a renewable energy producer, SunBeam. The omnipotent Fossilia plans to build a new coal power plant on Barton Meadow. Yet they aren&#8217;t the only ones interested in the area: with SunBeam wanting to build a wind farm there instead. The SunBeam proposal gets unexpected help when Sofia and her friends start a campaign to promote renewable energy.<\/p>\n\n\n\n<p>Sofia soon discovers that this isn\u2019t just an issue for politicians.  On the open market, consumers can choose which company they support and what electricity they buy. Once she realises this, it isn\u2019t long before she starts a \u201cSwitch to EKOenergy campaign\u201d.<\/p>\n\n\n\n<p>How will the townspeople respond? And what will be the outcome of the campaign? Read all this in our comic \u201c<a href=\"https:\/\/www.ekoenergy.org\/wp-content\/uploads\/EKOenergy_comic-1.pdf\" target=\"_blank\" rel=\"noreferrer noopener\" aria-label=\" (opens in a new tab)\">EKO-Sofia, An Introduction to Green Energy<\/a>\u201c.<\/p>\n\n\n\n<p>The comic exists in many languages. Click on the titles in the list below to download the comic as a pdf (6 MB, 36 pages). <strong>Always open the comic in Adobe Reader if you\u2019d like to print it.<\/strong><\/p>\n\n\n\n<ul class=\"wp-block-list\"><li>BG \u2013 <a rel=\"noreferrer noopener\" aria-label=\" (opens in a new tab)\" href=\"https:\/\/www.ekoenergy.org\/wp-content\/uploads\/ekosofia_Bulgarian-1.pdf\" target=\"_blank\">\u0415\u041a\u041e-\u0421\u043e\u0444\u0438\u044f, \u0412\u044a\u0432\u0435\u0434\u0435\u043d\u0438\u0435 \u0432 \u0437\u0435\u043b\u0435\u043d\u0430\u0442\u0430 \u0435\u043d\u0435\u0440\u0433\u0438\u044f<\/a><\/li><li>CA \u2013 <a rel=\"noreferrer noopener\" aria-label=\" (opens in a new tab)\" href=\"https:\/\/www.ekoenergy.org\/wp-content\/uploads\/ekosofia_Catalan-1.pdf\" target=\"_blank\">EKO-Sofia, una introducci\u00f3 a l\u2019energia verda<\/a><\/li><li>CZ \u2013 <a rel=\"noreferrer noopener\" aria-label=\" (opens in a new tab)\" href=\"https:\/\/www.ekoenergy.org\/wp-content\/uploads\/ekosofia_Czech-1.pdf\" target=\"_blank\">EKO-Sofie, \u00davod k ekologick\u00e9 energii<\/a><\/li><li>DE \u2013 <a href=\"https:\/\/www.ekoenergy.org\/wp-content\/uploads\/ekosofia_German-1.pdf\" target=\"_blank\" rel=\"noreferrer noopener\" aria-label=\"EKO-Sofia \u2013 eine Einf\u00fchrung in die Welt des \u00d6kostroms (opens in a new tab)\">EKO-Sofia \u2013 eine Einf\u00fchrung in die Welt des \u00d6kostroms<\/a><\/li><li>DK \u2013 <a rel=\"noreferrer noopener\" aria-label=\" (opens in a new tab)\" href=\"https:\/\/www.ekoenergy.org\/wp-content\/uploads\/ekosofia_Danish-1.pdf\" target=\"_blank\">EKO-Sofia, En introduktion til gr\u00f8n energi<\/a><\/li><li>EL \u2013 <a rel=\"noreferrer noopener\" aria-label=\" (opens in a new tab)\" href=\"https:\/\/www.ekoenergy.org\/wp-content\/uploads\/ekosofia_Greek-1.pdf\" target=\"_blank\">\u0395\u039a\u039f-\u03a3\u03bf\u03c6\u03af\u03b1 \u2013 \u039c\u03af\u03b1 \u03b5\u03b9\u03c3\u03b1\u03b3\u03c9\u03b3\u03ae \u03c3\u03c4\u03b7\u03bd \u03c0\u03c1\u03ac\u03c3\u03b9\u03bd\u03b7 \u03b5\u03bd\u03ad\u03c1\u03b3\u03b5\u03b9\u03b1<\/a><\/li><li>EN \u2013 <a rel=\"noreferrer noopener\" aria-label=\" (opens in a new tab)\" href=\"https:\/\/www.ekoenergy.org\/wp-content\/uploads\/EKOenergy_comic-1.pdf\" target=\"_blank\">EKO-Sofia, an Introduction to Green Energy<\/a><\/li><li>ES \u2013 <a rel=\"noreferrer noopener\" aria-label=\" (opens in a new tab)\" href=\"https:\/\/www.ekoenergy.org\/wp-content\/uploads\/ekosofia_Spanish-1.pdf\" target=\"_blank\">EKO-Sof\u00eda, Una introducci\u00f3n a la energ\u00eda verde<\/a><\/li><li>ET \u2013 <a rel=\"noreferrer noopener\" aria-label=\" (opens in a new tab)\" href=\"https:\/\/www.ekoenergy.org\/wp-content\/uploads\/ekosofia_Estonian-1.pdf\" target=\"_blank\">EKO-Sof\u00eda, Sissejuhatus rohelisse energiasse<\/a><\/li><li>EU \u2013 <a rel=\"noreferrer noopener\" aria-label=\" (opens in a new tab)\" href=\"https:\/\/www.ekoenergy.org\/wp-content\/uploads\/ekosofia_Basque-1.pdf\" target=\"_blank\">EKO-Sof\u00eda, Energia berdearen aurkezpen bat<\/a><\/li><li>FI \u2013 <a rel=\"noreferrer noopener\" aria-label=\" (opens in a new tab)\" href=\"https:\/\/www.ekoenergy.org\/wp-content\/uploads\/ekosofia_Finnish-1.pdf\" target=\"_blank\">EKO-Sofia ja Fossilian uhka<\/a><\/li><li>FR \u2013 <a rel=\"noreferrer noopener\" aria-label=\" (opens in a new tab)\" href=\"https:\/\/www.ekoenergy.org\/wp-content\/uploads\/ekosofia_French-1.pdf\" target=\"_blank\">EKO-Sophie, Une introduction \u00e0 l\u2019\u00e9nergie verte<\/a><\/li><li>GL \u2013 <a rel=\"noreferrer noopener\" aria-label=\" (opens in a new tab)\" href=\"https:\/\/www.ekoenergy.org\/wp-content\/uploads\/ekosofia_Galician-1.pdf\" target=\"_blank\">EKO-Sof\u00eda, Unha introduci\u00f3n \u00e1 enerx\u00eda verde<\/a><\/li><li>HU \u2013 <a rel=\"noreferrer noopener\" aria-label=\" (opens in a new tab)\" href=\"https:\/\/www.ekoenergy.org\/wp-content\/uploads\/ekosofia_Hungarian-1.pdf\" target=\"_blank\">EKO-Szofi -avagy bevezet\u0151 a z\u00f6ld\u00e1ram vil\u00e1g\u00e1ba<\/a><\/li><li>IS \u2013 <a rel=\"noreferrer noopener\" aria-label=\" (opens in a new tab)\" href=\"https:\/\/www.ekoenergy.org\/wp-content\/uploads\/ekosofia_Icelandic-1.pdf\" target=\"_blank\">EKO-Soff\u00eda \u2013 Kynning \u00e1 gr\u00e6nni orku<\/a><\/li><li>IT \u2013 <a rel=\"noreferrer noopener\" aria-label=\" (opens in a new tab)\" href=\"https:\/\/www.ekoenergy.org\/wp-content\/uploads\/ekosofia_Italian-1.pdf\" target=\"_blank\">EKO-Sofia, Una Guida all\u2019Energia Verde<\/a><\/li><li>LT \u2013 <a rel=\"noreferrer noopener\" aria-label=\" (opens in a new tab)\" href=\"https:\/\/www.ekoenergy.org\/wp-content\/uploads\/ekosofia_Lithuanian-1.pdf\" target=\"_blank\">EKO-Sofija, \u012evadas \u012f \u017dali\u0105j\u0105 Energij\u0105<\/a><\/li><li>NL \u2013 <a rel=\"noreferrer noopener\" aria-label=\" (opens in a new tab)\" href=\"https:\/\/www.ekoenergy.org\/wp-content\/uploads\/ekosofia_Dutch-1.pdf\" target=\"_blank\">EKO-Sofie, een inleiding in de wereld van de groene stroom<\/a><\/li><li>NO \u2013 <a rel=\"noreferrer noopener\" aria-label=\" (opens in a new tab)\" href=\"https:\/\/www.ekoenergy.org\/wp-content\/uploads\/ekosofia_Norwegian-1.pdf\" target=\"_blank\">EKO-Sofie, en introduksjon til gr\u00f8nn energi<\/a><\/li><li>PL \u2013 <a rel=\"noreferrer noopener\" aria-label=\" (opens in a new tab)\" href=\"https:\/\/www.ekoenergy.org\/wp-content\/uploads\/ekosofia_Polish-1.pdf\" target=\"_blank\">EKO-Zofia, Wprowadzenie do zielonej energii<\/a><\/li><li>PT \u2013 <a rel=\"noreferrer noopener\" aria-label=\" (opens in a new tab)\" href=\"https:\/\/www.ekoenergy.org\/wp-content\/uploads\/ekosofia_Portuguese-1.pdf\" target=\"_blank\">EKO-Sofia, Uma introdu\u00e7\u00e3o \u00e0s Energias Renov\u00e1veis<\/a><\/li><li>RO \u2013 <a rel=\"noreferrer noopener\" aria-label=\" (opens in a new tab)\" href=\"https:\/\/www.ekoenergy.org\/wp-content\/uploads\/ekosofia_Romanian-1.pdf\" target=\"_blank\">EKO-Sofia, Prezentarea energiei verzi<\/a><\/li><li>RU \u2013 <a rel=\"noreferrer noopener\" aria-label=\" (opens in a new tab)\" href=\"https:\/\/www.ekoenergy.org\/wp-content\/uploads\/ekosofia_Russian-1.pdf\" target=\"_blank\">\u042d\u041a\u041e-\u0421\u043e\u0444\u0438\u044f, \u0417\u043d\u0430\u043a\u043e\u043c\u0441\u0442\u0432\u043e \u0441 \u201c\u0437\u0435\u043b\u0451\u043d\u043e\u0439\u201d \u044d\u043d\u0435\u0440\u0433\u0435\u0442\u0438\u043a\u043e\u0439<\/a><\/li><li>SK \u2013 <a rel=\"noreferrer noopener\" aria-label=\" (opens in a new tab)\" href=\"https:\/\/www.ekoenergy.org\/wp-content\/uploads\/ekosofia_Slovak-1.pdf\" target=\"_blank\">EKO-Sofia, \u00davod do zelenej energie<\/a><\/li><li>SL \u2013 <a rel=\"noreferrer noopener\" aria-label=\" (opens in a new tab)\" href=\"https:\/\/www.ekoenergy.org\/wp-content\/uploads\/ekosofia_Slovenian-1.pdf\" target=\"_blank\">EKO-Zofija, Uvod v zeleno elektri\u010dno energijo<\/a><\/li><li>SQ \u2013 <a rel=\"noreferrer noopener\" aria-label=\" (opens in a new tab)\" href=\"https:\/\/www.ekoenergy.org\/wp-content\/uploads\/ekosofia_Albanian-1.pdf\" target=\"_blank\">EKO-Sofia, Hyrje n\u00eb energjin\u00eb e gjelb\u00ebr<\/a><\/li><li>SR \u2013 <a rel=\"noreferrer noopener\" aria-label=\" (opens in a new tab)\" href=\"https:\/\/www.ekoenergy.org\/wp-content\/uploads\/ekosofia_Serbian_Cyrillic-1.pdf\" target=\"_blank\">\u0415\u041a\u041e-\u0421\u043e\u0444\u0438\u0430, \u0423\u043f\u043e\u0437\u043d\u0430\u0432\u0430\u045a\u0435 \u0441\u0430 \u0437\u0435\u043b\u0435\u043d\u043e\u043c \u0435\u043d\u0435\u0440\u0433\u0438\u0458\u043e\u043c<\/a><\/li><li>SR \u2013 <a rel=\"noreferrer noopener\" aria-label=\" (opens in a new tab)\" href=\"https:\/\/www.ekoenergy.org\/wp-content\/uploads\/ekosofia_Serbian_Latin-1.pdf\" target=\"_blank\">EKO-Sofia, Upoznavanje sa zelenom energijom<\/a><\/li><li>SV \u2013 <a rel=\"noreferrer noopener\" aria-label=\" (opens in a new tab)\" href=\"https:\/\/www.ekoenergy.org\/wp-content\/uploads\/ekosofia_Swedish-1.pdf\" target=\"_blank\">EKO-Sofia, en introduktion till gr\u00f6n energi<\/a><\/li><li>TR \u2013 <a href=\"https:\/\/www.ekoenergy.org\/wp-content\/uploads\/ekosofia_Turkish-1.pdf\" target=\"_blank\" rel=\"noreferrer noopener\" aria-label=\"EKO-Sofya, Ye\u015fil Enerjiyle Tan\u0131\u015f\u0131n (opens in a new tab)\">EKO-Sofya, Ye\u015fil Enerjiyle Tan\u0131\u015f\u0131n<\/a><\/li><li>UK \u2013 <a rel=\"noreferrer noopener\" aria-label=\" (opens in a new tab)\" href=\"https:\/\/www.ekoenergy.org\/wp-content\/uploads\/ekosofia_Ukrainian-1.pdf\" target=\"_blank\">\u0415\u041a\u041e-\u0421\u043e\u0444\u0456\u044f \u2013 \u0417\u043d\u0430\u0439\u043e\u043c\u0441\u0442\u0432\u043e \u0437 \u00ab\u0437\u0435\u043b\u0435\u043d\u043e\u044e\u00bb \u0435\u043d\u0435\u0440\u0433\u0456\u0454\u044e<\/a><\/li><\/ul>\n\n\n\n<h2 class=\"wp-block-heading\">About the artist <\/h2>\n\n\n\n<div class=\"wp-block-image\"><figure class=\"alignleft size-large\"><img decoding=\"async\" width=\"150\" height=\"226\" src=\"https:\/\/www.ekoenergy.org\/wp-content\/uploads\/Anita-Zaramella-artist-and-EKOSofia-comic.jpg\" alt=\"\" class=\"wp-image-16486\"\/><\/figure><\/div>\n\n\n\n<p>Anita Zaramella is a young comic artist from Venice, Italy. She studied at the Academy of Fine Arts in Venice and at the International Comic School in Padova.<\/p>\n\n\n\n<p>In the summer of 2014, Anita volunteered for 3 months at the secretariat of EKOenergy in Helsinki. During that period, she wrote and drew the EKOenergy comic &#8216;EKO-Sofia&#8217;.<\/p>\n","protected":false},"excerpt":{"rendered":"<p>EKO-Sofia, a comic about the energy transition This story follows the fight between a coal company, Fossilia, and a renewable energy producer, SunBeam. The omnipotent Fossilia plans to build a new coal power plant on Barton Meadow. Yet they aren&#8217;t the only ones interested in the area: with SunBeam wanting to build a wind farm [&hellip;]<\/p>\n","protected":false},"author":17,"featured_media":0,"parent":3432,"menu_order":1,"comment_status":"closed","ping_status":"closed","template":"","meta":{"inline_featured_image":false,"_uag_custom_page_level_css":"","site-sidebar-layout":"default","site-content-layout":"default","ast-site-content-layout":"","site-content-style":"default","site-sidebar-style":"default","ast-global-header-display":"","ast-banner-title-visibility":"","ast-main-header-display":"","ast-hfb-above-header-display":"","ast-hfb-below-header-display":"","ast-hfb-mobile-header-display":"","site-post-title":"disabled","ast-breadcrumbs-content":"","ast-featured-img":"","footer-sml-layout":"","ast-disable-related-posts":"","theme-transparent-header-meta":"default","adv-header-id-meta":"","stick-header-meta":"default","header-above-stick-meta":"","header-main-stick-meta":"","header-below-stick-meta":"","astra-migrate-meta-layouts":"default","ast-page-background-enabled":"default","ast-page-background-meta":{"desktop":{"background-color":"","background-image":"","background-repeat":"repeat","background-position":"center center","background-size":"auto","background-attachment":"scroll","background-type":"","background-media":"","overlay-type":"","overlay-color":"","overlay-opacity":"","overlay-gradient":""},"tablet":{"background-color":"","background-image":"","background-repeat":"repeat","background-position":"center center","background-size":"auto","background-attachment":"scroll","background-type":"","background-media":"","overlay-type":"","overlay-color":"","overlay-opacity":"","overlay-gradient":""},"mobile":{"background-color":"","background-image":"","background-repeat":"repeat","background-position":"center center","background-size":"auto","background-attachment":"scroll","background-type":"","background-media":"","overlay-type":"","overlay-color":"","overlay-opacity":"","overlay-gradient":""}},"ast-content-background-meta":{"desktop":{"background-color":"var(--ast-global-color-5)","background-image":"","background-repeat":"repeat","background-position":"center center","background-size":"auto","background-attachment":"scroll","background-type":"","background-media":"","overlay-type":"","overlay-color":"","overlay-opacity":"","overlay-gradient":""},"tablet":{"background-color":"var(--ast-global-color-5)","background-image":"","background-repeat":"repeat","background-position":"center center","background-size":"auto","background-attachment":"scroll","background-type":"","background-media":"","overlay-type":"","overlay-color":"","overlay-opacity":"","overlay-gradient":""},"mobile":{"background-color":"var(--ast-global-color-5)","background-image":"","background-repeat":"repeat","background-position":"center center","background-size":"auto","background-attachment":"scroll","background-type":"","background-media":"","overlay-type":"","overlay-color":"","overlay-opacity":"","overlay-gradient":""}},"footnotes":""},"class_list":["post-3348","page","type-page","status-publish","hentry"],"yoast_head":"<!-- This site is optimized with the Yoast SEO plugin v27.3 - https:\/\/yoast.com\/product\/yoast-seo-wordpress\/ -->\n<title>EKOenergy comic - EKOenergy ecolabel<\/title>\n<meta name=\"description\" content=\"The EKO-Sofia comic follows the fight between coal company Fossilia and a renewable energy producer. It shows that every one of us can make a difference.\" \/>\n<meta name=\"robots\" content=\"index, follow, max-snippet:-1, max-image-preview:large, max-video-preview:-1\" \/>\n<link rel=\"canonical\" href=\"https:\/\/www.ekoenergy.org\/lt\/extras\/downloadables\/ekoenergy-comic\/\" \/>\n<meta property=\"og:locale\" content=\"lt_LT\" \/>\n<meta property=\"og:type\" content=\"article\" \/>\n<meta property=\"og:title\" content=\"EKOenergy comic - EKOenergy ecolabel\" \/>\n<meta property=\"og:description\" content=\"The EKO-Sofia comic follows the fight between coal company Fossilia and a renewable energy producer. It shows that every one of us can make a difference.\" \/>\n<meta property=\"og:url\" content=\"https:\/\/www.ekoenergy.org\/lt\/extras\/downloadables\/ekoenergy-comic\/\" \/>\n<meta property=\"og:site_name\" content=\"EKOenergy ecolabel\" \/>\n<meta property=\"article:publisher\" content=\"https:\/\/www.facebook.com\/EKOenergy.ecolabel\/\" \/>\n<meta property=\"article:modified_time\" content=\"2024-08-14T12:11:48+00:00\" \/>\n<meta property=\"og:image\" content=\"https:\/\/www.ekoenergy.org\/wp-content\/uploads\/EKOenergy-comic-cover-725x1024.jpg\" \/>\n<meta name=\"twitter:card\" content=\"summary_large_image\" \/>\n<meta name=\"twitter:site\" content=\"@EKOenergy_\" \/>\n<meta name=\"twitter:label1\" content=\"Est. reading time\" \/>\n\t<meta name=\"twitter:data1\" content=\"2 minut\u0117s\" \/>\n<script type=\"application\/ld+json\" class=\"yoast-schema-graph\">{\"@context\":\"https:\\\/\\\/schema.org\",\"@graph\":[{\"@type\":\"WebPage\",\"@id\":\"https:\\\/\\\/www.ekoenergy.org\\\/lt\\\/extras\\\/downloadables\\\/ekoenergy-comic\\\/\",\"url\":\"https:\\\/\\\/www.ekoenergy.org\\\/lt\\\/extras\\\/downloadables\\\/ekoenergy-comic\\\/\",\"name\":\"EKOenergy comic - EKOenergy ecolabel\",\"isPartOf\":{\"@id\":\"https:\\\/\\\/www.ekoenergy.org\\\/lt\\\/#website\"},\"primaryImageOfPage\":{\"@id\":\"https:\\\/\\\/www.ekoenergy.org\\\/lt\\\/extras\\\/downloadables\\\/ekoenergy-comic\\\/#primaryimage\"},\"image\":{\"@id\":\"https:\\\/\\\/www.ekoenergy.org\\\/lt\\\/extras\\\/downloadables\\\/ekoenergy-comic\\\/#primaryimage\"},\"thumbnailUrl\":\"https:\\\/\\\/www.ekoenergy.org\\\/wp-content\\\/uploads\\\/\\\/EKOenergy-comic-cover-725x1024.jpg\",\"datePublished\":\"2019-12-04T14:01:06+00:00\",\"dateModified\":\"2024-08-14T12:11:48+00:00\",\"description\":\"The EKO-Sofia comic follows the fight between coal company Fossilia and a renewable energy producer. It shows that every one of us can make a difference.\",\"breadcrumb\":{\"@id\":\"https:\\\/\\\/www.ekoenergy.org\\\/lt\\\/extras\\\/downloadables\\\/ekoenergy-comic\\\/#breadcrumb\"},\"inLanguage\":\"lt-LT\",\"potentialAction\":[{\"@type\":\"ReadAction\",\"target\":[\"https:\\\/\\\/www.ekoenergy.org\\\/lt\\\/extras\\\/downloadables\\\/ekoenergy-comic\\\/\"]}]},{\"@type\":\"ImageObject\",\"inLanguage\":\"lt-LT\",\"@id\":\"https:\\\/\\\/www.ekoenergy.org\\\/lt\\\/extras\\\/downloadables\\\/ekoenergy-comic\\\/#primaryimage\",\"url\":\"https:\\\/\\\/www.ekoenergy.org\\\/wp-content\\\/uploads\\\/\\\/EKOenergy-comic-cover-725x1024.jpg\",\"contentUrl\":\"https:\\\/\\\/www.ekoenergy.org\\\/wp-content\\\/uploads\\\/\\\/EKOenergy-comic-cover-725x1024.jpg\"},{\"@type\":\"BreadcrumbList\",\"@id\":\"https:\\\/\\\/www.ekoenergy.org\\\/lt\\\/extras\\\/downloadables\\\/ekoenergy-comic\\\/#breadcrumb\",\"itemListElement\":[{\"@type\":\"ListItem\",\"position\":1,\"name\":\"Home\",\"item\":\"https:\\\/\\\/www.ekoenergy.org\\\/lt\\\/\"},{\"@type\":\"ListItem\",\"position\":2,\"name\":\"More\",\"item\":\"https:\\\/\\\/www.ekoenergy.org\\\/lt\\\/extras\\\/\"},{\"@type\":\"ListItem\",\"position\":3,\"name\":\"Leaflets and other downloadables\",\"item\":\"https:\\\/\\\/www.ekoenergy.org\\\/lt\\\/extras\\\/downloadables\\\/\"},{\"@type\":\"ListItem\",\"position\":4,\"name\":\"EKOenergy comic\"}]},{\"@type\":\"WebSite\",\"@id\":\"https:\\\/\\\/www.ekoenergy.org\\\/lt\\\/#website\",\"url\":\"https:\\\/\\\/www.ekoenergy.org\\\/lt\\\/\",\"name\":\"EKOenergy ecolabel\",\"description\":\"The global nonprofit ecolabel for renewable energy\",\"publisher\":{\"@id\":\"https:\\\/\\\/www.ekoenergy.org\\\/lt\\\/#organization\"},\"potentialAction\":[{\"@type\":\"SearchAction\",\"target\":{\"@type\":\"EntryPoint\",\"urlTemplate\":\"https:\\\/\\\/www.ekoenergy.org\\\/lt\\\/?s={search_term_string}\"},\"query-input\":{\"@type\":\"PropertyValueSpecification\",\"valueRequired\":true,\"valueName\":\"search_term_string\"}}],\"inLanguage\":\"lt-LT\"},{\"@type\":\"Organization\",\"@id\":\"https:\\\/\\\/www.ekoenergy.org\\\/lt\\\/#organization\",\"name\":\"Not-for-profit Organisation EKOenergy\",\"url\":\"https:\\\/\\\/www.ekoenergy.org\\\/lt\\\/\",\"logo\":{\"@type\":\"ImageObject\",\"inLanguage\":\"lt-LT\",\"@id\":\"https:\\\/\\\/www.ekoenergy.org\\\/lt\\\/#\\\/schema\\\/logo\\\/image\\\/\",\"url\":\"https:\\\/\\\/www.ekoenergy.org\\\/wp-content\\\/uploads\\\/logo-EKOenergy-no-text.jpg\",\"contentUrl\":\"https:\\\/\\\/www.ekoenergy.org\\\/wp-content\\\/uploads\\\/logo-EKOenergy-no-text.jpg\",\"width\":1600,\"height\":1600,\"caption\":\"Not-for-profit Organisation EKOenergy\"},\"image\":{\"@id\":\"https:\\\/\\\/www.ekoenergy.org\\\/lt\\\/#\\\/schema\\\/logo\\\/image\\\/\"},\"sameAs\":[\"https:\\\/\\\/www.facebook.com\\\/EKOenergy.ecolabel\\\/\",\"https:\\\/\\\/x.com\\\/EKOenergy_\",\"https:\\\/\\\/www.instagram.com\\\/ekoenergy\\\/\",\"https:\\\/\\\/www.linkedin.com\\\/company\\\/ekoenergy-ecolabel\\\/\",\"https:\\\/\\\/www.youtube.com\\\/EKOenergy-ecolabel\",\"https:\\\/\\\/en.wikipedia.org\\\/wiki\\\/EKOenergy\"]}]}<\/script>\n<!-- \/ Yoast SEO plugin. -->","yoast_head_json":{"title":"EKOenergy comic - EKOenergy ecolabel","description":"The EKO-Sofia comic follows the fight between coal company Fossilia and a renewable energy producer. It shows that every one of us can make a difference.","robots":{"index":"index","follow":"follow","max-snippet":"max-snippet:-1","max-image-preview":"max-image-preview:large","max-video-preview":"max-video-preview:-1"},"canonical":"https:\/\/www.ekoenergy.org\/lt\/extras\/downloadables\/ekoenergy-comic\/","og_locale":"lt_LT","og_type":"article","og_title":"EKOenergy comic - EKOenergy ecolabel","og_description":"The EKO-Sofia comic follows the fight between coal company Fossilia and a renewable energy producer. It shows that every one of us can make a difference.","og_url":"https:\/\/www.ekoenergy.org\/lt\/extras\/downloadables\/ekoenergy-comic\/","og_site_name":"EKOenergy ecolabel","article_publisher":"https:\/\/www.facebook.com\/EKOenergy.ecolabel\/","article_modified_time":"2024-08-14T12:11:48+00:00","og_image":[{"url":"https:\/\/www.ekoenergy.org\/wp-content\/uploads\/EKOenergy-comic-cover-725x1024.jpg","type":"","width":"","height":""}],"twitter_card":"summary_large_image","twitter_site":"@EKOenergy_","twitter_misc":{"Est. reading time":"2 minut\u0117s"},"schema":{"@context":"https:\/\/schema.org","@graph":[{"@type":"WebPage","@id":"https:\/\/www.ekoenergy.org\/lt\/extras\/downloadables\/ekoenergy-comic\/","url":"https:\/\/www.ekoenergy.org\/lt\/extras\/downloadables\/ekoenergy-comic\/","name":"EKOenergy comic - EKOenergy ecolabel","isPartOf":{"@id":"https:\/\/www.ekoenergy.org\/lt\/#website"},"primaryImageOfPage":{"@id":"https:\/\/www.ekoenergy.org\/lt\/extras\/downloadables\/ekoenergy-comic\/#primaryimage"},"image":{"@id":"https:\/\/www.ekoenergy.org\/lt\/extras\/downloadables\/ekoenergy-comic\/#primaryimage"},"thumbnailUrl":"https:\/\/www.ekoenergy.org\/wp-content\/uploads\/\/EKOenergy-comic-cover-725x1024.jpg","datePublished":"2019-12-04T14:01:06+00:00","dateModified":"2024-08-14T12:11:48+00:00","description":"The EKO-Sofia comic follows the fight between coal company Fossilia and a renewable energy producer. It shows that every one of us can make a difference.","breadcrumb":{"@id":"https:\/\/www.ekoenergy.org\/lt\/extras\/downloadables\/ekoenergy-comic\/#breadcrumb"},"inLanguage":"lt-LT","potentialAction":[{"@type":"ReadAction","target":["https:\/\/www.ekoenergy.org\/lt\/extras\/downloadables\/ekoenergy-comic\/"]}]},{"@type":"ImageObject","inLanguage":"lt-LT","@id":"https:\/\/www.ekoenergy.org\/lt\/extras\/downloadables\/ekoenergy-comic\/#primaryimage","url":"https:\/\/www.ekoenergy.org\/wp-content\/uploads\/\/EKOenergy-comic-cover-725x1024.jpg","contentUrl":"https:\/\/www.ekoenergy.org\/wp-content\/uploads\/\/EKOenergy-comic-cover-725x1024.jpg"},{"@type":"BreadcrumbList","@id":"https:\/\/www.ekoenergy.org\/lt\/extras\/downloadables\/ekoenergy-comic\/#breadcrumb","itemListElement":[{"@type":"ListItem","position":1,"name":"Home","item":"https:\/\/www.ekoenergy.org\/lt\/"},{"@type":"ListItem","position":2,"name":"More","item":"https:\/\/www.ekoenergy.org\/lt\/extras\/"},{"@type":"ListItem","position":3,"name":"Leaflets and other downloadables","item":"https:\/\/www.ekoenergy.org\/lt\/extras\/downloadables\/"},{"@type":"ListItem","position":4,"name":"EKOenergy comic"}]},{"@type":"WebSite","@id":"https:\/\/www.ekoenergy.org\/lt\/#website","url":"https:\/\/www.ekoenergy.org\/lt\/","name":"EKOenergy ecolabel","description":"The global nonprofit ecolabel for renewable energy","publisher":{"@id":"https:\/\/www.ekoenergy.org\/lt\/#organization"},"potentialAction":[{"@type":"SearchAction","target":{"@type":"EntryPoint","urlTemplate":"https:\/\/www.ekoenergy.org\/lt\/?s={search_term_string}"},"query-input":{"@type":"PropertyValueSpecification","valueRequired":true,"valueName":"search_term_string"}}],"inLanguage":"lt-LT"},{"@type":"Organization","@id":"https:\/\/www.ekoenergy.org\/lt\/#organization","name":"Not-for-profit Organisation EKOenergy","url":"https:\/\/www.ekoenergy.org\/lt\/","logo":{"@type":"ImageObject","inLanguage":"lt-LT","@id":"https:\/\/www.ekoenergy.org\/lt\/#\/schema\/logo\/image\/","url":"https:\/\/www.ekoenergy.org\/wp-content\/uploads\/logo-EKOenergy-no-text.jpg","contentUrl":"https:\/\/www.ekoenergy.org\/wp-content\/uploads\/logo-EKOenergy-no-text.jpg","width":1600,"height":1600,"caption":"Not-for-profit Organisation EKOenergy"},"image":{"@id":"https:\/\/www.ekoenergy.org\/lt\/#\/schema\/logo\/image\/"},"sameAs":["https:\/\/www.facebook.com\/EKOenergy.ecolabel\/","https:\/\/x.com\/EKOenergy_","https:\/\/www.instagram.com\/ekoenergy\/","https:\/\/www.linkedin.com\/company\/ekoenergy-ecolabel\/","https:\/\/www.youtube.com\/EKOenergy-ecolabel","https:\/\/en.wikipedia.org\/wiki\/EKOenergy"]}]}},"uagb_featured_image_src":{"full":false,"thumbnail":false,"medium":false,"medium_large":false,"large":false,"1536x1536":false,"2048x2048":false},"uagb_author_info":{"display_name":"EKOenergy ecolabel","author_link":"https:\/\/www.ekoenergy.org\/lt\/author\/ekoenergy\/"},"uagb_comment_info":0,"uagb_excerpt":"EKO-Sofia, a comic about the energy transition This story follows the fight between a coal company, Fossilia, and a renewable energy producer, SunBeam. The omnipotent Fossilia plans to build a new coal power plant on Barton Meadow. Yet they aren&#8217;t the only ones interested in the area: with SunBeam wanting to build a wind farm&hellip;","_links":{"self":[{"href":"https:\/\/www.ekoenergy.org\/lt\/wp-json\/wp\/v2\/pages\/3348","targetHints":{"allow":["GET"]}}],"collection":[{"href":"https:\/\/www.ekoenergy.org\/lt\/wp-json\/wp\/v2\/pages"}],"about":[{"href":"https:\/\/www.ekoenergy.org\/lt\/wp-json\/wp\/v2\/types\/page"}],"author":[{"embeddable":true,"href":"https:\/\/www.ekoenergy.org\/lt\/wp-json\/wp\/v2\/users\/17"}],"replies":[{"embeddable":true,"href":"https:\/\/www.ekoenergy.org\/lt\/wp-json\/wp\/v2\/comments?post=3348"}],"version-history":[{"count":3,"href":"https:\/\/www.ekoenergy.org\/lt\/wp-json\/wp\/v2\/pages\/3348\/revisions"}],"predecessor-version":[{"id":163783,"href":"https:\/\/www.ekoenergy.org\/lt\/wp-json\/wp\/v2\/pages\/3348\/revisions\/163783"}],"up":[{"embeddable":true,"href":"https:\/\/www.ekoenergy.org\/lt\/wp-json\/wp\/v2\/pages\/3432"}],"wp:attachment":[{"href":"https:\/\/www.ekoenergy.org\/lt\/wp-json\/wp\/v2\/media?parent=3348"}],"curies":[{"name":"wp","href":"https:\/\/api.w.org\/{rel}","templated":true}]}}