{"id":3945,"date":"2019-12-04T13:42:39","date_gmt":"2019-12-04T13:42:39","guid":{"rendered":"https:\/\/www.ekoenergy.org\/ecolabel\/how-to-sell-ekoenergy\/agreement\/"},"modified":"2020-01-28T19:55:55","modified_gmt":"2020-01-28T19:55:55","slug":"agreement","status":"publish","type":"page","link":"https:\/\/www.ekoenergy.org\/nl\/ecolabel\/how-to-sell-ekoenergy\/agreement\/","title":{"rendered":"Licentieovereenkomst"},"content":{"rendered":"\n<h1 class=\"wp-block-heading\">Onze licentieovereenkomst<\/h1>\n\n\n\n<p>Wil u energie (of Energy Attribute Certificates) met het EKOenergie-label verkopen? Dan moet u eerst de Licentieovereenkomst ondertekenen.  <\/p>\n\n\n\n<p>Stuur het ingevulde en ondertekende document naar het <a href=\"https:\/\/www.ekoenergy.org\/nl\/about-us\/contact-us\/\">EKOenergiesecretariaat<\/a>.  Van zodra de Licentiegever de overeenkomst ondertekend heeft krijgt u een elektronische kopie, en zullen we uw onderneming opnemen in  de <a href=\"https:\/\/www.ekoenergy.org\/nl\/buying-ekoenergy\/licensees\/\">lijst met licentiehouders<\/a>.<\/p>\n\n\n\n<p>Als u een papieren kopie wil van de Licentieovereenkomst (in plaats van een e-mail met een bijlage in pdf), stuur dan 2 ingevulde en ondertekende exemplaren van de Licentieovereenkomst naar ons Secretariaat.<\/p>\n\n\n\n<ul class=\"wp-block-list\"><li><a href=\"https:\/\/www.ekoenergy.org\/wp-content\/uploads\/EKOenergy_Licence_Agreement.pdf\" target=\"_blank\" rel=\"noreferrer noopener\" aria-label=\" (opens in a new tab)\">EKOenergy\u2019s Licence Agreement (English) <\/a>(pdf)<\/li><\/ul>\n\n\n\n<h2 class=\"wp-block-heading\">Licentieovereenkomst in andere talen<\/h2>\n\n\n\n<ul class=\"wp-block-list\"><li>CN: <a rel=\"noreferrer noopener\" aria-label=\" (opens in a new tab)\" href=\"https:\/\/www.ekoenergy.org\/wp-content\/uploads\/Licence-Agreement-Chinese.pdf\" target=\"_blank\">\u6388\u6743\u5408\u7ea6 \u2013 \u9488\u5bf9EKOenergy\u751f\u6001\u6807\u7b7e\u7684\u4f7f\u7528\u89c4\u5b9a<\/a> (pdf)<\/li><li>DE: <a rel=\"noreferrer noopener\" aria-label=\" (opens in a new tab)\" href=\"https:\/\/www.ekoenergy.org\/wp-content\/uploads\/Licence_agreement_German.pdf\" target=\"_blank\">Lizenzvereinbarung f\u00fcr den Gebrauch des EKOenergie-Labels<\/a> (pdf)<\/li><li>ES: <a rel=\"noreferrer noopener\" aria-label=\" (opens in a new tab)\" href=\"https:\/\/www.ekoenergy.org\/wp-content\/uploads\/EKOenergy-Agreement-Spanish.pdf\" target=\"_blank\">Contrato de Licencia para el uso de la etiqueta EKOenergy<\/a>&nbsp;(pdf)<\/li><li>FI:&nbsp;<a rel=\"noreferrer noopener\" aria-label=\" (opens in a new tab)\" href=\"https:\/\/www.ekoenergy.org\/wp-content\/uploads\/Licence_Agreement_Finnish.pdf\" target=\"_blank\">Lisenssisopimus EKOenergia-merkin k\u00e4yt\u00f6st\u00e4 liitteineen<\/a> (pdf)<\/li><li>FR: <a rel=\"noreferrer noopener\" href=\"https:\/\/www.ekoenergy.org\/wp-content\/uploads\/Licence-Agreement-French.pdf\" target=\"_blank\">Contrat de licence pour l\u2019utilisation du label EKO\u00e9nergie<\/a> (pdf)<\/li><li>IT: <a href=\"https:\/\/www.ekoenergy.org\/wp-content\/uploads\/Licence-Agreement-Italian.pdf\" target=\"_blank\" rel=\"noreferrer noopener\" aria-label=\" (opens in a new tab)\">Contratto di Licenza per l\u2019utilizzo del marchio EKOenergia<\/a> (pdf)<\/li><li>RU: <a rel=\"noreferrer noopener\" aria-label=\" (opens in a new tab)\" href=\"https:\/\/www.ekoenergy.org\/wp-content\/uploads\/EKOenergy_Licence_Agreement_Russian.pdf\" target=\"_blank\">\u041b\u0438\u0446\u0435\u043d\u0437\u0438\u043e\u043d\u043d\u043e\u0435 \u0441\u043e\u0433\u043b\u0430\u0448\u0435\u043d\u0438\u0435 \u043e\u0431 \u0438\u0441\u043f\u043e\u043b\u044c\u0437\u043e\u0432\u0430\u043d\u0438\u0438 \u043c\u0430\u0440\u043a\u0438\u0440\u043e\u0432\u043a\u0438 \u042d\u041a\u041e\u044d\u043d\u0435\u0440\u0433\u0438\u0438<\/a> (pdf)<\/li><\/ul>\n\n\n\n<h2 class=\"wp-block-heading\">Licentieovereenkomst voor zelf geproduceerde energie<\/h2>\n\n\n\n<p>Consumenten die jaarlijks zelf meer dan 1000 MWh hernieuwbare energie produceren en met ons label willen communiceren moeten onze licentieovereenkomst ondertekenen. <a href=\"https:\/\/www.ekoenergy.org\/nl\/about-us\/contact-us\/\">Contacteer ons<\/a> voor meer informatie. Zie ook de pagina met onze <a href=\"https:\/\/www.ekoenergy.org\/nl\/ecolabel\/criteria\/ppas-and-onsite-installations\/\">criteria voor on-site installaties<\/a>. <\/p>\n","protected":false},"excerpt":{"rendered":"<p>Onze licentieovereenkomst Wil u energie (of Energy Attribute Certificates) met het EKOenergie-label verkopen? Dan moet u eerst de Licentieovereenkomst ondertekenen. Stuur het ingevulde en ondertekende document naar het EKOenergiesecretariaat. Van zodra de Licentiegever de overeenkomst ondertekend heeft krijgt u een elektronische kopie, en zullen we uw onderneming opnemen in de lijst met licentiehouders. Als u [&hellip;]<\/p>\n","protected":false},"author":2,"featured_media":29056,"parent":3091,"menu_order":1,"comment_status":"closed","ping_status":"closed","template":"","meta":{"inline_featured_image":false,"_uag_custom_page_level_css":"","site-sidebar-layout":"default","site-content-layout":"default","ast-site-content-layout":"default","site-content-style":"default","site-sidebar-style":"default","ast-global-header-display":"","ast-banner-title-visibility":"","ast-main-header-display":"","ast-hfb-above-header-display":"","ast-hfb-below-header-display":"","ast-hfb-mobile-header-display":"","site-post-title":"disabled","ast-breadcrumbs-content":"","ast-featured-img":"","footer-sml-layout":"","ast-disable-related-posts":"","theme-transparent-header-meta":"default","adv-header-id-meta":"","stick-header-meta":"default","header-above-stick-meta":"","header-main-stick-meta":"","header-below-stick-meta":"","astra-migrate-meta-layouts":"default","ast-page-background-enabled":"default","ast-page-background-meta":{"desktop":{"background-color":"","background-image":"","background-repeat":"repeat","background-position":"center center","background-size":"auto","background-attachment":"scroll","background-type":"","background-media":"","overlay-type":"","overlay-color":"","overlay-opacity":"","overlay-gradient":""},"tablet":{"background-color":"","background-image":"","background-repeat":"repeat","background-position":"center center","background-size":"auto","background-attachment":"scroll","background-type":"","background-media":"","overlay-type":"","overlay-color":"","overlay-opacity":"","overlay-gradient":""},"mobile":{"background-color":"","background-image":"","background-repeat":"repeat","background-position":"center center","background-size":"auto","background-attachment":"scroll","background-type":"","background-media":"","overlay-type":"","overlay-color":"","overlay-opacity":"","overlay-gradient":""}},"ast-content-background-meta":{"desktop":{"background-color":"var(--ast-global-color-5)","background-image":"","background-repeat":"repeat","background-position":"center center","background-size":"auto","background-attachment":"scroll","background-type":"","background-media":"","overlay-type":"","overlay-color":"","overlay-opacity":"","overlay-gradient":""},"tablet":{"background-color":"var(--ast-global-color-5)","background-image":"","background-repeat":"repeat","background-position":"center center","background-size":"auto","background-attachment":"scroll","background-type":"","background-media":"","overlay-type":"","overlay-color":"","overlay-opacity":"","overlay-gradient":""},"mobile":{"background-color":"var(--ast-global-color-5)","background-image":"","background-repeat":"repeat","background-position":"center center","background-size":"auto","background-attachment":"scroll","background-type":"","background-media":"","overlay-type":"","overlay-color":"","overlay-opacity":"","overlay-gradient":""}},"footnotes":""},"class_list":["post-3945","page","type-page","status-publish","has-post-thumbnail","hentry"],"yoast_head":"<!-- This site is optimized with the Yoast SEO plugin v27.3 - https:\/\/yoast.com\/product\/yoast-seo-wordpress\/ -->\n<title>Licentieovereenkomst - EKOenergy ecolabel<\/title>\n<meta name=\"description\" content=\"On this page you find EKOenergy&#039;s Licence Agreement in various languages. Only energy companies that have signed this Agreement can offer EKOenergy.\" \/>\n<meta name=\"robots\" content=\"index, follow, max-snippet:-1, max-image-preview:large, max-video-preview:-1\" \/>\n<link rel=\"canonical\" href=\"https:\/\/www.ekoenergy.org\/nl\/ecolabel\/how-to-sell-ekoenergy\/agreement\/\" \/>\n<meta property=\"og:locale\" content=\"nl_NL\" \/>\n<meta property=\"og:type\" content=\"article\" \/>\n<meta property=\"og:title\" content=\"Licentieovereenkomst - EKOenergy ecolabel\" \/>\n<meta property=\"og:description\" content=\"On this page you find EKOenergy&#039;s Licence Agreement in various languages. Only energy companies that have signed this Agreement can offer EKOenergy.\" \/>\n<meta property=\"og:url\" content=\"https:\/\/www.ekoenergy.org\/nl\/ecolabel\/how-to-sell-ekoenergy\/agreement\/\" \/>\n<meta property=\"og:site_name\" content=\"EKOenergy ecolabel\" \/>\n<meta property=\"article:publisher\" content=\"https:\/\/www.facebook.com\/EKOenergy.ecolabel\/\" \/>\n<meta property=\"article:modified_time\" content=\"2020-01-28T19:55:55+00:00\" \/>\n<meta property=\"og:image\" content=\"https:\/\/www.ekoenergy.org\/wp-content\/uploads\/Featured-Signing-Agreement.jpg\" \/>\n\t<meta property=\"og:image:width\" content=\"1200\" \/>\n\t<meta property=\"og:image:height\" content=\"610\" \/>\n\t<meta property=\"og:image:type\" content=\"image\/jpeg\" \/>\n<meta name=\"twitter:card\" content=\"summary_large_image\" \/>\n<meta name=\"twitter:site\" content=\"@EKOenergy_\" \/>\n<meta name=\"twitter:label1\" content=\"Geschatte leestijd\" \/>\n\t<meta name=\"twitter:data1\" content=\"1 minuut\" \/>\n<script type=\"application\/ld+json\" class=\"yoast-schema-graph\">{\"@context\":\"https:\\\/\\\/schema.org\",\"@graph\":[{\"@type\":\"WebPage\",\"@id\":\"https:\\\/\\\/www.ekoenergy.org\\\/nl\\\/ecolabel\\\/how-to-sell-ekoenergy\\\/agreement\\\/\",\"url\":\"https:\\\/\\\/www.ekoenergy.org\\\/nl\\\/ecolabel\\\/how-to-sell-ekoenergy\\\/agreement\\\/\",\"name\":\"Licentieovereenkomst - EKOenergy ecolabel\",\"isPartOf\":{\"@id\":\"https:\\\/\\\/www.ekoenergy.org\\\/nl\\\/#website\"},\"primaryImageOfPage\":{\"@id\":\"https:\\\/\\\/www.ekoenergy.org\\\/nl\\\/ecolabel\\\/how-to-sell-ekoenergy\\\/agreement\\\/#primaryimage\"},\"image\":{\"@id\":\"https:\\\/\\\/www.ekoenergy.org\\\/nl\\\/ecolabel\\\/how-to-sell-ekoenergy\\\/agreement\\\/#primaryimage\"},\"thumbnailUrl\":\"https:\\\/\\\/www.ekoenergy.org\\\/wp-content\\\/uploads\\\/Featured-Signing-Agreement.jpg\",\"datePublished\":\"2019-12-04T13:42:39+00:00\",\"dateModified\":\"2020-01-28T19:55:55+00:00\",\"description\":\"On this page you find EKOenergy's Licence Agreement in various languages. Only energy companies that have signed this Agreement can offer EKOenergy.\",\"breadcrumb\":{\"@id\":\"https:\\\/\\\/www.ekoenergy.org\\\/nl\\\/ecolabel\\\/how-to-sell-ekoenergy\\\/agreement\\\/#breadcrumb\"},\"inLanguage\":\"nl-NL\",\"potentialAction\":[{\"@type\":\"ReadAction\",\"target\":[\"https:\\\/\\\/www.ekoenergy.org\\\/nl\\\/ecolabel\\\/how-to-sell-ekoenergy\\\/agreement\\\/\"]}]},{\"@type\":\"ImageObject\",\"inLanguage\":\"nl-NL\",\"@id\":\"https:\\\/\\\/www.ekoenergy.org\\\/nl\\\/ecolabel\\\/how-to-sell-ekoenergy\\\/agreement\\\/#primaryimage\",\"url\":\"https:\\\/\\\/www.ekoenergy.org\\\/wp-content\\\/uploads\\\/Featured-Signing-Agreement.jpg\",\"contentUrl\":\"https:\\\/\\\/www.ekoenergy.org\\\/wp-content\\\/uploads\\\/Featured-Signing-Agreement.jpg\",\"width\":1200,\"height\":610},{\"@type\":\"BreadcrumbList\",\"@id\":\"https:\\\/\\\/www.ekoenergy.org\\\/nl\\\/ecolabel\\\/how-to-sell-ekoenergy\\\/agreement\\\/#breadcrumb\",\"itemListElement\":[{\"@type\":\"ListItem\",\"position\":1,\"name\":\"Home\",\"item\":\"https:\\\/\\\/www.ekoenergy.org\\\/nl\\\/\"},{\"@type\":\"ListItem\",\"position\":2,\"name\":\"Ons ecolabel\",\"item\":\"https:\\\/\\\/www.ekoenergy.org\\\/nl\\\/ecolabel\\\/\"},{\"@type\":\"ListItem\",\"position\":3,\"name\":\"Hoe EKOenergie verkopen?\",\"item\":\"https:\\\/\\\/www.ekoenergy.org\\\/nl\\\/ecolabel\\\/how-to-sell-ekoenergy\\\/\"},{\"@type\":\"ListItem\",\"position\":4,\"name\":\"Licentieovereenkomst\"}]},{\"@type\":\"WebSite\",\"@id\":\"https:\\\/\\\/www.ekoenergy.org\\\/nl\\\/#website\",\"url\":\"https:\\\/\\\/www.ekoenergy.org\\\/nl\\\/\",\"name\":\"EKOenergy ecolabel\",\"description\":\"The global nonprofit ecolabel for renewable energy\",\"publisher\":{\"@id\":\"https:\\\/\\\/www.ekoenergy.org\\\/nl\\\/#organization\"},\"potentialAction\":[{\"@type\":\"SearchAction\",\"target\":{\"@type\":\"EntryPoint\",\"urlTemplate\":\"https:\\\/\\\/www.ekoenergy.org\\\/nl\\\/?s={search_term_string}\"},\"query-input\":{\"@type\":\"PropertyValueSpecification\",\"valueRequired\":true,\"valueName\":\"search_term_string\"}}],\"inLanguage\":\"nl-NL\"},{\"@type\":\"Organization\",\"@id\":\"https:\\\/\\\/www.ekoenergy.org\\\/nl\\\/#organization\",\"name\":\"Not-for-profit Organisation EKOenergy\",\"url\":\"https:\\\/\\\/www.ekoenergy.org\\\/nl\\\/\",\"logo\":{\"@type\":\"ImageObject\",\"inLanguage\":\"nl-NL\",\"@id\":\"https:\\\/\\\/www.ekoenergy.org\\\/nl\\\/#\\\/schema\\\/logo\\\/image\\\/\",\"url\":\"https:\\\/\\\/www.ekoenergy.org\\\/wp-content\\\/uploads\\\/logo-EKOenergy-no-text.jpg\",\"contentUrl\":\"https:\\\/\\\/www.ekoenergy.org\\\/wp-content\\\/uploads\\\/logo-EKOenergy-no-text.jpg\",\"width\":1600,\"height\":1600,\"caption\":\"Not-for-profit Organisation EKOenergy\"},\"image\":{\"@id\":\"https:\\\/\\\/www.ekoenergy.org\\\/nl\\\/#\\\/schema\\\/logo\\\/image\\\/\"},\"sameAs\":[\"https:\\\/\\\/www.facebook.com\\\/EKOenergy.ecolabel\\\/\",\"https:\\\/\\\/x.com\\\/EKOenergy_\",\"https:\\\/\\\/www.instagram.com\\\/ekoenergy\\\/\",\"https:\\\/\\\/www.linkedin.com\\\/company\\\/ekoenergy-ecolabel\\\/\",\"https:\\\/\\\/www.youtube.com\\\/EKOenergy-ecolabel\",\"https:\\\/\\\/en.wikipedia.org\\\/wiki\\\/EKOenergy\"]}]}<\/script>\n<!-- \/ Yoast SEO plugin. -->","yoast_head_json":{"title":"Licentieovereenkomst - EKOenergy ecolabel","description":"On this page you find EKOenergy's Licence Agreement in various languages. Only energy companies that have signed this Agreement can offer EKOenergy.","robots":{"index":"index","follow":"follow","max-snippet":"max-snippet:-1","max-image-preview":"max-image-preview:large","max-video-preview":"max-video-preview:-1"},"canonical":"https:\/\/www.ekoenergy.org\/nl\/ecolabel\/how-to-sell-ekoenergy\/agreement\/","og_locale":"nl_NL","og_type":"article","og_title":"Licentieovereenkomst - EKOenergy ecolabel","og_description":"On this page you find EKOenergy's Licence Agreement in various languages. Only energy companies that have signed this Agreement can offer EKOenergy.","og_url":"https:\/\/www.ekoenergy.org\/nl\/ecolabel\/how-to-sell-ekoenergy\/agreement\/","og_site_name":"EKOenergy ecolabel","article_publisher":"https:\/\/www.facebook.com\/EKOenergy.ecolabel\/","article_modified_time":"2020-01-28T19:55:55+00:00","og_image":[{"width":1200,"height":610,"url":"https:\/\/www.ekoenergy.org\/wp-content\/uploads\/Featured-Signing-Agreement.jpg","type":"image\/jpeg"}],"twitter_card":"summary_large_image","twitter_site":"@EKOenergy_","twitter_misc":{"Geschatte leestijd":"1 minuut"},"schema":{"@context":"https:\/\/schema.org","@graph":[{"@type":"WebPage","@id":"https:\/\/www.ekoenergy.org\/nl\/ecolabel\/how-to-sell-ekoenergy\/agreement\/","url":"https:\/\/www.ekoenergy.org\/nl\/ecolabel\/how-to-sell-ekoenergy\/agreement\/","name":"Licentieovereenkomst - EKOenergy ecolabel","isPartOf":{"@id":"https:\/\/www.ekoenergy.org\/nl\/#website"},"primaryImageOfPage":{"@id":"https:\/\/www.ekoenergy.org\/nl\/ecolabel\/how-to-sell-ekoenergy\/agreement\/#primaryimage"},"image":{"@id":"https:\/\/www.ekoenergy.org\/nl\/ecolabel\/how-to-sell-ekoenergy\/agreement\/#primaryimage"},"thumbnailUrl":"https:\/\/www.ekoenergy.org\/wp-content\/uploads\/Featured-Signing-Agreement.jpg","datePublished":"2019-12-04T13:42:39+00:00","dateModified":"2020-01-28T19:55:55+00:00","description":"On this page you find EKOenergy's Licence Agreement in various languages. Only energy companies that have signed this Agreement can offer EKOenergy.","breadcrumb":{"@id":"https:\/\/www.ekoenergy.org\/nl\/ecolabel\/how-to-sell-ekoenergy\/agreement\/#breadcrumb"},"inLanguage":"nl-NL","potentialAction":[{"@type":"ReadAction","target":["https:\/\/www.ekoenergy.org\/nl\/ecolabel\/how-to-sell-ekoenergy\/agreement\/"]}]},{"@type":"ImageObject","inLanguage":"nl-NL","@id":"https:\/\/www.ekoenergy.org\/nl\/ecolabel\/how-to-sell-ekoenergy\/agreement\/#primaryimage","url":"https:\/\/www.ekoenergy.org\/wp-content\/uploads\/Featured-Signing-Agreement.jpg","contentUrl":"https:\/\/www.ekoenergy.org\/wp-content\/uploads\/Featured-Signing-Agreement.jpg","width":1200,"height":610},{"@type":"BreadcrumbList","@id":"https:\/\/www.ekoenergy.org\/nl\/ecolabel\/how-to-sell-ekoenergy\/agreement\/#breadcrumb","itemListElement":[{"@type":"ListItem","position":1,"name":"Home","item":"https:\/\/www.ekoenergy.org\/nl\/"},{"@type":"ListItem","position":2,"name":"Ons ecolabel","item":"https:\/\/www.ekoenergy.org\/nl\/ecolabel\/"},{"@type":"ListItem","position":3,"name":"Hoe EKOenergie verkopen?","item":"https:\/\/www.ekoenergy.org\/nl\/ecolabel\/how-to-sell-ekoenergy\/"},{"@type":"ListItem","position":4,"name":"Licentieovereenkomst"}]},{"@type":"WebSite","@id":"https:\/\/www.ekoenergy.org\/nl\/#website","url":"https:\/\/www.ekoenergy.org\/nl\/","name":"EKOenergy ecolabel","description":"The global nonprofit ecolabel for renewable energy","publisher":{"@id":"https:\/\/www.ekoenergy.org\/nl\/#organization"},"potentialAction":[{"@type":"SearchAction","target":{"@type":"EntryPoint","urlTemplate":"https:\/\/www.ekoenergy.org\/nl\/?s={search_term_string}"},"query-input":{"@type":"PropertyValueSpecification","valueRequired":true,"valueName":"search_term_string"}}],"inLanguage":"nl-NL"},{"@type":"Organization","@id":"https:\/\/www.ekoenergy.org\/nl\/#organization","name":"Not-for-profit Organisation EKOenergy","url":"https:\/\/www.ekoenergy.org\/nl\/","logo":{"@type":"ImageObject","inLanguage":"nl-NL","@id":"https:\/\/www.ekoenergy.org\/nl\/#\/schema\/logo\/image\/","url":"https:\/\/www.ekoenergy.org\/wp-content\/uploads\/logo-EKOenergy-no-text.jpg","contentUrl":"https:\/\/www.ekoenergy.org\/wp-content\/uploads\/logo-EKOenergy-no-text.jpg","width":1600,"height":1600,"caption":"Not-for-profit Organisation EKOenergy"},"image":{"@id":"https:\/\/www.ekoenergy.org\/nl\/#\/schema\/logo\/image\/"},"sameAs":["https:\/\/www.facebook.com\/EKOenergy.ecolabel\/","https:\/\/x.com\/EKOenergy_","https:\/\/www.instagram.com\/ekoenergy\/","https:\/\/www.linkedin.com\/company\/ekoenergy-ecolabel\/","https:\/\/www.youtube.com\/EKOenergy-ecolabel","https:\/\/en.wikipedia.org\/wiki\/EKOenergy"]}]}},"uagb_featured_image_src":{"full":["https:\/\/www.ekoenergy.org\/wp-content\/uploads\/Featured-Signing-Agreement.jpg",1200,610,false],"thumbnail":["https:\/\/www.ekoenergy.org\/wp-content\/uploads\/Featured-Signing-Agreement-150x150.jpg",150,150,true],"medium":["https:\/\/www.ekoenergy.org\/wp-content\/uploads\/Featured-Signing-Agreement-320x163.jpg",320,163,true],"medium_large":["https:\/\/www.ekoenergy.org\/wp-content\/uploads\/Featured-Signing-Agreement-768x390.jpg",768,390,true],"large":["https:\/\/www.ekoenergy.org\/wp-content\/uploads\/Featured-Signing-Agreement-1024x521.jpg",1024,521,true],"1536x1536":["https:\/\/www.ekoenergy.org\/wp-content\/uploads\/Featured-Signing-Agreement.jpg",1200,610,false],"2048x2048":["https:\/\/www.ekoenergy.org\/wp-content\/uploads\/Featured-Signing-Agreement.jpg",1200,610,false]},"uagb_author_info":{"display_name":"Steven Vanholme","author_link":"https:\/\/www.ekoenergy.org\/nl\/author\/svanholme\/"},"uagb_comment_info":0,"uagb_excerpt":"Onze licentieovereenkomst Wil u energie (of Energy Attribute Certificates) met het EKOenergie-label verkopen? Dan moet u eerst de Licentieovereenkomst ondertekenen. Stuur het ingevulde en ondertekende document naar het EKOenergiesecretariaat. Van zodra de Licentiegever de overeenkomst ondertekend heeft krijgt u een elektronische kopie, en zullen we uw onderneming opnemen in de lijst met licentiehouders. Als u&hellip;","_links":{"self":[{"href":"https:\/\/www.ekoenergy.org\/nl\/wp-json\/wp\/v2\/pages\/3945","targetHints":{"allow":["GET"]}}],"collection":[{"href":"https:\/\/www.ekoenergy.org\/nl\/wp-json\/wp\/v2\/pages"}],"about":[{"href":"https:\/\/www.ekoenergy.org\/nl\/wp-json\/wp\/v2\/types\/page"}],"author":[{"embeddable":true,"href":"https:\/\/www.ekoenergy.org\/nl\/wp-json\/wp\/v2\/users\/2"}],"replies":[{"embeddable":true,"href":"https:\/\/www.ekoenergy.org\/nl\/wp-json\/wp\/v2\/comments?post=3945"}],"version-history":[{"count":8,"href":"https:\/\/www.ekoenergy.org\/nl\/wp-json\/wp\/v2\/pages\/3945\/revisions"}],"predecessor-version":[{"id":38939,"href":"https:\/\/www.ekoenergy.org\/nl\/wp-json\/wp\/v2\/pages\/3945\/revisions\/38939"}],"up":[{"embeddable":true,"href":"https:\/\/www.ekoenergy.org\/nl\/wp-json\/wp\/v2\/pages\/3091"}],"wp:featuredmedia":[{"embeddable":true,"href":"https:\/\/www.ekoenergy.org\/nl\/wp-json\/wp\/v2\/media\/29056"}],"wp:attachment":[{"href":"https:\/\/www.ekoenergy.org\/nl\/wp-json\/wp\/v2\/media?parent=3945"}],"curies":[{"name":"wp","href":"https:\/\/api.w.org\/{rel}","templated":true}]}}