{"id":100287,"date":"2021-08-11T18:05:27","date_gmt":"2021-08-11T15:05:27","guid":{"rendered":"https:\/\/www.ekoenergy.org\/?page_id=100287"},"modified":"2024-04-03T13:42:14","modified_gmt":"2024-04-03T10:42:14","slug":"governance-and-decision-making","status":"publish","type":"page","link":"https:\/\/www.ekoenergy.org\/pl\/about-us\/governance-and-decision-making\/","title":{"rendered":"Zarz\u0105dzanie"},"content":{"rendered":"\n<h2 class=\"wp-block-heading\">Inicjatywa non-profit organizacji pozarz\u0105dowych<\/h2>\n\n\n\n<figure class=\"wp-block-image alignright size-medium\"><img fetchpriority=\"high\" decoding=\"async\" width=\"320\" height=\"193\" src=\"https:\/\/www.ekoenergy.org\/wp-content\/uploads\/\/Meeting-Pixabay-RonaldCandonga-Featured-Image-Governance-320x193.jpg\" alt=\"\" class=\"wp-image-100404\" srcset=\"https:\/\/www.ekoenergy.org\/wp-content\/uploads\/Meeting-Pixabay-RonaldCandonga-Featured-Image-Governance-320x193.jpg 320w, https:\/\/www.ekoenergy.org\/wp-content\/uploads\/Meeting-Pixabay-RonaldCandonga-Featured-Image-Governance-1024x617.jpg 1024w, https:\/\/www.ekoenergy.org\/wp-content\/uploads\/Meeting-Pixabay-RonaldCandonga-Featured-Image-Governance-768x463.jpg 768w, https:\/\/www.ekoenergy.org\/wp-content\/uploads\/Meeting-Pixabay-RonaldCandonga-Featured-Image-Governance.jpg 1280w\" sizes=\"(max-width: 320px) 100vw, 320px\" \/><\/figure>\n\n\n\n<p>EKOenergy jest mi\u0119dzynarodow\u0105 inicjatyw\u0105 Fi\u0144skiego Stowarzyszenia non-profit na Rzecz Ochrony \u015arodowiska (<a href=\"https:\/\/www.sll.fi\/en\" target=\"_blank\" rel=\"noreferrer noopener\">Finnish Association for Nature Conservation<\/a>) i rozwijana oraz zarz\u0105dzana we wsp\u00f3\u0142pracy z wieloma innymi organizacjami ekologicznymi. Fi\u0144skie Stowarzyszenie Ochrony Przyrody jest najwi\u0119ksz\u0105 organizacj\u0105 pozarz\u0105dow\u0105 dzia\u0142aj\u0105c\u0105 na rzecz ochrony \u015brodowiska w Finlandii.<\/p>\n\n\n\n<p>EKOenergy wsp\u00f3\u0142pracuje blisko z organizacjami mi\u0119dzynarodowymi, takimi jak Climate Action Network International, Climate Action Network Europe, EEB i IRENA Coalition for Action.<\/p>\n\n\n\n<h2 class=\"wp-block-heading\">Proces podejmowania decyzji<\/h2>\n\n\n\n<p>Decyzje dotycz\u0105ce kryteri\u00f3w EKOenergy oraz dotycz\u0105ce Funduszu Klimatycznego i Funduszu \u015arodowiskowego EKOenergy:<\/p>\n\n\n\n<ul class=\"wp-block-list\">\n<li>S\u0105 oparte na konsultacjach ze wszystkimi istotnymi grupami interesariuszy.<\/li>\n\n\n\n<li>S\u0105 podejmowane przez Grup\u0119 Steruj\u0105c\u0105 EKOenergy, kt\u00f3ra jest powo\u0142ywana przez Zarz\u0105d Fi\u0144skiego Stowarzyszenia Ochrony Przyrody.<\/li>\n\n\n\n<li>Wchodz\u0105 w \u017cycie po zatwierdzeniu przez Mi\u0119dzynarodowy Zarz\u0105d EKOenergy, kt\u00f3ry sk\u0142ada si\u0119 z organizacji pozarz\u0105dowych, jak opisano w rozdziale 3 dokumentu EKOenergy &#8211; Struktura zarz\u0105dzania i kryteria dla energii elektrycznej. (<a href=\"https:\/\/www.ekoenergy.org\/pl\/ecolabel\/criteria\/electricity\/\">EKOenergy &#8211; Governance structure and criteria for electricity<\/a>).<\/li>\n<\/ul>\n\n\n\n<p>Organizacje, kt\u00f3re maj\u0105 prawo g\u0142osu w Mi\u0119dzynarodowym Zarz\u0105dzie EKOenergy, obejmuj\u0105 obecnie:<\/p>\n\n\n\n<ul class=\"wp-block-list\">\n<li>Bariq 21, Algieria<\/li>\n\n\n\n<li>Bluelink, Bu\u0142garia<\/li>\n\n\n\n<li>Center for sustainability and advanced education, Macedonia P\u00f3\u0142nocna<\/li>\n\n\n\n<li>Ecocity, Grecja<\/li>\n\n\n\n<li>Ecoserveis, Hiszpania<\/li>\n\n\n\n<li>Estonian Fund for Nature, Estonia<\/li>\n\n\n\n<li>Energiaklub, W\u0119gry<\/li>\n\n\n\n<li>Good Energies Alliance Ireland, Irlandia<\/li>\n\n\n\n<li>Institute for Environmental Policy, Albania<\/li>\n\n\n\n<li>Institute for Nature Conservation in Albania, Albania<\/li>\n\n\n\n<li>KADOS, Turcja<\/li>\n\n\n\n<li>Latvian Fund for Nature (LDF), \u0141otwa<\/li>\n\n\n\n<li>National Energy Foundation, Wielka Brytania<\/li>\n\n\n\n<li>Observ\u2019ER, Francja<\/li>\n\n\n\n<li>Prijatelji prirode Eko Element, Bo\u015bnia i Hercegowina<\/li>\n\n\n\n<li>Quercus, Portugalia<\/li>\n\n\n\n<li>Spectri, Gruzja<\/li>\n\n\n\n<li>Terre des Jeunes Nord-Ouest Cameroun, Kamerun<\/li>\n\n\n\n<li>Vindhyan Ecology and Natural History Foundation, Indie<\/li>\n\n\n\n<li>Wise, Holandia<\/li>\n\n\n\n<li>Za\u013c\u0101 br\u012bv\u012bba \u2013 Green Liberty, \u0141otwa<\/li>\n<\/ul>\n\n\n\n<p>Przygotowuj\u0105c decyzje, aktywnie anga\u017cujemy ekspert\u00f3w o r\u00f3\u017cnym do\u015bwiadczeniu. Opr\u00f3cz naszej og\u00f3lnej Grupy Doradczej, mamy r\u00f3wnie\u017c panel ekspert\u00f3w do wyboru projekt\u00f3w w Funduszu Klimatycznym, panel ekspert\u00f3w do wyboru projekt\u00f3w w Funduszu \u015arodowiskowym oraz czasowe grupy robocze do zajmowania si\u0119 konkretnymi tematami.<\/p>\n\n\n\n<p>Je\u015bli chcesz do\u0142\u0105czy\u0107 do jednej z naszych rad doradczych, prosimy o kontakt pod adresem <a href=\"mailto:info@ekoenergy.org\" target=\"_blank\" rel=\"noreferrer noopener\">info@ekoenergy.org<\/a>.<\/p>\n\n\n\n<h2 class=\"wp-block-heading\">Sekretariat i administracja<\/h2>\n\n\n\n<p><a href=\"https:\/\/www.ekoenergy.org\/pl\/about-us\/contact-us\/\">Sekretariat EKOenergy<\/a> dzia\u0142a w ramach Wydzia\u0142u Polityki Ochrony \u015arodowiska Fi\u0144skiego Stowarzyszenia na Rzecz Ochrony \u015arodowiska. Nasza ksi\u0119gowo\u015b\u0107 jest cz\u0119\u015bci\u0105 ksi\u0119gowo\u015bci Fi\u0144skiego Stowarzyszenia na Rzecz Ochrony \u015arodowiska i jest corocznie audytowana przez zewn\u0119trznych ksi\u0119gowych.<\/p>\n","protected":false},"excerpt":{"rendered":"<p>Inicjatywa non-profit organizacji pozarz\u0105dowych EKOenergy jest mi\u0119dzynarodow\u0105 inicjatyw\u0105 Fi\u0144skiego Stowarzyszenia non-profit na Rzecz Ochrony \u015arodowiska (Finnish Association for Nature Conservation) i rozwijana oraz zarz\u0105dzana we wsp\u00f3\u0142pracy z wieloma innymi organizacjami ekologicznymi. Fi\u0144skie Stowarzyszenie Ochrony Przyrody jest najwi\u0119ksz\u0105 organizacj\u0105 pozarz\u0105dow\u0105 dzia\u0142aj\u0105c\u0105 na rzecz ochrony \u015brodowiska w Finlandii. EKOenergy wsp\u00f3\u0142pracuje blisko z organizacjami mi\u0119dzynarodowymi, takimi jak Climate [&hellip;]<\/p>\n","protected":false},"author":2,"featured_media":100417,"parent":2541,"menu_order":2,"comment_status":"closed","ping_status":"closed","template":"","meta":{"inline_featured_image":false,"_uag_custom_page_level_css":"","site-sidebar-layout":"default","site-content-layout":"default","ast-site-content-layout":"default","site-content-style":"default","site-sidebar-style":"default","ast-global-header-display":"","ast-banner-title-visibility":"","ast-main-header-display":"","ast-hfb-above-header-display":"","ast-hfb-below-header-display":"","ast-hfb-mobile-header-display":"","site-post-title":"","ast-breadcrumbs-content":"","ast-featured-img":"","footer-sml-layout":"","ast-disable-related-posts":"","theme-transparent-header-meta":"default","adv-header-id-meta":"","stick-header-meta":"default","header-above-stick-meta":"","header-main-stick-meta":"","header-below-stick-meta":"","astra-migrate-meta-layouts":"default","ast-page-background-enabled":"default","ast-page-background-meta":{"desktop":{"background-color":"","background-image":"","background-repeat":"repeat","background-position":"center center","background-size":"auto","background-attachment":"scroll","background-type":"","background-media":"","overlay-type":"","overlay-color":"","overlay-opacity":"","overlay-gradient":""},"tablet":{"background-color":"","background-image":"","background-repeat":"repeat","background-position":"center center","background-size":"auto","background-attachment":"scroll","background-type":"","background-media":"","overlay-type":"","overlay-color":"","overlay-opacity":"","overlay-gradient":""},"mobile":{"background-color":"","background-image":"","background-repeat":"repeat","background-position":"center center","background-size":"auto","background-attachment":"scroll","background-type":"","background-media":"","overlay-type":"","overlay-color":"","overlay-opacity":"","overlay-gradient":""}},"ast-content-background-meta":{"desktop":{"background-color":"var(--ast-global-color-5)","background-image":"","background-repeat":"repeat","background-position":"center center","background-size":"auto","background-attachment":"scroll","background-type":"","background-media":"","overlay-type":"","overlay-color":"","overlay-opacity":"","overlay-gradient":""},"tablet":{"background-color":"var(--ast-global-color-5)","background-image":"","background-repeat":"repeat","background-position":"center center","background-size":"auto","background-attachment":"scroll","background-type":"","background-media":"","overlay-type":"","overlay-color":"","overlay-opacity":"","overlay-gradient":""},"mobile":{"background-color":"var(--ast-global-color-5)","background-image":"","background-repeat":"repeat","background-position":"center center","background-size":"auto","background-attachment":"scroll","background-type":"","background-media":"","overlay-type":"","overlay-color":"","overlay-opacity":"","overlay-gradient":""}},"footnotes":""},"class_list":["post-100287","page","type-page","status-publish","has-post-thumbnail","hentry"],"yoast_head":"<!-- This site is optimized with the Yoast SEO plugin v27.3 - https:\/\/yoast.com\/product\/yoast-seo-wordpress\/ -->\n<title>Zarz\u0105dzanie - EKOenergy ecolabel<\/title>\n<meta name=\"description\" content=\"EKOenergy jest mi\u0119dzynarodow\u0105 inicjatyw\u0105 non-profit Fi\u0144skiego Stowarzyszenia ma Rzecz Ochrony \u015arodowiska.\" \/>\n<meta name=\"robots\" content=\"index, follow, max-snippet:-1, max-image-preview:large, max-video-preview:-1\" \/>\n<link rel=\"canonical\" href=\"https:\/\/www.ekoenergy.org\/pl\/about-us\/governance-and-decision-making\/\" \/>\n<meta property=\"og:locale\" content=\"pl_PL\" \/>\n<meta property=\"og:type\" content=\"article\" \/>\n<meta property=\"og:title\" content=\"Zarz\u0105dzanie - EKOenergy ecolabel\" \/>\n<meta property=\"og:description\" content=\"EKOenergy jest mi\u0119dzynarodow\u0105 inicjatyw\u0105 non-profit Fi\u0144skiego Stowarzyszenia ma Rzecz Ochrony \u015arodowiska.\" \/>\n<meta property=\"og:url\" content=\"https:\/\/www.ekoenergy.org\/pl\/about-us\/governance-and-decision-making\/\" \/>\n<meta property=\"og:site_name\" content=\"EKOenergy ecolabel\" \/>\n<meta property=\"article:publisher\" content=\"https:\/\/www.facebook.com\/EKOenergy.ecolabel\/\" \/>\n<meta property=\"article:modified_time\" content=\"2024-04-03T10:42:14+00:00\" \/>\n<meta property=\"og:image\" content=\"https:\/\/www.ekoenergy.org\/wp-content\/uploads\/Meeting-Pixabay-RonaldCandonga-Featured-Image-Governance.jpg\" \/>\n\t<meta property=\"og:image:width\" content=\"1280\" \/>\n\t<meta property=\"og:image:height\" content=\"771\" \/>\n\t<meta property=\"og:image:type\" content=\"image\/jpeg\" \/>\n<meta name=\"twitter:card\" content=\"summary_large_image\" \/>\n<meta name=\"twitter:site\" content=\"@EKOenergy_\" \/>\n<meta name=\"twitter:label1\" content=\"Szacowany czas czytania\" \/>\n\t<meta name=\"twitter:data1\" content=\"2 minuty\" \/>\n<script type=\"application\/ld+json\" class=\"yoast-schema-graph\">{\"@context\":\"https:\\\/\\\/schema.org\",\"@graph\":[{\"@type\":\"WebPage\",\"@id\":\"https:\\\/\\\/www.ekoenergy.org\\\/pl\\\/about-us\\\/governance-and-decision-making\\\/\",\"url\":\"https:\\\/\\\/www.ekoenergy.org\\\/pl\\\/about-us\\\/governance-and-decision-making\\\/\",\"name\":\"Zarz\u0105dzanie - EKOenergy ecolabel\",\"isPartOf\":{\"@id\":\"https:\\\/\\\/www.ekoenergy.org\\\/pl\\\/#website\"},\"primaryImageOfPage\":{\"@id\":\"https:\\\/\\\/www.ekoenergy.org\\\/pl\\\/about-us\\\/governance-and-decision-making\\\/#primaryimage\"},\"image\":{\"@id\":\"https:\\\/\\\/www.ekoenergy.org\\\/pl\\\/about-us\\\/governance-and-decision-making\\\/#primaryimage\"},\"thumbnailUrl\":\"https:\\\/\\\/www.ekoenergy.org\\\/wp-content\\\/uploads\\\/Meeting-Pixabay-RonaldCandonga-Featured-Image-Governance.jpg\",\"datePublished\":\"2021-08-11T15:05:27+00:00\",\"dateModified\":\"2024-04-03T10:42:14+00:00\",\"description\":\"EKOenergy jest mi\u0119dzynarodow\u0105 inicjatyw\u0105 non-profit Fi\u0144skiego Stowarzyszenia ma Rzecz Ochrony \u015arodowiska.\",\"breadcrumb\":{\"@id\":\"https:\\\/\\\/www.ekoenergy.org\\\/pl\\\/about-us\\\/governance-and-decision-making\\\/#breadcrumb\"},\"inLanguage\":\"pl-PL\",\"potentialAction\":[{\"@type\":\"ReadAction\",\"target\":[\"https:\\\/\\\/www.ekoenergy.org\\\/pl\\\/about-us\\\/governance-and-decision-making\\\/\"]}]},{\"@type\":\"ImageObject\",\"inLanguage\":\"pl-PL\",\"@id\":\"https:\\\/\\\/www.ekoenergy.org\\\/pl\\\/about-us\\\/governance-and-decision-making\\\/#primaryimage\",\"url\":\"https:\\\/\\\/www.ekoenergy.org\\\/wp-content\\\/uploads\\\/Meeting-Pixabay-RonaldCandonga-Featured-Image-Governance.jpg\",\"contentUrl\":\"https:\\\/\\\/www.ekoenergy.org\\\/wp-content\\\/uploads\\\/Meeting-Pixabay-RonaldCandonga-Featured-Image-Governance.jpg\",\"width\":1280,\"height\":771},{\"@type\":\"BreadcrumbList\",\"@id\":\"https:\\\/\\\/www.ekoenergy.org\\\/pl\\\/about-us\\\/governance-and-decision-making\\\/#breadcrumb\",\"itemListElement\":[{\"@type\":\"ListItem\",\"position\":1,\"name\":\"Home\",\"item\":\"https:\\\/\\\/www.ekoenergy.org\\\/pl\\\/\"},{\"@type\":\"ListItem\",\"position\":2,\"name\":\"O nas\",\"item\":\"https:\\\/\\\/www.ekoenergy.org\\\/pl\\\/about-us\\\/\"},{\"@type\":\"ListItem\",\"position\":3,\"name\":\"Zarz\u0105dzanie\"}]},{\"@type\":\"WebSite\",\"@id\":\"https:\\\/\\\/www.ekoenergy.org\\\/pl\\\/#website\",\"url\":\"https:\\\/\\\/www.ekoenergy.org\\\/pl\\\/\",\"name\":\"EKOenergy ecolabel\",\"description\":\"The global nonprofit ecolabel for renewable energy\",\"publisher\":{\"@id\":\"https:\\\/\\\/www.ekoenergy.org\\\/pl\\\/#organization\"},\"potentialAction\":[{\"@type\":\"SearchAction\",\"target\":{\"@type\":\"EntryPoint\",\"urlTemplate\":\"https:\\\/\\\/www.ekoenergy.org\\\/pl\\\/?s={search_term_string}\"},\"query-input\":{\"@type\":\"PropertyValueSpecification\",\"valueRequired\":true,\"valueName\":\"search_term_string\"}}],\"inLanguage\":\"pl-PL\"},{\"@type\":\"Organization\",\"@id\":\"https:\\\/\\\/www.ekoenergy.org\\\/pl\\\/#organization\",\"name\":\"Not-for-profit Organisation EKOenergy\",\"url\":\"https:\\\/\\\/www.ekoenergy.org\\\/pl\\\/\",\"logo\":{\"@type\":\"ImageObject\",\"inLanguage\":\"pl-PL\",\"@id\":\"https:\\\/\\\/www.ekoenergy.org\\\/pl\\\/#\\\/schema\\\/logo\\\/image\\\/\",\"url\":\"https:\\\/\\\/www.ekoenergy.org\\\/wp-content\\\/uploads\\\/logo-EKOenergy-no-text.jpg\",\"contentUrl\":\"https:\\\/\\\/www.ekoenergy.org\\\/wp-content\\\/uploads\\\/logo-EKOenergy-no-text.jpg\",\"width\":1600,\"height\":1600,\"caption\":\"Not-for-profit Organisation EKOenergy\"},\"image\":{\"@id\":\"https:\\\/\\\/www.ekoenergy.org\\\/pl\\\/#\\\/schema\\\/logo\\\/image\\\/\"},\"sameAs\":[\"https:\\\/\\\/www.facebook.com\\\/EKOenergy.ecolabel\\\/\",\"https:\\\/\\\/x.com\\\/EKOenergy_\",\"https:\\\/\\\/www.instagram.com\\\/ekoenergy\\\/\",\"https:\\\/\\\/www.linkedin.com\\\/company\\\/ekoenergy-ecolabel\\\/\",\"https:\\\/\\\/www.youtube.com\\\/EKOenergy-ecolabel\",\"https:\\\/\\\/en.wikipedia.org\\\/wiki\\\/EKOenergy\"]}]}<\/script>\n<!-- \/ Yoast SEO plugin. -->","yoast_head_json":{"title":"Zarz\u0105dzanie - EKOenergy ecolabel","description":"EKOenergy jest mi\u0119dzynarodow\u0105 inicjatyw\u0105 non-profit Fi\u0144skiego Stowarzyszenia ma Rzecz Ochrony \u015arodowiska.","robots":{"index":"index","follow":"follow","max-snippet":"max-snippet:-1","max-image-preview":"max-image-preview:large","max-video-preview":"max-video-preview:-1"},"canonical":"https:\/\/www.ekoenergy.org\/pl\/about-us\/governance-and-decision-making\/","og_locale":"pl_PL","og_type":"article","og_title":"Zarz\u0105dzanie - EKOenergy ecolabel","og_description":"EKOenergy jest mi\u0119dzynarodow\u0105 inicjatyw\u0105 non-profit Fi\u0144skiego Stowarzyszenia ma Rzecz Ochrony \u015arodowiska.","og_url":"https:\/\/www.ekoenergy.org\/pl\/about-us\/governance-and-decision-making\/","og_site_name":"EKOenergy ecolabel","article_publisher":"https:\/\/www.facebook.com\/EKOenergy.ecolabel\/","article_modified_time":"2024-04-03T10:42:14+00:00","og_image":[{"width":1280,"height":771,"url":"https:\/\/www.ekoenergy.org\/wp-content\/uploads\/Meeting-Pixabay-RonaldCandonga-Featured-Image-Governance.jpg","type":"image\/jpeg"}],"twitter_card":"summary_large_image","twitter_site":"@EKOenergy_","twitter_misc":{"Szacowany czas czytania":"2 minuty"},"schema":{"@context":"https:\/\/schema.org","@graph":[{"@type":"WebPage","@id":"https:\/\/www.ekoenergy.org\/pl\/about-us\/governance-and-decision-making\/","url":"https:\/\/www.ekoenergy.org\/pl\/about-us\/governance-and-decision-making\/","name":"Zarz\u0105dzanie - EKOenergy ecolabel","isPartOf":{"@id":"https:\/\/www.ekoenergy.org\/pl\/#website"},"primaryImageOfPage":{"@id":"https:\/\/www.ekoenergy.org\/pl\/about-us\/governance-and-decision-making\/#primaryimage"},"image":{"@id":"https:\/\/www.ekoenergy.org\/pl\/about-us\/governance-and-decision-making\/#primaryimage"},"thumbnailUrl":"https:\/\/www.ekoenergy.org\/wp-content\/uploads\/Meeting-Pixabay-RonaldCandonga-Featured-Image-Governance.jpg","datePublished":"2021-08-11T15:05:27+00:00","dateModified":"2024-04-03T10:42:14+00:00","description":"EKOenergy jest mi\u0119dzynarodow\u0105 inicjatyw\u0105 non-profit Fi\u0144skiego Stowarzyszenia ma Rzecz Ochrony \u015arodowiska.","breadcrumb":{"@id":"https:\/\/www.ekoenergy.org\/pl\/about-us\/governance-and-decision-making\/#breadcrumb"},"inLanguage":"pl-PL","potentialAction":[{"@type":"ReadAction","target":["https:\/\/www.ekoenergy.org\/pl\/about-us\/governance-and-decision-making\/"]}]},{"@type":"ImageObject","inLanguage":"pl-PL","@id":"https:\/\/www.ekoenergy.org\/pl\/about-us\/governance-and-decision-making\/#primaryimage","url":"https:\/\/www.ekoenergy.org\/wp-content\/uploads\/Meeting-Pixabay-RonaldCandonga-Featured-Image-Governance.jpg","contentUrl":"https:\/\/www.ekoenergy.org\/wp-content\/uploads\/Meeting-Pixabay-RonaldCandonga-Featured-Image-Governance.jpg","width":1280,"height":771},{"@type":"BreadcrumbList","@id":"https:\/\/www.ekoenergy.org\/pl\/about-us\/governance-and-decision-making\/#breadcrumb","itemListElement":[{"@type":"ListItem","position":1,"name":"Home","item":"https:\/\/www.ekoenergy.org\/pl\/"},{"@type":"ListItem","position":2,"name":"O nas","item":"https:\/\/www.ekoenergy.org\/pl\/about-us\/"},{"@type":"ListItem","position":3,"name":"Zarz\u0105dzanie"}]},{"@type":"WebSite","@id":"https:\/\/www.ekoenergy.org\/pl\/#website","url":"https:\/\/www.ekoenergy.org\/pl\/","name":"EKOenergy ecolabel","description":"The global nonprofit ecolabel for renewable energy","publisher":{"@id":"https:\/\/www.ekoenergy.org\/pl\/#organization"},"potentialAction":[{"@type":"SearchAction","target":{"@type":"EntryPoint","urlTemplate":"https:\/\/www.ekoenergy.org\/pl\/?s={search_term_string}"},"query-input":{"@type":"PropertyValueSpecification","valueRequired":true,"valueName":"search_term_string"}}],"inLanguage":"pl-PL"},{"@type":"Organization","@id":"https:\/\/www.ekoenergy.org\/pl\/#organization","name":"Not-for-profit Organisation EKOenergy","url":"https:\/\/www.ekoenergy.org\/pl\/","logo":{"@type":"ImageObject","inLanguage":"pl-PL","@id":"https:\/\/www.ekoenergy.org\/pl\/#\/schema\/logo\/image\/","url":"https:\/\/www.ekoenergy.org\/wp-content\/uploads\/logo-EKOenergy-no-text.jpg","contentUrl":"https:\/\/www.ekoenergy.org\/wp-content\/uploads\/logo-EKOenergy-no-text.jpg","width":1600,"height":1600,"caption":"Not-for-profit Organisation EKOenergy"},"image":{"@id":"https:\/\/www.ekoenergy.org\/pl\/#\/schema\/logo\/image\/"},"sameAs":["https:\/\/www.facebook.com\/EKOenergy.ecolabel\/","https:\/\/x.com\/EKOenergy_","https:\/\/www.instagram.com\/ekoenergy\/","https:\/\/www.linkedin.com\/company\/ekoenergy-ecolabel\/","https:\/\/www.youtube.com\/EKOenergy-ecolabel","https:\/\/en.wikipedia.org\/wiki\/EKOenergy"]}]}},"uagb_featured_image_src":{"full":["https:\/\/www.ekoenergy.org\/wp-content\/uploads\/Meeting-Pixabay-RonaldCandonga-Featured-Image-Governance.jpg",1280,771,false],"thumbnail":["https:\/\/www.ekoenergy.org\/wp-content\/uploads\/Meeting-Pixabay-RonaldCandonga-Featured-Image-Governance-150x150.jpg",150,150,true],"medium":["https:\/\/www.ekoenergy.org\/wp-content\/uploads\/Meeting-Pixabay-RonaldCandonga-Featured-Image-Governance-320x193.jpg",320,193,true],"medium_large":["https:\/\/www.ekoenergy.org\/wp-content\/uploads\/Meeting-Pixabay-RonaldCandonga-Featured-Image-Governance-768x463.jpg",768,463,true],"large":["https:\/\/www.ekoenergy.org\/wp-content\/uploads\/Meeting-Pixabay-RonaldCandonga-Featured-Image-Governance-1024x617.jpg",1024,617,true],"1536x1536":["https:\/\/www.ekoenergy.org\/wp-content\/uploads\/Meeting-Pixabay-RonaldCandonga-Featured-Image-Governance.jpg",1280,771,false],"2048x2048":["https:\/\/www.ekoenergy.org\/wp-content\/uploads\/Meeting-Pixabay-RonaldCandonga-Featured-Image-Governance.jpg",1280,771,false]},"uagb_author_info":{"display_name":"Steven Vanholme","author_link":"https:\/\/www.ekoenergy.org\/pl\/author\/svanholme\/"},"uagb_comment_info":0,"uagb_excerpt":"Inicjatywa non-profit organizacji pozarz\u0105dowych EKOenergy jest mi\u0119dzynarodow\u0105 inicjatyw\u0105 Fi\u0144skiego Stowarzyszenia non-profit na Rzecz Ochrony \u015arodowiska (Finnish Association for Nature Conservation) i rozwijana oraz zarz\u0105dzana we wsp\u00f3\u0142pracy z wieloma innymi organizacjami ekologicznymi. Fi\u0144skie Stowarzyszenie Ochrony Przyrody jest najwi\u0119ksz\u0105 organizacj\u0105 pozarz\u0105dow\u0105 dzia\u0142aj\u0105c\u0105 na rzecz ochrony \u015brodowiska w Finlandii. EKOenergy wsp\u00f3\u0142pracuje blisko z organizacjami mi\u0119dzynarodowymi, takimi jak Climate&hellip;","_links":{"self":[{"href":"https:\/\/www.ekoenergy.org\/pl\/wp-json\/wp\/v2\/pages\/100287","targetHints":{"allow":["GET"]}}],"collection":[{"href":"https:\/\/www.ekoenergy.org\/pl\/wp-json\/wp\/v2\/pages"}],"about":[{"href":"https:\/\/www.ekoenergy.org\/pl\/wp-json\/wp\/v2\/types\/page"}],"author":[{"embeddable":true,"href":"https:\/\/www.ekoenergy.org\/pl\/wp-json\/wp\/v2\/users\/2"}],"replies":[{"embeddable":true,"href":"https:\/\/www.ekoenergy.org\/pl\/wp-json\/wp\/v2\/comments?post=100287"}],"version-history":[{"count":3,"href":"https:\/\/www.ekoenergy.org\/pl\/wp-json\/wp\/v2\/pages\/100287\/revisions"}],"predecessor-version":[{"id":159879,"href":"https:\/\/www.ekoenergy.org\/pl\/wp-json\/wp\/v2\/pages\/100287\/revisions\/159879"}],"up":[{"embeddable":true,"href":"https:\/\/www.ekoenergy.org\/pl\/wp-json\/wp\/v2\/pages\/2541"}],"wp:featuredmedia":[{"embeddable":true,"href":"https:\/\/www.ekoenergy.org\/pl\/wp-json\/wp\/v2\/media\/100417"}],"wp:attachment":[{"href":"https:\/\/www.ekoenergy.org\/pl\/wp-json\/wp\/v2\/media?parent=100287"}],"curies":[{"name":"wp","href":"https:\/\/api.w.org\/{rel}","templated":true}]}}